{"id":44891,"date":"2026-02-14T14:39:57","date_gmt":"2026-02-14T14:39:57","guid":{"rendered":"https:\/\/anadolupet.com.tr\/?post_type=product&#038;p=44891"},"modified":"2026-02-23T12:48:07","modified_gmt":"2026-02-23T12:48:07","slug":"eheim-fix-dis-filtre-malzemesi-1l","status":"publish","type":"product","link":"https:\/\/anadolupet.com.tr\/en\/urun\/eheim-fix-dis-filtre-malzemesi-1l\/","title":{"rendered":"EHEIM Fix D\u0131\u015f Filtre Malzemesi 1l"},"content":{"rendered":"","protected":false},"excerpt":{"rendered":"<p>EHEIM FIX, akvaryum filtrenizde mekanik ve biyolojik filtre katmanlar\u0131 aras\u0131nda ideal ay\u0131r\u0131c\u0131 malzeme olarak kullan\u0131l\u0131r. \u00d6zel formu sayesinde b\u00fcy\u00fck kir par\u00e7ac\u0131klar\u0131n\u0131 etkili \u015fekilde yakalar ve suyun biyolojik filtre katmanlar\u0131na temizlenmi\u015f \u015fekilde ula\u015fmas\u0131n\u0131 sa\u011flar. B\u00f6ylece filtre performans\u0131 artar ve akvaryum suyunun daha uzun s\u00fcre temiz kalmas\u0131na yard\u0131mc\u0131 olur.<br \/>\nEHEIM FIX, EHEIM MECH veya MECHpro katman\u0131ndan sonra kullan\u0131ld\u0131\u011f\u0131nda en y\u00fcksek verimi sa\u011flar. Tatl\u0131 su ve deniz suyu akvaryumlar\u0131nda kullan\u0131labilir. Ayr\u0131ca EHEIM d\u0131\u015f filtreler i\u00e7in EHEIM kaba filtre pedleri ile ayn\u0131 i\u015flevi destekleyen alternatif sunulmaktad\u0131r.<br \/>\n\u00d6ne \u00c7\u0131kan \u00d6zellikler<br \/>\n\u00d6n Filtrasyon: B\u00fcy\u00fck kir par\u00e7ac\u0131klar\u0131n\u0131 yakalayarak biyolojik filtre katmanlar\u0131n\u0131 korur.<br \/>\nAy\u0131r\u0131c\u0131 Katman: Mekanik ve biyolojik filtre malzemeleri aras\u0131nda ideal kullan\u0131m.<br \/>\nKolay Temizlik: Y\u0131kanabilir ve tekrar kullan\u0131labilir.<br \/>\nGeni\u015f Uyumluluk: Tatl\u0131 su ve deniz suyu akvaryumlar\u0131nda kullan\u0131labilir.<br \/>\nUzun \u00d6m\u00fcrl\u00fc: Dayan\u0131kl\u0131 yap\u0131s\u0131 sayesinde defalarca kullan\u0131labilir.<\/p>","protected":false},"featured_media":42333,"comment_status":"open","ping_status":"closed","template":"","meta":{"_acf_changed":false},"product_brand":[],"product_cat":[2381],"product_tag":[],"class_list":{"0":"post-44891","1":"product","2":"type-product","3":"status-publish","4":"has-post-thumbnail","6":"product_cat-dis-filtre-malzemeleri","8":"first","9":"instock","10":"shipping-taxable","11":"product-type-simple"},"acf":[],"yoast_head":"<!-- This site is optimized with the Yoast SEO plugin v27.5 - https:\/\/yoast.com\/product\/yoast-seo-wordpress\/ -->\n<title>EHEIM Fix D\u0131\u015f Filtre Malzemesi 1l - Anadolu Pet Grup<\/title>\n<meta name=\"robots\" content=\"index, follow, max-snippet:-1, max-image-preview:large, max-video-preview:-1\" \/>\n<link rel=\"canonical\" href=\"https:\/\/anadolupet.com.tr\/en\/product\/eheim-fix-dis-filtre-malzemesi-1l\/\" \/>\n<meta property=\"og:locale\" content=\"en_US\" \/>\n<meta property=\"og:type\" content=\"article\" \/>\n<meta property=\"og:title\" content=\"EHEIM Fix D\u0131\u015f Filtre Malzemesi 1l - Anadolu Pet Grup\" \/>\n<meta property=\"og:description\" content=\"EHEIM FIX, akvaryum filtrenizde mekanik ve biyolojik filtre katmanlar\u0131 aras\u0131nda ideal ay\u0131r\u0131c\u0131 malzeme olarak kullan\u0131l\u0131r. \u00d6zel formu sayesinde b\u00fcy\u00fck kir par\u00e7ac\u0131klar\u0131n\u0131 etkili \u015fekilde yakalar ve suyun biyolojik filtre katmanlar\u0131na temizlenmi\u015f \u015fekilde ula\u015fmas\u0131n\u0131 sa\u011flar. B\u00f6ylece filtre performans\u0131 artar ve akvaryum suyunun daha uzun s\u00fcre temiz kalmas\u0131na yard\u0131mc\u0131 olur. EHEIM FIX, EHEIM MECH veya MECHpro katman\u0131ndan sonra kullan\u0131ld\u0131\u011f\u0131nda en y\u00fcksek verimi sa\u011flar. Tatl\u0131 su ve deniz suyu akvaryumlar\u0131nda kullan\u0131labilir. Ayr\u0131ca EHEIM d\u0131\u015f filtreler i\u00e7in EHEIM kaba filtre pedleri ile ayn\u0131 i\u015flevi destekleyen alternatif sunulmaktad\u0131r. \u00d6ne \u00c7\u0131kan \u00d6zellikler \u00d6n Filtrasyon: B\u00fcy\u00fck kir par\u00e7ac\u0131klar\u0131n\u0131 yakalayarak biyolojik filtre katmanlar\u0131n\u0131 korur. Ay\u0131r\u0131c\u0131 Katman: Mekanik ve biyolojik filtre malzemeleri aras\u0131nda ideal kullan\u0131m. Kolay Temizlik: Y\u0131kanabilir ve tekrar kullan\u0131labilir. Geni\u015f Uyumluluk: Tatl\u0131 su ve deniz suyu akvaryumlar\u0131nda kullan\u0131labilir. Uzun \u00d6m\u00fcrl\u00fc: Dayan\u0131kl\u0131 yap\u0131s\u0131 sayesinde defalarca kullan\u0131labilir.\" \/>\n<meta property=\"og:url\" content=\"https:\/\/anadolupet.com.tr\/en\/product\/eheim-fix-dis-filtre-malzemesi-1l\/\" \/>\n<meta property=\"og:site_name\" content=\"Anadolu Pet Grup\" \/>\n<meta property=\"article:modified_time\" content=\"2026-02-23T12:48:07+00:00\" \/>\n<meta property=\"og:image\" content=\"https:\/\/anadolupet.com.tr\/wp-content\/uploads\/2026\/02\/105-2506051.jpg\" \/>\n\t<meta property=\"og:image:width\" content=\"750\" \/>\n\t<meta property=\"og:image:height\" content=\"750\" \/>\n\t<meta property=\"og:image:type\" content=\"image\/jpeg\" \/>\n<meta name=\"twitter:card\" content=\"summary_large_image\" \/>\n<script type=\"application\/ld+json\" class=\"yoast-schema-graph\">{\"@context\":\"https:\\\/\\\/schema.org\",\"@graph\":[{\"@type\":\"WebPage\",\"@id\":\"https:\\\/\\\/anadolupet.com.tr\\\/urun\\\/eheim-fix-dis-filtre-malzemesi-1l\\\/\",\"url\":\"https:\\\/\\\/anadolupet.com.tr\\\/urun\\\/eheim-fix-dis-filtre-malzemesi-1l\\\/\",\"name\":\"EHEIM Fix D\u0131\u015f Filtre Malzemesi 1l - Anadolu Pet Grup\",\"isPartOf\":{\"@id\":\"https:\\\/\\\/anadolupet.com.tr\\\/#website\"},\"primaryImageOfPage\":{\"@id\":\"https:\\\/\\\/anadolupet.com.tr\\\/urun\\\/eheim-fix-dis-filtre-malzemesi-1l\\\/#primaryimage\"},\"image\":{\"@id\":\"https:\\\/\\\/anadolupet.com.tr\\\/urun\\\/eheim-fix-dis-filtre-malzemesi-1l\\\/#primaryimage\"},\"thumbnailUrl\":\"https:\\\/\\\/anadolupet.com.tr\\\/wp-content\\\/uploads\\\/2026\\\/02\\\/105-2506051.jpg\",\"datePublished\":\"2026-02-14T14:39:57+00:00\",\"dateModified\":\"2026-02-23T12:48:07+00:00\",\"breadcrumb\":{\"@id\":\"https:\\\/\\\/anadolupet.com.tr\\\/urun\\\/eheim-fix-dis-filtre-malzemesi-1l\\\/#breadcrumb\"},\"inLanguage\":\"en-US\",\"potentialAction\":[{\"@type\":\"ReadAction\",\"target\":[\"https:\\\/\\\/anadolupet.com.tr\\\/urun\\\/eheim-fix-dis-filtre-malzemesi-1l\\\/\"]}]},{\"@type\":\"ImageObject\",\"inLanguage\":\"en-US\",\"@id\":\"https:\\\/\\\/anadolupet.com.tr\\\/urun\\\/eheim-fix-dis-filtre-malzemesi-1l\\\/#primaryimage\",\"url\":\"https:\\\/\\\/anadolupet.com.tr\\\/wp-content\\\/uploads\\\/2026\\\/02\\\/105-2506051.jpg\",\"contentUrl\":\"https:\\\/\\\/anadolupet.com.tr\\\/wp-content\\\/uploads\\\/2026\\\/02\\\/105-2506051.jpg\",\"width\":750,\"height\":750},{\"@type\":\"BreadcrumbList\",\"@id\":\"https:\\\/\\\/anadolupet.com.tr\\\/urun\\\/eheim-fix-dis-filtre-malzemesi-1l\\\/#breadcrumb\",\"itemListElement\":[{\"@type\":\"ListItem\",\"position\":1,\"name\":\"Anasayfa\",\"item\":\"https:\\\/\\\/anadolupet.com.tr\\\/\"},{\"@type\":\"ListItem\",\"position\":2,\"name\":\"\u00dcr\u00fcnler\",\"item\":\"https:\\\/\\\/anadolupet.com.tr\\\/urunler\\\/\"},{\"@type\":\"ListItem\",\"position\":3,\"name\":\"EHEIM Fix D\u0131\u015f Filtre Malzemesi 1l\"}]},{\"@type\":\"WebSite\",\"@id\":\"https:\\\/\\\/anadolupet.com.tr\\\/#website\",\"url\":\"https:\\\/\\\/anadolupet.com.tr\\\/\",\"name\":\"Anadolu Pet Grup\",\"description\":\"Her Can\u0131n \u0130yi Ya\u015fam\u0131 \u0130\u00e7in Biraraday\u0131z\",\"publisher\":{\"@id\":\"https:\\\/\\\/anadolupet.com.tr\\\/#organization\"},\"potentialAction\":[{\"@type\":\"SearchAction\",\"target\":{\"@type\":\"EntryPoint\",\"urlTemplate\":\"https:\\\/\\\/anadolupet.com.tr\\\/?s={search_term_string}\"},\"query-input\":{\"@type\":\"PropertyValueSpecification\",\"valueRequired\":true,\"valueName\":\"search_term_string\"}}],\"inLanguage\":\"en-US\"},{\"@type\":\"Organization\",\"@id\":\"https:\\\/\\\/anadolupet.com.tr\\\/#organization\",\"name\":\"Anadolu Pet Grup\",\"alternateName\":\"Anadolu Pet\",\"url\":\"https:\\\/\\\/anadolupet.com.tr\\\/\",\"logo\":{\"@type\":\"ImageObject\",\"inLanguage\":\"en-US\",\"@id\":\"https:\\\/\\\/anadolupet.com.tr\\\/#\\\/schema\\\/logo\\\/image\\\/\",\"url\":\"https:\\\/\\\/anadolupet.com.tr\\\/wp-content\\\/uploads\\\/2026\\\/03\\\/1614666743370.jpg\",\"contentUrl\":\"https:\\\/\\\/anadolupet.com.tr\\\/wp-content\\\/uploads\\\/2026\\\/03\\\/1614666743370.jpg\",\"width\":800,\"height\":571,\"caption\":\"Anadolu Pet Grup\"},\"image\":{\"@id\":\"https:\\\/\\\/anadolupet.com.tr\\\/#\\\/schema\\\/logo\\\/image\\\/\"}}]}<\/script>\n<!-- \/ Yoast SEO plugin. -->","yoast_head_json":{"title":"EHEIM Fix D\u0131\u015f Filtre Malzemesi 1l - Anadolu Pet Grup","robots":{"index":"index","follow":"follow","max-snippet":"max-snippet:-1","max-image-preview":"max-image-preview:large","max-video-preview":"max-video-preview:-1"},"canonical":"https:\/\/anadolupet.com.tr\/en\/product\/eheim-fix-dis-filtre-malzemesi-1l\/","og_locale":"en_US","og_type":"article","og_title":"EHEIM Fix D\u0131\u015f Filtre Malzemesi 1l - Anadolu Pet Grup","og_description":"EHEIM FIX, akvaryum filtrenizde mekanik ve biyolojik filtre katmanlar\u0131 aras\u0131nda ideal ay\u0131r\u0131c\u0131 malzeme olarak kullan\u0131l\u0131r. \u00d6zel formu sayesinde b\u00fcy\u00fck kir par\u00e7ac\u0131klar\u0131n\u0131 etkili \u015fekilde yakalar ve suyun biyolojik filtre katmanlar\u0131na temizlenmi\u015f \u015fekilde ula\u015fmas\u0131n\u0131 sa\u011flar. B\u00f6ylece filtre performans\u0131 artar ve akvaryum suyunun daha uzun s\u00fcre temiz kalmas\u0131na yard\u0131mc\u0131 olur. EHEIM FIX, EHEIM MECH veya MECHpro katman\u0131ndan sonra kullan\u0131ld\u0131\u011f\u0131nda en y\u00fcksek verimi sa\u011flar. Tatl\u0131 su ve deniz suyu akvaryumlar\u0131nda kullan\u0131labilir. Ayr\u0131ca EHEIM d\u0131\u015f filtreler i\u00e7in EHEIM kaba filtre pedleri ile ayn\u0131 i\u015flevi destekleyen alternatif sunulmaktad\u0131r. \u00d6ne \u00c7\u0131kan \u00d6zellikler \u00d6n Filtrasyon: B\u00fcy\u00fck kir par\u00e7ac\u0131klar\u0131n\u0131 yakalayarak biyolojik filtre katmanlar\u0131n\u0131 korur. Ay\u0131r\u0131c\u0131 Katman: Mekanik ve biyolojik filtre malzemeleri aras\u0131nda ideal kullan\u0131m. Kolay Temizlik: Y\u0131kanabilir ve tekrar kullan\u0131labilir. Geni\u015f Uyumluluk: Tatl\u0131 su ve deniz suyu akvaryumlar\u0131nda kullan\u0131labilir. Uzun \u00d6m\u00fcrl\u00fc: Dayan\u0131kl\u0131 yap\u0131s\u0131 sayesinde defalarca kullan\u0131labilir.","og_url":"https:\/\/anadolupet.com.tr\/en\/product\/eheim-fix-dis-filtre-malzemesi-1l\/","og_site_name":"Anadolu Pet Grup","article_modified_time":"2026-02-23T12:48:07+00:00","og_image":[{"width":750,"height":750,"url":"https:\/\/anadolupet.com.tr\/wp-content\/uploads\/2026\/02\/105-2506051.jpg","type":"image\/jpeg"}],"twitter_card":"summary_large_image","schema":{"@context":"https:\/\/schema.org","@graph":[{"@type":"WebPage","@id":"https:\/\/anadolupet.com.tr\/urun\/eheim-fix-dis-filtre-malzemesi-1l\/","url":"https:\/\/anadolupet.com.tr\/urun\/eheim-fix-dis-filtre-malzemesi-1l\/","name":"EHEIM Fix D\u0131\u015f Filtre Malzemesi 1l - Anadolu Pet Grup","isPartOf":{"@id":"https:\/\/anadolupet.com.tr\/#website"},"primaryImageOfPage":{"@id":"https:\/\/anadolupet.com.tr\/urun\/eheim-fix-dis-filtre-malzemesi-1l\/#primaryimage"},"image":{"@id":"https:\/\/anadolupet.com.tr\/urun\/eheim-fix-dis-filtre-malzemesi-1l\/#primaryimage"},"thumbnailUrl":"https:\/\/anadolupet.com.tr\/wp-content\/uploads\/2026\/02\/105-2506051.jpg","datePublished":"2026-02-14T14:39:57+00:00","dateModified":"2026-02-23T12:48:07+00:00","breadcrumb":{"@id":"https:\/\/anadolupet.com.tr\/urun\/eheim-fix-dis-filtre-malzemesi-1l\/#breadcrumb"},"inLanguage":"en-US","potentialAction":[{"@type":"ReadAction","target":["https:\/\/anadolupet.com.tr\/urun\/eheim-fix-dis-filtre-malzemesi-1l\/"]}]},{"@type":"ImageObject","inLanguage":"en-US","@id":"https:\/\/anadolupet.com.tr\/urun\/eheim-fix-dis-filtre-malzemesi-1l\/#primaryimage","url":"https:\/\/anadolupet.com.tr\/wp-content\/uploads\/2026\/02\/105-2506051.jpg","contentUrl":"https:\/\/anadolupet.com.tr\/wp-content\/uploads\/2026\/02\/105-2506051.jpg","width":750,"height":750},{"@type":"BreadcrumbList","@id":"https:\/\/anadolupet.com.tr\/urun\/eheim-fix-dis-filtre-malzemesi-1l\/#breadcrumb","itemListElement":[{"@type":"ListItem","position":1,"name":"Anasayfa","item":"https:\/\/anadolupet.com.tr\/"},{"@type":"ListItem","position":2,"name":"\u00dcr\u00fcnler","item":"https:\/\/anadolupet.com.tr\/urunler\/"},{"@type":"ListItem","position":3,"name":"EHEIM Fix D\u0131\u015f Filtre Malzemesi 1l"}]},{"@type":"WebSite","@id":"https:\/\/anadolupet.com.tr\/#website","url":"https:\/\/anadolupet.com.tr\/","name":"Anadolu Pet Group","description":"We Stand Together for the Well-Being of Every Life","publisher":{"@id":"https:\/\/anadolupet.com.tr\/#organization"},"potentialAction":[{"@type":"SearchAction","target":{"@type":"EntryPoint","urlTemplate":"https:\/\/anadolupet.com.tr\/?s={search_term_string}"},"query-input":{"@type":"PropertyValueSpecification","valueRequired":true,"valueName":"search_term_string"}}],"inLanguage":"en-US"},{"@type":"Organization","@id":"https:\/\/anadolupet.com.tr\/#organization","name":"Anadolu Pet Group","alternateName":"Anadolu Pet","url":"https:\/\/anadolupet.com.tr\/","logo":{"@type":"ImageObject","inLanguage":"en-US","@id":"https:\/\/anadolupet.com.tr\/#\/schema\/logo\/image\/","url":"https:\/\/anadolupet.com.tr\/wp-content\/uploads\/2026\/03\/1614666743370.jpg","contentUrl":"https:\/\/anadolupet.com.tr\/wp-content\/uploads\/2026\/03\/1614666743370.jpg","width":800,"height":571,"caption":"Anadolu Pet Grup"},"image":{"@id":"https:\/\/anadolupet.com.tr\/#\/schema\/logo\/image\/"}}]}},"_links":{"self":[{"href":"https:\/\/anadolupet.com.tr\/en\/wp-json\/wp\/v2\/product\/44891","targetHints":{"allow":["GET"]}}],"collection":[{"href":"https:\/\/anadolupet.com.tr\/en\/wp-json\/wp\/v2\/product"}],"about":[{"href":"https:\/\/anadolupet.com.tr\/en\/wp-json\/wp\/v2\/types\/product"}],"replies":[{"embeddable":true,"href":"https:\/\/anadolupet.com.tr\/en\/wp-json\/wp\/v2\/comments?post=44891"}],"wp:featuredmedia":[{"embeddable":true,"href":"https:\/\/anadolupet.com.tr\/en\/wp-json\/wp\/v2\/media\/42333"}],"wp:attachment":[{"href":"https:\/\/anadolupet.com.tr\/en\/wp-json\/wp\/v2\/media?parent=44891"}],"wp:term":[{"taxonomy":"product_brand","embeddable":true,"href":"https:\/\/anadolupet.com.tr\/en\/wp-json\/wp\/v2\/product_brand?post=44891"},{"taxonomy":"product_cat","embeddable":true,"href":"https:\/\/anadolupet.com.tr\/en\/wp-json\/wp\/v2\/product_cat?post=44891"},{"taxonomy":"product_tag","embeddable":true,"href":"https:\/\/anadolupet.com.tr\/en\/wp-json\/wp\/v2\/product_tag?post=44891"}],"curies":[{"name":"wp","href":"https:\/\/api.w.org\/{rel}","templated":true}]}}