{"id":44894,"date":"2026-02-14T14:39:57","date_gmt":"2026-02-14T14:39:57","guid":{"rendered":"https:\/\/anadolupet.com.tr\/?post_type=product&#038;p=44894"},"modified":"2026-02-23T12:48:07","modified_gmt":"2026-02-23T12:48:07","slug":"eheim-hava-filtresi","status":"publish","type":"product","link":"https:\/\/anadolupet.com.tr\/en\/urun\/eheim-hava-filtresi\/","title":{"rendered":"EHEIM Hava Filtresi"},"content":{"rendered":"","protected":false},"excerpt":{"rendered":"<p>EHEIM filtre kartu\u015flar\u0131, akvaryum suyunun hem mekanik hem de biyolojik olarak temizlenmesini sa\u011flayan y\u00fcksek verimli s\u00fcnger yap\u0131s\u0131yla tasarlanm\u0131\u015ft\u0131r. G\u00f6zenekli k\u00f6p\u00fck malzeme sayesinde kir par\u00e7ac\u0131klar\u0131 mekanik olarak tutulurken, ayn\u0131 zamanda geni\u015f y\u00fczey alan\u0131 yararl\u0131 bakterilerin kolonile\u015fmesi i\u00e7in ideal ortam sunar.<\/p>\n<p>K\u0131sa bir olgunla\u015fma s\u00fcrecinden sonra kartu\u015flar yaln\u0131zca suyu mekanik olarak temizlemekle kalmaz, ayn\u0131 zamanda zararl\u0131 maddelerin biyolojik olarak par\u00e7alanmas\u0131n\u0131 da sa\u011flar.<\/p>\n<p>Kartu\u015flar defalarca kullan\u0131labilir. Temizlik i\u00e7in yaln\u0131zca durulay\u0131p hafif\u00e7e s\u0131kman\u0131z yeterlidir; b\u00f6ylece bakterilerin tamam\u0131 yok edilmez ve biyolojik denge korunur.<\/p>\n<p>Avantajlar<br \/>\nG\u00f6zenekli k\u00f6p\u00fck yap\u0131s\u0131 sayesinde kir par\u00e7ac\u0131klar\u0131n\u0131 mekanik olarak hapseder<\/p>\n<p>G\u00f6zeneklerde yararl\u0131 bakteriler kolonile\u015fir<\/p>\n<p>Defalarca kullan\u0131labilir \u2013 uzun \u00f6m\u00fcrl\u00fc kullan\u0131m<\/p>\n<p>Temizlik i\u00e7in sadece durulay\u0131p s\u0131kmak yeterlidir \u2013 bakteriler korunur<\/p>\n<p>EHEIM filtre kartu\u015flar\u0131, akvaryumunuzda temiz, sa\u011fl\u0131kl\u0131 ve dengeli bir su ortam\u0131 olu\u015fturmak i\u00e7in ideal \u00e7\u00f6z\u00fcmd\u00fcr.<\/p>","protected":false},"featured_media":42452,"comment_status":"open","ping_status":"closed","template":"","meta":{"_acf_changed":false},"product_brand":[],"product_cat":[2392],"product_tag":[],"class_list":{"0":"post-44894","1":"product","2":"type-product","3":"status-publish","4":"has-post-thumbnail","6":"product_cat-ic-filtreler","8":"first","9":"instock","10":"shipping-taxable","11":"product-type-simple"},"acf":[],"yoast_head":"<!-- This site is optimized with the Yoast SEO plugin v27.5 - https:\/\/yoast.com\/product\/yoast-seo-wordpress\/ -->\n<title>EHEIM Hava Filtresi - Anadolu Pet Grup<\/title>\n<meta name=\"robots\" content=\"index, follow, max-snippet:-1, max-image-preview:large, max-video-preview:-1\" \/>\n<link rel=\"canonical\" href=\"https:\/\/anadolupet.com.tr\/en\/product\/eheim-hava-filtresi\/\" \/>\n<meta property=\"og:locale\" content=\"en_US\" \/>\n<meta property=\"og:type\" content=\"article\" \/>\n<meta property=\"og:title\" content=\"EHEIM Hava Filtresi - Anadolu Pet Grup\" \/>\n<meta property=\"og:description\" content=\"EHEIM filtre kartu\u015flar\u0131, akvaryum suyunun hem mekanik hem de biyolojik olarak temizlenmesini sa\u011flayan y\u00fcksek verimli s\u00fcnger yap\u0131s\u0131yla tasarlanm\u0131\u015ft\u0131r. G\u00f6zenekli k\u00f6p\u00fck malzeme sayesinde kir par\u00e7ac\u0131klar\u0131 mekanik olarak tutulurken, ayn\u0131 zamanda geni\u015f y\u00fczey alan\u0131 yararl\u0131 bakterilerin kolonile\u015fmesi i\u00e7in ideal ortam sunar. K\u0131sa bir olgunla\u015fma s\u00fcrecinden sonra kartu\u015flar yaln\u0131zca suyu mekanik olarak temizlemekle kalmaz, ayn\u0131 zamanda zararl\u0131 maddelerin biyolojik olarak par\u00e7alanmas\u0131n\u0131 da sa\u011flar. Kartu\u015flar defalarca kullan\u0131labilir. Temizlik i\u00e7in yaln\u0131zca durulay\u0131p hafif\u00e7e s\u0131kman\u0131z yeterlidir; b\u00f6ylece bakterilerin tamam\u0131 yok edilmez ve biyolojik denge korunur. Avantajlar G\u00f6zenekli k\u00f6p\u00fck yap\u0131s\u0131 sayesinde kir par\u00e7ac\u0131klar\u0131n\u0131 mekanik olarak hapseder G\u00f6zeneklerde yararl\u0131 bakteriler kolonile\u015fir Defalarca kullan\u0131labilir \u2013 uzun \u00f6m\u00fcrl\u00fc kullan\u0131m Temizlik i\u00e7in sadece durulay\u0131p s\u0131kmak yeterlidir \u2013 bakteriler korunur EHEIM filtre kartu\u015flar\u0131, akvaryumunuzda temiz, sa\u011fl\u0131kl\u0131 ve dengeli bir su ortam\u0131 olu\u015fturmak i\u00e7in ideal \u00e7\u00f6z\u00fcmd\u00fcr.\" \/>\n<meta property=\"og:url\" content=\"https:\/\/anadolupet.com.tr\/en\/product\/eheim-hava-filtresi\/\" \/>\n<meta property=\"og:site_name\" content=\"Anadolu Pet Grup\" \/>\n<meta property=\"article:modified_time\" content=\"2026-02-23T12:48:07+00:00\" \/>\n<meta property=\"og:image\" content=\"https:\/\/anadolupet.com.tr\/wp-content\/uploads\/2026\/02\/105-4003000.jpg\" \/>\n\t<meta property=\"og:image:width\" content=\"750\" \/>\n\t<meta property=\"og:image:height\" content=\"750\" \/>\n\t<meta property=\"og:image:type\" content=\"image\/jpeg\" \/>\n<meta name=\"twitter:card\" content=\"summary_large_image\" \/>\n<script type=\"application\/ld+json\" class=\"yoast-schema-graph\">{\"@context\":\"https:\\\/\\\/schema.org\",\"@graph\":[{\"@type\":\"WebPage\",\"@id\":\"https:\\\/\\\/anadolupet.com.tr\\\/urun\\\/eheim-hava-filtresi\\\/\",\"url\":\"https:\\\/\\\/anadolupet.com.tr\\\/urun\\\/eheim-hava-filtresi\\\/\",\"name\":\"EHEIM Hava Filtresi - Anadolu Pet Grup\",\"isPartOf\":{\"@id\":\"https:\\\/\\\/anadolupet.com.tr\\\/#website\"},\"primaryImageOfPage\":{\"@id\":\"https:\\\/\\\/anadolupet.com.tr\\\/urun\\\/eheim-hava-filtresi\\\/#primaryimage\"},\"image\":{\"@id\":\"https:\\\/\\\/anadolupet.com.tr\\\/urun\\\/eheim-hava-filtresi\\\/#primaryimage\"},\"thumbnailUrl\":\"https:\\\/\\\/anadolupet.com.tr\\\/wp-content\\\/uploads\\\/2026\\\/02\\\/105-4003000.jpg\",\"datePublished\":\"2026-02-14T14:39:57+00:00\",\"dateModified\":\"2026-02-23T12:48:07+00:00\",\"breadcrumb\":{\"@id\":\"https:\\\/\\\/anadolupet.com.tr\\\/urun\\\/eheim-hava-filtresi\\\/#breadcrumb\"},\"inLanguage\":\"en-US\",\"potentialAction\":[{\"@type\":\"ReadAction\",\"target\":[\"https:\\\/\\\/anadolupet.com.tr\\\/urun\\\/eheim-hava-filtresi\\\/\"]}]},{\"@type\":\"ImageObject\",\"inLanguage\":\"en-US\",\"@id\":\"https:\\\/\\\/anadolupet.com.tr\\\/urun\\\/eheim-hava-filtresi\\\/#primaryimage\",\"url\":\"https:\\\/\\\/anadolupet.com.tr\\\/wp-content\\\/uploads\\\/2026\\\/02\\\/105-4003000.jpg\",\"contentUrl\":\"https:\\\/\\\/anadolupet.com.tr\\\/wp-content\\\/uploads\\\/2026\\\/02\\\/105-4003000.jpg\",\"width\":750,\"height\":750},{\"@type\":\"BreadcrumbList\",\"@id\":\"https:\\\/\\\/anadolupet.com.tr\\\/urun\\\/eheim-hava-filtresi\\\/#breadcrumb\",\"itemListElement\":[{\"@type\":\"ListItem\",\"position\":1,\"name\":\"Anasayfa\",\"item\":\"https:\\\/\\\/anadolupet.com.tr\\\/\"},{\"@type\":\"ListItem\",\"position\":2,\"name\":\"\u00dcr\u00fcnler\",\"item\":\"https:\\\/\\\/anadolupet.com.tr\\\/urunler\\\/\"},{\"@type\":\"ListItem\",\"position\":3,\"name\":\"EHEIM Hava Filtresi\"}]},{\"@type\":\"WebSite\",\"@id\":\"https:\\\/\\\/anadolupet.com.tr\\\/#website\",\"url\":\"https:\\\/\\\/anadolupet.com.tr\\\/\",\"name\":\"Anadolu Pet Grup\",\"description\":\"Her Can\u0131n \u0130yi Ya\u015fam\u0131 \u0130\u00e7in Biraraday\u0131z\",\"publisher\":{\"@id\":\"https:\\\/\\\/anadolupet.com.tr\\\/#organization\"},\"potentialAction\":[{\"@type\":\"SearchAction\",\"target\":{\"@type\":\"EntryPoint\",\"urlTemplate\":\"https:\\\/\\\/anadolupet.com.tr\\\/?s={search_term_string}\"},\"query-input\":{\"@type\":\"PropertyValueSpecification\",\"valueRequired\":true,\"valueName\":\"search_term_string\"}}],\"inLanguage\":\"en-US\"},{\"@type\":\"Organization\",\"@id\":\"https:\\\/\\\/anadolupet.com.tr\\\/#organization\",\"name\":\"Anadolu Pet Grup\",\"alternateName\":\"Anadolu Pet\",\"url\":\"https:\\\/\\\/anadolupet.com.tr\\\/\",\"logo\":{\"@type\":\"ImageObject\",\"inLanguage\":\"en-US\",\"@id\":\"https:\\\/\\\/anadolupet.com.tr\\\/#\\\/schema\\\/logo\\\/image\\\/\",\"url\":\"https:\\\/\\\/anadolupet.com.tr\\\/wp-content\\\/uploads\\\/2026\\\/03\\\/1614666743370.jpg\",\"contentUrl\":\"https:\\\/\\\/anadolupet.com.tr\\\/wp-content\\\/uploads\\\/2026\\\/03\\\/1614666743370.jpg\",\"width\":800,\"height\":571,\"caption\":\"Anadolu Pet Grup\"},\"image\":{\"@id\":\"https:\\\/\\\/anadolupet.com.tr\\\/#\\\/schema\\\/logo\\\/image\\\/\"}}]}<\/script>\n<!-- \/ Yoast SEO plugin. -->","yoast_head_json":{"title":"EHEIM Hava Filtresi - Anadolu Pet Grup","robots":{"index":"index","follow":"follow","max-snippet":"max-snippet:-1","max-image-preview":"max-image-preview:large","max-video-preview":"max-video-preview:-1"},"canonical":"https:\/\/anadolupet.com.tr\/en\/product\/eheim-hava-filtresi\/","og_locale":"en_US","og_type":"article","og_title":"EHEIM Hava Filtresi - Anadolu Pet Grup","og_description":"EHEIM filtre kartu\u015flar\u0131, akvaryum suyunun hem mekanik hem de biyolojik olarak temizlenmesini sa\u011flayan y\u00fcksek verimli s\u00fcnger yap\u0131s\u0131yla tasarlanm\u0131\u015ft\u0131r. G\u00f6zenekli k\u00f6p\u00fck malzeme sayesinde kir par\u00e7ac\u0131klar\u0131 mekanik olarak tutulurken, ayn\u0131 zamanda geni\u015f y\u00fczey alan\u0131 yararl\u0131 bakterilerin kolonile\u015fmesi i\u00e7in ideal ortam sunar. K\u0131sa bir olgunla\u015fma s\u00fcrecinden sonra kartu\u015flar yaln\u0131zca suyu mekanik olarak temizlemekle kalmaz, ayn\u0131 zamanda zararl\u0131 maddelerin biyolojik olarak par\u00e7alanmas\u0131n\u0131 da sa\u011flar. Kartu\u015flar defalarca kullan\u0131labilir. Temizlik i\u00e7in yaln\u0131zca durulay\u0131p hafif\u00e7e s\u0131kman\u0131z yeterlidir; b\u00f6ylece bakterilerin tamam\u0131 yok edilmez ve biyolojik denge korunur. Avantajlar G\u00f6zenekli k\u00f6p\u00fck yap\u0131s\u0131 sayesinde kir par\u00e7ac\u0131klar\u0131n\u0131 mekanik olarak hapseder G\u00f6zeneklerde yararl\u0131 bakteriler kolonile\u015fir Defalarca kullan\u0131labilir \u2013 uzun \u00f6m\u00fcrl\u00fc kullan\u0131m Temizlik i\u00e7in sadece durulay\u0131p s\u0131kmak yeterlidir \u2013 bakteriler korunur EHEIM filtre kartu\u015flar\u0131, akvaryumunuzda temiz, sa\u011fl\u0131kl\u0131 ve dengeli bir su ortam\u0131 olu\u015fturmak i\u00e7in ideal \u00e7\u00f6z\u00fcmd\u00fcr.","og_url":"https:\/\/anadolupet.com.tr\/en\/product\/eheim-hava-filtresi\/","og_site_name":"Anadolu Pet Grup","article_modified_time":"2026-02-23T12:48:07+00:00","og_image":[{"width":750,"height":750,"url":"https:\/\/anadolupet.com.tr\/wp-content\/uploads\/2026\/02\/105-4003000.jpg","type":"image\/jpeg"}],"twitter_card":"summary_large_image","schema":{"@context":"https:\/\/schema.org","@graph":[{"@type":"WebPage","@id":"https:\/\/anadolupet.com.tr\/urun\/eheim-hava-filtresi\/","url":"https:\/\/anadolupet.com.tr\/urun\/eheim-hava-filtresi\/","name":"EHEIM Hava Filtresi - Anadolu Pet Grup","isPartOf":{"@id":"https:\/\/anadolupet.com.tr\/#website"},"primaryImageOfPage":{"@id":"https:\/\/anadolupet.com.tr\/urun\/eheim-hava-filtresi\/#primaryimage"},"image":{"@id":"https:\/\/anadolupet.com.tr\/urun\/eheim-hava-filtresi\/#primaryimage"},"thumbnailUrl":"https:\/\/anadolupet.com.tr\/wp-content\/uploads\/2026\/02\/105-4003000.jpg","datePublished":"2026-02-14T14:39:57+00:00","dateModified":"2026-02-23T12:48:07+00:00","breadcrumb":{"@id":"https:\/\/anadolupet.com.tr\/urun\/eheim-hava-filtresi\/#breadcrumb"},"inLanguage":"en-US","potentialAction":[{"@type":"ReadAction","target":["https:\/\/anadolupet.com.tr\/urun\/eheim-hava-filtresi\/"]}]},{"@type":"ImageObject","inLanguage":"en-US","@id":"https:\/\/anadolupet.com.tr\/urun\/eheim-hava-filtresi\/#primaryimage","url":"https:\/\/anadolupet.com.tr\/wp-content\/uploads\/2026\/02\/105-4003000.jpg","contentUrl":"https:\/\/anadolupet.com.tr\/wp-content\/uploads\/2026\/02\/105-4003000.jpg","width":750,"height":750},{"@type":"BreadcrumbList","@id":"https:\/\/anadolupet.com.tr\/urun\/eheim-hava-filtresi\/#breadcrumb","itemListElement":[{"@type":"ListItem","position":1,"name":"Anasayfa","item":"https:\/\/anadolupet.com.tr\/"},{"@type":"ListItem","position":2,"name":"\u00dcr\u00fcnler","item":"https:\/\/anadolupet.com.tr\/urunler\/"},{"@type":"ListItem","position":3,"name":"EHEIM Hava Filtresi"}]},{"@type":"WebSite","@id":"https:\/\/anadolupet.com.tr\/#website","url":"https:\/\/anadolupet.com.tr\/","name":"Anadolu Pet Group","description":"We Stand Together for the Well-Being of Every Life","publisher":{"@id":"https:\/\/anadolupet.com.tr\/#organization"},"potentialAction":[{"@type":"SearchAction","target":{"@type":"EntryPoint","urlTemplate":"https:\/\/anadolupet.com.tr\/?s={search_term_string}"},"query-input":{"@type":"PropertyValueSpecification","valueRequired":true,"valueName":"search_term_string"}}],"inLanguage":"en-US"},{"@type":"Organization","@id":"https:\/\/anadolupet.com.tr\/#organization","name":"Anadolu Pet Group","alternateName":"Anadolu Pet","url":"https:\/\/anadolupet.com.tr\/","logo":{"@type":"ImageObject","inLanguage":"en-US","@id":"https:\/\/anadolupet.com.tr\/#\/schema\/logo\/image\/","url":"https:\/\/anadolupet.com.tr\/wp-content\/uploads\/2026\/03\/1614666743370.jpg","contentUrl":"https:\/\/anadolupet.com.tr\/wp-content\/uploads\/2026\/03\/1614666743370.jpg","width":800,"height":571,"caption":"Anadolu Pet Grup"},"image":{"@id":"https:\/\/anadolupet.com.tr\/#\/schema\/logo\/image\/"}}]}},"_links":{"self":[{"href":"https:\/\/anadolupet.com.tr\/en\/wp-json\/wp\/v2\/product\/44894","targetHints":{"allow":["GET"]}}],"collection":[{"href":"https:\/\/anadolupet.com.tr\/en\/wp-json\/wp\/v2\/product"}],"about":[{"href":"https:\/\/anadolupet.com.tr\/en\/wp-json\/wp\/v2\/types\/product"}],"replies":[{"embeddable":true,"href":"https:\/\/anadolupet.com.tr\/en\/wp-json\/wp\/v2\/comments?post=44894"}],"wp:featuredmedia":[{"embeddable":true,"href":"https:\/\/anadolupet.com.tr\/en\/wp-json\/wp\/v2\/media\/42452"}],"wp:attachment":[{"href":"https:\/\/anadolupet.com.tr\/en\/wp-json\/wp\/v2\/media?parent=44894"}],"wp:term":[{"taxonomy":"product_brand","embeddable":true,"href":"https:\/\/anadolupet.com.tr\/en\/wp-json\/wp\/v2\/product_brand?post=44894"},{"taxonomy":"product_cat","embeddable":true,"href":"https:\/\/anadolupet.com.tr\/en\/wp-json\/wp\/v2\/product_cat?post=44894"},{"taxonomy":"product_tag","embeddable":true,"href":"https:\/\/anadolupet.com.tr\/en\/wp-json\/wp\/v2\/product_tag?post=44894"}],"curies":[{"name":"wp","href":"https:\/\/api.w.org\/{rel}","templated":true}]}}