{"id":44896,"date":"2026-02-14T14:39:57","date_gmt":"2026-02-14T14:39:57","guid":{"rendered":"https:\/\/anadolupet.com.tr\/?post_type=product&#038;p=44896"},"modified":"2026-02-23T12:48:08","modified_gmt":"2026-02-23T12:48:08","slug":"eheim-hava-hortumu-3m","status":"publish","type":"product","link":"https:\/\/anadolupet.com.tr\/en\/urun\/eheim-hava-hortumu-3m\/","title":{"rendered":"EHEIM Hava Hortumu 3M"},"content":{"rendered":"","protected":false},"excerpt":{"rendered":"<p>EHEIM hortum \u00d84\/6 mm (3 metre), akvaryum ekipmanlar\u0131 i\u00e7in \u00f6zel olarak \u00fcretilmi\u015f orijinal ba\u011flant\u0131 hortumudur. Hava pompalar\u0131, CO\u2082 sistemleri ve k\u00fc\u00e7\u00fck \u00e7apl\u0131 su ba\u011flant\u0131lar\u0131 i\u00e7in uygundur.<\/p>\n<p>Avantajlar ve \u00d6zellikler<br \/>\nOrijinal EHEIM hortum \u2013 tam uyum ve g\u00fcvenilirlik<\/p>\n<p>\u0130\u00e7 \u00e7ap: 4 mm<\/p>\n<p>D\u0131\u015f \u00e7ap: 6 mm<\/p>\n<p>Uzunluk: 3 metre<\/p>\n<p>Esnek ve dayan\u0131kl\u0131 plastik malzeme<\/p>\n<p>Hava pompalar\u0131, CO\u2082 sistemleri ve k\u00fc\u00e7\u00fck ba\u011flant\u0131lar i\u00e7in ideal<\/p>\n<p>Kolay kesilebilir ve tak\u0131labilir<\/p>","protected":false},"featured_media":42451,"comment_status":"open","ping_status":"closed","template":"","meta":{"_acf_changed":false},"product_brand":[],"product_cat":[2420],"product_tag":[],"class_list":{"0":"post-44896","1":"product","2":"type-product","3":"status-publish","4":"has-post-thumbnail","6":"product_cat-yardimci-ekipmanlar","8":"first","9":"instock","10":"shipping-taxable","11":"product-type-simple"},"acf":[],"yoast_head":"<!-- This site is optimized with the Yoast SEO plugin v27.5 - https:\/\/yoast.com\/product\/yoast-seo-wordpress\/ -->\n<title>EHEIM Hava Hortumu 3M - Anadolu Pet Grup<\/title>\n<meta name=\"robots\" content=\"index, follow, max-snippet:-1, max-image-preview:large, max-video-preview:-1\" \/>\n<link rel=\"canonical\" href=\"https:\/\/anadolupet.com.tr\/en\/product\/eheim-hava-hortumu-3m\/\" \/>\n<meta property=\"og:locale\" content=\"en_US\" \/>\n<meta property=\"og:type\" content=\"article\" \/>\n<meta property=\"og:title\" content=\"EHEIM Hava Hortumu 3M - Anadolu Pet Grup\" \/>\n<meta property=\"og:description\" content=\"EHEIM hortum \u00d84\/6 mm (3 metre), akvaryum ekipmanlar\u0131 i\u00e7in \u00f6zel olarak \u00fcretilmi\u015f orijinal ba\u011flant\u0131 hortumudur. Hava pompalar\u0131, CO\u2082 sistemleri ve k\u00fc\u00e7\u00fck \u00e7apl\u0131 su ba\u011flant\u0131lar\u0131 i\u00e7in uygundur. Avantajlar ve \u00d6zellikler Orijinal EHEIM hortum \u2013 tam uyum ve g\u00fcvenilirlik \u0130\u00e7 \u00e7ap: 4 mm D\u0131\u015f \u00e7ap: 6 mm Uzunluk: 3 metre Esnek ve dayan\u0131kl\u0131 plastik malzeme Hava pompalar\u0131, CO\u2082 sistemleri ve k\u00fc\u00e7\u00fck ba\u011flant\u0131lar i\u00e7in ideal Kolay kesilebilir ve tak\u0131labilir\" \/>\n<meta property=\"og:url\" content=\"https:\/\/anadolupet.com.tr\/en\/product\/eheim-hava-hortumu-3m\/\" \/>\n<meta property=\"og:site_name\" content=\"Anadolu Pet Grup\" \/>\n<meta property=\"article:modified_time\" content=\"2026-02-23T12:48:08+00:00\" \/>\n<meta property=\"og:image\" content=\"https:\/\/anadolupet.com.tr\/wp-content\/uploads\/2026\/02\/105-4002943.jpg\" \/>\n\t<meta property=\"og:image:width\" content=\"750\" \/>\n\t<meta property=\"og:image:height\" content=\"750\" \/>\n\t<meta property=\"og:image:type\" content=\"image\/jpeg\" \/>\n<meta name=\"twitter:card\" content=\"summary_large_image\" \/>\n<script type=\"application\/ld+json\" class=\"yoast-schema-graph\">{\"@context\":\"https:\\\/\\\/schema.org\",\"@graph\":[{\"@type\":\"WebPage\",\"@id\":\"https:\\\/\\\/anadolupet.com.tr\\\/urun\\\/eheim-hava-hortumu-3m\\\/\",\"url\":\"https:\\\/\\\/anadolupet.com.tr\\\/urun\\\/eheim-hava-hortumu-3m\\\/\",\"name\":\"EHEIM Hava Hortumu 3M - Anadolu Pet Grup\",\"isPartOf\":{\"@id\":\"https:\\\/\\\/anadolupet.com.tr\\\/#website\"},\"primaryImageOfPage\":{\"@id\":\"https:\\\/\\\/anadolupet.com.tr\\\/urun\\\/eheim-hava-hortumu-3m\\\/#primaryimage\"},\"image\":{\"@id\":\"https:\\\/\\\/anadolupet.com.tr\\\/urun\\\/eheim-hava-hortumu-3m\\\/#primaryimage\"},\"thumbnailUrl\":\"https:\\\/\\\/anadolupet.com.tr\\\/wp-content\\\/uploads\\\/2026\\\/02\\\/105-4002943.jpg\",\"datePublished\":\"2026-02-14T14:39:57+00:00\",\"dateModified\":\"2026-02-23T12:48:08+00:00\",\"breadcrumb\":{\"@id\":\"https:\\\/\\\/anadolupet.com.tr\\\/urun\\\/eheim-hava-hortumu-3m\\\/#breadcrumb\"},\"inLanguage\":\"en-US\",\"potentialAction\":[{\"@type\":\"ReadAction\",\"target\":[\"https:\\\/\\\/anadolupet.com.tr\\\/urun\\\/eheim-hava-hortumu-3m\\\/\"]}]},{\"@type\":\"ImageObject\",\"inLanguage\":\"en-US\",\"@id\":\"https:\\\/\\\/anadolupet.com.tr\\\/urun\\\/eheim-hava-hortumu-3m\\\/#primaryimage\",\"url\":\"https:\\\/\\\/anadolupet.com.tr\\\/wp-content\\\/uploads\\\/2026\\\/02\\\/105-4002943.jpg\",\"contentUrl\":\"https:\\\/\\\/anadolupet.com.tr\\\/wp-content\\\/uploads\\\/2026\\\/02\\\/105-4002943.jpg\",\"width\":750,\"height\":750},{\"@type\":\"BreadcrumbList\",\"@id\":\"https:\\\/\\\/anadolupet.com.tr\\\/urun\\\/eheim-hava-hortumu-3m\\\/#breadcrumb\",\"itemListElement\":[{\"@type\":\"ListItem\",\"position\":1,\"name\":\"Anasayfa\",\"item\":\"https:\\\/\\\/anadolupet.com.tr\\\/\"},{\"@type\":\"ListItem\",\"position\":2,\"name\":\"\u00dcr\u00fcnler\",\"item\":\"https:\\\/\\\/anadolupet.com.tr\\\/urunler\\\/\"},{\"@type\":\"ListItem\",\"position\":3,\"name\":\"EHEIM Hava Hortumu 3M\"}]},{\"@type\":\"WebSite\",\"@id\":\"https:\\\/\\\/anadolupet.com.tr\\\/#website\",\"url\":\"https:\\\/\\\/anadolupet.com.tr\\\/\",\"name\":\"Anadolu Pet Grup\",\"description\":\"Her Can\u0131n \u0130yi Ya\u015fam\u0131 \u0130\u00e7in Biraraday\u0131z\",\"publisher\":{\"@id\":\"https:\\\/\\\/anadolupet.com.tr\\\/#organization\"},\"potentialAction\":[{\"@type\":\"SearchAction\",\"target\":{\"@type\":\"EntryPoint\",\"urlTemplate\":\"https:\\\/\\\/anadolupet.com.tr\\\/?s={search_term_string}\"},\"query-input\":{\"@type\":\"PropertyValueSpecification\",\"valueRequired\":true,\"valueName\":\"search_term_string\"}}],\"inLanguage\":\"en-US\"},{\"@type\":\"Organization\",\"@id\":\"https:\\\/\\\/anadolupet.com.tr\\\/#organization\",\"name\":\"Anadolu Pet Grup\",\"alternateName\":\"Anadolu Pet\",\"url\":\"https:\\\/\\\/anadolupet.com.tr\\\/\",\"logo\":{\"@type\":\"ImageObject\",\"inLanguage\":\"en-US\",\"@id\":\"https:\\\/\\\/anadolupet.com.tr\\\/#\\\/schema\\\/logo\\\/image\\\/\",\"url\":\"https:\\\/\\\/anadolupet.com.tr\\\/wp-content\\\/uploads\\\/2026\\\/03\\\/1614666743370.jpg\",\"contentUrl\":\"https:\\\/\\\/anadolupet.com.tr\\\/wp-content\\\/uploads\\\/2026\\\/03\\\/1614666743370.jpg\",\"width\":800,\"height\":571,\"caption\":\"Anadolu Pet Grup\"},\"image\":{\"@id\":\"https:\\\/\\\/anadolupet.com.tr\\\/#\\\/schema\\\/logo\\\/image\\\/\"}}]}<\/script>\n<!-- \/ Yoast SEO plugin. -->","yoast_head_json":{"title":"EHEIM Hava Hortumu 3M - Anadolu Pet Grup","robots":{"index":"index","follow":"follow","max-snippet":"max-snippet:-1","max-image-preview":"max-image-preview:large","max-video-preview":"max-video-preview:-1"},"canonical":"https:\/\/anadolupet.com.tr\/en\/product\/eheim-hava-hortumu-3m\/","og_locale":"en_US","og_type":"article","og_title":"EHEIM Hava Hortumu 3M - Anadolu Pet Grup","og_description":"EHEIM hortum \u00d84\/6 mm (3 metre), akvaryum ekipmanlar\u0131 i\u00e7in \u00f6zel olarak \u00fcretilmi\u015f orijinal ba\u011flant\u0131 hortumudur. Hava pompalar\u0131, CO\u2082 sistemleri ve k\u00fc\u00e7\u00fck \u00e7apl\u0131 su ba\u011flant\u0131lar\u0131 i\u00e7in uygundur. Avantajlar ve \u00d6zellikler Orijinal EHEIM hortum \u2013 tam uyum ve g\u00fcvenilirlik \u0130\u00e7 \u00e7ap: 4 mm D\u0131\u015f \u00e7ap: 6 mm Uzunluk: 3 metre Esnek ve dayan\u0131kl\u0131 plastik malzeme Hava pompalar\u0131, CO\u2082 sistemleri ve k\u00fc\u00e7\u00fck ba\u011flant\u0131lar i\u00e7in ideal Kolay kesilebilir ve tak\u0131labilir","og_url":"https:\/\/anadolupet.com.tr\/en\/product\/eheim-hava-hortumu-3m\/","og_site_name":"Anadolu Pet Grup","article_modified_time":"2026-02-23T12:48:08+00:00","og_image":[{"width":750,"height":750,"url":"https:\/\/anadolupet.com.tr\/wp-content\/uploads\/2026\/02\/105-4002943.jpg","type":"image\/jpeg"}],"twitter_card":"summary_large_image","schema":{"@context":"https:\/\/schema.org","@graph":[{"@type":"WebPage","@id":"https:\/\/anadolupet.com.tr\/urun\/eheim-hava-hortumu-3m\/","url":"https:\/\/anadolupet.com.tr\/urun\/eheim-hava-hortumu-3m\/","name":"EHEIM Hava Hortumu 3M - Anadolu Pet Grup","isPartOf":{"@id":"https:\/\/anadolupet.com.tr\/#website"},"primaryImageOfPage":{"@id":"https:\/\/anadolupet.com.tr\/urun\/eheim-hava-hortumu-3m\/#primaryimage"},"image":{"@id":"https:\/\/anadolupet.com.tr\/urun\/eheim-hava-hortumu-3m\/#primaryimage"},"thumbnailUrl":"https:\/\/anadolupet.com.tr\/wp-content\/uploads\/2026\/02\/105-4002943.jpg","datePublished":"2026-02-14T14:39:57+00:00","dateModified":"2026-02-23T12:48:08+00:00","breadcrumb":{"@id":"https:\/\/anadolupet.com.tr\/urun\/eheim-hava-hortumu-3m\/#breadcrumb"},"inLanguage":"en-US","potentialAction":[{"@type":"ReadAction","target":["https:\/\/anadolupet.com.tr\/urun\/eheim-hava-hortumu-3m\/"]}]},{"@type":"ImageObject","inLanguage":"en-US","@id":"https:\/\/anadolupet.com.tr\/urun\/eheim-hava-hortumu-3m\/#primaryimage","url":"https:\/\/anadolupet.com.tr\/wp-content\/uploads\/2026\/02\/105-4002943.jpg","contentUrl":"https:\/\/anadolupet.com.tr\/wp-content\/uploads\/2026\/02\/105-4002943.jpg","width":750,"height":750},{"@type":"BreadcrumbList","@id":"https:\/\/anadolupet.com.tr\/urun\/eheim-hava-hortumu-3m\/#breadcrumb","itemListElement":[{"@type":"ListItem","position":1,"name":"Anasayfa","item":"https:\/\/anadolupet.com.tr\/"},{"@type":"ListItem","position":2,"name":"\u00dcr\u00fcnler","item":"https:\/\/anadolupet.com.tr\/urunler\/"},{"@type":"ListItem","position":3,"name":"EHEIM Hava Hortumu 3M"}]},{"@type":"WebSite","@id":"https:\/\/anadolupet.com.tr\/#website","url":"https:\/\/anadolupet.com.tr\/","name":"Anadolu Pet Group","description":"We Stand Together for the Well-Being of Every Life","publisher":{"@id":"https:\/\/anadolupet.com.tr\/#organization"},"potentialAction":[{"@type":"SearchAction","target":{"@type":"EntryPoint","urlTemplate":"https:\/\/anadolupet.com.tr\/?s={search_term_string}"},"query-input":{"@type":"PropertyValueSpecification","valueRequired":true,"valueName":"search_term_string"}}],"inLanguage":"en-US"},{"@type":"Organization","@id":"https:\/\/anadolupet.com.tr\/#organization","name":"Anadolu Pet Group","alternateName":"Anadolu Pet","url":"https:\/\/anadolupet.com.tr\/","logo":{"@type":"ImageObject","inLanguage":"en-US","@id":"https:\/\/anadolupet.com.tr\/#\/schema\/logo\/image\/","url":"https:\/\/anadolupet.com.tr\/wp-content\/uploads\/2026\/03\/1614666743370.jpg","contentUrl":"https:\/\/anadolupet.com.tr\/wp-content\/uploads\/2026\/03\/1614666743370.jpg","width":800,"height":571,"caption":"Anadolu Pet Grup"},"image":{"@id":"https:\/\/anadolupet.com.tr\/#\/schema\/logo\/image\/"}}]}},"_links":{"self":[{"href":"https:\/\/anadolupet.com.tr\/en\/wp-json\/wp\/v2\/product\/44896","targetHints":{"allow":["GET"]}}],"collection":[{"href":"https:\/\/anadolupet.com.tr\/en\/wp-json\/wp\/v2\/product"}],"about":[{"href":"https:\/\/anadolupet.com.tr\/en\/wp-json\/wp\/v2\/types\/product"}],"replies":[{"embeddable":true,"href":"https:\/\/anadolupet.com.tr\/en\/wp-json\/wp\/v2\/comments?post=44896"}],"wp:featuredmedia":[{"embeddable":true,"href":"https:\/\/anadolupet.com.tr\/en\/wp-json\/wp\/v2\/media\/42451"}],"wp:attachment":[{"href":"https:\/\/anadolupet.com.tr\/en\/wp-json\/wp\/v2\/media?parent=44896"}],"wp:term":[{"taxonomy":"product_brand","embeddable":true,"href":"https:\/\/anadolupet.com.tr\/en\/wp-json\/wp\/v2\/product_brand?post=44896"},{"taxonomy":"product_cat","embeddable":true,"href":"https:\/\/anadolupet.com.tr\/en\/wp-json\/wp\/v2\/product_cat?post=44896"},{"taxonomy":"product_tag","embeddable":true,"href":"https:\/\/anadolupet.com.tr\/en\/wp-json\/wp\/v2\/product_tag?post=44896"}],"curies":[{"name":"wp","href":"https:\/\/api.w.org\/{rel}","templated":true}]}}