{"id":44906,"date":"2026-02-14T14:40:01","date_gmt":"2026-02-14T14:40:01","guid":{"rendered":"https:\/\/anadolupet.com.tr\/?post_type=product&#038;p=44906"},"modified":"2026-02-23T12:48:09","modified_gmt":"2026-02-23T12:48:09","slug":"eheim-ikili-boru-vantuzu-16-22mm","status":"publish","type":"product","link":"https:\/\/anadolupet.com.tr\/en\/urun\/eheim-ikili-boru-vantuzu-16-22mm\/","title":{"rendered":"EHEIM \u0130kili Boru Vantuzu 16-22mm"},"content":{"rendered":"","protected":false},"excerpt":{"rendered":"<p>EHEIM boru vantuzu (suction cup with clip), \u00d816\/22 mm hortum ve borular i\u00e7in tasarlanm\u0131\u015f orijinal ba\u011flant\u0131 aksesuar\u0131d\u0131r. Akvaryum cam\u0131na sabitlenerek hortum veya borular\u0131n d\u00fczenli \u015fekilde konumland\u0131r\u0131lmas\u0131n\u0131 sa\u011flar. B\u00f6ylece hortumlar\u0131n kaymas\u0131, b\u00fck\u00fclmesi veya su ak\u0131\u015f\u0131n\u0131n kesintiye u\u011framas\u0131 \u00f6nlenir.<\/p>\n<p>Avantajlar ve \u00d6zellikler<br \/>\nOrijinal EHEIM yedek par\u00e7a \u2013 tam uyum ve g\u00fcvenilirlik<\/p>\n<p>\u00d816\/22 mm hortum ve borular i\u00e7in uygun<\/p>\n<p>2 adet paket \u2013 pratik ve ekonomik \u00e7\u00f6z\u00fcm<\/p>\n<p>Hortum ve borular\u0131 akvaryum cam\u0131na sabitler<\/p>\n<p>Kayma ve b\u00fck\u00fclmeleri \u00f6nler \u2013 su ak\u0131\u015f\u0131n\u0131 d\u00fczenler<\/p>\n<p>Dayan\u0131kl\u0131 vantuz malzemesi \u2013 uzun \u00f6m\u00fcrl\u00fc kullan\u0131m<\/p>\n<p>Tatl\u0131 ve tuzlu su akvaryumlar\u0131 i\u00e7in uygun<\/p>","protected":false},"featured_media":42558,"comment_status":"open","ping_status":"closed","template":"","meta":{"_acf_changed":false},"product_brand":[],"product_cat":[2379],"product_tag":[],"class_list":{"0":"post-44906","1":"product","2":"type-product","3":"status-publish","4":"has-post-thumbnail","6":"product_cat-borular-ve-vantuzlar","8":"first","9":"instock","10":"shipping-taxable","11":"product-type-simple"},"acf":[],"yoast_head":"<!-- This site is optimized with the Yoast SEO plugin v27.5 - https:\/\/yoast.com\/product\/yoast-seo-wordpress\/ -->\n<title>EHEIM \u0130kili Boru Vantuzu 16-22mm - Anadolu Pet Grup<\/title>\n<meta name=\"robots\" content=\"index, follow, max-snippet:-1, max-image-preview:large, max-video-preview:-1\" \/>\n<link rel=\"canonical\" href=\"https:\/\/anadolupet.com.tr\/en\/product\/eheim-ikili-boru-vantuzu-16-22mm\/\" \/>\n<meta property=\"og:locale\" content=\"en_US\" \/>\n<meta property=\"og:type\" content=\"article\" \/>\n<meta property=\"og:title\" content=\"EHEIM \u0130kili Boru Vantuzu 16-22mm - Anadolu Pet Grup\" \/>\n<meta property=\"og:description\" content=\"EHEIM boru vantuzu (suction cup with clip), \u00d816\/22 mm hortum ve borular i\u00e7in tasarlanm\u0131\u015f orijinal ba\u011flant\u0131 aksesuar\u0131d\u0131r. Akvaryum cam\u0131na sabitlenerek hortum veya borular\u0131n d\u00fczenli \u015fekilde konumland\u0131r\u0131lmas\u0131n\u0131 sa\u011flar. B\u00f6ylece hortumlar\u0131n kaymas\u0131, b\u00fck\u00fclmesi veya su ak\u0131\u015f\u0131n\u0131n kesintiye u\u011framas\u0131 \u00f6nlenir. Avantajlar ve \u00d6zellikler Orijinal EHEIM yedek par\u00e7a \u2013 tam uyum ve g\u00fcvenilirlik \u00d816\/22 mm hortum ve borular i\u00e7in uygun 2 adet paket \u2013 pratik ve ekonomik \u00e7\u00f6z\u00fcm Hortum ve borular\u0131 akvaryum cam\u0131na sabitler Kayma ve b\u00fck\u00fclmeleri \u00f6nler \u2013 su ak\u0131\u015f\u0131n\u0131 d\u00fczenler Dayan\u0131kl\u0131 vantuz malzemesi \u2013 uzun \u00f6m\u00fcrl\u00fc kullan\u0131m Tatl\u0131 ve tuzlu su akvaryumlar\u0131 i\u00e7in uygun\" \/>\n<meta property=\"og:url\" content=\"https:\/\/anadolupet.com.tr\/en\/product\/eheim-ikili-boru-vantuzu-16-22mm\/\" \/>\n<meta property=\"og:site_name\" content=\"Anadolu Pet Grup\" \/>\n<meta property=\"article:modified_time\" content=\"2026-02-23T12:48:09+00:00\" \/>\n<meta property=\"og:image\" content=\"https:\/\/anadolupet.com.tr\/wp-content\/uploads\/2026\/02\/110-4015150.jpg\" \/>\n\t<meta property=\"og:image:width\" content=\"750\" \/>\n\t<meta property=\"og:image:height\" content=\"750\" \/>\n\t<meta property=\"og:image:type\" content=\"image\/jpeg\" \/>\n<meta name=\"twitter:card\" content=\"summary_large_image\" \/>\n<script type=\"application\/ld+json\" class=\"yoast-schema-graph\">{\"@context\":\"https:\\\/\\\/schema.org\",\"@graph\":[{\"@type\":\"WebPage\",\"@id\":\"https:\\\/\\\/anadolupet.com.tr\\\/urun\\\/eheim-ikili-boru-vantuzu-16-22mm\\\/\",\"url\":\"https:\\\/\\\/anadolupet.com.tr\\\/urun\\\/eheim-ikili-boru-vantuzu-16-22mm\\\/\",\"name\":\"EHEIM \u0130kili Boru Vantuzu 16-22mm - Anadolu Pet Grup\",\"isPartOf\":{\"@id\":\"https:\\\/\\\/anadolupet.com.tr\\\/#website\"},\"primaryImageOfPage\":{\"@id\":\"https:\\\/\\\/anadolupet.com.tr\\\/urun\\\/eheim-ikili-boru-vantuzu-16-22mm\\\/#primaryimage\"},\"image\":{\"@id\":\"https:\\\/\\\/anadolupet.com.tr\\\/urun\\\/eheim-ikili-boru-vantuzu-16-22mm\\\/#primaryimage\"},\"thumbnailUrl\":\"https:\\\/\\\/anadolupet.com.tr\\\/wp-content\\\/uploads\\\/2026\\\/02\\\/110-4015150.jpg\",\"datePublished\":\"2026-02-14T14:40:01+00:00\",\"dateModified\":\"2026-02-23T12:48:09+00:00\",\"breadcrumb\":{\"@id\":\"https:\\\/\\\/anadolupet.com.tr\\\/urun\\\/eheim-ikili-boru-vantuzu-16-22mm\\\/#breadcrumb\"},\"inLanguage\":\"en-US\",\"potentialAction\":[{\"@type\":\"ReadAction\",\"target\":[\"https:\\\/\\\/anadolupet.com.tr\\\/urun\\\/eheim-ikili-boru-vantuzu-16-22mm\\\/\"]}]},{\"@type\":\"ImageObject\",\"inLanguage\":\"en-US\",\"@id\":\"https:\\\/\\\/anadolupet.com.tr\\\/urun\\\/eheim-ikili-boru-vantuzu-16-22mm\\\/#primaryimage\",\"url\":\"https:\\\/\\\/anadolupet.com.tr\\\/wp-content\\\/uploads\\\/2026\\\/02\\\/110-4015150.jpg\",\"contentUrl\":\"https:\\\/\\\/anadolupet.com.tr\\\/wp-content\\\/uploads\\\/2026\\\/02\\\/110-4015150.jpg\",\"width\":750,\"height\":750},{\"@type\":\"BreadcrumbList\",\"@id\":\"https:\\\/\\\/anadolupet.com.tr\\\/urun\\\/eheim-ikili-boru-vantuzu-16-22mm\\\/#breadcrumb\",\"itemListElement\":[{\"@type\":\"ListItem\",\"position\":1,\"name\":\"Anasayfa\",\"item\":\"https:\\\/\\\/anadolupet.com.tr\\\/\"},{\"@type\":\"ListItem\",\"position\":2,\"name\":\"\u00dcr\u00fcnler\",\"item\":\"https:\\\/\\\/anadolupet.com.tr\\\/urunler\\\/\"},{\"@type\":\"ListItem\",\"position\":3,\"name\":\"EHEIM \u0130kili Boru Vantuzu 16-22mm\"}]},{\"@type\":\"WebSite\",\"@id\":\"https:\\\/\\\/anadolupet.com.tr\\\/#website\",\"url\":\"https:\\\/\\\/anadolupet.com.tr\\\/\",\"name\":\"Anadolu Pet Grup\",\"description\":\"Her Can\u0131n \u0130yi Ya\u015fam\u0131 \u0130\u00e7in Biraraday\u0131z\",\"publisher\":{\"@id\":\"https:\\\/\\\/anadolupet.com.tr\\\/#organization\"},\"potentialAction\":[{\"@type\":\"SearchAction\",\"target\":{\"@type\":\"EntryPoint\",\"urlTemplate\":\"https:\\\/\\\/anadolupet.com.tr\\\/?s={search_term_string}\"},\"query-input\":{\"@type\":\"PropertyValueSpecification\",\"valueRequired\":true,\"valueName\":\"search_term_string\"}}],\"inLanguage\":\"en-US\"},{\"@type\":\"Organization\",\"@id\":\"https:\\\/\\\/anadolupet.com.tr\\\/#organization\",\"name\":\"Anadolu Pet Grup\",\"alternateName\":\"Anadolu Pet\",\"url\":\"https:\\\/\\\/anadolupet.com.tr\\\/\",\"logo\":{\"@type\":\"ImageObject\",\"inLanguage\":\"en-US\",\"@id\":\"https:\\\/\\\/anadolupet.com.tr\\\/#\\\/schema\\\/logo\\\/image\\\/\",\"url\":\"https:\\\/\\\/anadolupet.com.tr\\\/wp-content\\\/uploads\\\/2026\\\/03\\\/1614666743370.jpg\",\"contentUrl\":\"https:\\\/\\\/anadolupet.com.tr\\\/wp-content\\\/uploads\\\/2026\\\/03\\\/1614666743370.jpg\",\"width\":800,\"height\":571,\"caption\":\"Anadolu Pet Grup\"},\"image\":{\"@id\":\"https:\\\/\\\/anadolupet.com.tr\\\/#\\\/schema\\\/logo\\\/image\\\/\"}}]}<\/script>\n<!-- \/ Yoast SEO plugin. -->","yoast_head_json":{"title":"EHEIM \u0130kili Boru Vantuzu 16-22mm - Anadolu Pet Grup","robots":{"index":"index","follow":"follow","max-snippet":"max-snippet:-1","max-image-preview":"max-image-preview:large","max-video-preview":"max-video-preview:-1"},"canonical":"https:\/\/anadolupet.com.tr\/en\/product\/eheim-ikili-boru-vantuzu-16-22mm\/","og_locale":"en_US","og_type":"article","og_title":"EHEIM \u0130kili Boru Vantuzu 16-22mm - Anadolu Pet Grup","og_description":"EHEIM boru vantuzu (suction cup with clip), \u00d816\/22 mm hortum ve borular i\u00e7in tasarlanm\u0131\u015f orijinal ba\u011flant\u0131 aksesuar\u0131d\u0131r. Akvaryum cam\u0131na sabitlenerek hortum veya borular\u0131n d\u00fczenli \u015fekilde konumland\u0131r\u0131lmas\u0131n\u0131 sa\u011flar. B\u00f6ylece hortumlar\u0131n kaymas\u0131, b\u00fck\u00fclmesi veya su ak\u0131\u015f\u0131n\u0131n kesintiye u\u011framas\u0131 \u00f6nlenir. Avantajlar ve \u00d6zellikler Orijinal EHEIM yedek par\u00e7a \u2013 tam uyum ve g\u00fcvenilirlik \u00d816\/22 mm hortum ve borular i\u00e7in uygun 2 adet paket \u2013 pratik ve ekonomik \u00e7\u00f6z\u00fcm Hortum ve borular\u0131 akvaryum cam\u0131na sabitler Kayma ve b\u00fck\u00fclmeleri \u00f6nler \u2013 su ak\u0131\u015f\u0131n\u0131 d\u00fczenler Dayan\u0131kl\u0131 vantuz malzemesi \u2013 uzun \u00f6m\u00fcrl\u00fc kullan\u0131m Tatl\u0131 ve tuzlu su akvaryumlar\u0131 i\u00e7in uygun","og_url":"https:\/\/anadolupet.com.tr\/en\/product\/eheim-ikili-boru-vantuzu-16-22mm\/","og_site_name":"Anadolu Pet Grup","article_modified_time":"2026-02-23T12:48:09+00:00","og_image":[{"width":750,"height":750,"url":"https:\/\/anadolupet.com.tr\/wp-content\/uploads\/2026\/02\/110-4015150.jpg","type":"image\/jpeg"}],"twitter_card":"summary_large_image","schema":{"@context":"https:\/\/schema.org","@graph":[{"@type":"WebPage","@id":"https:\/\/anadolupet.com.tr\/urun\/eheim-ikili-boru-vantuzu-16-22mm\/","url":"https:\/\/anadolupet.com.tr\/urun\/eheim-ikili-boru-vantuzu-16-22mm\/","name":"EHEIM \u0130kili Boru Vantuzu 16-22mm - Anadolu Pet Grup","isPartOf":{"@id":"https:\/\/anadolupet.com.tr\/#website"},"primaryImageOfPage":{"@id":"https:\/\/anadolupet.com.tr\/urun\/eheim-ikili-boru-vantuzu-16-22mm\/#primaryimage"},"image":{"@id":"https:\/\/anadolupet.com.tr\/urun\/eheim-ikili-boru-vantuzu-16-22mm\/#primaryimage"},"thumbnailUrl":"https:\/\/anadolupet.com.tr\/wp-content\/uploads\/2026\/02\/110-4015150.jpg","datePublished":"2026-02-14T14:40:01+00:00","dateModified":"2026-02-23T12:48:09+00:00","breadcrumb":{"@id":"https:\/\/anadolupet.com.tr\/urun\/eheim-ikili-boru-vantuzu-16-22mm\/#breadcrumb"},"inLanguage":"en-US","potentialAction":[{"@type":"ReadAction","target":["https:\/\/anadolupet.com.tr\/urun\/eheim-ikili-boru-vantuzu-16-22mm\/"]}]},{"@type":"ImageObject","inLanguage":"en-US","@id":"https:\/\/anadolupet.com.tr\/urun\/eheim-ikili-boru-vantuzu-16-22mm\/#primaryimage","url":"https:\/\/anadolupet.com.tr\/wp-content\/uploads\/2026\/02\/110-4015150.jpg","contentUrl":"https:\/\/anadolupet.com.tr\/wp-content\/uploads\/2026\/02\/110-4015150.jpg","width":750,"height":750},{"@type":"BreadcrumbList","@id":"https:\/\/anadolupet.com.tr\/urun\/eheim-ikili-boru-vantuzu-16-22mm\/#breadcrumb","itemListElement":[{"@type":"ListItem","position":1,"name":"Anasayfa","item":"https:\/\/anadolupet.com.tr\/"},{"@type":"ListItem","position":2,"name":"\u00dcr\u00fcnler","item":"https:\/\/anadolupet.com.tr\/urunler\/"},{"@type":"ListItem","position":3,"name":"EHEIM \u0130kili Boru Vantuzu 16-22mm"}]},{"@type":"WebSite","@id":"https:\/\/anadolupet.com.tr\/#website","url":"https:\/\/anadolupet.com.tr\/","name":"Anadolu Pet Group","description":"We Stand Together for the Well-Being of Every Life","publisher":{"@id":"https:\/\/anadolupet.com.tr\/#organization"},"potentialAction":[{"@type":"SearchAction","target":{"@type":"EntryPoint","urlTemplate":"https:\/\/anadolupet.com.tr\/?s={search_term_string}"},"query-input":{"@type":"PropertyValueSpecification","valueRequired":true,"valueName":"search_term_string"}}],"inLanguage":"en-US"},{"@type":"Organization","@id":"https:\/\/anadolupet.com.tr\/#organization","name":"Anadolu Pet Group","alternateName":"Anadolu Pet","url":"https:\/\/anadolupet.com.tr\/","logo":{"@type":"ImageObject","inLanguage":"en-US","@id":"https:\/\/anadolupet.com.tr\/#\/schema\/logo\/image\/","url":"https:\/\/anadolupet.com.tr\/wp-content\/uploads\/2026\/03\/1614666743370.jpg","contentUrl":"https:\/\/anadolupet.com.tr\/wp-content\/uploads\/2026\/03\/1614666743370.jpg","width":800,"height":571,"caption":"Anadolu Pet Grup"},"image":{"@id":"https:\/\/anadolupet.com.tr\/#\/schema\/logo\/image\/"}}]}},"_links":{"self":[{"href":"https:\/\/anadolupet.com.tr\/en\/wp-json\/wp\/v2\/product\/44906","targetHints":{"allow":["GET"]}}],"collection":[{"href":"https:\/\/anadolupet.com.tr\/en\/wp-json\/wp\/v2\/product"}],"about":[{"href":"https:\/\/anadolupet.com.tr\/en\/wp-json\/wp\/v2\/types\/product"}],"replies":[{"embeddable":true,"href":"https:\/\/anadolupet.com.tr\/en\/wp-json\/wp\/v2\/comments?post=44906"}],"wp:featuredmedia":[{"embeddable":true,"href":"https:\/\/anadolupet.com.tr\/en\/wp-json\/wp\/v2\/media\/42558"}],"wp:attachment":[{"href":"https:\/\/anadolupet.com.tr\/en\/wp-json\/wp\/v2\/media?parent=44906"}],"wp:term":[{"taxonomy":"product_brand","embeddable":true,"href":"https:\/\/anadolupet.com.tr\/en\/wp-json\/wp\/v2\/product_brand?post=44906"},{"taxonomy":"product_cat","embeddable":true,"href":"https:\/\/anadolupet.com.tr\/en\/wp-json\/wp\/v2\/product_cat?post=44906"},{"taxonomy":"product_tag","embeddable":true,"href":"https:\/\/anadolupet.com.tr\/en\/wp-json\/wp\/v2\/product_tag?post=44906"}],"curies":[{"name":"wp","href":"https:\/\/api.w.org\/{rel}","templated":true}]}}