{"id":44909,"date":"2026-02-14T14:40:01","date_gmt":"2026-02-14T14:40:01","guid":{"rendered":"https:\/\/anadolupet.com.tr\/?post_type=product&#038;p=44909"},"modified":"2026-02-23T12:48:09","modified_gmt":"2026-02-23T12:48:09","slug":"eheim-jager-thermo-control-akvaryum-isiticisi-300w","status":"publish","type":"product","link":"https:\/\/anadolupet.com.tr\/en\/urun\/eheim-jager-thermo-control-akvaryum-isiticisi-300w\/","title":{"rendered":"EHEIM Jager Thermo Control Akvaryum Is\u0131t\u0131c\u0131s\u0131 300W"},"content":{"rendered":"","protected":false},"excerpt":{"rendered":"<p>EHEIM hassas \u0131s\u0131t\u0131c\u0131, bal\u0131klar\u0131n\u0131z\u0131n ihtiya\u00e7 duydu\u011fu tam do\u011fru s\u0131cakl\u0131\u011f\u0131 sa\u011flar. Klasik \u0131s\u0131t\u0131c\u0131 \u00e7ubuk prensibi \u00fczerine geli\u015ftirilmi\u015f bu cihaz, g\u00fcn\u00fcm\u00fczde ultra-modern elektronik termal teknoloji ile donat\u0131lm\u0131\u015ft\u0131r. \u00d6zel laboratuvar cam\u0131ndan \u00fcretilen d\u0131\u015f k\u0131l\u0131f, \u0131s\u0131tma y\u00fczeyini art\u0131r\u0131r, \u0131s\u0131y\u0131 e\u015fit \u015fekilde da\u011f\u0131t\u0131r ve ayn\u0131 zamanda bir \u0131s\u0131 kalkan\u0131 g\u00f6revi g\u00f6rerek canl\u0131lara zarar vermeden optimum \u0131s\u0131 yay\u0131l\u0131m\u0131 sa\u011flar.<\/p>\n<p>20 litreden 1000 litreye kadar farkl\u0131 akvaryum boyutlar\u0131 i\u00e7in 9 farkl\u0131 model mevcuttur. Tatl\u0131 su ve tuzlu su akvaryumlar\u0131 i\u00e7in uygundur.<\/p>\n<p>Avantajlar ve \u00d6zellikler<br \/>\n18\u201334 \u00b0C aras\u0131nda hassas s\u0131cakl\u0131k ayar\u0131<\/p>\n<p>\u00b12 \u00b0C g\u00fcvenli yeniden kalibrasyon imk\u00e2n\u0131<\/p>\n<p>\u00b10,5 \u00b0C s\u0131cakl\u0131k kontrol hassasiyeti<\/p>\n<p>Is\u0131 sabit seviyede tutulur<\/p>\n<p>Is\u0131tma fonksiyonu kontrol lambas\u0131 ile g\u00f6sterilir<\/p>\n<p>Tamamen su ge\u00e7irmez \u2013 akvaryuma tamamen dald\u0131r\u0131labilir<\/p>\n<p>Thermo Safety Control \u2013 otomatik kuru \u00e7al\u0131\u015fmay\u0131 \u00f6nleyen g\u00fcvenlik sistemi<\/p>\n<p>\u00d6zel laboratuvar cam\u0131 k\u0131l\u0131f:<\/p>\n<p>Is\u0131tma y\u00fczeyini art\u0131r\u0131r<\/p>\n<p>Is\u0131y\u0131 yo\u011funla\u015ft\u0131r\u0131r ve e\u015fit da\u011f\u0131t\u0131r<\/p>\n<p>Is\u0131 kalkan\u0131 g\u00f6revi g\u00f6r\u00fcr \u2013 canl\u0131lara zarar vermez<\/p>\n<p>170 cm kablo uzunlu\u011fu \u2013 pratik kullan\u0131m<\/p>\n<p>\u00c7ift vantuz tutucu ile kolay sabitleme<\/p>\n<p>9 farkl\u0131 boyut \u2013 20 ila 1000 litre akvaryumlar i\u00e7in<\/p>\n<p>Tatl\u0131 su ve deniz suyu akvaryumlar\u0131na uygun<\/p>\n<p>Made in Germany \u2013 kalite, g\u00fcvenlik ve uzun \u00f6m\u00fcr<\/p>\n<p>Cam K\u0131l\u0131f\u0131n Yenilik\u00e7i \u00d6zellikleri<br \/>\nAra\u015ft\u0131rma ama\u00e7l\u0131 geli\u015ftirilmi\u015f \u00f6zel laboratuvar cam\u0131ndan \u00fcretilmi\u015ftir<\/p>\n<p>Suya zararl\u0131 olabilecek hi\u00e7bir madde i\u00e7ermez<\/p>\n<p>Kimyasal ve biyolojik maddelere kar\u015f\u0131 dayan\u0131kl\u0131d\u0131r<\/p>\n<p>\u00c7atlak veya g\u00f6zenek olu\u015fmaz \u2013 yo\u011fu\u015fma suya s\u0131zamaz<\/p>\n<p>Su de\u011fi\u015fimlerinde olu\u015fabilecek ani s\u0131cakl\u0131k dalgalanmalar\u0131na kar\u015f\u0131 dayan\u0131kl\u0131d\u0131r<\/p>","protected":false},"featured_media":42419,"comment_status":"open","ping_status":"closed","template":"","meta":{"_acf_changed":false},"product_brand":[],"product_cat":[2391],"product_tag":[],"class_list":{"0":"post-44909","1":"product","2":"type-product","3":"status-publish","4":"has-post-thumbnail","6":"product_cat-isiticilar","8":"first","9":"instock","10":"shipping-taxable","11":"product-type-simple"},"acf":[],"yoast_head":"<!-- This site is optimized with the Yoast SEO plugin v27.5 - https:\/\/yoast.com\/product\/yoast-seo-wordpress\/ -->\n<title>EHEIM Jager Thermo Control Akvaryum Is\u0131t\u0131c\u0131s\u0131 300W - Anadolu Pet Grup<\/title>\n<meta name=\"robots\" content=\"index, follow, max-snippet:-1, max-image-preview:large, max-video-preview:-1\" \/>\n<link rel=\"canonical\" href=\"https:\/\/anadolupet.com.tr\/en\/product\/eheim-jager-thermo-control-akvaryum-isiticisi-300w\/\" \/>\n<meta property=\"og:locale\" content=\"en_US\" \/>\n<meta property=\"og:type\" content=\"article\" \/>\n<meta property=\"og:title\" content=\"EHEIM Jager Thermo Control Akvaryum Is\u0131t\u0131c\u0131s\u0131 300W - Anadolu Pet Grup\" \/>\n<meta property=\"og:description\" content=\"EHEIM hassas \u0131s\u0131t\u0131c\u0131, bal\u0131klar\u0131n\u0131z\u0131n ihtiya\u00e7 duydu\u011fu tam do\u011fru s\u0131cakl\u0131\u011f\u0131 sa\u011flar. Klasik \u0131s\u0131t\u0131c\u0131 \u00e7ubuk prensibi \u00fczerine geli\u015ftirilmi\u015f bu cihaz, g\u00fcn\u00fcm\u00fczde ultra-modern elektronik termal teknoloji ile donat\u0131lm\u0131\u015ft\u0131r. \u00d6zel laboratuvar cam\u0131ndan \u00fcretilen d\u0131\u015f k\u0131l\u0131f, \u0131s\u0131tma y\u00fczeyini art\u0131r\u0131r, \u0131s\u0131y\u0131 e\u015fit \u015fekilde da\u011f\u0131t\u0131r ve ayn\u0131 zamanda bir \u0131s\u0131 kalkan\u0131 g\u00f6revi g\u00f6rerek canl\u0131lara zarar vermeden optimum \u0131s\u0131 yay\u0131l\u0131m\u0131 sa\u011flar. 20 litreden 1000 litreye kadar farkl\u0131 akvaryum boyutlar\u0131 i\u00e7in 9 farkl\u0131 model mevcuttur. Tatl\u0131 su ve tuzlu su akvaryumlar\u0131 i\u00e7in uygundur. Avantajlar ve \u00d6zellikler 18\u201334 \u00b0C aras\u0131nda hassas s\u0131cakl\u0131k ayar\u0131 \u00b12 \u00b0C g\u00fcvenli yeniden kalibrasyon imk\u00e2n\u0131 \u00b10,5 \u00b0C s\u0131cakl\u0131k kontrol hassasiyeti Is\u0131 sabit seviyede tutulur Is\u0131tma fonksiyonu kontrol lambas\u0131 ile g\u00f6sterilir Tamamen su ge\u00e7irmez \u2013 akvaryuma tamamen dald\u0131r\u0131labilir Thermo Safety Control \u2013 otomatik kuru \u00e7al\u0131\u015fmay\u0131 \u00f6nleyen g\u00fcvenlik sistemi \u00d6zel laboratuvar cam\u0131 k\u0131l\u0131f: Is\u0131tma y\u00fczeyini art\u0131r\u0131r Is\u0131y\u0131 yo\u011funla\u015ft\u0131r\u0131r ve e\u015fit da\u011f\u0131t\u0131r Is\u0131 kalkan\u0131 g\u00f6revi g\u00f6r\u00fcr \u2013 canl\u0131lara zarar vermez 170 cm kablo uzunlu\u011fu \u2013 pratik kullan\u0131m \u00c7ift vantuz tutucu ile kolay sabitleme 9 farkl\u0131 boyut \u2013 20 ila 1000 litre akvaryumlar i\u00e7in Tatl\u0131 su ve deniz suyu akvaryumlar\u0131na uygun Made in Germany \u2013 kalite, g\u00fcvenlik ve uzun \u00f6m\u00fcr Cam K\u0131l\u0131f\u0131n Yenilik\u00e7i \u00d6zellikleri Ara\u015ft\u0131rma ama\u00e7l\u0131 geli\u015ftirilmi\u015f \u00f6zel laboratuvar cam\u0131ndan \u00fcretilmi\u015ftir Suya zararl\u0131 olabilecek hi\u00e7bir madde i\u00e7ermez Kimyasal ve biyolojik maddelere kar\u015f\u0131 dayan\u0131kl\u0131d\u0131r \u00c7atlak veya g\u00f6zenek olu\u015fmaz \u2013 yo\u011fu\u015fma suya s\u0131zamaz Su de\u011fi\u015fimlerinde olu\u015fabilecek ani s\u0131cakl\u0131k dalgalanmalar\u0131na kar\u015f\u0131 dayan\u0131kl\u0131d\u0131r\" \/>\n<meta property=\"og:url\" content=\"https:\/\/anadolupet.com.tr\/en\/product\/eheim-jager-thermo-control-akvaryum-isiticisi-300w\/\" \/>\n<meta property=\"og:site_name\" content=\"Anadolu Pet Grup\" \/>\n<meta property=\"article:modified_time\" content=\"2026-02-23T12:48:09+00:00\" \/>\n<meta property=\"og:image\" content=\"https:\/\/anadolupet.com.tr\/wp-content\/uploads\/2026\/02\/105-3619010.jpg\" \/>\n\t<meta property=\"og:image:width\" content=\"750\" \/>\n\t<meta property=\"og:image:height\" content=\"750\" \/>\n\t<meta property=\"og:image:type\" content=\"image\/jpeg\" \/>\n<meta name=\"twitter:card\" content=\"summary_large_image\" \/>\n<script type=\"application\/ld+json\" class=\"yoast-schema-graph\">{\"@context\":\"https:\\\/\\\/schema.org\",\"@graph\":[{\"@type\":\"WebPage\",\"@id\":\"https:\\\/\\\/anadolupet.com.tr\\\/urun\\\/eheim-jager-thermo-control-akvaryum-isiticisi-300w\\\/\",\"url\":\"https:\\\/\\\/anadolupet.com.tr\\\/urun\\\/eheim-jager-thermo-control-akvaryum-isiticisi-300w\\\/\",\"name\":\"EHEIM Jager Thermo Control Akvaryum Is\u0131t\u0131c\u0131s\u0131 300W - Anadolu Pet Grup\",\"isPartOf\":{\"@id\":\"https:\\\/\\\/anadolupet.com.tr\\\/#website\"},\"primaryImageOfPage\":{\"@id\":\"https:\\\/\\\/anadolupet.com.tr\\\/urun\\\/eheim-jager-thermo-control-akvaryum-isiticisi-300w\\\/#primaryimage\"},\"image\":{\"@id\":\"https:\\\/\\\/anadolupet.com.tr\\\/urun\\\/eheim-jager-thermo-control-akvaryum-isiticisi-300w\\\/#primaryimage\"},\"thumbnailUrl\":\"https:\\\/\\\/anadolupet.com.tr\\\/wp-content\\\/uploads\\\/2026\\\/02\\\/105-3619010.jpg\",\"datePublished\":\"2026-02-14T14:40:01+00:00\",\"dateModified\":\"2026-02-23T12:48:09+00:00\",\"breadcrumb\":{\"@id\":\"https:\\\/\\\/anadolupet.com.tr\\\/urun\\\/eheim-jager-thermo-control-akvaryum-isiticisi-300w\\\/#breadcrumb\"},\"inLanguage\":\"en-US\",\"potentialAction\":[{\"@type\":\"ReadAction\",\"target\":[\"https:\\\/\\\/anadolupet.com.tr\\\/urun\\\/eheim-jager-thermo-control-akvaryum-isiticisi-300w\\\/\"]}]},{\"@type\":\"ImageObject\",\"inLanguage\":\"en-US\",\"@id\":\"https:\\\/\\\/anadolupet.com.tr\\\/urun\\\/eheim-jager-thermo-control-akvaryum-isiticisi-300w\\\/#primaryimage\",\"url\":\"https:\\\/\\\/anadolupet.com.tr\\\/wp-content\\\/uploads\\\/2026\\\/02\\\/105-3619010.jpg\",\"contentUrl\":\"https:\\\/\\\/anadolupet.com.tr\\\/wp-content\\\/uploads\\\/2026\\\/02\\\/105-3619010.jpg\",\"width\":750,\"height\":750},{\"@type\":\"BreadcrumbList\",\"@id\":\"https:\\\/\\\/anadolupet.com.tr\\\/urun\\\/eheim-jager-thermo-control-akvaryum-isiticisi-300w\\\/#breadcrumb\",\"itemListElement\":[{\"@type\":\"ListItem\",\"position\":1,\"name\":\"Anasayfa\",\"item\":\"https:\\\/\\\/anadolupet.com.tr\\\/\"},{\"@type\":\"ListItem\",\"position\":2,\"name\":\"\u00dcr\u00fcnler\",\"item\":\"https:\\\/\\\/anadolupet.com.tr\\\/urunler\\\/\"},{\"@type\":\"ListItem\",\"position\":3,\"name\":\"EHEIM Jager Thermo Control Akvaryum Is\u0131t\u0131c\u0131s\u0131 300W\"}]},{\"@type\":\"WebSite\",\"@id\":\"https:\\\/\\\/anadolupet.com.tr\\\/#website\",\"url\":\"https:\\\/\\\/anadolupet.com.tr\\\/\",\"name\":\"Anadolu Pet Grup\",\"description\":\"Her Can\u0131n \u0130yi Ya\u015fam\u0131 \u0130\u00e7in Biraraday\u0131z\",\"publisher\":{\"@id\":\"https:\\\/\\\/anadolupet.com.tr\\\/#organization\"},\"potentialAction\":[{\"@type\":\"SearchAction\",\"target\":{\"@type\":\"EntryPoint\",\"urlTemplate\":\"https:\\\/\\\/anadolupet.com.tr\\\/?s={search_term_string}\"},\"query-input\":{\"@type\":\"PropertyValueSpecification\",\"valueRequired\":true,\"valueName\":\"search_term_string\"}}],\"inLanguage\":\"en-US\"},{\"@type\":\"Organization\",\"@id\":\"https:\\\/\\\/anadolupet.com.tr\\\/#organization\",\"name\":\"Anadolu Pet Grup\",\"alternateName\":\"Anadolu Pet\",\"url\":\"https:\\\/\\\/anadolupet.com.tr\\\/\",\"logo\":{\"@type\":\"ImageObject\",\"inLanguage\":\"en-US\",\"@id\":\"https:\\\/\\\/anadolupet.com.tr\\\/#\\\/schema\\\/logo\\\/image\\\/\",\"url\":\"https:\\\/\\\/anadolupet.com.tr\\\/wp-content\\\/uploads\\\/2026\\\/03\\\/1614666743370.jpg\",\"contentUrl\":\"https:\\\/\\\/anadolupet.com.tr\\\/wp-content\\\/uploads\\\/2026\\\/03\\\/1614666743370.jpg\",\"width\":800,\"height\":571,\"caption\":\"Anadolu Pet Grup\"},\"image\":{\"@id\":\"https:\\\/\\\/anadolupet.com.tr\\\/#\\\/schema\\\/logo\\\/image\\\/\"}}]}<\/script>\n<!-- \/ Yoast SEO plugin. -->","yoast_head_json":{"title":"EHEIM Jager Thermo Control Akvaryum Is\u0131t\u0131c\u0131s\u0131 300W - Anadolu Pet Grup","robots":{"index":"index","follow":"follow","max-snippet":"max-snippet:-1","max-image-preview":"max-image-preview:large","max-video-preview":"max-video-preview:-1"},"canonical":"https:\/\/anadolupet.com.tr\/en\/product\/eheim-jager-thermo-control-akvaryum-isiticisi-300w\/","og_locale":"en_US","og_type":"article","og_title":"EHEIM Jager Thermo Control Akvaryum Is\u0131t\u0131c\u0131s\u0131 300W - Anadolu Pet Grup","og_description":"EHEIM hassas \u0131s\u0131t\u0131c\u0131, bal\u0131klar\u0131n\u0131z\u0131n ihtiya\u00e7 duydu\u011fu tam do\u011fru s\u0131cakl\u0131\u011f\u0131 sa\u011flar. Klasik \u0131s\u0131t\u0131c\u0131 \u00e7ubuk prensibi \u00fczerine geli\u015ftirilmi\u015f bu cihaz, g\u00fcn\u00fcm\u00fczde ultra-modern elektronik termal teknoloji ile donat\u0131lm\u0131\u015ft\u0131r. \u00d6zel laboratuvar cam\u0131ndan \u00fcretilen d\u0131\u015f k\u0131l\u0131f, \u0131s\u0131tma y\u00fczeyini art\u0131r\u0131r, \u0131s\u0131y\u0131 e\u015fit \u015fekilde da\u011f\u0131t\u0131r ve ayn\u0131 zamanda bir \u0131s\u0131 kalkan\u0131 g\u00f6revi g\u00f6rerek canl\u0131lara zarar vermeden optimum \u0131s\u0131 yay\u0131l\u0131m\u0131 sa\u011flar. 20 litreden 1000 litreye kadar farkl\u0131 akvaryum boyutlar\u0131 i\u00e7in 9 farkl\u0131 model mevcuttur. Tatl\u0131 su ve tuzlu su akvaryumlar\u0131 i\u00e7in uygundur. Avantajlar ve \u00d6zellikler 18\u201334 \u00b0C aras\u0131nda hassas s\u0131cakl\u0131k ayar\u0131 \u00b12 \u00b0C g\u00fcvenli yeniden kalibrasyon imk\u00e2n\u0131 \u00b10,5 \u00b0C s\u0131cakl\u0131k kontrol hassasiyeti Is\u0131 sabit seviyede tutulur Is\u0131tma fonksiyonu kontrol lambas\u0131 ile g\u00f6sterilir Tamamen su ge\u00e7irmez \u2013 akvaryuma tamamen dald\u0131r\u0131labilir Thermo Safety Control \u2013 otomatik kuru \u00e7al\u0131\u015fmay\u0131 \u00f6nleyen g\u00fcvenlik sistemi \u00d6zel laboratuvar cam\u0131 k\u0131l\u0131f: Is\u0131tma y\u00fczeyini art\u0131r\u0131r Is\u0131y\u0131 yo\u011funla\u015ft\u0131r\u0131r ve e\u015fit da\u011f\u0131t\u0131r Is\u0131 kalkan\u0131 g\u00f6revi g\u00f6r\u00fcr \u2013 canl\u0131lara zarar vermez 170 cm kablo uzunlu\u011fu \u2013 pratik kullan\u0131m \u00c7ift vantuz tutucu ile kolay sabitleme 9 farkl\u0131 boyut \u2013 20 ila 1000 litre akvaryumlar i\u00e7in Tatl\u0131 su ve deniz suyu akvaryumlar\u0131na uygun Made in Germany \u2013 kalite, g\u00fcvenlik ve uzun \u00f6m\u00fcr Cam K\u0131l\u0131f\u0131n Yenilik\u00e7i \u00d6zellikleri Ara\u015ft\u0131rma ama\u00e7l\u0131 geli\u015ftirilmi\u015f \u00f6zel laboratuvar cam\u0131ndan \u00fcretilmi\u015ftir Suya zararl\u0131 olabilecek hi\u00e7bir madde i\u00e7ermez Kimyasal ve biyolojik maddelere kar\u015f\u0131 dayan\u0131kl\u0131d\u0131r \u00c7atlak veya g\u00f6zenek olu\u015fmaz \u2013 yo\u011fu\u015fma suya s\u0131zamaz Su de\u011fi\u015fimlerinde olu\u015fabilecek ani s\u0131cakl\u0131k dalgalanmalar\u0131na kar\u015f\u0131 dayan\u0131kl\u0131d\u0131r","og_url":"https:\/\/anadolupet.com.tr\/en\/product\/eheim-jager-thermo-control-akvaryum-isiticisi-300w\/","og_site_name":"Anadolu Pet Grup","article_modified_time":"2026-02-23T12:48:09+00:00","og_image":[{"width":750,"height":750,"url":"https:\/\/anadolupet.com.tr\/wp-content\/uploads\/2026\/02\/105-3619010.jpg","type":"image\/jpeg"}],"twitter_card":"summary_large_image","schema":{"@context":"https:\/\/schema.org","@graph":[{"@type":"WebPage","@id":"https:\/\/anadolupet.com.tr\/urun\/eheim-jager-thermo-control-akvaryum-isiticisi-300w\/","url":"https:\/\/anadolupet.com.tr\/urun\/eheim-jager-thermo-control-akvaryum-isiticisi-300w\/","name":"EHEIM Jager Thermo Control Akvaryum Is\u0131t\u0131c\u0131s\u0131 300W - Anadolu Pet Grup","isPartOf":{"@id":"https:\/\/anadolupet.com.tr\/#website"},"primaryImageOfPage":{"@id":"https:\/\/anadolupet.com.tr\/urun\/eheim-jager-thermo-control-akvaryum-isiticisi-300w\/#primaryimage"},"image":{"@id":"https:\/\/anadolupet.com.tr\/urun\/eheim-jager-thermo-control-akvaryum-isiticisi-300w\/#primaryimage"},"thumbnailUrl":"https:\/\/anadolupet.com.tr\/wp-content\/uploads\/2026\/02\/105-3619010.jpg","datePublished":"2026-02-14T14:40:01+00:00","dateModified":"2026-02-23T12:48:09+00:00","breadcrumb":{"@id":"https:\/\/anadolupet.com.tr\/urun\/eheim-jager-thermo-control-akvaryum-isiticisi-300w\/#breadcrumb"},"inLanguage":"en-US","potentialAction":[{"@type":"ReadAction","target":["https:\/\/anadolupet.com.tr\/urun\/eheim-jager-thermo-control-akvaryum-isiticisi-300w\/"]}]},{"@type":"ImageObject","inLanguage":"en-US","@id":"https:\/\/anadolupet.com.tr\/urun\/eheim-jager-thermo-control-akvaryum-isiticisi-300w\/#primaryimage","url":"https:\/\/anadolupet.com.tr\/wp-content\/uploads\/2026\/02\/105-3619010.jpg","contentUrl":"https:\/\/anadolupet.com.tr\/wp-content\/uploads\/2026\/02\/105-3619010.jpg","width":750,"height":750},{"@type":"BreadcrumbList","@id":"https:\/\/anadolupet.com.tr\/urun\/eheim-jager-thermo-control-akvaryum-isiticisi-300w\/#breadcrumb","itemListElement":[{"@type":"ListItem","position":1,"name":"Anasayfa","item":"https:\/\/anadolupet.com.tr\/"},{"@type":"ListItem","position":2,"name":"\u00dcr\u00fcnler","item":"https:\/\/anadolupet.com.tr\/urunler\/"},{"@type":"ListItem","position":3,"name":"EHEIM Jager Thermo Control Akvaryum Is\u0131t\u0131c\u0131s\u0131 300W"}]},{"@type":"WebSite","@id":"https:\/\/anadolupet.com.tr\/#website","url":"https:\/\/anadolupet.com.tr\/","name":"Anadolu Pet Group","description":"We Stand Together for the Well-Being of Every Life","publisher":{"@id":"https:\/\/anadolupet.com.tr\/#organization"},"potentialAction":[{"@type":"SearchAction","target":{"@type":"EntryPoint","urlTemplate":"https:\/\/anadolupet.com.tr\/?s={search_term_string}"},"query-input":{"@type":"PropertyValueSpecification","valueRequired":true,"valueName":"search_term_string"}}],"inLanguage":"en-US"},{"@type":"Organization","@id":"https:\/\/anadolupet.com.tr\/#organization","name":"Anadolu Pet Group","alternateName":"Anadolu Pet","url":"https:\/\/anadolupet.com.tr\/","logo":{"@type":"ImageObject","inLanguage":"en-US","@id":"https:\/\/anadolupet.com.tr\/#\/schema\/logo\/image\/","url":"https:\/\/anadolupet.com.tr\/wp-content\/uploads\/2026\/03\/1614666743370.jpg","contentUrl":"https:\/\/anadolupet.com.tr\/wp-content\/uploads\/2026\/03\/1614666743370.jpg","width":800,"height":571,"caption":"Anadolu Pet Grup"},"image":{"@id":"https:\/\/anadolupet.com.tr\/#\/schema\/logo\/image\/"}}]}},"_links":{"self":[{"href":"https:\/\/anadolupet.com.tr\/en\/wp-json\/wp\/v2\/product\/44909","targetHints":{"allow":["GET"]}}],"collection":[{"href":"https:\/\/anadolupet.com.tr\/en\/wp-json\/wp\/v2\/product"}],"about":[{"href":"https:\/\/anadolupet.com.tr\/en\/wp-json\/wp\/v2\/types\/product"}],"replies":[{"embeddable":true,"href":"https:\/\/anadolupet.com.tr\/en\/wp-json\/wp\/v2\/comments?post=44909"}],"wp:featuredmedia":[{"embeddable":true,"href":"https:\/\/anadolupet.com.tr\/en\/wp-json\/wp\/v2\/media\/42419"}],"wp:attachment":[{"href":"https:\/\/anadolupet.com.tr\/en\/wp-json\/wp\/v2\/media?parent=44909"}],"wp:term":[{"taxonomy":"product_brand","embeddable":true,"href":"https:\/\/anadolupet.com.tr\/en\/wp-json\/wp\/v2\/product_brand?post=44909"},{"taxonomy":"product_cat","embeddable":true,"href":"https:\/\/anadolupet.com.tr\/en\/wp-json\/wp\/v2\/product_cat?post=44909"},{"taxonomy":"product_tag","embeddable":true,"href":"https:\/\/anadolupet.com.tr\/en\/wp-json\/wp\/v2\/product_tag?post=44909"}],"curies":[{"name":"wp","href":"https:\/\/api.w.org\/{rel}","templated":true}]}}