{"id":44914,"date":"2026-02-14T14:40:02","date_gmt":"2026-02-14T14:40:02","guid":{"rendered":"https:\/\/anadolupet.com.tr\/?post_type=product&#038;p=44914"},"modified":"2026-02-23T12:48:09","modified_gmt":"2026-02-23T12:48:09","slug":"eheim-karbon-dis-filtre-malzemesi-5l","status":"publish","type":"product","link":"https:\/\/anadolupet.com.tr\/en\/urun\/eheim-karbon-dis-filtre-malzemesi-5l\/","title":{"rendered":"EHEIM Karbon D\u0131\u015f Filtre Malzemesi 5l"},"content":{"rendered":"","protected":false},"excerpt":{"rendered":"<p>EHEIM KARBON, akvaryum kurulum a\u015famas\u0131nda suyun g\u00fcvenli \u015fekilde ar\u0131t\u0131lmas\u0131 i\u00e7in \u00f6zel olarak geli\u015ftirilmi\u015f aktif karbon filtre malzemesidir. Musluk suyundaki kloru ve kurulum s\u0131ras\u0131nda akvaryuma kar\u0131\u015fabilecek di\u011fer kimyasal maddeleri etkili \u015fekilde ba\u011flayarak temiz ve sa\u011fl\u0131kl\u0131 su ortam\u0131 olu\u015fturur.<br \/>\nKullan\u0131m s\u00fcresi yakla\u015f\u0131k 4 hafta ile s\u0131n\u0131rl\u0131d\u0131r. Filtre katman\u0131nda, mekanik filtre malzemelerinin (\u00f6r. EHEIM MECH veya MECHpro) ve biyolojik filtre malzemelerinin (\u00f6r. EHEIM SUBSTRATpro) ard\u0131ndan, \u00fcr\u00fcnle birlikte verilen file torba i\u00e7inde yerle\u015ftirilmelidir.<br \/>\n\u00d6ne \u00c7\u0131kan \u00d6zellikler<br \/>\nKlor ve Kimyasal Ba\u011flama: Musluk suyundaki zararl\u0131 maddeleri g\u00fcvenle tutar.<br \/>\nKurulum ve Tedavi Sonras\u0131 Kullan\u0131m: Akvaryum set-up a\u015famas\u0131nda veya ila\u00e7 tedavilerinden sonra idealdir.<br \/>\nK\u0131sa S\u00fcreli Kullan\u0131m: Yakla\u015f\u0131k 4 hafta boyunca kullan\u0131lmal\u0131d\u0131r.<br \/>\nTatl\u0131 Su \u0130\u00e7in Uygun: Yaln\u0131zca tatl\u0131 su akvaryumlar\u0131nda kullan\u0131labilir.<br \/>\nTekrar Kullan\u0131m Yok: Adsorptif filtre malzemesi oldu\u011fundan d\u00fczenli olarak de\u011fi\u015ftirilmelidir.<\/p>","protected":false},"featured_media":42330,"comment_status":"open","ping_status":"closed","template":"","meta":{"_acf_changed":false},"product_brand":[],"product_cat":[2381],"product_tag":[],"class_list":{"0":"post-44914","1":"product","2":"type-product","3":"status-publish","4":"has-post-thumbnail","6":"product_cat-dis-filtre-malzemeleri","8":"first","9":"instock","10":"shipping-taxable","11":"product-type-simple"},"acf":[],"yoast_head":"<!-- This site is optimized with the Yoast SEO plugin v27.5 - https:\/\/yoast.com\/product\/yoast-seo-wordpress\/ -->\n<title>EHEIM Karbon D\u0131\u015f Filtre Malzemesi 5l - Anadolu Pet Grup<\/title>\n<meta name=\"robots\" content=\"index, follow, max-snippet:-1, max-image-preview:large, max-video-preview:-1\" \/>\n<link rel=\"canonical\" href=\"https:\/\/anadolupet.com.tr\/en\/product\/eheim-karbon-dis-filtre-malzemesi-5l\/\" \/>\n<meta property=\"og:locale\" content=\"en_US\" \/>\n<meta property=\"og:type\" content=\"article\" \/>\n<meta property=\"og:title\" content=\"EHEIM Karbon D\u0131\u015f Filtre Malzemesi 5l - Anadolu Pet Grup\" \/>\n<meta property=\"og:description\" content=\"EHEIM KARBON, akvaryum kurulum a\u015famas\u0131nda suyun g\u00fcvenli \u015fekilde ar\u0131t\u0131lmas\u0131 i\u00e7in \u00f6zel olarak geli\u015ftirilmi\u015f aktif karbon filtre malzemesidir. Musluk suyundaki kloru ve kurulum s\u0131ras\u0131nda akvaryuma kar\u0131\u015fabilecek di\u011fer kimyasal maddeleri etkili \u015fekilde ba\u011flayarak temiz ve sa\u011fl\u0131kl\u0131 su ortam\u0131 olu\u015fturur. Kullan\u0131m s\u00fcresi yakla\u015f\u0131k 4 hafta ile s\u0131n\u0131rl\u0131d\u0131r. Filtre katman\u0131nda, mekanik filtre malzemelerinin (\u00f6r. EHEIM MECH veya MECHpro) ve biyolojik filtre malzemelerinin (\u00f6r. EHEIM SUBSTRATpro) ard\u0131ndan, \u00fcr\u00fcnle birlikte verilen file torba i\u00e7inde yerle\u015ftirilmelidir. \u00d6ne \u00c7\u0131kan \u00d6zellikler Klor ve Kimyasal Ba\u011flama: Musluk suyundaki zararl\u0131 maddeleri g\u00fcvenle tutar. Kurulum ve Tedavi Sonras\u0131 Kullan\u0131m: Akvaryum set-up a\u015famas\u0131nda veya ila\u00e7 tedavilerinden sonra idealdir. K\u0131sa S\u00fcreli Kullan\u0131m: Yakla\u015f\u0131k 4 hafta boyunca kullan\u0131lmal\u0131d\u0131r. Tatl\u0131 Su \u0130\u00e7in Uygun: Yaln\u0131zca tatl\u0131 su akvaryumlar\u0131nda kullan\u0131labilir. Tekrar Kullan\u0131m Yok: Adsorptif filtre malzemesi oldu\u011fundan d\u00fczenli olarak de\u011fi\u015ftirilmelidir.\" \/>\n<meta property=\"og:url\" content=\"https:\/\/anadolupet.com.tr\/en\/product\/eheim-karbon-dis-filtre-malzemesi-5l\/\" \/>\n<meta property=\"og:site_name\" content=\"Anadolu Pet Grup\" \/>\n<meta property=\"article:modified_time\" content=\"2026-02-23T12:48:09+00:00\" \/>\n<meta property=\"og:image\" content=\"https:\/\/anadolupet.com.tr\/wp-content\/uploads\/2026\/02\/105-2501751.jpg\" \/>\n\t<meta property=\"og:image:width\" content=\"750\" \/>\n\t<meta property=\"og:image:height\" content=\"750\" \/>\n\t<meta property=\"og:image:type\" content=\"image\/jpeg\" \/>\n<meta name=\"twitter:card\" content=\"summary_large_image\" \/>\n<script type=\"application\/ld+json\" class=\"yoast-schema-graph\">{\"@context\":\"https:\\\/\\\/schema.org\",\"@graph\":[{\"@type\":\"WebPage\",\"@id\":\"https:\\\/\\\/anadolupet.com.tr\\\/urun\\\/eheim-karbon-dis-filtre-malzemesi-5l\\\/\",\"url\":\"https:\\\/\\\/anadolupet.com.tr\\\/urun\\\/eheim-karbon-dis-filtre-malzemesi-5l\\\/\",\"name\":\"EHEIM Karbon D\u0131\u015f Filtre Malzemesi 5l - Anadolu Pet Grup\",\"isPartOf\":{\"@id\":\"https:\\\/\\\/anadolupet.com.tr\\\/#website\"},\"primaryImageOfPage\":{\"@id\":\"https:\\\/\\\/anadolupet.com.tr\\\/urun\\\/eheim-karbon-dis-filtre-malzemesi-5l\\\/#primaryimage\"},\"image\":{\"@id\":\"https:\\\/\\\/anadolupet.com.tr\\\/urun\\\/eheim-karbon-dis-filtre-malzemesi-5l\\\/#primaryimage\"},\"thumbnailUrl\":\"https:\\\/\\\/anadolupet.com.tr\\\/wp-content\\\/uploads\\\/2026\\\/02\\\/105-2501751.jpg\",\"datePublished\":\"2026-02-14T14:40:02+00:00\",\"dateModified\":\"2026-02-23T12:48:09+00:00\",\"breadcrumb\":{\"@id\":\"https:\\\/\\\/anadolupet.com.tr\\\/urun\\\/eheim-karbon-dis-filtre-malzemesi-5l\\\/#breadcrumb\"},\"inLanguage\":\"en-US\",\"potentialAction\":[{\"@type\":\"ReadAction\",\"target\":[\"https:\\\/\\\/anadolupet.com.tr\\\/urun\\\/eheim-karbon-dis-filtre-malzemesi-5l\\\/\"]}]},{\"@type\":\"ImageObject\",\"inLanguage\":\"en-US\",\"@id\":\"https:\\\/\\\/anadolupet.com.tr\\\/urun\\\/eheim-karbon-dis-filtre-malzemesi-5l\\\/#primaryimage\",\"url\":\"https:\\\/\\\/anadolupet.com.tr\\\/wp-content\\\/uploads\\\/2026\\\/02\\\/105-2501751.jpg\",\"contentUrl\":\"https:\\\/\\\/anadolupet.com.tr\\\/wp-content\\\/uploads\\\/2026\\\/02\\\/105-2501751.jpg\",\"width\":750,\"height\":750},{\"@type\":\"BreadcrumbList\",\"@id\":\"https:\\\/\\\/anadolupet.com.tr\\\/urun\\\/eheim-karbon-dis-filtre-malzemesi-5l\\\/#breadcrumb\",\"itemListElement\":[{\"@type\":\"ListItem\",\"position\":1,\"name\":\"Anasayfa\",\"item\":\"https:\\\/\\\/anadolupet.com.tr\\\/\"},{\"@type\":\"ListItem\",\"position\":2,\"name\":\"\u00dcr\u00fcnler\",\"item\":\"https:\\\/\\\/anadolupet.com.tr\\\/urunler\\\/\"},{\"@type\":\"ListItem\",\"position\":3,\"name\":\"EHEIM Karbon D\u0131\u015f Filtre Malzemesi 5l\"}]},{\"@type\":\"WebSite\",\"@id\":\"https:\\\/\\\/anadolupet.com.tr\\\/#website\",\"url\":\"https:\\\/\\\/anadolupet.com.tr\\\/\",\"name\":\"Anadolu Pet Grup\",\"description\":\"Her Can\u0131n \u0130yi Ya\u015fam\u0131 \u0130\u00e7in Biraraday\u0131z\",\"publisher\":{\"@id\":\"https:\\\/\\\/anadolupet.com.tr\\\/#organization\"},\"potentialAction\":[{\"@type\":\"SearchAction\",\"target\":{\"@type\":\"EntryPoint\",\"urlTemplate\":\"https:\\\/\\\/anadolupet.com.tr\\\/?s={search_term_string}\"},\"query-input\":{\"@type\":\"PropertyValueSpecification\",\"valueRequired\":true,\"valueName\":\"search_term_string\"}}],\"inLanguage\":\"en-US\"},{\"@type\":\"Organization\",\"@id\":\"https:\\\/\\\/anadolupet.com.tr\\\/#organization\",\"name\":\"Anadolu Pet Grup\",\"alternateName\":\"Anadolu Pet\",\"url\":\"https:\\\/\\\/anadolupet.com.tr\\\/\",\"logo\":{\"@type\":\"ImageObject\",\"inLanguage\":\"en-US\",\"@id\":\"https:\\\/\\\/anadolupet.com.tr\\\/#\\\/schema\\\/logo\\\/image\\\/\",\"url\":\"https:\\\/\\\/anadolupet.com.tr\\\/wp-content\\\/uploads\\\/2026\\\/03\\\/1614666743370.jpg\",\"contentUrl\":\"https:\\\/\\\/anadolupet.com.tr\\\/wp-content\\\/uploads\\\/2026\\\/03\\\/1614666743370.jpg\",\"width\":800,\"height\":571,\"caption\":\"Anadolu Pet Grup\"},\"image\":{\"@id\":\"https:\\\/\\\/anadolupet.com.tr\\\/#\\\/schema\\\/logo\\\/image\\\/\"}}]}<\/script>\n<!-- \/ Yoast SEO plugin. -->","yoast_head_json":{"title":"EHEIM Karbon D\u0131\u015f Filtre Malzemesi 5l - Anadolu Pet Grup","robots":{"index":"index","follow":"follow","max-snippet":"max-snippet:-1","max-image-preview":"max-image-preview:large","max-video-preview":"max-video-preview:-1"},"canonical":"https:\/\/anadolupet.com.tr\/en\/product\/eheim-karbon-dis-filtre-malzemesi-5l\/","og_locale":"en_US","og_type":"article","og_title":"EHEIM Karbon D\u0131\u015f Filtre Malzemesi 5l - Anadolu Pet Grup","og_description":"EHEIM KARBON, akvaryum kurulum a\u015famas\u0131nda suyun g\u00fcvenli \u015fekilde ar\u0131t\u0131lmas\u0131 i\u00e7in \u00f6zel olarak geli\u015ftirilmi\u015f aktif karbon filtre malzemesidir. Musluk suyundaki kloru ve kurulum s\u0131ras\u0131nda akvaryuma kar\u0131\u015fabilecek di\u011fer kimyasal maddeleri etkili \u015fekilde ba\u011flayarak temiz ve sa\u011fl\u0131kl\u0131 su ortam\u0131 olu\u015fturur. Kullan\u0131m s\u00fcresi yakla\u015f\u0131k 4 hafta ile s\u0131n\u0131rl\u0131d\u0131r. Filtre katman\u0131nda, mekanik filtre malzemelerinin (\u00f6r. EHEIM MECH veya MECHpro) ve biyolojik filtre malzemelerinin (\u00f6r. EHEIM SUBSTRATpro) ard\u0131ndan, \u00fcr\u00fcnle birlikte verilen file torba i\u00e7inde yerle\u015ftirilmelidir. \u00d6ne \u00c7\u0131kan \u00d6zellikler Klor ve Kimyasal Ba\u011flama: Musluk suyundaki zararl\u0131 maddeleri g\u00fcvenle tutar. Kurulum ve Tedavi Sonras\u0131 Kullan\u0131m: Akvaryum set-up a\u015famas\u0131nda veya ila\u00e7 tedavilerinden sonra idealdir. K\u0131sa S\u00fcreli Kullan\u0131m: Yakla\u015f\u0131k 4 hafta boyunca kullan\u0131lmal\u0131d\u0131r. Tatl\u0131 Su \u0130\u00e7in Uygun: Yaln\u0131zca tatl\u0131 su akvaryumlar\u0131nda kullan\u0131labilir. Tekrar Kullan\u0131m Yok: Adsorptif filtre malzemesi oldu\u011fundan d\u00fczenli olarak de\u011fi\u015ftirilmelidir.","og_url":"https:\/\/anadolupet.com.tr\/en\/product\/eheim-karbon-dis-filtre-malzemesi-5l\/","og_site_name":"Anadolu Pet Grup","article_modified_time":"2026-02-23T12:48:09+00:00","og_image":[{"width":750,"height":750,"url":"https:\/\/anadolupet.com.tr\/wp-content\/uploads\/2026\/02\/105-2501751.jpg","type":"image\/jpeg"}],"twitter_card":"summary_large_image","schema":{"@context":"https:\/\/schema.org","@graph":[{"@type":"WebPage","@id":"https:\/\/anadolupet.com.tr\/urun\/eheim-karbon-dis-filtre-malzemesi-5l\/","url":"https:\/\/anadolupet.com.tr\/urun\/eheim-karbon-dis-filtre-malzemesi-5l\/","name":"EHEIM Karbon D\u0131\u015f Filtre Malzemesi 5l - Anadolu Pet Grup","isPartOf":{"@id":"https:\/\/anadolupet.com.tr\/#website"},"primaryImageOfPage":{"@id":"https:\/\/anadolupet.com.tr\/urun\/eheim-karbon-dis-filtre-malzemesi-5l\/#primaryimage"},"image":{"@id":"https:\/\/anadolupet.com.tr\/urun\/eheim-karbon-dis-filtre-malzemesi-5l\/#primaryimage"},"thumbnailUrl":"https:\/\/anadolupet.com.tr\/wp-content\/uploads\/2026\/02\/105-2501751.jpg","datePublished":"2026-02-14T14:40:02+00:00","dateModified":"2026-02-23T12:48:09+00:00","breadcrumb":{"@id":"https:\/\/anadolupet.com.tr\/urun\/eheim-karbon-dis-filtre-malzemesi-5l\/#breadcrumb"},"inLanguage":"en-US","potentialAction":[{"@type":"ReadAction","target":["https:\/\/anadolupet.com.tr\/urun\/eheim-karbon-dis-filtre-malzemesi-5l\/"]}]},{"@type":"ImageObject","inLanguage":"en-US","@id":"https:\/\/anadolupet.com.tr\/urun\/eheim-karbon-dis-filtre-malzemesi-5l\/#primaryimage","url":"https:\/\/anadolupet.com.tr\/wp-content\/uploads\/2026\/02\/105-2501751.jpg","contentUrl":"https:\/\/anadolupet.com.tr\/wp-content\/uploads\/2026\/02\/105-2501751.jpg","width":750,"height":750},{"@type":"BreadcrumbList","@id":"https:\/\/anadolupet.com.tr\/urun\/eheim-karbon-dis-filtre-malzemesi-5l\/#breadcrumb","itemListElement":[{"@type":"ListItem","position":1,"name":"Anasayfa","item":"https:\/\/anadolupet.com.tr\/"},{"@type":"ListItem","position":2,"name":"\u00dcr\u00fcnler","item":"https:\/\/anadolupet.com.tr\/urunler\/"},{"@type":"ListItem","position":3,"name":"EHEIM Karbon D\u0131\u015f Filtre Malzemesi 5l"}]},{"@type":"WebSite","@id":"https:\/\/anadolupet.com.tr\/#website","url":"https:\/\/anadolupet.com.tr\/","name":"Anadolu Pet Group","description":"We Stand Together for the Well-Being of Every Life","publisher":{"@id":"https:\/\/anadolupet.com.tr\/#organization"},"potentialAction":[{"@type":"SearchAction","target":{"@type":"EntryPoint","urlTemplate":"https:\/\/anadolupet.com.tr\/?s={search_term_string}"},"query-input":{"@type":"PropertyValueSpecification","valueRequired":true,"valueName":"search_term_string"}}],"inLanguage":"en-US"},{"@type":"Organization","@id":"https:\/\/anadolupet.com.tr\/#organization","name":"Anadolu Pet Group","alternateName":"Anadolu Pet","url":"https:\/\/anadolupet.com.tr\/","logo":{"@type":"ImageObject","inLanguage":"en-US","@id":"https:\/\/anadolupet.com.tr\/#\/schema\/logo\/image\/","url":"https:\/\/anadolupet.com.tr\/wp-content\/uploads\/2026\/03\/1614666743370.jpg","contentUrl":"https:\/\/anadolupet.com.tr\/wp-content\/uploads\/2026\/03\/1614666743370.jpg","width":800,"height":571,"caption":"Anadolu Pet Grup"},"image":{"@id":"https:\/\/anadolupet.com.tr\/#\/schema\/logo\/image\/"}}]}},"_links":{"self":[{"href":"https:\/\/anadolupet.com.tr\/en\/wp-json\/wp\/v2\/product\/44914","targetHints":{"allow":["GET"]}}],"collection":[{"href":"https:\/\/anadolupet.com.tr\/en\/wp-json\/wp\/v2\/product"}],"about":[{"href":"https:\/\/anadolupet.com.tr\/en\/wp-json\/wp\/v2\/types\/product"}],"replies":[{"embeddable":true,"href":"https:\/\/anadolupet.com.tr\/en\/wp-json\/wp\/v2\/comments?post=44914"}],"wp:featuredmedia":[{"embeddable":true,"href":"https:\/\/anadolupet.com.tr\/en\/wp-json\/wp\/v2\/media\/42330"}],"wp:attachment":[{"href":"https:\/\/anadolupet.com.tr\/en\/wp-json\/wp\/v2\/media?parent=44914"}],"wp:term":[{"taxonomy":"product_brand","embeddable":true,"href":"https:\/\/anadolupet.com.tr\/en\/wp-json\/wp\/v2\/product_brand?post=44914"},{"taxonomy":"product_cat","embeddable":true,"href":"https:\/\/anadolupet.com.tr\/en\/wp-json\/wp\/v2\/product_cat?post=44914"},{"taxonomy":"product_tag","embeddable":true,"href":"https:\/\/anadolupet.com.tr\/en\/wp-json\/wp\/v2\/product_tag?post=44914"}],"curies":[{"name":"wp","href":"https:\/\/api.w.org\/{rel}","templated":true}]}}