{"id":44916,"date":"2026-02-14T14:40:02","date_gmt":"2026-02-14T14:40:02","guid":{"rendered":"https:\/\/anadolupet.com.tr\/?post_type=product&#038;p=44916"},"modified":"2026-02-23T12:48:09","modified_gmt":"2026-02-23T12:48:09","slug":"eheim-klasik-led-adaptor-seti-t5-t8","status":"publish","type":"product","link":"https:\/\/anadolupet.com.tr\/en\/urun\/eheim-klasik-led-adaptor-seti-t5-t8\/","title":{"rendered":"EHEIM Klasik Led Adapt\u00f6r Seti T5\/T8"},"content":{"rendered":"","protected":false},"excerpt":{"rendered":"<p>Geleneksel floresan t\u00fcpler EHEIM klasik LED ile de\u011fi\u015ftirilebilir.\u00a0Set, 16 mm \u00e7ap\u0131nda T5 ampuller ve 26 mm \u00e7ap\u0131nda T8 ampuller i\u00e7in uygundur.\u00a0Soketleriyle birlikte mevcut fl\u00fcoresan lamba daha sonra LED lamba i\u00e7in bir tutucu olarak kullan\u0131l\u0131r.\u00a0Farkl\u0131 montaj braketleri, soketlerin alt\u0131na veya yan\u0131na ayr\u0131 montaja izin verir.\u00a0Tutucular, LED ray\u0131 \u00fczerinde hareket ettirilebilir.\u00a0Set, bir EHEIM klasik LED&#8217;in montaj\u0131 i\u00e7in t\u00fcm par\u00e7alar\u0131 i\u00e7erir.<\/p>","protected":false},"featured_media":42462,"comment_status":"open","ping_status":"closed","template":"","meta":{"_acf_changed":false},"product_brand":[],"product_cat":[2398],"product_tag":[],"class_list":{"0":"post-44916","1":"product","2":"type-product","3":"status-publish","4":"has-post-thumbnail","6":"product_cat-led-armaturler","8":"first","9":"instock","10":"shipping-taxable","11":"product-type-simple"},"acf":[],"yoast_head":"<!-- This site is optimized with the Yoast SEO plugin v27.5 - https:\/\/yoast.com\/product\/yoast-seo-wordpress\/ -->\n<title>EHEIM Klasik Led Adapt\u00f6r Seti T5\/T8 - Anadolu Pet Grup<\/title>\n<meta name=\"robots\" content=\"index, follow, max-snippet:-1, max-image-preview:large, max-video-preview:-1\" \/>\n<link rel=\"canonical\" href=\"https:\/\/anadolupet.com.tr\/en\/product\/eheim-klasik-led-adaptor-seti-t5-t8\/\" \/>\n<meta property=\"og:locale\" content=\"en_US\" \/>\n<meta property=\"og:type\" content=\"article\" \/>\n<meta property=\"og:title\" content=\"EHEIM Klasik Led Adapt\u00f6r Seti T5\/T8 - Anadolu Pet Grup\" \/>\n<meta property=\"og:description\" content=\"Geleneksel floresan t\u00fcpler EHEIM klasik LED ile de\u011fi\u015ftirilebilir.\u00a0Set, 16 mm \u00e7ap\u0131nda T5 ampuller ve 26 mm \u00e7ap\u0131nda T8 ampuller i\u00e7in uygundur.\u00a0Soketleriyle birlikte mevcut fl\u00fcoresan lamba daha sonra LED lamba i\u00e7in bir tutucu olarak kullan\u0131l\u0131r.\u00a0Farkl\u0131 montaj braketleri, soketlerin alt\u0131na veya yan\u0131na ayr\u0131 montaja izin verir.\u00a0Tutucular, LED ray\u0131 \u00fczerinde hareket ettirilebilir.\u00a0Set, bir EHEIM klasik LED&#039;in montaj\u0131 i\u00e7in t\u00fcm par\u00e7alar\u0131 i\u00e7erir.\" \/>\n<meta property=\"og:url\" content=\"https:\/\/anadolupet.com.tr\/en\/product\/eheim-klasik-led-adaptor-seti-t5-t8\/\" \/>\n<meta property=\"og:site_name\" content=\"Anadolu Pet Grup\" \/>\n<meta property=\"article:modified_time\" content=\"2026-02-23T12:48:09+00:00\" \/>\n<meta property=\"og:image\" content=\"https:\/\/anadolupet.com.tr\/wp-content\/uploads\/2026\/02\/105-4200130.jpg\" \/>\n\t<meta property=\"og:image:width\" content=\"750\" \/>\n\t<meta property=\"og:image:height\" content=\"750\" \/>\n\t<meta property=\"og:image:type\" content=\"image\/jpeg\" \/>\n<meta name=\"twitter:card\" content=\"summary_large_image\" \/>\n<script type=\"application\/ld+json\" class=\"yoast-schema-graph\">{\"@context\":\"https:\\\/\\\/schema.org\",\"@graph\":[{\"@type\":\"WebPage\",\"@id\":\"https:\\\/\\\/anadolupet.com.tr\\\/urun\\\/eheim-klasik-led-adaptor-seti-t5-t8\\\/\",\"url\":\"https:\\\/\\\/anadolupet.com.tr\\\/urun\\\/eheim-klasik-led-adaptor-seti-t5-t8\\\/\",\"name\":\"EHEIM Klasik Led Adapt\u00f6r Seti T5\\\/T8 - Anadolu Pet Grup\",\"isPartOf\":{\"@id\":\"https:\\\/\\\/anadolupet.com.tr\\\/#website\"},\"primaryImageOfPage\":{\"@id\":\"https:\\\/\\\/anadolupet.com.tr\\\/urun\\\/eheim-klasik-led-adaptor-seti-t5-t8\\\/#primaryimage\"},\"image\":{\"@id\":\"https:\\\/\\\/anadolupet.com.tr\\\/urun\\\/eheim-klasik-led-adaptor-seti-t5-t8\\\/#primaryimage\"},\"thumbnailUrl\":\"https:\\\/\\\/anadolupet.com.tr\\\/wp-content\\\/uploads\\\/2026\\\/02\\\/105-4200130.jpg\",\"datePublished\":\"2026-02-14T14:40:02+00:00\",\"dateModified\":\"2026-02-23T12:48:09+00:00\",\"breadcrumb\":{\"@id\":\"https:\\\/\\\/anadolupet.com.tr\\\/urun\\\/eheim-klasik-led-adaptor-seti-t5-t8\\\/#breadcrumb\"},\"inLanguage\":\"en-US\",\"potentialAction\":[{\"@type\":\"ReadAction\",\"target\":[\"https:\\\/\\\/anadolupet.com.tr\\\/urun\\\/eheim-klasik-led-adaptor-seti-t5-t8\\\/\"]}]},{\"@type\":\"ImageObject\",\"inLanguage\":\"en-US\",\"@id\":\"https:\\\/\\\/anadolupet.com.tr\\\/urun\\\/eheim-klasik-led-adaptor-seti-t5-t8\\\/#primaryimage\",\"url\":\"https:\\\/\\\/anadolupet.com.tr\\\/wp-content\\\/uploads\\\/2026\\\/02\\\/105-4200130.jpg\",\"contentUrl\":\"https:\\\/\\\/anadolupet.com.tr\\\/wp-content\\\/uploads\\\/2026\\\/02\\\/105-4200130.jpg\",\"width\":750,\"height\":750},{\"@type\":\"BreadcrumbList\",\"@id\":\"https:\\\/\\\/anadolupet.com.tr\\\/urun\\\/eheim-klasik-led-adaptor-seti-t5-t8\\\/#breadcrumb\",\"itemListElement\":[{\"@type\":\"ListItem\",\"position\":1,\"name\":\"Anasayfa\",\"item\":\"https:\\\/\\\/anadolupet.com.tr\\\/\"},{\"@type\":\"ListItem\",\"position\":2,\"name\":\"\u00dcr\u00fcnler\",\"item\":\"https:\\\/\\\/anadolupet.com.tr\\\/urunler\\\/\"},{\"@type\":\"ListItem\",\"position\":3,\"name\":\"EHEIM Klasik Led Adapt\u00f6r Seti T5\\\/T8\"}]},{\"@type\":\"WebSite\",\"@id\":\"https:\\\/\\\/anadolupet.com.tr\\\/#website\",\"url\":\"https:\\\/\\\/anadolupet.com.tr\\\/\",\"name\":\"Anadolu Pet Grup\",\"description\":\"Her Can\u0131n \u0130yi Ya\u015fam\u0131 \u0130\u00e7in Biraraday\u0131z\",\"publisher\":{\"@id\":\"https:\\\/\\\/anadolupet.com.tr\\\/#organization\"},\"potentialAction\":[{\"@type\":\"SearchAction\",\"target\":{\"@type\":\"EntryPoint\",\"urlTemplate\":\"https:\\\/\\\/anadolupet.com.tr\\\/?s={search_term_string}\"},\"query-input\":{\"@type\":\"PropertyValueSpecification\",\"valueRequired\":true,\"valueName\":\"search_term_string\"}}],\"inLanguage\":\"en-US\"},{\"@type\":\"Organization\",\"@id\":\"https:\\\/\\\/anadolupet.com.tr\\\/#organization\",\"name\":\"Anadolu Pet Grup\",\"alternateName\":\"Anadolu Pet\",\"url\":\"https:\\\/\\\/anadolupet.com.tr\\\/\",\"logo\":{\"@type\":\"ImageObject\",\"inLanguage\":\"en-US\",\"@id\":\"https:\\\/\\\/anadolupet.com.tr\\\/#\\\/schema\\\/logo\\\/image\\\/\",\"url\":\"https:\\\/\\\/anadolupet.com.tr\\\/wp-content\\\/uploads\\\/2026\\\/03\\\/1614666743370.jpg\",\"contentUrl\":\"https:\\\/\\\/anadolupet.com.tr\\\/wp-content\\\/uploads\\\/2026\\\/03\\\/1614666743370.jpg\",\"width\":800,\"height\":571,\"caption\":\"Anadolu Pet Grup\"},\"image\":{\"@id\":\"https:\\\/\\\/anadolupet.com.tr\\\/#\\\/schema\\\/logo\\\/image\\\/\"}}]}<\/script>\n<!-- \/ Yoast SEO plugin. -->","yoast_head_json":{"title":"EHEIM Klasik Led Adapt\u00f6r Seti T5\/T8 - Anadolu Pet Grup","robots":{"index":"index","follow":"follow","max-snippet":"max-snippet:-1","max-image-preview":"max-image-preview:large","max-video-preview":"max-video-preview:-1"},"canonical":"https:\/\/anadolupet.com.tr\/en\/product\/eheim-klasik-led-adaptor-seti-t5-t8\/","og_locale":"en_US","og_type":"article","og_title":"EHEIM Klasik Led Adapt\u00f6r Seti T5\/T8 - Anadolu Pet Grup","og_description":"Geleneksel floresan t\u00fcpler EHEIM klasik LED ile de\u011fi\u015ftirilebilir.\u00a0Set, 16 mm \u00e7ap\u0131nda T5 ampuller ve 26 mm \u00e7ap\u0131nda T8 ampuller i\u00e7in uygundur.\u00a0Soketleriyle birlikte mevcut fl\u00fcoresan lamba daha sonra LED lamba i\u00e7in bir tutucu olarak kullan\u0131l\u0131r.\u00a0Farkl\u0131 montaj braketleri, soketlerin alt\u0131na veya yan\u0131na ayr\u0131 montaja izin verir.\u00a0Tutucular, LED ray\u0131 \u00fczerinde hareket ettirilebilir.\u00a0Set, bir EHEIM klasik LED'in montaj\u0131 i\u00e7in t\u00fcm par\u00e7alar\u0131 i\u00e7erir.","og_url":"https:\/\/anadolupet.com.tr\/en\/product\/eheim-klasik-led-adaptor-seti-t5-t8\/","og_site_name":"Anadolu Pet Grup","article_modified_time":"2026-02-23T12:48:09+00:00","og_image":[{"width":750,"height":750,"url":"https:\/\/anadolupet.com.tr\/wp-content\/uploads\/2026\/02\/105-4200130.jpg","type":"image\/jpeg"}],"twitter_card":"summary_large_image","schema":{"@context":"https:\/\/schema.org","@graph":[{"@type":"WebPage","@id":"https:\/\/anadolupet.com.tr\/urun\/eheim-klasik-led-adaptor-seti-t5-t8\/","url":"https:\/\/anadolupet.com.tr\/urun\/eheim-klasik-led-adaptor-seti-t5-t8\/","name":"EHEIM Klasik Led Adapt\u00f6r Seti T5\/T8 - Anadolu Pet Grup","isPartOf":{"@id":"https:\/\/anadolupet.com.tr\/#website"},"primaryImageOfPage":{"@id":"https:\/\/anadolupet.com.tr\/urun\/eheim-klasik-led-adaptor-seti-t5-t8\/#primaryimage"},"image":{"@id":"https:\/\/anadolupet.com.tr\/urun\/eheim-klasik-led-adaptor-seti-t5-t8\/#primaryimage"},"thumbnailUrl":"https:\/\/anadolupet.com.tr\/wp-content\/uploads\/2026\/02\/105-4200130.jpg","datePublished":"2026-02-14T14:40:02+00:00","dateModified":"2026-02-23T12:48:09+00:00","breadcrumb":{"@id":"https:\/\/anadolupet.com.tr\/urun\/eheim-klasik-led-adaptor-seti-t5-t8\/#breadcrumb"},"inLanguage":"en-US","potentialAction":[{"@type":"ReadAction","target":["https:\/\/anadolupet.com.tr\/urun\/eheim-klasik-led-adaptor-seti-t5-t8\/"]}]},{"@type":"ImageObject","inLanguage":"en-US","@id":"https:\/\/anadolupet.com.tr\/urun\/eheim-klasik-led-adaptor-seti-t5-t8\/#primaryimage","url":"https:\/\/anadolupet.com.tr\/wp-content\/uploads\/2026\/02\/105-4200130.jpg","contentUrl":"https:\/\/anadolupet.com.tr\/wp-content\/uploads\/2026\/02\/105-4200130.jpg","width":750,"height":750},{"@type":"BreadcrumbList","@id":"https:\/\/anadolupet.com.tr\/urun\/eheim-klasik-led-adaptor-seti-t5-t8\/#breadcrumb","itemListElement":[{"@type":"ListItem","position":1,"name":"Anasayfa","item":"https:\/\/anadolupet.com.tr\/"},{"@type":"ListItem","position":2,"name":"\u00dcr\u00fcnler","item":"https:\/\/anadolupet.com.tr\/urunler\/"},{"@type":"ListItem","position":3,"name":"EHEIM Klasik Led Adapt\u00f6r Seti T5\/T8"}]},{"@type":"WebSite","@id":"https:\/\/anadolupet.com.tr\/#website","url":"https:\/\/anadolupet.com.tr\/","name":"Anadolu Pet Group","description":"We Stand Together for the Well-Being of Every Life","publisher":{"@id":"https:\/\/anadolupet.com.tr\/#organization"},"potentialAction":[{"@type":"SearchAction","target":{"@type":"EntryPoint","urlTemplate":"https:\/\/anadolupet.com.tr\/?s={search_term_string}"},"query-input":{"@type":"PropertyValueSpecification","valueRequired":true,"valueName":"search_term_string"}}],"inLanguage":"en-US"},{"@type":"Organization","@id":"https:\/\/anadolupet.com.tr\/#organization","name":"Anadolu Pet Group","alternateName":"Anadolu Pet","url":"https:\/\/anadolupet.com.tr\/","logo":{"@type":"ImageObject","inLanguage":"en-US","@id":"https:\/\/anadolupet.com.tr\/#\/schema\/logo\/image\/","url":"https:\/\/anadolupet.com.tr\/wp-content\/uploads\/2026\/03\/1614666743370.jpg","contentUrl":"https:\/\/anadolupet.com.tr\/wp-content\/uploads\/2026\/03\/1614666743370.jpg","width":800,"height":571,"caption":"Anadolu Pet Grup"},"image":{"@id":"https:\/\/anadolupet.com.tr\/#\/schema\/logo\/image\/"}}]}},"_links":{"self":[{"href":"https:\/\/anadolupet.com.tr\/en\/wp-json\/wp\/v2\/product\/44916","targetHints":{"allow":["GET"]}}],"collection":[{"href":"https:\/\/anadolupet.com.tr\/en\/wp-json\/wp\/v2\/product"}],"about":[{"href":"https:\/\/anadolupet.com.tr\/en\/wp-json\/wp\/v2\/types\/product"}],"replies":[{"embeddable":true,"href":"https:\/\/anadolupet.com.tr\/en\/wp-json\/wp\/v2\/comments?post=44916"}],"wp:featuredmedia":[{"embeddable":true,"href":"https:\/\/anadolupet.com.tr\/en\/wp-json\/wp\/v2\/media\/42462"}],"wp:attachment":[{"href":"https:\/\/anadolupet.com.tr\/en\/wp-json\/wp\/v2\/media?parent=44916"}],"wp:term":[{"taxonomy":"product_brand","embeddable":true,"href":"https:\/\/anadolupet.com.tr\/en\/wp-json\/wp\/v2\/product_brand?post=44916"},{"taxonomy":"product_cat","embeddable":true,"href":"https:\/\/anadolupet.com.tr\/en\/wp-json\/wp\/v2\/product_cat?post=44916"},{"taxonomy":"product_tag","embeddable":true,"href":"https:\/\/anadolupet.com.tr\/en\/wp-json\/wp\/v2\/product_tag?post=44916"}],"curies":[{"name":"wp","href":"https:\/\/api.w.org\/{rel}","templated":true}]}}