{"id":44917,"date":"2026-02-14T14:40:02","date_gmt":"2026-02-14T14:40:02","guid":{"rendered":"https:\/\/anadolupet.com.tr\/?post_type=product&#038;p=44917"},"modified":"2026-02-23T12:48:09","modified_gmt":"2026-02-23T12:48:09","slug":"eheim-kose-akvaryum-ic-filtre-kapagi-aquacorner","status":"publish","type":"product","link":"https:\/\/anadolupet.com.tr\/en\/urun\/eheim-kose-akvaryum-ic-filtre-kapagi-aquacorner\/","title":{"rendered":"EHEIM K\u00f6\u015fe Akvaryum \u0130\u00e7 Filtre Kapa\u011f\u0131 (Aquacorner)"},"content":{"rendered":"","protected":false},"excerpt":{"rendered":"<p>EHEIM Cover Set, akvaryumunuz i\u00e7in pratik ve g\u00fcvenilir bir kapak \u00e7\u00f6z\u00fcm\u00fcd\u00fcr. Aquastyle serisi ve EHEIM 2000 modeli i\u00e7in \u00f6zel olarak tasarlanm\u0131\u015ft\u0131r. Tatl\u0131 su ve tuzlu su akvaryumlar\u0131nda kullan\u0131labilir.<\/p>\n<p>Avantajlar ve \u00d6zellikler<br \/>\nUyumluluk: Aquastyle ve EHEIM 2000 modelleri i\u00e7in<\/p>\n<p>Tatl\u0131 su ve tuzlu su akvaryumlar\u0131nda kullan\u0131m imk\u00e2n\u0131<\/p>\n<p>Dayan\u0131kl\u0131 malzeme \u2013 uzun \u00f6m\u00fcrl\u00fc kullan\u0131m i\u00e7in tasarlanm\u0131\u015ft\u0131r<\/p>\n<p>Kolay kurulum \u2013 pratik montaj ve \u00e7\u0131karma<\/p>\n<p>2 par\u00e7al\u0131 paket \u2013 tam set halinde gelir<\/p>\n<p>Teknik Bilgiler<br \/>\nFreshwater: Evet<\/p>\n<p>Sea water: Evet<\/p>\n<p>Paket i\u00e7eri\u011fi: 2 par\u00e7a<\/p>","protected":false},"featured_media":42681,"comment_status":"open","ping_status":"closed","template":"","meta":{"_acf_changed":false},"product_brand":[],"product_cat":[2392],"product_tag":[],"class_list":{"0":"post-44917","1":"product","2":"type-product","3":"status-publish","4":"has-post-thumbnail","6":"product_cat-ic-filtreler","8":"first","9":"instock","10":"shipping-taxable","11":"product-type-simple"},"acf":[],"yoast_head":"<!-- This site is optimized with the Yoast SEO plugin v27.5 - https:\/\/yoast.com\/product\/yoast-seo-wordpress\/ -->\n<title>EHEIM K\u00f6\u015fe Akvaryum \u0130\u00e7 Filtre Kapa\u011f\u0131 (Aquacorner) - Anadolu Pet Grup<\/title>\n<meta name=\"robots\" content=\"index, follow, max-snippet:-1, max-image-preview:large, max-video-preview:-1\" \/>\n<link rel=\"canonical\" href=\"https:\/\/anadolupet.com.tr\/en\/product\/eheim-kose-akvaryum-ic-filtre-kapagi-aquacorner\/\" \/>\n<meta property=\"og:locale\" content=\"en_US\" \/>\n<meta property=\"og:type\" content=\"article\" \/>\n<meta property=\"og:title\" content=\"EHEIM K\u00f6\u015fe Akvaryum \u0130\u00e7 Filtre Kapa\u011f\u0131 (Aquacorner) - Anadolu Pet Grup\" \/>\n<meta property=\"og:description\" content=\"EHEIM Cover Set, akvaryumunuz i\u00e7in pratik ve g\u00fcvenilir bir kapak \u00e7\u00f6z\u00fcm\u00fcd\u00fcr. Aquastyle serisi ve EHEIM 2000 modeli i\u00e7in \u00f6zel olarak tasarlanm\u0131\u015ft\u0131r. Tatl\u0131 su ve tuzlu su akvaryumlar\u0131nda kullan\u0131labilir. Avantajlar ve \u00d6zellikler Uyumluluk: Aquastyle ve EHEIM 2000 modelleri i\u00e7in Tatl\u0131 su ve tuzlu su akvaryumlar\u0131nda kullan\u0131m imk\u00e2n\u0131 Dayan\u0131kl\u0131 malzeme \u2013 uzun \u00f6m\u00fcrl\u00fc kullan\u0131m i\u00e7in tasarlanm\u0131\u015ft\u0131r Kolay kurulum \u2013 pratik montaj ve \u00e7\u0131karma 2 par\u00e7al\u0131 paket \u2013 tam set halinde gelir Teknik Bilgiler Freshwater: Evet Sea water: Evet Paket i\u00e7eri\u011fi: 2 par\u00e7a\" \/>\n<meta property=\"og:url\" content=\"https:\/\/anadolupet.com.tr\/en\/product\/eheim-kose-akvaryum-ic-filtre-kapagi-aquacorner\/\" \/>\n<meta property=\"og:site_name\" content=\"Anadolu Pet Grup\" \/>\n<meta property=\"article:modified_time\" content=\"2026-02-23T12:48:09+00:00\" \/>\n<meta property=\"og:image\" content=\"https:\/\/anadolupet.com.tr\/wp-content\/uploads\/2026\/02\/110-7428910.jpg\" \/>\n\t<meta property=\"og:image:width\" content=\"750\" \/>\n\t<meta property=\"og:image:height\" content=\"750\" \/>\n\t<meta property=\"og:image:type\" content=\"image\/jpeg\" \/>\n<meta name=\"twitter:card\" content=\"summary_large_image\" \/>\n<script type=\"application\/ld+json\" class=\"yoast-schema-graph\">{\"@context\":\"https:\\\/\\\/schema.org\",\"@graph\":[{\"@type\":\"WebPage\",\"@id\":\"https:\\\/\\\/anadolupet.com.tr\\\/urun\\\/eheim-kose-akvaryum-ic-filtre-kapagi-aquacorner\\\/\",\"url\":\"https:\\\/\\\/anadolupet.com.tr\\\/urun\\\/eheim-kose-akvaryum-ic-filtre-kapagi-aquacorner\\\/\",\"name\":\"EHEIM K\u00f6\u015fe Akvaryum \u0130\u00e7 Filtre Kapa\u011f\u0131 (Aquacorner) - Anadolu Pet Grup\",\"isPartOf\":{\"@id\":\"https:\\\/\\\/anadolupet.com.tr\\\/#website\"},\"primaryImageOfPage\":{\"@id\":\"https:\\\/\\\/anadolupet.com.tr\\\/urun\\\/eheim-kose-akvaryum-ic-filtre-kapagi-aquacorner\\\/#primaryimage\"},\"image\":{\"@id\":\"https:\\\/\\\/anadolupet.com.tr\\\/urun\\\/eheim-kose-akvaryum-ic-filtre-kapagi-aquacorner\\\/#primaryimage\"},\"thumbnailUrl\":\"https:\\\/\\\/anadolupet.com.tr\\\/wp-content\\\/uploads\\\/2026\\\/02\\\/110-7428910.jpg\",\"datePublished\":\"2026-02-14T14:40:02+00:00\",\"dateModified\":\"2026-02-23T12:48:09+00:00\",\"breadcrumb\":{\"@id\":\"https:\\\/\\\/anadolupet.com.tr\\\/urun\\\/eheim-kose-akvaryum-ic-filtre-kapagi-aquacorner\\\/#breadcrumb\"},\"inLanguage\":\"en-US\",\"potentialAction\":[{\"@type\":\"ReadAction\",\"target\":[\"https:\\\/\\\/anadolupet.com.tr\\\/urun\\\/eheim-kose-akvaryum-ic-filtre-kapagi-aquacorner\\\/\"]}]},{\"@type\":\"ImageObject\",\"inLanguage\":\"en-US\",\"@id\":\"https:\\\/\\\/anadolupet.com.tr\\\/urun\\\/eheim-kose-akvaryum-ic-filtre-kapagi-aquacorner\\\/#primaryimage\",\"url\":\"https:\\\/\\\/anadolupet.com.tr\\\/wp-content\\\/uploads\\\/2026\\\/02\\\/110-7428910.jpg\",\"contentUrl\":\"https:\\\/\\\/anadolupet.com.tr\\\/wp-content\\\/uploads\\\/2026\\\/02\\\/110-7428910.jpg\",\"width\":750,\"height\":750},{\"@type\":\"BreadcrumbList\",\"@id\":\"https:\\\/\\\/anadolupet.com.tr\\\/urun\\\/eheim-kose-akvaryum-ic-filtre-kapagi-aquacorner\\\/#breadcrumb\",\"itemListElement\":[{\"@type\":\"ListItem\",\"position\":1,\"name\":\"Anasayfa\",\"item\":\"https:\\\/\\\/anadolupet.com.tr\\\/\"},{\"@type\":\"ListItem\",\"position\":2,\"name\":\"\u00dcr\u00fcnler\",\"item\":\"https:\\\/\\\/anadolupet.com.tr\\\/urunler\\\/\"},{\"@type\":\"ListItem\",\"position\":3,\"name\":\"EHEIM K\u00f6\u015fe Akvaryum \u0130\u00e7 Filtre Kapa\u011f\u0131 (Aquacorner)\"}]},{\"@type\":\"WebSite\",\"@id\":\"https:\\\/\\\/anadolupet.com.tr\\\/#website\",\"url\":\"https:\\\/\\\/anadolupet.com.tr\\\/\",\"name\":\"Anadolu Pet Grup\",\"description\":\"Her Can\u0131n \u0130yi Ya\u015fam\u0131 \u0130\u00e7in Biraraday\u0131z\",\"publisher\":{\"@id\":\"https:\\\/\\\/anadolupet.com.tr\\\/#organization\"},\"potentialAction\":[{\"@type\":\"SearchAction\",\"target\":{\"@type\":\"EntryPoint\",\"urlTemplate\":\"https:\\\/\\\/anadolupet.com.tr\\\/?s={search_term_string}\"},\"query-input\":{\"@type\":\"PropertyValueSpecification\",\"valueRequired\":true,\"valueName\":\"search_term_string\"}}],\"inLanguage\":\"en-US\"},{\"@type\":\"Organization\",\"@id\":\"https:\\\/\\\/anadolupet.com.tr\\\/#organization\",\"name\":\"Anadolu Pet Grup\",\"alternateName\":\"Anadolu Pet\",\"url\":\"https:\\\/\\\/anadolupet.com.tr\\\/\",\"logo\":{\"@type\":\"ImageObject\",\"inLanguage\":\"en-US\",\"@id\":\"https:\\\/\\\/anadolupet.com.tr\\\/#\\\/schema\\\/logo\\\/image\\\/\",\"url\":\"https:\\\/\\\/anadolupet.com.tr\\\/wp-content\\\/uploads\\\/2026\\\/03\\\/1614666743370.jpg\",\"contentUrl\":\"https:\\\/\\\/anadolupet.com.tr\\\/wp-content\\\/uploads\\\/2026\\\/03\\\/1614666743370.jpg\",\"width\":800,\"height\":571,\"caption\":\"Anadolu Pet Grup\"},\"image\":{\"@id\":\"https:\\\/\\\/anadolupet.com.tr\\\/#\\\/schema\\\/logo\\\/image\\\/\"}}]}<\/script>\n<!-- \/ Yoast SEO plugin. -->","yoast_head_json":{"title":"EHEIM K\u00f6\u015fe Akvaryum \u0130\u00e7 Filtre Kapa\u011f\u0131 (Aquacorner) - Anadolu Pet Grup","robots":{"index":"index","follow":"follow","max-snippet":"max-snippet:-1","max-image-preview":"max-image-preview:large","max-video-preview":"max-video-preview:-1"},"canonical":"https:\/\/anadolupet.com.tr\/en\/product\/eheim-kose-akvaryum-ic-filtre-kapagi-aquacorner\/","og_locale":"en_US","og_type":"article","og_title":"EHEIM K\u00f6\u015fe Akvaryum \u0130\u00e7 Filtre Kapa\u011f\u0131 (Aquacorner) - Anadolu Pet Grup","og_description":"EHEIM Cover Set, akvaryumunuz i\u00e7in pratik ve g\u00fcvenilir bir kapak \u00e7\u00f6z\u00fcm\u00fcd\u00fcr. Aquastyle serisi ve EHEIM 2000 modeli i\u00e7in \u00f6zel olarak tasarlanm\u0131\u015ft\u0131r. Tatl\u0131 su ve tuzlu su akvaryumlar\u0131nda kullan\u0131labilir. Avantajlar ve \u00d6zellikler Uyumluluk: Aquastyle ve EHEIM 2000 modelleri i\u00e7in Tatl\u0131 su ve tuzlu su akvaryumlar\u0131nda kullan\u0131m imk\u00e2n\u0131 Dayan\u0131kl\u0131 malzeme \u2013 uzun \u00f6m\u00fcrl\u00fc kullan\u0131m i\u00e7in tasarlanm\u0131\u015ft\u0131r Kolay kurulum \u2013 pratik montaj ve \u00e7\u0131karma 2 par\u00e7al\u0131 paket \u2013 tam set halinde gelir Teknik Bilgiler Freshwater: Evet Sea water: Evet Paket i\u00e7eri\u011fi: 2 par\u00e7a","og_url":"https:\/\/anadolupet.com.tr\/en\/product\/eheim-kose-akvaryum-ic-filtre-kapagi-aquacorner\/","og_site_name":"Anadolu Pet Grup","article_modified_time":"2026-02-23T12:48:09+00:00","og_image":[{"width":750,"height":750,"url":"https:\/\/anadolupet.com.tr\/wp-content\/uploads\/2026\/02\/110-7428910.jpg","type":"image\/jpeg"}],"twitter_card":"summary_large_image","schema":{"@context":"https:\/\/schema.org","@graph":[{"@type":"WebPage","@id":"https:\/\/anadolupet.com.tr\/urun\/eheim-kose-akvaryum-ic-filtre-kapagi-aquacorner\/","url":"https:\/\/anadolupet.com.tr\/urun\/eheim-kose-akvaryum-ic-filtre-kapagi-aquacorner\/","name":"EHEIM K\u00f6\u015fe Akvaryum \u0130\u00e7 Filtre Kapa\u011f\u0131 (Aquacorner) - Anadolu Pet Grup","isPartOf":{"@id":"https:\/\/anadolupet.com.tr\/#website"},"primaryImageOfPage":{"@id":"https:\/\/anadolupet.com.tr\/urun\/eheim-kose-akvaryum-ic-filtre-kapagi-aquacorner\/#primaryimage"},"image":{"@id":"https:\/\/anadolupet.com.tr\/urun\/eheim-kose-akvaryum-ic-filtre-kapagi-aquacorner\/#primaryimage"},"thumbnailUrl":"https:\/\/anadolupet.com.tr\/wp-content\/uploads\/2026\/02\/110-7428910.jpg","datePublished":"2026-02-14T14:40:02+00:00","dateModified":"2026-02-23T12:48:09+00:00","breadcrumb":{"@id":"https:\/\/anadolupet.com.tr\/urun\/eheim-kose-akvaryum-ic-filtre-kapagi-aquacorner\/#breadcrumb"},"inLanguage":"en-US","potentialAction":[{"@type":"ReadAction","target":["https:\/\/anadolupet.com.tr\/urun\/eheim-kose-akvaryum-ic-filtre-kapagi-aquacorner\/"]}]},{"@type":"ImageObject","inLanguage":"en-US","@id":"https:\/\/anadolupet.com.tr\/urun\/eheim-kose-akvaryum-ic-filtre-kapagi-aquacorner\/#primaryimage","url":"https:\/\/anadolupet.com.tr\/wp-content\/uploads\/2026\/02\/110-7428910.jpg","contentUrl":"https:\/\/anadolupet.com.tr\/wp-content\/uploads\/2026\/02\/110-7428910.jpg","width":750,"height":750},{"@type":"BreadcrumbList","@id":"https:\/\/anadolupet.com.tr\/urun\/eheim-kose-akvaryum-ic-filtre-kapagi-aquacorner\/#breadcrumb","itemListElement":[{"@type":"ListItem","position":1,"name":"Anasayfa","item":"https:\/\/anadolupet.com.tr\/"},{"@type":"ListItem","position":2,"name":"\u00dcr\u00fcnler","item":"https:\/\/anadolupet.com.tr\/urunler\/"},{"@type":"ListItem","position":3,"name":"EHEIM K\u00f6\u015fe Akvaryum \u0130\u00e7 Filtre Kapa\u011f\u0131 (Aquacorner)"}]},{"@type":"WebSite","@id":"https:\/\/anadolupet.com.tr\/#website","url":"https:\/\/anadolupet.com.tr\/","name":"Anadolu Pet Group","description":"We Stand Together for the Well-Being of Every Life","publisher":{"@id":"https:\/\/anadolupet.com.tr\/#organization"},"potentialAction":[{"@type":"SearchAction","target":{"@type":"EntryPoint","urlTemplate":"https:\/\/anadolupet.com.tr\/?s={search_term_string}"},"query-input":{"@type":"PropertyValueSpecification","valueRequired":true,"valueName":"search_term_string"}}],"inLanguage":"en-US"},{"@type":"Organization","@id":"https:\/\/anadolupet.com.tr\/#organization","name":"Anadolu Pet Group","alternateName":"Anadolu Pet","url":"https:\/\/anadolupet.com.tr\/","logo":{"@type":"ImageObject","inLanguage":"en-US","@id":"https:\/\/anadolupet.com.tr\/#\/schema\/logo\/image\/","url":"https:\/\/anadolupet.com.tr\/wp-content\/uploads\/2026\/03\/1614666743370.jpg","contentUrl":"https:\/\/anadolupet.com.tr\/wp-content\/uploads\/2026\/03\/1614666743370.jpg","width":800,"height":571,"caption":"Anadolu Pet Grup"},"image":{"@id":"https:\/\/anadolupet.com.tr\/#\/schema\/logo\/image\/"}}]}},"_links":{"self":[{"href":"https:\/\/anadolupet.com.tr\/en\/wp-json\/wp\/v2\/product\/44917","targetHints":{"allow":["GET"]}}],"collection":[{"href":"https:\/\/anadolupet.com.tr\/en\/wp-json\/wp\/v2\/product"}],"about":[{"href":"https:\/\/anadolupet.com.tr\/en\/wp-json\/wp\/v2\/types\/product"}],"replies":[{"embeddable":true,"href":"https:\/\/anadolupet.com.tr\/en\/wp-json\/wp\/v2\/comments?post=44917"}],"wp:featuredmedia":[{"embeddable":true,"href":"https:\/\/anadolupet.com.tr\/en\/wp-json\/wp\/v2\/media\/42681"}],"wp:attachment":[{"href":"https:\/\/anadolupet.com.tr\/en\/wp-json\/wp\/v2\/media?parent=44917"}],"wp:term":[{"taxonomy":"product_brand","embeddable":true,"href":"https:\/\/anadolupet.com.tr\/en\/wp-json\/wp\/v2\/product_brand?post=44917"},{"taxonomy":"product_cat","embeddable":true,"href":"https:\/\/anadolupet.com.tr\/en\/wp-json\/wp\/v2\/product_cat?post=44917"},{"taxonomy":"product_tag","embeddable":true,"href":"https:\/\/anadolupet.com.tr\/en\/wp-json\/wp\/v2\/product_tag?post=44917"}],"curies":[{"name":"wp","href":"https:\/\/api.w.org\/{rel}","templated":true}]}}