{"id":44919,"date":"2026-02-14T14:40:02","date_gmt":"2026-02-14T14:40:02","guid":{"rendered":"https:\/\/anadolupet.com.tr\/?post_type=product&#038;p=44919"},"modified":"2026-02-23T12:48:09","modified_gmt":"2026-02-23T12:48:09","slug":"eheim-lav-tasi-1l","status":"publish","type":"product","link":"https:\/\/anadolupet.com.tr\/en\/urun\/eheim-lav-tasi-1l\/","title":{"rendered":"EHEIM Lav Ta\u015f\u0131 1l"},"content":{"rendered":"","protected":false},"excerpt":{"rendered":"<p>EHEIM LAV, akvaryum suyunun biyolojik filtrasyonu i\u00e7in geli\u015ftirilmi\u015f do\u011fal volkanik kaya filtre malzemesidir. P\u00fcr\u00fczl\u00fc ve y\u00fcksek g\u00f6zenekli y\u00fczey yap\u0131s\u0131 sayesinde yararl\u0131 bakterilerin kolonile\u015fmesi i\u00e7in m\u00fckemmel ko\u015fullar sunar. Bu bakteriler, su i\u00e7indeki kir ve zararl\u0131 maddeleri par\u00e7alayarak akvaryumda temiz, sa\u011fl\u0131kl\u0131 ve dengeli su de\u011ferleri sa\u011flar.<br \/>\nDo\u011fal bir \u00fcr\u00fcn oldu\u011fundan paket i\u00e7indeki gran\u00fcl ve par\u00e7alar farkl\u0131 boyutlarda olabilir. Tatl\u0131 su ve deniz suyu akvaryumlar\u0131nda kullan\u0131labilir. Dikkatli \u015fekilde y\u0131kand\u0131\u011f\u0131nda defalarca tekrar kullan\u0131labilir, b\u00f6ylece uzun \u00f6m\u00fcrl\u00fc ve ekonomik bir \u00e7\u00f6z\u00fcm sunar.<br \/>\n\u00d6ne \u00c7\u0131kan \u00d6zellikler<br \/>\nDo\u011fal Volkanik Kaya: Biyolojik filtrasyon i\u00e7in \u00f6zel olarak se\u00e7ilmi\u015f do\u011fal malzeme.<br \/>\nG\u00f6zenekli Yap\u0131: Yararl\u0131 bakterilerin kolonile\u015fmesi i\u00e7in ideal y\u00fczey.<br \/>\nEtkili Biyolojik Temizlik: Kir ve zararl\u0131 maddelerin biyolojik olarak par\u00e7alanmas\u0131n\u0131 destekler.<br \/>\nTekrar Kullan\u0131labilir: Dikkatli \u015fekilde y\u0131kand\u0131\u011f\u0131nda defalarca kullan\u0131labilir.<br \/>\nGeni\u015f Uyumluluk: Tatl\u0131 su ve deniz suyu akvaryumlar\u0131nda kullan\u0131labilir.<\/p>","protected":false},"featured_media":42363,"comment_status":"open","ping_status":"closed","template":"","meta":{"_acf_changed":false},"product_brand":[],"product_cat":[2381],"product_tag":[],"class_list":{"0":"post-44919","1":"product","2":"type-product","3":"status-publish","4":"has-post-thumbnail","6":"product_cat-dis-filtre-malzemeleri","8":"first","9":"instock","10":"shipping-taxable","11":"product-type-simple"},"acf":[],"yoast_head":"<!-- This site is optimized with the Yoast SEO plugin v27.5 - https:\/\/yoast.com\/product\/yoast-seo-wordpress\/ -->\n<title>EHEIM Lav Ta\u015f\u0131 1l - Anadolu Pet Grup<\/title>\n<meta name=\"robots\" content=\"index, follow, max-snippet:-1, max-image-preview:large, max-video-preview:-1\" \/>\n<link rel=\"canonical\" href=\"https:\/\/anadolupet.com.tr\/en\/product\/eheim-lav-tasi-1l\/\" \/>\n<meta property=\"og:locale\" content=\"en_US\" \/>\n<meta property=\"og:type\" content=\"article\" \/>\n<meta property=\"og:title\" content=\"EHEIM Lav Ta\u015f\u0131 1l - Anadolu Pet Grup\" \/>\n<meta property=\"og:description\" content=\"EHEIM LAV, akvaryum suyunun biyolojik filtrasyonu i\u00e7in geli\u015ftirilmi\u015f do\u011fal volkanik kaya filtre malzemesidir. P\u00fcr\u00fczl\u00fc ve y\u00fcksek g\u00f6zenekli y\u00fczey yap\u0131s\u0131 sayesinde yararl\u0131 bakterilerin kolonile\u015fmesi i\u00e7in m\u00fckemmel ko\u015fullar sunar. Bu bakteriler, su i\u00e7indeki kir ve zararl\u0131 maddeleri par\u00e7alayarak akvaryumda temiz, sa\u011fl\u0131kl\u0131 ve dengeli su de\u011ferleri sa\u011flar. Do\u011fal bir \u00fcr\u00fcn oldu\u011fundan paket i\u00e7indeki gran\u00fcl ve par\u00e7alar farkl\u0131 boyutlarda olabilir. Tatl\u0131 su ve deniz suyu akvaryumlar\u0131nda kullan\u0131labilir. Dikkatli \u015fekilde y\u0131kand\u0131\u011f\u0131nda defalarca tekrar kullan\u0131labilir, b\u00f6ylece uzun \u00f6m\u00fcrl\u00fc ve ekonomik bir \u00e7\u00f6z\u00fcm sunar. \u00d6ne \u00c7\u0131kan \u00d6zellikler Do\u011fal Volkanik Kaya: Biyolojik filtrasyon i\u00e7in \u00f6zel olarak se\u00e7ilmi\u015f do\u011fal malzeme. G\u00f6zenekli Yap\u0131: Yararl\u0131 bakterilerin kolonile\u015fmesi i\u00e7in ideal y\u00fczey. Etkili Biyolojik Temizlik: Kir ve zararl\u0131 maddelerin biyolojik olarak par\u00e7alanmas\u0131n\u0131 destekler. Tekrar Kullan\u0131labilir: Dikkatli \u015fekilde y\u0131kand\u0131\u011f\u0131nda defalarca kullan\u0131labilir. Geni\u015f Uyumluluk: Tatl\u0131 su ve deniz suyu akvaryumlar\u0131nda kullan\u0131labilir.\" \/>\n<meta property=\"og:url\" content=\"https:\/\/anadolupet.com.tr\/en\/product\/eheim-lav-tasi-1l\/\" \/>\n<meta property=\"og:site_name\" content=\"Anadolu Pet Grup\" \/>\n<meta property=\"article:modified_time\" content=\"2026-02-23T12:48:09+00:00\" \/>\n<meta property=\"og:image\" content=\"https:\/\/anadolupet.com.tr\/wp-content\/uploads\/2026\/02\/105-2519051.jpg\" \/>\n\t<meta property=\"og:image:width\" content=\"750\" \/>\n\t<meta property=\"og:image:height\" content=\"750\" \/>\n\t<meta property=\"og:image:type\" content=\"image\/jpeg\" \/>\n<meta name=\"twitter:card\" content=\"summary_large_image\" \/>\n<script type=\"application\/ld+json\" class=\"yoast-schema-graph\">{\"@context\":\"https:\\\/\\\/schema.org\",\"@graph\":[{\"@type\":\"WebPage\",\"@id\":\"https:\\\/\\\/anadolupet.com.tr\\\/urun\\\/eheim-lav-tasi-1l\\\/\",\"url\":\"https:\\\/\\\/anadolupet.com.tr\\\/urun\\\/eheim-lav-tasi-1l\\\/\",\"name\":\"EHEIM Lav Ta\u015f\u0131 1l - Anadolu Pet Grup\",\"isPartOf\":{\"@id\":\"https:\\\/\\\/anadolupet.com.tr\\\/#website\"},\"primaryImageOfPage\":{\"@id\":\"https:\\\/\\\/anadolupet.com.tr\\\/urun\\\/eheim-lav-tasi-1l\\\/#primaryimage\"},\"image\":{\"@id\":\"https:\\\/\\\/anadolupet.com.tr\\\/urun\\\/eheim-lav-tasi-1l\\\/#primaryimage\"},\"thumbnailUrl\":\"https:\\\/\\\/anadolupet.com.tr\\\/wp-content\\\/uploads\\\/2026\\\/02\\\/105-2519051.jpg\",\"datePublished\":\"2026-02-14T14:40:02+00:00\",\"dateModified\":\"2026-02-23T12:48:09+00:00\",\"breadcrumb\":{\"@id\":\"https:\\\/\\\/anadolupet.com.tr\\\/urun\\\/eheim-lav-tasi-1l\\\/#breadcrumb\"},\"inLanguage\":\"en-US\",\"potentialAction\":[{\"@type\":\"ReadAction\",\"target\":[\"https:\\\/\\\/anadolupet.com.tr\\\/urun\\\/eheim-lav-tasi-1l\\\/\"]}]},{\"@type\":\"ImageObject\",\"inLanguage\":\"en-US\",\"@id\":\"https:\\\/\\\/anadolupet.com.tr\\\/urun\\\/eheim-lav-tasi-1l\\\/#primaryimage\",\"url\":\"https:\\\/\\\/anadolupet.com.tr\\\/wp-content\\\/uploads\\\/2026\\\/02\\\/105-2519051.jpg\",\"contentUrl\":\"https:\\\/\\\/anadolupet.com.tr\\\/wp-content\\\/uploads\\\/2026\\\/02\\\/105-2519051.jpg\",\"width\":750,\"height\":750},{\"@type\":\"BreadcrumbList\",\"@id\":\"https:\\\/\\\/anadolupet.com.tr\\\/urun\\\/eheim-lav-tasi-1l\\\/#breadcrumb\",\"itemListElement\":[{\"@type\":\"ListItem\",\"position\":1,\"name\":\"Anasayfa\",\"item\":\"https:\\\/\\\/anadolupet.com.tr\\\/\"},{\"@type\":\"ListItem\",\"position\":2,\"name\":\"\u00dcr\u00fcnler\",\"item\":\"https:\\\/\\\/anadolupet.com.tr\\\/urunler\\\/\"},{\"@type\":\"ListItem\",\"position\":3,\"name\":\"EHEIM Lav Ta\u015f\u0131 1l\"}]},{\"@type\":\"WebSite\",\"@id\":\"https:\\\/\\\/anadolupet.com.tr\\\/#website\",\"url\":\"https:\\\/\\\/anadolupet.com.tr\\\/\",\"name\":\"Anadolu Pet Grup\",\"description\":\"Her Can\u0131n \u0130yi Ya\u015fam\u0131 \u0130\u00e7in Biraraday\u0131z\",\"publisher\":{\"@id\":\"https:\\\/\\\/anadolupet.com.tr\\\/#organization\"},\"potentialAction\":[{\"@type\":\"SearchAction\",\"target\":{\"@type\":\"EntryPoint\",\"urlTemplate\":\"https:\\\/\\\/anadolupet.com.tr\\\/?s={search_term_string}\"},\"query-input\":{\"@type\":\"PropertyValueSpecification\",\"valueRequired\":true,\"valueName\":\"search_term_string\"}}],\"inLanguage\":\"en-US\"},{\"@type\":\"Organization\",\"@id\":\"https:\\\/\\\/anadolupet.com.tr\\\/#organization\",\"name\":\"Anadolu Pet Grup\",\"alternateName\":\"Anadolu Pet\",\"url\":\"https:\\\/\\\/anadolupet.com.tr\\\/\",\"logo\":{\"@type\":\"ImageObject\",\"inLanguage\":\"en-US\",\"@id\":\"https:\\\/\\\/anadolupet.com.tr\\\/#\\\/schema\\\/logo\\\/image\\\/\",\"url\":\"https:\\\/\\\/anadolupet.com.tr\\\/wp-content\\\/uploads\\\/2026\\\/03\\\/1614666743370.jpg\",\"contentUrl\":\"https:\\\/\\\/anadolupet.com.tr\\\/wp-content\\\/uploads\\\/2026\\\/03\\\/1614666743370.jpg\",\"width\":800,\"height\":571,\"caption\":\"Anadolu Pet Grup\"},\"image\":{\"@id\":\"https:\\\/\\\/anadolupet.com.tr\\\/#\\\/schema\\\/logo\\\/image\\\/\"}}]}<\/script>\n<!-- \/ Yoast SEO plugin. -->","yoast_head_json":{"title":"EHEIM Lav Ta\u015f\u0131 1l - Anadolu Pet Grup","robots":{"index":"index","follow":"follow","max-snippet":"max-snippet:-1","max-image-preview":"max-image-preview:large","max-video-preview":"max-video-preview:-1"},"canonical":"https:\/\/anadolupet.com.tr\/en\/product\/eheim-lav-tasi-1l\/","og_locale":"en_US","og_type":"article","og_title":"EHEIM Lav Ta\u015f\u0131 1l - Anadolu Pet Grup","og_description":"EHEIM LAV, akvaryum suyunun biyolojik filtrasyonu i\u00e7in geli\u015ftirilmi\u015f do\u011fal volkanik kaya filtre malzemesidir. P\u00fcr\u00fczl\u00fc ve y\u00fcksek g\u00f6zenekli y\u00fczey yap\u0131s\u0131 sayesinde yararl\u0131 bakterilerin kolonile\u015fmesi i\u00e7in m\u00fckemmel ko\u015fullar sunar. Bu bakteriler, su i\u00e7indeki kir ve zararl\u0131 maddeleri par\u00e7alayarak akvaryumda temiz, sa\u011fl\u0131kl\u0131 ve dengeli su de\u011ferleri sa\u011flar. Do\u011fal bir \u00fcr\u00fcn oldu\u011fundan paket i\u00e7indeki gran\u00fcl ve par\u00e7alar farkl\u0131 boyutlarda olabilir. Tatl\u0131 su ve deniz suyu akvaryumlar\u0131nda kullan\u0131labilir. Dikkatli \u015fekilde y\u0131kand\u0131\u011f\u0131nda defalarca tekrar kullan\u0131labilir, b\u00f6ylece uzun \u00f6m\u00fcrl\u00fc ve ekonomik bir \u00e7\u00f6z\u00fcm sunar. \u00d6ne \u00c7\u0131kan \u00d6zellikler Do\u011fal Volkanik Kaya: Biyolojik filtrasyon i\u00e7in \u00f6zel olarak se\u00e7ilmi\u015f do\u011fal malzeme. G\u00f6zenekli Yap\u0131: Yararl\u0131 bakterilerin kolonile\u015fmesi i\u00e7in ideal y\u00fczey. Etkili Biyolojik Temizlik: Kir ve zararl\u0131 maddelerin biyolojik olarak par\u00e7alanmas\u0131n\u0131 destekler. Tekrar Kullan\u0131labilir: Dikkatli \u015fekilde y\u0131kand\u0131\u011f\u0131nda defalarca kullan\u0131labilir. Geni\u015f Uyumluluk: Tatl\u0131 su ve deniz suyu akvaryumlar\u0131nda kullan\u0131labilir.","og_url":"https:\/\/anadolupet.com.tr\/en\/product\/eheim-lav-tasi-1l\/","og_site_name":"Anadolu Pet Grup","article_modified_time":"2026-02-23T12:48:09+00:00","og_image":[{"width":750,"height":750,"url":"https:\/\/anadolupet.com.tr\/wp-content\/uploads\/2026\/02\/105-2519051.jpg","type":"image\/jpeg"}],"twitter_card":"summary_large_image","schema":{"@context":"https:\/\/schema.org","@graph":[{"@type":"WebPage","@id":"https:\/\/anadolupet.com.tr\/urun\/eheim-lav-tasi-1l\/","url":"https:\/\/anadolupet.com.tr\/urun\/eheim-lav-tasi-1l\/","name":"EHEIM Lav Ta\u015f\u0131 1l - Anadolu Pet Grup","isPartOf":{"@id":"https:\/\/anadolupet.com.tr\/#website"},"primaryImageOfPage":{"@id":"https:\/\/anadolupet.com.tr\/urun\/eheim-lav-tasi-1l\/#primaryimage"},"image":{"@id":"https:\/\/anadolupet.com.tr\/urun\/eheim-lav-tasi-1l\/#primaryimage"},"thumbnailUrl":"https:\/\/anadolupet.com.tr\/wp-content\/uploads\/2026\/02\/105-2519051.jpg","datePublished":"2026-02-14T14:40:02+00:00","dateModified":"2026-02-23T12:48:09+00:00","breadcrumb":{"@id":"https:\/\/anadolupet.com.tr\/urun\/eheim-lav-tasi-1l\/#breadcrumb"},"inLanguage":"en-US","potentialAction":[{"@type":"ReadAction","target":["https:\/\/anadolupet.com.tr\/urun\/eheim-lav-tasi-1l\/"]}]},{"@type":"ImageObject","inLanguage":"en-US","@id":"https:\/\/anadolupet.com.tr\/urun\/eheim-lav-tasi-1l\/#primaryimage","url":"https:\/\/anadolupet.com.tr\/wp-content\/uploads\/2026\/02\/105-2519051.jpg","contentUrl":"https:\/\/anadolupet.com.tr\/wp-content\/uploads\/2026\/02\/105-2519051.jpg","width":750,"height":750},{"@type":"BreadcrumbList","@id":"https:\/\/anadolupet.com.tr\/urun\/eheim-lav-tasi-1l\/#breadcrumb","itemListElement":[{"@type":"ListItem","position":1,"name":"Anasayfa","item":"https:\/\/anadolupet.com.tr\/"},{"@type":"ListItem","position":2,"name":"\u00dcr\u00fcnler","item":"https:\/\/anadolupet.com.tr\/urunler\/"},{"@type":"ListItem","position":3,"name":"EHEIM Lav Ta\u015f\u0131 1l"}]},{"@type":"WebSite","@id":"https:\/\/anadolupet.com.tr\/#website","url":"https:\/\/anadolupet.com.tr\/","name":"Anadolu Pet Group","description":"We Stand Together for the Well-Being of Every Life","publisher":{"@id":"https:\/\/anadolupet.com.tr\/#organization"},"potentialAction":[{"@type":"SearchAction","target":{"@type":"EntryPoint","urlTemplate":"https:\/\/anadolupet.com.tr\/?s={search_term_string}"},"query-input":{"@type":"PropertyValueSpecification","valueRequired":true,"valueName":"search_term_string"}}],"inLanguage":"en-US"},{"@type":"Organization","@id":"https:\/\/anadolupet.com.tr\/#organization","name":"Anadolu Pet Group","alternateName":"Anadolu Pet","url":"https:\/\/anadolupet.com.tr\/","logo":{"@type":"ImageObject","inLanguage":"en-US","@id":"https:\/\/anadolupet.com.tr\/#\/schema\/logo\/image\/","url":"https:\/\/anadolupet.com.tr\/wp-content\/uploads\/2026\/03\/1614666743370.jpg","contentUrl":"https:\/\/anadolupet.com.tr\/wp-content\/uploads\/2026\/03\/1614666743370.jpg","width":800,"height":571,"caption":"Anadolu Pet Grup"},"image":{"@id":"https:\/\/anadolupet.com.tr\/#\/schema\/logo\/image\/"}}]}},"_links":{"self":[{"href":"https:\/\/anadolupet.com.tr\/en\/wp-json\/wp\/v2\/product\/44919","targetHints":{"allow":["GET"]}}],"collection":[{"href":"https:\/\/anadolupet.com.tr\/en\/wp-json\/wp\/v2\/product"}],"about":[{"href":"https:\/\/anadolupet.com.tr\/en\/wp-json\/wp\/v2\/types\/product"}],"replies":[{"embeddable":true,"href":"https:\/\/anadolupet.com.tr\/en\/wp-json\/wp\/v2\/comments?post=44919"}],"wp:featuredmedia":[{"embeddable":true,"href":"https:\/\/anadolupet.com.tr\/en\/wp-json\/wp\/v2\/media\/42363"}],"wp:attachment":[{"href":"https:\/\/anadolupet.com.tr\/en\/wp-json\/wp\/v2\/media?parent=44919"}],"wp:term":[{"taxonomy":"product_brand","embeddable":true,"href":"https:\/\/anadolupet.com.tr\/en\/wp-json\/wp\/v2\/product_brand?post=44919"},{"taxonomy":"product_cat","embeddable":true,"href":"https:\/\/anadolupet.com.tr\/en\/wp-json\/wp\/v2\/product_cat?post=44919"},{"taxonomy":"product_tag","embeddable":true,"href":"https:\/\/anadolupet.com.tr\/en\/wp-json\/wp\/v2\/product_tag?post=44919"}],"curies":[{"name":"wp","href":"https:\/\/api.w.org\/{rel}","templated":true}]}}