{"id":44920,"date":"2026-02-14T14:40:02","date_gmt":"2026-02-14T14:40:02","guid":{"rendered":"https:\/\/anadolupet.com.tr\/?post_type=product&#038;p=44920"},"modified":"2026-02-23T12:48:10","modified_gmt":"2026-02-23T12:48:10","slug":"eheim-liberty-130-aski-filtre","status":"publish","type":"product","link":"https:\/\/anadolupet.com.tr\/en\/urun\/eheim-liberty-130-aski-filtre\/","title":{"rendered":"EHEIM Liberty 130 Ask\u0131 Filtre"},"content":{"rendered":"","protected":false},"excerpt":{"rendered":"<p>EHEIM LIBERTY, akvaryumlar i\u00e7in kolay kullan\u0131ml\u0131 ask\u0131l\u0131 filtre \u00e7\u00f6z\u00fcm\u00fcd\u00fcr. Akvaryum cam\u0131n\u0131n \u00fcst k\u0131sm\u0131na basit\u00e7e tak\u0131l\u0131r ve hemen \u00e7al\u0131\u015fmaya haz\u0131rd\u0131r. Ayarlanabilir emi\u015f borusu sayesinde suya dal\u0131\u015f derinli\u011fi ve akvaryumdaki ak\u0131\u015f h\u0131z\u0131 kolayca belirlenebilir. Filtrelenmi\u015f su, sessizce akvaryuma geri d\u00f6ner ve m\u00fckemmel su sirk\u00fclasyonu sa\u011flan\u0131r. Pompa \u00e7\u0131k\u0131\u015f\u0131 ise k\u0131rm\u0131z\u0131 kontrol d\u00fc\u011fmesi ile rahat\u00e7a ayarlanabilir.<br \/>\n\u00dc\u00e7 farkl\u0131 model ile 200 litreye kadar akvaryumlar i\u00e7in uygundur. T\u00fcm modeller filtre malzemeleriyle birlikte gelir ve hemen kullan\u0131ma haz\u0131rd\u0131r.<br \/>\nAvantajlar<br \/>\nKompakt tasar\u0131m: Akvaryum cam\u0131na kolayca tak\u0131l\u0131r<br \/>\nYeni ba\u015flayanlar, profesyoneller ve \u00fcreticiler i\u00e7in ideal (\u00fcretim, karantina ve japon bal\u0131\u011f\u0131 akvaryumlar\u0131 i\u00e7in uygun)<br \/>\nFiltre malzemeleriyle birlikte, kullan\u0131ma haz\u0131r<br \/>\nPratik ve de\u011fi\u015ftirilebilir filtre kartu\u015flar\u0131<br \/>\n75, 130 ve 200 litreye kadar 3 farkl\u0131 model<\/p>","protected":false},"featured_media":42295,"comment_status":"open","ping_status":"closed","template":"","meta":{"_acf_changed":false},"product_brand":[],"product_cat":[2378],"product_tag":[],"class_list":{"0":"post-44920","1":"product","2":"type-product","3":"status-publish","4":"has-post-thumbnail","6":"product_cat-aski-filtreler","8":"first","9":"instock","10":"shipping-taxable","11":"product-type-simple"},"acf":[],"yoast_head":"<!-- This site is optimized with the Yoast SEO plugin v27.4 - https:\/\/yoast.com\/product\/yoast-seo-wordpress\/ -->\n<title>EHEIM Liberty 130 Ask\u0131 Filtre - Anadolu Pet Grup<\/title>\n<meta name=\"robots\" content=\"index, follow, max-snippet:-1, max-image-preview:large, max-video-preview:-1\" \/>\n<link rel=\"canonical\" href=\"https:\/\/anadolupet.com.tr\/en\/product\/eheim-liberty-130-aski-filtre\/\" \/>\n<meta property=\"og:locale\" content=\"en_US\" \/>\n<meta property=\"og:type\" content=\"article\" \/>\n<meta property=\"og:title\" content=\"EHEIM Liberty 130 Ask\u0131 Filtre - Anadolu Pet Grup\" \/>\n<meta property=\"og:description\" content=\"EHEIM LIBERTY, akvaryumlar i\u00e7in kolay kullan\u0131ml\u0131 ask\u0131l\u0131 filtre \u00e7\u00f6z\u00fcm\u00fcd\u00fcr. Akvaryum cam\u0131n\u0131n \u00fcst k\u0131sm\u0131na basit\u00e7e tak\u0131l\u0131r ve hemen \u00e7al\u0131\u015fmaya haz\u0131rd\u0131r. Ayarlanabilir emi\u015f borusu sayesinde suya dal\u0131\u015f derinli\u011fi ve akvaryumdaki ak\u0131\u015f h\u0131z\u0131 kolayca belirlenebilir. Filtrelenmi\u015f su, sessizce akvaryuma geri d\u00f6ner ve m\u00fckemmel su sirk\u00fclasyonu sa\u011flan\u0131r. Pompa \u00e7\u0131k\u0131\u015f\u0131 ise k\u0131rm\u0131z\u0131 kontrol d\u00fc\u011fmesi ile rahat\u00e7a ayarlanabilir. \u00dc\u00e7 farkl\u0131 model ile 200 litreye kadar akvaryumlar i\u00e7in uygundur. T\u00fcm modeller filtre malzemeleriyle birlikte gelir ve hemen kullan\u0131ma haz\u0131rd\u0131r. Avantajlar Kompakt tasar\u0131m: Akvaryum cam\u0131na kolayca tak\u0131l\u0131r Yeni ba\u015flayanlar, profesyoneller ve \u00fcreticiler i\u00e7in ideal (\u00fcretim, karantina ve japon bal\u0131\u011f\u0131 akvaryumlar\u0131 i\u00e7in uygun) Filtre malzemeleriyle birlikte, kullan\u0131ma haz\u0131r Pratik ve de\u011fi\u015ftirilebilir filtre kartu\u015flar\u0131 75, 130 ve 200 litreye kadar 3 farkl\u0131 model\" \/>\n<meta property=\"og:url\" content=\"https:\/\/anadolupet.com.tr\/en\/product\/eheim-liberty-130-aski-filtre\/\" \/>\n<meta property=\"og:site_name\" content=\"Anadolu Pet Grup\" \/>\n<meta property=\"article:modified_time\" content=\"2026-02-23T12:48:10+00:00\" \/>\n<meta property=\"og:image\" content=\"https:\/\/anadolupet.com.tr\/wp-content\/uploads\/2026\/02\/105-2041020.jpg\" \/>\n\t<meta property=\"og:image:width\" content=\"750\" \/>\n\t<meta property=\"og:image:height\" content=\"750\" \/>\n\t<meta property=\"og:image:type\" content=\"image\/jpeg\" \/>\n<meta name=\"twitter:card\" content=\"summary_large_image\" \/>\n<script type=\"application\/ld+json\" class=\"yoast-schema-graph\">{\"@context\":\"https:\\\/\\\/schema.org\",\"@graph\":[{\"@type\":\"WebPage\",\"@id\":\"https:\\\/\\\/anadolupet.com.tr\\\/urun\\\/eheim-liberty-130-aski-filtre\\\/\",\"url\":\"https:\\\/\\\/anadolupet.com.tr\\\/urun\\\/eheim-liberty-130-aski-filtre\\\/\",\"name\":\"EHEIM Liberty 130 Ask\u0131 Filtre - Anadolu Pet Grup\",\"isPartOf\":{\"@id\":\"https:\\\/\\\/anadolupet.com.tr\\\/#website\"},\"primaryImageOfPage\":{\"@id\":\"https:\\\/\\\/anadolupet.com.tr\\\/urun\\\/eheim-liberty-130-aski-filtre\\\/#primaryimage\"},\"image\":{\"@id\":\"https:\\\/\\\/anadolupet.com.tr\\\/urun\\\/eheim-liberty-130-aski-filtre\\\/#primaryimage\"},\"thumbnailUrl\":\"https:\\\/\\\/anadolupet.com.tr\\\/wp-content\\\/uploads\\\/2026\\\/02\\\/105-2041020.jpg\",\"datePublished\":\"2026-02-14T14:40:02+00:00\",\"dateModified\":\"2026-02-23T12:48:10+00:00\",\"breadcrumb\":{\"@id\":\"https:\\\/\\\/anadolupet.com.tr\\\/urun\\\/eheim-liberty-130-aski-filtre\\\/#breadcrumb\"},\"inLanguage\":\"en-US\",\"potentialAction\":[{\"@type\":\"ReadAction\",\"target\":[\"https:\\\/\\\/anadolupet.com.tr\\\/urun\\\/eheim-liberty-130-aski-filtre\\\/\"]}]},{\"@type\":\"ImageObject\",\"inLanguage\":\"en-US\",\"@id\":\"https:\\\/\\\/anadolupet.com.tr\\\/urun\\\/eheim-liberty-130-aski-filtre\\\/#primaryimage\",\"url\":\"https:\\\/\\\/anadolupet.com.tr\\\/wp-content\\\/uploads\\\/2026\\\/02\\\/105-2041020.jpg\",\"contentUrl\":\"https:\\\/\\\/anadolupet.com.tr\\\/wp-content\\\/uploads\\\/2026\\\/02\\\/105-2041020.jpg\",\"width\":750,\"height\":750},{\"@type\":\"BreadcrumbList\",\"@id\":\"https:\\\/\\\/anadolupet.com.tr\\\/urun\\\/eheim-liberty-130-aski-filtre\\\/#breadcrumb\",\"itemListElement\":[{\"@type\":\"ListItem\",\"position\":1,\"name\":\"Anasayfa\",\"item\":\"https:\\\/\\\/anadolupet.com.tr\\\/\"},{\"@type\":\"ListItem\",\"position\":2,\"name\":\"\u00dcr\u00fcnler\",\"item\":\"https:\\\/\\\/anadolupet.com.tr\\\/urunler\\\/\"},{\"@type\":\"ListItem\",\"position\":3,\"name\":\"EHEIM Liberty 130 Ask\u0131 Filtre\"}]},{\"@type\":\"WebSite\",\"@id\":\"https:\\\/\\\/anadolupet.com.tr\\\/#website\",\"url\":\"https:\\\/\\\/anadolupet.com.tr\\\/\",\"name\":\"Anadolu Pet Grup\",\"description\":\"Her Can\u0131n \u0130yi Ya\u015fam\u0131 \u0130\u00e7in Biraraday\u0131z\",\"publisher\":{\"@id\":\"https:\\\/\\\/anadolupet.com.tr\\\/#organization\"},\"potentialAction\":[{\"@type\":\"SearchAction\",\"target\":{\"@type\":\"EntryPoint\",\"urlTemplate\":\"https:\\\/\\\/anadolupet.com.tr\\\/?s={search_term_string}\"},\"query-input\":{\"@type\":\"PropertyValueSpecification\",\"valueRequired\":true,\"valueName\":\"search_term_string\"}}],\"inLanguage\":\"en-US\"},{\"@type\":\"Organization\",\"@id\":\"https:\\\/\\\/anadolupet.com.tr\\\/#organization\",\"name\":\"Anadolu Pet Grup\",\"alternateName\":\"Anadolu Pet\",\"url\":\"https:\\\/\\\/anadolupet.com.tr\\\/\",\"logo\":{\"@type\":\"ImageObject\",\"inLanguage\":\"en-US\",\"@id\":\"https:\\\/\\\/anadolupet.com.tr\\\/#\\\/schema\\\/logo\\\/image\\\/\",\"url\":\"https:\\\/\\\/anadolupet.com.tr\\\/wp-content\\\/uploads\\\/2026\\\/03\\\/1614666743370.jpg\",\"contentUrl\":\"https:\\\/\\\/anadolupet.com.tr\\\/wp-content\\\/uploads\\\/2026\\\/03\\\/1614666743370.jpg\",\"width\":800,\"height\":571,\"caption\":\"Anadolu Pet Grup\"},\"image\":{\"@id\":\"https:\\\/\\\/anadolupet.com.tr\\\/#\\\/schema\\\/logo\\\/image\\\/\"}}]}<\/script>\n<!-- \/ Yoast SEO plugin. -->","yoast_head_json":{"title":"EHEIM Liberty 130 Ask\u0131 Filtre - Anadolu Pet Grup","robots":{"index":"index","follow":"follow","max-snippet":"max-snippet:-1","max-image-preview":"max-image-preview:large","max-video-preview":"max-video-preview:-1"},"canonical":"https:\/\/anadolupet.com.tr\/en\/product\/eheim-liberty-130-aski-filtre\/","og_locale":"en_US","og_type":"article","og_title":"EHEIM Liberty 130 Ask\u0131 Filtre - Anadolu Pet Grup","og_description":"EHEIM LIBERTY, akvaryumlar i\u00e7in kolay kullan\u0131ml\u0131 ask\u0131l\u0131 filtre \u00e7\u00f6z\u00fcm\u00fcd\u00fcr. Akvaryum cam\u0131n\u0131n \u00fcst k\u0131sm\u0131na basit\u00e7e tak\u0131l\u0131r ve hemen \u00e7al\u0131\u015fmaya haz\u0131rd\u0131r. Ayarlanabilir emi\u015f borusu sayesinde suya dal\u0131\u015f derinli\u011fi ve akvaryumdaki ak\u0131\u015f h\u0131z\u0131 kolayca belirlenebilir. Filtrelenmi\u015f su, sessizce akvaryuma geri d\u00f6ner ve m\u00fckemmel su sirk\u00fclasyonu sa\u011flan\u0131r. Pompa \u00e7\u0131k\u0131\u015f\u0131 ise k\u0131rm\u0131z\u0131 kontrol d\u00fc\u011fmesi ile rahat\u00e7a ayarlanabilir. \u00dc\u00e7 farkl\u0131 model ile 200 litreye kadar akvaryumlar i\u00e7in uygundur. T\u00fcm modeller filtre malzemeleriyle birlikte gelir ve hemen kullan\u0131ma haz\u0131rd\u0131r. Avantajlar Kompakt tasar\u0131m: Akvaryum cam\u0131na kolayca tak\u0131l\u0131r Yeni ba\u015flayanlar, profesyoneller ve \u00fcreticiler i\u00e7in ideal (\u00fcretim, karantina ve japon bal\u0131\u011f\u0131 akvaryumlar\u0131 i\u00e7in uygun) Filtre malzemeleriyle birlikte, kullan\u0131ma haz\u0131r Pratik ve de\u011fi\u015ftirilebilir filtre kartu\u015flar\u0131 75, 130 ve 200 litreye kadar 3 farkl\u0131 model","og_url":"https:\/\/anadolupet.com.tr\/en\/product\/eheim-liberty-130-aski-filtre\/","og_site_name":"Anadolu Pet Grup","article_modified_time":"2026-02-23T12:48:10+00:00","og_image":[{"width":750,"height":750,"url":"https:\/\/anadolupet.com.tr\/wp-content\/uploads\/2026\/02\/105-2041020.jpg","type":"image\/jpeg"}],"twitter_card":"summary_large_image","schema":{"@context":"https:\/\/schema.org","@graph":[{"@type":"WebPage","@id":"https:\/\/anadolupet.com.tr\/urun\/eheim-liberty-130-aski-filtre\/","url":"https:\/\/anadolupet.com.tr\/urun\/eheim-liberty-130-aski-filtre\/","name":"EHEIM Liberty 130 Ask\u0131 Filtre - Anadolu Pet Grup","isPartOf":{"@id":"https:\/\/anadolupet.com.tr\/#website"},"primaryImageOfPage":{"@id":"https:\/\/anadolupet.com.tr\/urun\/eheim-liberty-130-aski-filtre\/#primaryimage"},"image":{"@id":"https:\/\/anadolupet.com.tr\/urun\/eheim-liberty-130-aski-filtre\/#primaryimage"},"thumbnailUrl":"https:\/\/anadolupet.com.tr\/wp-content\/uploads\/2026\/02\/105-2041020.jpg","datePublished":"2026-02-14T14:40:02+00:00","dateModified":"2026-02-23T12:48:10+00:00","breadcrumb":{"@id":"https:\/\/anadolupet.com.tr\/urun\/eheim-liberty-130-aski-filtre\/#breadcrumb"},"inLanguage":"en-US","potentialAction":[{"@type":"ReadAction","target":["https:\/\/anadolupet.com.tr\/urun\/eheim-liberty-130-aski-filtre\/"]}]},{"@type":"ImageObject","inLanguage":"en-US","@id":"https:\/\/anadolupet.com.tr\/urun\/eheim-liberty-130-aski-filtre\/#primaryimage","url":"https:\/\/anadolupet.com.tr\/wp-content\/uploads\/2026\/02\/105-2041020.jpg","contentUrl":"https:\/\/anadolupet.com.tr\/wp-content\/uploads\/2026\/02\/105-2041020.jpg","width":750,"height":750},{"@type":"BreadcrumbList","@id":"https:\/\/anadolupet.com.tr\/urun\/eheim-liberty-130-aski-filtre\/#breadcrumb","itemListElement":[{"@type":"ListItem","position":1,"name":"Anasayfa","item":"https:\/\/anadolupet.com.tr\/"},{"@type":"ListItem","position":2,"name":"\u00dcr\u00fcnler","item":"https:\/\/anadolupet.com.tr\/urunler\/"},{"@type":"ListItem","position":3,"name":"EHEIM Liberty 130 Ask\u0131 Filtre"}]},{"@type":"WebSite","@id":"https:\/\/anadolupet.com.tr\/#website","url":"https:\/\/anadolupet.com.tr\/","name":"Anadolu Pet Group","description":"We Stand Together for the Well-Being of Every Life","publisher":{"@id":"https:\/\/anadolupet.com.tr\/#organization"},"potentialAction":[{"@type":"SearchAction","target":{"@type":"EntryPoint","urlTemplate":"https:\/\/anadolupet.com.tr\/?s={search_term_string}"},"query-input":{"@type":"PropertyValueSpecification","valueRequired":true,"valueName":"search_term_string"}}],"inLanguage":"en-US"},{"@type":"Organization","@id":"https:\/\/anadolupet.com.tr\/#organization","name":"Anadolu Pet Group","alternateName":"Anadolu Pet","url":"https:\/\/anadolupet.com.tr\/","logo":{"@type":"ImageObject","inLanguage":"en-US","@id":"https:\/\/anadolupet.com.tr\/#\/schema\/logo\/image\/","url":"https:\/\/anadolupet.com.tr\/wp-content\/uploads\/2026\/03\/1614666743370.jpg","contentUrl":"https:\/\/anadolupet.com.tr\/wp-content\/uploads\/2026\/03\/1614666743370.jpg","width":800,"height":571,"caption":"Anadolu Pet Grup"},"image":{"@id":"https:\/\/anadolupet.com.tr\/#\/schema\/logo\/image\/"}}]}},"_links":{"self":[{"href":"https:\/\/anadolupet.com.tr\/en\/wp-json\/wp\/v2\/product\/44920","targetHints":{"allow":["GET"]}}],"collection":[{"href":"https:\/\/anadolupet.com.tr\/en\/wp-json\/wp\/v2\/product"}],"about":[{"href":"https:\/\/anadolupet.com.tr\/en\/wp-json\/wp\/v2\/types\/product"}],"replies":[{"embeddable":true,"href":"https:\/\/anadolupet.com.tr\/en\/wp-json\/wp\/v2\/comments?post=44920"}],"wp:featuredmedia":[{"embeddable":true,"href":"https:\/\/anadolupet.com.tr\/en\/wp-json\/wp\/v2\/media\/42295"}],"wp:attachment":[{"href":"https:\/\/anadolupet.com.tr\/en\/wp-json\/wp\/v2\/media?parent=44920"}],"wp:term":[{"taxonomy":"product_brand","embeddable":true,"href":"https:\/\/anadolupet.com.tr\/en\/wp-json\/wp\/v2\/product_brand?post=44920"},{"taxonomy":"product_cat","embeddable":true,"href":"https:\/\/anadolupet.com.tr\/en\/wp-json\/wp\/v2\/product_cat?post=44920"},{"taxonomy":"product_tag","embeddable":true,"href":"https:\/\/anadolupet.com.tr\/en\/wp-json\/wp\/v2\/product_tag?post=44920"}],"curies":[{"name":"wp","href":"https:\/\/api.w.org\/{rel}","templated":true}]}}