{"id":44927,"date":"2026-02-14T14:40:03","date_gmt":"2026-02-14T14:40:03","guid":{"rendered":"https:\/\/anadolupet.com.tr\/urun\/eheim-incpiria-430-akvaryum-grafit\/"},"modified":"2026-02-23T12:48:10","modified_gmt":"2026-02-23T12:48:10","slug":"eheim-incpiria-430-akvaryum-grafit","status":"publish","type":"product","link":"https:\/\/anadolupet.com.tr\/en\/urun\/eheim-incpiria-430-akvaryum-grafit\/","title":{"rendered":"EHEIM Incpiria 430 Akvaryum Grafit"},"content":{"rendered":"","protected":false},"excerpt":{"rendered":"<p>EHEIM Incpiria, hem tasar\u0131m hem de fonksiyon a\u00e7\u0131s\u0131ndan ger\u00e7ek bir m\u00fccevherdir. Modern mobilya esteti\u011fini sevenler i\u00e7in tasarlanan bu seri, dekoratif fazlal\u0131klardan ar\u0131nd\u0131r\u0131lm\u0131\u015f temiz \u00e7izgileriyle \u00f6ne \u00e7\u0131kar. Y\u00fcksek parlakl\u0131k se\u00e7enekleri (alpine ve graphite) ile modern ah\u015fap dolap alternatifleri, akvaryuma zarif bir g\u00f6r\u00fcn\u00fcm kazand\u0131r\u0131r.<\/p>\n<p>\u00d6ne \u00c7\u0131kan \u00d6zellikler<br \/>\nDerinlik: T\u00fcm modeller 60 cm derinlikte, bitki ve dekorasyon i\u00e7in geni\u015f alan sa\u011flar.<\/p>\n<p>Kapak: Y\u00fcksek kaliteli siyah camdan yap\u0131lm\u0131\u015f, kayd\u0131r\u0131larak a\u00e7\u0131l\u0131p \u00e7\u0131kar\u0131labilir.<\/p>\n<p>Kablo ve Hortum Y\u00f6netimi: Entegre \u015faft ve gizli taban deli\u011fi sayesinde kablolar g\u00f6r\u00fcnmez, akvaryum iki taraftan da estetik g\u00f6r\u00fcn\u00fcr.<\/p>\n<p>Cam Kalitesi: Distorsiyonsuz float cam, elmas kesim kenarlar ve ayna kaynakl\u0131 birle\u015fimler ile maksimum g\u00fcvenlik ve berrak g\u00f6r\u00fcnt\u00fc.<\/p>\n<p>Gizli Takviyeler: Tank\u0131n stabilitesini art\u0131r\u0131r.<\/p>\n<p>Dolap: Sa\u011flam, dengeli ve akvaryumun dolu a\u011f\u0131rl\u0131\u011f\u0131n\u0131 g\u00fcvenle ta\u015f\u0131yacak \u015fekilde tasarlanm\u0131\u015ft\u0131r.<\/p>\n<p>Malzeme Se\u00e7enekleri: Y\u00fcksek parlakl\u0131k veya modern ah\u015fap kaplama \u2013 hem \u015f\u0131k hem dayan\u0131kl\u0131.<\/p>\n<p>Atmosferik Ayd\u0131nlatma: Dolap i\u00e7inde RGB ayd\u0131nlatma, WLAN \u00fczerinden dijital kontrol; milyonlarca renk se\u00e7ene\u011fi (EHEIM RGBcontrol+e ile).<\/p>\n<p>\u0130\u00e7 LED Ayd\u0131nlatma: Akvaryum i\u00e7i g\u00f6rselli\u011fi art\u0131r\u0131r.<\/p>\n<p>Kullan\u0131c\u0131ya Sa\u011flad\u0131\u011f\u0131 Faydalar<br \/>\nEstetik: Modern mobilya ile uyumlu, oda b\u00f6l\u00fcc\u00fc olarak da kullan\u0131labilir.<\/p>\n<p>Pratiklik: Kolay bak\u0131m ve temizlik i\u00e7in tasarlanm\u0131\u015f kapak ve kablo y\u00f6netimi.<\/p>\n<p>G\u00fcvenlik: Y\u00fcksek kaliteli cam ve sa\u011flam dolap yap\u0131s\u0131.<\/p>\n<p>Atmosfer: Ortam \u0131\u015f\u0131\u011f\u0131 ile akvaryumun bulundu\u011fu mek\u00e2na dekoratif katk\u0131.<\/p>","protected":false},"featured_media":42797,"comment_status":"open","ping_status":"closed","template":"","meta":{"_acf_changed":false},"product_brand":[],"product_cat":[2391],"product_tag":[],"class_list":{"0":"post-44927","1":"product","2":"type-product","3":"status-publish","4":"has-post-thumbnail","6":"product_cat-isiticilar","8":"first","9":"instock","10":"shipping-taxable","11":"product-type-simple"},"acf":[],"yoast_head":"<!-- This site is optimized with the Yoast SEO plugin v27.4 - https:\/\/yoast.com\/product\/yoast-seo-wordpress\/ -->\n<title>EHEIM Incpiria 430 Akvaryum Grafit - Anadolu Pet Grup<\/title>\n<meta name=\"robots\" content=\"index, follow, max-snippet:-1, max-image-preview:large, max-video-preview:-1\" \/>\n<link rel=\"canonical\" href=\"https:\/\/anadolupet.com.tr\/en\/product\/eheim-incpiria-430-akvaryum-grafit\/\" \/>\n<meta property=\"og:locale\" content=\"en_US\" \/>\n<meta property=\"og:type\" content=\"article\" \/>\n<meta property=\"og:title\" content=\"EHEIM Incpiria 430 Akvaryum Grafit - Anadolu Pet Grup\" \/>\n<meta property=\"og:description\" content=\"EHEIM Incpiria, hem tasar\u0131m hem de fonksiyon a\u00e7\u0131s\u0131ndan ger\u00e7ek bir m\u00fccevherdir. Modern mobilya esteti\u011fini sevenler i\u00e7in tasarlanan bu seri, dekoratif fazlal\u0131klardan ar\u0131nd\u0131r\u0131lm\u0131\u015f temiz \u00e7izgileriyle \u00f6ne \u00e7\u0131kar. Y\u00fcksek parlakl\u0131k se\u00e7enekleri (alpine ve graphite) ile modern ah\u015fap dolap alternatifleri, akvaryuma zarif bir g\u00f6r\u00fcn\u00fcm kazand\u0131r\u0131r. \u00d6ne \u00c7\u0131kan \u00d6zellikler Derinlik: T\u00fcm modeller 60 cm derinlikte, bitki ve dekorasyon i\u00e7in geni\u015f alan sa\u011flar. Kapak: Y\u00fcksek kaliteli siyah camdan yap\u0131lm\u0131\u015f, kayd\u0131r\u0131larak a\u00e7\u0131l\u0131p \u00e7\u0131kar\u0131labilir. Kablo ve Hortum Y\u00f6netimi: Entegre \u015faft ve gizli taban deli\u011fi sayesinde kablolar g\u00f6r\u00fcnmez, akvaryum iki taraftan da estetik g\u00f6r\u00fcn\u00fcr. Cam Kalitesi: Distorsiyonsuz float cam, elmas kesim kenarlar ve ayna kaynakl\u0131 birle\u015fimler ile maksimum g\u00fcvenlik ve berrak g\u00f6r\u00fcnt\u00fc. Gizli Takviyeler: Tank\u0131n stabilitesini art\u0131r\u0131r. Dolap: Sa\u011flam, dengeli ve akvaryumun dolu a\u011f\u0131rl\u0131\u011f\u0131n\u0131 g\u00fcvenle ta\u015f\u0131yacak \u015fekilde tasarlanm\u0131\u015ft\u0131r. Malzeme Se\u00e7enekleri: Y\u00fcksek parlakl\u0131k veya modern ah\u015fap kaplama \u2013 hem \u015f\u0131k hem dayan\u0131kl\u0131. Atmosferik Ayd\u0131nlatma: Dolap i\u00e7inde RGB ayd\u0131nlatma, WLAN \u00fczerinden dijital kontrol; milyonlarca renk se\u00e7ene\u011fi (EHEIM RGBcontrol+e ile). \u0130\u00e7 LED Ayd\u0131nlatma: Akvaryum i\u00e7i g\u00f6rselli\u011fi art\u0131r\u0131r. Kullan\u0131c\u0131ya Sa\u011flad\u0131\u011f\u0131 Faydalar Estetik: Modern mobilya ile uyumlu, oda b\u00f6l\u00fcc\u00fc olarak da kullan\u0131labilir. Pratiklik: Kolay bak\u0131m ve temizlik i\u00e7in tasarlanm\u0131\u015f kapak ve kablo y\u00f6netimi. G\u00fcvenlik: Y\u00fcksek kaliteli cam ve sa\u011flam dolap yap\u0131s\u0131. Atmosfer: Ortam \u0131\u015f\u0131\u011f\u0131 ile akvaryumun bulundu\u011fu mek\u00e2na dekoratif katk\u0131.\" \/>\n<meta property=\"og:url\" content=\"https:\/\/anadolupet.com.tr\/en\/product\/eheim-incpiria-430-akvaryum-grafit\/\" \/>\n<meta property=\"og:site_name\" content=\"Anadolu Pet Grup\" \/>\n<meta property=\"article:modified_time\" content=\"2026-02-23T12:48:10+00:00\" \/>\n<meta property=\"og:image\" content=\"https:\/\/anadolupet.com.tr\/wp-content\/uploads\/2026\/02\/115-694119.jpg\" \/>\n\t<meta property=\"og:image:width\" content=\"750\" \/>\n\t<meta property=\"og:image:height\" content=\"750\" \/>\n\t<meta property=\"og:image:type\" content=\"image\/jpeg\" \/>\n<meta name=\"twitter:card\" content=\"summary_large_image\" \/>\n<script type=\"application\/ld+json\" class=\"yoast-schema-graph\">{\"@context\":\"https:\\\/\\\/schema.org\",\"@graph\":[{\"@type\":\"WebPage\",\"@id\":\"https:\\\/\\\/anadolupet.com.tr\\\/urun\\\/eheim-incpiria-430-akvaryum-grafit\\\/\",\"url\":\"https:\\\/\\\/anadolupet.com.tr\\\/urun\\\/eheim-incpiria-430-akvaryum-grafit\\\/\",\"name\":\"EHEIM Incpiria 430 Akvaryum Grafit - Anadolu Pet Grup\",\"isPartOf\":{\"@id\":\"https:\\\/\\\/anadolupet.com.tr\\\/#website\"},\"primaryImageOfPage\":{\"@id\":\"https:\\\/\\\/anadolupet.com.tr\\\/urun\\\/eheim-incpiria-430-akvaryum-grafit\\\/#primaryimage\"},\"image\":{\"@id\":\"https:\\\/\\\/anadolupet.com.tr\\\/urun\\\/eheim-incpiria-430-akvaryum-grafit\\\/#primaryimage\"},\"thumbnailUrl\":\"https:\\\/\\\/anadolupet.com.tr\\\/wp-content\\\/uploads\\\/2026\\\/02\\\/115-694119.jpg\",\"datePublished\":\"2026-02-14T14:40:03+00:00\",\"dateModified\":\"2026-02-23T12:48:10+00:00\",\"breadcrumb\":{\"@id\":\"https:\\\/\\\/anadolupet.com.tr\\\/urun\\\/eheim-incpiria-430-akvaryum-grafit\\\/#breadcrumb\"},\"inLanguage\":\"en-US\",\"potentialAction\":[{\"@type\":\"ReadAction\",\"target\":[\"https:\\\/\\\/anadolupet.com.tr\\\/urun\\\/eheim-incpiria-430-akvaryum-grafit\\\/\"]}]},{\"@type\":\"ImageObject\",\"inLanguage\":\"en-US\",\"@id\":\"https:\\\/\\\/anadolupet.com.tr\\\/urun\\\/eheim-incpiria-430-akvaryum-grafit\\\/#primaryimage\",\"url\":\"https:\\\/\\\/anadolupet.com.tr\\\/wp-content\\\/uploads\\\/2026\\\/02\\\/115-694119.jpg\",\"contentUrl\":\"https:\\\/\\\/anadolupet.com.tr\\\/wp-content\\\/uploads\\\/2026\\\/02\\\/115-694119.jpg\",\"width\":750,\"height\":750},{\"@type\":\"BreadcrumbList\",\"@id\":\"https:\\\/\\\/anadolupet.com.tr\\\/urun\\\/eheim-incpiria-430-akvaryum-grafit\\\/#breadcrumb\",\"itemListElement\":[{\"@type\":\"ListItem\",\"position\":1,\"name\":\"Anasayfa\",\"item\":\"https:\\\/\\\/anadolupet.com.tr\\\/\"},{\"@type\":\"ListItem\",\"position\":2,\"name\":\"\u00dcr\u00fcnler\",\"item\":\"https:\\\/\\\/anadolupet.com.tr\\\/urunler\\\/\"},{\"@type\":\"ListItem\",\"position\":3,\"name\":\"EHEIM Incpiria 430 Akvaryum Grafit\"}]},{\"@type\":\"WebSite\",\"@id\":\"https:\\\/\\\/anadolupet.com.tr\\\/#website\",\"url\":\"https:\\\/\\\/anadolupet.com.tr\\\/\",\"name\":\"Anadolu Pet Grup\",\"description\":\"Her Can\u0131n \u0130yi Ya\u015fam\u0131 \u0130\u00e7in Biraraday\u0131z\",\"publisher\":{\"@id\":\"https:\\\/\\\/anadolupet.com.tr\\\/#organization\"},\"potentialAction\":[{\"@type\":\"SearchAction\",\"target\":{\"@type\":\"EntryPoint\",\"urlTemplate\":\"https:\\\/\\\/anadolupet.com.tr\\\/?s={search_term_string}\"},\"query-input\":{\"@type\":\"PropertyValueSpecification\",\"valueRequired\":true,\"valueName\":\"search_term_string\"}}],\"inLanguage\":\"en-US\"},{\"@type\":\"Organization\",\"@id\":\"https:\\\/\\\/anadolupet.com.tr\\\/#organization\",\"name\":\"Anadolu Pet Grup\",\"alternateName\":\"Anadolu Pet\",\"url\":\"https:\\\/\\\/anadolupet.com.tr\\\/\",\"logo\":{\"@type\":\"ImageObject\",\"inLanguage\":\"en-US\",\"@id\":\"https:\\\/\\\/anadolupet.com.tr\\\/#\\\/schema\\\/logo\\\/image\\\/\",\"url\":\"https:\\\/\\\/anadolupet.com.tr\\\/wp-content\\\/uploads\\\/2026\\\/03\\\/1614666743370.jpg\",\"contentUrl\":\"https:\\\/\\\/anadolupet.com.tr\\\/wp-content\\\/uploads\\\/2026\\\/03\\\/1614666743370.jpg\",\"width\":800,\"height\":571,\"caption\":\"Anadolu Pet Grup\"},\"image\":{\"@id\":\"https:\\\/\\\/anadolupet.com.tr\\\/#\\\/schema\\\/logo\\\/image\\\/\"}}]}<\/script>\n<!-- \/ Yoast SEO plugin. -->","yoast_head_json":{"title":"EHEIM Incpiria 430 Akvaryum Grafit - Anadolu Pet Grup","robots":{"index":"index","follow":"follow","max-snippet":"max-snippet:-1","max-image-preview":"max-image-preview:large","max-video-preview":"max-video-preview:-1"},"canonical":"https:\/\/anadolupet.com.tr\/en\/product\/eheim-incpiria-430-akvaryum-grafit\/","og_locale":"en_US","og_type":"article","og_title":"EHEIM Incpiria 430 Akvaryum Grafit - Anadolu Pet Grup","og_description":"EHEIM Incpiria, hem tasar\u0131m hem de fonksiyon a\u00e7\u0131s\u0131ndan ger\u00e7ek bir m\u00fccevherdir. Modern mobilya esteti\u011fini sevenler i\u00e7in tasarlanan bu seri, dekoratif fazlal\u0131klardan ar\u0131nd\u0131r\u0131lm\u0131\u015f temiz \u00e7izgileriyle \u00f6ne \u00e7\u0131kar. Y\u00fcksek parlakl\u0131k se\u00e7enekleri (alpine ve graphite) ile modern ah\u015fap dolap alternatifleri, akvaryuma zarif bir g\u00f6r\u00fcn\u00fcm kazand\u0131r\u0131r. \u00d6ne \u00c7\u0131kan \u00d6zellikler Derinlik: T\u00fcm modeller 60 cm derinlikte, bitki ve dekorasyon i\u00e7in geni\u015f alan sa\u011flar. Kapak: Y\u00fcksek kaliteli siyah camdan yap\u0131lm\u0131\u015f, kayd\u0131r\u0131larak a\u00e7\u0131l\u0131p \u00e7\u0131kar\u0131labilir. Kablo ve Hortum Y\u00f6netimi: Entegre \u015faft ve gizli taban deli\u011fi sayesinde kablolar g\u00f6r\u00fcnmez, akvaryum iki taraftan da estetik g\u00f6r\u00fcn\u00fcr. Cam Kalitesi: Distorsiyonsuz float cam, elmas kesim kenarlar ve ayna kaynakl\u0131 birle\u015fimler ile maksimum g\u00fcvenlik ve berrak g\u00f6r\u00fcnt\u00fc. Gizli Takviyeler: Tank\u0131n stabilitesini art\u0131r\u0131r. Dolap: Sa\u011flam, dengeli ve akvaryumun dolu a\u011f\u0131rl\u0131\u011f\u0131n\u0131 g\u00fcvenle ta\u015f\u0131yacak \u015fekilde tasarlanm\u0131\u015ft\u0131r. Malzeme Se\u00e7enekleri: Y\u00fcksek parlakl\u0131k veya modern ah\u015fap kaplama \u2013 hem \u015f\u0131k hem dayan\u0131kl\u0131. Atmosferik Ayd\u0131nlatma: Dolap i\u00e7inde RGB ayd\u0131nlatma, WLAN \u00fczerinden dijital kontrol; milyonlarca renk se\u00e7ene\u011fi (EHEIM RGBcontrol+e ile). \u0130\u00e7 LED Ayd\u0131nlatma: Akvaryum i\u00e7i g\u00f6rselli\u011fi art\u0131r\u0131r. Kullan\u0131c\u0131ya Sa\u011flad\u0131\u011f\u0131 Faydalar Estetik: Modern mobilya ile uyumlu, oda b\u00f6l\u00fcc\u00fc olarak da kullan\u0131labilir. Pratiklik: Kolay bak\u0131m ve temizlik i\u00e7in tasarlanm\u0131\u015f kapak ve kablo y\u00f6netimi. G\u00fcvenlik: Y\u00fcksek kaliteli cam ve sa\u011flam dolap yap\u0131s\u0131. Atmosfer: Ortam \u0131\u015f\u0131\u011f\u0131 ile akvaryumun bulundu\u011fu mek\u00e2na dekoratif katk\u0131.","og_url":"https:\/\/anadolupet.com.tr\/en\/product\/eheim-incpiria-430-akvaryum-grafit\/","og_site_name":"Anadolu Pet Grup","article_modified_time":"2026-02-23T12:48:10+00:00","og_image":[{"width":750,"height":750,"url":"https:\/\/anadolupet.com.tr\/wp-content\/uploads\/2026\/02\/115-694119.jpg","type":"image\/jpeg"}],"twitter_card":"summary_large_image","schema":{"@context":"https:\/\/schema.org","@graph":[{"@type":"WebPage","@id":"https:\/\/anadolupet.com.tr\/urun\/eheim-incpiria-430-akvaryum-grafit\/","url":"https:\/\/anadolupet.com.tr\/urun\/eheim-incpiria-430-akvaryum-grafit\/","name":"EHEIM Incpiria 430 Akvaryum Grafit - Anadolu Pet Grup","isPartOf":{"@id":"https:\/\/anadolupet.com.tr\/#website"},"primaryImageOfPage":{"@id":"https:\/\/anadolupet.com.tr\/urun\/eheim-incpiria-430-akvaryum-grafit\/#primaryimage"},"image":{"@id":"https:\/\/anadolupet.com.tr\/urun\/eheim-incpiria-430-akvaryum-grafit\/#primaryimage"},"thumbnailUrl":"https:\/\/anadolupet.com.tr\/wp-content\/uploads\/2026\/02\/115-694119.jpg","datePublished":"2026-02-14T14:40:03+00:00","dateModified":"2026-02-23T12:48:10+00:00","breadcrumb":{"@id":"https:\/\/anadolupet.com.tr\/urun\/eheim-incpiria-430-akvaryum-grafit\/#breadcrumb"},"inLanguage":"en-US","potentialAction":[{"@type":"ReadAction","target":["https:\/\/anadolupet.com.tr\/urun\/eheim-incpiria-430-akvaryum-grafit\/"]}]},{"@type":"ImageObject","inLanguage":"en-US","@id":"https:\/\/anadolupet.com.tr\/urun\/eheim-incpiria-430-akvaryum-grafit\/#primaryimage","url":"https:\/\/anadolupet.com.tr\/wp-content\/uploads\/2026\/02\/115-694119.jpg","contentUrl":"https:\/\/anadolupet.com.tr\/wp-content\/uploads\/2026\/02\/115-694119.jpg","width":750,"height":750},{"@type":"BreadcrumbList","@id":"https:\/\/anadolupet.com.tr\/urun\/eheim-incpiria-430-akvaryum-grafit\/#breadcrumb","itemListElement":[{"@type":"ListItem","position":1,"name":"Anasayfa","item":"https:\/\/anadolupet.com.tr\/"},{"@type":"ListItem","position":2,"name":"\u00dcr\u00fcnler","item":"https:\/\/anadolupet.com.tr\/urunler\/"},{"@type":"ListItem","position":3,"name":"EHEIM Incpiria 430 Akvaryum Grafit"}]},{"@type":"WebSite","@id":"https:\/\/anadolupet.com.tr\/#website","url":"https:\/\/anadolupet.com.tr\/","name":"Anadolu Pet Group","description":"We Stand Together for the Well-Being of Every Life","publisher":{"@id":"https:\/\/anadolupet.com.tr\/#organization"},"potentialAction":[{"@type":"SearchAction","target":{"@type":"EntryPoint","urlTemplate":"https:\/\/anadolupet.com.tr\/?s={search_term_string}"},"query-input":{"@type":"PropertyValueSpecification","valueRequired":true,"valueName":"search_term_string"}}],"inLanguage":"en-US"},{"@type":"Organization","@id":"https:\/\/anadolupet.com.tr\/#organization","name":"Anadolu Pet Group","alternateName":"Anadolu Pet","url":"https:\/\/anadolupet.com.tr\/","logo":{"@type":"ImageObject","inLanguage":"en-US","@id":"https:\/\/anadolupet.com.tr\/#\/schema\/logo\/image\/","url":"https:\/\/anadolupet.com.tr\/wp-content\/uploads\/2026\/03\/1614666743370.jpg","contentUrl":"https:\/\/anadolupet.com.tr\/wp-content\/uploads\/2026\/03\/1614666743370.jpg","width":800,"height":571,"caption":"Anadolu Pet Grup"},"image":{"@id":"https:\/\/anadolupet.com.tr\/#\/schema\/logo\/image\/"}}]}},"_links":{"self":[{"href":"https:\/\/anadolupet.com.tr\/en\/wp-json\/wp\/v2\/product\/44927","targetHints":{"allow":["GET"]}}],"collection":[{"href":"https:\/\/anadolupet.com.tr\/en\/wp-json\/wp\/v2\/product"}],"about":[{"href":"https:\/\/anadolupet.com.tr\/en\/wp-json\/wp\/v2\/types\/product"}],"replies":[{"embeddable":true,"href":"https:\/\/anadolupet.com.tr\/en\/wp-json\/wp\/v2\/comments?post=44927"}],"wp:featuredmedia":[{"embeddable":true,"href":"https:\/\/anadolupet.com.tr\/en\/wp-json\/wp\/v2\/media\/42797"}],"wp:attachment":[{"href":"https:\/\/anadolupet.com.tr\/en\/wp-json\/wp\/v2\/media?parent=44927"}],"wp:term":[{"taxonomy":"product_brand","embeddable":true,"href":"https:\/\/anadolupet.com.tr\/en\/wp-json\/wp\/v2\/product_brand?post=44927"},{"taxonomy":"product_cat","embeddable":true,"href":"https:\/\/anadolupet.com.tr\/en\/wp-json\/wp\/v2\/product_cat?post=44927"},{"taxonomy":"product_tag","embeddable":true,"href":"https:\/\/anadolupet.com.tr\/en\/wp-json\/wp\/v2\/product_tag?post=44927"}],"curies":[{"name":"wp","href":"https:\/\/api.w.org\/{rel}","templated":true}]}}