{"id":44933,"date":"2026-02-14T14:40:07","date_gmt":"2026-02-14T14:40:07","guid":{"rendered":"https:\/\/anadolupet.com.tr\/?post_type=product&#038;p=44933"},"modified":"2026-02-23T12:48:11","modified_gmt":"2026-02-23T12:48:11","slug":"eheim-manometreli-basinc-dusurucu-regulator","status":"publish","type":"product","link":"https:\/\/anadolupet.com.tr\/en\/urun\/eheim-manometreli-basinc-dusurucu-regulator\/","title":{"rendered":"EHEIM Manometreli Bas\u0131n\u00e7 D\u00fc\u015f\u00fcr\u00fcc\u00fc Reg\u00fclat\u00f6r"},"content":{"rendered":"","protected":false},"excerpt":{"rendered":"<p>EHEIM CO2 Bas\u0131n\u00e7 D\u00fc\u015f\u00fcr\u00fcc\u00fc, t\u00fcp i\u00e7erisindeki 64 bar bas\u0131nc\u0131 ortam s\u0131cakl\u0131\u011f\u0131na ba\u011fl\u0131 olarak 1,5\u20132 bar \u00e7al\u0131\u015fma bas\u0131nc\u0131na d\u00fc\u015f\u00fcr\u00fcr. CO2 g\u00fcbrelemesinde hassasiyet ve g\u00fcvenilirlik, bas\u0131n\u00e7 d\u00fc\u015f\u00fcr\u00fcc\u00fcn\u00fcn kalitesiyle do\u011frudan ili\u015fkilidir. \u0130htiya\u00e7 duyulan CO2 miktar\u0131 (baloncuk say\u0131s\u0131), baloncuk sayac\u0131 \u00fczerinden kolayca ayarlan\u0131r ve g\u00f6rsel olarak kontrol edilir.<\/p>\n<p>Bu model, yeniden doldurulabilir sistemler i\u00e7in tasarlanm\u0131\u015ft\u0131r ve EHEIM CO2 SET 400 ile EHEIM CO2 SET 600 g\u00fcbreleme sistemleriyle tam uyumludur.<\/p>\n<p>Avantajlar ve \u00d6zellikler<br \/>\nYeniden doldurulabilir sistemler i\u00e7in hassas bas\u0131n\u00e7 d\u00fc\u015f\u00fcr\u00fcc\u00fc<\/p>\n<p>EHEIM CO2 SET 400 ve 600 ile tam uyumlu<\/p>\n<p>2 adet manometre \u2013 t\u00fcp bas\u0131nc\u0131 ve sistem bas\u0131nc\u0131n\u0131 ayr\u0131 ayr\u0131 g\u00f6sterir<\/p>\n<p>EHEIM baloncuk sayac\u0131 ile s\u00fcrekli ve hassas CO2 dozaj\u0131<\/p>\n<p>360\u00b0 d\u00f6nebilen hortum ba\u011flant\u0131s\u0131 \u2013 esnek kurulum imk\u00e2n\u0131<\/p>\n<p>Aletsiz montaj \u2013 kolay ve h\u0131zl\u0131 kurulum<\/p>\n<p>Yedek conta dahildir<\/p>","protected":false},"featured_media":42503,"comment_status":"open","ping_status":"closed","template":"","meta":{"_acf_changed":false},"product_brand":[],"product_cat":[2395],"product_tag":[],"class_list":{"0":"post-44933","1":"product","2":"type-product","3":"status-publish","4":"has-post-thumbnail","6":"product_cat-karbondioksit-regulatorleri","8":"first","9":"instock","10":"shipping-taxable","11":"product-type-simple"},"acf":[],"yoast_head":"<!-- This site is optimized with the Yoast SEO plugin v27.4 - https:\/\/yoast.com\/product\/yoast-seo-wordpress\/ -->\n<title>EHEIM Manometreli Bas\u0131n\u00e7 D\u00fc\u015f\u00fcr\u00fcc\u00fc Reg\u00fclat\u00f6r - Anadolu Pet Grup<\/title>\n<meta name=\"robots\" content=\"index, follow, max-snippet:-1, max-image-preview:large, max-video-preview:-1\" \/>\n<link rel=\"canonical\" href=\"https:\/\/anadolupet.com.tr\/en\/product\/eheim-manometreli-basinc-dusurucu-regulator\/\" \/>\n<meta property=\"og:locale\" content=\"en_US\" \/>\n<meta property=\"og:type\" content=\"article\" \/>\n<meta property=\"og:title\" content=\"EHEIM Manometreli Bas\u0131n\u00e7 D\u00fc\u015f\u00fcr\u00fcc\u00fc Reg\u00fclat\u00f6r - Anadolu Pet Grup\" \/>\n<meta property=\"og:description\" content=\"EHEIM CO2 Bas\u0131n\u00e7 D\u00fc\u015f\u00fcr\u00fcc\u00fc, t\u00fcp i\u00e7erisindeki 64 bar bas\u0131nc\u0131 ortam s\u0131cakl\u0131\u011f\u0131na ba\u011fl\u0131 olarak 1,5\u20132 bar \u00e7al\u0131\u015fma bas\u0131nc\u0131na d\u00fc\u015f\u00fcr\u00fcr. CO2 g\u00fcbrelemesinde hassasiyet ve g\u00fcvenilirlik, bas\u0131n\u00e7 d\u00fc\u015f\u00fcr\u00fcc\u00fcn\u00fcn kalitesiyle do\u011frudan ili\u015fkilidir. \u0130htiya\u00e7 duyulan CO2 miktar\u0131 (baloncuk say\u0131s\u0131), baloncuk sayac\u0131 \u00fczerinden kolayca ayarlan\u0131r ve g\u00f6rsel olarak kontrol edilir. Bu model, yeniden doldurulabilir sistemler i\u00e7in tasarlanm\u0131\u015ft\u0131r ve EHEIM CO2 SET 400 ile EHEIM CO2 SET 600 g\u00fcbreleme sistemleriyle tam uyumludur. Avantajlar ve \u00d6zellikler Yeniden doldurulabilir sistemler i\u00e7in hassas bas\u0131n\u00e7 d\u00fc\u015f\u00fcr\u00fcc\u00fc EHEIM CO2 SET 400 ve 600 ile tam uyumlu 2 adet manometre \u2013 t\u00fcp bas\u0131nc\u0131 ve sistem bas\u0131nc\u0131n\u0131 ayr\u0131 ayr\u0131 g\u00f6sterir EHEIM baloncuk sayac\u0131 ile s\u00fcrekli ve hassas CO2 dozaj\u0131 360\u00b0 d\u00f6nebilen hortum ba\u011flant\u0131s\u0131 \u2013 esnek kurulum imk\u00e2n\u0131 Aletsiz montaj \u2013 kolay ve h\u0131zl\u0131 kurulum Yedek conta dahildir\" \/>\n<meta property=\"og:url\" content=\"https:\/\/anadolupet.com.tr\/en\/product\/eheim-manometreli-basinc-dusurucu-regulator\/\" \/>\n<meta property=\"og:site_name\" content=\"Anadolu Pet Grup\" \/>\n<meta property=\"article:modified_time\" content=\"2026-02-23T12:48:11+00:00\" \/>\n<meta property=\"og:image\" content=\"https:\/\/anadolupet.com.tr\/wp-content\/uploads\/2026\/02\/105-6063050.jpg\" \/>\n\t<meta property=\"og:image:width\" content=\"750\" \/>\n\t<meta property=\"og:image:height\" content=\"750\" \/>\n\t<meta property=\"og:image:type\" content=\"image\/jpeg\" \/>\n<meta name=\"twitter:card\" content=\"summary_large_image\" \/>\n<script type=\"application\/ld+json\" class=\"yoast-schema-graph\">{\"@context\":\"https:\\\/\\\/schema.org\",\"@graph\":[{\"@type\":\"WebPage\",\"@id\":\"https:\\\/\\\/anadolupet.com.tr\\\/urun\\\/eheim-manometreli-basinc-dusurucu-regulator\\\/\",\"url\":\"https:\\\/\\\/anadolupet.com.tr\\\/urun\\\/eheim-manometreli-basinc-dusurucu-regulator\\\/\",\"name\":\"EHEIM Manometreli Bas\u0131n\u00e7 D\u00fc\u015f\u00fcr\u00fcc\u00fc Reg\u00fclat\u00f6r - Anadolu Pet Grup\",\"isPartOf\":{\"@id\":\"https:\\\/\\\/anadolupet.com.tr\\\/#website\"},\"primaryImageOfPage\":{\"@id\":\"https:\\\/\\\/anadolupet.com.tr\\\/urun\\\/eheim-manometreli-basinc-dusurucu-regulator\\\/#primaryimage\"},\"image\":{\"@id\":\"https:\\\/\\\/anadolupet.com.tr\\\/urun\\\/eheim-manometreli-basinc-dusurucu-regulator\\\/#primaryimage\"},\"thumbnailUrl\":\"https:\\\/\\\/anadolupet.com.tr\\\/wp-content\\\/uploads\\\/2026\\\/02\\\/105-6063050.jpg\",\"datePublished\":\"2026-02-14T14:40:07+00:00\",\"dateModified\":\"2026-02-23T12:48:11+00:00\",\"breadcrumb\":{\"@id\":\"https:\\\/\\\/anadolupet.com.tr\\\/urun\\\/eheim-manometreli-basinc-dusurucu-regulator\\\/#breadcrumb\"},\"inLanguage\":\"en-US\",\"potentialAction\":[{\"@type\":\"ReadAction\",\"target\":[\"https:\\\/\\\/anadolupet.com.tr\\\/urun\\\/eheim-manometreli-basinc-dusurucu-regulator\\\/\"]}]},{\"@type\":\"ImageObject\",\"inLanguage\":\"en-US\",\"@id\":\"https:\\\/\\\/anadolupet.com.tr\\\/urun\\\/eheim-manometreli-basinc-dusurucu-regulator\\\/#primaryimage\",\"url\":\"https:\\\/\\\/anadolupet.com.tr\\\/wp-content\\\/uploads\\\/2026\\\/02\\\/105-6063050.jpg\",\"contentUrl\":\"https:\\\/\\\/anadolupet.com.tr\\\/wp-content\\\/uploads\\\/2026\\\/02\\\/105-6063050.jpg\",\"width\":750,\"height\":750},{\"@type\":\"BreadcrumbList\",\"@id\":\"https:\\\/\\\/anadolupet.com.tr\\\/urun\\\/eheim-manometreli-basinc-dusurucu-regulator\\\/#breadcrumb\",\"itemListElement\":[{\"@type\":\"ListItem\",\"position\":1,\"name\":\"Anasayfa\",\"item\":\"https:\\\/\\\/anadolupet.com.tr\\\/\"},{\"@type\":\"ListItem\",\"position\":2,\"name\":\"\u00dcr\u00fcnler\",\"item\":\"https:\\\/\\\/anadolupet.com.tr\\\/urunler\\\/\"},{\"@type\":\"ListItem\",\"position\":3,\"name\":\"EHEIM Manometreli Bas\u0131n\u00e7 D\u00fc\u015f\u00fcr\u00fcc\u00fc Reg\u00fclat\u00f6r\"}]},{\"@type\":\"WebSite\",\"@id\":\"https:\\\/\\\/anadolupet.com.tr\\\/#website\",\"url\":\"https:\\\/\\\/anadolupet.com.tr\\\/\",\"name\":\"Anadolu Pet Grup\",\"description\":\"Her Can\u0131n \u0130yi Ya\u015fam\u0131 \u0130\u00e7in Biraraday\u0131z\",\"publisher\":{\"@id\":\"https:\\\/\\\/anadolupet.com.tr\\\/#organization\"},\"potentialAction\":[{\"@type\":\"SearchAction\",\"target\":{\"@type\":\"EntryPoint\",\"urlTemplate\":\"https:\\\/\\\/anadolupet.com.tr\\\/?s={search_term_string}\"},\"query-input\":{\"@type\":\"PropertyValueSpecification\",\"valueRequired\":true,\"valueName\":\"search_term_string\"}}],\"inLanguage\":\"en-US\"},{\"@type\":\"Organization\",\"@id\":\"https:\\\/\\\/anadolupet.com.tr\\\/#organization\",\"name\":\"Anadolu Pet Grup\",\"alternateName\":\"Anadolu Pet\",\"url\":\"https:\\\/\\\/anadolupet.com.tr\\\/\",\"logo\":{\"@type\":\"ImageObject\",\"inLanguage\":\"en-US\",\"@id\":\"https:\\\/\\\/anadolupet.com.tr\\\/#\\\/schema\\\/logo\\\/image\\\/\",\"url\":\"https:\\\/\\\/anadolupet.com.tr\\\/wp-content\\\/uploads\\\/2026\\\/03\\\/1614666743370.jpg\",\"contentUrl\":\"https:\\\/\\\/anadolupet.com.tr\\\/wp-content\\\/uploads\\\/2026\\\/03\\\/1614666743370.jpg\",\"width\":800,\"height\":571,\"caption\":\"Anadolu Pet Grup\"},\"image\":{\"@id\":\"https:\\\/\\\/anadolupet.com.tr\\\/#\\\/schema\\\/logo\\\/image\\\/\"}}]}<\/script>\n<!-- \/ Yoast SEO plugin. -->","yoast_head_json":{"title":"EHEIM Manometreli Bas\u0131n\u00e7 D\u00fc\u015f\u00fcr\u00fcc\u00fc Reg\u00fclat\u00f6r - Anadolu Pet Grup","robots":{"index":"index","follow":"follow","max-snippet":"max-snippet:-1","max-image-preview":"max-image-preview:large","max-video-preview":"max-video-preview:-1"},"canonical":"https:\/\/anadolupet.com.tr\/en\/product\/eheim-manometreli-basinc-dusurucu-regulator\/","og_locale":"en_US","og_type":"article","og_title":"EHEIM Manometreli Bas\u0131n\u00e7 D\u00fc\u015f\u00fcr\u00fcc\u00fc Reg\u00fclat\u00f6r - Anadolu Pet Grup","og_description":"EHEIM CO2 Bas\u0131n\u00e7 D\u00fc\u015f\u00fcr\u00fcc\u00fc, t\u00fcp i\u00e7erisindeki 64 bar bas\u0131nc\u0131 ortam s\u0131cakl\u0131\u011f\u0131na ba\u011fl\u0131 olarak 1,5\u20132 bar \u00e7al\u0131\u015fma bas\u0131nc\u0131na d\u00fc\u015f\u00fcr\u00fcr. CO2 g\u00fcbrelemesinde hassasiyet ve g\u00fcvenilirlik, bas\u0131n\u00e7 d\u00fc\u015f\u00fcr\u00fcc\u00fcn\u00fcn kalitesiyle do\u011frudan ili\u015fkilidir. \u0130htiya\u00e7 duyulan CO2 miktar\u0131 (baloncuk say\u0131s\u0131), baloncuk sayac\u0131 \u00fczerinden kolayca ayarlan\u0131r ve g\u00f6rsel olarak kontrol edilir. Bu model, yeniden doldurulabilir sistemler i\u00e7in tasarlanm\u0131\u015ft\u0131r ve EHEIM CO2 SET 400 ile EHEIM CO2 SET 600 g\u00fcbreleme sistemleriyle tam uyumludur. Avantajlar ve \u00d6zellikler Yeniden doldurulabilir sistemler i\u00e7in hassas bas\u0131n\u00e7 d\u00fc\u015f\u00fcr\u00fcc\u00fc EHEIM CO2 SET 400 ve 600 ile tam uyumlu 2 adet manometre \u2013 t\u00fcp bas\u0131nc\u0131 ve sistem bas\u0131nc\u0131n\u0131 ayr\u0131 ayr\u0131 g\u00f6sterir EHEIM baloncuk sayac\u0131 ile s\u00fcrekli ve hassas CO2 dozaj\u0131 360\u00b0 d\u00f6nebilen hortum ba\u011flant\u0131s\u0131 \u2013 esnek kurulum imk\u00e2n\u0131 Aletsiz montaj \u2013 kolay ve h\u0131zl\u0131 kurulum Yedek conta dahildir","og_url":"https:\/\/anadolupet.com.tr\/en\/product\/eheim-manometreli-basinc-dusurucu-regulator\/","og_site_name":"Anadolu Pet Grup","article_modified_time":"2026-02-23T12:48:11+00:00","og_image":[{"width":750,"height":750,"url":"https:\/\/anadolupet.com.tr\/wp-content\/uploads\/2026\/02\/105-6063050.jpg","type":"image\/jpeg"}],"twitter_card":"summary_large_image","schema":{"@context":"https:\/\/schema.org","@graph":[{"@type":"WebPage","@id":"https:\/\/anadolupet.com.tr\/urun\/eheim-manometreli-basinc-dusurucu-regulator\/","url":"https:\/\/anadolupet.com.tr\/urun\/eheim-manometreli-basinc-dusurucu-regulator\/","name":"EHEIM Manometreli Bas\u0131n\u00e7 D\u00fc\u015f\u00fcr\u00fcc\u00fc Reg\u00fclat\u00f6r - Anadolu Pet Grup","isPartOf":{"@id":"https:\/\/anadolupet.com.tr\/#website"},"primaryImageOfPage":{"@id":"https:\/\/anadolupet.com.tr\/urun\/eheim-manometreli-basinc-dusurucu-regulator\/#primaryimage"},"image":{"@id":"https:\/\/anadolupet.com.tr\/urun\/eheim-manometreli-basinc-dusurucu-regulator\/#primaryimage"},"thumbnailUrl":"https:\/\/anadolupet.com.tr\/wp-content\/uploads\/2026\/02\/105-6063050.jpg","datePublished":"2026-02-14T14:40:07+00:00","dateModified":"2026-02-23T12:48:11+00:00","breadcrumb":{"@id":"https:\/\/anadolupet.com.tr\/urun\/eheim-manometreli-basinc-dusurucu-regulator\/#breadcrumb"},"inLanguage":"en-US","potentialAction":[{"@type":"ReadAction","target":["https:\/\/anadolupet.com.tr\/urun\/eheim-manometreli-basinc-dusurucu-regulator\/"]}]},{"@type":"ImageObject","inLanguage":"en-US","@id":"https:\/\/anadolupet.com.tr\/urun\/eheim-manometreli-basinc-dusurucu-regulator\/#primaryimage","url":"https:\/\/anadolupet.com.tr\/wp-content\/uploads\/2026\/02\/105-6063050.jpg","contentUrl":"https:\/\/anadolupet.com.tr\/wp-content\/uploads\/2026\/02\/105-6063050.jpg","width":750,"height":750},{"@type":"BreadcrumbList","@id":"https:\/\/anadolupet.com.tr\/urun\/eheim-manometreli-basinc-dusurucu-regulator\/#breadcrumb","itemListElement":[{"@type":"ListItem","position":1,"name":"Anasayfa","item":"https:\/\/anadolupet.com.tr\/"},{"@type":"ListItem","position":2,"name":"\u00dcr\u00fcnler","item":"https:\/\/anadolupet.com.tr\/urunler\/"},{"@type":"ListItem","position":3,"name":"EHEIM Manometreli Bas\u0131n\u00e7 D\u00fc\u015f\u00fcr\u00fcc\u00fc Reg\u00fclat\u00f6r"}]},{"@type":"WebSite","@id":"https:\/\/anadolupet.com.tr\/#website","url":"https:\/\/anadolupet.com.tr\/","name":"Anadolu Pet Group","description":"We Stand Together for the Well-Being of Every Life","publisher":{"@id":"https:\/\/anadolupet.com.tr\/#organization"},"potentialAction":[{"@type":"SearchAction","target":{"@type":"EntryPoint","urlTemplate":"https:\/\/anadolupet.com.tr\/?s={search_term_string}"},"query-input":{"@type":"PropertyValueSpecification","valueRequired":true,"valueName":"search_term_string"}}],"inLanguage":"en-US"},{"@type":"Organization","@id":"https:\/\/anadolupet.com.tr\/#organization","name":"Anadolu Pet Group","alternateName":"Anadolu Pet","url":"https:\/\/anadolupet.com.tr\/","logo":{"@type":"ImageObject","inLanguage":"en-US","@id":"https:\/\/anadolupet.com.tr\/#\/schema\/logo\/image\/","url":"https:\/\/anadolupet.com.tr\/wp-content\/uploads\/2026\/03\/1614666743370.jpg","contentUrl":"https:\/\/anadolupet.com.tr\/wp-content\/uploads\/2026\/03\/1614666743370.jpg","width":800,"height":571,"caption":"Anadolu Pet Grup"},"image":{"@id":"https:\/\/anadolupet.com.tr\/#\/schema\/logo\/image\/"}}]}},"_links":{"self":[{"href":"https:\/\/anadolupet.com.tr\/en\/wp-json\/wp\/v2\/product\/44933","targetHints":{"allow":["GET"]}}],"collection":[{"href":"https:\/\/anadolupet.com.tr\/en\/wp-json\/wp\/v2\/product"}],"about":[{"href":"https:\/\/anadolupet.com.tr\/en\/wp-json\/wp\/v2\/types\/product"}],"replies":[{"embeddable":true,"href":"https:\/\/anadolupet.com.tr\/en\/wp-json\/wp\/v2\/comments?post=44933"}],"wp:featuredmedia":[{"embeddable":true,"href":"https:\/\/anadolupet.com.tr\/en\/wp-json\/wp\/v2\/media\/42503"}],"wp:attachment":[{"href":"https:\/\/anadolupet.com.tr\/en\/wp-json\/wp\/v2\/media?parent=44933"}],"wp:term":[{"taxonomy":"product_brand","embeddable":true,"href":"https:\/\/anadolupet.com.tr\/en\/wp-json\/wp\/v2\/product_brand?post=44933"},{"taxonomy":"product_cat","embeddable":true,"href":"https:\/\/anadolupet.com.tr\/en\/wp-json\/wp\/v2\/product_cat?post=44933"},{"taxonomy":"product_tag","embeddable":true,"href":"https:\/\/anadolupet.com.tr\/en\/wp-json\/wp\/v2\/product_tag?post=44933"}],"curies":[{"name":"wp","href":"https:\/\/api.w.org\/{rel}","templated":true}]}}