{"id":44936,"date":"2026-02-14T14:40:07","date_gmt":"2026-02-14T14:40:07","guid":{"rendered":"https:\/\/anadolupet.com.tr\/?post_type=product&#038;p=44936"},"modified":"2026-02-23T12:48:11","modified_gmt":"2026-02-23T12:48:11","slug":"eheim-manyetik-co2-valfi","status":"publish","type":"product","link":"https:\/\/anadolupet.com.tr\/en\/urun\/eheim-manyetik-co2-valfi\/","title":{"rendered":"EHEIM Manyetik CO2 Valf\u0131"},"content":{"rendered":"","protected":false},"excerpt":{"rendered":"<p>EHEIM CO\u2082 manyetik valf, akvaryumunuzda CO\u2082 sistemini g\u00fcvenli ve kontroll\u00fc \u015fekilde y\u00f6netmek i\u00e7in tasarlanm\u0131\u015ft\u0131r. 230V alternatif ak\u0131m ile \u00e7al\u0131\u015f\u0131r ve en iyi \u015fekilde akvaryum ayd\u0131nlatma zamanlay\u0131c\u0131s\u0131na ba\u011fland\u0131\u011f\u0131nda kullan\u0131l\u0131r. B\u00f6ylece \u0131\u015f\u0131klar kapand\u0131\u011f\u0131nda valf de otomatik olarak kapan\u0131r, CO\u2082 beslemesi durur.<\/p>\n<p>Avantajlar<br \/>\nBak\u0131m gerektirmez<\/p>\n<p>Sessiz \u00e7al\u0131\u015fma<\/p>\n<p>Geri d\u00f6n\u00fc\u015fs\u00fcz valf dahildir<\/p>\n<p>1,5 m kablo ile birlikte gelir<\/p>\n<p>Almanya \u00fcretimi \u2013 y\u00fcksek kalite ve g\u00fcvenilirlik<\/p>\n<p>3 y\u0131l garanti<\/p>\n<p>Teknik \u00d6zellikler<br \/>\nGiri\u015f voltaj\u0131: 230 V \/ 50 Hz<\/p>\n<p>G\u00fc\u00e7 t\u00fcketimi: 1,6 W<\/p>\n<p>Maksimum bas\u0131n\u00e7: 6 bar<\/p>\n<p>Ba\u011flant\u0131 \u00f6l\u00e7\u00fcs\u00fc: \u00d8 4\/6 mm hortumlar i\u00e7in uygun<\/p>\n<p>Su ge\u00e7irmezlik: IP65 sertifikal\u0131<\/p>","protected":false},"featured_media":42506,"comment_status":"open","ping_status":"closed","template":"","meta":{"_acf_changed":false},"product_brand":[],"product_cat":[2420],"product_tag":[],"class_list":{"0":"post-44936","1":"product","2":"type-product","3":"status-publish","4":"has-post-thumbnail","6":"product_cat-yardimci-ekipmanlar","8":"first","9":"instock","10":"shipping-taxable","11":"product-type-simple"},"acf":[],"yoast_head":"<!-- This site is optimized with the Yoast SEO plugin v27.4 - https:\/\/yoast.com\/product\/yoast-seo-wordpress\/ -->\n<title>EHEIM Manyetik CO2 Valf\u0131 - Anadolu Pet Grup<\/title>\n<meta name=\"robots\" content=\"index, follow, max-snippet:-1, max-image-preview:large, max-video-preview:-1\" \/>\n<link rel=\"canonical\" href=\"https:\/\/anadolupet.com.tr\/en\/product\/eheim-manyetik-co2-valfi\/\" \/>\n<meta property=\"og:locale\" content=\"en_US\" \/>\n<meta property=\"og:type\" content=\"article\" \/>\n<meta property=\"og:title\" content=\"EHEIM Manyetik CO2 Valf\u0131 - Anadolu Pet Grup\" \/>\n<meta property=\"og:description\" content=\"EHEIM CO\u2082 manyetik valf, akvaryumunuzda CO\u2082 sistemini g\u00fcvenli ve kontroll\u00fc \u015fekilde y\u00f6netmek i\u00e7in tasarlanm\u0131\u015ft\u0131r. 230V alternatif ak\u0131m ile \u00e7al\u0131\u015f\u0131r ve en iyi \u015fekilde akvaryum ayd\u0131nlatma zamanlay\u0131c\u0131s\u0131na ba\u011fland\u0131\u011f\u0131nda kullan\u0131l\u0131r. B\u00f6ylece \u0131\u015f\u0131klar kapand\u0131\u011f\u0131nda valf de otomatik olarak kapan\u0131r, CO\u2082 beslemesi durur. Avantajlar Bak\u0131m gerektirmez Sessiz \u00e7al\u0131\u015fma Geri d\u00f6n\u00fc\u015fs\u00fcz valf dahildir 1,5 m kablo ile birlikte gelir Almanya \u00fcretimi \u2013 y\u00fcksek kalite ve g\u00fcvenilirlik 3 y\u0131l garanti Teknik \u00d6zellikler Giri\u015f voltaj\u0131: 230 V \/ 50 Hz G\u00fc\u00e7 t\u00fcketimi: 1,6 W Maksimum bas\u0131n\u00e7: 6 bar Ba\u011flant\u0131 \u00f6l\u00e7\u00fcs\u00fc: \u00d8 4\/6 mm hortumlar i\u00e7in uygun Su ge\u00e7irmezlik: IP65 sertifikal\u0131\" \/>\n<meta property=\"og:url\" content=\"https:\/\/anadolupet.com.tr\/en\/product\/eheim-manyetik-co2-valfi\/\" \/>\n<meta property=\"og:site_name\" content=\"Anadolu Pet Grup\" \/>\n<meta property=\"article:modified_time\" content=\"2026-02-23T12:48:11+00:00\" \/>\n<meta property=\"og:image\" content=\"https:\/\/anadolupet.com.tr\/wp-content\/uploads\/2026\/02\/105-6064210.jpg\" \/>\n\t<meta property=\"og:image:width\" content=\"750\" \/>\n\t<meta property=\"og:image:height\" content=\"750\" \/>\n\t<meta property=\"og:image:type\" content=\"image\/jpeg\" \/>\n<meta name=\"twitter:card\" content=\"summary_large_image\" \/>\n<script type=\"application\/ld+json\" class=\"yoast-schema-graph\">{\"@context\":\"https:\\\/\\\/schema.org\",\"@graph\":[{\"@type\":\"WebPage\",\"@id\":\"https:\\\/\\\/anadolupet.com.tr\\\/urun\\\/eheim-manyetik-co2-valfi\\\/\",\"url\":\"https:\\\/\\\/anadolupet.com.tr\\\/urun\\\/eheim-manyetik-co2-valfi\\\/\",\"name\":\"EHEIM Manyetik CO2 Valf\u0131 - Anadolu Pet Grup\",\"isPartOf\":{\"@id\":\"https:\\\/\\\/anadolupet.com.tr\\\/#website\"},\"primaryImageOfPage\":{\"@id\":\"https:\\\/\\\/anadolupet.com.tr\\\/urun\\\/eheim-manyetik-co2-valfi\\\/#primaryimage\"},\"image\":{\"@id\":\"https:\\\/\\\/anadolupet.com.tr\\\/urun\\\/eheim-manyetik-co2-valfi\\\/#primaryimage\"},\"thumbnailUrl\":\"https:\\\/\\\/anadolupet.com.tr\\\/wp-content\\\/uploads\\\/2026\\\/02\\\/105-6064210.jpg\",\"datePublished\":\"2026-02-14T14:40:07+00:00\",\"dateModified\":\"2026-02-23T12:48:11+00:00\",\"breadcrumb\":{\"@id\":\"https:\\\/\\\/anadolupet.com.tr\\\/urun\\\/eheim-manyetik-co2-valfi\\\/#breadcrumb\"},\"inLanguage\":\"en-US\",\"potentialAction\":[{\"@type\":\"ReadAction\",\"target\":[\"https:\\\/\\\/anadolupet.com.tr\\\/urun\\\/eheim-manyetik-co2-valfi\\\/\"]}]},{\"@type\":\"ImageObject\",\"inLanguage\":\"en-US\",\"@id\":\"https:\\\/\\\/anadolupet.com.tr\\\/urun\\\/eheim-manyetik-co2-valfi\\\/#primaryimage\",\"url\":\"https:\\\/\\\/anadolupet.com.tr\\\/wp-content\\\/uploads\\\/2026\\\/02\\\/105-6064210.jpg\",\"contentUrl\":\"https:\\\/\\\/anadolupet.com.tr\\\/wp-content\\\/uploads\\\/2026\\\/02\\\/105-6064210.jpg\",\"width\":750,\"height\":750},{\"@type\":\"BreadcrumbList\",\"@id\":\"https:\\\/\\\/anadolupet.com.tr\\\/urun\\\/eheim-manyetik-co2-valfi\\\/#breadcrumb\",\"itemListElement\":[{\"@type\":\"ListItem\",\"position\":1,\"name\":\"Anasayfa\",\"item\":\"https:\\\/\\\/anadolupet.com.tr\\\/\"},{\"@type\":\"ListItem\",\"position\":2,\"name\":\"\u00dcr\u00fcnler\",\"item\":\"https:\\\/\\\/anadolupet.com.tr\\\/urunler\\\/\"},{\"@type\":\"ListItem\",\"position\":3,\"name\":\"EHEIM Manyetik CO2 Valf\u0131\"}]},{\"@type\":\"WebSite\",\"@id\":\"https:\\\/\\\/anadolupet.com.tr\\\/#website\",\"url\":\"https:\\\/\\\/anadolupet.com.tr\\\/\",\"name\":\"Anadolu Pet Grup\",\"description\":\"Her Can\u0131n \u0130yi Ya\u015fam\u0131 \u0130\u00e7in Biraraday\u0131z\",\"publisher\":{\"@id\":\"https:\\\/\\\/anadolupet.com.tr\\\/#organization\"},\"potentialAction\":[{\"@type\":\"SearchAction\",\"target\":{\"@type\":\"EntryPoint\",\"urlTemplate\":\"https:\\\/\\\/anadolupet.com.tr\\\/?s={search_term_string}\"},\"query-input\":{\"@type\":\"PropertyValueSpecification\",\"valueRequired\":true,\"valueName\":\"search_term_string\"}}],\"inLanguage\":\"en-US\"},{\"@type\":\"Organization\",\"@id\":\"https:\\\/\\\/anadolupet.com.tr\\\/#organization\",\"name\":\"Anadolu Pet Grup\",\"alternateName\":\"Anadolu Pet\",\"url\":\"https:\\\/\\\/anadolupet.com.tr\\\/\",\"logo\":{\"@type\":\"ImageObject\",\"inLanguage\":\"en-US\",\"@id\":\"https:\\\/\\\/anadolupet.com.tr\\\/#\\\/schema\\\/logo\\\/image\\\/\",\"url\":\"https:\\\/\\\/anadolupet.com.tr\\\/wp-content\\\/uploads\\\/2026\\\/03\\\/1614666743370.jpg\",\"contentUrl\":\"https:\\\/\\\/anadolupet.com.tr\\\/wp-content\\\/uploads\\\/2026\\\/03\\\/1614666743370.jpg\",\"width\":800,\"height\":571,\"caption\":\"Anadolu Pet Grup\"},\"image\":{\"@id\":\"https:\\\/\\\/anadolupet.com.tr\\\/#\\\/schema\\\/logo\\\/image\\\/\"}}]}<\/script>\n<!-- \/ Yoast SEO plugin. -->","yoast_head_json":{"title":"EHEIM Manyetik CO2 Valf\u0131 - Anadolu Pet Grup","robots":{"index":"index","follow":"follow","max-snippet":"max-snippet:-1","max-image-preview":"max-image-preview:large","max-video-preview":"max-video-preview:-1"},"canonical":"https:\/\/anadolupet.com.tr\/en\/product\/eheim-manyetik-co2-valfi\/","og_locale":"en_US","og_type":"article","og_title":"EHEIM Manyetik CO2 Valf\u0131 - Anadolu Pet Grup","og_description":"EHEIM CO\u2082 manyetik valf, akvaryumunuzda CO\u2082 sistemini g\u00fcvenli ve kontroll\u00fc \u015fekilde y\u00f6netmek i\u00e7in tasarlanm\u0131\u015ft\u0131r. 230V alternatif ak\u0131m ile \u00e7al\u0131\u015f\u0131r ve en iyi \u015fekilde akvaryum ayd\u0131nlatma zamanlay\u0131c\u0131s\u0131na ba\u011fland\u0131\u011f\u0131nda kullan\u0131l\u0131r. B\u00f6ylece \u0131\u015f\u0131klar kapand\u0131\u011f\u0131nda valf de otomatik olarak kapan\u0131r, CO\u2082 beslemesi durur. Avantajlar Bak\u0131m gerektirmez Sessiz \u00e7al\u0131\u015fma Geri d\u00f6n\u00fc\u015fs\u00fcz valf dahildir 1,5 m kablo ile birlikte gelir Almanya \u00fcretimi \u2013 y\u00fcksek kalite ve g\u00fcvenilirlik 3 y\u0131l garanti Teknik \u00d6zellikler Giri\u015f voltaj\u0131: 230 V \/ 50 Hz G\u00fc\u00e7 t\u00fcketimi: 1,6 W Maksimum bas\u0131n\u00e7: 6 bar Ba\u011flant\u0131 \u00f6l\u00e7\u00fcs\u00fc: \u00d8 4\/6 mm hortumlar i\u00e7in uygun Su ge\u00e7irmezlik: IP65 sertifikal\u0131","og_url":"https:\/\/anadolupet.com.tr\/en\/product\/eheim-manyetik-co2-valfi\/","og_site_name":"Anadolu Pet Grup","article_modified_time":"2026-02-23T12:48:11+00:00","og_image":[{"width":750,"height":750,"url":"https:\/\/anadolupet.com.tr\/wp-content\/uploads\/2026\/02\/105-6064210.jpg","type":"image\/jpeg"}],"twitter_card":"summary_large_image","schema":{"@context":"https:\/\/schema.org","@graph":[{"@type":"WebPage","@id":"https:\/\/anadolupet.com.tr\/urun\/eheim-manyetik-co2-valfi\/","url":"https:\/\/anadolupet.com.tr\/urun\/eheim-manyetik-co2-valfi\/","name":"EHEIM Manyetik CO2 Valf\u0131 - Anadolu Pet Grup","isPartOf":{"@id":"https:\/\/anadolupet.com.tr\/#website"},"primaryImageOfPage":{"@id":"https:\/\/anadolupet.com.tr\/urun\/eheim-manyetik-co2-valfi\/#primaryimage"},"image":{"@id":"https:\/\/anadolupet.com.tr\/urun\/eheim-manyetik-co2-valfi\/#primaryimage"},"thumbnailUrl":"https:\/\/anadolupet.com.tr\/wp-content\/uploads\/2026\/02\/105-6064210.jpg","datePublished":"2026-02-14T14:40:07+00:00","dateModified":"2026-02-23T12:48:11+00:00","breadcrumb":{"@id":"https:\/\/anadolupet.com.tr\/urun\/eheim-manyetik-co2-valfi\/#breadcrumb"},"inLanguage":"en-US","potentialAction":[{"@type":"ReadAction","target":["https:\/\/anadolupet.com.tr\/urun\/eheim-manyetik-co2-valfi\/"]}]},{"@type":"ImageObject","inLanguage":"en-US","@id":"https:\/\/anadolupet.com.tr\/urun\/eheim-manyetik-co2-valfi\/#primaryimage","url":"https:\/\/anadolupet.com.tr\/wp-content\/uploads\/2026\/02\/105-6064210.jpg","contentUrl":"https:\/\/anadolupet.com.tr\/wp-content\/uploads\/2026\/02\/105-6064210.jpg","width":750,"height":750},{"@type":"BreadcrumbList","@id":"https:\/\/anadolupet.com.tr\/urun\/eheim-manyetik-co2-valfi\/#breadcrumb","itemListElement":[{"@type":"ListItem","position":1,"name":"Anasayfa","item":"https:\/\/anadolupet.com.tr\/"},{"@type":"ListItem","position":2,"name":"\u00dcr\u00fcnler","item":"https:\/\/anadolupet.com.tr\/urunler\/"},{"@type":"ListItem","position":3,"name":"EHEIM Manyetik CO2 Valf\u0131"}]},{"@type":"WebSite","@id":"https:\/\/anadolupet.com.tr\/#website","url":"https:\/\/anadolupet.com.tr\/","name":"Anadolu Pet Group","description":"We Stand Together for the Well-Being of Every Life","publisher":{"@id":"https:\/\/anadolupet.com.tr\/#organization"},"potentialAction":[{"@type":"SearchAction","target":{"@type":"EntryPoint","urlTemplate":"https:\/\/anadolupet.com.tr\/?s={search_term_string}"},"query-input":{"@type":"PropertyValueSpecification","valueRequired":true,"valueName":"search_term_string"}}],"inLanguage":"en-US"},{"@type":"Organization","@id":"https:\/\/anadolupet.com.tr\/#organization","name":"Anadolu Pet Group","alternateName":"Anadolu Pet","url":"https:\/\/anadolupet.com.tr\/","logo":{"@type":"ImageObject","inLanguage":"en-US","@id":"https:\/\/anadolupet.com.tr\/#\/schema\/logo\/image\/","url":"https:\/\/anadolupet.com.tr\/wp-content\/uploads\/2026\/03\/1614666743370.jpg","contentUrl":"https:\/\/anadolupet.com.tr\/wp-content\/uploads\/2026\/03\/1614666743370.jpg","width":800,"height":571,"caption":"Anadolu Pet Grup"},"image":{"@id":"https:\/\/anadolupet.com.tr\/#\/schema\/logo\/image\/"}}]}},"_links":{"self":[{"href":"https:\/\/anadolupet.com.tr\/en\/wp-json\/wp\/v2\/product\/44936","targetHints":{"allow":["GET"]}}],"collection":[{"href":"https:\/\/anadolupet.com.tr\/en\/wp-json\/wp\/v2\/product"}],"about":[{"href":"https:\/\/anadolupet.com.tr\/en\/wp-json\/wp\/v2\/types\/product"}],"replies":[{"embeddable":true,"href":"https:\/\/anadolupet.com.tr\/en\/wp-json\/wp\/v2\/comments?post=44936"}],"wp:featuredmedia":[{"embeddable":true,"href":"https:\/\/anadolupet.com.tr\/en\/wp-json\/wp\/v2\/media\/42506"}],"wp:attachment":[{"href":"https:\/\/anadolupet.com.tr\/en\/wp-json\/wp\/v2\/media?parent=44936"}],"wp:term":[{"taxonomy":"product_brand","embeddable":true,"href":"https:\/\/anadolupet.com.tr\/en\/wp-json\/wp\/v2\/product_brand?post=44936"},{"taxonomy":"product_cat","embeddable":true,"href":"https:\/\/anadolupet.com.tr\/en\/wp-json\/wp\/v2\/product_cat?post=44936"},{"taxonomy":"product_tag","embeddable":true,"href":"https:\/\/anadolupet.com.tr\/en\/wp-json\/wp\/v2\/product_tag?post=44936"}],"curies":[{"name":"wp","href":"https:\/\/api.w.org\/{rel}","templated":true}]}}