{"id":44940,"date":"2026-02-14T14:40:07","date_gmt":"2026-02-14T14:40:07","guid":{"rendered":"https:\/\/anadolupet.com.tr\/?post_type=product&#038;p=44940"},"modified":"2026-02-23T12:48:12","modified_gmt":"2026-02-23T12:48:12","slug":"eheim-mekanik-dis-filtre-malzemesi-mech-2l","status":"publish","type":"product","link":"https:\/\/anadolupet.com.tr\/en\/urun\/eheim-mekanik-dis-filtre-malzemesi-mech-2l\/","title":{"rendered":"EHEIM Mekanik D\u0131\u015f Filtre Malzemesi Mech 2l"},"content":{"rendered":"","protected":false},"excerpt":{"rendered":"<p>EHEIM MECH, akvaryum filtrenizde b\u00fcy\u00fck kir par\u00e7ac\u0131klar\u0131n\u0131 yakalamak i\u00e7in \u00f6zel olarak tasarlanm\u0131\u015f seramik halka \u00f6n filtre malzemesidir. Filtrasyon d\u00f6ng\u00fcs\u00fcne giren su, i\u00e7i bo\u015f seramik halkalardan ge\u00e7erken girdap olu\u015fturur ve b\u00fcy\u00fck kir par\u00e7ac\u0131klar\u0131 dibe \u00e7\u00f6ker. B\u00f6ylece \u00f6n filtrelenmi\u015f su, di\u011fer filtre katmanlar\u0131na daha temiz \u015fekilde ula\u015f\u0131r.<br \/>\nKolay temizlenebilir ve defalarca kullan\u0131labilir yap\u0131s\u0131yla uzun \u00f6m\u00fcrl\u00fcd\u00fcr. Tatl\u0131 su ve deniz suyu akvaryumlar\u0131nda g\u00fcvenle kullan\u0131labilir.<br \/>\n\u00d6ne \u00c7\u0131kan \u00d6zellikler<br \/>\n\u00d6n Filtrasyon: B\u00fcy\u00fck kir par\u00e7ac\u0131klar\u0131n\u0131 etkili \u015fekilde yakalar.<br \/>\nSeramik Halka Yap\u0131s\u0131: \u0130\u00e7i bo\u015f halkalar sayesinde suyun y\u00f6nlendirilmesini sa\u011flar.<br \/>\nKolay Temizlik: Y\u0131kanabilir ve tekrar kullan\u0131labilir.<br \/>\nGeni\u015f Uyumluluk: Tatl\u0131 su ve deniz suyu akvaryumlar\u0131nda kullan\u0131labilir.<br \/>\nUzun \u00d6m\u00fcrl\u00fc: Dayan\u0131kl\u0131 EHEIM kalitesi.<\/p>","protected":false},"featured_media":42335,"comment_status":"open","ping_status":"closed","template":"","meta":{"_acf_changed":false},"product_brand":[],"product_cat":[2381],"product_tag":[],"class_list":{"0":"post-44940","1":"product","2":"type-product","3":"status-publish","4":"has-post-thumbnail","6":"product_cat-dis-filtre-malzemeleri","8":"first","9":"instock","10":"shipping-taxable","11":"product-type-simple"},"acf":[],"yoast_head":"<!-- This site is optimized with the Yoast SEO plugin v27.5 - https:\/\/yoast.com\/product\/yoast-seo-wordpress\/ -->\n<title>EHEIM Mekanik D\u0131\u015f Filtre Malzemesi Mech 2l - Anadolu Pet Grup<\/title>\n<meta name=\"robots\" content=\"index, follow, max-snippet:-1, max-image-preview:large, max-video-preview:-1\" \/>\n<link rel=\"canonical\" href=\"https:\/\/anadolupet.com.tr\/en\/product\/eheim-mekanik-dis-filtre-malzemesi-mech-2l\/\" \/>\n<meta property=\"og:locale\" content=\"en_US\" \/>\n<meta property=\"og:type\" content=\"article\" \/>\n<meta property=\"og:title\" content=\"EHEIM Mekanik D\u0131\u015f Filtre Malzemesi Mech 2l - Anadolu Pet Grup\" \/>\n<meta property=\"og:description\" content=\"EHEIM MECH, akvaryum filtrenizde b\u00fcy\u00fck kir par\u00e7ac\u0131klar\u0131n\u0131 yakalamak i\u00e7in \u00f6zel olarak tasarlanm\u0131\u015f seramik halka \u00f6n filtre malzemesidir. Filtrasyon d\u00f6ng\u00fcs\u00fcne giren su, i\u00e7i bo\u015f seramik halkalardan ge\u00e7erken girdap olu\u015fturur ve b\u00fcy\u00fck kir par\u00e7ac\u0131klar\u0131 dibe \u00e7\u00f6ker. B\u00f6ylece \u00f6n filtrelenmi\u015f su, di\u011fer filtre katmanlar\u0131na daha temiz \u015fekilde ula\u015f\u0131r. Kolay temizlenebilir ve defalarca kullan\u0131labilir yap\u0131s\u0131yla uzun \u00f6m\u00fcrl\u00fcd\u00fcr. Tatl\u0131 su ve deniz suyu akvaryumlar\u0131nda g\u00fcvenle kullan\u0131labilir. \u00d6ne \u00c7\u0131kan \u00d6zellikler \u00d6n Filtrasyon: B\u00fcy\u00fck kir par\u00e7ac\u0131klar\u0131n\u0131 etkili \u015fekilde yakalar. Seramik Halka Yap\u0131s\u0131: \u0130\u00e7i bo\u015f halkalar sayesinde suyun y\u00f6nlendirilmesini sa\u011flar. Kolay Temizlik: Y\u0131kanabilir ve tekrar kullan\u0131labilir. Geni\u015f Uyumluluk: Tatl\u0131 su ve deniz suyu akvaryumlar\u0131nda kullan\u0131labilir. Uzun \u00d6m\u00fcrl\u00fc: Dayan\u0131kl\u0131 EHEIM kalitesi.\" \/>\n<meta property=\"og:url\" content=\"https:\/\/anadolupet.com.tr\/en\/product\/eheim-mekanik-dis-filtre-malzemesi-mech-2l\/\" \/>\n<meta property=\"og:site_name\" content=\"Anadolu Pet Grup\" \/>\n<meta property=\"article:modified_time\" content=\"2026-02-23T12:48:12+00:00\" \/>\n<meta property=\"og:image\" content=\"https:\/\/anadolupet.com.tr\/wp-content\/uploads\/2026\/02\/105-2507101.jpg\" \/>\n\t<meta property=\"og:image:width\" content=\"750\" \/>\n\t<meta property=\"og:image:height\" content=\"750\" \/>\n\t<meta property=\"og:image:type\" content=\"image\/jpeg\" \/>\n<meta name=\"twitter:card\" content=\"summary_large_image\" \/>\n<script type=\"application\/ld+json\" class=\"yoast-schema-graph\">{\"@context\":\"https:\\\/\\\/schema.org\",\"@graph\":[{\"@type\":\"WebPage\",\"@id\":\"https:\\\/\\\/anadolupet.com.tr\\\/urun\\\/eheim-mekanik-dis-filtre-malzemesi-mech-2l\\\/\",\"url\":\"https:\\\/\\\/anadolupet.com.tr\\\/urun\\\/eheim-mekanik-dis-filtre-malzemesi-mech-2l\\\/\",\"name\":\"EHEIM Mekanik D\u0131\u015f Filtre Malzemesi Mech 2l - Anadolu Pet Grup\",\"isPartOf\":{\"@id\":\"https:\\\/\\\/anadolupet.com.tr\\\/#website\"},\"primaryImageOfPage\":{\"@id\":\"https:\\\/\\\/anadolupet.com.tr\\\/urun\\\/eheim-mekanik-dis-filtre-malzemesi-mech-2l\\\/#primaryimage\"},\"image\":{\"@id\":\"https:\\\/\\\/anadolupet.com.tr\\\/urun\\\/eheim-mekanik-dis-filtre-malzemesi-mech-2l\\\/#primaryimage\"},\"thumbnailUrl\":\"https:\\\/\\\/anadolupet.com.tr\\\/wp-content\\\/uploads\\\/2026\\\/02\\\/105-2507101.jpg\",\"datePublished\":\"2026-02-14T14:40:07+00:00\",\"dateModified\":\"2026-02-23T12:48:12+00:00\",\"breadcrumb\":{\"@id\":\"https:\\\/\\\/anadolupet.com.tr\\\/urun\\\/eheim-mekanik-dis-filtre-malzemesi-mech-2l\\\/#breadcrumb\"},\"inLanguage\":\"en-US\",\"potentialAction\":[{\"@type\":\"ReadAction\",\"target\":[\"https:\\\/\\\/anadolupet.com.tr\\\/urun\\\/eheim-mekanik-dis-filtre-malzemesi-mech-2l\\\/\"]}]},{\"@type\":\"ImageObject\",\"inLanguage\":\"en-US\",\"@id\":\"https:\\\/\\\/anadolupet.com.tr\\\/urun\\\/eheim-mekanik-dis-filtre-malzemesi-mech-2l\\\/#primaryimage\",\"url\":\"https:\\\/\\\/anadolupet.com.tr\\\/wp-content\\\/uploads\\\/2026\\\/02\\\/105-2507101.jpg\",\"contentUrl\":\"https:\\\/\\\/anadolupet.com.tr\\\/wp-content\\\/uploads\\\/2026\\\/02\\\/105-2507101.jpg\",\"width\":750,\"height\":750},{\"@type\":\"BreadcrumbList\",\"@id\":\"https:\\\/\\\/anadolupet.com.tr\\\/urun\\\/eheim-mekanik-dis-filtre-malzemesi-mech-2l\\\/#breadcrumb\",\"itemListElement\":[{\"@type\":\"ListItem\",\"position\":1,\"name\":\"Anasayfa\",\"item\":\"https:\\\/\\\/anadolupet.com.tr\\\/\"},{\"@type\":\"ListItem\",\"position\":2,\"name\":\"\u00dcr\u00fcnler\",\"item\":\"https:\\\/\\\/anadolupet.com.tr\\\/urunler\\\/\"},{\"@type\":\"ListItem\",\"position\":3,\"name\":\"EHEIM Mekanik D\u0131\u015f Filtre Malzemesi Mech 2l\"}]},{\"@type\":\"WebSite\",\"@id\":\"https:\\\/\\\/anadolupet.com.tr\\\/#website\",\"url\":\"https:\\\/\\\/anadolupet.com.tr\\\/\",\"name\":\"Anadolu Pet Grup\",\"description\":\"Her Can\u0131n \u0130yi Ya\u015fam\u0131 \u0130\u00e7in Biraraday\u0131z\",\"publisher\":{\"@id\":\"https:\\\/\\\/anadolupet.com.tr\\\/#organization\"},\"potentialAction\":[{\"@type\":\"SearchAction\",\"target\":{\"@type\":\"EntryPoint\",\"urlTemplate\":\"https:\\\/\\\/anadolupet.com.tr\\\/?s={search_term_string}\"},\"query-input\":{\"@type\":\"PropertyValueSpecification\",\"valueRequired\":true,\"valueName\":\"search_term_string\"}}],\"inLanguage\":\"en-US\"},{\"@type\":\"Organization\",\"@id\":\"https:\\\/\\\/anadolupet.com.tr\\\/#organization\",\"name\":\"Anadolu Pet Grup\",\"alternateName\":\"Anadolu Pet\",\"url\":\"https:\\\/\\\/anadolupet.com.tr\\\/\",\"logo\":{\"@type\":\"ImageObject\",\"inLanguage\":\"en-US\",\"@id\":\"https:\\\/\\\/anadolupet.com.tr\\\/#\\\/schema\\\/logo\\\/image\\\/\",\"url\":\"https:\\\/\\\/anadolupet.com.tr\\\/wp-content\\\/uploads\\\/2026\\\/03\\\/1614666743370.jpg\",\"contentUrl\":\"https:\\\/\\\/anadolupet.com.tr\\\/wp-content\\\/uploads\\\/2026\\\/03\\\/1614666743370.jpg\",\"width\":800,\"height\":571,\"caption\":\"Anadolu Pet Grup\"},\"image\":{\"@id\":\"https:\\\/\\\/anadolupet.com.tr\\\/#\\\/schema\\\/logo\\\/image\\\/\"}}]}<\/script>\n<!-- \/ Yoast SEO plugin. -->","yoast_head_json":{"title":"EHEIM Mekanik D\u0131\u015f Filtre Malzemesi Mech 2l - Anadolu Pet Grup","robots":{"index":"index","follow":"follow","max-snippet":"max-snippet:-1","max-image-preview":"max-image-preview:large","max-video-preview":"max-video-preview:-1"},"canonical":"https:\/\/anadolupet.com.tr\/en\/product\/eheim-mekanik-dis-filtre-malzemesi-mech-2l\/","og_locale":"en_US","og_type":"article","og_title":"EHEIM Mekanik D\u0131\u015f Filtre Malzemesi Mech 2l - Anadolu Pet Grup","og_description":"EHEIM MECH, akvaryum filtrenizde b\u00fcy\u00fck kir par\u00e7ac\u0131klar\u0131n\u0131 yakalamak i\u00e7in \u00f6zel olarak tasarlanm\u0131\u015f seramik halka \u00f6n filtre malzemesidir. Filtrasyon d\u00f6ng\u00fcs\u00fcne giren su, i\u00e7i bo\u015f seramik halkalardan ge\u00e7erken girdap olu\u015fturur ve b\u00fcy\u00fck kir par\u00e7ac\u0131klar\u0131 dibe \u00e7\u00f6ker. B\u00f6ylece \u00f6n filtrelenmi\u015f su, di\u011fer filtre katmanlar\u0131na daha temiz \u015fekilde ula\u015f\u0131r. Kolay temizlenebilir ve defalarca kullan\u0131labilir yap\u0131s\u0131yla uzun \u00f6m\u00fcrl\u00fcd\u00fcr. Tatl\u0131 su ve deniz suyu akvaryumlar\u0131nda g\u00fcvenle kullan\u0131labilir. \u00d6ne \u00c7\u0131kan \u00d6zellikler \u00d6n Filtrasyon: B\u00fcy\u00fck kir par\u00e7ac\u0131klar\u0131n\u0131 etkili \u015fekilde yakalar. Seramik Halka Yap\u0131s\u0131: \u0130\u00e7i bo\u015f halkalar sayesinde suyun y\u00f6nlendirilmesini sa\u011flar. Kolay Temizlik: Y\u0131kanabilir ve tekrar kullan\u0131labilir. Geni\u015f Uyumluluk: Tatl\u0131 su ve deniz suyu akvaryumlar\u0131nda kullan\u0131labilir. Uzun \u00d6m\u00fcrl\u00fc: Dayan\u0131kl\u0131 EHEIM kalitesi.","og_url":"https:\/\/anadolupet.com.tr\/en\/product\/eheim-mekanik-dis-filtre-malzemesi-mech-2l\/","og_site_name":"Anadolu Pet Grup","article_modified_time":"2026-02-23T12:48:12+00:00","og_image":[{"width":750,"height":750,"url":"https:\/\/anadolupet.com.tr\/wp-content\/uploads\/2026\/02\/105-2507101.jpg","type":"image\/jpeg"}],"twitter_card":"summary_large_image","schema":{"@context":"https:\/\/schema.org","@graph":[{"@type":"WebPage","@id":"https:\/\/anadolupet.com.tr\/urun\/eheim-mekanik-dis-filtre-malzemesi-mech-2l\/","url":"https:\/\/anadolupet.com.tr\/urun\/eheim-mekanik-dis-filtre-malzemesi-mech-2l\/","name":"EHEIM Mekanik D\u0131\u015f Filtre Malzemesi Mech 2l - Anadolu Pet Grup","isPartOf":{"@id":"https:\/\/anadolupet.com.tr\/#website"},"primaryImageOfPage":{"@id":"https:\/\/anadolupet.com.tr\/urun\/eheim-mekanik-dis-filtre-malzemesi-mech-2l\/#primaryimage"},"image":{"@id":"https:\/\/anadolupet.com.tr\/urun\/eheim-mekanik-dis-filtre-malzemesi-mech-2l\/#primaryimage"},"thumbnailUrl":"https:\/\/anadolupet.com.tr\/wp-content\/uploads\/2026\/02\/105-2507101.jpg","datePublished":"2026-02-14T14:40:07+00:00","dateModified":"2026-02-23T12:48:12+00:00","breadcrumb":{"@id":"https:\/\/anadolupet.com.tr\/urun\/eheim-mekanik-dis-filtre-malzemesi-mech-2l\/#breadcrumb"},"inLanguage":"en-US","potentialAction":[{"@type":"ReadAction","target":["https:\/\/anadolupet.com.tr\/urun\/eheim-mekanik-dis-filtre-malzemesi-mech-2l\/"]}]},{"@type":"ImageObject","inLanguage":"en-US","@id":"https:\/\/anadolupet.com.tr\/urun\/eheim-mekanik-dis-filtre-malzemesi-mech-2l\/#primaryimage","url":"https:\/\/anadolupet.com.tr\/wp-content\/uploads\/2026\/02\/105-2507101.jpg","contentUrl":"https:\/\/anadolupet.com.tr\/wp-content\/uploads\/2026\/02\/105-2507101.jpg","width":750,"height":750},{"@type":"BreadcrumbList","@id":"https:\/\/anadolupet.com.tr\/urun\/eheim-mekanik-dis-filtre-malzemesi-mech-2l\/#breadcrumb","itemListElement":[{"@type":"ListItem","position":1,"name":"Anasayfa","item":"https:\/\/anadolupet.com.tr\/"},{"@type":"ListItem","position":2,"name":"\u00dcr\u00fcnler","item":"https:\/\/anadolupet.com.tr\/urunler\/"},{"@type":"ListItem","position":3,"name":"EHEIM Mekanik D\u0131\u015f Filtre Malzemesi Mech 2l"}]},{"@type":"WebSite","@id":"https:\/\/anadolupet.com.tr\/#website","url":"https:\/\/anadolupet.com.tr\/","name":"Anadolu Pet Group","description":"We Stand Together for the Well-Being of Every Life","publisher":{"@id":"https:\/\/anadolupet.com.tr\/#organization"},"potentialAction":[{"@type":"SearchAction","target":{"@type":"EntryPoint","urlTemplate":"https:\/\/anadolupet.com.tr\/?s={search_term_string}"},"query-input":{"@type":"PropertyValueSpecification","valueRequired":true,"valueName":"search_term_string"}}],"inLanguage":"en-US"},{"@type":"Organization","@id":"https:\/\/anadolupet.com.tr\/#organization","name":"Anadolu Pet Group","alternateName":"Anadolu Pet","url":"https:\/\/anadolupet.com.tr\/","logo":{"@type":"ImageObject","inLanguage":"en-US","@id":"https:\/\/anadolupet.com.tr\/#\/schema\/logo\/image\/","url":"https:\/\/anadolupet.com.tr\/wp-content\/uploads\/2026\/03\/1614666743370.jpg","contentUrl":"https:\/\/anadolupet.com.tr\/wp-content\/uploads\/2026\/03\/1614666743370.jpg","width":800,"height":571,"caption":"Anadolu Pet Grup"},"image":{"@id":"https:\/\/anadolupet.com.tr\/#\/schema\/logo\/image\/"}}]}},"_links":{"self":[{"href":"https:\/\/anadolupet.com.tr\/en\/wp-json\/wp\/v2\/product\/44940","targetHints":{"allow":["GET"]}}],"collection":[{"href":"https:\/\/anadolupet.com.tr\/en\/wp-json\/wp\/v2\/product"}],"about":[{"href":"https:\/\/anadolupet.com.tr\/en\/wp-json\/wp\/v2\/types\/product"}],"replies":[{"embeddable":true,"href":"https:\/\/anadolupet.com.tr\/en\/wp-json\/wp\/v2\/comments?post=44940"}],"wp:featuredmedia":[{"embeddable":true,"href":"https:\/\/anadolupet.com.tr\/en\/wp-json\/wp\/v2\/media\/42335"}],"wp:attachment":[{"href":"https:\/\/anadolupet.com.tr\/en\/wp-json\/wp\/v2\/media?parent=44940"}],"wp:term":[{"taxonomy":"product_brand","embeddable":true,"href":"https:\/\/anadolupet.com.tr\/en\/wp-json\/wp\/v2\/product_brand?post=44940"},{"taxonomy":"product_cat","embeddable":true,"href":"https:\/\/anadolupet.com.tr\/en\/wp-json\/wp\/v2\/product_cat?post=44940"},{"taxonomy":"product_tag","embeddable":true,"href":"https:\/\/anadolupet.com.tr\/en\/wp-json\/wp\/v2\/product_tag?post=44940"}],"curies":[{"name":"wp","href":"https:\/\/api.w.org\/{rel}","templated":true}]}}