{"id":44942,"date":"2026-02-14T14:40:08","date_gmt":"2026-02-14T14:40:08","guid":{"rendered":"https:\/\/anadolupet.com.tr\/?post_type=product&#038;p=44942"},"modified":"2026-02-23T12:48:12","modified_gmt":"2026-02-23T12:48:12","slug":"eheim-mekanik-dis-filtre-malzemesi-mech-pro-1l","status":"publish","type":"product","link":"https:\/\/anadolupet.com.tr\/en\/urun\/eheim-mekanik-dis-filtre-malzemesi-mech-pro-1l\/","title":{"rendered":"EHEIM Mekanik D\u0131\u015f Filtre Malzemesi Mech Pro 1l"},"content":{"rendered":"","protected":false},"excerpt":{"rendered":"<p>EHEIM MECHpro, akvaryum filtrenizin ilk a\u015famas\u0131nda k\u00fc\u00e7\u00fck kir par\u00e7ac\u0131klar\u0131n\u0131 yakalamak ve biyolojik filtrasyonu desteklemek i\u00e7in geli\u015ftirilmi\u015f \u00f6zel bir filtre malzemesidir. Spiral \u015fekli sayesinde su ak\u0131\u015f\u0131 y\u00f6nlendirilir ve en k\u00fc\u00e7\u00fck kir par\u00e7ac\u0131klar\u0131 bile etkili \u015fekilde tutulur.<br \/>\nY\u00fcksek kaliteli, tamamen suya n\u00f6tr plastikten \u00fcretilmi\u015ftir; kolayca temizlenebilir ve kal\u0131nt\u0131 b\u0131rakmaz. Y\u00fczey yap\u0131s\u0131, yararl\u0131 bakterilerin kolonile\u015fmesi i\u00e7in ideal ortam sa\u011flayarak biyolojik su ar\u0131t\u0131m\u0131na katk\u0131da bulunur. Tatl\u0131 su ve deniz suyu akvaryumlar\u0131nda kullan\u0131labilir.<br \/>\n\u00d6ne \u00c7\u0131kan \u00d6zellikler<br \/>\nK\u00fc\u00e7\u00fck Kirleri Yakalar: Spiral tasar\u0131m sayesinde ince partik\u00fclleri etkili \u015fekilde tutar.<br \/>\nBiyolojik Destek: Y\u00fczey yap\u0131s\u0131, yararl\u0131 bakterilerin kolonile\u015fmesini sa\u011flar.<br \/>\nSuya N\u00f6tr Malzeme: Y\u00fcksek kaliteli plastik, su de\u011ferlerini etkilemez.<br \/>\nKolay Temizlik: Kal\u0131nt\u0131 b\u0131rakmaz, kolayca y\u0131kanabilir.<br \/>\nTekrar Kullan\u0131labilir: Uzun \u00f6m\u00fcrl\u00fc ve ekonomik kullan\u0131m.<br \/>\nGeni\u015f Uyumluluk: Tatl\u0131 su ve deniz suyu akvaryumlar\u0131nda kullan\u0131labilir.<br \/>\n\u0130deal Kombinasyon: EHEIM SUBSTRATpro veya bioMECH ile birlikte en y\u00fcksek verimi sa\u011flar.<\/p>","protected":false},"featured_media":42331,"comment_status":"open","ping_status":"closed","template":"","meta":{"_acf_changed":false},"product_brand":[],"product_cat":[2381],"product_tag":[],"class_list":{"0":"post-44942","1":"product","2":"type-product","3":"status-publish","4":"has-post-thumbnail","6":"product_cat-dis-filtre-malzemeleri","8":"first","9":"instock","10":"shipping-taxable","11":"product-type-simple"},"acf":[],"yoast_head":"<!-- This site is optimized with the Yoast SEO plugin v27.5 - https:\/\/yoast.com\/product\/yoast-seo-wordpress\/ -->\n<title>EHEIM Mekanik D\u0131\u015f Filtre Malzemesi Mech Pro 1l - Anadolu Pet Grup<\/title>\n<meta name=\"robots\" content=\"index, follow, max-snippet:-1, max-image-preview:large, max-video-preview:-1\" \/>\n<link rel=\"canonical\" href=\"https:\/\/anadolupet.com.tr\/en\/product\/eheim-mekanik-dis-filtre-malzemesi-mech-pro-1l\/\" \/>\n<meta property=\"og:locale\" content=\"en_US\" \/>\n<meta property=\"og:type\" content=\"article\" \/>\n<meta property=\"og:title\" content=\"EHEIM Mekanik D\u0131\u015f Filtre Malzemesi Mech Pro 1l - Anadolu Pet Grup\" \/>\n<meta property=\"og:description\" content=\"EHEIM MECHpro, akvaryum filtrenizin ilk a\u015famas\u0131nda k\u00fc\u00e7\u00fck kir par\u00e7ac\u0131klar\u0131n\u0131 yakalamak ve biyolojik filtrasyonu desteklemek i\u00e7in geli\u015ftirilmi\u015f \u00f6zel bir filtre malzemesidir. Spiral \u015fekli sayesinde su ak\u0131\u015f\u0131 y\u00f6nlendirilir ve en k\u00fc\u00e7\u00fck kir par\u00e7ac\u0131klar\u0131 bile etkili \u015fekilde tutulur. Y\u00fcksek kaliteli, tamamen suya n\u00f6tr plastikten \u00fcretilmi\u015ftir; kolayca temizlenebilir ve kal\u0131nt\u0131 b\u0131rakmaz. Y\u00fczey yap\u0131s\u0131, yararl\u0131 bakterilerin kolonile\u015fmesi i\u00e7in ideal ortam sa\u011flayarak biyolojik su ar\u0131t\u0131m\u0131na katk\u0131da bulunur. Tatl\u0131 su ve deniz suyu akvaryumlar\u0131nda kullan\u0131labilir. \u00d6ne \u00c7\u0131kan \u00d6zellikler K\u00fc\u00e7\u00fck Kirleri Yakalar: Spiral tasar\u0131m sayesinde ince partik\u00fclleri etkili \u015fekilde tutar. Biyolojik Destek: Y\u00fczey yap\u0131s\u0131, yararl\u0131 bakterilerin kolonile\u015fmesini sa\u011flar. Suya N\u00f6tr Malzeme: Y\u00fcksek kaliteli plastik, su de\u011ferlerini etkilemez. Kolay Temizlik: Kal\u0131nt\u0131 b\u0131rakmaz, kolayca y\u0131kanabilir. Tekrar Kullan\u0131labilir: Uzun \u00f6m\u00fcrl\u00fc ve ekonomik kullan\u0131m. Geni\u015f Uyumluluk: Tatl\u0131 su ve deniz suyu akvaryumlar\u0131nda kullan\u0131labilir. \u0130deal Kombinasyon: EHEIM SUBSTRATpro veya bioMECH ile birlikte en y\u00fcksek verimi sa\u011flar.\" \/>\n<meta property=\"og:url\" content=\"https:\/\/anadolupet.com.tr\/en\/product\/eheim-mekanik-dis-filtre-malzemesi-mech-pro-1l\/\" \/>\n<meta property=\"og:site_name\" content=\"Anadolu Pet Grup\" \/>\n<meta property=\"article:modified_time\" content=\"2026-02-23T12:48:12+00:00\" \/>\n<meta property=\"og:image\" content=\"https:\/\/anadolupet.com.tr\/wp-content\/uploads\/2026\/02\/105-2505051.jpg\" \/>\n\t<meta property=\"og:image:width\" content=\"750\" \/>\n\t<meta property=\"og:image:height\" content=\"750\" \/>\n\t<meta property=\"og:image:type\" content=\"image\/jpeg\" \/>\n<meta name=\"twitter:card\" content=\"summary_large_image\" \/>\n<script type=\"application\/ld+json\" class=\"yoast-schema-graph\">{\"@context\":\"https:\\\/\\\/schema.org\",\"@graph\":[{\"@type\":\"WebPage\",\"@id\":\"https:\\\/\\\/anadolupet.com.tr\\\/urun\\\/eheim-mekanik-dis-filtre-malzemesi-mech-pro-1l\\\/\",\"url\":\"https:\\\/\\\/anadolupet.com.tr\\\/urun\\\/eheim-mekanik-dis-filtre-malzemesi-mech-pro-1l\\\/\",\"name\":\"EHEIM Mekanik D\u0131\u015f Filtre Malzemesi Mech Pro 1l - Anadolu Pet Grup\",\"isPartOf\":{\"@id\":\"https:\\\/\\\/anadolupet.com.tr\\\/#website\"},\"primaryImageOfPage\":{\"@id\":\"https:\\\/\\\/anadolupet.com.tr\\\/urun\\\/eheim-mekanik-dis-filtre-malzemesi-mech-pro-1l\\\/#primaryimage\"},\"image\":{\"@id\":\"https:\\\/\\\/anadolupet.com.tr\\\/urun\\\/eheim-mekanik-dis-filtre-malzemesi-mech-pro-1l\\\/#primaryimage\"},\"thumbnailUrl\":\"https:\\\/\\\/anadolupet.com.tr\\\/wp-content\\\/uploads\\\/2026\\\/02\\\/105-2505051.jpg\",\"datePublished\":\"2026-02-14T14:40:08+00:00\",\"dateModified\":\"2026-02-23T12:48:12+00:00\",\"breadcrumb\":{\"@id\":\"https:\\\/\\\/anadolupet.com.tr\\\/urun\\\/eheim-mekanik-dis-filtre-malzemesi-mech-pro-1l\\\/#breadcrumb\"},\"inLanguage\":\"en-US\",\"potentialAction\":[{\"@type\":\"ReadAction\",\"target\":[\"https:\\\/\\\/anadolupet.com.tr\\\/urun\\\/eheim-mekanik-dis-filtre-malzemesi-mech-pro-1l\\\/\"]}]},{\"@type\":\"ImageObject\",\"inLanguage\":\"en-US\",\"@id\":\"https:\\\/\\\/anadolupet.com.tr\\\/urun\\\/eheim-mekanik-dis-filtre-malzemesi-mech-pro-1l\\\/#primaryimage\",\"url\":\"https:\\\/\\\/anadolupet.com.tr\\\/wp-content\\\/uploads\\\/2026\\\/02\\\/105-2505051.jpg\",\"contentUrl\":\"https:\\\/\\\/anadolupet.com.tr\\\/wp-content\\\/uploads\\\/2026\\\/02\\\/105-2505051.jpg\",\"width\":750,\"height\":750},{\"@type\":\"BreadcrumbList\",\"@id\":\"https:\\\/\\\/anadolupet.com.tr\\\/urun\\\/eheim-mekanik-dis-filtre-malzemesi-mech-pro-1l\\\/#breadcrumb\",\"itemListElement\":[{\"@type\":\"ListItem\",\"position\":1,\"name\":\"Anasayfa\",\"item\":\"https:\\\/\\\/anadolupet.com.tr\\\/\"},{\"@type\":\"ListItem\",\"position\":2,\"name\":\"\u00dcr\u00fcnler\",\"item\":\"https:\\\/\\\/anadolupet.com.tr\\\/urunler\\\/\"},{\"@type\":\"ListItem\",\"position\":3,\"name\":\"EHEIM Mekanik D\u0131\u015f Filtre Malzemesi Mech Pro 1l\"}]},{\"@type\":\"WebSite\",\"@id\":\"https:\\\/\\\/anadolupet.com.tr\\\/#website\",\"url\":\"https:\\\/\\\/anadolupet.com.tr\\\/\",\"name\":\"Anadolu Pet Grup\",\"description\":\"Her Can\u0131n \u0130yi Ya\u015fam\u0131 \u0130\u00e7in Biraraday\u0131z\",\"publisher\":{\"@id\":\"https:\\\/\\\/anadolupet.com.tr\\\/#organization\"},\"potentialAction\":[{\"@type\":\"SearchAction\",\"target\":{\"@type\":\"EntryPoint\",\"urlTemplate\":\"https:\\\/\\\/anadolupet.com.tr\\\/?s={search_term_string}\"},\"query-input\":{\"@type\":\"PropertyValueSpecification\",\"valueRequired\":true,\"valueName\":\"search_term_string\"}}],\"inLanguage\":\"en-US\"},{\"@type\":\"Organization\",\"@id\":\"https:\\\/\\\/anadolupet.com.tr\\\/#organization\",\"name\":\"Anadolu Pet Grup\",\"alternateName\":\"Anadolu Pet\",\"url\":\"https:\\\/\\\/anadolupet.com.tr\\\/\",\"logo\":{\"@type\":\"ImageObject\",\"inLanguage\":\"en-US\",\"@id\":\"https:\\\/\\\/anadolupet.com.tr\\\/#\\\/schema\\\/logo\\\/image\\\/\",\"url\":\"https:\\\/\\\/anadolupet.com.tr\\\/wp-content\\\/uploads\\\/2026\\\/03\\\/1614666743370.jpg\",\"contentUrl\":\"https:\\\/\\\/anadolupet.com.tr\\\/wp-content\\\/uploads\\\/2026\\\/03\\\/1614666743370.jpg\",\"width\":800,\"height\":571,\"caption\":\"Anadolu Pet Grup\"},\"image\":{\"@id\":\"https:\\\/\\\/anadolupet.com.tr\\\/#\\\/schema\\\/logo\\\/image\\\/\"}}]}<\/script>\n<!-- \/ Yoast SEO plugin. -->","yoast_head_json":{"title":"EHEIM Mekanik D\u0131\u015f Filtre Malzemesi Mech Pro 1l - Anadolu Pet Grup","robots":{"index":"index","follow":"follow","max-snippet":"max-snippet:-1","max-image-preview":"max-image-preview:large","max-video-preview":"max-video-preview:-1"},"canonical":"https:\/\/anadolupet.com.tr\/en\/product\/eheim-mekanik-dis-filtre-malzemesi-mech-pro-1l\/","og_locale":"en_US","og_type":"article","og_title":"EHEIM Mekanik D\u0131\u015f Filtre Malzemesi Mech Pro 1l - Anadolu Pet Grup","og_description":"EHEIM MECHpro, akvaryum filtrenizin ilk a\u015famas\u0131nda k\u00fc\u00e7\u00fck kir par\u00e7ac\u0131klar\u0131n\u0131 yakalamak ve biyolojik filtrasyonu desteklemek i\u00e7in geli\u015ftirilmi\u015f \u00f6zel bir filtre malzemesidir. Spiral \u015fekli sayesinde su ak\u0131\u015f\u0131 y\u00f6nlendirilir ve en k\u00fc\u00e7\u00fck kir par\u00e7ac\u0131klar\u0131 bile etkili \u015fekilde tutulur. Y\u00fcksek kaliteli, tamamen suya n\u00f6tr plastikten \u00fcretilmi\u015ftir; kolayca temizlenebilir ve kal\u0131nt\u0131 b\u0131rakmaz. Y\u00fczey yap\u0131s\u0131, yararl\u0131 bakterilerin kolonile\u015fmesi i\u00e7in ideal ortam sa\u011flayarak biyolojik su ar\u0131t\u0131m\u0131na katk\u0131da bulunur. Tatl\u0131 su ve deniz suyu akvaryumlar\u0131nda kullan\u0131labilir. \u00d6ne \u00c7\u0131kan \u00d6zellikler K\u00fc\u00e7\u00fck Kirleri Yakalar: Spiral tasar\u0131m sayesinde ince partik\u00fclleri etkili \u015fekilde tutar. Biyolojik Destek: Y\u00fczey yap\u0131s\u0131, yararl\u0131 bakterilerin kolonile\u015fmesini sa\u011flar. Suya N\u00f6tr Malzeme: Y\u00fcksek kaliteli plastik, su de\u011ferlerini etkilemez. Kolay Temizlik: Kal\u0131nt\u0131 b\u0131rakmaz, kolayca y\u0131kanabilir. Tekrar Kullan\u0131labilir: Uzun \u00f6m\u00fcrl\u00fc ve ekonomik kullan\u0131m. Geni\u015f Uyumluluk: Tatl\u0131 su ve deniz suyu akvaryumlar\u0131nda kullan\u0131labilir. \u0130deal Kombinasyon: EHEIM SUBSTRATpro veya bioMECH ile birlikte en y\u00fcksek verimi sa\u011flar.","og_url":"https:\/\/anadolupet.com.tr\/en\/product\/eheim-mekanik-dis-filtre-malzemesi-mech-pro-1l\/","og_site_name":"Anadolu Pet Grup","article_modified_time":"2026-02-23T12:48:12+00:00","og_image":[{"width":750,"height":750,"url":"https:\/\/anadolupet.com.tr\/wp-content\/uploads\/2026\/02\/105-2505051.jpg","type":"image\/jpeg"}],"twitter_card":"summary_large_image","schema":{"@context":"https:\/\/schema.org","@graph":[{"@type":"WebPage","@id":"https:\/\/anadolupet.com.tr\/urun\/eheim-mekanik-dis-filtre-malzemesi-mech-pro-1l\/","url":"https:\/\/anadolupet.com.tr\/urun\/eheim-mekanik-dis-filtre-malzemesi-mech-pro-1l\/","name":"EHEIM Mekanik D\u0131\u015f Filtre Malzemesi Mech Pro 1l - Anadolu Pet Grup","isPartOf":{"@id":"https:\/\/anadolupet.com.tr\/#website"},"primaryImageOfPage":{"@id":"https:\/\/anadolupet.com.tr\/urun\/eheim-mekanik-dis-filtre-malzemesi-mech-pro-1l\/#primaryimage"},"image":{"@id":"https:\/\/anadolupet.com.tr\/urun\/eheim-mekanik-dis-filtre-malzemesi-mech-pro-1l\/#primaryimage"},"thumbnailUrl":"https:\/\/anadolupet.com.tr\/wp-content\/uploads\/2026\/02\/105-2505051.jpg","datePublished":"2026-02-14T14:40:08+00:00","dateModified":"2026-02-23T12:48:12+00:00","breadcrumb":{"@id":"https:\/\/anadolupet.com.tr\/urun\/eheim-mekanik-dis-filtre-malzemesi-mech-pro-1l\/#breadcrumb"},"inLanguage":"en-US","potentialAction":[{"@type":"ReadAction","target":["https:\/\/anadolupet.com.tr\/urun\/eheim-mekanik-dis-filtre-malzemesi-mech-pro-1l\/"]}]},{"@type":"ImageObject","inLanguage":"en-US","@id":"https:\/\/anadolupet.com.tr\/urun\/eheim-mekanik-dis-filtre-malzemesi-mech-pro-1l\/#primaryimage","url":"https:\/\/anadolupet.com.tr\/wp-content\/uploads\/2026\/02\/105-2505051.jpg","contentUrl":"https:\/\/anadolupet.com.tr\/wp-content\/uploads\/2026\/02\/105-2505051.jpg","width":750,"height":750},{"@type":"BreadcrumbList","@id":"https:\/\/anadolupet.com.tr\/urun\/eheim-mekanik-dis-filtre-malzemesi-mech-pro-1l\/#breadcrumb","itemListElement":[{"@type":"ListItem","position":1,"name":"Anasayfa","item":"https:\/\/anadolupet.com.tr\/"},{"@type":"ListItem","position":2,"name":"\u00dcr\u00fcnler","item":"https:\/\/anadolupet.com.tr\/urunler\/"},{"@type":"ListItem","position":3,"name":"EHEIM Mekanik D\u0131\u015f Filtre Malzemesi Mech Pro 1l"}]},{"@type":"WebSite","@id":"https:\/\/anadolupet.com.tr\/#website","url":"https:\/\/anadolupet.com.tr\/","name":"Anadolu Pet Group","description":"We Stand Together for the Well-Being of Every Life","publisher":{"@id":"https:\/\/anadolupet.com.tr\/#organization"},"potentialAction":[{"@type":"SearchAction","target":{"@type":"EntryPoint","urlTemplate":"https:\/\/anadolupet.com.tr\/?s={search_term_string}"},"query-input":{"@type":"PropertyValueSpecification","valueRequired":true,"valueName":"search_term_string"}}],"inLanguage":"en-US"},{"@type":"Organization","@id":"https:\/\/anadolupet.com.tr\/#organization","name":"Anadolu Pet Group","alternateName":"Anadolu Pet","url":"https:\/\/anadolupet.com.tr\/","logo":{"@type":"ImageObject","inLanguage":"en-US","@id":"https:\/\/anadolupet.com.tr\/#\/schema\/logo\/image\/","url":"https:\/\/anadolupet.com.tr\/wp-content\/uploads\/2026\/03\/1614666743370.jpg","contentUrl":"https:\/\/anadolupet.com.tr\/wp-content\/uploads\/2026\/03\/1614666743370.jpg","width":800,"height":571,"caption":"Anadolu Pet Grup"},"image":{"@id":"https:\/\/anadolupet.com.tr\/#\/schema\/logo\/image\/"}}]}},"_links":{"self":[{"href":"https:\/\/anadolupet.com.tr\/en\/wp-json\/wp\/v2\/product\/44942","targetHints":{"allow":["GET"]}}],"collection":[{"href":"https:\/\/anadolupet.com.tr\/en\/wp-json\/wp\/v2\/product"}],"about":[{"href":"https:\/\/anadolupet.com.tr\/en\/wp-json\/wp\/v2\/types\/product"}],"replies":[{"embeddable":true,"href":"https:\/\/anadolupet.com.tr\/en\/wp-json\/wp\/v2\/comments?post=44942"}],"wp:featuredmedia":[{"embeddable":true,"href":"https:\/\/anadolupet.com.tr\/en\/wp-json\/wp\/v2\/media\/42331"}],"wp:attachment":[{"href":"https:\/\/anadolupet.com.tr\/en\/wp-json\/wp\/v2\/media?parent=44942"}],"wp:term":[{"taxonomy":"product_brand","embeddable":true,"href":"https:\/\/anadolupet.com.tr\/en\/wp-json\/wp\/v2\/product_brand?post=44942"},{"taxonomy":"product_cat","embeddable":true,"href":"https:\/\/anadolupet.com.tr\/en\/wp-json\/wp\/v2\/product_cat?post=44942"},{"taxonomy":"product_tag","embeddable":true,"href":"https:\/\/anadolupet.com.tr\/en\/wp-json\/wp\/v2\/product_tag?post=44942"}],"curies":[{"name":"wp","href":"https:\/\/api.w.org\/{rel}","templated":true}]}}