{"id":44945,"date":"2026-02-14T14:40:08","date_gmt":"2026-02-14T14:40:08","guid":{"rendered":"https:\/\/anadolupet.com.tr\/?post_type=product&#038;p=44945"},"modified":"2026-02-23T12:48:12","modified_gmt":"2026-02-23T12:48:12","slug":"eheim-metal-hortum-kelepcesi-25-34mm","status":"publish","type":"product","link":"https:\/\/anadolupet.com.tr\/en\/urun\/eheim-metal-hortum-kelepcesi-25-34mm\/","title":{"rendered":"EHEIM Metal Hortum Kelep\u00e7esi 25-34mm"},"content":{"rendered":"","protected":false},"excerpt":{"rendered":"<p>EHEIM hose clamp (hortum kelep\u00e7esi), \u00d825\/34 mm hortumlar i\u00e7in \u00f6zel olarak \u00fcretilmi\u015f orijinal ba\u011flant\u0131 par\u00e7as\u0131d\u0131r. Akvaryum d\u0131\u015f filtre hortumlar\u0131n\u0131n g\u00fcvenli \u015fekilde sabitlenmesini ve s\u0131zd\u0131rmazl\u0131\u011f\u0131n\u0131 sa\u011flar. Paket i\u00e7erisinde 2 adet hortum kelep\u00e7esi bulunur.<\/p>\n<p>\u00d6zellikler ve Avantajlar<br \/>\nOrijinal EHEIM yedek par\u00e7a \u2013 tam uyum ve g\u00fcvenilirlik<\/p>\n<p>Uyumlu hortum \u00f6l\u00e7\u00fcs\u00fc: \u00d825\/34 mm<\/p>\n<p>Paket i\u00e7eri\u011fi: 2 adet hortum kelep\u00e7esi<\/p>\n<p>Hortum ba\u011flant\u0131lar\u0131nda g\u00fcvenli sabitleme ve s\u0131zd\u0131rmazl\u0131k sa\u011flar<\/p>\n<p>Dayan\u0131kl\u0131 malzeme \u2013 uzun \u00f6m\u00fcrl\u00fc kullan\u0131m<\/p>\n<p>Kolay montaj \u2013 mevcut hortumlara do\u011frudan uyumlu<\/p>","protected":false},"featured_media":42551,"comment_status":"open","ping_status":"closed","template":"","meta":{"_acf_changed":false},"product_brand":[],"product_cat":[2385],"product_tag":[],"class_list":{"0":"post-44945","1":"product","2":"type-product","3":"status-publish","4":"has-post-thumbnail","6":"product_cat-diger-yedek-parcalar","8":"first","9":"instock","10":"shipping-taxable","11":"product-type-simple"},"acf":[],"yoast_head":"<!-- This site is optimized with the Yoast SEO plugin v27.4 - https:\/\/yoast.com\/product\/yoast-seo-wordpress\/ -->\n<title>EHEIM Metal Hortum Kelep\u00e7esi 25-34mm - Anadolu Pet Grup<\/title>\n<meta name=\"robots\" content=\"index, follow, max-snippet:-1, max-image-preview:large, max-video-preview:-1\" \/>\n<link rel=\"canonical\" href=\"https:\/\/anadolupet.com.tr\/en\/product\/eheim-metal-hortum-kelepcesi-25-34mm\/\" \/>\n<meta property=\"og:locale\" content=\"en_US\" \/>\n<meta property=\"og:type\" content=\"article\" \/>\n<meta property=\"og:title\" content=\"EHEIM Metal Hortum Kelep\u00e7esi 25-34mm - Anadolu Pet Grup\" \/>\n<meta property=\"og:description\" content=\"EHEIM hose clamp (hortum kelep\u00e7esi), \u00d825\/34 mm hortumlar i\u00e7in \u00f6zel olarak \u00fcretilmi\u015f orijinal ba\u011flant\u0131 par\u00e7as\u0131d\u0131r. Akvaryum d\u0131\u015f filtre hortumlar\u0131n\u0131n g\u00fcvenli \u015fekilde sabitlenmesini ve s\u0131zd\u0131rmazl\u0131\u011f\u0131n\u0131 sa\u011flar. Paket i\u00e7erisinde 2 adet hortum kelep\u00e7esi bulunur. \u00d6zellikler ve Avantajlar Orijinal EHEIM yedek par\u00e7a \u2013 tam uyum ve g\u00fcvenilirlik Uyumlu hortum \u00f6l\u00e7\u00fcs\u00fc: \u00d825\/34 mm Paket i\u00e7eri\u011fi: 2 adet hortum kelep\u00e7esi Hortum ba\u011flant\u0131lar\u0131nda g\u00fcvenli sabitleme ve s\u0131zd\u0131rmazl\u0131k sa\u011flar Dayan\u0131kl\u0131 malzeme \u2013 uzun \u00f6m\u00fcrl\u00fc kullan\u0131m Kolay montaj \u2013 mevcut hortumlara do\u011frudan uyumlu\" \/>\n<meta property=\"og:url\" content=\"https:\/\/anadolupet.com.tr\/en\/product\/eheim-metal-hortum-kelepcesi-25-34mm\/\" \/>\n<meta property=\"og:site_name\" content=\"Anadolu Pet Grup\" \/>\n<meta property=\"article:modified_time\" content=\"2026-02-23T12:48:12+00:00\" \/>\n<meta property=\"og:image\" content=\"https:\/\/anadolupet.com.tr\/wp-content\/uploads\/2026\/02\/110-4007530.jpg\" \/>\n\t<meta property=\"og:image:width\" content=\"750\" \/>\n\t<meta property=\"og:image:height\" content=\"750\" \/>\n\t<meta property=\"og:image:type\" content=\"image\/jpeg\" \/>\n<meta name=\"twitter:card\" content=\"summary_large_image\" \/>\n<script type=\"application\/ld+json\" class=\"yoast-schema-graph\">{\"@context\":\"https:\\\/\\\/schema.org\",\"@graph\":[{\"@type\":\"WebPage\",\"@id\":\"https:\\\/\\\/anadolupet.com.tr\\\/urun\\\/eheim-metal-hortum-kelepcesi-25-34mm\\\/\",\"url\":\"https:\\\/\\\/anadolupet.com.tr\\\/urun\\\/eheim-metal-hortum-kelepcesi-25-34mm\\\/\",\"name\":\"EHEIM Metal Hortum Kelep\u00e7esi 25-34mm - Anadolu Pet Grup\",\"isPartOf\":{\"@id\":\"https:\\\/\\\/anadolupet.com.tr\\\/#website\"},\"primaryImageOfPage\":{\"@id\":\"https:\\\/\\\/anadolupet.com.tr\\\/urun\\\/eheim-metal-hortum-kelepcesi-25-34mm\\\/#primaryimage\"},\"image\":{\"@id\":\"https:\\\/\\\/anadolupet.com.tr\\\/urun\\\/eheim-metal-hortum-kelepcesi-25-34mm\\\/#primaryimage\"},\"thumbnailUrl\":\"https:\\\/\\\/anadolupet.com.tr\\\/wp-content\\\/uploads\\\/2026\\\/02\\\/110-4007530.jpg\",\"datePublished\":\"2026-02-14T14:40:08+00:00\",\"dateModified\":\"2026-02-23T12:48:12+00:00\",\"breadcrumb\":{\"@id\":\"https:\\\/\\\/anadolupet.com.tr\\\/urun\\\/eheim-metal-hortum-kelepcesi-25-34mm\\\/#breadcrumb\"},\"inLanguage\":\"en-US\",\"potentialAction\":[{\"@type\":\"ReadAction\",\"target\":[\"https:\\\/\\\/anadolupet.com.tr\\\/urun\\\/eheim-metal-hortum-kelepcesi-25-34mm\\\/\"]}]},{\"@type\":\"ImageObject\",\"inLanguage\":\"en-US\",\"@id\":\"https:\\\/\\\/anadolupet.com.tr\\\/urun\\\/eheim-metal-hortum-kelepcesi-25-34mm\\\/#primaryimage\",\"url\":\"https:\\\/\\\/anadolupet.com.tr\\\/wp-content\\\/uploads\\\/2026\\\/02\\\/110-4007530.jpg\",\"contentUrl\":\"https:\\\/\\\/anadolupet.com.tr\\\/wp-content\\\/uploads\\\/2026\\\/02\\\/110-4007530.jpg\",\"width\":750,\"height\":750},{\"@type\":\"BreadcrumbList\",\"@id\":\"https:\\\/\\\/anadolupet.com.tr\\\/urun\\\/eheim-metal-hortum-kelepcesi-25-34mm\\\/#breadcrumb\",\"itemListElement\":[{\"@type\":\"ListItem\",\"position\":1,\"name\":\"Anasayfa\",\"item\":\"https:\\\/\\\/anadolupet.com.tr\\\/\"},{\"@type\":\"ListItem\",\"position\":2,\"name\":\"\u00dcr\u00fcnler\",\"item\":\"https:\\\/\\\/anadolupet.com.tr\\\/urunler\\\/\"},{\"@type\":\"ListItem\",\"position\":3,\"name\":\"EHEIM Metal Hortum Kelep\u00e7esi 25-34mm\"}]},{\"@type\":\"WebSite\",\"@id\":\"https:\\\/\\\/anadolupet.com.tr\\\/#website\",\"url\":\"https:\\\/\\\/anadolupet.com.tr\\\/\",\"name\":\"Anadolu Pet Grup\",\"description\":\"Her Can\u0131n \u0130yi Ya\u015fam\u0131 \u0130\u00e7in Biraraday\u0131z\",\"publisher\":{\"@id\":\"https:\\\/\\\/anadolupet.com.tr\\\/#organization\"},\"potentialAction\":[{\"@type\":\"SearchAction\",\"target\":{\"@type\":\"EntryPoint\",\"urlTemplate\":\"https:\\\/\\\/anadolupet.com.tr\\\/?s={search_term_string}\"},\"query-input\":{\"@type\":\"PropertyValueSpecification\",\"valueRequired\":true,\"valueName\":\"search_term_string\"}}],\"inLanguage\":\"en-US\"},{\"@type\":\"Organization\",\"@id\":\"https:\\\/\\\/anadolupet.com.tr\\\/#organization\",\"name\":\"Anadolu Pet Grup\",\"alternateName\":\"Anadolu Pet\",\"url\":\"https:\\\/\\\/anadolupet.com.tr\\\/\",\"logo\":{\"@type\":\"ImageObject\",\"inLanguage\":\"en-US\",\"@id\":\"https:\\\/\\\/anadolupet.com.tr\\\/#\\\/schema\\\/logo\\\/image\\\/\",\"url\":\"https:\\\/\\\/anadolupet.com.tr\\\/wp-content\\\/uploads\\\/2026\\\/03\\\/1614666743370.jpg\",\"contentUrl\":\"https:\\\/\\\/anadolupet.com.tr\\\/wp-content\\\/uploads\\\/2026\\\/03\\\/1614666743370.jpg\",\"width\":800,\"height\":571,\"caption\":\"Anadolu Pet Grup\"},\"image\":{\"@id\":\"https:\\\/\\\/anadolupet.com.tr\\\/#\\\/schema\\\/logo\\\/image\\\/\"}}]}<\/script>\n<!-- \/ Yoast SEO plugin. -->","yoast_head_json":{"title":"EHEIM Metal Hortum Kelep\u00e7esi 25-34mm - Anadolu Pet Grup","robots":{"index":"index","follow":"follow","max-snippet":"max-snippet:-1","max-image-preview":"max-image-preview:large","max-video-preview":"max-video-preview:-1"},"canonical":"https:\/\/anadolupet.com.tr\/en\/product\/eheim-metal-hortum-kelepcesi-25-34mm\/","og_locale":"en_US","og_type":"article","og_title":"EHEIM Metal Hortum Kelep\u00e7esi 25-34mm - Anadolu Pet Grup","og_description":"EHEIM hose clamp (hortum kelep\u00e7esi), \u00d825\/34 mm hortumlar i\u00e7in \u00f6zel olarak \u00fcretilmi\u015f orijinal ba\u011flant\u0131 par\u00e7as\u0131d\u0131r. Akvaryum d\u0131\u015f filtre hortumlar\u0131n\u0131n g\u00fcvenli \u015fekilde sabitlenmesini ve s\u0131zd\u0131rmazl\u0131\u011f\u0131n\u0131 sa\u011flar. Paket i\u00e7erisinde 2 adet hortum kelep\u00e7esi bulunur. \u00d6zellikler ve Avantajlar Orijinal EHEIM yedek par\u00e7a \u2013 tam uyum ve g\u00fcvenilirlik Uyumlu hortum \u00f6l\u00e7\u00fcs\u00fc: \u00d825\/34 mm Paket i\u00e7eri\u011fi: 2 adet hortum kelep\u00e7esi Hortum ba\u011flant\u0131lar\u0131nda g\u00fcvenli sabitleme ve s\u0131zd\u0131rmazl\u0131k sa\u011flar Dayan\u0131kl\u0131 malzeme \u2013 uzun \u00f6m\u00fcrl\u00fc kullan\u0131m Kolay montaj \u2013 mevcut hortumlara do\u011frudan uyumlu","og_url":"https:\/\/anadolupet.com.tr\/en\/product\/eheim-metal-hortum-kelepcesi-25-34mm\/","og_site_name":"Anadolu Pet Grup","article_modified_time":"2026-02-23T12:48:12+00:00","og_image":[{"width":750,"height":750,"url":"https:\/\/anadolupet.com.tr\/wp-content\/uploads\/2026\/02\/110-4007530.jpg","type":"image\/jpeg"}],"twitter_card":"summary_large_image","schema":{"@context":"https:\/\/schema.org","@graph":[{"@type":"WebPage","@id":"https:\/\/anadolupet.com.tr\/urun\/eheim-metal-hortum-kelepcesi-25-34mm\/","url":"https:\/\/anadolupet.com.tr\/urun\/eheim-metal-hortum-kelepcesi-25-34mm\/","name":"EHEIM Metal Hortum Kelep\u00e7esi 25-34mm - Anadolu Pet Grup","isPartOf":{"@id":"https:\/\/anadolupet.com.tr\/#website"},"primaryImageOfPage":{"@id":"https:\/\/anadolupet.com.tr\/urun\/eheim-metal-hortum-kelepcesi-25-34mm\/#primaryimage"},"image":{"@id":"https:\/\/anadolupet.com.tr\/urun\/eheim-metal-hortum-kelepcesi-25-34mm\/#primaryimage"},"thumbnailUrl":"https:\/\/anadolupet.com.tr\/wp-content\/uploads\/2026\/02\/110-4007530.jpg","datePublished":"2026-02-14T14:40:08+00:00","dateModified":"2026-02-23T12:48:12+00:00","breadcrumb":{"@id":"https:\/\/anadolupet.com.tr\/urun\/eheim-metal-hortum-kelepcesi-25-34mm\/#breadcrumb"},"inLanguage":"en-US","potentialAction":[{"@type":"ReadAction","target":["https:\/\/anadolupet.com.tr\/urun\/eheim-metal-hortum-kelepcesi-25-34mm\/"]}]},{"@type":"ImageObject","inLanguage":"en-US","@id":"https:\/\/anadolupet.com.tr\/urun\/eheim-metal-hortum-kelepcesi-25-34mm\/#primaryimage","url":"https:\/\/anadolupet.com.tr\/wp-content\/uploads\/2026\/02\/110-4007530.jpg","contentUrl":"https:\/\/anadolupet.com.tr\/wp-content\/uploads\/2026\/02\/110-4007530.jpg","width":750,"height":750},{"@type":"BreadcrumbList","@id":"https:\/\/anadolupet.com.tr\/urun\/eheim-metal-hortum-kelepcesi-25-34mm\/#breadcrumb","itemListElement":[{"@type":"ListItem","position":1,"name":"Anasayfa","item":"https:\/\/anadolupet.com.tr\/"},{"@type":"ListItem","position":2,"name":"\u00dcr\u00fcnler","item":"https:\/\/anadolupet.com.tr\/urunler\/"},{"@type":"ListItem","position":3,"name":"EHEIM Metal Hortum Kelep\u00e7esi 25-34mm"}]},{"@type":"WebSite","@id":"https:\/\/anadolupet.com.tr\/#website","url":"https:\/\/anadolupet.com.tr\/","name":"Anadolu Pet Group","description":"We Stand Together for the Well-Being of Every Life","publisher":{"@id":"https:\/\/anadolupet.com.tr\/#organization"},"potentialAction":[{"@type":"SearchAction","target":{"@type":"EntryPoint","urlTemplate":"https:\/\/anadolupet.com.tr\/?s={search_term_string}"},"query-input":{"@type":"PropertyValueSpecification","valueRequired":true,"valueName":"search_term_string"}}],"inLanguage":"en-US"},{"@type":"Organization","@id":"https:\/\/anadolupet.com.tr\/#organization","name":"Anadolu Pet Group","alternateName":"Anadolu Pet","url":"https:\/\/anadolupet.com.tr\/","logo":{"@type":"ImageObject","inLanguage":"en-US","@id":"https:\/\/anadolupet.com.tr\/#\/schema\/logo\/image\/","url":"https:\/\/anadolupet.com.tr\/wp-content\/uploads\/2026\/03\/1614666743370.jpg","contentUrl":"https:\/\/anadolupet.com.tr\/wp-content\/uploads\/2026\/03\/1614666743370.jpg","width":800,"height":571,"caption":"Anadolu Pet Grup"},"image":{"@id":"https:\/\/anadolupet.com.tr\/#\/schema\/logo\/image\/"}}]}},"_links":{"self":[{"href":"https:\/\/anadolupet.com.tr\/en\/wp-json\/wp\/v2\/product\/44945","targetHints":{"allow":["GET"]}}],"collection":[{"href":"https:\/\/anadolupet.com.tr\/en\/wp-json\/wp\/v2\/product"}],"about":[{"href":"https:\/\/anadolupet.com.tr\/en\/wp-json\/wp\/v2\/types\/product"}],"replies":[{"embeddable":true,"href":"https:\/\/anadolupet.com.tr\/en\/wp-json\/wp\/v2\/comments?post=44945"}],"wp:featuredmedia":[{"embeddable":true,"href":"https:\/\/anadolupet.com.tr\/en\/wp-json\/wp\/v2\/media\/42551"}],"wp:attachment":[{"href":"https:\/\/anadolupet.com.tr\/en\/wp-json\/wp\/v2\/media?parent=44945"}],"wp:term":[{"taxonomy":"product_brand","embeddable":true,"href":"https:\/\/anadolupet.com.tr\/en\/wp-json\/wp\/v2\/product_brand?post=44945"},{"taxonomy":"product_cat","embeddable":true,"href":"https:\/\/anadolupet.com.tr\/en\/wp-json\/wp\/v2\/product_cat?post=44945"},{"taxonomy":"product_tag","embeddable":true,"href":"https:\/\/anadolupet.com.tr\/en\/wp-json\/wp\/v2\/product_tag?post=44945"}],"curies":[{"name":"wp","href":"https:\/\/api.w.org\/{rel}","templated":true}]}}