{"id":44950,"date":"2026-02-14T14:40:08","date_gmt":"2026-02-14T14:40:08","guid":{"rendered":"https:\/\/anadolupet.com.tr\/?post_type=product&#038;p=44950"},"modified":"2026-02-23T12:48:12","modified_gmt":"2026-02-23T12:48:12","slug":"eheim-musluk-icin-conta-seti-2226-2328-2227-2329","status":"publish","type":"product","link":"https:\/\/anadolupet.com.tr\/en\/urun\/eheim-musluk-icin-conta-seti-2226-2328-2227-2329\/","title":{"rendered":"EHEIM Musluk i\u00e7in Conta Seti (2226-2328 2227-2329)"},"content":{"rendered":"","protected":false},"excerpt":{"rendered":"<p>EHEIM contalar seti, profesyonel serilerde kullan\u0131lan \u00e7ift musluk \u00fcnitesi ve adapt\u00f6rler i\u00e7in \u00f6zel olarak tasarlanm\u0131\u015f yedek par\u00e7ad\u0131r. Filtrasyon sisteminizin s\u0131zd\u0131rmazl\u0131\u011f\u0131n\u0131 garanti alt\u0131na al\u0131r ve uzun s\u00fcreli g\u00fcvenli kullan\u0131m sa\u011flar.<\/p>\n<p>Bu set, \u00f6zellikle 2226\u20132328 \/ 2227\u20132329 modellerindeki \u00e7ift musluk \u00fcniteleri ve 2426, 2226\u20132328, 2227\u20132329 adapt\u00f6rleri i\u00e7in uygundur.<\/p>","protected":false},"featured_media":42694,"comment_status":"open","ping_status":"closed","template":"","meta":{"_acf_changed":false},"product_brand":[],"product_cat":[2380],"product_tag":[],"class_list":{"0":"post-44950","1":"product","2":"type-product","3":"status-publish","4":"has-post-thumbnail","6":"product_cat-contalar","8":"first","9":"instock","10":"shipping-taxable","11":"product-type-simple"},"acf":[],"yoast_head":"<!-- This site is optimized with the Yoast SEO plugin v27.4 - https:\/\/yoast.com\/product\/yoast-seo-wordpress\/ -->\n<title>EHEIM Musluk i\u00e7in Conta Seti (2226-2328 2227-2329) - Anadolu Pet Grup<\/title>\n<meta name=\"robots\" content=\"index, follow, max-snippet:-1, max-image-preview:large, max-video-preview:-1\" \/>\n<link rel=\"canonical\" href=\"https:\/\/anadolupet.com.tr\/en\/product\/eheim-musluk-icin-conta-seti-2226-2328-2227-2329\/\" \/>\n<meta property=\"og:locale\" content=\"en_US\" \/>\n<meta property=\"og:type\" content=\"article\" \/>\n<meta property=\"og:title\" content=\"EHEIM Musluk i\u00e7in Conta Seti (2226-2328 2227-2329) - Anadolu Pet Grup\" \/>\n<meta property=\"og:description\" content=\"EHEIM contalar seti, profesyonel serilerde kullan\u0131lan \u00e7ift musluk \u00fcnitesi ve adapt\u00f6rler i\u00e7in \u00f6zel olarak tasarlanm\u0131\u015f yedek par\u00e7ad\u0131r. Filtrasyon sisteminizin s\u0131zd\u0131rmazl\u0131\u011f\u0131n\u0131 garanti alt\u0131na al\u0131r ve uzun s\u00fcreli g\u00fcvenli kullan\u0131m sa\u011flar. Bu set, \u00f6zellikle 2226\u20132328 \/ 2227\u20132329 modellerindeki \u00e7ift musluk \u00fcniteleri ve 2426, 2226\u20132328, 2227\u20132329 adapt\u00f6rleri i\u00e7in uygundur.\" \/>\n<meta property=\"og:url\" content=\"https:\/\/anadolupet.com.tr\/en\/product\/eheim-musluk-icin-conta-seti-2226-2328-2227-2329\/\" \/>\n<meta property=\"og:site_name\" content=\"Anadolu Pet Grup\" \/>\n<meta property=\"article:modified_time\" content=\"2026-02-23T12:48:12+00:00\" \/>\n<meta property=\"og:image\" content=\"https:\/\/anadolupet.com.tr\/wp-content\/uploads\/2026\/02\/110-7444200.jpg\" \/>\n\t<meta property=\"og:image:width\" content=\"750\" \/>\n\t<meta property=\"og:image:height\" content=\"750\" \/>\n\t<meta property=\"og:image:type\" content=\"image\/jpeg\" \/>\n<meta name=\"twitter:card\" content=\"summary_large_image\" \/>\n<script type=\"application\/ld+json\" class=\"yoast-schema-graph\">{\"@context\":\"https:\\\/\\\/schema.org\",\"@graph\":[{\"@type\":\"WebPage\",\"@id\":\"https:\\\/\\\/anadolupet.com.tr\\\/urun\\\/eheim-musluk-icin-conta-seti-2226-2328-2227-2329\\\/\",\"url\":\"https:\\\/\\\/anadolupet.com.tr\\\/urun\\\/eheim-musluk-icin-conta-seti-2226-2328-2227-2329\\\/\",\"name\":\"EHEIM Musluk i\u00e7in Conta Seti (2226-2328 2227-2329) - Anadolu Pet Grup\",\"isPartOf\":{\"@id\":\"https:\\\/\\\/anadolupet.com.tr\\\/#website\"},\"primaryImageOfPage\":{\"@id\":\"https:\\\/\\\/anadolupet.com.tr\\\/urun\\\/eheim-musluk-icin-conta-seti-2226-2328-2227-2329\\\/#primaryimage\"},\"image\":{\"@id\":\"https:\\\/\\\/anadolupet.com.tr\\\/urun\\\/eheim-musluk-icin-conta-seti-2226-2328-2227-2329\\\/#primaryimage\"},\"thumbnailUrl\":\"https:\\\/\\\/anadolupet.com.tr\\\/wp-content\\\/uploads\\\/2026\\\/02\\\/110-7444200.jpg\",\"datePublished\":\"2026-02-14T14:40:08+00:00\",\"dateModified\":\"2026-02-23T12:48:12+00:00\",\"breadcrumb\":{\"@id\":\"https:\\\/\\\/anadolupet.com.tr\\\/urun\\\/eheim-musluk-icin-conta-seti-2226-2328-2227-2329\\\/#breadcrumb\"},\"inLanguage\":\"en-US\",\"potentialAction\":[{\"@type\":\"ReadAction\",\"target\":[\"https:\\\/\\\/anadolupet.com.tr\\\/urun\\\/eheim-musluk-icin-conta-seti-2226-2328-2227-2329\\\/\"]}]},{\"@type\":\"ImageObject\",\"inLanguage\":\"en-US\",\"@id\":\"https:\\\/\\\/anadolupet.com.tr\\\/urun\\\/eheim-musluk-icin-conta-seti-2226-2328-2227-2329\\\/#primaryimage\",\"url\":\"https:\\\/\\\/anadolupet.com.tr\\\/wp-content\\\/uploads\\\/2026\\\/02\\\/110-7444200.jpg\",\"contentUrl\":\"https:\\\/\\\/anadolupet.com.tr\\\/wp-content\\\/uploads\\\/2026\\\/02\\\/110-7444200.jpg\",\"width\":750,\"height\":750},{\"@type\":\"BreadcrumbList\",\"@id\":\"https:\\\/\\\/anadolupet.com.tr\\\/urun\\\/eheim-musluk-icin-conta-seti-2226-2328-2227-2329\\\/#breadcrumb\",\"itemListElement\":[{\"@type\":\"ListItem\",\"position\":1,\"name\":\"Anasayfa\",\"item\":\"https:\\\/\\\/anadolupet.com.tr\\\/\"},{\"@type\":\"ListItem\",\"position\":2,\"name\":\"\u00dcr\u00fcnler\",\"item\":\"https:\\\/\\\/anadolupet.com.tr\\\/urunler\\\/\"},{\"@type\":\"ListItem\",\"position\":3,\"name\":\"EHEIM Musluk i\u00e7in Conta Seti (2226-2328 2227-2329)\"}]},{\"@type\":\"WebSite\",\"@id\":\"https:\\\/\\\/anadolupet.com.tr\\\/#website\",\"url\":\"https:\\\/\\\/anadolupet.com.tr\\\/\",\"name\":\"Anadolu Pet Grup\",\"description\":\"Her Can\u0131n \u0130yi Ya\u015fam\u0131 \u0130\u00e7in Biraraday\u0131z\",\"publisher\":{\"@id\":\"https:\\\/\\\/anadolupet.com.tr\\\/#organization\"},\"potentialAction\":[{\"@type\":\"SearchAction\",\"target\":{\"@type\":\"EntryPoint\",\"urlTemplate\":\"https:\\\/\\\/anadolupet.com.tr\\\/?s={search_term_string}\"},\"query-input\":{\"@type\":\"PropertyValueSpecification\",\"valueRequired\":true,\"valueName\":\"search_term_string\"}}],\"inLanguage\":\"en-US\"},{\"@type\":\"Organization\",\"@id\":\"https:\\\/\\\/anadolupet.com.tr\\\/#organization\",\"name\":\"Anadolu Pet Grup\",\"alternateName\":\"Anadolu Pet\",\"url\":\"https:\\\/\\\/anadolupet.com.tr\\\/\",\"logo\":{\"@type\":\"ImageObject\",\"inLanguage\":\"en-US\",\"@id\":\"https:\\\/\\\/anadolupet.com.tr\\\/#\\\/schema\\\/logo\\\/image\\\/\",\"url\":\"https:\\\/\\\/anadolupet.com.tr\\\/wp-content\\\/uploads\\\/2026\\\/03\\\/1614666743370.jpg\",\"contentUrl\":\"https:\\\/\\\/anadolupet.com.tr\\\/wp-content\\\/uploads\\\/2026\\\/03\\\/1614666743370.jpg\",\"width\":800,\"height\":571,\"caption\":\"Anadolu Pet Grup\"},\"image\":{\"@id\":\"https:\\\/\\\/anadolupet.com.tr\\\/#\\\/schema\\\/logo\\\/image\\\/\"}}]}<\/script>\n<!-- \/ Yoast SEO plugin. -->","yoast_head_json":{"title":"EHEIM Musluk i\u00e7in Conta Seti (2226-2328 2227-2329) - Anadolu Pet Grup","robots":{"index":"index","follow":"follow","max-snippet":"max-snippet:-1","max-image-preview":"max-image-preview:large","max-video-preview":"max-video-preview:-1"},"canonical":"https:\/\/anadolupet.com.tr\/en\/product\/eheim-musluk-icin-conta-seti-2226-2328-2227-2329\/","og_locale":"en_US","og_type":"article","og_title":"EHEIM Musluk i\u00e7in Conta Seti (2226-2328 2227-2329) - Anadolu Pet Grup","og_description":"EHEIM contalar seti, profesyonel serilerde kullan\u0131lan \u00e7ift musluk \u00fcnitesi ve adapt\u00f6rler i\u00e7in \u00f6zel olarak tasarlanm\u0131\u015f yedek par\u00e7ad\u0131r. Filtrasyon sisteminizin s\u0131zd\u0131rmazl\u0131\u011f\u0131n\u0131 garanti alt\u0131na al\u0131r ve uzun s\u00fcreli g\u00fcvenli kullan\u0131m sa\u011flar. Bu set, \u00f6zellikle 2226\u20132328 \/ 2227\u20132329 modellerindeki \u00e7ift musluk \u00fcniteleri ve 2426, 2226\u20132328, 2227\u20132329 adapt\u00f6rleri i\u00e7in uygundur.","og_url":"https:\/\/anadolupet.com.tr\/en\/product\/eheim-musluk-icin-conta-seti-2226-2328-2227-2329\/","og_site_name":"Anadolu Pet Grup","article_modified_time":"2026-02-23T12:48:12+00:00","og_image":[{"width":750,"height":750,"url":"https:\/\/anadolupet.com.tr\/wp-content\/uploads\/2026\/02\/110-7444200.jpg","type":"image\/jpeg"}],"twitter_card":"summary_large_image","schema":{"@context":"https:\/\/schema.org","@graph":[{"@type":"WebPage","@id":"https:\/\/anadolupet.com.tr\/urun\/eheim-musluk-icin-conta-seti-2226-2328-2227-2329\/","url":"https:\/\/anadolupet.com.tr\/urun\/eheim-musluk-icin-conta-seti-2226-2328-2227-2329\/","name":"EHEIM Musluk i\u00e7in Conta Seti (2226-2328 2227-2329) - Anadolu Pet Grup","isPartOf":{"@id":"https:\/\/anadolupet.com.tr\/#website"},"primaryImageOfPage":{"@id":"https:\/\/anadolupet.com.tr\/urun\/eheim-musluk-icin-conta-seti-2226-2328-2227-2329\/#primaryimage"},"image":{"@id":"https:\/\/anadolupet.com.tr\/urun\/eheim-musluk-icin-conta-seti-2226-2328-2227-2329\/#primaryimage"},"thumbnailUrl":"https:\/\/anadolupet.com.tr\/wp-content\/uploads\/2026\/02\/110-7444200.jpg","datePublished":"2026-02-14T14:40:08+00:00","dateModified":"2026-02-23T12:48:12+00:00","breadcrumb":{"@id":"https:\/\/anadolupet.com.tr\/urun\/eheim-musluk-icin-conta-seti-2226-2328-2227-2329\/#breadcrumb"},"inLanguage":"en-US","potentialAction":[{"@type":"ReadAction","target":["https:\/\/anadolupet.com.tr\/urun\/eheim-musluk-icin-conta-seti-2226-2328-2227-2329\/"]}]},{"@type":"ImageObject","inLanguage":"en-US","@id":"https:\/\/anadolupet.com.tr\/urun\/eheim-musluk-icin-conta-seti-2226-2328-2227-2329\/#primaryimage","url":"https:\/\/anadolupet.com.tr\/wp-content\/uploads\/2026\/02\/110-7444200.jpg","contentUrl":"https:\/\/anadolupet.com.tr\/wp-content\/uploads\/2026\/02\/110-7444200.jpg","width":750,"height":750},{"@type":"BreadcrumbList","@id":"https:\/\/anadolupet.com.tr\/urun\/eheim-musluk-icin-conta-seti-2226-2328-2227-2329\/#breadcrumb","itemListElement":[{"@type":"ListItem","position":1,"name":"Anasayfa","item":"https:\/\/anadolupet.com.tr\/"},{"@type":"ListItem","position":2,"name":"\u00dcr\u00fcnler","item":"https:\/\/anadolupet.com.tr\/urunler\/"},{"@type":"ListItem","position":3,"name":"EHEIM Musluk i\u00e7in Conta Seti (2226-2328 2227-2329)"}]},{"@type":"WebSite","@id":"https:\/\/anadolupet.com.tr\/#website","url":"https:\/\/anadolupet.com.tr\/","name":"Anadolu Pet Group","description":"We Stand Together for the Well-Being of Every Life","publisher":{"@id":"https:\/\/anadolupet.com.tr\/#organization"},"potentialAction":[{"@type":"SearchAction","target":{"@type":"EntryPoint","urlTemplate":"https:\/\/anadolupet.com.tr\/?s={search_term_string}"},"query-input":{"@type":"PropertyValueSpecification","valueRequired":true,"valueName":"search_term_string"}}],"inLanguage":"en-US"},{"@type":"Organization","@id":"https:\/\/anadolupet.com.tr\/#organization","name":"Anadolu Pet Group","alternateName":"Anadolu Pet","url":"https:\/\/anadolupet.com.tr\/","logo":{"@type":"ImageObject","inLanguage":"en-US","@id":"https:\/\/anadolupet.com.tr\/#\/schema\/logo\/image\/","url":"https:\/\/anadolupet.com.tr\/wp-content\/uploads\/2026\/03\/1614666743370.jpg","contentUrl":"https:\/\/anadolupet.com.tr\/wp-content\/uploads\/2026\/03\/1614666743370.jpg","width":800,"height":571,"caption":"Anadolu Pet Grup"},"image":{"@id":"https:\/\/anadolupet.com.tr\/#\/schema\/logo\/image\/"}}]}},"_links":{"self":[{"href":"https:\/\/anadolupet.com.tr\/en\/wp-json\/wp\/v2\/product\/44950","targetHints":{"allow":["GET"]}}],"collection":[{"href":"https:\/\/anadolupet.com.tr\/en\/wp-json\/wp\/v2\/product"}],"about":[{"href":"https:\/\/anadolupet.com.tr\/en\/wp-json\/wp\/v2\/types\/product"}],"replies":[{"embeddable":true,"href":"https:\/\/anadolupet.com.tr\/en\/wp-json\/wp\/v2\/comments?post=44950"}],"wp:featuredmedia":[{"embeddable":true,"href":"https:\/\/anadolupet.com.tr\/en\/wp-json\/wp\/v2\/media\/42694"}],"wp:attachment":[{"href":"https:\/\/anadolupet.com.tr\/en\/wp-json\/wp\/v2\/media?parent=44950"}],"wp:term":[{"taxonomy":"product_brand","embeddable":true,"href":"https:\/\/anadolupet.com.tr\/en\/wp-json\/wp\/v2\/product_brand?post=44950"},{"taxonomy":"product_cat","embeddable":true,"href":"https:\/\/anadolupet.com.tr\/en\/wp-json\/wp\/v2\/product_cat?post=44950"},{"taxonomy":"product_tag","embeddable":true,"href":"https:\/\/anadolupet.com.tr\/en\/wp-json\/wp\/v2\/product_tag?post=44950"}],"curies":[{"name":"wp","href":"https:\/\/api.w.org\/{rel}","templated":true}]}}