{"id":44954,"date":"2026-02-14T14:40:09","date_gmt":"2026-02-14T14:40:09","guid":{"rendered":"https:\/\/anadolupet.com.tr\/urun\/eheim-liberty-karbon-filtre-kartusu-2040-41-42\/"},"modified":"2026-02-23T12:48:13","modified_gmt":"2026-02-23T12:48:13","slug":"eheim-liberty-karbon-filtre-kartusu-2040-41-42","status":"publish","type":"product","link":"https:\/\/anadolupet.com.tr\/en\/urun\/eheim-liberty-karbon-filtre-kartusu-2040-41-42\/","title":{"rendered":"EHEIM Liberty Karbon Filtre Kartu\u015fu (2040\/41\/42)"},"content":{"rendered":"","protected":false},"excerpt":{"rendered":"<p>Mekanik ve biyolojik filtreleme i\u00e7in filtre kartu\u015flar\u0131, Kir par\u00e7ac\u0131klar\u0131 g\u00f6zenekli k\u00f6p\u00fck malzemede tutulur. Ayn\u0131 zamanda, malzeme ar\u0131tma bakterileri i\u00e7in geni\u015f bir kolonile\u015fme y\u00fczeyi sunar. K\u0131sa bir olgunla\u015fma d\u00f6neminden sonra bile k\u00f6p\u00fck kartu\u015flar sadece mekanik su ar\u0131tma i\u015flevi g\u00f6rmez, ayn\u0131 zamanda zararl\u0131 maddelerin biyolojik olarak ayr\u0131\u015ft\u0131r\u0131lmas\u0131n\u0131 da sa\u011flar. <\/p>\n<p>Kartu\u015flar bir\u00e7ok kez tekrar kullan\u0131labilir. Temizlemek i\u00e7in, bakteri k\u00fclt\u00fcrlerinin tamamen yok olmamas\u0131 i\u00e7in kartu\u015flar\u0131 durulay\u0131p s\u0131kman\u0131z yeterlidir.<\/p>\n<p>    K\u00f6p\u00fck kir par\u00e7ac\u0131klar\u0131n\u0131 mekanik olarak tutar<br \/>\n    Bakteri k\u00fclt\u00fcrleri g\u00f6zeneklerde kolonile\u015fir<br \/>\n    Bir\u00e7ok kez tekrar kullan\u0131labilir<br \/>\n    Temizlemek i\u00e7in durulay\u0131p s\u0131kman\u0131z yeterlidir<\/p>","protected":false},"featured_media":42527,"comment_status":"open","ping_status":"closed","template":"","meta":{"_acf_changed":false},"product_brand":[],"product_cat":[2395],"product_tag":[],"class_list":{"0":"post-44954","1":"product","2":"type-product","3":"status-publish","4":"has-post-thumbnail","6":"product_cat-karbondioksit-regulatorleri","8":"first","9":"instock","10":"shipping-taxable","11":"product-type-simple"},"acf":[],"yoast_head":"<!-- This site is optimized with the Yoast SEO plugin v27.4 - https:\/\/yoast.com\/product\/yoast-seo-wordpress\/ -->\n<title>EHEIM Liberty Karbon Filtre Kartu\u015fu (2040\/41\/42) - Anadolu Pet Grup<\/title>\n<meta name=\"robots\" content=\"index, follow, max-snippet:-1, max-image-preview:large, max-video-preview:-1\" \/>\n<link rel=\"canonical\" href=\"https:\/\/anadolupet.com.tr\/en\/product\/eheim-liberty-karbon-filtre-kartusu-2040-41-42\/\" \/>\n<meta property=\"og:locale\" content=\"en_US\" \/>\n<meta property=\"og:type\" content=\"article\" \/>\n<meta property=\"og:title\" content=\"EHEIM Liberty Karbon Filtre Kartu\u015fu (2040\/41\/42) - Anadolu Pet Grup\" \/>\n<meta property=\"og:description\" content=\"Mekanik ve biyolojik filtreleme i\u00e7in filtre kartu\u015flar\u0131, Kir par\u00e7ac\u0131klar\u0131 g\u00f6zenekli k\u00f6p\u00fck malzemede tutulur. Ayn\u0131 zamanda, malzeme ar\u0131tma bakterileri i\u00e7in geni\u015f bir kolonile\u015fme y\u00fczeyi sunar. K\u0131sa bir olgunla\u015fma d\u00f6neminden sonra bile k\u00f6p\u00fck kartu\u015flar sadece mekanik su ar\u0131tma i\u015flevi g\u00f6rmez, ayn\u0131 zamanda zararl\u0131 maddelerin biyolojik olarak ayr\u0131\u015ft\u0131r\u0131lmas\u0131n\u0131 da sa\u011flar.  Kartu\u015flar bir\u00e7ok kez tekrar kullan\u0131labilir. Temizlemek i\u00e7in, bakteri k\u00fclt\u00fcrlerinin tamamen yok olmamas\u0131 i\u00e7in kartu\u015flar\u0131 durulay\u0131p s\u0131kman\u0131z yeterlidir.   K\u00f6p\u00fck kir par\u00e7ac\u0131klar\u0131n\u0131 mekanik olarak tutar   Bakteri k\u00fclt\u00fcrleri g\u00f6zeneklerde kolonile\u015fir   Bir\u00e7ok kez tekrar kullan\u0131labilir   Temizlemek i\u00e7in durulay\u0131p s\u0131kman\u0131z yeterlidir\" \/>\n<meta property=\"og:url\" content=\"https:\/\/anadolupet.com.tr\/en\/product\/eheim-liberty-karbon-filtre-kartusu-2040-41-42\/\" \/>\n<meta property=\"og:site_name\" content=\"Anadolu Pet Grup\" \/>\n<meta property=\"article:modified_time\" content=\"2026-02-23T12:48:13+00:00\" \/>\n<meta property=\"og:image\" content=\"https:\/\/anadolupet.com.tr\/wp-content\/uploads\/2026\/02\/110-2628401.jpg\" \/>\n\t<meta property=\"og:image:width\" content=\"750\" \/>\n\t<meta property=\"og:image:height\" content=\"750\" \/>\n\t<meta property=\"og:image:type\" content=\"image\/jpeg\" \/>\n<meta name=\"twitter:card\" content=\"summary_large_image\" \/>\n<script type=\"application\/ld+json\" class=\"yoast-schema-graph\">{\"@context\":\"https:\\\/\\\/schema.org\",\"@graph\":[{\"@type\":\"WebPage\",\"@id\":\"https:\\\/\\\/anadolupet.com.tr\\\/urun\\\/eheim-liberty-karbon-filtre-kartusu-2040-41-42\\\/\",\"url\":\"https:\\\/\\\/anadolupet.com.tr\\\/urun\\\/eheim-liberty-karbon-filtre-kartusu-2040-41-42\\\/\",\"name\":\"EHEIM Liberty Karbon Filtre Kartu\u015fu (2040\\\/41\\\/42) - Anadolu Pet Grup\",\"isPartOf\":{\"@id\":\"https:\\\/\\\/anadolupet.com.tr\\\/#website\"},\"primaryImageOfPage\":{\"@id\":\"https:\\\/\\\/anadolupet.com.tr\\\/urun\\\/eheim-liberty-karbon-filtre-kartusu-2040-41-42\\\/#primaryimage\"},\"image\":{\"@id\":\"https:\\\/\\\/anadolupet.com.tr\\\/urun\\\/eheim-liberty-karbon-filtre-kartusu-2040-41-42\\\/#primaryimage\"},\"thumbnailUrl\":\"https:\\\/\\\/anadolupet.com.tr\\\/wp-content\\\/uploads\\\/2026\\\/02\\\/110-2628401.jpg\",\"datePublished\":\"2026-02-14T14:40:09+00:00\",\"dateModified\":\"2026-02-23T12:48:13+00:00\",\"breadcrumb\":{\"@id\":\"https:\\\/\\\/anadolupet.com.tr\\\/urun\\\/eheim-liberty-karbon-filtre-kartusu-2040-41-42\\\/#breadcrumb\"},\"inLanguage\":\"en-US\",\"potentialAction\":[{\"@type\":\"ReadAction\",\"target\":[\"https:\\\/\\\/anadolupet.com.tr\\\/urun\\\/eheim-liberty-karbon-filtre-kartusu-2040-41-42\\\/\"]}]},{\"@type\":\"ImageObject\",\"inLanguage\":\"en-US\",\"@id\":\"https:\\\/\\\/anadolupet.com.tr\\\/urun\\\/eheim-liberty-karbon-filtre-kartusu-2040-41-42\\\/#primaryimage\",\"url\":\"https:\\\/\\\/anadolupet.com.tr\\\/wp-content\\\/uploads\\\/2026\\\/02\\\/110-2628401.jpg\",\"contentUrl\":\"https:\\\/\\\/anadolupet.com.tr\\\/wp-content\\\/uploads\\\/2026\\\/02\\\/110-2628401.jpg\",\"width\":750,\"height\":750},{\"@type\":\"BreadcrumbList\",\"@id\":\"https:\\\/\\\/anadolupet.com.tr\\\/urun\\\/eheim-liberty-karbon-filtre-kartusu-2040-41-42\\\/#breadcrumb\",\"itemListElement\":[{\"@type\":\"ListItem\",\"position\":1,\"name\":\"Anasayfa\",\"item\":\"https:\\\/\\\/anadolupet.com.tr\\\/\"},{\"@type\":\"ListItem\",\"position\":2,\"name\":\"\u00dcr\u00fcnler\",\"item\":\"https:\\\/\\\/anadolupet.com.tr\\\/urunler\\\/\"},{\"@type\":\"ListItem\",\"position\":3,\"name\":\"EHEIM Liberty Karbon Filtre Kartu\u015fu (2040\\\/41\\\/42)\"}]},{\"@type\":\"WebSite\",\"@id\":\"https:\\\/\\\/anadolupet.com.tr\\\/#website\",\"url\":\"https:\\\/\\\/anadolupet.com.tr\\\/\",\"name\":\"Anadolu Pet Grup\",\"description\":\"Her Can\u0131n \u0130yi Ya\u015fam\u0131 \u0130\u00e7in Biraraday\u0131z\",\"publisher\":{\"@id\":\"https:\\\/\\\/anadolupet.com.tr\\\/#organization\"},\"potentialAction\":[{\"@type\":\"SearchAction\",\"target\":{\"@type\":\"EntryPoint\",\"urlTemplate\":\"https:\\\/\\\/anadolupet.com.tr\\\/?s={search_term_string}\"},\"query-input\":{\"@type\":\"PropertyValueSpecification\",\"valueRequired\":true,\"valueName\":\"search_term_string\"}}],\"inLanguage\":\"en-US\"},{\"@type\":\"Organization\",\"@id\":\"https:\\\/\\\/anadolupet.com.tr\\\/#organization\",\"name\":\"Anadolu Pet Grup\",\"alternateName\":\"Anadolu Pet\",\"url\":\"https:\\\/\\\/anadolupet.com.tr\\\/\",\"logo\":{\"@type\":\"ImageObject\",\"inLanguage\":\"en-US\",\"@id\":\"https:\\\/\\\/anadolupet.com.tr\\\/#\\\/schema\\\/logo\\\/image\\\/\",\"url\":\"https:\\\/\\\/anadolupet.com.tr\\\/wp-content\\\/uploads\\\/2026\\\/03\\\/1614666743370.jpg\",\"contentUrl\":\"https:\\\/\\\/anadolupet.com.tr\\\/wp-content\\\/uploads\\\/2026\\\/03\\\/1614666743370.jpg\",\"width\":800,\"height\":571,\"caption\":\"Anadolu Pet Grup\"},\"image\":{\"@id\":\"https:\\\/\\\/anadolupet.com.tr\\\/#\\\/schema\\\/logo\\\/image\\\/\"}}]}<\/script>\n<!-- \/ Yoast SEO plugin. -->","yoast_head_json":{"title":"EHEIM Liberty Karbon Filtre Kartu\u015fu (2040\/41\/42) - Anadolu Pet Grup","robots":{"index":"index","follow":"follow","max-snippet":"max-snippet:-1","max-image-preview":"max-image-preview:large","max-video-preview":"max-video-preview:-1"},"canonical":"https:\/\/anadolupet.com.tr\/en\/product\/eheim-liberty-karbon-filtre-kartusu-2040-41-42\/","og_locale":"en_US","og_type":"article","og_title":"EHEIM Liberty Karbon Filtre Kartu\u015fu (2040\/41\/42) - Anadolu Pet Grup","og_description":"Mekanik ve biyolojik filtreleme i\u00e7in filtre kartu\u015flar\u0131, Kir par\u00e7ac\u0131klar\u0131 g\u00f6zenekli k\u00f6p\u00fck malzemede tutulur. Ayn\u0131 zamanda, malzeme ar\u0131tma bakterileri i\u00e7in geni\u015f bir kolonile\u015fme y\u00fczeyi sunar. K\u0131sa bir olgunla\u015fma d\u00f6neminden sonra bile k\u00f6p\u00fck kartu\u015flar sadece mekanik su ar\u0131tma i\u015flevi g\u00f6rmez, ayn\u0131 zamanda zararl\u0131 maddelerin biyolojik olarak ayr\u0131\u015ft\u0131r\u0131lmas\u0131n\u0131 da sa\u011flar.  Kartu\u015flar bir\u00e7ok kez tekrar kullan\u0131labilir. Temizlemek i\u00e7in, bakteri k\u00fclt\u00fcrlerinin tamamen yok olmamas\u0131 i\u00e7in kartu\u015flar\u0131 durulay\u0131p s\u0131kman\u0131z yeterlidir.   K\u00f6p\u00fck kir par\u00e7ac\u0131klar\u0131n\u0131 mekanik olarak tutar   Bakteri k\u00fclt\u00fcrleri g\u00f6zeneklerde kolonile\u015fir   Bir\u00e7ok kez tekrar kullan\u0131labilir   Temizlemek i\u00e7in durulay\u0131p s\u0131kman\u0131z yeterlidir","og_url":"https:\/\/anadolupet.com.tr\/en\/product\/eheim-liberty-karbon-filtre-kartusu-2040-41-42\/","og_site_name":"Anadolu Pet Grup","article_modified_time":"2026-02-23T12:48:13+00:00","og_image":[{"width":750,"height":750,"url":"https:\/\/anadolupet.com.tr\/wp-content\/uploads\/2026\/02\/110-2628401.jpg","type":"image\/jpeg"}],"twitter_card":"summary_large_image","schema":{"@context":"https:\/\/schema.org","@graph":[{"@type":"WebPage","@id":"https:\/\/anadolupet.com.tr\/urun\/eheim-liberty-karbon-filtre-kartusu-2040-41-42\/","url":"https:\/\/anadolupet.com.tr\/urun\/eheim-liberty-karbon-filtre-kartusu-2040-41-42\/","name":"EHEIM Liberty Karbon Filtre Kartu\u015fu (2040\/41\/42) - Anadolu Pet Grup","isPartOf":{"@id":"https:\/\/anadolupet.com.tr\/#website"},"primaryImageOfPage":{"@id":"https:\/\/anadolupet.com.tr\/urun\/eheim-liberty-karbon-filtre-kartusu-2040-41-42\/#primaryimage"},"image":{"@id":"https:\/\/anadolupet.com.tr\/urun\/eheim-liberty-karbon-filtre-kartusu-2040-41-42\/#primaryimage"},"thumbnailUrl":"https:\/\/anadolupet.com.tr\/wp-content\/uploads\/2026\/02\/110-2628401.jpg","datePublished":"2026-02-14T14:40:09+00:00","dateModified":"2026-02-23T12:48:13+00:00","breadcrumb":{"@id":"https:\/\/anadolupet.com.tr\/urun\/eheim-liberty-karbon-filtre-kartusu-2040-41-42\/#breadcrumb"},"inLanguage":"en-US","potentialAction":[{"@type":"ReadAction","target":["https:\/\/anadolupet.com.tr\/urun\/eheim-liberty-karbon-filtre-kartusu-2040-41-42\/"]}]},{"@type":"ImageObject","inLanguage":"en-US","@id":"https:\/\/anadolupet.com.tr\/urun\/eheim-liberty-karbon-filtre-kartusu-2040-41-42\/#primaryimage","url":"https:\/\/anadolupet.com.tr\/wp-content\/uploads\/2026\/02\/110-2628401.jpg","contentUrl":"https:\/\/anadolupet.com.tr\/wp-content\/uploads\/2026\/02\/110-2628401.jpg","width":750,"height":750},{"@type":"BreadcrumbList","@id":"https:\/\/anadolupet.com.tr\/urun\/eheim-liberty-karbon-filtre-kartusu-2040-41-42\/#breadcrumb","itemListElement":[{"@type":"ListItem","position":1,"name":"Anasayfa","item":"https:\/\/anadolupet.com.tr\/"},{"@type":"ListItem","position":2,"name":"\u00dcr\u00fcnler","item":"https:\/\/anadolupet.com.tr\/urunler\/"},{"@type":"ListItem","position":3,"name":"EHEIM Liberty Karbon Filtre Kartu\u015fu (2040\/41\/42)"}]},{"@type":"WebSite","@id":"https:\/\/anadolupet.com.tr\/#website","url":"https:\/\/anadolupet.com.tr\/","name":"Anadolu Pet Group","description":"We Stand Together for the Well-Being of Every Life","publisher":{"@id":"https:\/\/anadolupet.com.tr\/#organization"},"potentialAction":[{"@type":"SearchAction","target":{"@type":"EntryPoint","urlTemplate":"https:\/\/anadolupet.com.tr\/?s={search_term_string}"},"query-input":{"@type":"PropertyValueSpecification","valueRequired":true,"valueName":"search_term_string"}}],"inLanguage":"en-US"},{"@type":"Organization","@id":"https:\/\/anadolupet.com.tr\/#organization","name":"Anadolu Pet Group","alternateName":"Anadolu Pet","url":"https:\/\/anadolupet.com.tr\/","logo":{"@type":"ImageObject","inLanguage":"en-US","@id":"https:\/\/anadolupet.com.tr\/#\/schema\/logo\/image\/","url":"https:\/\/anadolupet.com.tr\/wp-content\/uploads\/2026\/03\/1614666743370.jpg","contentUrl":"https:\/\/anadolupet.com.tr\/wp-content\/uploads\/2026\/03\/1614666743370.jpg","width":800,"height":571,"caption":"Anadolu Pet Grup"},"image":{"@id":"https:\/\/anadolupet.com.tr\/#\/schema\/logo\/image\/"}}]}},"_links":{"self":[{"href":"https:\/\/anadolupet.com.tr\/en\/wp-json\/wp\/v2\/product\/44954","targetHints":{"allow":["GET"]}}],"collection":[{"href":"https:\/\/anadolupet.com.tr\/en\/wp-json\/wp\/v2\/product"}],"about":[{"href":"https:\/\/anadolupet.com.tr\/en\/wp-json\/wp\/v2\/types\/product"}],"replies":[{"embeddable":true,"href":"https:\/\/anadolupet.com.tr\/en\/wp-json\/wp\/v2\/comments?post=44954"}],"wp:featuredmedia":[{"embeddable":true,"href":"https:\/\/anadolupet.com.tr\/en\/wp-json\/wp\/v2\/media\/42527"}],"wp:attachment":[{"href":"https:\/\/anadolupet.com.tr\/en\/wp-json\/wp\/v2\/media?parent=44954"}],"wp:term":[{"taxonomy":"product_brand","embeddable":true,"href":"https:\/\/anadolupet.com.tr\/en\/wp-json\/wp\/v2\/product_brand?post=44954"},{"taxonomy":"product_cat","embeddable":true,"href":"https:\/\/anadolupet.com.tr\/en\/wp-json\/wp\/v2\/product_cat?post=44954"},{"taxonomy":"product_tag","embeddable":true,"href":"https:\/\/anadolupet.com.tr\/en\/wp-json\/wp\/v2\/product_tag?post=44954"}],"curies":[{"name":"wp","href":"https:\/\/api.w.org\/{rel}","templated":true}]}}