{"id":44957,"date":"2026-02-14T14:40:09","date_gmt":"2026-02-14T14:40:09","guid":{"rendered":"https:\/\/anadolupet.com.tr\/urun\/eheim-loop-10000-15000-karbon-filtre-sungeri-5202-03\/"},"modified":"2026-02-23T12:48:13","modified_gmt":"2026-02-23T12:48:13","slug":"eheim-loop-10000-15000-karbon-filtre-sungeri-5202-03","status":"publish","type":"product","link":"https:\/\/anadolupet.com.tr\/en\/urun\/eheim-loop-10000-15000-karbon-filtre-sungeri-5202-03\/","title":{"rendered":"EHEIM Loop 10000\/15000 Karbon Filtre S\u00fcngeri (5202\/03)"},"content":{"rendered":"","protected":false},"excerpt":{"rendered":"<p>T\u00fcm aksesuarlar\u0131m\u0131z verimli ve uzun \u00f6m\u00fcrl\u00fcd\u00fcr \u2013 sa\u011fl\u0131kl\u0131 bir bah\u00e7e havuzu i\u00e7in ihtiyac\u0131n\u0131z olan her \u015fey. FILTERBIO, PRESS veya LOOP komple filtre sistemlerimizde kulland\u0131\u011f\u0131m\u0131z y\u00fcksek kaliteli biyolojik filtre malzemesidir \u2013 gran\u00fcl yap\u0131s\u0131 REPLAY ve REFINE filtre pedleri ile m\u00fckemmel \u015fekilde etkile\u015fir. UV berrakla\u015ft\u0131r\u0131c\u0131m\u0131z CLEAR i\u00e7in yedek lamba GLOWUVC de aksesuar yelpazemizde bulunmaktad\u0131r.<\/p>\n<p>REFINECOAL \u2013 Adsorptif Filtre Malzemesi<\/p>\n<p>Zararl\u0131 maddeleri ba\u011flar: klor, temizlik maddesi kal\u0131nt\u0131lar\u0131, su d\u00fczenleyiciler, renklendiriciler vb.<\/p>\n<p>Yeni havuz kurulumu, su de\u011fi\u015fimi veya su d\u00fczenleyici kullan\u0131m\u0131ndan sonra gereklidir.<\/p>\n<p>4 haftaya kadar kullan\u0131labilir, sonras\u0131nda de\u011fi\u015ftirilmelidir.<\/p>\n<p>REPLAYRAW ve REPLAYFINE filtre pedleri ile birlikte en iyi performans\u0131 g\u00f6sterir.<\/p>\n<p>EHEIM Filtre Medyalar\u0131<\/p>\n<p>Y\u00fcksek verimlilik, kendi ara\u015ft\u0131rma laboratuvar\u0131m\u0131zda geli\u015ftirilmi\u015ftir.<\/p>\n<p>En iyi hammaddelerle \u00fcretilmi\u015ftir.<\/p>\n<p>Zararl\u0131 maddeler i\u00e7ermez \u2013 garanti edilir.<\/p>\n<p>EHEIM Tavsiyesi:<\/p>\n<p>Filtre medyas\u0131n\u0131 asla s\u0131cak suyla y\u0131kamay\u0131n veya kimyasal temizleyiciler kullanmay\u0131n; bu, hassas bakterileri yok eder.<\/p>\n<p>De\u011ferli filtre bakterilerinin optimum kolonile\u015fmesini sa\u011flamak i\u00e7in, su ak\u0131\u015f\u0131 belirgin \u015fekilde azalmadan filtre medyas\u0131n\u0131 temizlemeyin.<\/p>\n<p>Teslimat Kapsam\u0131:<\/p>\n<p>1 adet<\/p>","protected":false},"featured_media":42393,"comment_status":"open","ping_status":"closed","template":"","meta":{"_acf_changed":false},"product_brand":[],"product_cat":[2395],"product_tag":[],"class_list":{"0":"post-44957","1":"product","2":"type-product","3":"status-publish","4":"has-post-thumbnail","6":"product_cat-karbondioksit-regulatorleri","8":"first","9":"instock","10":"shipping-taxable","11":"product-type-simple"},"acf":[],"yoast_head":"<!-- This site is optimized with the Yoast SEO plugin v27.4 - https:\/\/yoast.com\/product\/yoast-seo-wordpress\/ -->\n<title>EHEIM Loop 10000\/15000 Karbon Filtre S\u00fcngeri (5202\/03) - Anadolu Pet Grup<\/title>\n<meta name=\"robots\" content=\"index, follow, max-snippet:-1, max-image-preview:large, max-video-preview:-1\" \/>\n<link rel=\"canonical\" href=\"https:\/\/anadolupet.com.tr\/en\/product\/eheim-loop-10000-15000-karbon-filtre-sungeri-5202-03\/\" \/>\n<meta property=\"og:locale\" content=\"en_US\" \/>\n<meta property=\"og:type\" content=\"article\" \/>\n<meta property=\"og:title\" content=\"EHEIM Loop 10000\/15000 Karbon Filtre S\u00fcngeri (5202\/03) - Anadolu Pet Grup\" \/>\n<meta property=\"og:description\" content=\"T\u00fcm aksesuarlar\u0131m\u0131z verimli ve uzun \u00f6m\u00fcrl\u00fcd\u00fcr \u2013 sa\u011fl\u0131kl\u0131 bir bah\u00e7e havuzu i\u00e7in ihtiyac\u0131n\u0131z olan her \u015fey. FILTERBIO, PRESS veya LOOP komple filtre sistemlerimizde kulland\u0131\u011f\u0131m\u0131z y\u00fcksek kaliteli biyolojik filtre malzemesidir \u2013 gran\u00fcl yap\u0131s\u0131 REPLAY ve REFINE filtre pedleri ile m\u00fckemmel \u015fekilde etkile\u015fir. UV berrakla\u015ft\u0131r\u0131c\u0131m\u0131z CLEAR i\u00e7in yedek lamba GLOWUVC de aksesuar yelpazemizde bulunmaktad\u0131r. REFINECOAL \u2013 Adsorptif Filtre Malzemesi Zararl\u0131 maddeleri ba\u011flar: klor, temizlik maddesi kal\u0131nt\u0131lar\u0131, su d\u00fczenleyiciler, renklendiriciler vb. Yeni havuz kurulumu, su de\u011fi\u015fimi veya su d\u00fczenleyici kullan\u0131m\u0131ndan sonra gereklidir. 4 haftaya kadar kullan\u0131labilir, sonras\u0131nda de\u011fi\u015ftirilmelidir. REPLAYRAW ve REPLAYFINE filtre pedleri ile birlikte en iyi performans\u0131 g\u00f6sterir. EHEIM Filtre Medyalar\u0131 Y\u00fcksek verimlilik, kendi ara\u015ft\u0131rma laboratuvar\u0131m\u0131zda geli\u015ftirilmi\u015ftir. En iyi hammaddelerle \u00fcretilmi\u015ftir. Zararl\u0131 maddeler i\u00e7ermez \u2013 garanti edilir. EHEIM Tavsiyesi: Filtre medyas\u0131n\u0131 asla s\u0131cak suyla y\u0131kamay\u0131n veya kimyasal temizleyiciler kullanmay\u0131n; bu, hassas bakterileri yok eder. De\u011ferli filtre bakterilerinin optimum kolonile\u015fmesini sa\u011flamak i\u00e7in, su ak\u0131\u015f\u0131 belirgin \u015fekilde azalmadan filtre medyas\u0131n\u0131 temizlemeyin. Teslimat Kapsam\u0131: 1 adet\" \/>\n<meta property=\"og:url\" content=\"https:\/\/anadolupet.com.tr\/en\/product\/eheim-loop-10000-15000-karbon-filtre-sungeri-5202-03\/\" \/>\n<meta property=\"og:site_name\" content=\"Anadolu Pet Grup\" \/>\n<meta property=\"article:modified_time\" content=\"2026-02-23T12:48:13+00:00\" \/>\n<meta property=\"og:image\" content=\"https:\/\/anadolupet.com.tr\/wp-content\/uploads\/2026\/02\/105-2629110.jpg\" \/>\n\t<meta property=\"og:image:width\" content=\"750\" \/>\n\t<meta property=\"og:image:height\" content=\"750\" \/>\n\t<meta property=\"og:image:type\" content=\"image\/jpeg\" \/>\n<meta name=\"twitter:card\" content=\"summary_large_image\" \/>\n<script type=\"application\/ld+json\" class=\"yoast-schema-graph\">{\"@context\":\"https:\\\/\\\/schema.org\",\"@graph\":[{\"@type\":\"WebPage\",\"@id\":\"https:\\\/\\\/anadolupet.com.tr\\\/urun\\\/eheim-loop-10000-15000-karbon-filtre-sungeri-5202-03\\\/\",\"url\":\"https:\\\/\\\/anadolupet.com.tr\\\/urun\\\/eheim-loop-10000-15000-karbon-filtre-sungeri-5202-03\\\/\",\"name\":\"EHEIM Loop 10000\\\/15000 Karbon Filtre S\u00fcngeri (5202\\\/03) - Anadolu Pet Grup\",\"isPartOf\":{\"@id\":\"https:\\\/\\\/anadolupet.com.tr\\\/#website\"},\"primaryImageOfPage\":{\"@id\":\"https:\\\/\\\/anadolupet.com.tr\\\/urun\\\/eheim-loop-10000-15000-karbon-filtre-sungeri-5202-03\\\/#primaryimage\"},\"image\":{\"@id\":\"https:\\\/\\\/anadolupet.com.tr\\\/urun\\\/eheim-loop-10000-15000-karbon-filtre-sungeri-5202-03\\\/#primaryimage\"},\"thumbnailUrl\":\"https:\\\/\\\/anadolupet.com.tr\\\/wp-content\\\/uploads\\\/2026\\\/02\\\/105-2629110.jpg\",\"datePublished\":\"2026-02-14T14:40:09+00:00\",\"dateModified\":\"2026-02-23T12:48:13+00:00\",\"breadcrumb\":{\"@id\":\"https:\\\/\\\/anadolupet.com.tr\\\/urun\\\/eheim-loop-10000-15000-karbon-filtre-sungeri-5202-03\\\/#breadcrumb\"},\"inLanguage\":\"en-US\",\"potentialAction\":[{\"@type\":\"ReadAction\",\"target\":[\"https:\\\/\\\/anadolupet.com.tr\\\/urun\\\/eheim-loop-10000-15000-karbon-filtre-sungeri-5202-03\\\/\"]}]},{\"@type\":\"ImageObject\",\"inLanguage\":\"en-US\",\"@id\":\"https:\\\/\\\/anadolupet.com.tr\\\/urun\\\/eheim-loop-10000-15000-karbon-filtre-sungeri-5202-03\\\/#primaryimage\",\"url\":\"https:\\\/\\\/anadolupet.com.tr\\\/wp-content\\\/uploads\\\/2026\\\/02\\\/105-2629110.jpg\",\"contentUrl\":\"https:\\\/\\\/anadolupet.com.tr\\\/wp-content\\\/uploads\\\/2026\\\/02\\\/105-2629110.jpg\",\"width\":750,\"height\":750},{\"@type\":\"BreadcrumbList\",\"@id\":\"https:\\\/\\\/anadolupet.com.tr\\\/urun\\\/eheim-loop-10000-15000-karbon-filtre-sungeri-5202-03\\\/#breadcrumb\",\"itemListElement\":[{\"@type\":\"ListItem\",\"position\":1,\"name\":\"Anasayfa\",\"item\":\"https:\\\/\\\/anadolupet.com.tr\\\/\"},{\"@type\":\"ListItem\",\"position\":2,\"name\":\"\u00dcr\u00fcnler\",\"item\":\"https:\\\/\\\/anadolupet.com.tr\\\/urunler\\\/\"},{\"@type\":\"ListItem\",\"position\":3,\"name\":\"EHEIM Loop 10000\\\/15000 Karbon Filtre S\u00fcngeri (5202\\\/03)\"}]},{\"@type\":\"WebSite\",\"@id\":\"https:\\\/\\\/anadolupet.com.tr\\\/#website\",\"url\":\"https:\\\/\\\/anadolupet.com.tr\\\/\",\"name\":\"Anadolu Pet Grup\",\"description\":\"Her Can\u0131n \u0130yi Ya\u015fam\u0131 \u0130\u00e7in Biraraday\u0131z\",\"publisher\":{\"@id\":\"https:\\\/\\\/anadolupet.com.tr\\\/#organization\"},\"potentialAction\":[{\"@type\":\"SearchAction\",\"target\":{\"@type\":\"EntryPoint\",\"urlTemplate\":\"https:\\\/\\\/anadolupet.com.tr\\\/?s={search_term_string}\"},\"query-input\":{\"@type\":\"PropertyValueSpecification\",\"valueRequired\":true,\"valueName\":\"search_term_string\"}}],\"inLanguage\":\"en-US\"},{\"@type\":\"Organization\",\"@id\":\"https:\\\/\\\/anadolupet.com.tr\\\/#organization\",\"name\":\"Anadolu Pet Grup\",\"alternateName\":\"Anadolu Pet\",\"url\":\"https:\\\/\\\/anadolupet.com.tr\\\/\",\"logo\":{\"@type\":\"ImageObject\",\"inLanguage\":\"en-US\",\"@id\":\"https:\\\/\\\/anadolupet.com.tr\\\/#\\\/schema\\\/logo\\\/image\\\/\",\"url\":\"https:\\\/\\\/anadolupet.com.tr\\\/wp-content\\\/uploads\\\/2026\\\/03\\\/1614666743370.jpg\",\"contentUrl\":\"https:\\\/\\\/anadolupet.com.tr\\\/wp-content\\\/uploads\\\/2026\\\/03\\\/1614666743370.jpg\",\"width\":800,\"height\":571,\"caption\":\"Anadolu Pet Grup\"},\"image\":{\"@id\":\"https:\\\/\\\/anadolupet.com.tr\\\/#\\\/schema\\\/logo\\\/image\\\/\"}}]}<\/script>\n<!-- \/ Yoast SEO plugin. -->","yoast_head_json":{"title":"EHEIM Loop 10000\/15000 Karbon Filtre S\u00fcngeri (5202\/03) - Anadolu Pet Grup","robots":{"index":"index","follow":"follow","max-snippet":"max-snippet:-1","max-image-preview":"max-image-preview:large","max-video-preview":"max-video-preview:-1"},"canonical":"https:\/\/anadolupet.com.tr\/en\/product\/eheim-loop-10000-15000-karbon-filtre-sungeri-5202-03\/","og_locale":"en_US","og_type":"article","og_title":"EHEIM Loop 10000\/15000 Karbon Filtre S\u00fcngeri (5202\/03) - Anadolu Pet Grup","og_description":"T\u00fcm aksesuarlar\u0131m\u0131z verimli ve uzun \u00f6m\u00fcrl\u00fcd\u00fcr \u2013 sa\u011fl\u0131kl\u0131 bir bah\u00e7e havuzu i\u00e7in ihtiyac\u0131n\u0131z olan her \u015fey. FILTERBIO, PRESS veya LOOP komple filtre sistemlerimizde kulland\u0131\u011f\u0131m\u0131z y\u00fcksek kaliteli biyolojik filtre malzemesidir \u2013 gran\u00fcl yap\u0131s\u0131 REPLAY ve REFINE filtre pedleri ile m\u00fckemmel \u015fekilde etkile\u015fir. UV berrakla\u015ft\u0131r\u0131c\u0131m\u0131z CLEAR i\u00e7in yedek lamba GLOWUVC de aksesuar yelpazemizde bulunmaktad\u0131r. REFINECOAL \u2013 Adsorptif Filtre Malzemesi Zararl\u0131 maddeleri ba\u011flar: klor, temizlik maddesi kal\u0131nt\u0131lar\u0131, su d\u00fczenleyiciler, renklendiriciler vb. Yeni havuz kurulumu, su de\u011fi\u015fimi veya su d\u00fczenleyici kullan\u0131m\u0131ndan sonra gereklidir. 4 haftaya kadar kullan\u0131labilir, sonras\u0131nda de\u011fi\u015ftirilmelidir. REPLAYRAW ve REPLAYFINE filtre pedleri ile birlikte en iyi performans\u0131 g\u00f6sterir. EHEIM Filtre Medyalar\u0131 Y\u00fcksek verimlilik, kendi ara\u015ft\u0131rma laboratuvar\u0131m\u0131zda geli\u015ftirilmi\u015ftir. En iyi hammaddelerle \u00fcretilmi\u015ftir. Zararl\u0131 maddeler i\u00e7ermez \u2013 garanti edilir. EHEIM Tavsiyesi: Filtre medyas\u0131n\u0131 asla s\u0131cak suyla y\u0131kamay\u0131n veya kimyasal temizleyiciler kullanmay\u0131n; bu, hassas bakterileri yok eder. De\u011ferli filtre bakterilerinin optimum kolonile\u015fmesini sa\u011flamak i\u00e7in, su ak\u0131\u015f\u0131 belirgin \u015fekilde azalmadan filtre medyas\u0131n\u0131 temizlemeyin. Teslimat Kapsam\u0131: 1 adet","og_url":"https:\/\/anadolupet.com.tr\/en\/product\/eheim-loop-10000-15000-karbon-filtre-sungeri-5202-03\/","og_site_name":"Anadolu Pet Grup","article_modified_time":"2026-02-23T12:48:13+00:00","og_image":[{"width":750,"height":750,"url":"https:\/\/anadolupet.com.tr\/wp-content\/uploads\/2026\/02\/105-2629110.jpg","type":"image\/jpeg"}],"twitter_card":"summary_large_image","schema":{"@context":"https:\/\/schema.org","@graph":[{"@type":"WebPage","@id":"https:\/\/anadolupet.com.tr\/urun\/eheim-loop-10000-15000-karbon-filtre-sungeri-5202-03\/","url":"https:\/\/anadolupet.com.tr\/urun\/eheim-loop-10000-15000-karbon-filtre-sungeri-5202-03\/","name":"EHEIM Loop 10000\/15000 Karbon Filtre S\u00fcngeri (5202\/03) - Anadolu Pet Grup","isPartOf":{"@id":"https:\/\/anadolupet.com.tr\/#website"},"primaryImageOfPage":{"@id":"https:\/\/anadolupet.com.tr\/urun\/eheim-loop-10000-15000-karbon-filtre-sungeri-5202-03\/#primaryimage"},"image":{"@id":"https:\/\/anadolupet.com.tr\/urun\/eheim-loop-10000-15000-karbon-filtre-sungeri-5202-03\/#primaryimage"},"thumbnailUrl":"https:\/\/anadolupet.com.tr\/wp-content\/uploads\/2026\/02\/105-2629110.jpg","datePublished":"2026-02-14T14:40:09+00:00","dateModified":"2026-02-23T12:48:13+00:00","breadcrumb":{"@id":"https:\/\/anadolupet.com.tr\/urun\/eheim-loop-10000-15000-karbon-filtre-sungeri-5202-03\/#breadcrumb"},"inLanguage":"en-US","potentialAction":[{"@type":"ReadAction","target":["https:\/\/anadolupet.com.tr\/urun\/eheim-loop-10000-15000-karbon-filtre-sungeri-5202-03\/"]}]},{"@type":"ImageObject","inLanguage":"en-US","@id":"https:\/\/anadolupet.com.tr\/urun\/eheim-loop-10000-15000-karbon-filtre-sungeri-5202-03\/#primaryimage","url":"https:\/\/anadolupet.com.tr\/wp-content\/uploads\/2026\/02\/105-2629110.jpg","contentUrl":"https:\/\/anadolupet.com.tr\/wp-content\/uploads\/2026\/02\/105-2629110.jpg","width":750,"height":750},{"@type":"BreadcrumbList","@id":"https:\/\/anadolupet.com.tr\/urun\/eheim-loop-10000-15000-karbon-filtre-sungeri-5202-03\/#breadcrumb","itemListElement":[{"@type":"ListItem","position":1,"name":"Anasayfa","item":"https:\/\/anadolupet.com.tr\/"},{"@type":"ListItem","position":2,"name":"\u00dcr\u00fcnler","item":"https:\/\/anadolupet.com.tr\/urunler\/"},{"@type":"ListItem","position":3,"name":"EHEIM Loop 10000\/15000 Karbon Filtre S\u00fcngeri (5202\/03)"}]},{"@type":"WebSite","@id":"https:\/\/anadolupet.com.tr\/#website","url":"https:\/\/anadolupet.com.tr\/","name":"Anadolu Pet Group","description":"We Stand Together for the Well-Being of Every Life","publisher":{"@id":"https:\/\/anadolupet.com.tr\/#organization"},"potentialAction":[{"@type":"SearchAction","target":{"@type":"EntryPoint","urlTemplate":"https:\/\/anadolupet.com.tr\/?s={search_term_string}"},"query-input":{"@type":"PropertyValueSpecification","valueRequired":true,"valueName":"search_term_string"}}],"inLanguage":"en-US"},{"@type":"Organization","@id":"https:\/\/anadolupet.com.tr\/#organization","name":"Anadolu Pet Group","alternateName":"Anadolu Pet","url":"https:\/\/anadolupet.com.tr\/","logo":{"@type":"ImageObject","inLanguage":"en-US","@id":"https:\/\/anadolupet.com.tr\/#\/schema\/logo\/image\/","url":"https:\/\/anadolupet.com.tr\/wp-content\/uploads\/2026\/03\/1614666743370.jpg","contentUrl":"https:\/\/anadolupet.com.tr\/wp-content\/uploads\/2026\/03\/1614666743370.jpg","width":800,"height":571,"caption":"Anadolu Pet Grup"},"image":{"@id":"https:\/\/anadolupet.com.tr\/#\/schema\/logo\/image\/"}}]}},"_links":{"self":[{"href":"https:\/\/anadolupet.com.tr\/en\/wp-json\/wp\/v2\/product\/44957","targetHints":{"allow":["GET"]}}],"collection":[{"href":"https:\/\/anadolupet.com.tr\/en\/wp-json\/wp\/v2\/product"}],"about":[{"href":"https:\/\/anadolupet.com.tr\/en\/wp-json\/wp\/v2\/types\/product"}],"replies":[{"embeddable":true,"href":"https:\/\/anadolupet.com.tr\/en\/wp-json\/wp\/v2\/comments?post=44957"}],"wp:featuredmedia":[{"embeddable":true,"href":"https:\/\/anadolupet.com.tr\/en\/wp-json\/wp\/v2\/media\/42393"}],"wp:attachment":[{"href":"https:\/\/anadolupet.com.tr\/en\/wp-json\/wp\/v2\/media?parent=44957"}],"wp:term":[{"taxonomy":"product_brand","embeddable":true,"href":"https:\/\/anadolupet.com.tr\/en\/wp-json\/wp\/v2\/product_brand?post=44957"},{"taxonomy":"product_cat","embeddable":true,"href":"https:\/\/anadolupet.com.tr\/en\/wp-json\/wp\/v2\/product_cat?post=44957"},{"taxonomy":"product_tag","embeddable":true,"href":"https:\/\/anadolupet.com.tr\/en\/wp-json\/wp\/v2\/product_tag?post=44957"}],"curies":[{"name":"wp","href":"https:\/\/api.w.org\/{rel}","templated":true}]}}