{"id":44958,"date":"2026-02-14T14:40:09","date_gmt":"2026-02-14T14:40:09","guid":{"rendered":"https:\/\/anadolupet.com.tr\/urun\/eheim-loop-pro-12000-havuz-filtresi\/"},"modified":"2026-02-23T12:48:13","modified_gmt":"2026-02-23T12:48:13","slug":"eheim-loop-pro-12000-havuz-filtresi","status":"publish","type":"product","link":"https:\/\/anadolupet.com.tr\/en\/urun\/eheim-loop-pro-12000-havuz-filtresi\/","title":{"rendered":"EHEIM Loop Pro 12000 Havuz Filtresi"},"content":{"rendered":"","protected":false},"excerpt":{"rendered":"<p>Yeni EHEIM LOOPpro, havuzunuzda kristal berrakl\u0131\u011f\u0131nda, sa\u011fl\u0131kl\u0131 su i\u00e7in m\u00fckemmel ko\u015fullar yarat\u0131r.<\/p>\n<p>LOOPpro, havuzunuz i\u00e7in en uygun filtredir. \u00c7\u00fcnk\u00fc s\u0131n\u0131f\u0131ndaki filtrelere g\u00f6re belirgin avantajlar sunar: S\u0131n\u0131f\u0131ndaki tek \u00f6n filtreli filtredir (EHEIM harici akvaryum filtresi modeline dayanmaktad\u0131r). Burada, kaba kirler (yapraklar, bitki par\u00e7alar\u0131, tohumlar, yem art\u0131klar\u0131 vb.) su di\u011fer ayr\u0131 filtre odac\u0131klar\u0131ndan ge\u00e7meden \u00f6nce yakalan\u0131r. Ayr\u0131ca, Easy Clean ters y\u0131kama \u00f6zelli\u011fi kalan t\u00fcm kirleri giderir. Bu, biyolojik filtre malzemesinin etkinli\u011fini art\u0131r\u0131r ve hizmet \u00f6mr\u00fcn\u00fc uzat\u0131r. Ek olarak, yukar\u0131 ak\u0131\u015f UVC ar\u0131t\u0131c\u0131 mikroplar\u0131, yosun sporlar\u0131n\u0131 vb. \u00f6ld\u00fcr\u00fcr. Bu, havuzunuza kristal berrakl\u0131\u011f\u0131nda, sa\u011fl\u0131kl\u0131 su ak\u0131\u015f\u0131n\u0131 garanti eder. <\/p>\n<p>LOOPpro filtreler son derece az bak\u0131m gerektirir ve t\u00fcm bile\u015fenler birbirleriyle uyumlu \u00e7al\u0131\u015facak \u015fekilde hassas bir \u015fekilde e\u015fle\u015ftirilmi\u015ftir. Enerji tasarruflu bir pompa (EHEIM PLAY veya FLOW), d\u00fc\u015f\u00fck g\u00fc\u00e7 t\u00fcketimi sa\u011flamak i\u00e7in filtrenin ilgili performans seviyesine uyarlanm\u0131\u015ft\u0131r. Su kirlili\u011finin derecesi bir ekranda g\u00f6sterilir, b\u00f6ylece biriken tortular zaman\u0131nda temizlenebilir ve gerekirse filtre malzemesi de\u011fi\u015ftirilebilir. T\u00fcm bunlar birka\u00e7 basit ad\u0131mda yap\u0131labilir.<\/p>\n<p>T\u00fcm LOOPpro havuz ak\u0131\u015f filtreleri, orijinal EHEIM filtre malzemeleri (\u00f6n filtre mat\u0131, filtre kartu\u015flar\u0131, BIOBALLS veya FILTERBIO) dahil olmak \u00fczere kuruluma haz\u0131r komple setler halinde gelir. 6000, 8000, 12000, 18000, 26000 ve 38000 litreye kadar orta ve b\u00fcy\u00fck bah\u00e7e havuzlar\u0131 i\u00e7in alt\u0131 LOOPpro modeli bulunmaktad\u0131r.<\/p>\n<p>LOOPpro havuz ak\u0131\u015f filtrelerinin \u00f6zellikleri:<\/p>\n<p>1.  38000 litreye kadar havuzlar i\u00e7in filtre, pompa, UVC ar\u0131t\u0131c\u0131 ve aksesuarlar i\u00e7eren, kuruluma haz\u0131r komple set (bal\u0131k sto\u011fu hari\u00e7 &#8211; daha ayr\u0131nt\u0131l\u0131 bilgi i\u00e7in tabloya bak\u0131n).<br \/>\n2.  Son derece d\u00fc\u015f\u00fck bak\u0131m gereksinimi \u2013 bile\u015fenler birbirleriyle tam olarak uyumludur.<br \/>\n3.  Su eksikli\u011fi durumunda a\u015f\u0131r\u0131 \u0131s\u0131nma korumal\u0131, uyumlu, g\u00fc\u00e7l\u00fc, enerji tasarruflu pompa.<br \/>\n    CLEARUVC (9-60 W) UVC ar\u0131t\u0131c\u0131 ile birlikte gelir.<br \/>\n    4 a\u015famal\u0131 filtreleme \u00f6zelli\u011fine sahiptir (ayr\u0131 ayr\u0131 s\u0131zd\u0131rmaz odac\u0131klarda).<br \/>\n    S\u0131n\u0131f\u0131nda benzersiz, dahili \u00f6n filtreye sahiptir.<br \/>\n    Kolay Temizleme \u2013 Ters Y\u0131kama sistemi.<br \/>\n    Doygunluk G\u00f6stergesi.<br \/>\n    Kapakl\u0131 filtre kutusu ve orijinal EHEIM filtre malzemesi: \u00f6n filtre mat\u0131, filtre kartu\u015flar\u0131, BIOBALLS veya FILTERBIOBIOBALLS: LOOPpro 6000-12000 (60 adet), FILTERBIO: LOOPpro 18000-38000 (1,6 l)<br \/>\n    5 m Spiral hortum (LOOPpro 6000-12000 3\/4\u201c, LOOPpro18000-38000 1\u201c).<br \/>\nPompa i\u00e7in 10 m, UVC ar\u0131t\u0131c\u0131 i\u00e7in 5 m kablo.<br \/>\nBa\u011flant\u0131 aksesuarlar\u0131<\/p>","protected":false},"featured_media":42483,"comment_status":"open","ping_status":"closed","template":"","meta":{"_acf_changed":false},"product_brand":[],"product_cat":[2395],"product_tag":[],"class_list":{"0":"post-44958","1":"product","2":"type-product","3":"status-publish","4":"has-post-thumbnail","6":"product_cat-karbondioksit-regulatorleri","8":"first","9":"instock","10":"shipping-taxable","11":"product-type-simple"},"acf":[],"yoast_head":"<!-- This site is optimized with the Yoast SEO plugin v27.4 - https:\/\/yoast.com\/product\/yoast-seo-wordpress\/ -->\n<title>EHEIM Loop Pro 12000 Havuz Filtresi - Anadolu Pet Grup<\/title>\n<meta name=\"robots\" content=\"index, follow, max-snippet:-1, max-image-preview:large, max-video-preview:-1\" \/>\n<link rel=\"canonical\" href=\"https:\/\/anadolupet.com.tr\/en\/product\/eheim-loop-pro-12000-havuz-filtresi\/\" \/>\n<meta property=\"og:locale\" content=\"en_US\" \/>\n<meta property=\"og:type\" content=\"article\" \/>\n<meta property=\"og:title\" content=\"EHEIM Loop Pro 12000 Havuz Filtresi - Anadolu Pet Grup\" \/>\n<meta property=\"og:description\" content=\"Yeni EHEIM LOOPpro, havuzunuzda kristal berrakl\u0131\u011f\u0131nda, sa\u011fl\u0131kl\u0131 su i\u00e7in m\u00fckemmel ko\u015fullar yarat\u0131r. LOOPpro, havuzunuz i\u00e7in en uygun filtredir. \u00c7\u00fcnk\u00fc s\u0131n\u0131f\u0131ndaki filtrelere g\u00f6re belirgin avantajlar sunar: S\u0131n\u0131f\u0131ndaki tek \u00f6n filtreli filtredir (EHEIM harici akvaryum filtresi modeline dayanmaktad\u0131r). Burada, kaba kirler (yapraklar, bitki par\u00e7alar\u0131, tohumlar, yem art\u0131klar\u0131 vb.) su di\u011fer ayr\u0131 filtre odac\u0131klar\u0131ndan ge\u00e7meden \u00f6nce yakalan\u0131r. Ayr\u0131ca, Easy Clean ters y\u0131kama \u00f6zelli\u011fi kalan t\u00fcm kirleri giderir. Bu, biyolojik filtre malzemesinin etkinli\u011fini art\u0131r\u0131r ve hizmet \u00f6mr\u00fcn\u00fc uzat\u0131r. Ek olarak, yukar\u0131 ak\u0131\u015f UVC ar\u0131t\u0131c\u0131 mikroplar\u0131, yosun sporlar\u0131n\u0131 vb. \u00f6ld\u00fcr\u00fcr. Bu, havuzunuza kristal berrakl\u0131\u011f\u0131nda, sa\u011fl\u0131kl\u0131 su ak\u0131\u015f\u0131n\u0131 garanti eder.  LOOPpro filtreler son derece az bak\u0131m gerektirir ve t\u00fcm bile\u015fenler birbirleriyle uyumlu \u00e7al\u0131\u015facak \u015fekilde hassas bir \u015fekilde e\u015fle\u015ftirilmi\u015ftir. Enerji tasarruflu bir pompa (EHEIM PLAY veya FLOW), d\u00fc\u015f\u00fck g\u00fc\u00e7 t\u00fcketimi sa\u011flamak i\u00e7in filtrenin ilgili performans seviyesine uyarlanm\u0131\u015ft\u0131r. Su kirlili\u011finin derecesi bir ekranda g\u00f6sterilir, b\u00f6ylece biriken tortular zaman\u0131nda temizlenebilir ve gerekirse filtre malzemesi de\u011fi\u015ftirilebilir. T\u00fcm bunlar birka\u00e7 basit ad\u0131mda yap\u0131labilir. T\u00fcm LOOPpro havuz ak\u0131\u015f filtreleri, orijinal EHEIM filtre malzemeleri (\u00f6n filtre mat\u0131, filtre kartu\u015flar\u0131, BIOBALLS veya FILTERBIO) dahil olmak \u00fczere kuruluma haz\u0131r komple setler halinde gelir. 6000, 8000, 12000, 18000, 26000 ve 38000 litreye kadar orta ve b\u00fcy\u00fck bah\u00e7e havuzlar\u0131 i\u00e7in alt\u0131 LOOPpro modeli bulunmaktad\u0131r. LOOPpro havuz ak\u0131\u015f filtrelerinin \u00f6zellikleri: 1. 38000 litreye kadar havuzlar i\u00e7in filtre, pompa, UVC ar\u0131t\u0131c\u0131 ve aksesuarlar i\u00e7eren, kuruluma haz\u0131r komple set (bal\u0131k sto\u011fu hari\u00e7 - daha ayr\u0131nt\u0131l\u0131 bilgi i\u00e7in tabloya bak\u0131n). 2. Son derece d\u00fc\u015f\u00fck bak\u0131m gereksinimi \u2013 bile\u015fenler birbirleriyle tam olarak uyumludur. 3. Su eksikli\u011fi durumunda a\u015f\u0131r\u0131 \u0131s\u0131nma korumal\u0131, uyumlu, g\u00fc\u00e7l\u00fc, enerji tasarruflu pompa.   CLEARUVC (9-60 W) UVC ar\u0131t\u0131c\u0131 ile birlikte gelir.   4 a\u015famal\u0131 filtreleme \u00f6zelli\u011fine sahiptir (ayr\u0131 ayr\u0131 s\u0131zd\u0131rmaz odac\u0131klarda).   S\u0131n\u0131f\u0131nda benzersiz, dahili \u00f6n filtreye sahiptir.   Kolay Temizleme \u2013 Ters Y\u0131kama sistemi.   Doygunluk G\u00f6stergesi.   Kapakl\u0131 filtre kutusu ve orijinal EHEIM filtre malzemesi: \u00f6n filtre mat\u0131, filtre kartu\u015flar\u0131, BIOBALLS veya FILTERBIOBIOBALLS: LOOPpro 6000-12000 (60 adet), FILTERBIO: LOOPpro 18000-38000 (1,6 l)   5 m Spiral hortum (LOOPpro 6000-12000 3\/4\u201c, LOOPpro18000-38000 1\u201c). Pompa i\u00e7in 10 m, UVC ar\u0131t\u0131c\u0131 i\u00e7in 5 m kablo. Ba\u011flant\u0131 aksesuarlar\u0131\" \/>\n<meta property=\"og:url\" content=\"https:\/\/anadolupet.com.tr\/en\/product\/eheim-loop-pro-12000-havuz-filtresi\/\" \/>\n<meta property=\"og:site_name\" content=\"Anadolu Pet Grup\" \/>\n<meta property=\"article:modified_time\" content=\"2026-02-23T12:48:13+00:00\" \/>\n<meta property=\"og:image\" content=\"https:\/\/anadolupet.com.tr\/wp-content\/uploads\/2026\/02\/105-5214020.jpg\" \/>\n\t<meta property=\"og:image:width\" content=\"750\" \/>\n\t<meta property=\"og:image:height\" content=\"750\" \/>\n\t<meta property=\"og:image:type\" content=\"image\/jpeg\" \/>\n<meta name=\"twitter:card\" content=\"summary_large_image\" \/>\n<script type=\"application\/ld+json\" class=\"yoast-schema-graph\">{\"@context\":\"https:\\\/\\\/schema.org\",\"@graph\":[{\"@type\":\"WebPage\",\"@id\":\"https:\\\/\\\/anadolupet.com.tr\\\/urun\\\/eheim-loop-pro-12000-havuz-filtresi\\\/\",\"url\":\"https:\\\/\\\/anadolupet.com.tr\\\/urun\\\/eheim-loop-pro-12000-havuz-filtresi\\\/\",\"name\":\"EHEIM Loop Pro 12000 Havuz Filtresi - Anadolu Pet Grup\",\"isPartOf\":{\"@id\":\"https:\\\/\\\/anadolupet.com.tr\\\/#website\"},\"primaryImageOfPage\":{\"@id\":\"https:\\\/\\\/anadolupet.com.tr\\\/urun\\\/eheim-loop-pro-12000-havuz-filtresi\\\/#primaryimage\"},\"image\":{\"@id\":\"https:\\\/\\\/anadolupet.com.tr\\\/urun\\\/eheim-loop-pro-12000-havuz-filtresi\\\/#primaryimage\"},\"thumbnailUrl\":\"https:\\\/\\\/anadolupet.com.tr\\\/wp-content\\\/uploads\\\/2026\\\/02\\\/105-5214020.jpg\",\"datePublished\":\"2026-02-14T14:40:09+00:00\",\"dateModified\":\"2026-02-23T12:48:13+00:00\",\"breadcrumb\":{\"@id\":\"https:\\\/\\\/anadolupet.com.tr\\\/urun\\\/eheim-loop-pro-12000-havuz-filtresi\\\/#breadcrumb\"},\"inLanguage\":\"en-US\",\"potentialAction\":[{\"@type\":\"ReadAction\",\"target\":[\"https:\\\/\\\/anadolupet.com.tr\\\/urun\\\/eheim-loop-pro-12000-havuz-filtresi\\\/\"]}]},{\"@type\":\"ImageObject\",\"inLanguage\":\"en-US\",\"@id\":\"https:\\\/\\\/anadolupet.com.tr\\\/urun\\\/eheim-loop-pro-12000-havuz-filtresi\\\/#primaryimage\",\"url\":\"https:\\\/\\\/anadolupet.com.tr\\\/wp-content\\\/uploads\\\/2026\\\/02\\\/105-5214020.jpg\",\"contentUrl\":\"https:\\\/\\\/anadolupet.com.tr\\\/wp-content\\\/uploads\\\/2026\\\/02\\\/105-5214020.jpg\",\"width\":750,\"height\":750},{\"@type\":\"BreadcrumbList\",\"@id\":\"https:\\\/\\\/anadolupet.com.tr\\\/urun\\\/eheim-loop-pro-12000-havuz-filtresi\\\/#breadcrumb\",\"itemListElement\":[{\"@type\":\"ListItem\",\"position\":1,\"name\":\"Anasayfa\",\"item\":\"https:\\\/\\\/anadolupet.com.tr\\\/\"},{\"@type\":\"ListItem\",\"position\":2,\"name\":\"\u00dcr\u00fcnler\",\"item\":\"https:\\\/\\\/anadolupet.com.tr\\\/urunler\\\/\"},{\"@type\":\"ListItem\",\"position\":3,\"name\":\"EHEIM Loop Pro 12000 Havuz Filtresi\"}]},{\"@type\":\"WebSite\",\"@id\":\"https:\\\/\\\/anadolupet.com.tr\\\/#website\",\"url\":\"https:\\\/\\\/anadolupet.com.tr\\\/\",\"name\":\"Anadolu Pet Grup\",\"description\":\"Her Can\u0131n \u0130yi Ya\u015fam\u0131 \u0130\u00e7in Biraraday\u0131z\",\"publisher\":{\"@id\":\"https:\\\/\\\/anadolupet.com.tr\\\/#organization\"},\"potentialAction\":[{\"@type\":\"SearchAction\",\"target\":{\"@type\":\"EntryPoint\",\"urlTemplate\":\"https:\\\/\\\/anadolupet.com.tr\\\/?s={search_term_string}\"},\"query-input\":{\"@type\":\"PropertyValueSpecification\",\"valueRequired\":true,\"valueName\":\"search_term_string\"}}],\"inLanguage\":\"en-US\"},{\"@type\":\"Organization\",\"@id\":\"https:\\\/\\\/anadolupet.com.tr\\\/#organization\",\"name\":\"Anadolu Pet Grup\",\"alternateName\":\"Anadolu Pet\",\"url\":\"https:\\\/\\\/anadolupet.com.tr\\\/\",\"logo\":{\"@type\":\"ImageObject\",\"inLanguage\":\"en-US\",\"@id\":\"https:\\\/\\\/anadolupet.com.tr\\\/#\\\/schema\\\/logo\\\/image\\\/\",\"url\":\"https:\\\/\\\/anadolupet.com.tr\\\/wp-content\\\/uploads\\\/2026\\\/03\\\/1614666743370.jpg\",\"contentUrl\":\"https:\\\/\\\/anadolupet.com.tr\\\/wp-content\\\/uploads\\\/2026\\\/03\\\/1614666743370.jpg\",\"width\":800,\"height\":571,\"caption\":\"Anadolu Pet Grup\"},\"image\":{\"@id\":\"https:\\\/\\\/anadolupet.com.tr\\\/#\\\/schema\\\/logo\\\/image\\\/\"}}]}<\/script>\n<!-- \/ Yoast SEO plugin. -->","yoast_head_json":{"title":"EHEIM Loop Pro 12000 Havuz Filtresi - Anadolu Pet Grup","robots":{"index":"index","follow":"follow","max-snippet":"max-snippet:-1","max-image-preview":"max-image-preview:large","max-video-preview":"max-video-preview:-1"},"canonical":"https:\/\/anadolupet.com.tr\/en\/product\/eheim-loop-pro-12000-havuz-filtresi\/","og_locale":"en_US","og_type":"article","og_title":"EHEIM Loop Pro 12000 Havuz Filtresi - Anadolu Pet Grup","og_description":"Yeni EHEIM LOOPpro, havuzunuzda kristal berrakl\u0131\u011f\u0131nda, sa\u011fl\u0131kl\u0131 su i\u00e7in m\u00fckemmel ko\u015fullar yarat\u0131r. LOOPpro, havuzunuz i\u00e7in en uygun filtredir. \u00c7\u00fcnk\u00fc s\u0131n\u0131f\u0131ndaki filtrelere g\u00f6re belirgin avantajlar sunar: S\u0131n\u0131f\u0131ndaki tek \u00f6n filtreli filtredir (EHEIM harici akvaryum filtresi modeline dayanmaktad\u0131r). Burada, kaba kirler (yapraklar, bitki par\u00e7alar\u0131, tohumlar, yem art\u0131klar\u0131 vb.) su di\u011fer ayr\u0131 filtre odac\u0131klar\u0131ndan ge\u00e7meden \u00f6nce yakalan\u0131r. Ayr\u0131ca, Easy Clean ters y\u0131kama \u00f6zelli\u011fi kalan t\u00fcm kirleri giderir. Bu, biyolojik filtre malzemesinin etkinli\u011fini art\u0131r\u0131r ve hizmet \u00f6mr\u00fcn\u00fc uzat\u0131r. Ek olarak, yukar\u0131 ak\u0131\u015f UVC ar\u0131t\u0131c\u0131 mikroplar\u0131, yosun sporlar\u0131n\u0131 vb. \u00f6ld\u00fcr\u00fcr. Bu, havuzunuza kristal berrakl\u0131\u011f\u0131nda, sa\u011fl\u0131kl\u0131 su ak\u0131\u015f\u0131n\u0131 garanti eder.  LOOPpro filtreler son derece az bak\u0131m gerektirir ve t\u00fcm bile\u015fenler birbirleriyle uyumlu \u00e7al\u0131\u015facak \u015fekilde hassas bir \u015fekilde e\u015fle\u015ftirilmi\u015ftir. Enerji tasarruflu bir pompa (EHEIM PLAY veya FLOW), d\u00fc\u015f\u00fck g\u00fc\u00e7 t\u00fcketimi sa\u011flamak i\u00e7in filtrenin ilgili performans seviyesine uyarlanm\u0131\u015ft\u0131r. Su kirlili\u011finin derecesi bir ekranda g\u00f6sterilir, b\u00f6ylece biriken tortular zaman\u0131nda temizlenebilir ve gerekirse filtre malzemesi de\u011fi\u015ftirilebilir. T\u00fcm bunlar birka\u00e7 basit ad\u0131mda yap\u0131labilir. T\u00fcm LOOPpro havuz ak\u0131\u015f filtreleri, orijinal EHEIM filtre malzemeleri (\u00f6n filtre mat\u0131, filtre kartu\u015flar\u0131, BIOBALLS veya FILTERBIO) dahil olmak \u00fczere kuruluma haz\u0131r komple setler halinde gelir. 6000, 8000, 12000, 18000, 26000 ve 38000 litreye kadar orta ve b\u00fcy\u00fck bah\u00e7e havuzlar\u0131 i\u00e7in alt\u0131 LOOPpro modeli bulunmaktad\u0131r. LOOPpro havuz ak\u0131\u015f filtrelerinin \u00f6zellikleri: 1. 38000 litreye kadar havuzlar i\u00e7in filtre, pompa, UVC ar\u0131t\u0131c\u0131 ve aksesuarlar i\u00e7eren, kuruluma haz\u0131r komple set (bal\u0131k sto\u011fu hari\u00e7 - daha ayr\u0131nt\u0131l\u0131 bilgi i\u00e7in tabloya bak\u0131n). 2. Son derece d\u00fc\u015f\u00fck bak\u0131m gereksinimi \u2013 bile\u015fenler birbirleriyle tam olarak uyumludur. 3. Su eksikli\u011fi durumunda a\u015f\u0131r\u0131 \u0131s\u0131nma korumal\u0131, uyumlu, g\u00fc\u00e7l\u00fc, enerji tasarruflu pompa.   CLEARUVC (9-60 W) UVC ar\u0131t\u0131c\u0131 ile birlikte gelir.   4 a\u015famal\u0131 filtreleme \u00f6zelli\u011fine sahiptir (ayr\u0131 ayr\u0131 s\u0131zd\u0131rmaz odac\u0131klarda).   S\u0131n\u0131f\u0131nda benzersiz, dahili \u00f6n filtreye sahiptir.   Kolay Temizleme \u2013 Ters Y\u0131kama sistemi.   Doygunluk G\u00f6stergesi.   Kapakl\u0131 filtre kutusu ve orijinal EHEIM filtre malzemesi: \u00f6n filtre mat\u0131, filtre kartu\u015flar\u0131, BIOBALLS veya FILTERBIOBIOBALLS: LOOPpro 6000-12000 (60 adet), FILTERBIO: LOOPpro 18000-38000 (1,6 l)   5 m Spiral hortum (LOOPpro 6000-12000 3\/4\u201c, LOOPpro18000-38000 1\u201c). Pompa i\u00e7in 10 m, UVC ar\u0131t\u0131c\u0131 i\u00e7in 5 m kablo. Ba\u011flant\u0131 aksesuarlar\u0131","og_url":"https:\/\/anadolupet.com.tr\/en\/product\/eheim-loop-pro-12000-havuz-filtresi\/","og_site_name":"Anadolu Pet Grup","article_modified_time":"2026-02-23T12:48:13+00:00","og_image":[{"width":750,"height":750,"url":"https:\/\/anadolupet.com.tr\/wp-content\/uploads\/2026\/02\/105-5214020.jpg","type":"image\/jpeg"}],"twitter_card":"summary_large_image","schema":{"@context":"https:\/\/schema.org","@graph":[{"@type":"WebPage","@id":"https:\/\/anadolupet.com.tr\/urun\/eheim-loop-pro-12000-havuz-filtresi\/","url":"https:\/\/anadolupet.com.tr\/urun\/eheim-loop-pro-12000-havuz-filtresi\/","name":"EHEIM Loop Pro 12000 Havuz Filtresi - Anadolu Pet Grup","isPartOf":{"@id":"https:\/\/anadolupet.com.tr\/#website"},"primaryImageOfPage":{"@id":"https:\/\/anadolupet.com.tr\/urun\/eheim-loop-pro-12000-havuz-filtresi\/#primaryimage"},"image":{"@id":"https:\/\/anadolupet.com.tr\/urun\/eheim-loop-pro-12000-havuz-filtresi\/#primaryimage"},"thumbnailUrl":"https:\/\/anadolupet.com.tr\/wp-content\/uploads\/2026\/02\/105-5214020.jpg","datePublished":"2026-02-14T14:40:09+00:00","dateModified":"2026-02-23T12:48:13+00:00","breadcrumb":{"@id":"https:\/\/anadolupet.com.tr\/urun\/eheim-loop-pro-12000-havuz-filtresi\/#breadcrumb"},"inLanguage":"en-US","potentialAction":[{"@type":"ReadAction","target":["https:\/\/anadolupet.com.tr\/urun\/eheim-loop-pro-12000-havuz-filtresi\/"]}]},{"@type":"ImageObject","inLanguage":"en-US","@id":"https:\/\/anadolupet.com.tr\/urun\/eheim-loop-pro-12000-havuz-filtresi\/#primaryimage","url":"https:\/\/anadolupet.com.tr\/wp-content\/uploads\/2026\/02\/105-5214020.jpg","contentUrl":"https:\/\/anadolupet.com.tr\/wp-content\/uploads\/2026\/02\/105-5214020.jpg","width":750,"height":750},{"@type":"BreadcrumbList","@id":"https:\/\/anadolupet.com.tr\/urun\/eheim-loop-pro-12000-havuz-filtresi\/#breadcrumb","itemListElement":[{"@type":"ListItem","position":1,"name":"Anasayfa","item":"https:\/\/anadolupet.com.tr\/"},{"@type":"ListItem","position":2,"name":"\u00dcr\u00fcnler","item":"https:\/\/anadolupet.com.tr\/urunler\/"},{"@type":"ListItem","position":3,"name":"EHEIM Loop Pro 12000 Havuz Filtresi"}]},{"@type":"WebSite","@id":"https:\/\/anadolupet.com.tr\/#website","url":"https:\/\/anadolupet.com.tr\/","name":"Anadolu Pet Group","description":"We Stand Together for the Well-Being of Every Life","publisher":{"@id":"https:\/\/anadolupet.com.tr\/#organization"},"potentialAction":[{"@type":"SearchAction","target":{"@type":"EntryPoint","urlTemplate":"https:\/\/anadolupet.com.tr\/?s={search_term_string}"},"query-input":{"@type":"PropertyValueSpecification","valueRequired":true,"valueName":"search_term_string"}}],"inLanguage":"en-US"},{"@type":"Organization","@id":"https:\/\/anadolupet.com.tr\/#organization","name":"Anadolu Pet Group","alternateName":"Anadolu Pet","url":"https:\/\/anadolupet.com.tr\/","logo":{"@type":"ImageObject","inLanguage":"en-US","@id":"https:\/\/anadolupet.com.tr\/#\/schema\/logo\/image\/","url":"https:\/\/anadolupet.com.tr\/wp-content\/uploads\/2026\/03\/1614666743370.jpg","contentUrl":"https:\/\/anadolupet.com.tr\/wp-content\/uploads\/2026\/03\/1614666743370.jpg","width":800,"height":571,"caption":"Anadolu Pet Grup"},"image":{"@id":"https:\/\/anadolupet.com.tr\/#\/schema\/logo\/image\/"}}]}},"_links":{"self":[{"href":"https:\/\/anadolupet.com.tr\/en\/wp-json\/wp\/v2\/product\/44958","targetHints":{"allow":["GET"]}}],"collection":[{"href":"https:\/\/anadolupet.com.tr\/en\/wp-json\/wp\/v2\/product"}],"about":[{"href":"https:\/\/anadolupet.com.tr\/en\/wp-json\/wp\/v2\/types\/product"}],"replies":[{"embeddable":true,"href":"https:\/\/anadolupet.com.tr\/en\/wp-json\/wp\/v2\/comments?post=44958"}],"wp:featuredmedia":[{"embeddable":true,"href":"https:\/\/anadolupet.com.tr\/en\/wp-json\/wp\/v2\/media\/42483"}],"wp:attachment":[{"href":"https:\/\/anadolupet.com.tr\/en\/wp-json\/wp\/v2\/media?parent=44958"}],"wp:term":[{"taxonomy":"product_brand","embeddable":true,"href":"https:\/\/anadolupet.com.tr\/en\/wp-json\/wp\/v2\/product_brand?post=44958"},{"taxonomy":"product_cat","embeddable":true,"href":"https:\/\/anadolupet.com.tr\/en\/wp-json\/wp\/v2\/product_cat?post=44958"},{"taxonomy":"product_tag","embeddable":true,"href":"https:\/\/anadolupet.com.tr\/en\/wp-json\/wp\/v2\/product_tag?post=44958"}],"curies":[{"name":"wp","href":"https:\/\/api.w.org\/{rel}","templated":true}]}}