{"id":44964,"date":"2026-02-14T14:40:12","date_gmt":"2026-02-14T14:40:12","guid":{"rendered":"https:\/\/anadolupet.com.tr\/?post_type=product&#038;p=44964"},"modified":"2026-02-23T12:48:14","modified_gmt":"2026-02-23T12:48:14","slug":"eheim-otomatik-yemleme-makinasi-ikili","status":"publish","type":"product","link":"https:\/\/anadolupet.com.tr\/en\/urun\/eheim-otomatik-yemleme-makinasi-ikili\/","title":{"rendered":"EHEIM Otomatik Yemleme Makinas\u0131 \u0130kili"},"content":{"rendered":"","protected":false},"excerpt":{"rendered":"<p>Akvaryumunuzdaki canl\u0131lar\u0131 s\u00fcrekli ve d\u00fczenli yemleme konusunda s\u0131k\u0131nt\u0131 ya\u015f\u0131yorsan\u0131z, Twin Feeder Otomatik Yemleme Makinesi tam size g\u00f6re bir \u00fcr\u00fcn. Hatta siz tatile \u00e7\u0131kt\u0131\u011f\u0131n\u0131zda ayarlad\u0131\u011f\u0131n\u0131z zaman ve \u00f6l\u00e7\u00fcde yemleme yapabilmeniz i\u00e7in en b\u00fcy\u00fck yard\u0131mc\u0131n\u0131z olabilir. Dilerseniz Twin Feeder Otomatik Yemleme Makinesi \u00fczerindeki yer alan Snacks (At\u0131\u015ft\u0131rmal\u0131k) d\u00fc\u011fmesine basarak zamanlanm\u0131\u015f i\u015flemleri etkilemeden, zaman\u0131nda \u00f6nce de yemleme yapabilirsiniz. Twin Feeder Otomatik Yemleme Makinesi farkl\u0131 bal\u0131klar\u0131n ihtiyac\u0131na g\u00f6re yem \u00e7e\u015fitlili\u011fi sa\u011flayabilmeniz i\u00e7in 2 adet ayr\u0131 ayr\u0131 programlanabilir yem haznesine sahiptir. \u0130ster pul ister gran\u00fcl yem ekleyin, sorunsuz ve istedi\u011finiz zamanda akvaryumunuza yemleme yap\u0131ls\u0131n. Her t\u00fcrl\u00fc \u00f6l\u00e7\u00fcde akvaryuma uyum sa\u011flamas\u0131 i\u00e7in tasarlanm\u0131\u015f Twin Feeder Otomatik Yemleme Makinesi, su ge\u00e7irmez \u00f6zellikli olmas\u0131n\u0131n yan\u0131 s\u0131ra d\u00fc\u015f\u00fck pil uyar\u0131s\u0131 vererek sizi uyar\u0131r. \u00d6ne \u00c7\u0131kan \u00d6zellikler \u2022 Kolay programlama \u2022 Ek yemleme fonksiyonu \u2022 At\u0131\u015ft\u0131rmal\u0131k d\u00fc\u011fmesi Ba\u011f\u0131ms\u0131z programlanabilir yem hazneleri \u2022 Kolay bak\u0131m ve temizlik \u2022 Do\u011fal beslenme etkisi i\u00e7in rastgele yemleme \u2022 Geni\u015f LCD ekran D\u00fc\u015f\u00fck pil uyar\u0131s\u0131 \u2022 Tatl\u0131 ve tuzlu su uygunlu\u011fu Teknik \u00d6zellikler \u2022 Y\u00fckseklik 12.3cm Geni\u015flik 8.0cm Derinlik 16.3cm<\/p>","protected":false},"featured_media":42403,"comment_status":"open","ping_status":"closed","template":"","meta":{"_acf_changed":false},"product_brand":[],"product_cat":[2421],"product_tag":[],"class_list":{"0":"post-44964","1":"product","2":"type-product","3":"status-publish","4":"has-post-thumbnail","6":"product_cat-yem-makineleri","8":"first","9":"instock","10":"shipping-taxable","11":"product-type-simple"},"acf":[],"yoast_head":"<!-- This site is optimized with the Yoast SEO plugin v27.4 - https:\/\/yoast.com\/product\/yoast-seo-wordpress\/ -->\n<title>EHEIM Otomatik Yemleme Makinas\u0131 \u0130kili - Anadolu Pet Grup<\/title>\n<meta name=\"robots\" content=\"index, follow, max-snippet:-1, max-image-preview:large, max-video-preview:-1\" \/>\n<link rel=\"canonical\" href=\"https:\/\/anadolupet.com.tr\/en\/product\/eheim-otomatik-yemleme-makinasi-ikili\/\" \/>\n<meta property=\"og:locale\" content=\"en_US\" \/>\n<meta property=\"og:type\" content=\"article\" \/>\n<meta property=\"og:title\" content=\"EHEIM Otomatik Yemleme Makinas\u0131 \u0130kili - Anadolu Pet Grup\" \/>\n<meta property=\"og:description\" content=\"Akvaryumunuzdaki canl\u0131lar\u0131 s\u00fcrekli ve d\u00fczenli yemleme konusunda s\u0131k\u0131nt\u0131 ya\u015f\u0131yorsan\u0131z, Twin Feeder Otomatik Yemleme Makinesi tam size g\u00f6re bir \u00fcr\u00fcn. Hatta siz tatile \u00e7\u0131kt\u0131\u011f\u0131n\u0131zda ayarlad\u0131\u011f\u0131n\u0131z zaman ve \u00f6l\u00e7\u00fcde yemleme yapabilmeniz i\u00e7in en b\u00fcy\u00fck yard\u0131mc\u0131n\u0131z olabilir. Dilerseniz Twin Feeder Otomatik Yemleme Makinesi \u00fczerindeki yer alan Snacks (At\u0131\u015ft\u0131rmal\u0131k) d\u00fc\u011fmesine basarak zamanlanm\u0131\u015f i\u015flemleri etkilemeden, zaman\u0131nda \u00f6nce de yemleme yapabilirsiniz. Twin Feeder Otomatik Yemleme Makinesi farkl\u0131 bal\u0131klar\u0131n ihtiyac\u0131na g\u00f6re yem \u00e7e\u015fitlili\u011fi sa\u011flayabilmeniz i\u00e7in 2 adet ayr\u0131 ayr\u0131 programlanabilir yem haznesine sahiptir. \u0130ster pul ister gran\u00fcl yem ekleyin, sorunsuz ve istedi\u011finiz zamanda akvaryumunuza yemleme yap\u0131ls\u0131n. Her t\u00fcrl\u00fc \u00f6l\u00e7\u00fcde akvaryuma uyum sa\u011flamas\u0131 i\u00e7in tasarlanm\u0131\u015f Twin Feeder Otomatik Yemleme Makinesi, su ge\u00e7irmez \u00f6zellikli olmas\u0131n\u0131n yan\u0131 s\u0131ra d\u00fc\u015f\u00fck pil uyar\u0131s\u0131 vererek sizi uyar\u0131r. \u00d6ne \u00c7\u0131kan \u00d6zellikler \u2022 Kolay programlama \u2022 Ek yemleme fonksiyonu \u2022 At\u0131\u015ft\u0131rmal\u0131k d\u00fc\u011fmesi Ba\u011f\u0131ms\u0131z programlanabilir yem hazneleri \u2022 Kolay bak\u0131m ve temizlik \u2022 Do\u011fal beslenme etkisi i\u00e7in rastgele yemleme \u2022 Geni\u015f LCD ekran D\u00fc\u015f\u00fck pil uyar\u0131s\u0131 \u2022 Tatl\u0131 ve tuzlu su uygunlu\u011fu Teknik \u00d6zellikler \u2022 Y\u00fckseklik 12.3cm Geni\u015flik 8.0cm Derinlik 16.3cm\" \/>\n<meta property=\"og:url\" content=\"https:\/\/anadolupet.com.tr\/en\/product\/eheim-otomatik-yemleme-makinasi-ikili\/\" \/>\n<meta property=\"og:site_name\" content=\"Anadolu Pet Grup\" \/>\n<meta property=\"article:modified_time\" content=\"2026-02-23T12:48:14+00:00\" \/>\n<meta property=\"og:image\" content=\"https:\/\/anadolupet.com.tr\/wp-content\/uploads\/2026\/02\/105-3582000.jpg\" \/>\n\t<meta property=\"og:image:width\" content=\"750\" \/>\n\t<meta property=\"og:image:height\" content=\"750\" \/>\n\t<meta property=\"og:image:type\" content=\"image\/jpeg\" \/>\n<meta name=\"twitter:card\" content=\"summary_large_image\" \/>\n<script type=\"application\/ld+json\" class=\"yoast-schema-graph\">{\"@context\":\"https:\\\/\\\/schema.org\",\"@graph\":[{\"@type\":\"WebPage\",\"@id\":\"https:\\\/\\\/anadolupet.com.tr\\\/urun\\\/eheim-otomatik-yemleme-makinasi-ikili\\\/\",\"url\":\"https:\\\/\\\/anadolupet.com.tr\\\/urun\\\/eheim-otomatik-yemleme-makinasi-ikili\\\/\",\"name\":\"EHEIM Otomatik Yemleme Makinas\u0131 \u0130kili - Anadolu Pet Grup\",\"isPartOf\":{\"@id\":\"https:\\\/\\\/anadolupet.com.tr\\\/#website\"},\"primaryImageOfPage\":{\"@id\":\"https:\\\/\\\/anadolupet.com.tr\\\/urun\\\/eheim-otomatik-yemleme-makinasi-ikili\\\/#primaryimage\"},\"image\":{\"@id\":\"https:\\\/\\\/anadolupet.com.tr\\\/urun\\\/eheim-otomatik-yemleme-makinasi-ikili\\\/#primaryimage\"},\"thumbnailUrl\":\"https:\\\/\\\/anadolupet.com.tr\\\/wp-content\\\/uploads\\\/2026\\\/02\\\/105-3582000.jpg\",\"datePublished\":\"2026-02-14T14:40:12+00:00\",\"dateModified\":\"2026-02-23T12:48:14+00:00\",\"breadcrumb\":{\"@id\":\"https:\\\/\\\/anadolupet.com.tr\\\/urun\\\/eheim-otomatik-yemleme-makinasi-ikili\\\/#breadcrumb\"},\"inLanguage\":\"en-US\",\"potentialAction\":[{\"@type\":\"ReadAction\",\"target\":[\"https:\\\/\\\/anadolupet.com.tr\\\/urun\\\/eheim-otomatik-yemleme-makinasi-ikili\\\/\"]}]},{\"@type\":\"ImageObject\",\"inLanguage\":\"en-US\",\"@id\":\"https:\\\/\\\/anadolupet.com.tr\\\/urun\\\/eheim-otomatik-yemleme-makinasi-ikili\\\/#primaryimage\",\"url\":\"https:\\\/\\\/anadolupet.com.tr\\\/wp-content\\\/uploads\\\/2026\\\/02\\\/105-3582000.jpg\",\"contentUrl\":\"https:\\\/\\\/anadolupet.com.tr\\\/wp-content\\\/uploads\\\/2026\\\/02\\\/105-3582000.jpg\",\"width\":750,\"height\":750},{\"@type\":\"BreadcrumbList\",\"@id\":\"https:\\\/\\\/anadolupet.com.tr\\\/urun\\\/eheim-otomatik-yemleme-makinasi-ikili\\\/#breadcrumb\",\"itemListElement\":[{\"@type\":\"ListItem\",\"position\":1,\"name\":\"Anasayfa\",\"item\":\"https:\\\/\\\/anadolupet.com.tr\\\/\"},{\"@type\":\"ListItem\",\"position\":2,\"name\":\"\u00dcr\u00fcnler\",\"item\":\"https:\\\/\\\/anadolupet.com.tr\\\/urunler\\\/\"},{\"@type\":\"ListItem\",\"position\":3,\"name\":\"EHEIM Otomatik Yemleme Makinas\u0131 \u0130kili\"}]},{\"@type\":\"WebSite\",\"@id\":\"https:\\\/\\\/anadolupet.com.tr\\\/#website\",\"url\":\"https:\\\/\\\/anadolupet.com.tr\\\/\",\"name\":\"Anadolu Pet Grup\",\"description\":\"Her Can\u0131n \u0130yi Ya\u015fam\u0131 \u0130\u00e7in Biraraday\u0131z\",\"publisher\":{\"@id\":\"https:\\\/\\\/anadolupet.com.tr\\\/#organization\"},\"potentialAction\":[{\"@type\":\"SearchAction\",\"target\":{\"@type\":\"EntryPoint\",\"urlTemplate\":\"https:\\\/\\\/anadolupet.com.tr\\\/?s={search_term_string}\"},\"query-input\":{\"@type\":\"PropertyValueSpecification\",\"valueRequired\":true,\"valueName\":\"search_term_string\"}}],\"inLanguage\":\"en-US\"},{\"@type\":\"Organization\",\"@id\":\"https:\\\/\\\/anadolupet.com.tr\\\/#organization\",\"name\":\"Anadolu Pet Grup\",\"alternateName\":\"Anadolu Pet\",\"url\":\"https:\\\/\\\/anadolupet.com.tr\\\/\",\"logo\":{\"@type\":\"ImageObject\",\"inLanguage\":\"en-US\",\"@id\":\"https:\\\/\\\/anadolupet.com.tr\\\/#\\\/schema\\\/logo\\\/image\\\/\",\"url\":\"https:\\\/\\\/anadolupet.com.tr\\\/wp-content\\\/uploads\\\/2026\\\/03\\\/1614666743370.jpg\",\"contentUrl\":\"https:\\\/\\\/anadolupet.com.tr\\\/wp-content\\\/uploads\\\/2026\\\/03\\\/1614666743370.jpg\",\"width\":800,\"height\":571,\"caption\":\"Anadolu Pet Grup\"},\"image\":{\"@id\":\"https:\\\/\\\/anadolupet.com.tr\\\/#\\\/schema\\\/logo\\\/image\\\/\"}}]}<\/script>\n<!-- \/ Yoast SEO plugin. -->","yoast_head_json":{"title":"EHEIM Otomatik Yemleme Makinas\u0131 \u0130kili - Anadolu Pet Grup","robots":{"index":"index","follow":"follow","max-snippet":"max-snippet:-1","max-image-preview":"max-image-preview:large","max-video-preview":"max-video-preview:-1"},"canonical":"https:\/\/anadolupet.com.tr\/en\/product\/eheim-otomatik-yemleme-makinasi-ikili\/","og_locale":"en_US","og_type":"article","og_title":"EHEIM Otomatik Yemleme Makinas\u0131 \u0130kili - Anadolu Pet Grup","og_description":"Akvaryumunuzdaki canl\u0131lar\u0131 s\u00fcrekli ve d\u00fczenli yemleme konusunda s\u0131k\u0131nt\u0131 ya\u015f\u0131yorsan\u0131z, Twin Feeder Otomatik Yemleme Makinesi tam size g\u00f6re bir \u00fcr\u00fcn. Hatta siz tatile \u00e7\u0131kt\u0131\u011f\u0131n\u0131zda ayarlad\u0131\u011f\u0131n\u0131z zaman ve \u00f6l\u00e7\u00fcde yemleme yapabilmeniz i\u00e7in en b\u00fcy\u00fck yard\u0131mc\u0131n\u0131z olabilir. Dilerseniz Twin Feeder Otomatik Yemleme Makinesi \u00fczerindeki yer alan Snacks (At\u0131\u015ft\u0131rmal\u0131k) d\u00fc\u011fmesine basarak zamanlanm\u0131\u015f i\u015flemleri etkilemeden, zaman\u0131nda \u00f6nce de yemleme yapabilirsiniz. Twin Feeder Otomatik Yemleme Makinesi farkl\u0131 bal\u0131klar\u0131n ihtiyac\u0131na g\u00f6re yem \u00e7e\u015fitlili\u011fi sa\u011flayabilmeniz i\u00e7in 2 adet ayr\u0131 ayr\u0131 programlanabilir yem haznesine sahiptir. \u0130ster pul ister gran\u00fcl yem ekleyin, sorunsuz ve istedi\u011finiz zamanda akvaryumunuza yemleme yap\u0131ls\u0131n. Her t\u00fcrl\u00fc \u00f6l\u00e7\u00fcde akvaryuma uyum sa\u011flamas\u0131 i\u00e7in tasarlanm\u0131\u015f Twin Feeder Otomatik Yemleme Makinesi, su ge\u00e7irmez \u00f6zellikli olmas\u0131n\u0131n yan\u0131 s\u0131ra d\u00fc\u015f\u00fck pil uyar\u0131s\u0131 vererek sizi uyar\u0131r. \u00d6ne \u00c7\u0131kan \u00d6zellikler \u2022 Kolay programlama \u2022 Ek yemleme fonksiyonu \u2022 At\u0131\u015ft\u0131rmal\u0131k d\u00fc\u011fmesi Ba\u011f\u0131ms\u0131z programlanabilir yem hazneleri \u2022 Kolay bak\u0131m ve temizlik \u2022 Do\u011fal beslenme etkisi i\u00e7in rastgele yemleme \u2022 Geni\u015f LCD ekran D\u00fc\u015f\u00fck pil uyar\u0131s\u0131 \u2022 Tatl\u0131 ve tuzlu su uygunlu\u011fu Teknik \u00d6zellikler \u2022 Y\u00fckseklik 12.3cm Geni\u015flik 8.0cm Derinlik 16.3cm","og_url":"https:\/\/anadolupet.com.tr\/en\/product\/eheim-otomatik-yemleme-makinasi-ikili\/","og_site_name":"Anadolu Pet Grup","article_modified_time":"2026-02-23T12:48:14+00:00","og_image":[{"width":750,"height":750,"url":"https:\/\/anadolupet.com.tr\/wp-content\/uploads\/2026\/02\/105-3582000.jpg","type":"image\/jpeg"}],"twitter_card":"summary_large_image","schema":{"@context":"https:\/\/schema.org","@graph":[{"@type":"WebPage","@id":"https:\/\/anadolupet.com.tr\/urun\/eheim-otomatik-yemleme-makinasi-ikili\/","url":"https:\/\/anadolupet.com.tr\/urun\/eheim-otomatik-yemleme-makinasi-ikili\/","name":"EHEIM Otomatik Yemleme Makinas\u0131 \u0130kili - Anadolu Pet Grup","isPartOf":{"@id":"https:\/\/anadolupet.com.tr\/#website"},"primaryImageOfPage":{"@id":"https:\/\/anadolupet.com.tr\/urun\/eheim-otomatik-yemleme-makinasi-ikili\/#primaryimage"},"image":{"@id":"https:\/\/anadolupet.com.tr\/urun\/eheim-otomatik-yemleme-makinasi-ikili\/#primaryimage"},"thumbnailUrl":"https:\/\/anadolupet.com.tr\/wp-content\/uploads\/2026\/02\/105-3582000.jpg","datePublished":"2026-02-14T14:40:12+00:00","dateModified":"2026-02-23T12:48:14+00:00","breadcrumb":{"@id":"https:\/\/anadolupet.com.tr\/urun\/eheim-otomatik-yemleme-makinasi-ikili\/#breadcrumb"},"inLanguage":"en-US","potentialAction":[{"@type":"ReadAction","target":["https:\/\/anadolupet.com.tr\/urun\/eheim-otomatik-yemleme-makinasi-ikili\/"]}]},{"@type":"ImageObject","inLanguage":"en-US","@id":"https:\/\/anadolupet.com.tr\/urun\/eheim-otomatik-yemleme-makinasi-ikili\/#primaryimage","url":"https:\/\/anadolupet.com.tr\/wp-content\/uploads\/2026\/02\/105-3582000.jpg","contentUrl":"https:\/\/anadolupet.com.tr\/wp-content\/uploads\/2026\/02\/105-3582000.jpg","width":750,"height":750},{"@type":"BreadcrumbList","@id":"https:\/\/anadolupet.com.tr\/urun\/eheim-otomatik-yemleme-makinasi-ikili\/#breadcrumb","itemListElement":[{"@type":"ListItem","position":1,"name":"Anasayfa","item":"https:\/\/anadolupet.com.tr\/"},{"@type":"ListItem","position":2,"name":"\u00dcr\u00fcnler","item":"https:\/\/anadolupet.com.tr\/urunler\/"},{"@type":"ListItem","position":3,"name":"EHEIM Otomatik Yemleme Makinas\u0131 \u0130kili"}]},{"@type":"WebSite","@id":"https:\/\/anadolupet.com.tr\/#website","url":"https:\/\/anadolupet.com.tr\/","name":"Anadolu Pet Group","description":"We Stand Together for the Well-Being of Every Life","publisher":{"@id":"https:\/\/anadolupet.com.tr\/#organization"},"potentialAction":[{"@type":"SearchAction","target":{"@type":"EntryPoint","urlTemplate":"https:\/\/anadolupet.com.tr\/?s={search_term_string}"},"query-input":{"@type":"PropertyValueSpecification","valueRequired":true,"valueName":"search_term_string"}}],"inLanguage":"en-US"},{"@type":"Organization","@id":"https:\/\/anadolupet.com.tr\/#organization","name":"Anadolu Pet Group","alternateName":"Anadolu Pet","url":"https:\/\/anadolupet.com.tr\/","logo":{"@type":"ImageObject","inLanguage":"en-US","@id":"https:\/\/anadolupet.com.tr\/#\/schema\/logo\/image\/","url":"https:\/\/anadolupet.com.tr\/wp-content\/uploads\/2026\/03\/1614666743370.jpg","contentUrl":"https:\/\/anadolupet.com.tr\/wp-content\/uploads\/2026\/03\/1614666743370.jpg","width":800,"height":571,"caption":"Anadolu Pet Grup"},"image":{"@id":"https:\/\/anadolupet.com.tr\/#\/schema\/logo\/image\/"}}]}},"_links":{"self":[{"href":"https:\/\/anadolupet.com.tr\/en\/wp-json\/wp\/v2\/product\/44964","targetHints":{"allow":["GET"]}}],"collection":[{"href":"https:\/\/anadolupet.com.tr\/en\/wp-json\/wp\/v2\/product"}],"about":[{"href":"https:\/\/anadolupet.com.tr\/en\/wp-json\/wp\/v2\/types\/product"}],"replies":[{"embeddable":true,"href":"https:\/\/anadolupet.com.tr\/en\/wp-json\/wp\/v2\/comments?post=44964"}],"wp:featuredmedia":[{"embeddable":true,"href":"https:\/\/anadolupet.com.tr\/en\/wp-json\/wp\/v2\/media\/42403"}],"wp:attachment":[{"href":"https:\/\/anadolupet.com.tr\/en\/wp-json\/wp\/v2\/media?parent=44964"}],"wp:term":[{"taxonomy":"product_brand","embeddable":true,"href":"https:\/\/anadolupet.com.tr\/en\/wp-json\/wp\/v2\/product_brand?post=44964"},{"taxonomy":"product_cat","embeddable":true,"href":"https:\/\/anadolupet.com.tr\/en\/wp-json\/wp\/v2\/product_cat?post=44964"},{"taxonomy":"product_tag","embeddable":true,"href":"https:\/\/anadolupet.com.tr\/en\/wp-json\/wp\/v2\/product_tag?post=44964"}],"curies":[{"name":"wp","href":"https:\/\/api.w.org\/{rel}","templated":true}]}}