{"id":44966,"date":"2026-02-14T14:40:12","date_gmt":"2026-02-14T14:40:12","guid":{"rendered":"https:\/\/anadolupet.com.tr\/?post_type=product&#038;p=44966"},"modified":"2026-02-23T12:48:14","modified_gmt":"2026-02-23T12:48:14","slug":"eheim-otomatik-yemleme-makinesi-platformu","status":"publish","type":"product","link":"https:\/\/anadolupet.com.tr\/en\/urun\/eheim-otomatik-yemleme-makinesi-platformu\/","title":{"rendered":"EHEIM Otomatik Yemleme Makinesi Platformu"},"content":{"rendered":"","protected":false},"excerpt":{"rendered":"<p>EHEIM feedingSTATION, bal\u0131klar\u0131n\u0131z\u0131n yemini su alt\u0131nda, sabit bir noktada sunan yenilik\u00e7i bir besleme \u00e7\u00f6z\u00fcm\u00fcd\u00fcr. Normalde yem su y\u00fczeyinde da\u011f\u0131l\u0131r ve bir k\u0131sm\u0131 dekorlar\u0131n aras\u0131na veya filtreye girerek \u00e7\u00fcr\u00fcy\u00fcp suyu kirletir. FeedingSTATION sayesinde yem, \u00f6zel yem haznesinden kontroll\u00fc \u015fekilde su alt\u0131nda verilir. Bal\u0131klar \u00f6nceden besleme noktas\u0131nda bekler, yem da\u011f\u0131lmaz ve tamamen t\u00fcketilir. Bu sayede su daha uzun s\u00fcre temiz kal\u0131r.<\/p>\n<p>Avantajlar<br \/>\nYem her zaman ayn\u0131 noktadan, su alt\u0131nda verilir<\/p>\n<p>Yem israf\u0131 minimuma iner \u2013 her \u015fey t\u00fcketilir<\/p>\n<p>Dekor ve filtre i\u00e7inde \u00e7\u00fcr\u00fcyen yem kal\u0131nt\u0131s\u0131 olu\u015fmaz<\/p>\n<p>Nitrate ve fosfat kirlili\u011fi azal\u0131r<\/p>\n<p>Bakteriyel \u00e7\u00fcr\u00fcme olmad\u0131\u011f\u0131 i\u00e7in oksijen t\u00fcketimi olmaz<\/p>\n<p>Yem maliyetleri d\u00fc\u015fer<\/p>\n<p>Bal\u0131klar ayn\u0131 noktada topland\u0131\u011f\u0131 i\u00e7in sa\u011fl\u0131k kontrol\u00fc ve g\u00f6zlem kolayla\u015f\u0131r<\/p>\n<p>Ek \u00d6zellikler<br \/>\nYem haznesi + \u00e7\u0131kar\u0131labilir platform<\/p>\n<p>Platform, EHEIM autofeeder (35810000), turtlefeeder (35810010) ve TWINfeeder (3582000) i\u00e7in \u00f6zel olarak tasarlanm\u0131\u015ft\u0131r<\/p>\n<p>Evrensel ba\u011flant\u0131 sistemi \u2013 \u00e7er\u00e7eve, cam destek, bar vb. i\u00e7in kelep\u00e7eler dahil<\/p>\n<p>Manuel besleme i\u00e7in de kullan\u0131labilir<\/p>\n<p>Yem haznesi, donmu\u015f yem k\u00fcplerini \u00e7\u00f6zmek i\u00e7in defrost istasyonu olarak da kullan\u0131labilir<\/p>\n<p>Tatl\u0131 ve tuzlu su akvaryumlar\u0131 i\u00e7in uygundur<\/p>","protected":false},"featured_media":42449,"comment_status":"open","ping_status":"closed","template":"","meta":{"_acf_changed":false},"product_brand":[],"product_cat":[2420],"product_tag":[],"class_list":{"0":"post-44966","1":"product","2":"type-product","3":"status-publish","4":"has-post-thumbnail","6":"product_cat-yardimci-ekipmanlar","8":"first","9":"instock","10":"shipping-taxable","11":"product-type-simple"},"acf":[],"yoast_head":"<!-- This site is optimized with the Yoast SEO plugin v27.5 - https:\/\/yoast.com\/product\/yoast-seo-wordpress\/ -->\n<title>EHEIM Otomatik Yemleme Makinesi Platformu - Anadolu Pet Grup<\/title>\n<meta name=\"robots\" content=\"index, follow, max-snippet:-1, max-image-preview:large, max-video-preview:-1\" \/>\n<link rel=\"canonical\" href=\"https:\/\/anadolupet.com.tr\/en\/product\/eheim-otomatik-yemleme-makinesi-platformu\/\" \/>\n<meta property=\"og:locale\" content=\"en_US\" \/>\n<meta property=\"og:type\" content=\"article\" \/>\n<meta property=\"og:title\" content=\"EHEIM Otomatik Yemleme Makinesi Platformu - Anadolu Pet Grup\" \/>\n<meta property=\"og:description\" content=\"EHEIM feedingSTATION, bal\u0131klar\u0131n\u0131z\u0131n yemini su alt\u0131nda, sabit bir noktada sunan yenilik\u00e7i bir besleme \u00e7\u00f6z\u00fcm\u00fcd\u00fcr. Normalde yem su y\u00fczeyinde da\u011f\u0131l\u0131r ve bir k\u0131sm\u0131 dekorlar\u0131n aras\u0131na veya filtreye girerek \u00e7\u00fcr\u00fcy\u00fcp suyu kirletir. FeedingSTATION sayesinde yem, \u00f6zel yem haznesinden kontroll\u00fc \u015fekilde su alt\u0131nda verilir. Bal\u0131klar \u00f6nceden besleme noktas\u0131nda bekler, yem da\u011f\u0131lmaz ve tamamen t\u00fcketilir. Bu sayede su daha uzun s\u00fcre temiz kal\u0131r. Avantajlar Yem her zaman ayn\u0131 noktadan, su alt\u0131nda verilir Yem israf\u0131 minimuma iner \u2013 her \u015fey t\u00fcketilir Dekor ve filtre i\u00e7inde \u00e7\u00fcr\u00fcyen yem kal\u0131nt\u0131s\u0131 olu\u015fmaz Nitrate ve fosfat kirlili\u011fi azal\u0131r Bakteriyel \u00e7\u00fcr\u00fcme olmad\u0131\u011f\u0131 i\u00e7in oksijen t\u00fcketimi olmaz Yem maliyetleri d\u00fc\u015fer Bal\u0131klar ayn\u0131 noktada topland\u0131\u011f\u0131 i\u00e7in sa\u011fl\u0131k kontrol\u00fc ve g\u00f6zlem kolayla\u015f\u0131r Ek \u00d6zellikler Yem haznesi + \u00e7\u0131kar\u0131labilir platform Platform, EHEIM autofeeder (35810000), turtlefeeder (35810010) ve TWINfeeder (3582000) i\u00e7in \u00f6zel olarak tasarlanm\u0131\u015ft\u0131r Evrensel ba\u011flant\u0131 sistemi \u2013 \u00e7er\u00e7eve, cam destek, bar vb. i\u00e7in kelep\u00e7eler dahil Manuel besleme i\u00e7in de kullan\u0131labilir Yem haznesi, donmu\u015f yem k\u00fcplerini \u00e7\u00f6zmek i\u00e7in defrost istasyonu olarak da kullan\u0131labilir Tatl\u0131 ve tuzlu su akvaryumlar\u0131 i\u00e7in uygundur\" \/>\n<meta property=\"og:url\" content=\"https:\/\/anadolupet.com.tr\/en\/product\/eheim-otomatik-yemleme-makinesi-platformu\/\" \/>\n<meta property=\"og:site_name\" content=\"Anadolu Pet Grup\" \/>\n<meta property=\"article:modified_time\" content=\"2026-02-23T12:48:14+00:00\" \/>\n<meta property=\"og:image\" content=\"https:\/\/anadolupet.com.tr\/wp-content\/uploads\/2026\/02\/105-4001020.jpg\" \/>\n\t<meta property=\"og:image:width\" content=\"750\" \/>\n\t<meta property=\"og:image:height\" content=\"750\" \/>\n\t<meta property=\"og:image:type\" content=\"image\/jpeg\" \/>\n<meta name=\"twitter:card\" content=\"summary_large_image\" \/>\n<script type=\"application\/ld+json\" class=\"yoast-schema-graph\">{\"@context\":\"https:\\\/\\\/schema.org\",\"@graph\":[{\"@type\":\"WebPage\",\"@id\":\"https:\\\/\\\/anadolupet.com.tr\\\/urun\\\/eheim-otomatik-yemleme-makinesi-platformu\\\/\",\"url\":\"https:\\\/\\\/anadolupet.com.tr\\\/urun\\\/eheim-otomatik-yemleme-makinesi-platformu\\\/\",\"name\":\"EHEIM Otomatik Yemleme Makinesi Platformu - Anadolu Pet Grup\",\"isPartOf\":{\"@id\":\"https:\\\/\\\/anadolupet.com.tr\\\/#website\"},\"primaryImageOfPage\":{\"@id\":\"https:\\\/\\\/anadolupet.com.tr\\\/urun\\\/eheim-otomatik-yemleme-makinesi-platformu\\\/#primaryimage\"},\"image\":{\"@id\":\"https:\\\/\\\/anadolupet.com.tr\\\/urun\\\/eheim-otomatik-yemleme-makinesi-platformu\\\/#primaryimage\"},\"thumbnailUrl\":\"https:\\\/\\\/anadolupet.com.tr\\\/wp-content\\\/uploads\\\/2026\\\/02\\\/105-4001020.jpg\",\"datePublished\":\"2026-02-14T14:40:12+00:00\",\"dateModified\":\"2026-02-23T12:48:14+00:00\",\"breadcrumb\":{\"@id\":\"https:\\\/\\\/anadolupet.com.tr\\\/urun\\\/eheim-otomatik-yemleme-makinesi-platformu\\\/#breadcrumb\"},\"inLanguage\":\"en-US\",\"potentialAction\":[{\"@type\":\"ReadAction\",\"target\":[\"https:\\\/\\\/anadolupet.com.tr\\\/urun\\\/eheim-otomatik-yemleme-makinesi-platformu\\\/\"]}]},{\"@type\":\"ImageObject\",\"inLanguage\":\"en-US\",\"@id\":\"https:\\\/\\\/anadolupet.com.tr\\\/urun\\\/eheim-otomatik-yemleme-makinesi-platformu\\\/#primaryimage\",\"url\":\"https:\\\/\\\/anadolupet.com.tr\\\/wp-content\\\/uploads\\\/2026\\\/02\\\/105-4001020.jpg\",\"contentUrl\":\"https:\\\/\\\/anadolupet.com.tr\\\/wp-content\\\/uploads\\\/2026\\\/02\\\/105-4001020.jpg\",\"width\":750,\"height\":750},{\"@type\":\"BreadcrumbList\",\"@id\":\"https:\\\/\\\/anadolupet.com.tr\\\/urun\\\/eheim-otomatik-yemleme-makinesi-platformu\\\/#breadcrumb\",\"itemListElement\":[{\"@type\":\"ListItem\",\"position\":1,\"name\":\"Anasayfa\",\"item\":\"https:\\\/\\\/anadolupet.com.tr\\\/\"},{\"@type\":\"ListItem\",\"position\":2,\"name\":\"\u00dcr\u00fcnler\",\"item\":\"https:\\\/\\\/anadolupet.com.tr\\\/urunler\\\/\"},{\"@type\":\"ListItem\",\"position\":3,\"name\":\"EHEIM Otomatik Yemleme Makinesi Platformu\"}]},{\"@type\":\"WebSite\",\"@id\":\"https:\\\/\\\/anadolupet.com.tr\\\/#website\",\"url\":\"https:\\\/\\\/anadolupet.com.tr\\\/\",\"name\":\"Anadolu Pet Grup\",\"description\":\"Her Can\u0131n \u0130yi Ya\u015fam\u0131 \u0130\u00e7in Biraraday\u0131z\",\"publisher\":{\"@id\":\"https:\\\/\\\/anadolupet.com.tr\\\/#organization\"},\"potentialAction\":[{\"@type\":\"SearchAction\",\"target\":{\"@type\":\"EntryPoint\",\"urlTemplate\":\"https:\\\/\\\/anadolupet.com.tr\\\/?s={search_term_string}\"},\"query-input\":{\"@type\":\"PropertyValueSpecification\",\"valueRequired\":true,\"valueName\":\"search_term_string\"}}],\"inLanguage\":\"en-US\"},{\"@type\":\"Organization\",\"@id\":\"https:\\\/\\\/anadolupet.com.tr\\\/#organization\",\"name\":\"Anadolu Pet Grup\",\"alternateName\":\"Anadolu Pet\",\"url\":\"https:\\\/\\\/anadolupet.com.tr\\\/\",\"logo\":{\"@type\":\"ImageObject\",\"inLanguage\":\"en-US\",\"@id\":\"https:\\\/\\\/anadolupet.com.tr\\\/#\\\/schema\\\/logo\\\/image\\\/\",\"url\":\"https:\\\/\\\/anadolupet.com.tr\\\/wp-content\\\/uploads\\\/2026\\\/03\\\/1614666743370.jpg\",\"contentUrl\":\"https:\\\/\\\/anadolupet.com.tr\\\/wp-content\\\/uploads\\\/2026\\\/03\\\/1614666743370.jpg\",\"width\":800,\"height\":571,\"caption\":\"Anadolu Pet Grup\"},\"image\":{\"@id\":\"https:\\\/\\\/anadolupet.com.tr\\\/#\\\/schema\\\/logo\\\/image\\\/\"}}]}<\/script>\n<!-- \/ Yoast SEO plugin. -->","yoast_head_json":{"title":"EHEIM Otomatik Yemleme Makinesi Platformu - Anadolu Pet Grup","robots":{"index":"index","follow":"follow","max-snippet":"max-snippet:-1","max-image-preview":"max-image-preview:large","max-video-preview":"max-video-preview:-1"},"canonical":"https:\/\/anadolupet.com.tr\/en\/product\/eheim-otomatik-yemleme-makinesi-platformu\/","og_locale":"en_US","og_type":"article","og_title":"EHEIM Otomatik Yemleme Makinesi Platformu - Anadolu Pet Grup","og_description":"EHEIM feedingSTATION, bal\u0131klar\u0131n\u0131z\u0131n yemini su alt\u0131nda, sabit bir noktada sunan yenilik\u00e7i bir besleme \u00e7\u00f6z\u00fcm\u00fcd\u00fcr. Normalde yem su y\u00fczeyinde da\u011f\u0131l\u0131r ve bir k\u0131sm\u0131 dekorlar\u0131n aras\u0131na veya filtreye girerek \u00e7\u00fcr\u00fcy\u00fcp suyu kirletir. FeedingSTATION sayesinde yem, \u00f6zel yem haznesinden kontroll\u00fc \u015fekilde su alt\u0131nda verilir. Bal\u0131klar \u00f6nceden besleme noktas\u0131nda bekler, yem da\u011f\u0131lmaz ve tamamen t\u00fcketilir. Bu sayede su daha uzun s\u00fcre temiz kal\u0131r. Avantajlar Yem her zaman ayn\u0131 noktadan, su alt\u0131nda verilir Yem israf\u0131 minimuma iner \u2013 her \u015fey t\u00fcketilir Dekor ve filtre i\u00e7inde \u00e7\u00fcr\u00fcyen yem kal\u0131nt\u0131s\u0131 olu\u015fmaz Nitrate ve fosfat kirlili\u011fi azal\u0131r Bakteriyel \u00e7\u00fcr\u00fcme olmad\u0131\u011f\u0131 i\u00e7in oksijen t\u00fcketimi olmaz Yem maliyetleri d\u00fc\u015fer Bal\u0131klar ayn\u0131 noktada topland\u0131\u011f\u0131 i\u00e7in sa\u011fl\u0131k kontrol\u00fc ve g\u00f6zlem kolayla\u015f\u0131r Ek \u00d6zellikler Yem haznesi + \u00e7\u0131kar\u0131labilir platform Platform, EHEIM autofeeder (35810000), turtlefeeder (35810010) ve TWINfeeder (3582000) i\u00e7in \u00f6zel olarak tasarlanm\u0131\u015ft\u0131r Evrensel ba\u011flant\u0131 sistemi \u2013 \u00e7er\u00e7eve, cam destek, bar vb. i\u00e7in kelep\u00e7eler dahil Manuel besleme i\u00e7in de kullan\u0131labilir Yem haznesi, donmu\u015f yem k\u00fcplerini \u00e7\u00f6zmek i\u00e7in defrost istasyonu olarak da kullan\u0131labilir Tatl\u0131 ve tuzlu su akvaryumlar\u0131 i\u00e7in uygundur","og_url":"https:\/\/anadolupet.com.tr\/en\/product\/eheim-otomatik-yemleme-makinesi-platformu\/","og_site_name":"Anadolu Pet Grup","article_modified_time":"2026-02-23T12:48:14+00:00","og_image":[{"width":750,"height":750,"url":"https:\/\/anadolupet.com.tr\/wp-content\/uploads\/2026\/02\/105-4001020.jpg","type":"image\/jpeg"}],"twitter_card":"summary_large_image","schema":{"@context":"https:\/\/schema.org","@graph":[{"@type":"WebPage","@id":"https:\/\/anadolupet.com.tr\/urun\/eheim-otomatik-yemleme-makinesi-platformu\/","url":"https:\/\/anadolupet.com.tr\/urun\/eheim-otomatik-yemleme-makinesi-platformu\/","name":"EHEIM Otomatik Yemleme Makinesi Platformu - Anadolu Pet Grup","isPartOf":{"@id":"https:\/\/anadolupet.com.tr\/#website"},"primaryImageOfPage":{"@id":"https:\/\/anadolupet.com.tr\/urun\/eheim-otomatik-yemleme-makinesi-platformu\/#primaryimage"},"image":{"@id":"https:\/\/anadolupet.com.tr\/urun\/eheim-otomatik-yemleme-makinesi-platformu\/#primaryimage"},"thumbnailUrl":"https:\/\/anadolupet.com.tr\/wp-content\/uploads\/2026\/02\/105-4001020.jpg","datePublished":"2026-02-14T14:40:12+00:00","dateModified":"2026-02-23T12:48:14+00:00","breadcrumb":{"@id":"https:\/\/anadolupet.com.tr\/urun\/eheim-otomatik-yemleme-makinesi-platformu\/#breadcrumb"},"inLanguage":"en-US","potentialAction":[{"@type":"ReadAction","target":["https:\/\/anadolupet.com.tr\/urun\/eheim-otomatik-yemleme-makinesi-platformu\/"]}]},{"@type":"ImageObject","inLanguage":"en-US","@id":"https:\/\/anadolupet.com.tr\/urun\/eheim-otomatik-yemleme-makinesi-platformu\/#primaryimage","url":"https:\/\/anadolupet.com.tr\/wp-content\/uploads\/2026\/02\/105-4001020.jpg","contentUrl":"https:\/\/anadolupet.com.tr\/wp-content\/uploads\/2026\/02\/105-4001020.jpg","width":750,"height":750},{"@type":"BreadcrumbList","@id":"https:\/\/anadolupet.com.tr\/urun\/eheim-otomatik-yemleme-makinesi-platformu\/#breadcrumb","itemListElement":[{"@type":"ListItem","position":1,"name":"Anasayfa","item":"https:\/\/anadolupet.com.tr\/"},{"@type":"ListItem","position":2,"name":"\u00dcr\u00fcnler","item":"https:\/\/anadolupet.com.tr\/urunler\/"},{"@type":"ListItem","position":3,"name":"EHEIM Otomatik Yemleme Makinesi Platformu"}]},{"@type":"WebSite","@id":"https:\/\/anadolupet.com.tr\/#website","url":"https:\/\/anadolupet.com.tr\/","name":"Anadolu Pet Group","description":"We Stand Together for the Well-Being of Every Life","publisher":{"@id":"https:\/\/anadolupet.com.tr\/#organization"},"potentialAction":[{"@type":"SearchAction","target":{"@type":"EntryPoint","urlTemplate":"https:\/\/anadolupet.com.tr\/?s={search_term_string}"},"query-input":{"@type":"PropertyValueSpecification","valueRequired":true,"valueName":"search_term_string"}}],"inLanguage":"en-US"},{"@type":"Organization","@id":"https:\/\/anadolupet.com.tr\/#organization","name":"Anadolu Pet Group","alternateName":"Anadolu Pet","url":"https:\/\/anadolupet.com.tr\/","logo":{"@type":"ImageObject","inLanguage":"en-US","@id":"https:\/\/anadolupet.com.tr\/#\/schema\/logo\/image\/","url":"https:\/\/anadolupet.com.tr\/wp-content\/uploads\/2026\/03\/1614666743370.jpg","contentUrl":"https:\/\/anadolupet.com.tr\/wp-content\/uploads\/2026\/03\/1614666743370.jpg","width":800,"height":571,"caption":"Anadolu Pet Grup"},"image":{"@id":"https:\/\/anadolupet.com.tr\/#\/schema\/logo\/image\/"}}]}},"_links":{"self":[{"href":"https:\/\/anadolupet.com.tr\/en\/wp-json\/wp\/v2\/product\/44966","targetHints":{"allow":["GET"]}}],"collection":[{"href":"https:\/\/anadolupet.com.tr\/en\/wp-json\/wp\/v2\/product"}],"about":[{"href":"https:\/\/anadolupet.com.tr\/en\/wp-json\/wp\/v2\/types\/product"}],"replies":[{"embeddable":true,"href":"https:\/\/anadolupet.com.tr\/en\/wp-json\/wp\/v2\/comments?post=44966"}],"wp:featuredmedia":[{"embeddable":true,"href":"https:\/\/anadolupet.com.tr\/en\/wp-json\/wp\/v2\/media\/42449"}],"wp:attachment":[{"href":"https:\/\/anadolupet.com.tr\/en\/wp-json\/wp\/v2\/media?parent=44966"}],"wp:term":[{"taxonomy":"product_brand","embeddable":true,"href":"https:\/\/anadolupet.com.tr\/en\/wp-json\/wp\/v2\/product_brand?post=44966"},{"taxonomy":"product_cat","embeddable":true,"href":"https:\/\/anadolupet.com.tr\/en\/wp-json\/wp\/v2\/product_cat?post=44966"},{"taxonomy":"product_tag","embeddable":true,"href":"https:\/\/anadolupet.com.tr\/en\/wp-json\/wp\/v2\/product_tag?post=44966"}],"curies":[{"name":"wp","href":"https:\/\/api.w.org\/{rel}","templated":true}]}}