{"id":44971,"date":"2026-02-14T14:40:13","date_gmt":"2026-02-14T14:40:13","guid":{"rendered":"https:\/\/anadolupet.com.tr\/?post_type=product&#038;p=44971"},"modified":"2026-02-23T12:48:14","modified_gmt":"2026-02-23T12:48:14","slug":"eheim-phcontrole-konrolor-guc-adaptoru","status":"publish","type":"product","link":"https:\/\/anadolupet.com.tr\/en\/urun\/eheim-phcontrole-konrolor-guc-adaptoru\/","title":{"rendered":"EHEIM pHcontrol+e Konrol\u00f6r G\u00fc\u00e7 Adapt\u00f6r\u00fc"},"content":{"rendered":"","protected":false},"excerpt":{"rendered":"<p>EHEIM pHcontrol+e, akvaryumunuzdaki pH de\u011ferini kablosuz olarak izleyen ve otomatik olarak ayarlayan ak\u0131ll\u0131 kontrol cihaz\u0131d\u0131r. Bir pH sens\u00f6r\u00fc suyun mevcut pH de\u011ferini \u00f6l\u00e7er ve cihaz, CO\u2082 sistemine ba\u011fl\u0131 manyetik valfi kontrol ederek gerekli miktarda CO\u2082 ekler. B\u00f6ylece hedeflenen pH de\u011ferine ula\u015f\u0131l\u0131r ve akvaryum canl\u0131lar\u0131 i\u00e7in ideal ortam sa\u011flan\u0131r.<\/p>\n<p>Cihaz, EHEIM CO\u2082 setleri ile uyumlu \u00e7al\u0131\u015f\u0131r (CO\u2082 t\u00fcp\u00fc, bas\u0131n\u00e7 d\u00fc\u015f\u00fcr\u00fcc\u00fc, manyetik valf ve dif\u00fcz\u00f6r ba\u011flant\u0131s\u0131 gerekir). Ayr\u0131ca EHEIM LEDcontrol+e ile senkronize edilerek g\u00fcnd\u00fcz\/gece kontrol\u00fc yap\u0131labilir.<\/p>\n<p>Bitkiler i\u00e7in CO\u2082 en \u00f6nemli besinlerden biridir. Bitkiler sa\u011fl\u0131kl\u0131 b\u00fcy\u00fcd\u00fck\u00e7e daha fazla oksijen \u00fcretir ve bal\u0131klar\u0131n solunumu i\u00e7in gerekli ortam olu\u015fur. Bu nedenle pHcontrol+e, dolayl\u0131 olarak hem oksijen seviyesini art\u0131r\u0131r hem de bal\u0131klar i\u00e7in optimal pH de\u011ferini (6\u20138 aras\u0131) sa\u011flar.<\/p>\n<p>Avantajlar ve \u00d6zellikler<br \/>\nAk\u0131ll\u0131 pH kontrol cihaz\u0131 \u2013 CO\u2082 eklemesini otomatik d\u00fczenler<\/p>\n<p>WiFi ba\u011flant\u0131s\u0131 \u2013 ak\u0131ll\u0131 telefon, tablet veya PC\/MAC \u00fczerinden kontrol<\/p>\n<p>EHEIM DIGITAL ailesi ile uyumlu (LEDcontrol+e ba\u011flant\u0131s\u0131)<\/p>\n<p>pH sens\u00f6r\u00fc ile \u00f6l\u00e7\u00fcm (\u00f6l\u00e7\u00fcm aral\u0131\u011f\u0131: pH 0\u201314)<\/p>\n<p>Kontrol aral\u0131\u011f\u0131: pH 6\u20139<\/p>\n<p>CO\u2082 sistemi ile ba\u011flant\u0131 \u2013 bas\u0131n\u00e7 d\u00fc\u015f\u00fcr\u00fcc\u00fc, t\u00fcp, manyetik valf ve dif\u00fcz\u00f6r gerekir<\/p>\n<p>Elektronik CO\u2082 kontrol\u00fc \u2013 manyetik valf \u00fczerinden hassas d\u00fczenleme<\/p>\n<p>G\u00fcnd\u00fcz\/gece modu \u2013 LEDcontrol+e ile senkronize veya ba\u011f\u0131ms\u0131z \u00e7al\u0131\u015fabilir<\/p>\n<p>KH (karbonat sertli\u011fi) sorgulamas\u0131 \u2013 Smart modda ba\u015flang\u0131\u00e7ta KH de\u011ferini ister<\/p>\n<p>Kalibrasyon hat\u0131rlat\u0131c\u0131lar\u0131 \u2013 sens\u00f6r i\u00e7in y\u00f6nlendirmeli kalibrasyon<\/p>\n<p>Uyar\u0131 sistemi \u2013 pH de\u011ferinde sapma oldu\u011funda bildirim g\u00f6nderir<\/p>\n<p>Sens\u00f6r de\u011fi\u015fim hat\u0131rlatmas\u0131 \u2013 pH sens\u00f6r\u00fcn\u00fcn yenilenmesi gerekti\u011finde uyar\u0131<\/p>\n<p>Yeni nesil \u00e7ip teknolojisi<\/p>","protected":false},"featured_media":42501,"comment_status":"open","ping_status":"closed","template":"","meta":{"_acf_changed":false},"product_brand":[],"product_cat":[2386],"product_tag":[],"class_list":{"0":"post-44971","1":"product","2":"type-product","3":"status-publish","4":"has-post-thumbnail","6":"product_cat-eheim-dijital-merkez","8":"first","9":"instock","10":"shipping-taxable","11":"product-type-simple"},"acf":[],"yoast_head":"<!-- This site is optimized with the Yoast SEO plugin v27.4 - https:\/\/yoast.com\/product\/yoast-seo-wordpress\/ -->\n<title>EHEIM pHcontrol+e Konrol\u00f6r G\u00fc\u00e7 Adapt\u00f6r\u00fc - Anadolu Pet Grup<\/title>\n<meta name=\"robots\" content=\"index, follow, max-snippet:-1, max-image-preview:large, max-video-preview:-1\" \/>\n<link rel=\"canonical\" href=\"https:\/\/anadolupet.com.tr\/en\/product\/eheim-phcontrole-konrolor-guc-adaptoru\/\" \/>\n<meta property=\"og:locale\" content=\"en_US\" \/>\n<meta property=\"og:type\" content=\"article\" \/>\n<meta property=\"og:title\" content=\"EHEIM pHcontrol+e Konrol\u00f6r G\u00fc\u00e7 Adapt\u00f6r\u00fc - Anadolu Pet Grup\" \/>\n<meta property=\"og:description\" content=\"EHEIM pHcontrol+e, akvaryumunuzdaki pH de\u011ferini kablosuz olarak izleyen ve otomatik olarak ayarlayan ak\u0131ll\u0131 kontrol cihaz\u0131d\u0131r. Bir pH sens\u00f6r\u00fc suyun mevcut pH de\u011ferini \u00f6l\u00e7er ve cihaz, CO\u2082 sistemine ba\u011fl\u0131 manyetik valfi kontrol ederek gerekli miktarda CO\u2082 ekler. B\u00f6ylece hedeflenen pH de\u011ferine ula\u015f\u0131l\u0131r ve akvaryum canl\u0131lar\u0131 i\u00e7in ideal ortam sa\u011flan\u0131r. Cihaz, EHEIM CO\u2082 setleri ile uyumlu \u00e7al\u0131\u015f\u0131r (CO\u2082 t\u00fcp\u00fc, bas\u0131n\u00e7 d\u00fc\u015f\u00fcr\u00fcc\u00fc, manyetik valf ve dif\u00fcz\u00f6r ba\u011flant\u0131s\u0131 gerekir). Ayr\u0131ca EHEIM LEDcontrol+e ile senkronize edilerek g\u00fcnd\u00fcz\/gece kontrol\u00fc yap\u0131labilir. Bitkiler i\u00e7in CO\u2082 en \u00f6nemli besinlerden biridir. Bitkiler sa\u011fl\u0131kl\u0131 b\u00fcy\u00fcd\u00fck\u00e7e daha fazla oksijen \u00fcretir ve bal\u0131klar\u0131n solunumu i\u00e7in gerekli ortam olu\u015fur. Bu nedenle pHcontrol+e, dolayl\u0131 olarak hem oksijen seviyesini art\u0131r\u0131r hem de bal\u0131klar i\u00e7in optimal pH de\u011ferini (6\u20138 aras\u0131) sa\u011flar. Avantajlar ve \u00d6zellikler Ak\u0131ll\u0131 pH kontrol cihaz\u0131 \u2013 CO\u2082 eklemesini otomatik d\u00fczenler WiFi ba\u011flant\u0131s\u0131 \u2013 ak\u0131ll\u0131 telefon, tablet veya PC\/MAC \u00fczerinden kontrol EHEIM DIGITAL ailesi ile uyumlu (LEDcontrol+e ba\u011flant\u0131s\u0131) pH sens\u00f6r\u00fc ile \u00f6l\u00e7\u00fcm (\u00f6l\u00e7\u00fcm aral\u0131\u011f\u0131: pH 0\u201314) Kontrol aral\u0131\u011f\u0131: pH 6\u20139 CO\u2082 sistemi ile ba\u011flant\u0131 \u2013 bas\u0131n\u00e7 d\u00fc\u015f\u00fcr\u00fcc\u00fc, t\u00fcp, manyetik valf ve dif\u00fcz\u00f6r gerekir Elektronik CO\u2082 kontrol\u00fc \u2013 manyetik valf \u00fczerinden hassas d\u00fczenleme G\u00fcnd\u00fcz\/gece modu \u2013 LEDcontrol+e ile senkronize veya ba\u011f\u0131ms\u0131z \u00e7al\u0131\u015fabilir KH (karbonat sertli\u011fi) sorgulamas\u0131 \u2013 Smart modda ba\u015flang\u0131\u00e7ta KH de\u011ferini ister Kalibrasyon hat\u0131rlat\u0131c\u0131lar\u0131 \u2013 sens\u00f6r i\u00e7in y\u00f6nlendirmeli kalibrasyon Uyar\u0131 sistemi \u2013 pH de\u011ferinde sapma oldu\u011funda bildirim g\u00f6nderir Sens\u00f6r de\u011fi\u015fim hat\u0131rlatmas\u0131 \u2013 pH sens\u00f6r\u00fcn\u00fcn yenilenmesi gerekti\u011finde uyar\u0131 Yeni nesil \u00e7ip teknolojisi\" \/>\n<meta property=\"og:url\" content=\"https:\/\/anadolupet.com.tr\/en\/product\/eheim-phcontrole-konrolor-guc-adaptoru\/\" \/>\n<meta property=\"og:site_name\" content=\"Anadolu Pet Grup\" \/>\n<meta property=\"article:modified_time\" content=\"2026-02-23T12:48:14+00:00\" \/>\n<meta property=\"og:image\" content=\"https:\/\/anadolupet.com.tr\/wp-content\/uploads\/2026\/02\/105-6062225.jpg\" \/>\n\t<meta property=\"og:image:width\" content=\"750\" \/>\n\t<meta property=\"og:image:height\" content=\"750\" \/>\n\t<meta property=\"og:image:type\" content=\"image\/jpeg\" \/>\n<meta name=\"twitter:card\" content=\"summary_large_image\" \/>\n<script type=\"application\/ld+json\" class=\"yoast-schema-graph\">{\"@context\":\"https:\\\/\\\/schema.org\",\"@graph\":[{\"@type\":\"WebPage\",\"@id\":\"https:\\\/\\\/anadolupet.com.tr\\\/urun\\\/eheim-phcontrole-konrolor-guc-adaptoru\\\/\",\"url\":\"https:\\\/\\\/anadolupet.com.tr\\\/urun\\\/eheim-phcontrole-konrolor-guc-adaptoru\\\/\",\"name\":\"EHEIM pHcontrol+e Konrol\u00f6r G\u00fc\u00e7 Adapt\u00f6r\u00fc - Anadolu Pet Grup\",\"isPartOf\":{\"@id\":\"https:\\\/\\\/anadolupet.com.tr\\\/#website\"},\"primaryImageOfPage\":{\"@id\":\"https:\\\/\\\/anadolupet.com.tr\\\/urun\\\/eheim-phcontrole-konrolor-guc-adaptoru\\\/#primaryimage\"},\"image\":{\"@id\":\"https:\\\/\\\/anadolupet.com.tr\\\/urun\\\/eheim-phcontrole-konrolor-guc-adaptoru\\\/#primaryimage\"},\"thumbnailUrl\":\"https:\\\/\\\/anadolupet.com.tr\\\/wp-content\\\/uploads\\\/2026\\\/02\\\/105-6062225.jpg\",\"datePublished\":\"2026-02-14T14:40:13+00:00\",\"dateModified\":\"2026-02-23T12:48:14+00:00\",\"breadcrumb\":{\"@id\":\"https:\\\/\\\/anadolupet.com.tr\\\/urun\\\/eheim-phcontrole-konrolor-guc-adaptoru\\\/#breadcrumb\"},\"inLanguage\":\"en-US\",\"potentialAction\":[{\"@type\":\"ReadAction\",\"target\":[\"https:\\\/\\\/anadolupet.com.tr\\\/urun\\\/eheim-phcontrole-konrolor-guc-adaptoru\\\/\"]}]},{\"@type\":\"ImageObject\",\"inLanguage\":\"en-US\",\"@id\":\"https:\\\/\\\/anadolupet.com.tr\\\/urun\\\/eheim-phcontrole-konrolor-guc-adaptoru\\\/#primaryimage\",\"url\":\"https:\\\/\\\/anadolupet.com.tr\\\/wp-content\\\/uploads\\\/2026\\\/02\\\/105-6062225.jpg\",\"contentUrl\":\"https:\\\/\\\/anadolupet.com.tr\\\/wp-content\\\/uploads\\\/2026\\\/02\\\/105-6062225.jpg\",\"width\":750,\"height\":750},{\"@type\":\"BreadcrumbList\",\"@id\":\"https:\\\/\\\/anadolupet.com.tr\\\/urun\\\/eheim-phcontrole-konrolor-guc-adaptoru\\\/#breadcrumb\",\"itemListElement\":[{\"@type\":\"ListItem\",\"position\":1,\"name\":\"Anasayfa\",\"item\":\"https:\\\/\\\/anadolupet.com.tr\\\/\"},{\"@type\":\"ListItem\",\"position\":2,\"name\":\"\u00dcr\u00fcnler\",\"item\":\"https:\\\/\\\/anadolupet.com.tr\\\/urunler\\\/\"},{\"@type\":\"ListItem\",\"position\":3,\"name\":\"EHEIM pHcontrol+e Konrol\u00f6r G\u00fc\u00e7 Adapt\u00f6r\u00fc\"}]},{\"@type\":\"WebSite\",\"@id\":\"https:\\\/\\\/anadolupet.com.tr\\\/#website\",\"url\":\"https:\\\/\\\/anadolupet.com.tr\\\/\",\"name\":\"Anadolu Pet Grup\",\"description\":\"Her Can\u0131n \u0130yi Ya\u015fam\u0131 \u0130\u00e7in Biraraday\u0131z\",\"publisher\":{\"@id\":\"https:\\\/\\\/anadolupet.com.tr\\\/#organization\"},\"potentialAction\":[{\"@type\":\"SearchAction\",\"target\":{\"@type\":\"EntryPoint\",\"urlTemplate\":\"https:\\\/\\\/anadolupet.com.tr\\\/?s={search_term_string}\"},\"query-input\":{\"@type\":\"PropertyValueSpecification\",\"valueRequired\":true,\"valueName\":\"search_term_string\"}}],\"inLanguage\":\"en-US\"},{\"@type\":\"Organization\",\"@id\":\"https:\\\/\\\/anadolupet.com.tr\\\/#organization\",\"name\":\"Anadolu Pet Grup\",\"alternateName\":\"Anadolu Pet\",\"url\":\"https:\\\/\\\/anadolupet.com.tr\\\/\",\"logo\":{\"@type\":\"ImageObject\",\"inLanguage\":\"en-US\",\"@id\":\"https:\\\/\\\/anadolupet.com.tr\\\/#\\\/schema\\\/logo\\\/image\\\/\",\"url\":\"https:\\\/\\\/anadolupet.com.tr\\\/wp-content\\\/uploads\\\/2026\\\/03\\\/1614666743370.jpg\",\"contentUrl\":\"https:\\\/\\\/anadolupet.com.tr\\\/wp-content\\\/uploads\\\/2026\\\/03\\\/1614666743370.jpg\",\"width\":800,\"height\":571,\"caption\":\"Anadolu Pet Grup\"},\"image\":{\"@id\":\"https:\\\/\\\/anadolupet.com.tr\\\/#\\\/schema\\\/logo\\\/image\\\/\"}}]}<\/script>\n<!-- \/ Yoast SEO plugin. -->","yoast_head_json":{"title":"EHEIM pHcontrol+e Konrol\u00f6r G\u00fc\u00e7 Adapt\u00f6r\u00fc - Anadolu Pet Grup","robots":{"index":"index","follow":"follow","max-snippet":"max-snippet:-1","max-image-preview":"max-image-preview:large","max-video-preview":"max-video-preview:-1"},"canonical":"https:\/\/anadolupet.com.tr\/en\/product\/eheim-phcontrole-konrolor-guc-adaptoru\/","og_locale":"en_US","og_type":"article","og_title":"EHEIM pHcontrol+e Konrol\u00f6r G\u00fc\u00e7 Adapt\u00f6r\u00fc - Anadolu Pet Grup","og_description":"EHEIM pHcontrol+e, akvaryumunuzdaki pH de\u011ferini kablosuz olarak izleyen ve otomatik olarak ayarlayan ak\u0131ll\u0131 kontrol cihaz\u0131d\u0131r. Bir pH sens\u00f6r\u00fc suyun mevcut pH de\u011ferini \u00f6l\u00e7er ve cihaz, CO\u2082 sistemine ba\u011fl\u0131 manyetik valfi kontrol ederek gerekli miktarda CO\u2082 ekler. B\u00f6ylece hedeflenen pH de\u011ferine ula\u015f\u0131l\u0131r ve akvaryum canl\u0131lar\u0131 i\u00e7in ideal ortam sa\u011flan\u0131r. Cihaz, EHEIM CO\u2082 setleri ile uyumlu \u00e7al\u0131\u015f\u0131r (CO\u2082 t\u00fcp\u00fc, bas\u0131n\u00e7 d\u00fc\u015f\u00fcr\u00fcc\u00fc, manyetik valf ve dif\u00fcz\u00f6r ba\u011flant\u0131s\u0131 gerekir). Ayr\u0131ca EHEIM LEDcontrol+e ile senkronize edilerek g\u00fcnd\u00fcz\/gece kontrol\u00fc yap\u0131labilir. Bitkiler i\u00e7in CO\u2082 en \u00f6nemli besinlerden biridir. Bitkiler sa\u011fl\u0131kl\u0131 b\u00fcy\u00fcd\u00fck\u00e7e daha fazla oksijen \u00fcretir ve bal\u0131klar\u0131n solunumu i\u00e7in gerekli ortam olu\u015fur. Bu nedenle pHcontrol+e, dolayl\u0131 olarak hem oksijen seviyesini art\u0131r\u0131r hem de bal\u0131klar i\u00e7in optimal pH de\u011ferini (6\u20138 aras\u0131) sa\u011flar. Avantajlar ve \u00d6zellikler Ak\u0131ll\u0131 pH kontrol cihaz\u0131 \u2013 CO\u2082 eklemesini otomatik d\u00fczenler WiFi ba\u011flant\u0131s\u0131 \u2013 ak\u0131ll\u0131 telefon, tablet veya PC\/MAC \u00fczerinden kontrol EHEIM DIGITAL ailesi ile uyumlu (LEDcontrol+e ba\u011flant\u0131s\u0131) pH sens\u00f6r\u00fc ile \u00f6l\u00e7\u00fcm (\u00f6l\u00e7\u00fcm aral\u0131\u011f\u0131: pH 0\u201314) Kontrol aral\u0131\u011f\u0131: pH 6\u20139 CO\u2082 sistemi ile ba\u011flant\u0131 \u2013 bas\u0131n\u00e7 d\u00fc\u015f\u00fcr\u00fcc\u00fc, t\u00fcp, manyetik valf ve dif\u00fcz\u00f6r gerekir Elektronik CO\u2082 kontrol\u00fc \u2013 manyetik valf \u00fczerinden hassas d\u00fczenleme G\u00fcnd\u00fcz\/gece modu \u2013 LEDcontrol+e ile senkronize veya ba\u011f\u0131ms\u0131z \u00e7al\u0131\u015fabilir KH (karbonat sertli\u011fi) sorgulamas\u0131 \u2013 Smart modda ba\u015flang\u0131\u00e7ta KH de\u011ferini ister Kalibrasyon hat\u0131rlat\u0131c\u0131lar\u0131 \u2013 sens\u00f6r i\u00e7in y\u00f6nlendirmeli kalibrasyon Uyar\u0131 sistemi \u2013 pH de\u011ferinde sapma oldu\u011funda bildirim g\u00f6nderir Sens\u00f6r de\u011fi\u015fim hat\u0131rlatmas\u0131 \u2013 pH sens\u00f6r\u00fcn\u00fcn yenilenmesi gerekti\u011finde uyar\u0131 Yeni nesil \u00e7ip teknolojisi","og_url":"https:\/\/anadolupet.com.tr\/en\/product\/eheim-phcontrole-konrolor-guc-adaptoru\/","og_site_name":"Anadolu Pet Grup","article_modified_time":"2026-02-23T12:48:14+00:00","og_image":[{"width":750,"height":750,"url":"https:\/\/anadolupet.com.tr\/wp-content\/uploads\/2026\/02\/105-6062225.jpg","type":"image\/jpeg"}],"twitter_card":"summary_large_image","schema":{"@context":"https:\/\/schema.org","@graph":[{"@type":"WebPage","@id":"https:\/\/anadolupet.com.tr\/urun\/eheim-phcontrole-konrolor-guc-adaptoru\/","url":"https:\/\/anadolupet.com.tr\/urun\/eheim-phcontrole-konrolor-guc-adaptoru\/","name":"EHEIM pHcontrol+e Konrol\u00f6r G\u00fc\u00e7 Adapt\u00f6r\u00fc - Anadolu Pet Grup","isPartOf":{"@id":"https:\/\/anadolupet.com.tr\/#website"},"primaryImageOfPage":{"@id":"https:\/\/anadolupet.com.tr\/urun\/eheim-phcontrole-konrolor-guc-adaptoru\/#primaryimage"},"image":{"@id":"https:\/\/anadolupet.com.tr\/urun\/eheim-phcontrole-konrolor-guc-adaptoru\/#primaryimage"},"thumbnailUrl":"https:\/\/anadolupet.com.tr\/wp-content\/uploads\/2026\/02\/105-6062225.jpg","datePublished":"2026-02-14T14:40:13+00:00","dateModified":"2026-02-23T12:48:14+00:00","breadcrumb":{"@id":"https:\/\/anadolupet.com.tr\/urun\/eheim-phcontrole-konrolor-guc-adaptoru\/#breadcrumb"},"inLanguage":"en-US","potentialAction":[{"@type":"ReadAction","target":["https:\/\/anadolupet.com.tr\/urun\/eheim-phcontrole-konrolor-guc-adaptoru\/"]}]},{"@type":"ImageObject","inLanguage":"en-US","@id":"https:\/\/anadolupet.com.tr\/urun\/eheim-phcontrole-konrolor-guc-adaptoru\/#primaryimage","url":"https:\/\/anadolupet.com.tr\/wp-content\/uploads\/2026\/02\/105-6062225.jpg","contentUrl":"https:\/\/anadolupet.com.tr\/wp-content\/uploads\/2026\/02\/105-6062225.jpg","width":750,"height":750},{"@type":"BreadcrumbList","@id":"https:\/\/anadolupet.com.tr\/urun\/eheim-phcontrole-konrolor-guc-adaptoru\/#breadcrumb","itemListElement":[{"@type":"ListItem","position":1,"name":"Anasayfa","item":"https:\/\/anadolupet.com.tr\/"},{"@type":"ListItem","position":2,"name":"\u00dcr\u00fcnler","item":"https:\/\/anadolupet.com.tr\/urunler\/"},{"@type":"ListItem","position":3,"name":"EHEIM pHcontrol+e Konrol\u00f6r G\u00fc\u00e7 Adapt\u00f6r\u00fc"}]},{"@type":"WebSite","@id":"https:\/\/anadolupet.com.tr\/#website","url":"https:\/\/anadolupet.com.tr\/","name":"Anadolu Pet Group","description":"We Stand Together for the Well-Being of Every Life","publisher":{"@id":"https:\/\/anadolupet.com.tr\/#organization"},"potentialAction":[{"@type":"SearchAction","target":{"@type":"EntryPoint","urlTemplate":"https:\/\/anadolupet.com.tr\/?s={search_term_string}"},"query-input":{"@type":"PropertyValueSpecification","valueRequired":true,"valueName":"search_term_string"}}],"inLanguage":"en-US"},{"@type":"Organization","@id":"https:\/\/anadolupet.com.tr\/#organization","name":"Anadolu Pet Group","alternateName":"Anadolu Pet","url":"https:\/\/anadolupet.com.tr\/","logo":{"@type":"ImageObject","inLanguage":"en-US","@id":"https:\/\/anadolupet.com.tr\/#\/schema\/logo\/image\/","url":"https:\/\/anadolupet.com.tr\/wp-content\/uploads\/2026\/03\/1614666743370.jpg","contentUrl":"https:\/\/anadolupet.com.tr\/wp-content\/uploads\/2026\/03\/1614666743370.jpg","width":800,"height":571,"caption":"Anadolu Pet Grup"},"image":{"@id":"https:\/\/anadolupet.com.tr\/#\/schema\/logo\/image\/"}}]}},"_links":{"self":[{"href":"https:\/\/anadolupet.com.tr\/en\/wp-json\/wp\/v2\/product\/44971","targetHints":{"allow":["GET"]}}],"collection":[{"href":"https:\/\/anadolupet.com.tr\/en\/wp-json\/wp\/v2\/product"}],"about":[{"href":"https:\/\/anadolupet.com.tr\/en\/wp-json\/wp\/v2\/types\/product"}],"replies":[{"embeddable":true,"href":"https:\/\/anadolupet.com.tr\/en\/wp-json\/wp\/v2\/comments?post=44971"}],"wp:featuredmedia":[{"embeddable":true,"href":"https:\/\/anadolupet.com.tr\/en\/wp-json\/wp\/v2\/media\/42501"}],"wp:attachment":[{"href":"https:\/\/anadolupet.com.tr\/en\/wp-json\/wp\/v2\/media?parent=44971"}],"wp:term":[{"taxonomy":"product_brand","embeddable":true,"href":"https:\/\/anadolupet.com.tr\/en\/wp-json\/wp\/v2\/product_brand?post=44971"},{"taxonomy":"product_cat","embeddable":true,"href":"https:\/\/anadolupet.com.tr\/en\/wp-json\/wp\/v2\/product_cat?post=44971"},{"taxonomy":"product_tag","embeddable":true,"href":"https:\/\/anadolupet.com.tr\/en\/wp-json\/wp\/v2\/product_tag?post=44971"}],"curies":[{"name":"wp","href":"https:\/\/api.w.org\/{rel}","templated":true}]}}