{"id":44974,"date":"2026-02-14T14:40:13","date_gmt":"2026-02-14T14:40:13","guid":{"rendered":"https:\/\/anadolupet.com.tr\/?post_type=product&#038;p=44974"},"modified":"2026-02-23T12:48:14","modified_gmt":"2026-02-23T12:48:14","slug":"eheim-pick-up-200-ic-filtre","status":"publish","type":"product","link":"https:\/\/anadolupet.com.tr\/en\/urun\/eheim-pick-up-200-ic-filtre\/","title":{"rendered":"EHEIM Pick Up 200 \u0130\u00e7 Filtre"},"content":{"rendered":"","protected":false},"excerpt":{"rendered":"<p>EHEIM pickup, k\u00fc\u00e7\u00fck ve orta boy akvaryumlar i\u00e7in \u00f6zel olarak tasarlanm\u0131\u015f pratik bir i\u00e7 filtredir. Vantuzlarla kolayca akvaryuma sabitlenir. Bu filtrenin en \u00f6nemli \u00f6zelli\u011fi, filtre haznesi ve kartu\u015funun \u00fcstten \u00e7\u0131kar\u0131labilmesi, pompa \u00fcnitesinin ise akvaryumda kalmaya devam etmesidir. B\u00f6ylece temizlik veya kartu\u015f de\u011fi\u015fimi son derece kolay ve zahmetsiz hale gelir.<\/p>\n<p>Pompa, suyu alttan emer ve filtre kartu\u015fundan ge\u00e7irerek yukar\u0131ya ta\u015f\u0131r. Temizlenen su, d\u00f6nebilir \u00e7\u0131k\u0131\u015f noz\u00fcl\u00fc sayesinde akvaryuma geri verilir ve \u00e7\u0131k\u0131\u015f y\u00f6n\u00fc istenildi\u011fi gibi ayarlanabilir.<\/p>\n<p>Avantajlar ve \u00d6zellikler<br \/>\n160 litreye kadar akvaryumlar i\u00e7in kompakt i\u00e7 filtre<\/p>\n<p>Alttan su giri\u015fi \u2013 etkili filtrasyon<\/p>\n<p>D\u00f6nebilir \u00e7\u0131k\u0131\u015f noz\u00fcl\u00fc \u2013 su \u00e7\u0131k\u0131\u015f y\u00f6n\u00fc ayarlanabilir<\/p>\n<p>Filtre haznesi ve kartu\u015fu \u00fcstten kolayca \u00e7\u0131kar\u0131labilir<\/p>\n<p>Filtre kartu\u015fu ile birlikte tam donan\u0131ml\u0131, kullan\u0131ma haz\u0131r<\/p>\n<p>\u0130ste\u011fe ba\u011fl\u0131 olarak aktif karbon kartu\u015flar\u0131 da kullan\u0131labilir (\u00f6rne\u011fin akvaryum kurulumu s\u0131ras\u0131nda veya ila\u00e7 tedavisi sonras\u0131nda)<\/p>\n<p>EHEIM pickup, kolay temizlenebilir yap\u0131s\u0131, pratik kullan\u0131m avantaj\u0131 ve g\u00fc\u00e7l\u00fc filtrasyon performans\u0131 ile akvaryumunuz i\u00e7in g\u00fcvenilir bir \u00e7\u00f6z\u00fcm sunar.<\/p>","protected":false},"featured_media":42288,"comment_status":"open","ping_status":"closed","template":"","meta":{"_acf_changed":false},"product_brand":[],"product_cat":[2392],"product_tag":[],"class_list":{"0":"post-44974","1":"product","2":"type-product","3":"status-publish","4":"has-post-thumbnail","6":"product_cat-ic-filtreler","8":"first","9":"instock","10":"shipping-taxable","11":"product-type-simple"},"acf":[],"yoast_head":"<!-- This site is optimized with the Yoast SEO plugin v27.5 - https:\/\/yoast.com\/product\/yoast-seo-wordpress\/ -->\n<title>EHEIM Pick Up 200 \u0130\u00e7 Filtre - Anadolu Pet Grup<\/title>\n<meta name=\"robots\" content=\"index, follow, max-snippet:-1, max-image-preview:large, max-video-preview:-1\" \/>\n<link rel=\"canonical\" href=\"https:\/\/anadolupet.com.tr\/en\/product\/eheim-pick-up-200-ic-filtre\/\" \/>\n<meta property=\"og:locale\" content=\"en_US\" \/>\n<meta property=\"og:type\" content=\"article\" \/>\n<meta property=\"og:title\" content=\"EHEIM Pick Up 200 \u0130\u00e7 Filtre - Anadolu Pet Grup\" \/>\n<meta property=\"og:description\" content=\"EHEIM pickup, k\u00fc\u00e7\u00fck ve orta boy akvaryumlar i\u00e7in \u00f6zel olarak tasarlanm\u0131\u015f pratik bir i\u00e7 filtredir. Vantuzlarla kolayca akvaryuma sabitlenir. Bu filtrenin en \u00f6nemli \u00f6zelli\u011fi, filtre haznesi ve kartu\u015funun \u00fcstten \u00e7\u0131kar\u0131labilmesi, pompa \u00fcnitesinin ise akvaryumda kalmaya devam etmesidir. B\u00f6ylece temizlik veya kartu\u015f de\u011fi\u015fimi son derece kolay ve zahmetsiz hale gelir. Pompa, suyu alttan emer ve filtre kartu\u015fundan ge\u00e7irerek yukar\u0131ya ta\u015f\u0131r. Temizlenen su, d\u00f6nebilir \u00e7\u0131k\u0131\u015f noz\u00fcl\u00fc sayesinde akvaryuma geri verilir ve \u00e7\u0131k\u0131\u015f y\u00f6n\u00fc istenildi\u011fi gibi ayarlanabilir. Avantajlar ve \u00d6zellikler 160 litreye kadar akvaryumlar i\u00e7in kompakt i\u00e7 filtre Alttan su giri\u015fi \u2013 etkili filtrasyon D\u00f6nebilir \u00e7\u0131k\u0131\u015f noz\u00fcl\u00fc \u2013 su \u00e7\u0131k\u0131\u015f y\u00f6n\u00fc ayarlanabilir Filtre haznesi ve kartu\u015fu \u00fcstten kolayca \u00e7\u0131kar\u0131labilir Filtre kartu\u015fu ile birlikte tam donan\u0131ml\u0131, kullan\u0131ma haz\u0131r \u0130ste\u011fe ba\u011fl\u0131 olarak aktif karbon kartu\u015flar\u0131 da kullan\u0131labilir (\u00f6rne\u011fin akvaryum kurulumu s\u0131ras\u0131nda veya ila\u00e7 tedavisi sonras\u0131nda) EHEIM pickup, kolay temizlenebilir yap\u0131s\u0131, pratik kullan\u0131m avantaj\u0131 ve g\u00fc\u00e7l\u00fc filtrasyon performans\u0131 ile akvaryumunuz i\u00e7in g\u00fcvenilir bir \u00e7\u00f6z\u00fcm sunar.\" \/>\n<meta property=\"og:url\" content=\"https:\/\/anadolupet.com.tr\/en\/product\/eheim-pick-up-200-ic-filtre\/\" \/>\n<meta property=\"og:site_name\" content=\"Anadolu Pet Grup\" \/>\n<meta property=\"article:modified_time\" content=\"2026-02-23T12:48:14+00:00\" \/>\n<meta property=\"og:image\" content=\"https:\/\/anadolupet.com.tr\/wp-content\/uploads\/2026\/02\/105-2012020.jpg\" \/>\n\t<meta property=\"og:image:width\" content=\"750\" \/>\n\t<meta property=\"og:image:height\" content=\"750\" \/>\n\t<meta property=\"og:image:type\" content=\"image\/jpeg\" \/>\n<meta name=\"twitter:card\" content=\"summary_large_image\" \/>\n<script type=\"application\/ld+json\" class=\"yoast-schema-graph\">{\"@context\":\"https:\\\/\\\/schema.org\",\"@graph\":[{\"@type\":\"WebPage\",\"@id\":\"https:\\\/\\\/anadolupet.com.tr\\\/urun\\\/eheim-pick-up-200-ic-filtre\\\/\",\"url\":\"https:\\\/\\\/anadolupet.com.tr\\\/urun\\\/eheim-pick-up-200-ic-filtre\\\/\",\"name\":\"EHEIM Pick Up 200 \u0130\u00e7 Filtre - Anadolu Pet Grup\",\"isPartOf\":{\"@id\":\"https:\\\/\\\/anadolupet.com.tr\\\/#website\"},\"primaryImageOfPage\":{\"@id\":\"https:\\\/\\\/anadolupet.com.tr\\\/urun\\\/eheim-pick-up-200-ic-filtre\\\/#primaryimage\"},\"image\":{\"@id\":\"https:\\\/\\\/anadolupet.com.tr\\\/urun\\\/eheim-pick-up-200-ic-filtre\\\/#primaryimage\"},\"thumbnailUrl\":\"https:\\\/\\\/anadolupet.com.tr\\\/wp-content\\\/uploads\\\/2026\\\/02\\\/105-2012020.jpg\",\"datePublished\":\"2026-02-14T14:40:13+00:00\",\"dateModified\":\"2026-02-23T12:48:14+00:00\",\"breadcrumb\":{\"@id\":\"https:\\\/\\\/anadolupet.com.tr\\\/urun\\\/eheim-pick-up-200-ic-filtre\\\/#breadcrumb\"},\"inLanguage\":\"en-US\",\"potentialAction\":[{\"@type\":\"ReadAction\",\"target\":[\"https:\\\/\\\/anadolupet.com.tr\\\/urun\\\/eheim-pick-up-200-ic-filtre\\\/\"]}]},{\"@type\":\"ImageObject\",\"inLanguage\":\"en-US\",\"@id\":\"https:\\\/\\\/anadolupet.com.tr\\\/urun\\\/eheim-pick-up-200-ic-filtre\\\/#primaryimage\",\"url\":\"https:\\\/\\\/anadolupet.com.tr\\\/wp-content\\\/uploads\\\/2026\\\/02\\\/105-2012020.jpg\",\"contentUrl\":\"https:\\\/\\\/anadolupet.com.tr\\\/wp-content\\\/uploads\\\/2026\\\/02\\\/105-2012020.jpg\",\"width\":750,\"height\":750},{\"@type\":\"BreadcrumbList\",\"@id\":\"https:\\\/\\\/anadolupet.com.tr\\\/urun\\\/eheim-pick-up-200-ic-filtre\\\/#breadcrumb\",\"itemListElement\":[{\"@type\":\"ListItem\",\"position\":1,\"name\":\"Anasayfa\",\"item\":\"https:\\\/\\\/anadolupet.com.tr\\\/\"},{\"@type\":\"ListItem\",\"position\":2,\"name\":\"\u00dcr\u00fcnler\",\"item\":\"https:\\\/\\\/anadolupet.com.tr\\\/urunler\\\/\"},{\"@type\":\"ListItem\",\"position\":3,\"name\":\"EHEIM Pick Up 200 \u0130\u00e7 Filtre\"}]},{\"@type\":\"WebSite\",\"@id\":\"https:\\\/\\\/anadolupet.com.tr\\\/#website\",\"url\":\"https:\\\/\\\/anadolupet.com.tr\\\/\",\"name\":\"Anadolu Pet Grup\",\"description\":\"Her Can\u0131n \u0130yi Ya\u015fam\u0131 \u0130\u00e7in Biraraday\u0131z\",\"publisher\":{\"@id\":\"https:\\\/\\\/anadolupet.com.tr\\\/#organization\"},\"potentialAction\":[{\"@type\":\"SearchAction\",\"target\":{\"@type\":\"EntryPoint\",\"urlTemplate\":\"https:\\\/\\\/anadolupet.com.tr\\\/?s={search_term_string}\"},\"query-input\":{\"@type\":\"PropertyValueSpecification\",\"valueRequired\":true,\"valueName\":\"search_term_string\"}}],\"inLanguage\":\"en-US\"},{\"@type\":\"Organization\",\"@id\":\"https:\\\/\\\/anadolupet.com.tr\\\/#organization\",\"name\":\"Anadolu Pet Grup\",\"alternateName\":\"Anadolu Pet\",\"url\":\"https:\\\/\\\/anadolupet.com.tr\\\/\",\"logo\":{\"@type\":\"ImageObject\",\"inLanguage\":\"en-US\",\"@id\":\"https:\\\/\\\/anadolupet.com.tr\\\/#\\\/schema\\\/logo\\\/image\\\/\",\"url\":\"https:\\\/\\\/anadolupet.com.tr\\\/wp-content\\\/uploads\\\/2026\\\/03\\\/1614666743370.jpg\",\"contentUrl\":\"https:\\\/\\\/anadolupet.com.tr\\\/wp-content\\\/uploads\\\/2026\\\/03\\\/1614666743370.jpg\",\"width\":800,\"height\":571,\"caption\":\"Anadolu Pet Grup\"},\"image\":{\"@id\":\"https:\\\/\\\/anadolupet.com.tr\\\/#\\\/schema\\\/logo\\\/image\\\/\"}}]}<\/script>\n<!-- \/ Yoast SEO plugin. -->","yoast_head_json":{"title":"EHEIM Pick Up 200 \u0130\u00e7 Filtre - Anadolu Pet Grup","robots":{"index":"index","follow":"follow","max-snippet":"max-snippet:-1","max-image-preview":"max-image-preview:large","max-video-preview":"max-video-preview:-1"},"canonical":"https:\/\/anadolupet.com.tr\/en\/product\/eheim-pick-up-200-ic-filtre\/","og_locale":"en_US","og_type":"article","og_title":"EHEIM Pick Up 200 \u0130\u00e7 Filtre - Anadolu Pet Grup","og_description":"EHEIM pickup, k\u00fc\u00e7\u00fck ve orta boy akvaryumlar i\u00e7in \u00f6zel olarak tasarlanm\u0131\u015f pratik bir i\u00e7 filtredir. Vantuzlarla kolayca akvaryuma sabitlenir. Bu filtrenin en \u00f6nemli \u00f6zelli\u011fi, filtre haznesi ve kartu\u015funun \u00fcstten \u00e7\u0131kar\u0131labilmesi, pompa \u00fcnitesinin ise akvaryumda kalmaya devam etmesidir. B\u00f6ylece temizlik veya kartu\u015f de\u011fi\u015fimi son derece kolay ve zahmetsiz hale gelir. Pompa, suyu alttan emer ve filtre kartu\u015fundan ge\u00e7irerek yukar\u0131ya ta\u015f\u0131r. Temizlenen su, d\u00f6nebilir \u00e7\u0131k\u0131\u015f noz\u00fcl\u00fc sayesinde akvaryuma geri verilir ve \u00e7\u0131k\u0131\u015f y\u00f6n\u00fc istenildi\u011fi gibi ayarlanabilir. Avantajlar ve \u00d6zellikler 160 litreye kadar akvaryumlar i\u00e7in kompakt i\u00e7 filtre Alttan su giri\u015fi \u2013 etkili filtrasyon D\u00f6nebilir \u00e7\u0131k\u0131\u015f noz\u00fcl\u00fc \u2013 su \u00e7\u0131k\u0131\u015f y\u00f6n\u00fc ayarlanabilir Filtre haznesi ve kartu\u015fu \u00fcstten kolayca \u00e7\u0131kar\u0131labilir Filtre kartu\u015fu ile birlikte tam donan\u0131ml\u0131, kullan\u0131ma haz\u0131r \u0130ste\u011fe ba\u011fl\u0131 olarak aktif karbon kartu\u015flar\u0131 da kullan\u0131labilir (\u00f6rne\u011fin akvaryum kurulumu s\u0131ras\u0131nda veya ila\u00e7 tedavisi sonras\u0131nda) EHEIM pickup, kolay temizlenebilir yap\u0131s\u0131, pratik kullan\u0131m avantaj\u0131 ve g\u00fc\u00e7l\u00fc filtrasyon performans\u0131 ile akvaryumunuz i\u00e7in g\u00fcvenilir bir \u00e7\u00f6z\u00fcm sunar.","og_url":"https:\/\/anadolupet.com.tr\/en\/product\/eheim-pick-up-200-ic-filtre\/","og_site_name":"Anadolu Pet Grup","article_modified_time":"2026-02-23T12:48:14+00:00","og_image":[{"width":750,"height":750,"url":"https:\/\/anadolupet.com.tr\/wp-content\/uploads\/2026\/02\/105-2012020.jpg","type":"image\/jpeg"}],"twitter_card":"summary_large_image","schema":{"@context":"https:\/\/schema.org","@graph":[{"@type":"WebPage","@id":"https:\/\/anadolupet.com.tr\/urun\/eheim-pick-up-200-ic-filtre\/","url":"https:\/\/anadolupet.com.tr\/urun\/eheim-pick-up-200-ic-filtre\/","name":"EHEIM Pick Up 200 \u0130\u00e7 Filtre - Anadolu Pet Grup","isPartOf":{"@id":"https:\/\/anadolupet.com.tr\/#website"},"primaryImageOfPage":{"@id":"https:\/\/anadolupet.com.tr\/urun\/eheim-pick-up-200-ic-filtre\/#primaryimage"},"image":{"@id":"https:\/\/anadolupet.com.tr\/urun\/eheim-pick-up-200-ic-filtre\/#primaryimage"},"thumbnailUrl":"https:\/\/anadolupet.com.tr\/wp-content\/uploads\/2026\/02\/105-2012020.jpg","datePublished":"2026-02-14T14:40:13+00:00","dateModified":"2026-02-23T12:48:14+00:00","breadcrumb":{"@id":"https:\/\/anadolupet.com.tr\/urun\/eheim-pick-up-200-ic-filtre\/#breadcrumb"},"inLanguage":"en-US","potentialAction":[{"@type":"ReadAction","target":["https:\/\/anadolupet.com.tr\/urun\/eheim-pick-up-200-ic-filtre\/"]}]},{"@type":"ImageObject","inLanguage":"en-US","@id":"https:\/\/anadolupet.com.tr\/urun\/eheim-pick-up-200-ic-filtre\/#primaryimage","url":"https:\/\/anadolupet.com.tr\/wp-content\/uploads\/2026\/02\/105-2012020.jpg","contentUrl":"https:\/\/anadolupet.com.tr\/wp-content\/uploads\/2026\/02\/105-2012020.jpg","width":750,"height":750},{"@type":"BreadcrumbList","@id":"https:\/\/anadolupet.com.tr\/urun\/eheim-pick-up-200-ic-filtre\/#breadcrumb","itemListElement":[{"@type":"ListItem","position":1,"name":"Anasayfa","item":"https:\/\/anadolupet.com.tr\/"},{"@type":"ListItem","position":2,"name":"\u00dcr\u00fcnler","item":"https:\/\/anadolupet.com.tr\/urunler\/"},{"@type":"ListItem","position":3,"name":"EHEIM Pick Up 200 \u0130\u00e7 Filtre"}]},{"@type":"WebSite","@id":"https:\/\/anadolupet.com.tr\/#website","url":"https:\/\/anadolupet.com.tr\/","name":"Anadolu Pet Group","description":"We Stand Together for the Well-Being of Every Life","publisher":{"@id":"https:\/\/anadolupet.com.tr\/#organization"},"potentialAction":[{"@type":"SearchAction","target":{"@type":"EntryPoint","urlTemplate":"https:\/\/anadolupet.com.tr\/?s={search_term_string}"},"query-input":{"@type":"PropertyValueSpecification","valueRequired":true,"valueName":"search_term_string"}}],"inLanguage":"en-US"},{"@type":"Organization","@id":"https:\/\/anadolupet.com.tr\/#organization","name":"Anadolu Pet Group","alternateName":"Anadolu Pet","url":"https:\/\/anadolupet.com.tr\/","logo":{"@type":"ImageObject","inLanguage":"en-US","@id":"https:\/\/anadolupet.com.tr\/#\/schema\/logo\/image\/","url":"https:\/\/anadolupet.com.tr\/wp-content\/uploads\/2026\/03\/1614666743370.jpg","contentUrl":"https:\/\/anadolupet.com.tr\/wp-content\/uploads\/2026\/03\/1614666743370.jpg","width":800,"height":571,"caption":"Anadolu Pet Grup"},"image":{"@id":"https:\/\/anadolupet.com.tr\/#\/schema\/logo\/image\/"}}]}},"_links":{"self":[{"href":"https:\/\/anadolupet.com.tr\/en\/wp-json\/wp\/v2\/product\/44974","targetHints":{"allow":["GET"]}}],"collection":[{"href":"https:\/\/anadolupet.com.tr\/en\/wp-json\/wp\/v2\/product"}],"about":[{"href":"https:\/\/anadolupet.com.tr\/en\/wp-json\/wp\/v2\/types\/product"}],"replies":[{"embeddable":true,"href":"https:\/\/anadolupet.com.tr\/en\/wp-json\/wp\/v2\/comments?post=44974"}],"wp:featuredmedia":[{"embeddable":true,"href":"https:\/\/anadolupet.com.tr\/en\/wp-json\/wp\/v2\/media\/42288"}],"wp:attachment":[{"href":"https:\/\/anadolupet.com.tr\/en\/wp-json\/wp\/v2\/media?parent=44974"}],"wp:term":[{"taxonomy":"product_brand","embeddable":true,"href":"https:\/\/anadolupet.com.tr\/en\/wp-json\/wp\/v2\/product_brand?post=44974"},{"taxonomy":"product_cat","embeddable":true,"href":"https:\/\/anadolupet.com.tr\/en\/wp-json\/wp\/v2\/product_cat?post=44974"},{"taxonomy":"product_tag","embeddable":true,"href":"https:\/\/anadolupet.com.tr\/en\/wp-json\/wp\/v2\/product_tag?post=44974"}],"curies":[{"name":"wp","href":"https:\/\/api.w.org\/{rel}","templated":true}]}}