{"id":44986,"date":"2026-02-14T14:40:14","date_gmt":"2026-02-14T14:40:14","guid":{"rendered":"https:\/\/anadolupet.com.tr\/urun\/eheim-on-filtre-kartusu-2227-2229-2329\/"},"modified":"2026-02-23T12:48:15","modified_gmt":"2026-02-23T12:48:15","slug":"eheim-on-filtre-kartusu-2227-2229-2329","status":"publish","type":"product","link":"https:\/\/anadolupet.com.tr\/en\/urun\/eheim-on-filtre-kartusu-2227-2229-2329\/","title":{"rendered":"EHEIM \u00d6n Filtre Kartu\u015fu (2227\/2229\/2329)"},"content":{"rendered":"","protected":false},"excerpt":{"rendered":"<p>EHEIM orijinal \u00f6n filtre kartu\u015fu, d\u0131\u015f filtrelerin motor \u00fcnitesine ula\u015fmadan \u00f6nce su i\u00e7erisindeki kaba kirleri ve partik\u00fclleri yakalayarak filtrasyon sisteminin verimlili\u011fini art\u0131r\u0131r. Bu sayede filtre malzemelerinin \u00f6mr\u00fc uzar ve temizlik aral\u0131klar\u0131 daha seyrek hale gelir.<\/p>\n<p>Uyumlu Modeller:<\/p>\n<p>EHEIM 2227<\/p>\n<p>EHEIM 2229<\/p>\n<p>EHEIM 2329<\/p>","protected":false},"featured_media":42366,"comment_status":"open","ping_status":"closed","template":"","meta":{"_acf_changed":false},"product_brand":[],"product_cat":[2385],"product_tag":[],"class_list":{"0":"post-44986","1":"product","2":"type-product","3":"status-publish","4":"has-post-thumbnail","6":"product_cat-diger-yedek-parcalar","8":"first","9":"instock","10":"shipping-taxable","11":"product-type-simple"},"acf":[],"yoast_head":"<!-- This site is optimized with the Yoast SEO plugin v27.5 - https:\/\/yoast.com\/product\/yoast-seo-wordpress\/ -->\n<title>EHEIM \u00d6n Filtre Kartu\u015fu (2227\/2229\/2329) - Anadolu Pet Grup<\/title>\n<meta name=\"robots\" content=\"index, follow, max-snippet:-1, max-image-preview:large, max-video-preview:-1\" \/>\n<link rel=\"canonical\" href=\"https:\/\/anadolupet.com.tr\/en\/product\/eheim-on-filtre-kartusu-2227-2229-2329\/\" \/>\n<meta property=\"og:locale\" content=\"en_US\" \/>\n<meta property=\"og:type\" content=\"article\" \/>\n<meta property=\"og:title\" content=\"EHEIM \u00d6n Filtre Kartu\u015fu (2227\/2229\/2329) - Anadolu Pet Grup\" \/>\n<meta property=\"og:description\" content=\"EHEIM orijinal \u00f6n filtre kartu\u015fu, d\u0131\u015f filtrelerin motor \u00fcnitesine ula\u015fmadan \u00f6nce su i\u00e7erisindeki kaba kirleri ve partik\u00fclleri yakalayarak filtrasyon sisteminin verimlili\u011fini art\u0131r\u0131r. Bu sayede filtre malzemelerinin \u00f6mr\u00fc uzar ve temizlik aral\u0131klar\u0131 daha seyrek hale gelir. Uyumlu Modeller: EHEIM 2227 EHEIM 2229 EHEIM 2329\" \/>\n<meta property=\"og:url\" content=\"https:\/\/anadolupet.com.tr\/en\/product\/eheim-on-filtre-kartusu-2227-2229-2329\/\" \/>\n<meta property=\"og:site_name\" content=\"Anadolu Pet Grup\" \/>\n<meta property=\"article:modified_time\" content=\"2026-02-23T12:48:15+00:00\" \/>\n<meta property=\"og:image\" content=\"https:\/\/anadolupet.com.tr\/wp-content\/uploads\/2026\/02\/105-2615270.jpg\" \/>\n\t<meta property=\"og:image:width\" content=\"750\" \/>\n\t<meta property=\"og:image:height\" content=\"750\" \/>\n\t<meta property=\"og:image:type\" content=\"image\/jpeg\" \/>\n<meta name=\"twitter:card\" content=\"summary_large_image\" \/>\n<script type=\"application\/ld+json\" class=\"yoast-schema-graph\">{\"@context\":\"https:\\\/\\\/schema.org\",\"@graph\":[{\"@type\":\"WebPage\",\"@id\":\"https:\\\/\\\/anadolupet.com.tr\\\/urun\\\/eheim-on-filtre-kartusu-2227-2229-2329\\\/\",\"url\":\"https:\\\/\\\/anadolupet.com.tr\\\/urun\\\/eheim-on-filtre-kartusu-2227-2229-2329\\\/\",\"name\":\"EHEIM \u00d6n Filtre Kartu\u015fu (2227\\\/2229\\\/2329) - Anadolu Pet Grup\",\"isPartOf\":{\"@id\":\"https:\\\/\\\/anadolupet.com.tr\\\/#website\"},\"primaryImageOfPage\":{\"@id\":\"https:\\\/\\\/anadolupet.com.tr\\\/urun\\\/eheim-on-filtre-kartusu-2227-2229-2329\\\/#primaryimage\"},\"image\":{\"@id\":\"https:\\\/\\\/anadolupet.com.tr\\\/urun\\\/eheim-on-filtre-kartusu-2227-2229-2329\\\/#primaryimage\"},\"thumbnailUrl\":\"https:\\\/\\\/anadolupet.com.tr\\\/wp-content\\\/uploads\\\/2026\\\/02\\\/105-2615270.jpg\",\"datePublished\":\"2026-02-14T14:40:14+00:00\",\"dateModified\":\"2026-02-23T12:48:15+00:00\",\"breadcrumb\":{\"@id\":\"https:\\\/\\\/anadolupet.com.tr\\\/urun\\\/eheim-on-filtre-kartusu-2227-2229-2329\\\/#breadcrumb\"},\"inLanguage\":\"en-US\",\"potentialAction\":[{\"@type\":\"ReadAction\",\"target\":[\"https:\\\/\\\/anadolupet.com.tr\\\/urun\\\/eheim-on-filtre-kartusu-2227-2229-2329\\\/\"]}]},{\"@type\":\"ImageObject\",\"inLanguage\":\"en-US\",\"@id\":\"https:\\\/\\\/anadolupet.com.tr\\\/urun\\\/eheim-on-filtre-kartusu-2227-2229-2329\\\/#primaryimage\",\"url\":\"https:\\\/\\\/anadolupet.com.tr\\\/wp-content\\\/uploads\\\/2026\\\/02\\\/105-2615270.jpg\",\"contentUrl\":\"https:\\\/\\\/anadolupet.com.tr\\\/wp-content\\\/uploads\\\/2026\\\/02\\\/105-2615270.jpg\",\"width\":750,\"height\":750},{\"@type\":\"BreadcrumbList\",\"@id\":\"https:\\\/\\\/anadolupet.com.tr\\\/urun\\\/eheim-on-filtre-kartusu-2227-2229-2329\\\/#breadcrumb\",\"itemListElement\":[{\"@type\":\"ListItem\",\"position\":1,\"name\":\"Anasayfa\",\"item\":\"https:\\\/\\\/anadolupet.com.tr\\\/\"},{\"@type\":\"ListItem\",\"position\":2,\"name\":\"\u00dcr\u00fcnler\",\"item\":\"https:\\\/\\\/anadolupet.com.tr\\\/urunler\\\/\"},{\"@type\":\"ListItem\",\"position\":3,\"name\":\"EHEIM \u00d6n Filtre Kartu\u015fu (2227\\\/2229\\\/2329)\"}]},{\"@type\":\"WebSite\",\"@id\":\"https:\\\/\\\/anadolupet.com.tr\\\/#website\",\"url\":\"https:\\\/\\\/anadolupet.com.tr\\\/\",\"name\":\"Anadolu Pet Grup\",\"description\":\"Her Can\u0131n \u0130yi Ya\u015fam\u0131 \u0130\u00e7in Biraraday\u0131z\",\"publisher\":{\"@id\":\"https:\\\/\\\/anadolupet.com.tr\\\/#organization\"},\"potentialAction\":[{\"@type\":\"SearchAction\",\"target\":{\"@type\":\"EntryPoint\",\"urlTemplate\":\"https:\\\/\\\/anadolupet.com.tr\\\/?s={search_term_string}\"},\"query-input\":{\"@type\":\"PropertyValueSpecification\",\"valueRequired\":true,\"valueName\":\"search_term_string\"}}],\"inLanguage\":\"en-US\"},{\"@type\":\"Organization\",\"@id\":\"https:\\\/\\\/anadolupet.com.tr\\\/#organization\",\"name\":\"Anadolu Pet Grup\",\"alternateName\":\"Anadolu Pet\",\"url\":\"https:\\\/\\\/anadolupet.com.tr\\\/\",\"logo\":{\"@type\":\"ImageObject\",\"inLanguage\":\"en-US\",\"@id\":\"https:\\\/\\\/anadolupet.com.tr\\\/#\\\/schema\\\/logo\\\/image\\\/\",\"url\":\"https:\\\/\\\/anadolupet.com.tr\\\/wp-content\\\/uploads\\\/2026\\\/03\\\/1614666743370.jpg\",\"contentUrl\":\"https:\\\/\\\/anadolupet.com.tr\\\/wp-content\\\/uploads\\\/2026\\\/03\\\/1614666743370.jpg\",\"width\":800,\"height\":571,\"caption\":\"Anadolu Pet Grup\"},\"image\":{\"@id\":\"https:\\\/\\\/anadolupet.com.tr\\\/#\\\/schema\\\/logo\\\/image\\\/\"}}]}<\/script>\n<!-- \/ Yoast SEO plugin. -->","yoast_head_json":{"title":"EHEIM \u00d6n Filtre Kartu\u015fu (2227\/2229\/2329) - Anadolu Pet Grup","robots":{"index":"index","follow":"follow","max-snippet":"max-snippet:-1","max-image-preview":"max-image-preview:large","max-video-preview":"max-video-preview:-1"},"canonical":"https:\/\/anadolupet.com.tr\/en\/product\/eheim-on-filtre-kartusu-2227-2229-2329\/","og_locale":"en_US","og_type":"article","og_title":"EHEIM \u00d6n Filtre Kartu\u015fu (2227\/2229\/2329) - Anadolu Pet Grup","og_description":"EHEIM orijinal \u00f6n filtre kartu\u015fu, d\u0131\u015f filtrelerin motor \u00fcnitesine ula\u015fmadan \u00f6nce su i\u00e7erisindeki kaba kirleri ve partik\u00fclleri yakalayarak filtrasyon sisteminin verimlili\u011fini art\u0131r\u0131r. Bu sayede filtre malzemelerinin \u00f6mr\u00fc uzar ve temizlik aral\u0131klar\u0131 daha seyrek hale gelir. Uyumlu Modeller: EHEIM 2227 EHEIM 2229 EHEIM 2329","og_url":"https:\/\/anadolupet.com.tr\/en\/product\/eheim-on-filtre-kartusu-2227-2229-2329\/","og_site_name":"Anadolu Pet Grup","article_modified_time":"2026-02-23T12:48:15+00:00","og_image":[{"width":750,"height":750,"url":"https:\/\/anadolupet.com.tr\/wp-content\/uploads\/2026\/02\/105-2615270.jpg","type":"image\/jpeg"}],"twitter_card":"summary_large_image","schema":{"@context":"https:\/\/schema.org","@graph":[{"@type":"WebPage","@id":"https:\/\/anadolupet.com.tr\/urun\/eheim-on-filtre-kartusu-2227-2229-2329\/","url":"https:\/\/anadolupet.com.tr\/urun\/eheim-on-filtre-kartusu-2227-2229-2329\/","name":"EHEIM \u00d6n Filtre Kartu\u015fu (2227\/2229\/2329) - Anadolu Pet Grup","isPartOf":{"@id":"https:\/\/anadolupet.com.tr\/#website"},"primaryImageOfPage":{"@id":"https:\/\/anadolupet.com.tr\/urun\/eheim-on-filtre-kartusu-2227-2229-2329\/#primaryimage"},"image":{"@id":"https:\/\/anadolupet.com.tr\/urun\/eheim-on-filtre-kartusu-2227-2229-2329\/#primaryimage"},"thumbnailUrl":"https:\/\/anadolupet.com.tr\/wp-content\/uploads\/2026\/02\/105-2615270.jpg","datePublished":"2026-02-14T14:40:14+00:00","dateModified":"2026-02-23T12:48:15+00:00","breadcrumb":{"@id":"https:\/\/anadolupet.com.tr\/urun\/eheim-on-filtre-kartusu-2227-2229-2329\/#breadcrumb"},"inLanguage":"en-US","potentialAction":[{"@type":"ReadAction","target":["https:\/\/anadolupet.com.tr\/urun\/eheim-on-filtre-kartusu-2227-2229-2329\/"]}]},{"@type":"ImageObject","inLanguage":"en-US","@id":"https:\/\/anadolupet.com.tr\/urun\/eheim-on-filtre-kartusu-2227-2229-2329\/#primaryimage","url":"https:\/\/anadolupet.com.tr\/wp-content\/uploads\/2026\/02\/105-2615270.jpg","contentUrl":"https:\/\/anadolupet.com.tr\/wp-content\/uploads\/2026\/02\/105-2615270.jpg","width":750,"height":750},{"@type":"BreadcrumbList","@id":"https:\/\/anadolupet.com.tr\/urun\/eheim-on-filtre-kartusu-2227-2229-2329\/#breadcrumb","itemListElement":[{"@type":"ListItem","position":1,"name":"Anasayfa","item":"https:\/\/anadolupet.com.tr\/"},{"@type":"ListItem","position":2,"name":"\u00dcr\u00fcnler","item":"https:\/\/anadolupet.com.tr\/urunler\/"},{"@type":"ListItem","position":3,"name":"EHEIM \u00d6n Filtre Kartu\u015fu (2227\/2229\/2329)"}]},{"@type":"WebSite","@id":"https:\/\/anadolupet.com.tr\/#website","url":"https:\/\/anadolupet.com.tr\/","name":"Anadolu Pet Group","description":"We Stand Together for the Well-Being of Every Life","publisher":{"@id":"https:\/\/anadolupet.com.tr\/#organization"},"potentialAction":[{"@type":"SearchAction","target":{"@type":"EntryPoint","urlTemplate":"https:\/\/anadolupet.com.tr\/?s={search_term_string}"},"query-input":{"@type":"PropertyValueSpecification","valueRequired":true,"valueName":"search_term_string"}}],"inLanguage":"en-US"},{"@type":"Organization","@id":"https:\/\/anadolupet.com.tr\/#organization","name":"Anadolu Pet Group","alternateName":"Anadolu Pet","url":"https:\/\/anadolupet.com.tr\/","logo":{"@type":"ImageObject","inLanguage":"en-US","@id":"https:\/\/anadolupet.com.tr\/#\/schema\/logo\/image\/","url":"https:\/\/anadolupet.com.tr\/wp-content\/uploads\/2026\/03\/1614666743370.jpg","contentUrl":"https:\/\/anadolupet.com.tr\/wp-content\/uploads\/2026\/03\/1614666743370.jpg","width":800,"height":571,"caption":"Anadolu Pet Grup"},"image":{"@id":"https:\/\/anadolupet.com.tr\/#\/schema\/logo\/image\/"}}]}},"_links":{"self":[{"href":"https:\/\/anadolupet.com.tr\/en\/wp-json\/wp\/v2\/product\/44986","targetHints":{"allow":["GET"]}}],"collection":[{"href":"https:\/\/anadolupet.com.tr\/en\/wp-json\/wp\/v2\/product"}],"about":[{"href":"https:\/\/anadolupet.com.tr\/en\/wp-json\/wp\/v2\/types\/product"}],"replies":[{"embeddable":true,"href":"https:\/\/anadolupet.com.tr\/en\/wp-json\/wp\/v2\/comments?post=44986"}],"wp:featuredmedia":[{"embeddable":true,"href":"https:\/\/anadolupet.com.tr\/en\/wp-json\/wp\/v2\/media\/42366"}],"wp:attachment":[{"href":"https:\/\/anadolupet.com.tr\/en\/wp-json\/wp\/v2\/media?parent=44986"}],"wp:term":[{"taxonomy":"product_brand","embeddable":true,"href":"https:\/\/anadolupet.com.tr\/en\/wp-json\/wp\/v2\/product_brand?post=44986"},{"taxonomy":"product_cat","embeddable":true,"href":"https:\/\/anadolupet.com.tr\/en\/wp-json\/wp\/v2\/product_cat?post=44986"},{"taxonomy":"product_tag","embeddable":true,"href":"https:\/\/anadolupet.com.tr\/en\/wp-json\/wp\/v2\/product_tag?post=44986"}],"curies":[{"name":"wp","href":"https:\/\/api.w.org\/{rel}","templated":true}]}}