{"id":44992,"date":"2026-02-14T14:40:15","date_gmt":"2026-02-14T14:40:15","guid":{"rendered":"https:\/\/anadolupet.com.tr\/urun\/eheim-phsensor-akilli-ph-sensoru\/"},"modified":"2026-02-23T12:48:15","modified_gmt":"2026-02-23T12:48:15","slug":"eheim-phsensor-akilli-ph-sensoru","status":"publish","type":"product","link":"https:\/\/anadolupet.com.tr\/en\/urun\/eheim-phsensor-akilli-ph-sensoru\/","title":{"rendered":"EHEIM pHsensor Ak\u0131ll\u0131 pH Sens\u00f6r\u00fc"},"content":{"rendered":"","protected":false},"excerpt":{"rendered":"<p>Teslimat kapsam\u0131na sadece pH sens\u00f6r\u00fc ve kalibrasyon s\u0131v\u0131s\u0131 dahildir!<\/p>\n<p>EHEIM pHcontrol+e \u2013 akvaryumunuzdaki pH de\u011ferini izlemek ve yeniden ayarlamak i\u00e7in ak\u0131ll\u0131 kontrol cihaz\u0131<\/p>\n<p>EHEIM pHcontrol+e ile akvaryumunuzdaki pH de\u011ferini bir ak\u0131ll\u0131 telefon, tablet veya PC\/MAC \u00fczerinden WiFi ba\u011flant\u0131s\u0131 ve web taray\u0131c\u0131n\u0131z arac\u0131l\u0131\u011f\u0131yla kolayca izleyebilir ve optimize edebilirsiniz. Bir pH sens\u00f6r\u00fc suyun mevcut pH de\u011ferini \u00f6l\u00e7er ve pHcontrol+e otomatik olarak gerekli CO2 beslemesini sa\u011flar. CO2 sistemine seri olarak ba\u011flanan manyetik valfi kontrol ederek, istenen pH de\u011ferine ula\u015f\u0131lana kadar gerekli miktarda CO2 ekler.<\/p>\n<p>Bunu ba\u015farmak i\u00e7in CO2 sisteminizi, yani bir CO2 \u015fi\u015fesini bas\u0131n\u00e7 d\u00fc\u015f\u00fcr\u00fcc\u00fc ve manyetik valf (EHEIM CO2 setlerine bak\u0131n) ve bir CO2 dif\u00fcz\u00f6r\u00fc arac\u0131l\u0131\u011f\u0131yla ba\u011flaman\u0131z gerekir. pHcontrol+e, g\u00fcnd\u00fcz\/gece kontrol\u00fcne sahiptir ve EHEIM LEDcontrol+e ayd\u0131nlatma kontrol\u00fcne ba\u011flanabilir (EHEIM DIGITAL ailesine bak\u0131n).<\/p>\n<p>I\u015f\u0131k, azot, fosfat, eser elementler vb. yan\u0131 s\u0131ra, akvaryumunuzdaki bitkiler her \u015feyden \u00f6nce \u00f6nemli bir besin maddesi olarak CO2&#8217;ye ihtiya\u00e7 duyar. Bitkiler ne kadar iyi geli\u015firse, bal\u0131klar\u0131n nefes almak i\u00e7in ihtiya\u00e7 duydu\u011fu oksijeni o kadar fazla salarlar. B\u00f6ylece, EHEIM pHcontrol+e, CO2 ekleyerek dolayl\u0131 olarak bal\u0131klar\u0131n\u0131z i\u00e7in oksijen ve optimum pH de\u011ferini sa\u011flar. Bu de\u011fer genellikle pH 6 ile pH 8 aras\u0131ndad\u0131r; pH 7 referans i\u00e7in n\u00f6tr bir de\u011fer olarak kabul edilir.<\/p>\n<p>Not:<br \/>\npH de\u011ferinin \u00f6l\u00e7\u00fclmesi ve stabilize edilmesinin temeli, suyun karbonat sertli\u011fidir (&#8220;KH&#8221;). Bu nedenle, EHEIM pHcontrol+e (Ak\u0131ll\u0131 modda) ilk olarak KH de\u011ferini sorgular. \u00c7\u00fcnk\u00fc KH, CO2 ve pH de\u011feri birbirini etkiler.<\/p>\n<p>EHEIM pHcontrol+e&#8217;nin \u00f6zellikleri<\/p>\n<p>1.  Akvaryumdaki pH de\u011ferini CO2 ilavesini d\u00fczenleyerek izlemek ve kontrol etmek i\u00e7in ak\u0131ll\u0131 bir kontrol cihaz\u0131.<br \/>\n2.  WLAN \u00f6zellikli bir u\u00e7 cihaz (ak\u0131ll\u0131 telefon, tablet, PC\/MAC) ile kablosuz WiFi ba\u011flant\u0131s\u0131 i\u00e7erir.<br \/>\n3.  EHEIM DIGITAL ailesinin cihazlar\u0131yla ba\u011flant\u0131 ve uyumluluk sa\u011flar.<br \/>\n    pH sens\u00f6r\u00fc arac\u0131l\u0131\u011f\u0131yla pH de\u011ferini \u00f6l\u00e7er (\u00f6l\u00e7\u00fcm aral\u0131\u011f\u0131: pH 0 ila pH 14).<br \/>\n    Kontrol\u00f6r\u00fcn kontrol aral\u0131\u011f\u0131 pH 6 ila pH 9.<br \/>\n    Bas\u0131n\u00e7 d\u00fc\u015f\u00fcr\u00fcc\u00fc ile CO2 \u015fi\u015fesine (EHEIM CO2 seti) ba\u011flanmas\u0131 gerekir.<br \/>\n    Aral\u0131k b\u0131rak\u0131lm\u0131\u015f manyetik valf arac\u0131l\u0131\u011f\u0131yla CO2 ilavesini elektronik olarak kontrol eder.<br \/>\n    LEDcontrol+e (g\u00fcnd\u00fcz\/gece kontrol\u00fc) ile ak\u0131ll\u0131 modda veya kendi g\u00fcnd\u00fcz\/gece kontrol\u00fc ile basit ve geni\u015fletilmi\u015f biyo modda ba\u011flant\u0131 kurarak CO2 ilavesini ayarlar.<br \/>\n    KH de\u011ferini (karbonat sertli\u011fi) \u00f6nceden sorgular.<br \/>\n    Su testi ve kalibrasyon hat\u0131rlat\u0131c\u0131lar\u0131 ayarlar.<br \/>\n    pH sens\u00f6r\u00fcn\u00fcn k\u0131lavuzlu kalibrasyonlar\u0131.<br \/>\n    pH de\u011ferinin sapmas\u0131 (yukar\u0131\/a\u015fa\u011f\u0131) durumunda uyar\u0131 g\u00f6nderir.<br \/>\n    EHEIM pH sens\u00f6r\u00fcn\u00fcn de\u011fi\u015ftirilmesi gerekip gerekmedi\u011fini bildirir.<br \/>\n    Yeni geli\u015ftirilmi\u015f \u00e7ip nesli sayesinde en iyi performans, y\u00fcksek g\u00fc\u00e7, istikrarl\u0131 ba\u011flant\u0131 ve b\u00fcy\u00fck bellek kapasitesi sa\u011flar.<br \/>\n    En y\u00fcksek g\u00fcvenlik ve g\u00fcvenilirlik &#8211; 3 y\u0131l garanti<\/p>","protected":false},"featured_media":42497,"comment_status":"open","ping_status":"closed","template":"","meta":{"_acf_changed":false},"product_brand":[],"product_cat":[2386],"product_tag":[],"class_list":{"0":"post-44992","1":"product","2":"type-product","3":"status-publish","4":"has-post-thumbnail","6":"product_cat-eheim-dijital-merkez","8":"first","9":"instock","10":"shipping-taxable","11":"product-type-simple"},"acf":[],"yoast_head":"<!-- This site is optimized with the Yoast SEO plugin v27.5 - https:\/\/yoast.com\/product\/yoast-seo-wordpress\/ -->\n<title>EHEIM pHsensor Ak\u0131ll\u0131 pH Sens\u00f6r\u00fc - Anadolu Pet Grup<\/title>\n<meta name=\"robots\" content=\"index, follow, max-snippet:-1, max-image-preview:large, max-video-preview:-1\" \/>\n<link rel=\"canonical\" href=\"https:\/\/anadolupet.com.tr\/en\/product\/eheim-phsensor-akilli-ph-sensoru\/\" \/>\n<meta property=\"og:locale\" content=\"en_US\" \/>\n<meta property=\"og:type\" content=\"article\" \/>\n<meta property=\"og:title\" content=\"EHEIM pHsensor Ak\u0131ll\u0131 pH Sens\u00f6r\u00fc - Anadolu Pet Grup\" \/>\n<meta property=\"og:description\" content=\"Teslimat kapsam\u0131na sadece pH sens\u00f6r\u00fc ve kalibrasyon s\u0131v\u0131s\u0131 dahildir! EHEIM pHcontrol+e \u2013 akvaryumunuzdaki pH de\u011ferini izlemek ve yeniden ayarlamak i\u00e7in ak\u0131ll\u0131 kontrol cihaz\u0131 EHEIM pHcontrol+e ile akvaryumunuzdaki pH de\u011ferini bir ak\u0131ll\u0131 telefon, tablet veya PC\/MAC \u00fczerinden WiFi ba\u011flant\u0131s\u0131 ve web taray\u0131c\u0131n\u0131z arac\u0131l\u0131\u011f\u0131yla kolayca izleyebilir ve optimize edebilirsiniz. Bir pH sens\u00f6r\u00fc suyun mevcut pH de\u011ferini \u00f6l\u00e7er ve pHcontrol+e otomatik olarak gerekli CO2 beslemesini sa\u011flar. CO2 sistemine seri olarak ba\u011flanan manyetik valfi kontrol ederek, istenen pH de\u011ferine ula\u015f\u0131lana kadar gerekli miktarda CO2 ekler. Bunu ba\u015farmak i\u00e7in CO2 sisteminizi, yani bir CO2 \u015fi\u015fesini bas\u0131n\u00e7 d\u00fc\u015f\u00fcr\u00fcc\u00fc ve manyetik valf (EHEIM CO2 setlerine bak\u0131n) ve bir CO2 dif\u00fcz\u00f6r\u00fc arac\u0131l\u0131\u011f\u0131yla ba\u011flaman\u0131z gerekir. pHcontrol+e, g\u00fcnd\u00fcz\/gece kontrol\u00fcne sahiptir ve EHEIM LEDcontrol+e ayd\u0131nlatma kontrol\u00fcne ba\u011flanabilir (EHEIM DIGITAL ailesine bak\u0131n). I\u015f\u0131k, azot, fosfat, eser elementler vb. yan\u0131 s\u0131ra, akvaryumunuzdaki bitkiler her \u015feyden \u00f6nce \u00f6nemli bir besin maddesi olarak CO2&#039;ye ihtiya\u00e7 duyar. Bitkiler ne kadar iyi geli\u015firse, bal\u0131klar\u0131n nefes almak i\u00e7in ihtiya\u00e7 duydu\u011fu oksijeni o kadar fazla salarlar. B\u00f6ylece, EHEIM pHcontrol+e, CO2 ekleyerek dolayl\u0131 olarak bal\u0131klar\u0131n\u0131z i\u00e7in oksijen ve optimum pH de\u011ferini sa\u011flar. Bu de\u011fer genellikle pH 6 ile pH 8 aras\u0131ndad\u0131r; pH 7 referans i\u00e7in n\u00f6tr bir de\u011fer olarak kabul edilir. Not: pH de\u011ferinin \u00f6l\u00e7\u00fclmesi ve stabilize edilmesinin temeli, suyun karbonat sertli\u011fidir (&quot;KH&quot;). Bu nedenle, EHEIM pHcontrol+e (Ak\u0131ll\u0131 modda) ilk olarak KH de\u011ferini sorgular. \u00c7\u00fcnk\u00fc KH, CO2 ve pH de\u011feri birbirini etkiler.  EHEIM pHcontrol+e&#039;nin \u00f6zellikleri 1. Akvaryumdaki pH de\u011ferini CO2 ilavesini d\u00fczenleyerek izlemek ve kontrol etmek i\u00e7in ak\u0131ll\u0131 bir kontrol cihaz\u0131. 2. WLAN \u00f6zellikli bir u\u00e7 cihaz (ak\u0131ll\u0131 telefon, tablet, PC\/MAC) ile kablosuz WiFi ba\u011flant\u0131s\u0131 i\u00e7erir. 3. EHEIM DIGITAL ailesinin cihazlar\u0131yla ba\u011flant\u0131 ve uyumluluk sa\u011flar.   pH sens\u00f6r\u00fc arac\u0131l\u0131\u011f\u0131yla pH de\u011ferini \u00f6l\u00e7er (\u00f6l\u00e7\u00fcm aral\u0131\u011f\u0131: pH 0 ila pH 14).   Kontrol\u00f6r\u00fcn kontrol aral\u0131\u011f\u0131 pH 6 ila pH 9.   Bas\u0131n\u00e7 d\u00fc\u015f\u00fcr\u00fcc\u00fc ile CO2 \u015fi\u015fesine (EHEIM CO2 seti) ba\u011flanmas\u0131 gerekir.   Aral\u0131k b\u0131rak\u0131lm\u0131\u015f manyetik valf arac\u0131l\u0131\u011f\u0131yla CO2 ilavesini elektronik olarak kontrol eder.   LEDcontrol+e (g\u00fcnd\u00fcz\/gece kontrol\u00fc) ile ak\u0131ll\u0131 modda veya kendi g\u00fcnd\u00fcz\/gece kontrol\u00fc ile basit ve geni\u015fletilmi\u015f biyo modda ba\u011flant\u0131 kurarak CO2 ilavesini ayarlar.   KH de\u011ferini (karbonat sertli\u011fi) \u00f6nceden sorgular.   Su testi ve kalibrasyon hat\u0131rlat\u0131c\u0131lar\u0131 ayarlar.   pH sens\u00f6r\u00fcn\u00fcn k\u0131lavuzlu kalibrasyonlar\u0131.   pH de\u011ferinin sapmas\u0131 (yukar\u0131\/a\u015fa\u011f\u0131) durumunda uyar\u0131 g\u00f6nderir.   EHEIM pH sens\u00f6r\u00fcn\u00fcn de\u011fi\u015ftirilmesi gerekip gerekmedi\u011fini bildirir.   Yeni geli\u015ftirilmi\u015f \u00e7ip nesli sayesinde en iyi performans, y\u00fcksek g\u00fc\u00e7, istikrarl\u0131 ba\u011flant\u0131 ve b\u00fcy\u00fck bellek kapasitesi sa\u011flar.   En y\u00fcksek g\u00fcvenlik ve g\u00fcvenilirlik - 3 y\u0131l garanti\" \/>\n<meta property=\"og:url\" content=\"https:\/\/anadolupet.com.tr\/en\/product\/eheim-phsensor-akilli-ph-sensoru\/\" \/>\n<meta property=\"og:site_name\" content=\"Anadolu Pet Grup\" \/>\n<meta property=\"article:modified_time\" content=\"2026-02-23T12:48:15+00:00\" \/>\n<meta property=\"og:image\" content=\"https:\/\/anadolupet.com.tr\/wp-content\/uploads\/2026\/02\/105-6062020.jpg\" \/>\n\t<meta property=\"og:image:width\" content=\"750\" \/>\n\t<meta property=\"og:image:height\" content=\"750\" \/>\n\t<meta property=\"og:image:type\" content=\"image\/jpeg\" \/>\n<meta name=\"twitter:card\" content=\"summary_large_image\" \/>\n<script type=\"application\/ld+json\" class=\"yoast-schema-graph\">{\"@context\":\"https:\\\/\\\/schema.org\",\"@graph\":[{\"@type\":\"WebPage\",\"@id\":\"https:\\\/\\\/anadolupet.com.tr\\\/urun\\\/eheim-phsensor-akilli-ph-sensoru\\\/\",\"url\":\"https:\\\/\\\/anadolupet.com.tr\\\/urun\\\/eheim-phsensor-akilli-ph-sensoru\\\/\",\"name\":\"EHEIM pHsensor Ak\u0131ll\u0131 pH Sens\u00f6r\u00fc - Anadolu Pet Grup\",\"isPartOf\":{\"@id\":\"https:\\\/\\\/anadolupet.com.tr\\\/#website\"},\"primaryImageOfPage\":{\"@id\":\"https:\\\/\\\/anadolupet.com.tr\\\/urun\\\/eheim-phsensor-akilli-ph-sensoru\\\/#primaryimage\"},\"image\":{\"@id\":\"https:\\\/\\\/anadolupet.com.tr\\\/urun\\\/eheim-phsensor-akilli-ph-sensoru\\\/#primaryimage\"},\"thumbnailUrl\":\"https:\\\/\\\/anadolupet.com.tr\\\/wp-content\\\/uploads\\\/2026\\\/02\\\/105-6062020.jpg\",\"datePublished\":\"2026-02-14T14:40:15+00:00\",\"dateModified\":\"2026-02-23T12:48:15+00:00\",\"breadcrumb\":{\"@id\":\"https:\\\/\\\/anadolupet.com.tr\\\/urun\\\/eheim-phsensor-akilli-ph-sensoru\\\/#breadcrumb\"},\"inLanguage\":\"en-US\",\"potentialAction\":[{\"@type\":\"ReadAction\",\"target\":[\"https:\\\/\\\/anadolupet.com.tr\\\/urun\\\/eheim-phsensor-akilli-ph-sensoru\\\/\"]}]},{\"@type\":\"ImageObject\",\"inLanguage\":\"en-US\",\"@id\":\"https:\\\/\\\/anadolupet.com.tr\\\/urun\\\/eheim-phsensor-akilli-ph-sensoru\\\/#primaryimage\",\"url\":\"https:\\\/\\\/anadolupet.com.tr\\\/wp-content\\\/uploads\\\/2026\\\/02\\\/105-6062020.jpg\",\"contentUrl\":\"https:\\\/\\\/anadolupet.com.tr\\\/wp-content\\\/uploads\\\/2026\\\/02\\\/105-6062020.jpg\",\"width\":750,\"height\":750},{\"@type\":\"BreadcrumbList\",\"@id\":\"https:\\\/\\\/anadolupet.com.tr\\\/urun\\\/eheim-phsensor-akilli-ph-sensoru\\\/#breadcrumb\",\"itemListElement\":[{\"@type\":\"ListItem\",\"position\":1,\"name\":\"Anasayfa\",\"item\":\"https:\\\/\\\/anadolupet.com.tr\\\/\"},{\"@type\":\"ListItem\",\"position\":2,\"name\":\"\u00dcr\u00fcnler\",\"item\":\"https:\\\/\\\/anadolupet.com.tr\\\/urunler\\\/\"},{\"@type\":\"ListItem\",\"position\":3,\"name\":\"EHEIM pHsensor Ak\u0131ll\u0131 pH Sens\u00f6r\u00fc\"}]},{\"@type\":\"WebSite\",\"@id\":\"https:\\\/\\\/anadolupet.com.tr\\\/#website\",\"url\":\"https:\\\/\\\/anadolupet.com.tr\\\/\",\"name\":\"Anadolu Pet Grup\",\"description\":\"Her Can\u0131n \u0130yi Ya\u015fam\u0131 \u0130\u00e7in Biraraday\u0131z\",\"publisher\":{\"@id\":\"https:\\\/\\\/anadolupet.com.tr\\\/#organization\"},\"potentialAction\":[{\"@type\":\"SearchAction\",\"target\":{\"@type\":\"EntryPoint\",\"urlTemplate\":\"https:\\\/\\\/anadolupet.com.tr\\\/?s={search_term_string}\"},\"query-input\":{\"@type\":\"PropertyValueSpecification\",\"valueRequired\":true,\"valueName\":\"search_term_string\"}}],\"inLanguage\":\"en-US\"},{\"@type\":\"Organization\",\"@id\":\"https:\\\/\\\/anadolupet.com.tr\\\/#organization\",\"name\":\"Anadolu Pet Grup\",\"alternateName\":\"Anadolu Pet\",\"url\":\"https:\\\/\\\/anadolupet.com.tr\\\/\",\"logo\":{\"@type\":\"ImageObject\",\"inLanguage\":\"en-US\",\"@id\":\"https:\\\/\\\/anadolupet.com.tr\\\/#\\\/schema\\\/logo\\\/image\\\/\",\"url\":\"https:\\\/\\\/anadolupet.com.tr\\\/wp-content\\\/uploads\\\/2026\\\/03\\\/1614666743370.jpg\",\"contentUrl\":\"https:\\\/\\\/anadolupet.com.tr\\\/wp-content\\\/uploads\\\/2026\\\/03\\\/1614666743370.jpg\",\"width\":800,\"height\":571,\"caption\":\"Anadolu Pet Grup\"},\"image\":{\"@id\":\"https:\\\/\\\/anadolupet.com.tr\\\/#\\\/schema\\\/logo\\\/image\\\/\"}}]}<\/script>\n<!-- \/ Yoast SEO plugin. -->","yoast_head_json":{"title":"EHEIM pHsensor Ak\u0131ll\u0131 pH Sens\u00f6r\u00fc - Anadolu Pet Grup","robots":{"index":"index","follow":"follow","max-snippet":"max-snippet:-1","max-image-preview":"max-image-preview:large","max-video-preview":"max-video-preview:-1"},"canonical":"https:\/\/anadolupet.com.tr\/en\/product\/eheim-phsensor-akilli-ph-sensoru\/","og_locale":"en_US","og_type":"article","og_title":"EHEIM pHsensor Ak\u0131ll\u0131 pH Sens\u00f6r\u00fc - Anadolu Pet Grup","og_description":"Teslimat kapsam\u0131na sadece pH sens\u00f6r\u00fc ve kalibrasyon s\u0131v\u0131s\u0131 dahildir! EHEIM pHcontrol+e \u2013 akvaryumunuzdaki pH de\u011ferini izlemek ve yeniden ayarlamak i\u00e7in ak\u0131ll\u0131 kontrol cihaz\u0131 EHEIM pHcontrol+e ile akvaryumunuzdaki pH de\u011ferini bir ak\u0131ll\u0131 telefon, tablet veya PC\/MAC \u00fczerinden WiFi ba\u011flant\u0131s\u0131 ve web taray\u0131c\u0131n\u0131z arac\u0131l\u0131\u011f\u0131yla kolayca izleyebilir ve optimize edebilirsiniz. Bir pH sens\u00f6r\u00fc suyun mevcut pH de\u011ferini \u00f6l\u00e7er ve pHcontrol+e otomatik olarak gerekli CO2 beslemesini sa\u011flar. CO2 sistemine seri olarak ba\u011flanan manyetik valfi kontrol ederek, istenen pH de\u011ferine ula\u015f\u0131lana kadar gerekli miktarda CO2 ekler. Bunu ba\u015farmak i\u00e7in CO2 sisteminizi, yani bir CO2 \u015fi\u015fesini bas\u0131n\u00e7 d\u00fc\u015f\u00fcr\u00fcc\u00fc ve manyetik valf (EHEIM CO2 setlerine bak\u0131n) ve bir CO2 dif\u00fcz\u00f6r\u00fc arac\u0131l\u0131\u011f\u0131yla ba\u011flaman\u0131z gerekir. pHcontrol+e, g\u00fcnd\u00fcz\/gece kontrol\u00fcne sahiptir ve EHEIM LEDcontrol+e ayd\u0131nlatma kontrol\u00fcne ba\u011flanabilir (EHEIM DIGITAL ailesine bak\u0131n). I\u015f\u0131k, azot, fosfat, eser elementler vb. yan\u0131 s\u0131ra, akvaryumunuzdaki bitkiler her \u015feyden \u00f6nce \u00f6nemli bir besin maddesi olarak CO2'ye ihtiya\u00e7 duyar. Bitkiler ne kadar iyi geli\u015firse, bal\u0131klar\u0131n nefes almak i\u00e7in ihtiya\u00e7 duydu\u011fu oksijeni o kadar fazla salarlar. B\u00f6ylece, EHEIM pHcontrol+e, CO2 ekleyerek dolayl\u0131 olarak bal\u0131klar\u0131n\u0131z i\u00e7in oksijen ve optimum pH de\u011ferini sa\u011flar. Bu de\u011fer genellikle pH 6 ile pH 8 aras\u0131ndad\u0131r; pH 7 referans i\u00e7in n\u00f6tr bir de\u011fer olarak kabul edilir. Not: pH de\u011ferinin \u00f6l\u00e7\u00fclmesi ve stabilize edilmesinin temeli, suyun karbonat sertli\u011fidir (\"KH\"). Bu nedenle, EHEIM pHcontrol+e (Ak\u0131ll\u0131 modda) ilk olarak KH de\u011ferini sorgular. \u00c7\u00fcnk\u00fc KH, CO2 ve pH de\u011feri birbirini etkiler.  EHEIM pHcontrol+e'nin \u00f6zellikleri 1. Akvaryumdaki pH de\u011ferini CO2 ilavesini d\u00fczenleyerek izlemek ve kontrol etmek i\u00e7in ak\u0131ll\u0131 bir kontrol cihaz\u0131. 2. WLAN \u00f6zellikli bir u\u00e7 cihaz (ak\u0131ll\u0131 telefon, tablet, PC\/MAC) ile kablosuz WiFi ba\u011flant\u0131s\u0131 i\u00e7erir. 3. EHEIM DIGITAL ailesinin cihazlar\u0131yla ba\u011flant\u0131 ve uyumluluk sa\u011flar.   pH sens\u00f6r\u00fc arac\u0131l\u0131\u011f\u0131yla pH de\u011ferini \u00f6l\u00e7er (\u00f6l\u00e7\u00fcm aral\u0131\u011f\u0131: pH 0 ila pH 14).   Kontrol\u00f6r\u00fcn kontrol aral\u0131\u011f\u0131 pH 6 ila pH 9.   Bas\u0131n\u00e7 d\u00fc\u015f\u00fcr\u00fcc\u00fc ile CO2 \u015fi\u015fesine (EHEIM CO2 seti) ba\u011flanmas\u0131 gerekir.   Aral\u0131k b\u0131rak\u0131lm\u0131\u015f manyetik valf arac\u0131l\u0131\u011f\u0131yla CO2 ilavesini elektronik olarak kontrol eder.   LEDcontrol+e (g\u00fcnd\u00fcz\/gece kontrol\u00fc) ile ak\u0131ll\u0131 modda veya kendi g\u00fcnd\u00fcz\/gece kontrol\u00fc ile basit ve geni\u015fletilmi\u015f biyo modda ba\u011flant\u0131 kurarak CO2 ilavesini ayarlar.   KH de\u011ferini (karbonat sertli\u011fi) \u00f6nceden sorgular.   Su testi ve kalibrasyon hat\u0131rlat\u0131c\u0131lar\u0131 ayarlar.   pH sens\u00f6r\u00fcn\u00fcn k\u0131lavuzlu kalibrasyonlar\u0131.   pH de\u011ferinin sapmas\u0131 (yukar\u0131\/a\u015fa\u011f\u0131) durumunda uyar\u0131 g\u00f6nderir.   EHEIM pH sens\u00f6r\u00fcn\u00fcn de\u011fi\u015ftirilmesi gerekip gerekmedi\u011fini bildirir.   Yeni geli\u015ftirilmi\u015f \u00e7ip nesli sayesinde en iyi performans, y\u00fcksek g\u00fc\u00e7, istikrarl\u0131 ba\u011flant\u0131 ve b\u00fcy\u00fck bellek kapasitesi sa\u011flar.   En y\u00fcksek g\u00fcvenlik ve g\u00fcvenilirlik - 3 y\u0131l garanti","og_url":"https:\/\/anadolupet.com.tr\/en\/product\/eheim-phsensor-akilli-ph-sensoru\/","og_site_name":"Anadolu Pet Grup","article_modified_time":"2026-02-23T12:48:15+00:00","og_image":[{"width":750,"height":750,"url":"https:\/\/anadolupet.com.tr\/wp-content\/uploads\/2026\/02\/105-6062020.jpg","type":"image\/jpeg"}],"twitter_card":"summary_large_image","schema":{"@context":"https:\/\/schema.org","@graph":[{"@type":"WebPage","@id":"https:\/\/anadolupet.com.tr\/urun\/eheim-phsensor-akilli-ph-sensoru\/","url":"https:\/\/anadolupet.com.tr\/urun\/eheim-phsensor-akilli-ph-sensoru\/","name":"EHEIM pHsensor Ak\u0131ll\u0131 pH Sens\u00f6r\u00fc - Anadolu Pet Grup","isPartOf":{"@id":"https:\/\/anadolupet.com.tr\/#website"},"primaryImageOfPage":{"@id":"https:\/\/anadolupet.com.tr\/urun\/eheim-phsensor-akilli-ph-sensoru\/#primaryimage"},"image":{"@id":"https:\/\/anadolupet.com.tr\/urun\/eheim-phsensor-akilli-ph-sensoru\/#primaryimage"},"thumbnailUrl":"https:\/\/anadolupet.com.tr\/wp-content\/uploads\/2026\/02\/105-6062020.jpg","datePublished":"2026-02-14T14:40:15+00:00","dateModified":"2026-02-23T12:48:15+00:00","breadcrumb":{"@id":"https:\/\/anadolupet.com.tr\/urun\/eheim-phsensor-akilli-ph-sensoru\/#breadcrumb"},"inLanguage":"en-US","potentialAction":[{"@type":"ReadAction","target":["https:\/\/anadolupet.com.tr\/urun\/eheim-phsensor-akilli-ph-sensoru\/"]}]},{"@type":"ImageObject","inLanguage":"en-US","@id":"https:\/\/anadolupet.com.tr\/urun\/eheim-phsensor-akilli-ph-sensoru\/#primaryimage","url":"https:\/\/anadolupet.com.tr\/wp-content\/uploads\/2026\/02\/105-6062020.jpg","contentUrl":"https:\/\/anadolupet.com.tr\/wp-content\/uploads\/2026\/02\/105-6062020.jpg","width":750,"height":750},{"@type":"BreadcrumbList","@id":"https:\/\/anadolupet.com.tr\/urun\/eheim-phsensor-akilli-ph-sensoru\/#breadcrumb","itemListElement":[{"@type":"ListItem","position":1,"name":"Anasayfa","item":"https:\/\/anadolupet.com.tr\/"},{"@type":"ListItem","position":2,"name":"\u00dcr\u00fcnler","item":"https:\/\/anadolupet.com.tr\/urunler\/"},{"@type":"ListItem","position":3,"name":"EHEIM pHsensor Ak\u0131ll\u0131 pH Sens\u00f6r\u00fc"}]},{"@type":"WebSite","@id":"https:\/\/anadolupet.com.tr\/#website","url":"https:\/\/anadolupet.com.tr\/","name":"Anadolu Pet Group","description":"We Stand Together for the Well-Being of Every Life","publisher":{"@id":"https:\/\/anadolupet.com.tr\/#organization"},"potentialAction":[{"@type":"SearchAction","target":{"@type":"EntryPoint","urlTemplate":"https:\/\/anadolupet.com.tr\/?s={search_term_string}"},"query-input":{"@type":"PropertyValueSpecification","valueRequired":true,"valueName":"search_term_string"}}],"inLanguage":"en-US"},{"@type":"Organization","@id":"https:\/\/anadolupet.com.tr\/#organization","name":"Anadolu Pet Group","alternateName":"Anadolu Pet","url":"https:\/\/anadolupet.com.tr\/","logo":{"@type":"ImageObject","inLanguage":"en-US","@id":"https:\/\/anadolupet.com.tr\/#\/schema\/logo\/image\/","url":"https:\/\/anadolupet.com.tr\/wp-content\/uploads\/2026\/03\/1614666743370.jpg","contentUrl":"https:\/\/anadolupet.com.tr\/wp-content\/uploads\/2026\/03\/1614666743370.jpg","width":800,"height":571,"caption":"Anadolu Pet Grup"},"image":{"@id":"https:\/\/anadolupet.com.tr\/#\/schema\/logo\/image\/"}}]}},"_links":{"self":[{"href":"https:\/\/anadolupet.com.tr\/en\/wp-json\/wp\/v2\/product\/44992","targetHints":{"allow":["GET"]}}],"collection":[{"href":"https:\/\/anadolupet.com.tr\/en\/wp-json\/wp\/v2\/product"}],"about":[{"href":"https:\/\/anadolupet.com.tr\/en\/wp-json\/wp\/v2\/types\/product"}],"replies":[{"embeddable":true,"href":"https:\/\/anadolupet.com.tr\/en\/wp-json\/wp\/v2\/comments?post=44992"}],"wp:featuredmedia":[{"embeddable":true,"href":"https:\/\/anadolupet.com.tr\/en\/wp-json\/wp\/v2\/media\/42497"}],"wp:attachment":[{"href":"https:\/\/anadolupet.com.tr\/en\/wp-json\/wp\/v2\/media?parent=44992"}],"wp:term":[{"taxonomy":"product_brand","embeddable":true,"href":"https:\/\/anadolupet.com.tr\/en\/wp-json\/wp\/v2\/product_brand?post=44992"},{"taxonomy":"product_cat","embeddable":true,"href":"https:\/\/anadolupet.com.tr\/en\/wp-json\/wp\/v2\/product_cat?post=44992"},{"taxonomy":"product_tag","embeddable":true,"href":"https:\/\/anadolupet.com.tr\/en\/wp-json\/wp\/v2\/product_tag?post=44992"}],"curies":[{"name":"wp","href":"https:\/\/api.w.org\/{rel}","templated":true}]}}