{"id":44999,"date":"2026-02-14T14:40:18","date_gmt":"2026-02-14T14:40:18","guid":{"rendered":"https:\/\/anadolupet.com.tr\/?post_type=product&#038;p=44999"},"modified":"2026-02-23T12:48:16","modified_gmt":"2026-02-23T12:48:16","slug":"eheim-pilli-dip-supurgesi","status":"publish","type":"product","link":"https:\/\/anadolupet.com.tr\/en\/urun\/eheim-pilli-dip-supurgesi\/","title":{"rendered":"EHEIM Pilli Dip S\u00fcp\u00fcrgesi"},"content":{"rendered":"","protected":false},"excerpt":{"rendered":"<p>EHEIM Pilli Dip Temizleyici, akvaryum taban\u0131ndaki kum ve \u00e7ak\u0131l y\u00fczeyini su de\u011fi\u015fimlerinden ba\u011f\u0131ms\u0131z olarak kolayca temizlemenizi sa\u011flar. G\u00fc\u00e7l\u00fc emi\u015f g\u00fcc\u00fc sayesinde kir ve tortular\u0131 etkili \u015fekilde toplar, ancak taban\u0131 fazla kar\u0131\u015ft\u0131rmaz. \u00d6zel a\u011f filtre haznesi kirleri toplarken suyun akvaryuma geri d\u00f6nmesini sa\u011flar. Filtre haznesi kolayca \u00e7\u0131kar\u0131l\u0131p temizlenebilir.<br \/>\nTatl\u0131 su ve deniz suyu akvaryumlar\u0131nda kullan\u0131labilen bu pratik \u00fcr\u00fcn, orta seviye temizlik i\u00e7in idealdir ve akvaryum bak\u0131m\u0131n\u0131z\u0131 zahmetsiz hale getirir.<br \/>\n\u00d6ne \u00c7\u0131kan \u00d6zellikler<br \/>\nPratik Temizlik: Su de\u011fi\u015fimleri aras\u0131nda dip temizli\u011fi i\u00e7in ideal.<br \/>\nTaban\u0131 Korur: \u00c7ak\u0131l ve kum y\u00fczeyi minimum d\u00fczeyde kar\u0131\u015f\u0131r.<br \/>\nFiltre Haznesi: Kirleri toplar, suyu akvaryuma geri verir.<br \/>\nKolay Kullan\u0131m: Filtre haznesi \u00e7\u0131kar\u0131labilir ve temizlenebilir.<br \/>\nBatteriler Dahil: Kullan\u0131ma haz\u0131r \u015fekilde gelir.<br \/>\nGeni\u015f Uyumluluk: Tatl\u0131 su ve deniz suyu akvaryumlar\u0131nda kullan\u0131labilir.<br \/>\nTeknik Bilgiler<br \/>\nPaket \u0130\u00e7eri\u011fi: 4 par\u00e7a<br \/>\nPaket \u00d6l\u00e7\u00fcleri: 6 cm (derinlik) x 45,3 cm (y\u00fckseklik) x 15,4 cm (geni\u015flik)<\/p>","protected":false},"featured_media":42397,"comment_status":"open","ping_status":"closed","template":"","meta":{"_acf_changed":false},"product_brand":[],"product_cat":[2416],"product_tag":[],"class_list":{"0":"post-44999","1":"product","2":"type-product","3":"status-publish","4":"has-post-thumbnail","6":"product_cat-temizlik-ve-bakim","8":"first","9":"instock","10":"shipping-taxable","11":"product-type-simple"},"acf":[],"yoast_head":"<!-- This site is optimized with the Yoast SEO plugin v27.4 - https:\/\/yoast.com\/product\/yoast-seo-wordpress\/ -->\n<title>EHEIM Pilli Dip S\u00fcp\u00fcrgesi - Anadolu Pet Grup<\/title>\n<meta name=\"robots\" content=\"index, follow, max-snippet:-1, max-image-preview:large, max-video-preview:-1\" \/>\n<link rel=\"canonical\" href=\"https:\/\/anadolupet.com.tr\/en\/product\/eheim-pilli-dip-supurgesi\/\" \/>\n<meta property=\"og:locale\" content=\"en_US\" \/>\n<meta property=\"og:type\" content=\"article\" \/>\n<meta property=\"og:title\" content=\"EHEIM Pilli Dip S\u00fcp\u00fcrgesi - Anadolu Pet Grup\" \/>\n<meta property=\"og:description\" content=\"EHEIM Pilli Dip Temizleyici, akvaryum taban\u0131ndaki kum ve \u00e7ak\u0131l y\u00fczeyini su de\u011fi\u015fimlerinden ba\u011f\u0131ms\u0131z olarak kolayca temizlemenizi sa\u011flar. G\u00fc\u00e7l\u00fc emi\u015f g\u00fcc\u00fc sayesinde kir ve tortular\u0131 etkili \u015fekilde toplar, ancak taban\u0131 fazla kar\u0131\u015ft\u0131rmaz. \u00d6zel a\u011f filtre haznesi kirleri toplarken suyun akvaryuma geri d\u00f6nmesini sa\u011flar. Filtre haznesi kolayca \u00e7\u0131kar\u0131l\u0131p temizlenebilir. Tatl\u0131 su ve deniz suyu akvaryumlar\u0131nda kullan\u0131labilen bu pratik \u00fcr\u00fcn, orta seviye temizlik i\u00e7in idealdir ve akvaryum bak\u0131m\u0131n\u0131z\u0131 zahmetsiz hale getirir. \u00d6ne \u00c7\u0131kan \u00d6zellikler Pratik Temizlik: Su de\u011fi\u015fimleri aras\u0131nda dip temizli\u011fi i\u00e7in ideal. Taban\u0131 Korur: \u00c7ak\u0131l ve kum y\u00fczeyi minimum d\u00fczeyde kar\u0131\u015f\u0131r. Filtre Haznesi: Kirleri toplar, suyu akvaryuma geri verir. Kolay Kullan\u0131m: Filtre haznesi \u00e7\u0131kar\u0131labilir ve temizlenebilir. Batteriler Dahil: Kullan\u0131ma haz\u0131r \u015fekilde gelir. Geni\u015f Uyumluluk: Tatl\u0131 su ve deniz suyu akvaryumlar\u0131nda kullan\u0131labilir. Teknik Bilgiler Paket \u0130\u00e7eri\u011fi: 4 par\u00e7a Paket \u00d6l\u00e7\u00fcleri: 6 cm (derinlik) x 45,3 cm (y\u00fckseklik) x 15,4 cm (geni\u015flik)\" \/>\n<meta property=\"og:url\" content=\"https:\/\/anadolupet.com.tr\/en\/product\/eheim-pilli-dip-supurgesi\/\" \/>\n<meta property=\"og:site_name\" content=\"Anadolu Pet Grup\" \/>\n<meta property=\"article:modified_time\" content=\"2026-02-23T12:48:16+00:00\" \/>\n<meta property=\"og:image\" content=\"https:\/\/anadolupet.com.tr\/wp-content\/uploads\/2026\/02\/105-3531000.jpg\" \/>\n\t<meta property=\"og:image:width\" content=\"750\" \/>\n\t<meta property=\"og:image:height\" content=\"750\" \/>\n\t<meta property=\"og:image:type\" content=\"image\/jpeg\" \/>\n<meta name=\"twitter:card\" content=\"summary_large_image\" \/>\n<script type=\"application\/ld+json\" class=\"yoast-schema-graph\">{\"@context\":\"https:\\\/\\\/schema.org\",\"@graph\":[{\"@type\":\"WebPage\",\"@id\":\"https:\\\/\\\/anadolupet.com.tr\\\/urun\\\/eheim-pilli-dip-supurgesi\\\/\",\"url\":\"https:\\\/\\\/anadolupet.com.tr\\\/urun\\\/eheim-pilli-dip-supurgesi\\\/\",\"name\":\"EHEIM Pilli Dip S\u00fcp\u00fcrgesi - Anadolu Pet Grup\",\"isPartOf\":{\"@id\":\"https:\\\/\\\/anadolupet.com.tr\\\/#website\"},\"primaryImageOfPage\":{\"@id\":\"https:\\\/\\\/anadolupet.com.tr\\\/urun\\\/eheim-pilli-dip-supurgesi\\\/#primaryimage\"},\"image\":{\"@id\":\"https:\\\/\\\/anadolupet.com.tr\\\/urun\\\/eheim-pilli-dip-supurgesi\\\/#primaryimage\"},\"thumbnailUrl\":\"https:\\\/\\\/anadolupet.com.tr\\\/wp-content\\\/uploads\\\/2026\\\/02\\\/105-3531000.jpg\",\"datePublished\":\"2026-02-14T14:40:18+00:00\",\"dateModified\":\"2026-02-23T12:48:16+00:00\",\"breadcrumb\":{\"@id\":\"https:\\\/\\\/anadolupet.com.tr\\\/urun\\\/eheim-pilli-dip-supurgesi\\\/#breadcrumb\"},\"inLanguage\":\"en-US\",\"potentialAction\":[{\"@type\":\"ReadAction\",\"target\":[\"https:\\\/\\\/anadolupet.com.tr\\\/urun\\\/eheim-pilli-dip-supurgesi\\\/\"]}]},{\"@type\":\"ImageObject\",\"inLanguage\":\"en-US\",\"@id\":\"https:\\\/\\\/anadolupet.com.tr\\\/urun\\\/eheim-pilli-dip-supurgesi\\\/#primaryimage\",\"url\":\"https:\\\/\\\/anadolupet.com.tr\\\/wp-content\\\/uploads\\\/2026\\\/02\\\/105-3531000.jpg\",\"contentUrl\":\"https:\\\/\\\/anadolupet.com.tr\\\/wp-content\\\/uploads\\\/2026\\\/02\\\/105-3531000.jpg\",\"width\":750,\"height\":750},{\"@type\":\"BreadcrumbList\",\"@id\":\"https:\\\/\\\/anadolupet.com.tr\\\/urun\\\/eheim-pilli-dip-supurgesi\\\/#breadcrumb\",\"itemListElement\":[{\"@type\":\"ListItem\",\"position\":1,\"name\":\"Anasayfa\",\"item\":\"https:\\\/\\\/anadolupet.com.tr\\\/\"},{\"@type\":\"ListItem\",\"position\":2,\"name\":\"\u00dcr\u00fcnler\",\"item\":\"https:\\\/\\\/anadolupet.com.tr\\\/urunler\\\/\"},{\"@type\":\"ListItem\",\"position\":3,\"name\":\"EHEIM Pilli Dip S\u00fcp\u00fcrgesi\"}]},{\"@type\":\"WebSite\",\"@id\":\"https:\\\/\\\/anadolupet.com.tr\\\/#website\",\"url\":\"https:\\\/\\\/anadolupet.com.tr\\\/\",\"name\":\"Anadolu Pet Grup\",\"description\":\"Her Can\u0131n \u0130yi Ya\u015fam\u0131 \u0130\u00e7in Biraraday\u0131z\",\"publisher\":{\"@id\":\"https:\\\/\\\/anadolupet.com.tr\\\/#organization\"},\"potentialAction\":[{\"@type\":\"SearchAction\",\"target\":{\"@type\":\"EntryPoint\",\"urlTemplate\":\"https:\\\/\\\/anadolupet.com.tr\\\/?s={search_term_string}\"},\"query-input\":{\"@type\":\"PropertyValueSpecification\",\"valueRequired\":true,\"valueName\":\"search_term_string\"}}],\"inLanguage\":\"en-US\"},{\"@type\":\"Organization\",\"@id\":\"https:\\\/\\\/anadolupet.com.tr\\\/#organization\",\"name\":\"Anadolu Pet Grup\",\"alternateName\":\"Anadolu Pet\",\"url\":\"https:\\\/\\\/anadolupet.com.tr\\\/\",\"logo\":{\"@type\":\"ImageObject\",\"inLanguage\":\"en-US\",\"@id\":\"https:\\\/\\\/anadolupet.com.tr\\\/#\\\/schema\\\/logo\\\/image\\\/\",\"url\":\"https:\\\/\\\/anadolupet.com.tr\\\/wp-content\\\/uploads\\\/2026\\\/03\\\/1614666743370.jpg\",\"contentUrl\":\"https:\\\/\\\/anadolupet.com.tr\\\/wp-content\\\/uploads\\\/2026\\\/03\\\/1614666743370.jpg\",\"width\":800,\"height\":571,\"caption\":\"Anadolu Pet Grup\"},\"image\":{\"@id\":\"https:\\\/\\\/anadolupet.com.tr\\\/#\\\/schema\\\/logo\\\/image\\\/\"}}]}<\/script>\n<!-- \/ Yoast SEO plugin. -->","yoast_head_json":{"title":"EHEIM Pilli Dip S\u00fcp\u00fcrgesi - Anadolu Pet Grup","robots":{"index":"index","follow":"follow","max-snippet":"max-snippet:-1","max-image-preview":"max-image-preview:large","max-video-preview":"max-video-preview:-1"},"canonical":"https:\/\/anadolupet.com.tr\/en\/product\/eheim-pilli-dip-supurgesi\/","og_locale":"en_US","og_type":"article","og_title":"EHEIM Pilli Dip S\u00fcp\u00fcrgesi - Anadolu Pet Grup","og_description":"EHEIM Pilli Dip Temizleyici, akvaryum taban\u0131ndaki kum ve \u00e7ak\u0131l y\u00fczeyini su de\u011fi\u015fimlerinden ba\u011f\u0131ms\u0131z olarak kolayca temizlemenizi sa\u011flar. G\u00fc\u00e7l\u00fc emi\u015f g\u00fcc\u00fc sayesinde kir ve tortular\u0131 etkili \u015fekilde toplar, ancak taban\u0131 fazla kar\u0131\u015ft\u0131rmaz. \u00d6zel a\u011f filtre haznesi kirleri toplarken suyun akvaryuma geri d\u00f6nmesini sa\u011flar. Filtre haznesi kolayca \u00e7\u0131kar\u0131l\u0131p temizlenebilir. Tatl\u0131 su ve deniz suyu akvaryumlar\u0131nda kullan\u0131labilen bu pratik \u00fcr\u00fcn, orta seviye temizlik i\u00e7in idealdir ve akvaryum bak\u0131m\u0131n\u0131z\u0131 zahmetsiz hale getirir. \u00d6ne \u00c7\u0131kan \u00d6zellikler Pratik Temizlik: Su de\u011fi\u015fimleri aras\u0131nda dip temizli\u011fi i\u00e7in ideal. Taban\u0131 Korur: \u00c7ak\u0131l ve kum y\u00fczeyi minimum d\u00fczeyde kar\u0131\u015f\u0131r. Filtre Haznesi: Kirleri toplar, suyu akvaryuma geri verir. Kolay Kullan\u0131m: Filtre haznesi \u00e7\u0131kar\u0131labilir ve temizlenebilir. Batteriler Dahil: Kullan\u0131ma haz\u0131r \u015fekilde gelir. Geni\u015f Uyumluluk: Tatl\u0131 su ve deniz suyu akvaryumlar\u0131nda kullan\u0131labilir. Teknik Bilgiler Paket \u0130\u00e7eri\u011fi: 4 par\u00e7a Paket \u00d6l\u00e7\u00fcleri: 6 cm (derinlik) x 45,3 cm (y\u00fckseklik) x 15,4 cm (geni\u015flik)","og_url":"https:\/\/anadolupet.com.tr\/en\/product\/eheim-pilli-dip-supurgesi\/","og_site_name":"Anadolu Pet Grup","article_modified_time":"2026-02-23T12:48:16+00:00","og_image":[{"width":750,"height":750,"url":"https:\/\/anadolupet.com.tr\/wp-content\/uploads\/2026\/02\/105-3531000.jpg","type":"image\/jpeg"}],"twitter_card":"summary_large_image","schema":{"@context":"https:\/\/schema.org","@graph":[{"@type":"WebPage","@id":"https:\/\/anadolupet.com.tr\/urun\/eheim-pilli-dip-supurgesi\/","url":"https:\/\/anadolupet.com.tr\/urun\/eheim-pilli-dip-supurgesi\/","name":"EHEIM Pilli Dip S\u00fcp\u00fcrgesi - Anadolu Pet Grup","isPartOf":{"@id":"https:\/\/anadolupet.com.tr\/#website"},"primaryImageOfPage":{"@id":"https:\/\/anadolupet.com.tr\/urun\/eheim-pilli-dip-supurgesi\/#primaryimage"},"image":{"@id":"https:\/\/anadolupet.com.tr\/urun\/eheim-pilli-dip-supurgesi\/#primaryimage"},"thumbnailUrl":"https:\/\/anadolupet.com.tr\/wp-content\/uploads\/2026\/02\/105-3531000.jpg","datePublished":"2026-02-14T14:40:18+00:00","dateModified":"2026-02-23T12:48:16+00:00","breadcrumb":{"@id":"https:\/\/anadolupet.com.tr\/urun\/eheim-pilli-dip-supurgesi\/#breadcrumb"},"inLanguage":"en-US","potentialAction":[{"@type":"ReadAction","target":["https:\/\/anadolupet.com.tr\/urun\/eheim-pilli-dip-supurgesi\/"]}]},{"@type":"ImageObject","inLanguage":"en-US","@id":"https:\/\/anadolupet.com.tr\/urun\/eheim-pilli-dip-supurgesi\/#primaryimage","url":"https:\/\/anadolupet.com.tr\/wp-content\/uploads\/2026\/02\/105-3531000.jpg","contentUrl":"https:\/\/anadolupet.com.tr\/wp-content\/uploads\/2026\/02\/105-3531000.jpg","width":750,"height":750},{"@type":"BreadcrumbList","@id":"https:\/\/anadolupet.com.tr\/urun\/eheim-pilli-dip-supurgesi\/#breadcrumb","itemListElement":[{"@type":"ListItem","position":1,"name":"Anasayfa","item":"https:\/\/anadolupet.com.tr\/"},{"@type":"ListItem","position":2,"name":"\u00dcr\u00fcnler","item":"https:\/\/anadolupet.com.tr\/urunler\/"},{"@type":"ListItem","position":3,"name":"EHEIM Pilli Dip S\u00fcp\u00fcrgesi"}]},{"@type":"WebSite","@id":"https:\/\/anadolupet.com.tr\/#website","url":"https:\/\/anadolupet.com.tr\/","name":"Anadolu Pet Group","description":"We Stand Together for the Well-Being of Every Life","publisher":{"@id":"https:\/\/anadolupet.com.tr\/#organization"},"potentialAction":[{"@type":"SearchAction","target":{"@type":"EntryPoint","urlTemplate":"https:\/\/anadolupet.com.tr\/?s={search_term_string}"},"query-input":{"@type":"PropertyValueSpecification","valueRequired":true,"valueName":"search_term_string"}}],"inLanguage":"en-US"},{"@type":"Organization","@id":"https:\/\/anadolupet.com.tr\/#organization","name":"Anadolu Pet Group","alternateName":"Anadolu Pet","url":"https:\/\/anadolupet.com.tr\/","logo":{"@type":"ImageObject","inLanguage":"en-US","@id":"https:\/\/anadolupet.com.tr\/#\/schema\/logo\/image\/","url":"https:\/\/anadolupet.com.tr\/wp-content\/uploads\/2026\/03\/1614666743370.jpg","contentUrl":"https:\/\/anadolupet.com.tr\/wp-content\/uploads\/2026\/03\/1614666743370.jpg","width":800,"height":571,"caption":"Anadolu Pet Grup"},"image":{"@id":"https:\/\/anadolupet.com.tr\/#\/schema\/logo\/image\/"}}]}},"_links":{"self":[{"href":"https:\/\/anadolupet.com.tr\/en\/wp-json\/wp\/v2\/product\/44999","targetHints":{"allow":["GET"]}}],"collection":[{"href":"https:\/\/anadolupet.com.tr\/en\/wp-json\/wp\/v2\/product"}],"about":[{"href":"https:\/\/anadolupet.com.tr\/en\/wp-json\/wp\/v2\/types\/product"}],"replies":[{"embeddable":true,"href":"https:\/\/anadolupet.com.tr\/en\/wp-json\/wp\/v2\/comments?post=44999"}],"wp:featuredmedia":[{"embeddable":true,"href":"https:\/\/anadolupet.com.tr\/en\/wp-json\/wp\/v2\/media\/42397"}],"wp:attachment":[{"href":"https:\/\/anadolupet.com.tr\/en\/wp-json\/wp\/v2\/media?parent=44999"}],"wp:term":[{"taxonomy":"product_brand","embeddable":true,"href":"https:\/\/anadolupet.com.tr\/en\/wp-json\/wp\/v2\/product_brand?post=44999"},{"taxonomy":"product_cat","embeddable":true,"href":"https:\/\/anadolupet.com.tr\/en\/wp-json\/wp\/v2\/product_cat?post=44999"},{"taxonomy":"product_tag","embeddable":true,"href":"https:\/\/anadolupet.com.tr\/en\/wp-json\/wp\/v2\/product_tag?post=44999"}],"curies":[{"name":"wp","href":"https:\/\/api.w.org\/{rel}","templated":true}]}}