{"id":45003,"date":"2026-02-14T14:40:18","date_gmt":"2026-02-14T14:40:18","guid":{"rendered":"https:\/\/anadolupet.com.tr\/?post_type=product&#038;p=45003"},"modified":"2026-02-23T12:48:17","modified_gmt":"2026-02-23T12:48:17","slug":"eheim-pond-air-500-havuz-icin-cift-cikisli-hava-motoru","status":"publish","type":"product","link":"https:\/\/anadolupet.com.tr\/en\/urun\/eheim-pond-air-500-havuz-icin-cift-cikisli-hava-motoru\/","title":{"rendered":"EHEIM Pond Air 500 Havuz i\u00e7in \u00c7ift \u00c7\u0131k\u0131\u015fl\u0131 Hava Motoru"},"content":{"rendered":"","protected":false},"excerpt":{"rendered":"<p>Bah\u00e7e havuzlar\u0131nda bal\u0131klar ve bitkilerin sa\u011fl\u0131kl\u0131 ya\u015fam\u0131 i\u00e7in yeterli oksijen b\u00fcy\u00fck \u00f6nem ta\u015f\u0131r. EHEIM AIR havuz hava motoru, havuzunuzdaki canl\u0131lara gerekli oksijen deste\u011fini sa\u011flar, su dola\u015f\u0131m\u0131n\u0131 iyile\u015ftirerek filtrasyon verimini art\u0131r\u0131r ve zararl\u0131 maddelerin bakteriler taraf\u0131ndan par\u00e7alanmas\u0131na yard\u0131mc\u0131 olur. B\u00f6ylece havuzunuzda dengeli ve sa\u011fl\u0131kl\u0131 bir ekosistem olu\u015fur.<\/p>\n<p>Sessiz, enerji tasarruflu ve dayan\u0131kl\u0131!<\/p>\n<p>Avantajlar ve \u00d6zellikler<br \/>\nS\u00fcper sessiz \u00e7al\u0131\u015fma<\/p>\n<p>Enerji tasarruflu \u2013 d\u00fc\u015f\u00fck g\u00fc\u00e7 t\u00fcketimi, y\u00fcksek verim<\/p>\n<p>Bal\u0131klar ve bitkiler i\u00e7in optimum oksijen deste\u011fi<\/p>\n<p>UV dayan\u0131ml\u0131 sa\u011flam g\u00f6vde ve g\u00fc\u00e7l\u00fc pompa teknolojisi<\/p>\n<p>Kolay kullan\u0131m \u2013 pratik kurulum ve bak\u0131m<\/p>\n<p>Teslimat Kapsam\u0131<br \/>\n2 \u00e7\u0131k\u0131\u015fl\u0131 hava pompas\u0131<\/p>\n<p>2 adet hava ta\u015f\u0131<\/p>\n<p>2 adet 5 m uzunlu\u011funda hava hortumu<\/p>\n<p>2 \u00e7\u0131k\u0131\u015f i\u00e7in iki-\u00fc\u00e7 ba\u011flant\u0131 par\u00e7as\u0131<\/p>\n<p>2 adet geri d\u00f6n\u00fc\u015fs\u00fcz valf<\/p>","protected":false},"featured_media":42493,"comment_status":"open","ping_status":"closed","template":"","meta":{"_acf_changed":false},"product_brand":[],"product_cat":[2377],"product_tag":[],"class_list":{"0":"post-45003","1":"product","2":"type-product","3":"status-publish","4":"has-post-thumbnail","6":"product_cat-akvaryum-hava-motorlari","8":"first","9":"instock","10":"shipping-taxable","11":"product-type-simple"},"acf":[],"yoast_head":"<!-- This site is optimized with the Yoast SEO plugin v27.5 - https:\/\/yoast.com\/product\/yoast-seo-wordpress\/ -->\n<title>EHEIM Pond Air 500 Havuz i\u00e7in \u00c7ift \u00c7\u0131k\u0131\u015fl\u0131 Hava Motoru - Anadolu Pet Grup<\/title>\n<meta name=\"robots\" content=\"index, follow, max-snippet:-1, max-image-preview:large, max-video-preview:-1\" \/>\n<link rel=\"canonical\" href=\"https:\/\/anadolupet.com.tr\/en\/product\/eheim-pond-air-500-havuz-icin-cift-cikisli-hava-motoru\/\" \/>\n<meta property=\"og:locale\" content=\"en_US\" \/>\n<meta property=\"og:type\" content=\"article\" \/>\n<meta property=\"og:title\" content=\"EHEIM Pond Air 500 Havuz i\u00e7in \u00c7ift \u00c7\u0131k\u0131\u015fl\u0131 Hava Motoru - Anadolu Pet Grup\" \/>\n<meta property=\"og:description\" content=\"Bah\u00e7e havuzlar\u0131nda bal\u0131klar ve bitkilerin sa\u011fl\u0131kl\u0131 ya\u015fam\u0131 i\u00e7in yeterli oksijen b\u00fcy\u00fck \u00f6nem ta\u015f\u0131r. EHEIM AIR havuz hava motoru, havuzunuzdaki canl\u0131lara gerekli oksijen deste\u011fini sa\u011flar, su dola\u015f\u0131m\u0131n\u0131 iyile\u015ftirerek filtrasyon verimini art\u0131r\u0131r ve zararl\u0131 maddelerin bakteriler taraf\u0131ndan par\u00e7alanmas\u0131na yard\u0131mc\u0131 olur. B\u00f6ylece havuzunuzda dengeli ve sa\u011fl\u0131kl\u0131 bir ekosistem olu\u015fur. Sessiz, enerji tasarruflu ve dayan\u0131kl\u0131! Avantajlar ve \u00d6zellikler S\u00fcper sessiz \u00e7al\u0131\u015fma Enerji tasarruflu \u2013 d\u00fc\u015f\u00fck g\u00fc\u00e7 t\u00fcketimi, y\u00fcksek verim Bal\u0131klar ve bitkiler i\u00e7in optimum oksijen deste\u011fi UV dayan\u0131ml\u0131 sa\u011flam g\u00f6vde ve g\u00fc\u00e7l\u00fc pompa teknolojisi Kolay kullan\u0131m \u2013 pratik kurulum ve bak\u0131m Teslimat Kapsam\u0131 2 \u00e7\u0131k\u0131\u015fl\u0131 hava pompas\u0131 2 adet hava ta\u015f\u0131 2 adet 5 m uzunlu\u011funda hava hortumu 2 \u00e7\u0131k\u0131\u015f i\u00e7in iki-\u00fc\u00e7 ba\u011flant\u0131 par\u00e7as\u0131 2 adet geri d\u00f6n\u00fc\u015fs\u00fcz valf\" \/>\n<meta property=\"og:url\" content=\"https:\/\/anadolupet.com.tr\/en\/product\/eheim-pond-air-500-havuz-icin-cift-cikisli-hava-motoru\/\" \/>\n<meta property=\"og:site_name\" content=\"Anadolu Pet Grup\" \/>\n<meta property=\"article:modified_time\" content=\"2026-02-23T12:48:17+00:00\" \/>\n<meta property=\"og:image\" content=\"https:\/\/anadolupet.com.tr\/wp-content\/uploads\/2026\/02\/105-5320010.jpg\" \/>\n\t<meta property=\"og:image:width\" content=\"750\" \/>\n\t<meta property=\"og:image:height\" content=\"750\" \/>\n\t<meta property=\"og:image:type\" content=\"image\/jpeg\" \/>\n<meta name=\"twitter:card\" content=\"summary_large_image\" \/>\n<script type=\"application\/ld+json\" class=\"yoast-schema-graph\">{\"@context\":\"https:\\\/\\\/schema.org\",\"@graph\":[{\"@type\":\"WebPage\",\"@id\":\"https:\\\/\\\/anadolupet.com.tr\\\/urun\\\/eheim-pond-air-500-havuz-icin-cift-cikisli-hava-motoru\\\/\",\"url\":\"https:\\\/\\\/anadolupet.com.tr\\\/urun\\\/eheim-pond-air-500-havuz-icin-cift-cikisli-hava-motoru\\\/\",\"name\":\"EHEIM Pond Air 500 Havuz i\u00e7in \u00c7ift \u00c7\u0131k\u0131\u015fl\u0131 Hava Motoru - Anadolu Pet Grup\",\"isPartOf\":{\"@id\":\"https:\\\/\\\/anadolupet.com.tr\\\/#website\"},\"primaryImageOfPage\":{\"@id\":\"https:\\\/\\\/anadolupet.com.tr\\\/urun\\\/eheim-pond-air-500-havuz-icin-cift-cikisli-hava-motoru\\\/#primaryimage\"},\"image\":{\"@id\":\"https:\\\/\\\/anadolupet.com.tr\\\/urun\\\/eheim-pond-air-500-havuz-icin-cift-cikisli-hava-motoru\\\/#primaryimage\"},\"thumbnailUrl\":\"https:\\\/\\\/anadolupet.com.tr\\\/wp-content\\\/uploads\\\/2026\\\/02\\\/105-5320010.jpg\",\"datePublished\":\"2026-02-14T14:40:18+00:00\",\"dateModified\":\"2026-02-23T12:48:17+00:00\",\"breadcrumb\":{\"@id\":\"https:\\\/\\\/anadolupet.com.tr\\\/urun\\\/eheim-pond-air-500-havuz-icin-cift-cikisli-hava-motoru\\\/#breadcrumb\"},\"inLanguage\":\"en-US\",\"potentialAction\":[{\"@type\":\"ReadAction\",\"target\":[\"https:\\\/\\\/anadolupet.com.tr\\\/urun\\\/eheim-pond-air-500-havuz-icin-cift-cikisli-hava-motoru\\\/\"]}]},{\"@type\":\"ImageObject\",\"inLanguage\":\"en-US\",\"@id\":\"https:\\\/\\\/anadolupet.com.tr\\\/urun\\\/eheim-pond-air-500-havuz-icin-cift-cikisli-hava-motoru\\\/#primaryimage\",\"url\":\"https:\\\/\\\/anadolupet.com.tr\\\/wp-content\\\/uploads\\\/2026\\\/02\\\/105-5320010.jpg\",\"contentUrl\":\"https:\\\/\\\/anadolupet.com.tr\\\/wp-content\\\/uploads\\\/2026\\\/02\\\/105-5320010.jpg\",\"width\":750,\"height\":750},{\"@type\":\"BreadcrumbList\",\"@id\":\"https:\\\/\\\/anadolupet.com.tr\\\/urun\\\/eheim-pond-air-500-havuz-icin-cift-cikisli-hava-motoru\\\/#breadcrumb\",\"itemListElement\":[{\"@type\":\"ListItem\",\"position\":1,\"name\":\"Anasayfa\",\"item\":\"https:\\\/\\\/anadolupet.com.tr\\\/\"},{\"@type\":\"ListItem\",\"position\":2,\"name\":\"\u00dcr\u00fcnler\",\"item\":\"https:\\\/\\\/anadolupet.com.tr\\\/urunler\\\/\"},{\"@type\":\"ListItem\",\"position\":3,\"name\":\"EHEIM Pond Air 500 Havuz i\u00e7in \u00c7ift \u00c7\u0131k\u0131\u015fl\u0131 Hava Motoru\"}]},{\"@type\":\"WebSite\",\"@id\":\"https:\\\/\\\/anadolupet.com.tr\\\/#website\",\"url\":\"https:\\\/\\\/anadolupet.com.tr\\\/\",\"name\":\"Anadolu Pet Grup\",\"description\":\"Her Can\u0131n \u0130yi Ya\u015fam\u0131 \u0130\u00e7in Biraraday\u0131z\",\"publisher\":{\"@id\":\"https:\\\/\\\/anadolupet.com.tr\\\/#organization\"},\"potentialAction\":[{\"@type\":\"SearchAction\",\"target\":{\"@type\":\"EntryPoint\",\"urlTemplate\":\"https:\\\/\\\/anadolupet.com.tr\\\/?s={search_term_string}\"},\"query-input\":{\"@type\":\"PropertyValueSpecification\",\"valueRequired\":true,\"valueName\":\"search_term_string\"}}],\"inLanguage\":\"en-US\"},{\"@type\":\"Organization\",\"@id\":\"https:\\\/\\\/anadolupet.com.tr\\\/#organization\",\"name\":\"Anadolu Pet Grup\",\"alternateName\":\"Anadolu Pet\",\"url\":\"https:\\\/\\\/anadolupet.com.tr\\\/\",\"logo\":{\"@type\":\"ImageObject\",\"inLanguage\":\"en-US\",\"@id\":\"https:\\\/\\\/anadolupet.com.tr\\\/#\\\/schema\\\/logo\\\/image\\\/\",\"url\":\"https:\\\/\\\/anadolupet.com.tr\\\/wp-content\\\/uploads\\\/2026\\\/03\\\/1614666743370.jpg\",\"contentUrl\":\"https:\\\/\\\/anadolupet.com.tr\\\/wp-content\\\/uploads\\\/2026\\\/03\\\/1614666743370.jpg\",\"width\":800,\"height\":571,\"caption\":\"Anadolu Pet Grup\"},\"image\":{\"@id\":\"https:\\\/\\\/anadolupet.com.tr\\\/#\\\/schema\\\/logo\\\/image\\\/\"}}]}<\/script>\n<!-- \/ Yoast SEO plugin. -->","yoast_head_json":{"title":"EHEIM Pond Air 500 Havuz i\u00e7in \u00c7ift \u00c7\u0131k\u0131\u015fl\u0131 Hava Motoru - Anadolu Pet Grup","robots":{"index":"index","follow":"follow","max-snippet":"max-snippet:-1","max-image-preview":"max-image-preview:large","max-video-preview":"max-video-preview:-1"},"canonical":"https:\/\/anadolupet.com.tr\/en\/product\/eheim-pond-air-500-havuz-icin-cift-cikisli-hava-motoru\/","og_locale":"en_US","og_type":"article","og_title":"EHEIM Pond Air 500 Havuz i\u00e7in \u00c7ift \u00c7\u0131k\u0131\u015fl\u0131 Hava Motoru - Anadolu Pet Grup","og_description":"Bah\u00e7e havuzlar\u0131nda bal\u0131klar ve bitkilerin sa\u011fl\u0131kl\u0131 ya\u015fam\u0131 i\u00e7in yeterli oksijen b\u00fcy\u00fck \u00f6nem ta\u015f\u0131r. EHEIM AIR havuz hava motoru, havuzunuzdaki canl\u0131lara gerekli oksijen deste\u011fini sa\u011flar, su dola\u015f\u0131m\u0131n\u0131 iyile\u015ftirerek filtrasyon verimini art\u0131r\u0131r ve zararl\u0131 maddelerin bakteriler taraf\u0131ndan par\u00e7alanmas\u0131na yard\u0131mc\u0131 olur. B\u00f6ylece havuzunuzda dengeli ve sa\u011fl\u0131kl\u0131 bir ekosistem olu\u015fur. Sessiz, enerji tasarruflu ve dayan\u0131kl\u0131! Avantajlar ve \u00d6zellikler S\u00fcper sessiz \u00e7al\u0131\u015fma Enerji tasarruflu \u2013 d\u00fc\u015f\u00fck g\u00fc\u00e7 t\u00fcketimi, y\u00fcksek verim Bal\u0131klar ve bitkiler i\u00e7in optimum oksijen deste\u011fi UV dayan\u0131ml\u0131 sa\u011flam g\u00f6vde ve g\u00fc\u00e7l\u00fc pompa teknolojisi Kolay kullan\u0131m \u2013 pratik kurulum ve bak\u0131m Teslimat Kapsam\u0131 2 \u00e7\u0131k\u0131\u015fl\u0131 hava pompas\u0131 2 adet hava ta\u015f\u0131 2 adet 5 m uzunlu\u011funda hava hortumu 2 \u00e7\u0131k\u0131\u015f i\u00e7in iki-\u00fc\u00e7 ba\u011flant\u0131 par\u00e7as\u0131 2 adet geri d\u00f6n\u00fc\u015fs\u00fcz valf","og_url":"https:\/\/anadolupet.com.tr\/en\/product\/eheim-pond-air-500-havuz-icin-cift-cikisli-hava-motoru\/","og_site_name":"Anadolu Pet Grup","article_modified_time":"2026-02-23T12:48:17+00:00","og_image":[{"width":750,"height":750,"url":"https:\/\/anadolupet.com.tr\/wp-content\/uploads\/2026\/02\/105-5320010.jpg","type":"image\/jpeg"}],"twitter_card":"summary_large_image","schema":{"@context":"https:\/\/schema.org","@graph":[{"@type":"WebPage","@id":"https:\/\/anadolupet.com.tr\/urun\/eheim-pond-air-500-havuz-icin-cift-cikisli-hava-motoru\/","url":"https:\/\/anadolupet.com.tr\/urun\/eheim-pond-air-500-havuz-icin-cift-cikisli-hava-motoru\/","name":"EHEIM Pond Air 500 Havuz i\u00e7in \u00c7ift \u00c7\u0131k\u0131\u015fl\u0131 Hava Motoru - Anadolu Pet Grup","isPartOf":{"@id":"https:\/\/anadolupet.com.tr\/#website"},"primaryImageOfPage":{"@id":"https:\/\/anadolupet.com.tr\/urun\/eheim-pond-air-500-havuz-icin-cift-cikisli-hava-motoru\/#primaryimage"},"image":{"@id":"https:\/\/anadolupet.com.tr\/urun\/eheim-pond-air-500-havuz-icin-cift-cikisli-hava-motoru\/#primaryimage"},"thumbnailUrl":"https:\/\/anadolupet.com.tr\/wp-content\/uploads\/2026\/02\/105-5320010.jpg","datePublished":"2026-02-14T14:40:18+00:00","dateModified":"2026-02-23T12:48:17+00:00","breadcrumb":{"@id":"https:\/\/anadolupet.com.tr\/urun\/eheim-pond-air-500-havuz-icin-cift-cikisli-hava-motoru\/#breadcrumb"},"inLanguage":"en-US","potentialAction":[{"@type":"ReadAction","target":["https:\/\/anadolupet.com.tr\/urun\/eheim-pond-air-500-havuz-icin-cift-cikisli-hava-motoru\/"]}]},{"@type":"ImageObject","inLanguage":"en-US","@id":"https:\/\/anadolupet.com.tr\/urun\/eheim-pond-air-500-havuz-icin-cift-cikisli-hava-motoru\/#primaryimage","url":"https:\/\/anadolupet.com.tr\/wp-content\/uploads\/2026\/02\/105-5320010.jpg","contentUrl":"https:\/\/anadolupet.com.tr\/wp-content\/uploads\/2026\/02\/105-5320010.jpg","width":750,"height":750},{"@type":"BreadcrumbList","@id":"https:\/\/anadolupet.com.tr\/urun\/eheim-pond-air-500-havuz-icin-cift-cikisli-hava-motoru\/#breadcrumb","itemListElement":[{"@type":"ListItem","position":1,"name":"Anasayfa","item":"https:\/\/anadolupet.com.tr\/"},{"@type":"ListItem","position":2,"name":"\u00dcr\u00fcnler","item":"https:\/\/anadolupet.com.tr\/urunler\/"},{"@type":"ListItem","position":3,"name":"EHEIM Pond Air 500 Havuz i\u00e7in \u00c7ift \u00c7\u0131k\u0131\u015fl\u0131 Hava Motoru"}]},{"@type":"WebSite","@id":"https:\/\/anadolupet.com.tr\/#website","url":"https:\/\/anadolupet.com.tr\/","name":"Anadolu Pet Group","description":"We Stand Together for the Well-Being of Every Life","publisher":{"@id":"https:\/\/anadolupet.com.tr\/#organization"},"potentialAction":[{"@type":"SearchAction","target":{"@type":"EntryPoint","urlTemplate":"https:\/\/anadolupet.com.tr\/?s={search_term_string}"},"query-input":{"@type":"PropertyValueSpecification","valueRequired":true,"valueName":"search_term_string"}}],"inLanguage":"en-US"},{"@type":"Organization","@id":"https:\/\/anadolupet.com.tr\/#organization","name":"Anadolu Pet Group","alternateName":"Anadolu Pet","url":"https:\/\/anadolupet.com.tr\/","logo":{"@type":"ImageObject","inLanguage":"en-US","@id":"https:\/\/anadolupet.com.tr\/#\/schema\/logo\/image\/","url":"https:\/\/anadolupet.com.tr\/wp-content\/uploads\/2026\/03\/1614666743370.jpg","contentUrl":"https:\/\/anadolupet.com.tr\/wp-content\/uploads\/2026\/03\/1614666743370.jpg","width":800,"height":571,"caption":"Anadolu Pet Grup"},"image":{"@id":"https:\/\/anadolupet.com.tr\/#\/schema\/logo\/image\/"}}]}},"_links":{"self":[{"href":"https:\/\/anadolupet.com.tr\/en\/wp-json\/wp\/v2\/product\/45003","targetHints":{"allow":["GET"]}}],"collection":[{"href":"https:\/\/anadolupet.com.tr\/en\/wp-json\/wp\/v2\/product"}],"about":[{"href":"https:\/\/anadolupet.com.tr\/en\/wp-json\/wp\/v2\/types\/product"}],"replies":[{"embeddable":true,"href":"https:\/\/anadolupet.com.tr\/en\/wp-json\/wp\/v2\/comments?post=45003"}],"wp:featuredmedia":[{"embeddable":true,"href":"https:\/\/anadolupet.com.tr\/en\/wp-json\/wp\/v2\/media\/42493"}],"wp:attachment":[{"href":"https:\/\/anadolupet.com.tr\/en\/wp-json\/wp\/v2\/media?parent=45003"}],"wp:term":[{"taxonomy":"product_brand","embeddable":true,"href":"https:\/\/anadolupet.com.tr\/en\/wp-json\/wp\/v2\/product_brand?post=45003"},{"taxonomy":"product_cat","embeddable":true,"href":"https:\/\/anadolupet.com.tr\/en\/wp-json\/wp\/v2\/product_cat?post=45003"},{"taxonomy":"product_tag","embeddable":true,"href":"https:\/\/anadolupet.com.tr\/en\/wp-json\/wp\/v2\/product_tag?post=45003"}],"curies":[{"name":"wp","href":"https:\/\/api.w.org\/{rel}","templated":true}]}}