{"id":45007,"date":"2026-02-14T14:40:18","date_gmt":"2026-02-14T14:40:18","guid":{"rendered":"https:\/\/anadolupet.com.tr\/?post_type=product&#038;p=45007"},"modified":"2026-02-23T12:48:17","modified_gmt":"2026-02-23T12:48:17","slug":"eheim-pond-clear-havuz-icin-uv-filtre-9w","status":"publish","type":"product","link":"https:\/\/anadolupet.com.tr\/en\/urun\/eheim-pond-clear-havuz-icin-uv-filtre-9w\/","title":{"rendered":"EHEIM Pond Clear Havuz i\u00e7in UV Filtre 9W"},"content":{"rendered":"","protected":false},"excerpt":{"rendered":"<p>Bah\u00e7e havuzlar\u0131nda y\u00fczen algler suyu bulan\u0131kla\u015ft\u0131rabilir ve zararl\u0131 mikroplar ile bakteriler bal\u0131klar\u0131n sa\u011fl\u0131\u011f\u0131n\u0131 tehdit edebilir. EHEIM CLEAR UVC, g\u00fc\u00e7l\u00fc UV-C \u0131\u015f\u0131nlar\u0131yla bu patojenleri etkili \u015fekilde hedef alarak suyunuzu kristal berrakl\u0131\u011f\u0131nda tutar. Ayn\u0131 zamanda d\u00fc\u015f\u00fck enerji t\u00fcketimiyle s\u00fcrekli \u00e7al\u0131\u015fmaya uygun, dayan\u0131kl\u0131 ve uzun \u00f6m\u00fcrl\u00fc bir \u00e7\u00f6z\u00fcm sunar.<\/p>\n<p>Verimli, enerji tasarruflu ve dayan\u0131kl\u0131!<\/p>\n<p>Avantajlar ve \u00d6zellikler<br \/>\nZararl\u0131 bakterileri ve patojenleri UV-C \u0131\u015f\u0131nlar\u0131yla etkili \u015fekilde yok eder<\/p>\n<p>Kristal berrakl\u0131\u011f\u0131nda su sa\u011flar \u2013 alg kaynakl\u0131 bulan\u0131kl\u0131\u011f\u0131 ortadan kald\u0131r\u0131r<\/p>\n<p>Uzun \u00f6m\u00fcrl\u00fc UVC lamba \u2013 y\u00fcksek kalite ve uzun kullan\u0131m s\u00fcresi<\/p>\n<p>D\u00fc\u015f\u00fck enerji t\u00fcketimi \u2013 s\u00fcrekli \u00e7al\u0131\u015fmada bile ekonomik<\/p>\n<p>Darbeye dayan\u0131kl\u0131 ve UV korumal\u0131 d\u0131\u015f g\u00f6vde \u2013 her t\u00fcrl\u00fc hava ko\u015fuluna uygun<\/p>\n<p>Tek ba\u015f\u0131na kullan\u0131labilir veya PRESS ve LOOP havuz filtre setleri ile entegre edilebilir<\/p>\n<p>Teslimat Kapsam\u0131<br \/>\nUV lamba<\/p>\n<p>2 adet ba\u011flant\u0131 noz\u00fcl\u00fc<\/p>\n<p>5 m g\u00fc\u00e7 kablosu<\/p>","protected":false},"featured_media":42488,"comment_status":"open","ping_status":"closed","template":"","meta":{"_acf_changed":false},"product_brand":[],"product_cat":[2419],"product_tag":[],"class_list":{"0":"post-45007","1":"product","2":"type-product","3":"status-publish","4":"has-post-thumbnail","6":"product_cat-uv-filtreler","8":"first","9":"instock","10":"shipping-taxable","11":"product-type-simple"},"acf":[],"yoast_head":"<!-- This site is optimized with the Yoast SEO plugin v27.4 - https:\/\/yoast.com\/product\/yoast-seo-wordpress\/ -->\n<title>EHEIM Pond Clear Havuz i\u00e7in UV Filtre 9W - Anadolu Pet Grup<\/title>\n<meta name=\"robots\" content=\"index, follow, max-snippet:-1, max-image-preview:large, max-video-preview:-1\" \/>\n<link rel=\"canonical\" href=\"https:\/\/anadolupet.com.tr\/en\/product\/eheim-pond-clear-havuz-icin-uv-filtre-9w\/\" \/>\n<meta property=\"og:locale\" content=\"en_US\" \/>\n<meta property=\"og:type\" content=\"article\" \/>\n<meta property=\"og:title\" content=\"EHEIM Pond Clear Havuz i\u00e7in UV Filtre 9W - Anadolu Pet Grup\" \/>\n<meta property=\"og:description\" content=\"Bah\u00e7e havuzlar\u0131nda y\u00fczen algler suyu bulan\u0131kla\u015ft\u0131rabilir ve zararl\u0131 mikroplar ile bakteriler bal\u0131klar\u0131n sa\u011fl\u0131\u011f\u0131n\u0131 tehdit edebilir. EHEIM CLEAR UVC, g\u00fc\u00e7l\u00fc UV-C \u0131\u015f\u0131nlar\u0131yla bu patojenleri etkili \u015fekilde hedef alarak suyunuzu kristal berrakl\u0131\u011f\u0131nda tutar. Ayn\u0131 zamanda d\u00fc\u015f\u00fck enerji t\u00fcketimiyle s\u00fcrekli \u00e7al\u0131\u015fmaya uygun, dayan\u0131kl\u0131 ve uzun \u00f6m\u00fcrl\u00fc bir \u00e7\u00f6z\u00fcm sunar. Verimli, enerji tasarruflu ve dayan\u0131kl\u0131! Avantajlar ve \u00d6zellikler Zararl\u0131 bakterileri ve patojenleri UV-C \u0131\u015f\u0131nlar\u0131yla etkili \u015fekilde yok eder Kristal berrakl\u0131\u011f\u0131nda su sa\u011flar \u2013 alg kaynakl\u0131 bulan\u0131kl\u0131\u011f\u0131 ortadan kald\u0131r\u0131r Uzun \u00f6m\u00fcrl\u00fc UVC lamba \u2013 y\u00fcksek kalite ve uzun kullan\u0131m s\u00fcresi D\u00fc\u015f\u00fck enerji t\u00fcketimi \u2013 s\u00fcrekli \u00e7al\u0131\u015fmada bile ekonomik Darbeye dayan\u0131kl\u0131 ve UV korumal\u0131 d\u0131\u015f g\u00f6vde \u2013 her t\u00fcrl\u00fc hava ko\u015fuluna uygun Tek ba\u015f\u0131na kullan\u0131labilir veya PRESS ve LOOP havuz filtre setleri ile entegre edilebilir Teslimat Kapsam\u0131 UV lamba 2 adet ba\u011flant\u0131 noz\u00fcl\u00fc 5 m g\u00fc\u00e7 kablosu\" \/>\n<meta property=\"og:url\" content=\"https:\/\/anadolupet.com.tr\/en\/product\/eheim-pond-clear-havuz-icin-uv-filtre-9w\/\" \/>\n<meta property=\"og:site_name\" content=\"Anadolu Pet Grup\" \/>\n<meta property=\"article:modified_time\" content=\"2026-02-23T12:48:17+00:00\" \/>\n<meta property=\"og:image\" content=\"https:\/\/anadolupet.com.tr\/wp-content\/uploads\/2026\/02\/105-5301010.jpg\" \/>\n\t<meta property=\"og:image:width\" content=\"750\" \/>\n\t<meta property=\"og:image:height\" content=\"750\" \/>\n\t<meta property=\"og:image:type\" content=\"image\/jpeg\" \/>\n<meta name=\"twitter:card\" content=\"summary_large_image\" \/>\n<script type=\"application\/ld+json\" class=\"yoast-schema-graph\">{\"@context\":\"https:\\\/\\\/schema.org\",\"@graph\":[{\"@type\":\"WebPage\",\"@id\":\"https:\\\/\\\/anadolupet.com.tr\\\/urun\\\/eheim-pond-clear-havuz-icin-uv-filtre-9w\\\/\",\"url\":\"https:\\\/\\\/anadolupet.com.tr\\\/urun\\\/eheim-pond-clear-havuz-icin-uv-filtre-9w\\\/\",\"name\":\"EHEIM Pond Clear Havuz i\u00e7in UV Filtre 9W - Anadolu Pet Grup\",\"isPartOf\":{\"@id\":\"https:\\\/\\\/anadolupet.com.tr\\\/#website\"},\"primaryImageOfPage\":{\"@id\":\"https:\\\/\\\/anadolupet.com.tr\\\/urun\\\/eheim-pond-clear-havuz-icin-uv-filtre-9w\\\/#primaryimage\"},\"image\":{\"@id\":\"https:\\\/\\\/anadolupet.com.tr\\\/urun\\\/eheim-pond-clear-havuz-icin-uv-filtre-9w\\\/#primaryimage\"},\"thumbnailUrl\":\"https:\\\/\\\/anadolupet.com.tr\\\/wp-content\\\/uploads\\\/2026\\\/02\\\/105-5301010.jpg\",\"datePublished\":\"2026-02-14T14:40:18+00:00\",\"dateModified\":\"2026-02-23T12:48:17+00:00\",\"breadcrumb\":{\"@id\":\"https:\\\/\\\/anadolupet.com.tr\\\/urun\\\/eheim-pond-clear-havuz-icin-uv-filtre-9w\\\/#breadcrumb\"},\"inLanguage\":\"en-US\",\"potentialAction\":[{\"@type\":\"ReadAction\",\"target\":[\"https:\\\/\\\/anadolupet.com.tr\\\/urun\\\/eheim-pond-clear-havuz-icin-uv-filtre-9w\\\/\"]}]},{\"@type\":\"ImageObject\",\"inLanguage\":\"en-US\",\"@id\":\"https:\\\/\\\/anadolupet.com.tr\\\/urun\\\/eheim-pond-clear-havuz-icin-uv-filtre-9w\\\/#primaryimage\",\"url\":\"https:\\\/\\\/anadolupet.com.tr\\\/wp-content\\\/uploads\\\/2026\\\/02\\\/105-5301010.jpg\",\"contentUrl\":\"https:\\\/\\\/anadolupet.com.tr\\\/wp-content\\\/uploads\\\/2026\\\/02\\\/105-5301010.jpg\",\"width\":750,\"height\":750},{\"@type\":\"BreadcrumbList\",\"@id\":\"https:\\\/\\\/anadolupet.com.tr\\\/urun\\\/eheim-pond-clear-havuz-icin-uv-filtre-9w\\\/#breadcrumb\",\"itemListElement\":[{\"@type\":\"ListItem\",\"position\":1,\"name\":\"Anasayfa\",\"item\":\"https:\\\/\\\/anadolupet.com.tr\\\/\"},{\"@type\":\"ListItem\",\"position\":2,\"name\":\"\u00dcr\u00fcnler\",\"item\":\"https:\\\/\\\/anadolupet.com.tr\\\/urunler\\\/\"},{\"@type\":\"ListItem\",\"position\":3,\"name\":\"EHEIM Pond Clear Havuz i\u00e7in UV Filtre 9W\"}]},{\"@type\":\"WebSite\",\"@id\":\"https:\\\/\\\/anadolupet.com.tr\\\/#website\",\"url\":\"https:\\\/\\\/anadolupet.com.tr\\\/\",\"name\":\"Anadolu Pet Grup\",\"description\":\"Her Can\u0131n \u0130yi Ya\u015fam\u0131 \u0130\u00e7in Biraraday\u0131z\",\"publisher\":{\"@id\":\"https:\\\/\\\/anadolupet.com.tr\\\/#organization\"},\"potentialAction\":[{\"@type\":\"SearchAction\",\"target\":{\"@type\":\"EntryPoint\",\"urlTemplate\":\"https:\\\/\\\/anadolupet.com.tr\\\/?s={search_term_string}\"},\"query-input\":{\"@type\":\"PropertyValueSpecification\",\"valueRequired\":true,\"valueName\":\"search_term_string\"}}],\"inLanguage\":\"en-US\"},{\"@type\":\"Organization\",\"@id\":\"https:\\\/\\\/anadolupet.com.tr\\\/#organization\",\"name\":\"Anadolu Pet Grup\",\"alternateName\":\"Anadolu Pet\",\"url\":\"https:\\\/\\\/anadolupet.com.tr\\\/\",\"logo\":{\"@type\":\"ImageObject\",\"inLanguage\":\"en-US\",\"@id\":\"https:\\\/\\\/anadolupet.com.tr\\\/#\\\/schema\\\/logo\\\/image\\\/\",\"url\":\"https:\\\/\\\/anadolupet.com.tr\\\/wp-content\\\/uploads\\\/2026\\\/03\\\/1614666743370.jpg\",\"contentUrl\":\"https:\\\/\\\/anadolupet.com.tr\\\/wp-content\\\/uploads\\\/2026\\\/03\\\/1614666743370.jpg\",\"width\":800,\"height\":571,\"caption\":\"Anadolu Pet Grup\"},\"image\":{\"@id\":\"https:\\\/\\\/anadolupet.com.tr\\\/#\\\/schema\\\/logo\\\/image\\\/\"}}]}<\/script>\n<!-- \/ Yoast SEO plugin. -->","yoast_head_json":{"title":"EHEIM Pond Clear Havuz i\u00e7in UV Filtre 9W - Anadolu Pet Grup","robots":{"index":"index","follow":"follow","max-snippet":"max-snippet:-1","max-image-preview":"max-image-preview:large","max-video-preview":"max-video-preview:-1"},"canonical":"https:\/\/anadolupet.com.tr\/en\/product\/eheim-pond-clear-havuz-icin-uv-filtre-9w\/","og_locale":"en_US","og_type":"article","og_title":"EHEIM Pond Clear Havuz i\u00e7in UV Filtre 9W - Anadolu Pet Grup","og_description":"Bah\u00e7e havuzlar\u0131nda y\u00fczen algler suyu bulan\u0131kla\u015ft\u0131rabilir ve zararl\u0131 mikroplar ile bakteriler bal\u0131klar\u0131n sa\u011fl\u0131\u011f\u0131n\u0131 tehdit edebilir. EHEIM CLEAR UVC, g\u00fc\u00e7l\u00fc UV-C \u0131\u015f\u0131nlar\u0131yla bu patojenleri etkili \u015fekilde hedef alarak suyunuzu kristal berrakl\u0131\u011f\u0131nda tutar. Ayn\u0131 zamanda d\u00fc\u015f\u00fck enerji t\u00fcketimiyle s\u00fcrekli \u00e7al\u0131\u015fmaya uygun, dayan\u0131kl\u0131 ve uzun \u00f6m\u00fcrl\u00fc bir \u00e7\u00f6z\u00fcm sunar. Verimli, enerji tasarruflu ve dayan\u0131kl\u0131! Avantajlar ve \u00d6zellikler Zararl\u0131 bakterileri ve patojenleri UV-C \u0131\u015f\u0131nlar\u0131yla etkili \u015fekilde yok eder Kristal berrakl\u0131\u011f\u0131nda su sa\u011flar \u2013 alg kaynakl\u0131 bulan\u0131kl\u0131\u011f\u0131 ortadan kald\u0131r\u0131r Uzun \u00f6m\u00fcrl\u00fc UVC lamba \u2013 y\u00fcksek kalite ve uzun kullan\u0131m s\u00fcresi D\u00fc\u015f\u00fck enerji t\u00fcketimi \u2013 s\u00fcrekli \u00e7al\u0131\u015fmada bile ekonomik Darbeye dayan\u0131kl\u0131 ve UV korumal\u0131 d\u0131\u015f g\u00f6vde \u2013 her t\u00fcrl\u00fc hava ko\u015fuluna uygun Tek ba\u015f\u0131na kullan\u0131labilir veya PRESS ve LOOP havuz filtre setleri ile entegre edilebilir Teslimat Kapsam\u0131 UV lamba 2 adet ba\u011flant\u0131 noz\u00fcl\u00fc 5 m g\u00fc\u00e7 kablosu","og_url":"https:\/\/anadolupet.com.tr\/en\/product\/eheim-pond-clear-havuz-icin-uv-filtre-9w\/","og_site_name":"Anadolu Pet Grup","article_modified_time":"2026-02-23T12:48:17+00:00","og_image":[{"width":750,"height":750,"url":"https:\/\/anadolupet.com.tr\/wp-content\/uploads\/2026\/02\/105-5301010.jpg","type":"image\/jpeg"}],"twitter_card":"summary_large_image","schema":{"@context":"https:\/\/schema.org","@graph":[{"@type":"WebPage","@id":"https:\/\/anadolupet.com.tr\/urun\/eheim-pond-clear-havuz-icin-uv-filtre-9w\/","url":"https:\/\/anadolupet.com.tr\/urun\/eheim-pond-clear-havuz-icin-uv-filtre-9w\/","name":"EHEIM Pond Clear Havuz i\u00e7in UV Filtre 9W - Anadolu Pet Grup","isPartOf":{"@id":"https:\/\/anadolupet.com.tr\/#website"},"primaryImageOfPage":{"@id":"https:\/\/anadolupet.com.tr\/urun\/eheim-pond-clear-havuz-icin-uv-filtre-9w\/#primaryimage"},"image":{"@id":"https:\/\/anadolupet.com.tr\/urun\/eheim-pond-clear-havuz-icin-uv-filtre-9w\/#primaryimage"},"thumbnailUrl":"https:\/\/anadolupet.com.tr\/wp-content\/uploads\/2026\/02\/105-5301010.jpg","datePublished":"2026-02-14T14:40:18+00:00","dateModified":"2026-02-23T12:48:17+00:00","breadcrumb":{"@id":"https:\/\/anadolupet.com.tr\/urun\/eheim-pond-clear-havuz-icin-uv-filtre-9w\/#breadcrumb"},"inLanguage":"en-US","potentialAction":[{"@type":"ReadAction","target":["https:\/\/anadolupet.com.tr\/urun\/eheim-pond-clear-havuz-icin-uv-filtre-9w\/"]}]},{"@type":"ImageObject","inLanguage":"en-US","@id":"https:\/\/anadolupet.com.tr\/urun\/eheim-pond-clear-havuz-icin-uv-filtre-9w\/#primaryimage","url":"https:\/\/anadolupet.com.tr\/wp-content\/uploads\/2026\/02\/105-5301010.jpg","contentUrl":"https:\/\/anadolupet.com.tr\/wp-content\/uploads\/2026\/02\/105-5301010.jpg","width":750,"height":750},{"@type":"BreadcrumbList","@id":"https:\/\/anadolupet.com.tr\/urun\/eheim-pond-clear-havuz-icin-uv-filtre-9w\/#breadcrumb","itemListElement":[{"@type":"ListItem","position":1,"name":"Anasayfa","item":"https:\/\/anadolupet.com.tr\/"},{"@type":"ListItem","position":2,"name":"\u00dcr\u00fcnler","item":"https:\/\/anadolupet.com.tr\/urunler\/"},{"@type":"ListItem","position":3,"name":"EHEIM Pond Clear Havuz i\u00e7in UV Filtre 9W"}]},{"@type":"WebSite","@id":"https:\/\/anadolupet.com.tr\/#website","url":"https:\/\/anadolupet.com.tr\/","name":"Anadolu Pet Group","description":"We Stand Together for the Well-Being of Every Life","publisher":{"@id":"https:\/\/anadolupet.com.tr\/#organization"},"potentialAction":[{"@type":"SearchAction","target":{"@type":"EntryPoint","urlTemplate":"https:\/\/anadolupet.com.tr\/?s={search_term_string}"},"query-input":{"@type":"PropertyValueSpecification","valueRequired":true,"valueName":"search_term_string"}}],"inLanguage":"en-US"},{"@type":"Organization","@id":"https:\/\/anadolupet.com.tr\/#organization","name":"Anadolu Pet Group","alternateName":"Anadolu Pet","url":"https:\/\/anadolupet.com.tr\/","logo":{"@type":"ImageObject","inLanguage":"en-US","@id":"https:\/\/anadolupet.com.tr\/#\/schema\/logo\/image\/","url":"https:\/\/anadolupet.com.tr\/wp-content\/uploads\/2026\/03\/1614666743370.jpg","contentUrl":"https:\/\/anadolupet.com.tr\/wp-content\/uploads\/2026\/03\/1614666743370.jpg","width":800,"height":571,"caption":"Anadolu Pet Grup"},"image":{"@id":"https:\/\/anadolupet.com.tr\/#\/schema\/logo\/image\/"}}]}},"_links":{"self":[{"href":"https:\/\/anadolupet.com.tr\/en\/wp-json\/wp\/v2\/product\/45007","targetHints":{"allow":["GET"]}}],"collection":[{"href":"https:\/\/anadolupet.com.tr\/en\/wp-json\/wp\/v2\/product"}],"about":[{"href":"https:\/\/anadolupet.com.tr\/en\/wp-json\/wp\/v2\/types\/product"}],"replies":[{"embeddable":true,"href":"https:\/\/anadolupet.com.tr\/en\/wp-json\/wp\/v2\/comments?post=45007"}],"wp:featuredmedia":[{"embeddable":true,"href":"https:\/\/anadolupet.com.tr\/en\/wp-json\/wp\/v2\/media\/42488"}],"wp:attachment":[{"href":"https:\/\/anadolupet.com.tr\/en\/wp-json\/wp\/v2\/media?parent=45007"}],"wp:term":[{"taxonomy":"product_brand","embeddable":true,"href":"https:\/\/anadolupet.com.tr\/en\/wp-json\/wp\/v2\/product_brand?post=45007"},{"taxonomy":"product_cat","embeddable":true,"href":"https:\/\/anadolupet.com.tr\/en\/wp-json\/wp\/v2\/product_cat?post=45007"},{"taxonomy":"product_tag","embeddable":true,"href":"https:\/\/anadolupet.com.tr\/en\/wp-json\/wp\/v2\/product_tag?post=45007"}],"curies":[{"name":"wp","href":"https:\/\/api.w.org\/{rel}","templated":true}]}}