{"id":45008,"date":"2026-02-14T14:40:18","date_gmt":"2026-02-14T14:40:18","guid":{"rendered":"https:\/\/anadolupet.com.tr\/?post_type=product&#038;p=45008"},"modified":"2026-02-23T12:48:17","modified_gmt":"2026-02-23T12:48:17","slug":"eheim-pond-flow-kafa-motoru-12000l-h","status":"publish","type":"product","link":"https:\/\/anadolupet.com.tr\/en\/urun\/eheim-pond-flow-kafa-motoru-12000l-h\/","title":{"rendered":"EHEIM Pond Flow Kafa Motoru 12000l\/h"},"content":{"rendered":"","protected":false},"excerpt":{"rendered":"<p>EHEIM FLOW serisi, bah\u00e7e havuzlar\u0131nda zarif ak\u0131nt\u0131lar veya kabarc\u0131kl\u0131 \u015felaleler olu\u015fturmay\u0131 \u00e7ocuk oyunca\u011f\u0131 haline getirir. Kompakt ve sessiz tasar\u0131m\u0131yla havuz sisteminizin temelini olu\u015fturur; filtre sistemine g\u00fcvenilir \u015fekilde su sa\u011flar ve optimum dola\u015f\u0131m\u0131 garanti eder.<\/p>\n<p>Dayan\u0131kl\u0131 pompa teknolojisi sayesinde 8 mm\u2019ye kadar b\u00fcy\u00fck kir par\u00e7ac\u0131klar\u0131 filtreden ge\u00e7ebilir, b\u00f6ylece pompa t\u0131kanmadan uzun s\u00fcre \u00e7al\u0131\u015f\u0131r. FLOW pompalar\u0131 ayr\u0131ca LOOP ak\u0131\u015f filtre setleri ve PRESS bas\u0131n\u00e7 filtre setleri ile uyumludur.<\/p>\n<p>Avantajlar ve \u00d6zellikler<br \/>\n8 mm\u2019ye kadar kir par\u00e7ac\u0131klar\u0131n\u0131 filtreye iletebilir \u2013 t\u0131kanmay\u0131 \u00f6nler<br \/>\nEnerji tasarruflu motor \u2013 s\u00fcrekli \u00e7al\u0131\u015fmada bile ekonomik<br \/>\nSessiz \u00e7al\u0131\u015fma \u2013 bah\u00e7enizde huzurlu ortam sa\u011flar<br \/>\nS\u00fcrekli su alt\u0131nda kullan\u0131m i\u00e7in uygun<br \/>\nD\u00fc\u015f\u00fck bak\u0131m ihtiyac\u0131 \u2013 kolay temizlenir<br \/>\nA\u015f\u0131r\u0131 \u0131s\u0131nma korumas\u0131 \u2013 d\u00fc\u015f\u00fck su seviyelerinde g\u00fcvenlik sa\u011flar<br \/>\nDayan\u0131kl\u0131 ve uzun \u00f6m\u00fcrl\u00fc tasar\u0131m<\/p>\n<p>Teslimat Kapsam\u0131<br \/>\nFLOW12000 havuz pompas\u0131 (filtreler ve ak\u0131nt\u0131lar i\u00e7in)<br \/>\nBa\u011flant\u0131 noz\u00fcl\u00fc<br \/>\n10 m g\u00fc\u00e7 kablosu<\/p>","protected":false},"featured_media":42474,"comment_status":"open","ping_status":"closed","template":"","meta":{"_acf_changed":false},"product_brand":[],"product_cat":[2409],"product_tag":[],"class_list":{"0":"post-45008","1":"product","2":"type-product","3":"status-publish","4":"has-post-thumbnail","6":"product_cat-sirkulasyon-pompalari","8":"first","9":"instock","10":"shipping-taxable","11":"product-type-simple"},"acf":[],"yoast_head":"<!-- This site is optimized with the Yoast SEO plugin v27.4 - https:\/\/yoast.com\/product\/yoast-seo-wordpress\/ -->\n<title>EHEIM Pond Flow Kafa Motoru 12000l\/h - Anadolu Pet Grup<\/title>\n<meta name=\"robots\" content=\"index, follow, max-snippet:-1, max-image-preview:large, max-video-preview:-1\" \/>\n<link rel=\"canonical\" href=\"https:\/\/anadolupet.com.tr\/en\/product\/eheim-pond-flow-kafa-motoru-12000l-h\/\" \/>\n<meta property=\"og:locale\" content=\"en_US\" \/>\n<meta property=\"og:type\" content=\"article\" \/>\n<meta property=\"og:title\" content=\"EHEIM Pond Flow Kafa Motoru 12000l\/h - Anadolu Pet Grup\" \/>\n<meta property=\"og:description\" content=\"EHEIM FLOW serisi, bah\u00e7e havuzlar\u0131nda zarif ak\u0131nt\u0131lar veya kabarc\u0131kl\u0131 \u015felaleler olu\u015fturmay\u0131 \u00e7ocuk oyunca\u011f\u0131 haline getirir. Kompakt ve sessiz tasar\u0131m\u0131yla havuz sisteminizin temelini olu\u015fturur; filtre sistemine g\u00fcvenilir \u015fekilde su sa\u011flar ve optimum dola\u015f\u0131m\u0131 garanti eder. Dayan\u0131kl\u0131 pompa teknolojisi sayesinde 8 mm\u2019ye kadar b\u00fcy\u00fck kir par\u00e7ac\u0131klar\u0131 filtreden ge\u00e7ebilir, b\u00f6ylece pompa t\u0131kanmadan uzun s\u00fcre \u00e7al\u0131\u015f\u0131r. FLOW pompalar\u0131 ayr\u0131ca LOOP ak\u0131\u015f filtre setleri ve PRESS bas\u0131n\u00e7 filtre setleri ile uyumludur. Avantajlar ve \u00d6zellikler 8 mm\u2019ye kadar kir par\u00e7ac\u0131klar\u0131n\u0131 filtreye iletebilir \u2013 t\u0131kanmay\u0131 \u00f6nler Enerji tasarruflu motor \u2013 s\u00fcrekli \u00e7al\u0131\u015fmada bile ekonomik Sessiz \u00e7al\u0131\u015fma \u2013 bah\u00e7enizde huzurlu ortam sa\u011flar S\u00fcrekli su alt\u0131nda kullan\u0131m i\u00e7in uygun D\u00fc\u015f\u00fck bak\u0131m ihtiyac\u0131 \u2013 kolay temizlenir A\u015f\u0131r\u0131 \u0131s\u0131nma korumas\u0131 \u2013 d\u00fc\u015f\u00fck su seviyelerinde g\u00fcvenlik sa\u011flar Dayan\u0131kl\u0131 ve uzun \u00f6m\u00fcrl\u00fc tasar\u0131m Teslimat Kapsam\u0131 FLOW12000 havuz pompas\u0131 (filtreler ve ak\u0131nt\u0131lar i\u00e7in) Ba\u011flant\u0131 noz\u00fcl\u00fc 10 m g\u00fc\u00e7 kablosu\" \/>\n<meta property=\"og:url\" content=\"https:\/\/anadolupet.com.tr\/en\/product\/eheim-pond-flow-kafa-motoru-12000l-h\/\" \/>\n<meta property=\"og:site_name\" content=\"Anadolu Pet Grup\" \/>\n<meta property=\"article:modified_time\" content=\"2026-02-23T12:48:17+00:00\" \/>\n<meta property=\"og:image\" content=\"https:\/\/anadolupet.com.tr\/wp-content\/uploads\/2026\/02\/105-5114010.jpg\" \/>\n\t<meta property=\"og:image:width\" content=\"750\" \/>\n\t<meta property=\"og:image:height\" content=\"750\" \/>\n\t<meta property=\"og:image:type\" content=\"image\/jpeg\" \/>\n<meta name=\"twitter:card\" content=\"summary_large_image\" \/>\n<script type=\"application\/ld+json\" class=\"yoast-schema-graph\">{\"@context\":\"https:\\\/\\\/schema.org\",\"@graph\":[{\"@type\":\"WebPage\",\"@id\":\"https:\\\/\\\/anadolupet.com.tr\\\/urun\\\/eheim-pond-flow-kafa-motoru-12000l-h\\\/\",\"url\":\"https:\\\/\\\/anadolupet.com.tr\\\/urun\\\/eheim-pond-flow-kafa-motoru-12000l-h\\\/\",\"name\":\"EHEIM Pond Flow Kafa Motoru 12000l\\\/h - Anadolu Pet Grup\",\"isPartOf\":{\"@id\":\"https:\\\/\\\/anadolupet.com.tr\\\/#website\"},\"primaryImageOfPage\":{\"@id\":\"https:\\\/\\\/anadolupet.com.tr\\\/urun\\\/eheim-pond-flow-kafa-motoru-12000l-h\\\/#primaryimage\"},\"image\":{\"@id\":\"https:\\\/\\\/anadolupet.com.tr\\\/urun\\\/eheim-pond-flow-kafa-motoru-12000l-h\\\/#primaryimage\"},\"thumbnailUrl\":\"https:\\\/\\\/anadolupet.com.tr\\\/wp-content\\\/uploads\\\/2026\\\/02\\\/105-5114010.jpg\",\"datePublished\":\"2026-02-14T14:40:18+00:00\",\"dateModified\":\"2026-02-23T12:48:17+00:00\",\"breadcrumb\":{\"@id\":\"https:\\\/\\\/anadolupet.com.tr\\\/urun\\\/eheim-pond-flow-kafa-motoru-12000l-h\\\/#breadcrumb\"},\"inLanguage\":\"en-US\",\"potentialAction\":[{\"@type\":\"ReadAction\",\"target\":[\"https:\\\/\\\/anadolupet.com.tr\\\/urun\\\/eheim-pond-flow-kafa-motoru-12000l-h\\\/\"]}]},{\"@type\":\"ImageObject\",\"inLanguage\":\"en-US\",\"@id\":\"https:\\\/\\\/anadolupet.com.tr\\\/urun\\\/eheim-pond-flow-kafa-motoru-12000l-h\\\/#primaryimage\",\"url\":\"https:\\\/\\\/anadolupet.com.tr\\\/wp-content\\\/uploads\\\/2026\\\/02\\\/105-5114010.jpg\",\"contentUrl\":\"https:\\\/\\\/anadolupet.com.tr\\\/wp-content\\\/uploads\\\/2026\\\/02\\\/105-5114010.jpg\",\"width\":750,\"height\":750},{\"@type\":\"BreadcrumbList\",\"@id\":\"https:\\\/\\\/anadolupet.com.tr\\\/urun\\\/eheim-pond-flow-kafa-motoru-12000l-h\\\/#breadcrumb\",\"itemListElement\":[{\"@type\":\"ListItem\",\"position\":1,\"name\":\"Anasayfa\",\"item\":\"https:\\\/\\\/anadolupet.com.tr\\\/\"},{\"@type\":\"ListItem\",\"position\":2,\"name\":\"\u00dcr\u00fcnler\",\"item\":\"https:\\\/\\\/anadolupet.com.tr\\\/urunler\\\/\"},{\"@type\":\"ListItem\",\"position\":3,\"name\":\"EHEIM Pond Flow Kafa Motoru 12000l\\\/h\"}]},{\"@type\":\"WebSite\",\"@id\":\"https:\\\/\\\/anadolupet.com.tr\\\/#website\",\"url\":\"https:\\\/\\\/anadolupet.com.tr\\\/\",\"name\":\"Anadolu Pet Grup\",\"description\":\"Her Can\u0131n \u0130yi Ya\u015fam\u0131 \u0130\u00e7in Biraraday\u0131z\",\"publisher\":{\"@id\":\"https:\\\/\\\/anadolupet.com.tr\\\/#organization\"},\"potentialAction\":[{\"@type\":\"SearchAction\",\"target\":{\"@type\":\"EntryPoint\",\"urlTemplate\":\"https:\\\/\\\/anadolupet.com.tr\\\/?s={search_term_string}\"},\"query-input\":{\"@type\":\"PropertyValueSpecification\",\"valueRequired\":true,\"valueName\":\"search_term_string\"}}],\"inLanguage\":\"en-US\"},{\"@type\":\"Organization\",\"@id\":\"https:\\\/\\\/anadolupet.com.tr\\\/#organization\",\"name\":\"Anadolu Pet Grup\",\"alternateName\":\"Anadolu Pet\",\"url\":\"https:\\\/\\\/anadolupet.com.tr\\\/\",\"logo\":{\"@type\":\"ImageObject\",\"inLanguage\":\"en-US\",\"@id\":\"https:\\\/\\\/anadolupet.com.tr\\\/#\\\/schema\\\/logo\\\/image\\\/\",\"url\":\"https:\\\/\\\/anadolupet.com.tr\\\/wp-content\\\/uploads\\\/2026\\\/03\\\/1614666743370.jpg\",\"contentUrl\":\"https:\\\/\\\/anadolupet.com.tr\\\/wp-content\\\/uploads\\\/2026\\\/03\\\/1614666743370.jpg\",\"width\":800,\"height\":571,\"caption\":\"Anadolu Pet Grup\"},\"image\":{\"@id\":\"https:\\\/\\\/anadolupet.com.tr\\\/#\\\/schema\\\/logo\\\/image\\\/\"}}]}<\/script>\n<!-- \/ Yoast SEO plugin. -->","yoast_head_json":{"title":"EHEIM Pond Flow Kafa Motoru 12000l\/h - Anadolu Pet Grup","robots":{"index":"index","follow":"follow","max-snippet":"max-snippet:-1","max-image-preview":"max-image-preview:large","max-video-preview":"max-video-preview:-1"},"canonical":"https:\/\/anadolupet.com.tr\/en\/product\/eheim-pond-flow-kafa-motoru-12000l-h\/","og_locale":"en_US","og_type":"article","og_title":"EHEIM Pond Flow Kafa Motoru 12000l\/h - Anadolu Pet Grup","og_description":"EHEIM FLOW serisi, bah\u00e7e havuzlar\u0131nda zarif ak\u0131nt\u0131lar veya kabarc\u0131kl\u0131 \u015felaleler olu\u015fturmay\u0131 \u00e7ocuk oyunca\u011f\u0131 haline getirir. Kompakt ve sessiz tasar\u0131m\u0131yla havuz sisteminizin temelini olu\u015fturur; filtre sistemine g\u00fcvenilir \u015fekilde su sa\u011flar ve optimum dola\u015f\u0131m\u0131 garanti eder. Dayan\u0131kl\u0131 pompa teknolojisi sayesinde 8 mm\u2019ye kadar b\u00fcy\u00fck kir par\u00e7ac\u0131klar\u0131 filtreden ge\u00e7ebilir, b\u00f6ylece pompa t\u0131kanmadan uzun s\u00fcre \u00e7al\u0131\u015f\u0131r. FLOW pompalar\u0131 ayr\u0131ca LOOP ak\u0131\u015f filtre setleri ve PRESS bas\u0131n\u00e7 filtre setleri ile uyumludur. Avantajlar ve \u00d6zellikler 8 mm\u2019ye kadar kir par\u00e7ac\u0131klar\u0131n\u0131 filtreye iletebilir \u2013 t\u0131kanmay\u0131 \u00f6nler Enerji tasarruflu motor \u2013 s\u00fcrekli \u00e7al\u0131\u015fmada bile ekonomik Sessiz \u00e7al\u0131\u015fma \u2013 bah\u00e7enizde huzurlu ortam sa\u011flar S\u00fcrekli su alt\u0131nda kullan\u0131m i\u00e7in uygun D\u00fc\u015f\u00fck bak\u0131m ihtiyac\u0131 \u2013 kolay temizlenir A\u015f\u0131r\u0131 \u0131s\u0131nma korumas\u0131 \u2013 d\u00fc\u015f\u00fck su seviyelerinde g\u00fcvenlik sa\u011flar Dayan\u0131kl\u0131 ve uzun \u00f6m\u00fcrl\u00fc tasar\u0131m Teslimat Kapsam\u0131 FLOW12000 havuz pompas\u0131 (filtreler ve ak\u0131nt\u0131lar i\u00e7in) Ba\u011flant\u0131 noz\u00fcl\u00fc 10 m g\u00fc\u00e7 kablosu","og_url":"https:\/\/anadolupet.com.tr\/en\/product\/eheim-pond-flow-kafa-motoru-12000l-h\/","og_site_name":"Anadolu Pet Grup","article_modified_time":"2026-02-23T12:48:17+00:00","og_image":[{"width":750,"height":750,"url":"https:\/\/anadolupet.com.tr\/wp-content\/uploads\/2026\/02\/105-5114010.jpg","type":"image\/jpeg"}],"twitter_card":"summary_large_image","schema":{"@context":"https:\/\/schema.org","@graph":[{"@type":"WebPage","@id":"https:\/\/anadolupet.com.tr\/urun\/eheim-pond-flow-kafa-motoru-12000l-h\/","url":"https:\/\/anadolupet.com.tr\/urun\/eheim-pond-flow-kafa-motoru-12000l-h\/","name":"EHEIM Pond Flow Kafa Motoru 12000l\/h - Anadolu Pet Grup","isPartOf":{"@id":"https:\/\/anadolupet.com.tr\/#website"},"primaryImageOfPage":{"@id":"https:\/\/anadolupet.com.tr\/urun\/eheim-pond-flow-kafa-motoru-12000l-h\/#primaryimage"},"image":{"@id":"https:\/\/anadolupet.com.tr\/urun\/eheim-pond-flow-kafa-motoru-12000l-h\/#primaryimage"},"thumbnailUrl":"https:\/\/anadolupet.com.tr\/wp-content\/uploads\/2026\/02\/105-5114010.jpg","datePublished":"2026-02-14T14:40:18+00:00","dateModified":"2026-02-23T12:48:17+00:00","breadcrumb":{"@id":"https:\/\/anadolupet.com.tr\/urun\/eheim-pond-flow-kafa-motoru-12000l-h\/#breadcrumb"},"inLanguage":"en-US","potentialAction":[{"@type":"ReadAction","target":["https:\/\/anadolupet.com.tr\/urun\/eheim-pond-flow-kafa-motoru-12000l-h\/"]}]},{"@type":"ImageObject","inLanguage":"en-US","@id":"https:\/\/anadolupet.com.tr\/urun\/eheim-pond-flow-kafa-motoru-12000l-h\/#primaryimage","url":"https:\/\/anadolupet.com.tr\/wp-content\/uploads\/2026\/02\/105-5114010.jpg","contentUrl":"https:\/\/anadolupet.com.tr\/wp-content\/uploads\/2026\/02\/105-5114010.jpg","width":750,"height":750},{"@type":"BreadcrumbList","@id":"https:\/\/anadolupet.com.tr\/urun\/eheim-pond-flow-kafa-motoru-12000l-h\/#breadcrumb","itemListElement":[{"@type":"ListItem","position":1,"name":"Anasayfa","item":"https:\/\/anadolupet.com.tr\/"},{"@type":"ListItem","position":2,"name":"\u00dcr\u00fcnler","item":"https:\/\/anadolupet.com.tr\/urunler\/"},{"@type":"ListItem","position":3,"name":"EHEIM Pond Flow Kafa Motoru 12000l\/h"}]},{"@type":"WebSite","@id":"https:\/\/anadolupet.com.tr\/#website","url":"https:\/\/anadolupet.com.tr\/","name":"Anadolu Pet Group","description":"We Stand Together for the Well-Being of Every Life","publisher":{"@id":"https:\/\/anadolupet.com.tr\/#organization"},"potentialAction":[{"@type":"SearchAction","target":{"@type":"EntryPoint","urlTemplate":"https:\/\/anadolupet.com.tr\/?s={search_term_string}"},"query-input":{"@type":"PropertyValueSpecification","valueRequired":true,"valueName":"search_term_string"}}],"inLanguage":"en-US"},{"@type":"Organization","@id":"https:\/\/anadolupet.com.tr\/#organization","name":"Anadolu Pet Group","alternateName":"Anadolu Pet","url":"https:\/\/anadolupet.com.tr\/","logo":{"@type":"ImageObject","inLanguage":"en-US","@id":"https:\/\/anadolupet.com.tr\/#\/schema\/logo\/image\/","url":"https:\/\/anadolupet.com.tr\/wp-content\/uploads\/2026\/03\/1614666743370.jpg","contentUrl":"https:\/\/anadolupet.com.tr\/wp-content\/uploads\/2026\/03\/1614666743370.jpg","width":800,"height":571,"caption":"Anadolu Pet Grup"},"image":{"@id":"https:\/\/anadolupet.com.tr\/#\/schema\/logo\/image\/"}}]}},"_links":{"self":[{"href":"https:\/\/anadolupet.com.tr\/en\/wp-json\/wp\/v2\/product\/45008","targetHints":{"allow":["GET"]}}],"collection":[{"href":"https:\/\/anadolupet.com.tr\/en\/wp-json\/wp\/v2\/product"}],"about":[{"href":"https:\/\/anadolupet.com.tr\/en\/wp-json\/wp\/v2\/types\/product"}],"replies":[{"embeddable":true,"href":"https:\/\/anadolupet.com.tr\/en\/wp-json\/wp\/v2\/comments?post=45008"}],"wp:featuredmedia":[{"embeddable":true,"href":"https:\/\/anadolupet.com.tr\/en\/wp-json\/wp\/v2\/media\/42474"}],"wp:attachment":[{"href":"https:\/\/anadolupet.com.tr\/en\/wp-json\/wp\/v2\/media?parent=45008"}],"wp:term":[{"taxonomy":"product_brand","embeddable":true,"href":"https:\/\/anadolupet.com.tr\/en\/wp-json\/wp\/v2\/product_brand?post=45008"},{"taxonomy":"product_cat","embeddable":true,"href":"https:\/\/anadolupet.com.tr\/en\/wp-json\/wp\/v2\/product_cat?post=45008"},{"taxonomy":"product_tag","embeddable":true,"href":"https:\/\/anadolupet.com.tr\/en\/wp-json\/wp\/v2\/product_tag?post=45008"}],"curies":[{"name":"wp","href":"https:\/\/api.w.org\/{rel}","templated":true}]}}