{"id":45014,"date":"2026-02-14T14:40:19","date_gmt":"2026-02-14T14:40:19","guid":{"rendered":"https:\/\/anadolupet.com.tr\/?post_type=product&#038;p=45014"},"modified":"2026-02-23T12:48:17","modified_gmt":"2026-02-23T12:48:17","slug":"eheim-pond-loop-5000-akis-filtreli-komple-havuz-seti","status":"publish","type":"product","link":"https:\/\/anadolupet.com.tr\/en\/urun\/eheim-pond-loop-5000-akis-filtreli-komple-havuz-seti\/","title":{"rendered":"EHEIM Pond Loop 5000 Ak\u0131\u015f Filtreli Komple Havuz Seti"},"content":{"rendered":"","protected":false},"excerpt":{"rendered":"<p>EHEIM LOOP filtre sistemi, g\u00f6letinizde kristal berrak su ve bitkiler ile hayvanlar i\u00e7in sa\u011fl\u0131kl\u0131 ya\u015fam ko\u015fullar\u0131 sa\u011flar. Biyolojik\u2013mekanik 4 a\u015famal\u0131 filtrasyon s\u00fcreci sayesinde do\u011fal bir ortam olu\u015fturur. Su, birden fazla filtre katman\u0131ndan ge\u00e7tikten sonra entegre UV ar\u0131t\u0131c\u0131 (CLEARUVC 7W) ile yosun ve zararl\u0131 partik\u00fcllerden ar\u0131nd\u0131r\u0131l\u0131r ve g\u00f6lete temiz \u015fekilde geri d\u00f6ner.<br \/>\nT\u00fcm bile\u015fenler m\u00fckemmel uyum i\u00e7inde \u00e7al\u0131\u015f\u0131r ve bak\u0131m gereksinimi minimumdur: Ba\u011fla, \u00e7al\u0131\u015ft\u0131r, keyfini \u00e7\u0131kar!<br \/>\nAvantajlar<br \/>\nKomple set \u2013 kuruluma haz\u0131r<br \/>\nPLAY1500 enerji tasarruflu pompa<br \/>\nYeni sprey kolu ile suyun filtre malzemelerine optimum da\u011f\u0131l\u0131m\u0131<br \/>\nOrijinal EHEIM filtre malzemeleri dahil<br \/>\nD\u00fc\u015f\u00fck bak\u0131m gereksinimi<br \/>\nTeslimat Kapsam\u0131<br \/>\nKapakl\u0131 filtre kutusu ve filtre malzemeleri<br \/>\n5 m spiral hortum (\u00be in\u00e7)<br \/>\nBa\u011flant\u0131 aksesuarlar\u0131<br \/>\nPLAY1500 filtre pompas\u0131<br \/>\nCLEARUVC 7W UV ar\u0131t\u0131c\u0131<\/p>","protected":false},"featured_media":42475,"comment_status":"open","ping_status":"closed","template":"","meta":{"_acf_changed":false},"product_brand":[],"product_cat":[2382],"product_tag":[],"class_list":{"0":"post-45014","1":"product","2":"type-product","3":"status-publish","4":"has-post-thumbnail","6":"product_cat-dis-filtreler","8":"first","9":"instock","10":"shipping-taxable","11":"product-type-simple"},"acf":[],"yoast_head":"<!-- This site is optimized with the Yoast SEO plugin v27.5 - https:\/\/yoast.com\/product\/yoast-seo-wordpress\/ -->\n<title>EHEIM Pond Loop 5000 Ak\u0131\u015f Filtreli Komple Havuz Seti - Anadolu Pet Grup<\/title>\n<meta name=\"robots\" content=\"index, follow, max-snippet:-1, max-image-preview:large, max-video-preview:-1\" \/>\n<link rel=\"canonical\" href=\"https:\/\/anadolupet.com.tr\/en\/product\/eheim-pond-loop-5000-akis-filtreli-komple-havuz-seti\/\" \/>\n<meta property=\"og:locale\" content=\"en_US\" \/>\n<meta property=\"og:type\" content=\"article\" \/>\n<meta property=\"og:title\" content=\"EHEIM Pond Loop 5000 Ak\u0131\u015f Filtreli Komple Havuz Seti - Anadolu Pet Grup\" \/>\n<meta property=\"og:description\" content=\"EHEIM LOOP filtre sistemi, g\u00f6letinizde kristal berrak su ve bitkiler ile hayvanlar i\u00e7in sa\u011fl\u0131kl\u0131 ya\u015fam ko\u015fullar\u0131 sa\u011flar. Biyolojik\u2013mekanik 4 a\u015famal\u0131 filtrasyon s\u00fcreci sayesinde do\u011fal bir ortam olu\u015fturur. Su, birden fazla filtre katman\u0131ndan ge\u00e7tikten sonra entegre UV ar\u0131t\u0131c\u0131 (CLEARUVC 7W) ile yosun ve zararl\u0131 partik\u00fcllerden ar\u0131nd\u0131r\u0131l\u0131r ve g\u00f6lete temiz \u015fekilde geri d\u00f6ner. T\u00fcm bile\u015fenler m\u00fckemmel uyum i\u00e7inde \u00e7al\u0131\u015f\u0131r ve bak\u0131m gereksinimi minimumdur: Ba\u011fla, \u00e7al\u0131\u015ft\u0131r, keyfini \u00e7\u0131kar! Avantajlar Komple set \u2013 kuruluma haz\u0131r PLAY1500 enerji tasarruflu pompa Yeni sprey kolu ile suyun filtre malzemelerine optimum da\u011f\u0131l\u0131m\u0131 Orijinal EHEIM filtre malzemeleri dahil D\u00fc\u015f\u00fck bak\u0131m gereksinimi Teslimat Kapsam\u0131 Kapakl\u0131 filtre kutusu ve filtre malzemeleri 5 m spiral hortum (\u00be in\u00e7) Ba\u011flant\u0131 aksesuarlar\u0131 PLAY1500 filtre pompas\u0131 CLEARUVC 7W UV ar\u0131t\u0131c\u0131\" \/>\n<meta property=\"og:url\" content=\"https:\/\/anadolupet.com.tr\/en\/product\/eheim-pond-loop-5000-akis-filtreli-komple-havuz-seti\/\" \/>\n<meta property=\"og:site_name\" content=\"Anadolu Pet Grup\" \/>\n<meta property=\"article:modified_time\" content=\"2026-02-23T12:48:17+00:00\" \/>\n<meta property=\"og:image\" content=\"https:\/\/anadolupet.com.tr\/wp-content\/uploads\/2026\/02\/105-5200020.jpg\" \/>\n\t<meta property=\"og:image:width\" content=\"750\" \/>\n\t<meta property=\"og:image:height\" content=\"750\" \/>\n\t<meta property=\"og:image:type\" content=\"image\/jpeg\" \/>\n<meta name=\"twitter:card\" content=\"summary_large_image\" \/>\n<script type=\"application\/ld+json\" class=\"yoast-schema-graph\">{\"@context\":\"https:\\\/\\\/schema.org\",\"@graph\":[{\"@type\":\"WebPage\",\"@id\":\"https:\\\/\\\/anadolupet.com.tr\\\/urun\\\/eheim-pond-loop-5000-akis-filtreli-komple-havuz-seti\\\/\",\"url\":\"https:\\\/\\\/anadolupet.com.tr\\\/urun\\\/eheim-pond-loop-5000-akis-filtreli-komple-havuz-seti\\\/\",\"name\":\"EHEIM Pond Loop 5000 Ak\u0131\u015f Filtreli Komple Havuz Seti - Anadolu Pet Grup\",\"isPartOf\":{\"@id\":\"https:\\\/\\\/anadolupet.com.tr\\\/#website\"},\"primaryImageOfPage\":{\"@id\":\"https:\\\/\\\/anadolupet.com.tr\\\/urun\\\/eheim-pond-loop-5000-akis-filtreli-komple-havuz-seti\\\/#primaryimage\"},\"image\":{\"@id\":\"https:\\\/\\\/anadolupet.com.tr\\\/urun\\\/eheim-pond-loop-5000-akis-filtreli-komple-havuz-seti\\\/#primaryimage\"},\"thumbnailUrl\":\"https:\\\/\\\/anadolupet.com.tr\\\/wp-content\\\/uploads\\\/2026\\\/02\\\/105-5200020.jpg\",\"datePublished\":\"2026-02-14T14:40:19+00:00\",\"dateModified\":\"2026-02-23T12:48:17+00:00\",\"breadcrumb\":{\"@id\":\"https:\\\/\\\/anadolupet.com.tr\\\/urun\\\/eheim-pond-loop-5000-akis-filtreli-komple-havuz-seti\\\/#breadcrumb\"},\"inLanguage\":\"en-US\",\"potentialAction\":[{\"@type\":\"ReadAction\",\"target\":[\"https:\\\/\\\/anadolupet.com.tr\\\/urun\\\/eheim-pond-loop-5000-akis-filtreli-komple-havuz-seti\\\/\"]}]},{\"@type\":\"ImageObject\",\"inLanguage\":\"en-US\",\"@id\":\"https:\\\/\\\/anadolupet.com.tr\\\/urun\\\/eheim-pond-loop-5000-akis-filtreli-komple-havuz-seti\\\/#primaryimage\",\"url\":\"https:\\\/\\\/anadolupet.com.tr\\\/wp-content\\\/uploads\\\/2026\\\/02\\\/105-5200020.jpg\",\"contentUrl\":\"https:\\\/\\\/anadolupet.com.tr\\\/wp-content\\\/uploads\\\/2026\\\/02\\\/105-5200020.jpg\",\"width\":750,\"height\":750},{\"@type\":\"BreadcrumbList\",\"@id\":\"https:\\\/\\\/anadolupet.com.tr\\\/urun\\\/eheim-pond-loop-5000-akis-filtreli-komple-havuz-seti\\\/#breadcrumb\",\"itemListElement\":[{\"@type\":\"ListItem\",\"position\":1,\"name\":\"Anasayfa\",\"item\":\"https:\\\/\\\/anadolupet.com.tr\\\/\"},{\"@type\":\"ListItem\",\"position\":2,\"name\":\"\u00dcr\u00fcnler\",\"item\":\"https:\\\/\\\/anadolupet.com.tr\\\/urunler\\\/\"},{\"@type\":\"ListItem\",\"position\":3,\"name\":\"EHEIM Pond Loop 5000 Ak\u0131\u015f Filtreli Komple Havuz Seti\"}]},{\"@type\":\"WebSite\",\"@id\":\"https:\\\/\\\/anadolupet.com.tr\\\/#website\",\"url\":\"https:\\\/\\\/anadolupet.com.tr\\\/\",\"name\":\"Anadolu Pet Grup\",\"description\":\"Her Can\u0131n \u0130yi Ya\u015fam\u0131 \u0130\u00e7in Biraraday\u0131z\",\"publisher\":{\"@id\":\"https:\\\/\\\/anadolupet.com.tr\\\/#organization\"},\"potentialAction\":[{\"@type\":\"SearchAction\",\"target\":{\"@type\":\"EntryPoint\",\"urlTemplate\":\"https:\\\/\\\/anadolupet.com.tr\\\/?s={search_term_string}\"},\"query-input\":{\"@type\":\"PropertyValueSpecification\",\"valueRequired\":true,\"valueName\":\"search_term_string\"}}],\"inLanguage\":\"en-US\"},{\"@type\":\"Organization\",\"@id\":\"https:\\\/\\\/anadolupet.com.tr\\\/#organization\",\"name\":\"Anadolu Pet Grup\",\"alternateName\":\"Anadolu Pet\",\"url\":\"https:\\\/\\\/anadolupet.com.tr\\\/\",\"logo\":{\"@type\":\"ImageObject\",\"inLanguage\":\"en-US\",\"@id\":\"https:\\\/\\\/anadolupet.com.tr\\\/#\\\/schema\\\/logo\\\/image\\\/\",\"url\":\"https:\\\/\\\/anadolupet.com.tr\\\/wp-content\\\/uploads\\\/2026\\\/03\\\/1614666743370.jpg\",\"contentUrl\":\"https:\\\/\\\/anadolupet.com.tr\\\/wp-content\\\/uploads\\\/2026\\\/03\\\/1614666743370.jpg\",\"width\":800,\"height\":571,\"caption\":\"Anadolu Pet Grup\"},\"image\":{\"@id\":\"https:\\\/\\\/anadolupet.com.tr\\\/#\\\/schema\\\/logo\\\/image\\\/\"}}]}<\/script>\n<!-- \/ Yoast SEO plugin. -->","yoast_head_json":{"title":"EHEIM Pond Loop 5000 Ak\u0131\u015f Filtreli Komple Havuz Seti - Anadolu Pet Grup","robots":{"index":"index","follow":"follow","max-snippet":"max-snippet:-1","max-image-preview":"max-image-preview:large","max-video-preview":"max-video-preview:-1"},"canonical":"https:\/\/anadolupet.com.tr\/en\/product\/eheim-pond-loop-5000-akis-filtreli-komple-havuz-seti\/","og_locale":"en_US","og_type":"article","og_title":"EHEIM Pond Loop 5000 Ak\u0131\u015f Filtreli Komple Havuz Seti - Anadolu Pet Grup","og_description":"EHEIM LOOP filtre sistemi, g\u00f6letinizde kristal berrak su ve bitkiler ile hayvanlar i\u00e7in sa\u011fl\u0131kl\u0131 ya\u015fam ko\u015fullar\u0131 sa\u011flar. Biyolojik\u2013mekanik 4 a\u015famal\u0131 filtrasyon s\u00fcreci sayesinde do\u011fal bir ortam olu\u015fturur. Su, birden fazla filtre katman\u0131ndan ge\u00e7tikten sonra entegre UV ar\u0131t\u0131c\u0131 (CLEARUVC 7W) ile yosun ve zararl\u0131 partik\u00fcllerden ar\u0131nd\u0131r\u0131l\u0131r ve g\u00f6lete temiz \u015fekilde geri d\u00f6ner. T\u00fcm bile\u015fenler m\u00fckemmel uyum i\u00e7inde \u00e7al\u0131\u015f\u0131r ve bak\u0131m gereksinimi minimumdur: Ba\u011fla, \u00e7al\u0131\u015ft\u0131r, keyfini \u00e7\u0131kar! Avantajlar Komple set \u2013 kuruluma haz\u0131r PLAY1500 enerji tasarruflu pompa Yeni sprey kolu ile suyun filtre malzemelerine optimum da\u011f\u0131l\u0131m\u0131 Orijinal EHEIM filtre malzemeleri dahil D\u00fc\u015f\u00fck bak\u0131m gereksinimi Teslimat Kapsam\u0131 Kapakl\u0131 filtre kutusu ve filtre malzemeleri 5 m spiral hortum (\u00be in\u00e7) Ba\u011flant\u0131 aksesuarlar\u0131 PLAY1500 filtre pompas\u0131 CLEARUVC 7W UV ar\u0131t\u0131c\u0131","og_url":"https:\/\/anadolupet.com.tr\/en\/product\/eheim-pond-loop-5000-akis-filtreli-komple-havuz-seti\/","og_site_name":"Anadolu Pet Grup","article_modified_time":"2026-02-23T12:48:17+00:00","og_image":[{"width":750,"height":750,"url":"https:\/\/anadolupet.com.tr\/wp-content\/uploads\/2026\/02\/105-5200020.jpg","type":"image\/jpeg"}],"twitter_card":"summary_large_image","schema":{"@context":"https:\/\/schema.org","@graph":[{"@type":"WebPage","@id":"https:\/\/anadolupet.com.tr\/urun\/eheim-pond-loop-5000-akis-filtreli-komple-havuz-seti\/","url":"https:\/\/anadolupet.com.tr\/urun\/eheim-pond-loop-5000-akis-filtreli-komple-havuz-seti\/","name":"EHEIM Pond Loop 5000 Ak\u0131\u015f Filtreli Komple Havuz Seti - Anadolu Pet Grup","isPartOf":{"@id":"https:\/\/anadolupet.com.tr\/#website"},"primaryImageOfPage":{"@id":"https:\/\/anadolupet.com.tr\/urun\/eheim-pond-loop-5000-akis-filtreli-komple-havuz-seti\/#primaryimage"},"image":{"@id":"https:\/\/anadolupet.com.tr\/urun\/eheim-pond-loop-5000-akis-filtreli-komple-havuz-seti\/#primaryimage"},"thumbnailUrl":"https:\/\/anadolupet.com.tr\/wp-content\/uploads\/2026\/02\/105-5200020.jpg","datePublished":"2026-02-14T14:40:19+00:00","dateModified":"2026-02-23T12:48:17+00:00","breadcrumb":{"@id":"https:\/\/anadolupet.com.tr\/urun\/eheim-pond-loop-5000-akis-filtreli-komple-havuz-seti\/#breadcrumb"},"inLanguage":"en-US","potentialAction":[{"@type":"ReadAction","target":["https:\/\/anadolupet.com.tr\/urun\/eheim-pond-loop-5000-akis-filtreli-komple-havuz-seti\/"]}]},{"@type":"ImageObject","inLanguage":"en-US","@id":"https:\/\/anadolupet.com.tr\/urun\/eheim-pond-loop-5000-akis-filtreli-komple-havuz-seti\/#primaryimage","url":"https:\/\/anadolupet.com.tr\/wp-content\/uploads\/2026\/02\/105-5200020.jpg","contentUrl":"https:\/\/anadolupet.com.tr\/wp-content\/uploads\/2026\/02\/105-5200020.jpg","width":750,"height":750},{"@type":"BreadcrumbList","@id":"https:\/\/anadolupet.com.tr\/urun\/eheim-pond-loop-5000-akis-filtreli-komple-havuz-seti\/#breadcrumb","itemListElement":[{"@type":"ListItem","position":1,"name":"Anasayfa","item":"https:\/\/anadolupet.com.tr\/"},{"@type":"ListItem","position":2,"name":"\u00dcr\u00fcnler","item":"https:\/\/anadolupet.com.tr\/urunler\/"},{"@type":"ListItem","position":3,"name":"EHEIM Pond Loop 5000 Ak\u0131\u015f Filtreli Komple Havuz Seti"}]},{"@type":"WebSite","@id":"https:\/\/anadolupet.com.tr\/#website","url":"https:\/\/anadolupet.com.tr\/","name":"Anadolu Pet Group","description":"We Stand Together for the Well-Being of Every Life","publisher":{"@id":"https:\/\/anadolupet.com.tr\/#organization"},"potentialAction":[{"@type":"SearchAction","target":{"@type":"EntryPoint","urlTemplate":"https:\/\/anadolupet.com.tr\/?s={search_term_string}"},"query-input":{"@type":"PropertyValueSpecification","valueRequired":true,"valueName":"search_term_string"}}],"inLanguage":"en-US"},{"@type":"Organization","@id":"https:\/\/anadolupet.com.tr\/#organization","name":"Anadolu Pet Group","alternateName":"Anadolu Pet","url":"https:\/\/anadolupet.com.tr\/","logo":{"@type":"ImageObject","inLanguage":"en-US","@id":"https:\/\/anadolupet.com.tr\/#\/schema\/logo\/image\/","url":"https:\/\/anadolupet.com.tr\/wp-content\/uploads\/2026\/03\/1614666743370.jpg","contentUrl":"https:\/\/anadolupet.com.tr\/wp-content\/uploads\/2026\/03\/1614666743370.jpg","width":800,"height":571,"caption":"Anadolu Pet Grup"},"image":{"@id":"https:\/\/anadolupet.com.tr\/#\/schema\/logo\/image\/"}}]}},"_links":{"self":[{"href":"https:\/\/anadolupet.com.tr\/en\/wp-json\/wp\/v2\/product\/45014","targetHints":{"allow":["GET"]}}],"collection":[{"href":"https:\/\/anadolupet.com.tr\/en\/wp-json\/wp\/v2\/product"}],"about":[{"href":"https:\/\/anadolupet.com.tr\/en\/wp-json\/wp\/v2\/types\/product"}],"replies":[{"embeddable":true,"href":"https:\/\/anadolupet.com.tr\/en\/wp-json\/wp\/v2\/comments?post=45014"}],"wp:featuredmedia":[{"embeddable":true,"href":"https:\/\/anadolupet.com.tr\/en\/wp-json\/wp\/v2\/media\/42475"}],"wp:attachment":[{"href":"https:\/\/anadolupet.com.tr\/en\/wp-json\/wp\/v2\/media?parent=45014"}],"wp:term":[{"taxonomy":"product_brand","embeddable":true,"href":"https:\/\/anadolupet.com.tr\/en\/wp-json\/wp\/v2\/product_brand?post=45014"},{"taxonomy":"product_cat","embeddable":true,"href":"https:\/\/anadolupet.com.tr\/en\/wp-json\/wp\/v2\/product_cat?post=45014"},{"taxonomy":"product_tag","embeddable":true,"href":"https:\/\/anadolupet.com.tr\/en\/wp-json\/wp\/v2\/product_tag?post=45014"}],"curies":[{"name":"wp","href":"https:\/\/api.w.org\/{rel}","templated":true}]}}