{"id":45018,"date":"2026-02-14T14:40:20","date_gmt":"2026-02-14T14:40:20","guid":{"rendered":"https:\/\/anadolupet.com.tr\/urun\/eheim-pompa-kapagi-komple-f-compacton-1000\/"},"modified":"2026-02-23T12:48:18","modified_gmt":"2026-02-23T12:48:18","slug":"eheim-pompa-kapagi-komple-f-compacton-1000","status":"publish","type":"product","link":"https:\/\/anadolupet.com.tr\/en\/urun\/eheim-pompa-kapagi-komple-f-compacton-1000\/","title":{"rendered":"EHEIM Pompa Kapa\u011f\u0131 komple f. compactON 1000"},"content":{"rendered":"","protected":false},"excerpt":{"rendered":"<p>EHEIM pump cover complete (tam pompa kapa\u011f\u0131), compactON 1000 su pompas\u0131 i\u00e7in \u00f6zel olarak \u00fcretilmi\u015f orijinal yedek par\u00e7ad\u0131r. Bu kapak, pompan\u0131n \u00f6n k\u0131sm\u0131n\u0131 korur ve suyun do\u011fru \u015fekilde y\u00f6nlendirilmesini sa\u011flar. Ayr\u0131ca emi\u015f \u0131zgaras\u0131 ile birlikte \u00e7al\u0131\u015farak pompan\u0131n g\u00fcvenli ve verimli kullan\u0131m\u0131n\u0131 destekler.<\/p>\n<p>Avantajlar ve \u00d6zellikler<br \/>\nOrijinal EHEIM yedek par\u00e7a \u2013 tam uyum ve g\u00fcvenilirlik<\/p>\n<p>Uyumlu model: compactON 1000<\/p>\n<p>Pompa g\u00f6vdesini korur ve su ak\u0131\u015f\u0131n\u0131 d\u00fczenler<\/p>\n<p>Dayan\u0131kl\u0131 plastik yap\u0131 \u2013 uzun \u00f6m\u00fcrl\u00fc kullan\u0131m<\/p>\n<p>Kolay tak\u0131l\u0131p \u00e7\u0131kar\u0131labilir, bak\u0131m dostu<\/p>\n<p>Emi\u015f \u0131zgaras\u0131 ile birlikte \u00e7al\u0131\u015farak tortu ve yabanc\u0131 cisimlerin motora ula\u015fmas\u0131n\u0131 engeller<\/p>","protected":false},"featured_media":42814,"comment_status":"open","ping_status":"closed","template":"","meta":{"_acf_changed":false},"product_brand":[],"product_cat":[2385],"product_tag":[],"class_list":{"0":"post-45018","1":"product","2":"type-product","3":"status-publish","4":"has-post-thumbnail","6":"product_cat-diger-yedek-parcalar","8":"first","9":"instock","10":"shipping-taxable","11":"product-type-simple"},"acf":[],"yoast_head":"<!-- This site is optimized with the Yoast SEO plugin v27.5 - https:\/\/yoast.com\/product\/yoast-seo-wordpress\/ -->\n<title>EHEIM Pompa Kapa\u011f\u0131 komple f. compactON 1000 - Anadolu Pet Grup<\/title>\n<meta name=\"robots\" content=\"index, follow, max-snippet:-1, max-image-preview:large, max-video-preview:-1\" \/>\n<link rel=\"canonical\" href=\"https:\/\/anadolupet.com.tr\/en\/product\/eheim-pompa-kapagi-komple-f-compacton-1000\/\" \/>\n<meta property=\"og:locale\" content=\"en_US\" \/>\n<meta property=\"og:type\" content=\"article\" \/>\n<meta property=\"og:title\" content=\"EHEIM Pompa Kapa\u011f\u0131 komple f. compactON 1000 - Anadolu Pet Grup\" \/>\n<meta property=\"og:description\" content=\"EHEIM pump cover complete (tam pompa kapa\u011f\u0131), compactON 1000 su pompas\u0131 i\u00e7in \u00f6zel olarak \u00fcretilmi\u015f orijinal yedek par\u00e7ad\u0131r. Bu kapak, pompan\u0131n \u00f6n k\u0131sm\u0131n\u0131 korur ve suyun do\u011fru \u015fekilde y\u00f6nlendirilmesini sa\u011flar. Ayr\u0131ca emi\u015f \u0131zgaras\u0131 ile birlikte \u00e7al\u0131\u015farak pompan\u0131n g\u00fcvenli ve verimli kullan\u0131m\u0131n\u0131 destekler. Avantajlar ve \u00d6zellikler Orijinal EHEIM yedek par\u00e7a \u2013 tam uyum ve g\u00fcvenilirlik Uyumlu model: compactON 1000 Pompa g\u00f6vdesini korur ve su ak\u0131\u015f\u0131n\u0131 d\u00fczenler Dayan\u0131kl\u0131 plastik yap\u0131 \u2013 uzun \u00f6m\u00fcrl\u00fc kullan\u0131m Kolay tak\u0131l\u0131p \u00e7\u0131kar\u0131labilir, bak\u0131m dostu Emi\u015f \u0131zgaras\u0131 ile birlikte \u00e7al\u0131\u015farak tortu ve yabanc\u0131 cisimlerin motora ula\u015fmas\u0131n\u0131 engeller\" \/>\n<meta property=\"og:url\" content=\"https:\/\/anadolupet.com.tr\/en\/product\/eheim-pompa-kapagi-komple-f-compacton-1000\/\" \/>\n<meta property=\"og:site_name\" content=\"Anadolu Pet Grup\" \/>\n<meta property=\"article:modified_time\" content=\"2026-02-23T12:48:18+00:00\" \/>\n<meta property=\"og:image\" content=\"https:\/\/anadolupet.com.tr\/wp-content\/uploads\/2026\/02\/115-7476188-2.jpg\" \/>\n\t<meta property=\"og:image:width\" content=\"750\" \/>\n\t<meta property=\"og:image:height\" content=\"750\" \/>\n\t<meta property=\"og:image:type\" content=\"image\/jpeg\" \/>\n<meta name=\"twitter:card\" content=\"summary_large_image\" \/>\n<script type=\"application\/ld+json\" class=\"yoast-schema-graph\">{\"@context\":\"https:\\\/\\\/schema.org\",\"@graph\":[{\"@type\":\"WebPage\",\"@id\":\"https:\\\/\\\/anadolupet.com.tr\\\/urun\\\/eheim-pompa-kapagi-komple-f-compacton-1000\\\/\",\"url\":\"https:\\\/\\\/anadolupet.com.tr\\\/urun\\\/eheim-pompa-kapagi-komple-f-compacton-1000\\\/\",\"name\":\"EHEIM Pompa Kapa\u011f\u0131 komple f. compactON 1000 - Anadolu Pet Grup\",\"isPartOf\":{\"@id\":\"https:\\\/\\\/anadolupet.com.tr\\\/#website\"},\"primaryImageOfPage\":{\"@id\":\"https:\\\/\\\/anadolupet.com.tr\\\/urun\\\/eheim-pompa-kapagi-komple-f-compacton-1000\\\/#primaryimage\"},\"image\":{\"@id\":\"https:\\\/\\\/anadolupet.com.tr\\\/urun\\\/eheim-pompa-kapagi-komple-f-compacton-1000\\\/#primaryimage\"},\"thumbnailUrl\":\"https:\\\/\\\/anadolupet.com.tr\\\/wp-content\\\/uploads\\\/2026\\\/02\\\/115-7476188-2.jpg\",\"datePublished\":\"2026-02-14T14:40:20+00:00\",\"dateModified\":\"2026-02-23T12:48:18+00:00\",\"breadcrumb\":{\"@id\":\"https:\\\/\\\/anadolupet.com.tr\\\/urun\\\/eheim-pompa-kapagi-komple-f-compacton-1000\\\/#breadcrumb\"},\"inLanguage\":\"en-US\",\"potentialAction\":[{\"@type\":\"ReadAction\",\"target\":[\"https:\\\/\\\/anadolupet.com.tr\\\/urun\\\/eheim-pompa-kapagi-komple-f-compacton-1000\\\/\"]}]},{\"@type\":\"ImageObject\",\"inLanguage\":\"en-US\",\"@id\":\"https:\\\/\\\/anadolupet.com.tr\\\/urun\\\/eheim-pompa-kapagi-komple-f-compacton-1000\\\/#primaryimage\",\"url\":\"https:\\\/\\\/anadolupet.com.tr\\\/wp-content\\\/uploads\\\/2026\\\/02\\\/115-7476188-2.jpg\",\"contentUrl\":\"https:\\\/\\\/anadolupet.com.tr\\\/wp-content\\\/uploads\\\/2026\\\/02\\\/115-7476188-2.jpg\",\"width\":750,\"height\":750},{\"@type\":\"BreadcrumbList\",\"@id\":\"https:\\\/\\\/anadolupet.com.tr\\\/urun\\\/eheim-pompa-kapagi-komple-f-compacton-1000\\\/#breadcrumb\",\"itemListElement\":[{\"@type\":\"ListItem\",\"position\":1,\"name\":\"Anasayfa\",\"item\":\"https:\\\/\\\/anadolupet.com.tr\\\/\"},{\"@type\":\"ListItem\",\"position\":2,\"name\":\"\u00dcr\u00fcnler\",\"item\":\"https:\\\/\\\/anadolupet.com.tr\\\/urunler\\\/\"},{\"@type\":\"ListItem\",\"position\":3,\"name\":\"EHEIM Pompa Kapa\u011f\u0131 komple f. compactON 1000\"}]},{\"@type\":\"WebSite\",\"@id\":\"https:\\\/\\\/anadolupet.com.tr\\\/#website\",\"url\":\"https:\\\/\\\/anadolupet.com.tr\\\/\",\"name\":\"Anadolu Pet Grup\",\"description\":\"Her Can\u0131n \u0130yi Ya\u015fam\u0131 \u0130\u00e7in Biraraday\u0131z\",\"publisher\":{\"@id\":\"https:\\\/\\\/anadolupet.com.tr\\\/#organization\"},\"potentialAction\":[{\"@type\":\"SearchAction\",\"target\":{\"@type\":\"EntryPoint\",\"urlTemplate\":\"https:\\\/\\\/anadolupet.com.tr\\\/?s={search_term_string}\"},\"query-input\":{\"@type\":\"PropertyValueSpecification\",\"valueRequired\":true,\"valueName\":\"search_term_string\"}}],\"inLanguage\":\"en-US\"},{\"@type\":\"Organization\",\"@id\":\"https:\\\/\\\/anadolupet.com.tr\\\/#organization\",\"name\":\"Anadolu Pet Grup\",\"alternateName\":\"Anadolu Pet\",\"url\":\"https:\\\/\\\/anadolupet.com.tr\\\/\",\"logo\":{\"@type\":\"ImageObject\",\"inLanguage\":\"en-US\",\"@id\":\"https:\\\/\\\/anadolupet.com.tr\\\/#\\\/schema\\\/logo\\\/image\\\/\",\"url\":\"https:\\\/\\\/anadolupet.com.tr\\\/wp-content\\\/uploads\\\/2026\\\/03\\\/1614666743370.jpg\",\"contentUrl\":\"https:\\\/\\\/anadolupet.com.tr\\\/wp-content\\\/uploads\\\/2026\\\/03\\\/1614666743370.jpg\",\"width\":800,\"height\":571,\"caption\":\"Anadolu Pet Grup\"},\"image\":{\"@id\":\"https:\\\/\\\/anadolupet.com.tr\\\/#\\\/schema\\\/logo\\\/image\\\/\"}}]}<\/script>\n<!-- \/ Yoast SEO plugin. -->","yoast_head_json":{"title":"EHEIM Pompa Kapa\u011f\u0131 komple f. compactON 1000 - Anadolu Pet Grup","robots":{"index":"index","follow":"follow","max-snippet":"max-snippet:-1","max-image-preview":"max-image-preview:large","max-video-preview":"max-video-preview:-1"},"canonical":"https:\/\/anadolupet.com.tr\/en\/product\/eheim-pompa-kapagi-komple-f-compacton-1000\/","og_locale":"en_US","og_type":"article","og_title":"EHEIM Pompa Kapa\u011f\u0131 komple f. compactON 1000 - Anadolu Pet Grup","og_description":"EHEIM pump cover complete (tam pompa kapa\u011f\u0131), compactON 1000 su pompas\u0131 i\u00e7in \u00f6zel olarak \u00fcretilmi\u015f orijinal yedek par\u00e7ad\u0131r. Bu kapak, pompan\u0131n \u00f6n k\u0131sm\u0131n\u0131 korur ve suyun do\u011fru \u015fekilde y\u00f6nlendirilmesini sa\u011flar. Ayr\u0131ca emi\u015f \u0131zgaras\u0131 ile birlikte \u00e7al\u0131\u015farak pompan\u0131n g\u00fcvenli ve verimli kullan\u0131m\u0131n\u0131 destekler. Avantajlar ve \u00d6zellikler Orijinal EHEIM yedek par\u00e7a \u2013 tam uyum ve g\u00fcvenilirlik Uyumlu model: compactON 1000 Pompa g\u00f6vdesini korur ve su ak\u0131\u015f\u0131n\u0131 d\u00fczenler Dayan\u0131kl\u0131 plastik yap\u0131 \u2013 uzun \u00f6m\u00fcrl\u00fc kullan\u0131m Kolay tak\u0131l\u0131p \u00e7\u0131kar\u0131labilir, bak\u0131m dostu Emi\u015f \u0131zgaras\u0131 ile birlikte \u00e7al\u0131\u015farak tortu ve yabanc\u0131 cisimlerin motora ula\u015fmas\u0131n\u0131 engeller","og_url":"https:\/\/anadolupet.com.tr\/en\/product\/eheim-pompa-kapagi-komple-f-compacton-1000\/","og_site_name":"Anadolu Pet Grup","article_modified_time":"2026-02-23T12:48:18+00:00","og_image":[{"width":750,"height":750,"url":"https:\/\/anadolupet.com.tr\/wp-content\/uploads\/2026\/02\/115-7476188-2.jpg","type":"image\/jpeg"}],"twitter_card":"summary_large_image","schema":{"@context":"https:\/\/schema.org","@graph":[{"@type":"WebPage","@id":"https:\/\/anadolupet.com.tr\/urun\/eheim-pompa-kapagi-komple-f-compacton-1000\/","url":"https:\/\/anadolupet.com.tr\/urun\/eheim-pompa-kapagi-komple-f-compacton-1000\/","name":"EHEIM Pompa Kapa\u011f\u0131 komple f. compactON 1000 - Anadolu Pet Grup","isPartOf":{"@id":"https:\/\/anadolupet.com.tr\/#website"},"primaryImageOfPage":{"@id":"https:\/\/anadolupet.com.tr\/urun\/eheim-pompa-kapagi-komple-f-compacton-1000\/#primaryimage"},"image":{"@id":"https:\/\/anadolupet.com.tr\/urun\/eheim-pompa-kapagi-komple-f-compacton-1000\/#primaryimage"},"thumbnailUrl":"https:\/\/anadolupet.com.tr\/wp-content\/uploads\/2026\/02\/115-7476188-2.jpg","datePublished":"2026-02-14T14:40:20+00:00","dateModified":"2026-02-23T12:48:18+00:00","breadcrumb":{"@id":"https:\/\/anadolupet.com.tr\/urun\/eheim-pompa-kapagi-komple-f-compacton-1000\/#breadcrumb"},"inLanguage":"en-US","potentialAction":[{"@type":"ReadAction","target":["https:\/\/anadolupet.com.tr\/urun\/eheim-pompa-kapagi-komple-f-compacton-1000\/"]}]},{"@type":"ImageObject","inLanguage":"en-US","@id":"https:\/\/anadolupet.com.tr\/urun\/eheim-pompa-kapagi-komple-f-compacton-1000\/#primaryimage","url":"https:\/\/anadolupet.com.tr\/wp-content\/uploads\/2026\/02\/115-7476188-2.jpg","contentUrl":"https:\/\/anadolupet.com.tr\/wp-content\/uploads\/2026\/02\/115-7476188-2.jpg","width":750,"height":750},{"@type":"BreadcrumbList","@id":"https:\/\/anadolupet.com.tr\/urun\/eheim-pompa-kapagi-komple-f-compacton-1000\/#breadcrumb","itemListElement":[{"@type":"ListItem","position":1,"name":"Anasayfa","item":"https:\/\/anadolupet.com.tr\/"},{"@type":"ListItem","position":2,"name":"\u00dcr\u00fcnler","item":"https:\/\/anadolupet.com.tr\/urunler\/"},{"@type":"ListItem","position":3,"name":"EHEIM Pompa Kapa\u011f\u0131 komple f. compactON 1000"}]},{"@type":"WebSite","@id":"https:\/\/anadolupet.com.tr\/#website","url":"https:\/\/anadolupet.com.tr\/","name":"Anadolu Pet Group","description":"We Stand Together for the Well-Being of Every Life","publisher":{"@id":"https:\/\/anadolupet.com.tr\/#organization"},"potentialAction":[{"@type":"SearchAction","target":{"@type":"EntryPoint","urlTemplate":"https:\/\/anadolupet.com.tr\/?s={search_term_string}"},"query-input":{"@type":"PropertyValueSpecification","valueRequired":true,"valueName":"search_term_string"}}],"inLanguage":"en-US"},{"@type":"Organization","@id":"https:\/\/anadolupet.com.tr\/#organization","name":"Anadolu Pet Group","alternateName":"Anadolu Pet","url":"https:\/\/anadolupet.com.tr\/","logo":{"@type":"ImageObject","inLanguage":"en-US","@id":"https:\/\/anadolupet.com.tr\/#\/schema\/logo\/image\/","url":"https:\/\/anadolupet.com.tr\/wp-content\/uploads\/2026\/03\/1614666743370.jpg","contentUrl":"https:\/\/anadolupet.com.tr\/wp-content\/uploads\/2026\/03\/1614666743370.jpg","width":800,"height":571,"caption":"Anadolu Pet Grup"},"image":{"@id":"https:\/\/anadolupet.com.tr\/#\/schema\/logo\/image\/"}}]}},"_links":{"self":[{"href":"https:\/\/anadolupet.com.tr\/en\/wp-json\/wp\/v2\/product\/45018","targetHints":{"allow":["GET"]}}],"collection":[{"href":"https:\/\/anadolupet.com.tr\/en\/wp-json\/wp\/v2\/product"}],"about":[{"href":"https:\/\/anadolupet.com.tr\/en\/wp-json\/wp\/v2\/types\/product"}],"replies":[{"embeddable":true,"href":"https:\/\/anadolupet.com.tr\/en\/wp-json\/wp\/v2\/comments?post=45018"}],"wp:featuredmedia":[{"embeddable":true,"href":"https:\/\/anadolupet.com.tr\/en\/wp-json\/wp\/v2\/media\/42814"}],"wp:attachment":[{"href":"https:\/\/anadolupet.com.tr\/en\/wp-json\/wp\/v2\/media?parent=45018"}],"wp:term":[{"taxonomy":"product_brand","embeddable":true,"href":"https:\/\/anadolupet.com.tr\/en\/wp-json\/wp\/v2\/product_brand?post=45018"},{"taxonomy":"product_cat","embeddable":true,"href":"https:\/\/anadolupet.com.tr\/en\/wp-json\/wp\/v2\/product_cat?post=45018"},{"taxonomy":"product_tag","embeddable":true,"href":"https:\/\/anadolupet.com.tr\/en\/wp-json\/wp\/v2\/product_tag?post=45018"}],"curies":[{"name":"wp","href":"https:\/\/api.w.org\/{rel}","templated":true}]}}