{"id":45019,"date":"2026-02-14T14:40:20","date_gmt":"2026-02-14T14:40:20","guid":{"rendered":"https:\/\/anadolupet.com.tr\/urun\/eheim-pond-clear-havuz-icin-uv-filtre-24w\/"},"modified":"2026-02-23T12:48:18","modified_gmt":"2026-02-23T12:48:18","slug":"eheim-pond-clear-havuz-icin-uv-filtre-24w","status":"publish","type":"product","link":"https:\/\/anadolupet.com.tr\/en\/urun\/eheim-pond-clear-havuz-icin-uv-filtre-24w\/","title":{"rendered":"EHEIM Pond Clear Havuz i\u00e7in UV Filtre 24W"},"content":{"rendered":"","protected":false},"excerpt":{"rendered":"<p>Y\u00fczen algler havuz suyunu bulan\u0131kla\u015ft\u0131rabilir ve patojenik mikroplar ve bakteriler bal\u0131klar\u0131n sa\u011fl\u0131\u011f\u0131n\u0131 tehdit edebilir. CLEAR UVC, zararl\u0131 patojenleri ve bakterileri UV radyasyonu ile hedef alarak y\u00fcksek verimli bir \u00e7\u00f6z\u00fcm sunarken, havuz suyunu kristal berrakl\u0131\u011f\u0131nda tutar.<\/p>\n<p>Verimli, enerji tasarruflu, dayan\u0131kl\u0131!<\/p>\n<p>    Uzun \u00f6m\u00fcrl\u00fc (yakla\u015f\u0131k 8.000 saat) y\u00fcksek kaliteli UVC lamba dahil<br \/>\n    S\u00fcrekli \u00e7al\u0131\u015fmada bile d\u00fc\u015f\u00fck enerji t\u00fcketimi<br \/>\n    Darbeye ve UV \u0131\u015f\u0131nlar\u0131na dayan\u0131kl\u0131, her t\u00fcrl\u00fc hava ko\u015fuluna uygun plastikten yap\u0131lm\u0131\u015f d\u0131\u015f kap<br \/>\n    Tek ba\u015f\u0131na veya PRESS ve LOOP havuz filtre setleri ile birlikte kullan\u0131labilir<br \/>\n    YEN\u0130: 3 hortum ba\u011flant\u0131s\u0131 ile: \u00d8 25 = 1&#8243;, \u00d8 32 = 1 1\/4&#8243;, \u00d8 40 = 1 1\/2&#8243;<\/p>\n<p>Teslimat kapsam\u0131:<\/p>\n<p>    UV lamba<br \/>\n    3 ba\u011flant\u0131 nozulu<br \/>\n    5 m g\u00fc\u00e7 kablosu<\/p>","protected":false},"featured_media":42491,"comment_status":"open","ping_status":"closed","template":"","meta":{"_acf_changed":false},"product_brand":[],"product_cat":[2419],"product_tag":[],"class_list":{"0":"post-45019","1":"product","2":"type-product","3":"status-publish","4":"has-post-thumbnail","6":"product_cat-uv-filtreler","8":"first","9":"instock","10":"shipping-taxable","11":"product-type-simple"},"acf":[],"yoast_head":"<!-- This site is optimized with the Yoast SEO plugin v27.4 - https:\/\/yoast.com\/product\/yoast-seo-wordpress\/ -->\n<title>EHEIM Pond Clear Havuz i\u00e7in UV Filtre 24W - Anadolu Pet Grup<\/title>\n<meta name=\"robots\" content=\"index, follow, max-snippet:-1, max-image-preview:large, max-video-preview:-1\" \/>\n<link rel=\"canonical\" href=\"https:\/\/anadolupet.com.tr\/en\/product\/eheim-pond-clear-havuz-icin-uv-filtre-24w\/\" \/>\n<meta property=\"og:locale\" content=\"en_US\" \/>\n<meta property=\"og:type\" content=\"article\" \/>\n<meta property=\"og:title\" content=\"EHEIM Pond Clear Havuz i\u00e7in UV Filtre 24W - Anadolu Pet Grup\" \/>\n<meta property=\"og:description\" content=\"Y\u00fczen algler havuz suyunu bulan\u0131kla\u015ft\u0131rabilir ve patojenik mikroplar ve bakteriler bal\u0131klar\u0131n sa\u011fl\u0131\u011f\u0131n\u0131 tehdit edebilir. CLEAR UVC, zararl\u0131 patojenleri ve bakterileri UV radyasyonu ile hedef alarak y\u00fcksek verimli bir \u00e7\u00f6z\u00fcm sunarken, havuz suyunu kristal berrakl\u0131\u011f\u0131nda tutar. Verimli, enerji tasarruflu, dayan\u0131kl\u0131!   Uzun \u00f6m\u00fcrl\u00fc (yakla\u015f\u0131k 8.000 saat) y\u00fcksek kaliteli UVC lamba dahil   S\u00fcrekli \u00e7al\u0131\u015fmada bile d\u00fc\u015f\u00fck enerji t\u00fcketimi   Darbeye ve UV \u0131\u015f\u0131nlar\u0131na dayan\u0131kl\u0131, her t\u00fcrl\u00fc hava ko\u015fuluna uygun plastikten yap\u0131lm\u0131\u015f d\u0131\u015f kap   Tek ba\u015f\u0131na veya PRESS ve LOOP havuz filtre setleri ile birlikte kullan\u0131labilir   YEN\u0130: 3 hortum ba\u011flant\u0131s\u0131 ile: \u00d8 25 = 1&quot;, \u00d8 32 = 1 1\/4&quot;, \u00d8 40 = 1 1\/2&quot; Teslimat kapsam\u0131:   UV lamba   3 ba\u011flant\u0131 nozulu   5 m g\u00fc\u00e7 kablosu\" \/>\n<meta property=\"og:url\" content=\"https:\/\/anadolupet.com.tr\/en\/product\/eheim-pond-clear-havuz-icin-uv-filtre-24w\/\" \/>\n<meta property=\"og:site_name\" content=\"Anadolu Pet Grup\" \/>\n<meta property=\"article:modified_time\" content=\"2026-02-23T12:48:18+00:00\" \/>\n<meta property=\"og:image\" content=\"https:\/\/anadolupet.com.tr\/wp-content\/uploads\/2026\/02\/105-5304010.jpg\" \/>\n\t<meta property=\"og:image:width\" content=\"750\" \/>\n\t<meta property=\"og:image:height\" content=\"750\" \/>\n\t<meta property=\"og:image:type\" content=\"image\/jpeg\" \/>\n<meta name=\"twitter:card\" content=\"summary_large_image\" \/>\n<script type=\"application\/ld+json\" class=\"yoast-schema-graph\">{\"@context\":\"https:\\\/\\\/schema.org\",\"@graph\":[{\"@type\":\"WebPage\",\"@id\":\"https:\\\/\\\/anadolupet.com.tr\\\/urun\\\/eheim-pond-clear-havuz-icin-uv-filtre-24w\\\/\",\"url\":\"https:\\\/\\\/anadolupet.com.tr\\\/urun\\\/eheim-pond-clear-havuz-icin-uv-filtre-24w\\\/\",\"name\":\"EHEIM Pond Clear Havuz i\u00e7in UV Filtre 24W - Anadolu Pet Grup\",\"isPartOf\":{\"@id\":\"https:\\\/\\\/anadolupet.com.tr\\\/#website\"},\"primaryImageOfPage\":{\"@id\":\"https:\\\/\\\/anadolupet.com.tr\\\/urun\\\/eheim-pond-clear-havuz-icin-uv-filtre-24w\\\/#primaryimage\"},\"image\":{\"@id\":\"https:\\\/\\\/anadolupet.com.tr\\\/urun\\\/eheim-pond-clear-havuz-icin-uv-filtre-24w\\\/#primaryimage\"},\"thumbnailUrl\":\"https:\\\/\\\/anadolupet.com.tr\\\/wp-content\\\/uploads\\\/2026\\\/02\\\/105-5304010.jpg\",\"datePublished\":\"2026-02-14T14:40:20+00:00\",\"dateModified\":\"2026-02-23T12:48:18+00:00\",\"breadcrumb\":{\"@id\":\"https:\\\/\\\/anadolupet.com.tr\\\/urun\\\/eheim-pond-clear-havuz-icin-uv-filtre-24w\\\/#breadcrumb\"},\"inLanguage\":\"en-US\",\"potentialAction\":[{\"@type\":\"ReadAction\",\"target\":[\"https:\\\/\\\/anadolupet.com.tr\\\/urun\\\/eheim-pond-clear-havuz-icin-uv-filtre-24w\\\/\"]}]},{\"@type\":\"ImageObject\",\"inLanguage\":\"en-US\",\"@id\":\"https:\\\/\\\/anadolupet.com.tr\\\/urun\\\/eheim-pond-clear-havuz-icin-uv-filtre-24w\\\/#primaryimage\",\"url\":\"https:\\\/\\\/anadolupet.com.tr\\\/wp-content\\\/uploads\\\/2026\\\/02\\\/105-5304010.jpg\",\"contentUrl\":\"https:\\\/\\\/anadolupet.com.tr\\\/wp-content\\\/uploads\\\/2026\\\/02\\\/105-5304010.jpg\",\"width\":750,\"height\":750},{\"@type\":\"BreadcrumbList\",\"@id\":\"https:\\\/\\\/anadolupet.com.tr\\\/urun\\\/eheim-pond-clear-havuz-icin-uv-filtre-24w\\\/#breadcrumb\",\"itemListElement\":[{\"@type\":\"ListItem\",\"position\":1,\"name\":\"Anasayfa\",\"item\":\"https:\\\/\\\/anadolupet.com.tr\\\/\"},{\"@type\":\"ListItem\",\"position\":2,\"name\":\"\u00dcr\u00fcnler\",\"item\":\"https:\\\/\\\/anadolupet.com.tr\\\/urunler\\\/\"},{\"@type\":\"ListItem\",\"position\":3,\"name\":\"EHEIM Pond Clear Havuz i\u00e7in UV Filtre 24W\"}]},{\"@type\":\"WebSite\",\"@id\":\"https:\\\/\\\/anadolupet.com.tr\\\/#website\",\"url\":\"https:\\\/\\\/anadolupet.com.tr\\\/\",\"name\":\"Anadolu Pet Grup\",\"description\":\"Her Can\u0131n \u0130yi Ya\u015fam\u0131 \u0130\u00e7in Biraraday\u0131z\",\"publisher\":{\"@id\":\"https:\\\/\\\/anadolupet.com.tr\\\/#organization\"},\"potentialAction\":[{\"@type\":\"SearchAction\",\"target\":{\"@type\":\"EntryPoint\",\"urlTemplate\":\"https:\\\/\\\/anadolupet.com.tr\\\/?s={search_term_string}\"},\"query-input\":{\"@type\":\"PropertyValueSpecification\",\"valueRequired\":true,\"valueName\":\"search_term_string\"}}],\"inLanguage\":\"en-US\"},{\"@type\":\"Organization\",\"@id\":\"https:\\\/\\\/anadolupet.com.tr\\\/#organization\",\"name\":\"Anadolu Pet Grup\",\"alternateName\":\"Anadolu Pet\",\"url\":\"https:\\\/\\\/anadolupet.com.tr\\\/\",\"logo\":{\"@type\":\"ImageObject\",\"inLanguage\":\"en-US\",\"@id\":\"https:\\\/\\\/anadolupet.com.tr\\\/#\\\/schema\\\/logo\\\/image\\\/\",\"url\":\"https:\\\/\\\/anadolupet.com.tr\\\/wp-content\\\/uploads\\\/2026\\\/03\\\/1614666743370.jpg\",\"contentUrl\":\"https:\\\/\\\/anadolupet.com.tr\\\/wp-content\\\/uploads\\\/2026\\\/03\\\/1614666743370.jpg\",\"width\":800,\"height\":571,\"caption\":\"Anadolu Pet Grup\"},\"image\":{\"@id\":\"https:\\\/\\\/anadolupet.com.tr\\\/#\\\/schema\\\/logo\\\/image\\\/\"}}]}<\/script>\n<!-- \/ Yoast SEO plugin. -->","yoast_head_json":{"title":"EHEIM Pond Clear Havuz i\u00e7in UV Filtre 24W - Anadolu Pet Grup","robots":{"index":"index","follow":"follow","max-snippet":"max-snippet:-1","max-image-preview":"max-image-preview:large","max-video-preview":"max-video-preview:-1"},"canonical":"https:\/\/anadolupet.com.tr\/en\/product\/eheim-pond-clear-havuz-icin-uv-filtre-24w\/","og_locale":"en_US","og_type":"article","og_title":"EHEIM Pond Clear Havuz i\u00e7in UV Filtre 24W - Anadolu Pet Grup","og_description":"Y\u00fczen algler havuz suyunu bulan\u0131kla\u015ft\u0131rabilir ve patojenik mikroplar ve bakteriler bal\u0131klar\u0131n sa\u011fl\u0131\u011f\u0131n\u0131 tehdit edebilir. CLEAR UVC, zararl\u0131 patojenleri ve bakterileri UV radyasyonu ile hedef alarak y\u00fcksek verimli bir \u00e7\u00f6z\u00fcm sunarken, havuz suyunu kristal berrakl\u0131\u011f\u0131nda tutar. Verimli, enerji tasarruflu, dayan\u0131kl\u0131!   Uzun \u00f6m\u00fcrl\u00fc (yakla\u015f\u0131k 8.000 saat) y\u00fcksek kaliteli UVC lamba dahil   S\u00fcrekli \u00e7al\u0131\u015fmada bile d\u00fc\u015f\u00fck enerji t\u00fcketimi   Darbeye ve UV \u0131\u015f\u0131nlar\u0131na dayan\u0131kl\u0131, her t\u00fcrl\u00fc hava ko\u015fuluna uygun plastikten yap\u0131lm\u0131\u015f d\u0131\u015f kap   Tek ba\u015f\u0131na veya PRESS ve LOOP havuz filtre setleri ile birlikte kullan\u0131labilir   YEN\u0130: 3 hortum ba\u011flant\u0131s\u0131 ile: \u00d8 25 = 1\", \u00d8 32 = 1 1\/4\", \u00d8 40 = 1 1\/2\" Teslimat kapsam\u0131:   UV lamba   3 ba\u011flant\u0131 nozulu   5 m g\u00fc\u00e7 kablosu","og_url":"https:\/\/anadolupet.com.tr\/en\/product\/eheim-pond-clear-havuz-icin-uv-filtre-24w\/","og_site_name":"Anadolu Pet Grup","article_modified_time":"2026-02-23T12:48:18+00:00","og_image":[{"width":750,"height":750,"url":"https:\/\/anadolupet.com.tr\/wp-content\/uploads\/2026\/02\/105-5304010.jpg","type":"image\/jpeg"}],"twitter_card":"summary_large_image","schema":{"@context":"https:\/\/schema.org","@graph":[{"@type":"WebPage","@id":"https:\/\/anadolupet.com.tr\/urun\/eheim-pond-clear-havuz-icin-uv-filtre-24w\/","url":"https:\/\/anadolupet.com.tr\/urun\/eheim-pond-clear-havuz-icin-uv-filtre-24w\/","name":"EHEIM Pond Clear Havuz i\u00e7in UV Filtre 24W - Anadolu Pet Grup","isPartOf":{"@id":"https:\/\/anadolupet.com.tr\/#website"},"primaryImageOfPage":{"@id":"https:\/\/anadolupet.com.tr\/urun\/eheim-pond-clear-havuz-icin-uv-filtre-24w\/#primaryimage"},"image":{"@id":"https:\/\/anadolupet.com.tr\/urun\/eheim-pond-clear-havuz-icin-uv-filtre-24w\/#primaryimage"},"thumbnailUrl":"https:\/\/anadolupet.com.tr\/wp-content\/uploads\/2026\/02\/105-5304010.jpg","datePublished":"2026-02-14T14:40:20+00:00","dateModified":"2026-02-23T12:48:18+00:00","breadcrumb":{"@id":"https:\/\/anadolupet.com.tr\/urun\/eheim-pond-clear-havuz-icin-uv-filtre-24w\/#breadcrumb"},"inLanguage":"en-US","potentialAction":[{"@type":"ReadAction","target":["https:\/\/anadolupet.com.tr\/urun\/eheim-pond-clear-havuz-icin-uv-filtre-24w\/"]}]},{"@type":"ImageObject","inLanguage":"en-US","@id":"https:\/\/anadolupet.com.tr\/urun\/eheim-pond-clear-havuz-icin-uv-filtre-24w\/#primaryimage","url":"https:\/\/anadolupet.com.tr\/wp-content\/uploads\/2026\/02\/105-5304010.jpg","contentUrl":"https:\/\/anadolupet.com.tr\/wp-content\/uploads\/2026\/02\/105-5304010.jpg","width":750,"height":750},{"@type":"BreadcrumbList","@id":"https:\/\/anadolupet.com.tr\/urun\/eheim-pond-clear-havuz-icin-uv-filtre-24w\/#breadcrumb","itemListElement":[{"@type":"ListItem","position":1,"name":"Anasayfa","item":"https:\/\/anadolupet.com.tr\/"},{"@type":"ListItem","position":2,"name":"\u00dcr\u00fcnler","item":"https:\/\/anadolupet.com.tr\/urunler\/"},{"@type":"ListItem","position":3,"name":"EHEIM Pond Clear Havuz i\u00e7in UV Filtre 24W"}]},{"@type":"WebSite","@id":"https:\/\/anadolupet.com.tr\/#website","url":"https:\/\/anadolupet.com.tr\/","name":"Anadolu Pet Group","description":"We Stand Together for the Well-Being of Every Life","publisher":{"@id":"https:\/\/anadolupet.com.tr\/#organization"},"potentialAction":[{"@type":"SearchAction","target":{"@type":"EntryPoint","urlTemplate":"https:\/\/anadolupet.com.tr\/?s={search_term_string}"},"query-input":{"@type":"PropertyValueSpecification","valueRequired":true,"valueName":"search_term_string"}}],"inLanguage":"en-US"},{"@type":"Organization","@id":"https:\/\/anadolupet.com.tr\/#organization","name":"Anadolu Pet Group","alternateName":"Anadolu Pet","url":"https:\/\/anadolupet.com.tr\/","logo":{"@type":"ImageObject","inLanguage":"en-US","@id":"https:\/\/anadolupet.com.tr\/#\/schema\/logo\/image\/","url":"https:\/\/anadolupet.com.tr\/wp-content\/uploads\/2026\/03\/1614666743370.jpg","contentUrl":"https:\/\/anadolupet.com.tr\/wp-content\/uploads\/2026\/03\/1614666743370.jpg","width":800,"height":571,"caption":"Anadolu Pet Grup"},"image":{"@id":"https:\/\/anadolupet.com.tr\/#\/schema\/logo\/image\/"}}]}},"_links":{"self":[{"href":"https:\/\/anadolupet.com.tr\/en\/wp-json\/wp\/v2\/product\/45019","targetHints":{"allow":["GET"]}}],"collection":[{"href":"https:\/\/anadolupet.com.tr\/en\/wp-json\/wp\/v2\/product"}],"about":[{"href":"https:\/\/anadolupet.com.tr\/en\/wp-json\/wp\/v2\/types\/product"}],"replies":[{"embeddable":true,"href":"https:\/\/anadolupet.com.tr\/en\/wp-json\/wp\/v2\/comments?post=45019"}],"wp:featuredmedia":[{"embeddable":true,"href":"https:\/\/anadolupet.com.tr\/en\/wp-json\/wp\/v2\/media\/42491"}],"wp:attachment":[{"href":"https:\/\/anadolupet.com.tr\/en\/wp-json\/wp\/v2\/media?parent=45019"}],"wp:term":[{"taxonomy":"product_brand","embeddable":true,"href":"https:\/\/anadolupet.com.tr\/en\/wp-json\/wp\/v2\/product_brand?post=45019"},{"taxonomy":"product_cat","embeddable":true,"href":"https:\/\/anadolupet.com.tr\/en\/wp-json\/wp\/v2\/product_cat?post=45019"},{"taxonomy":"product_tag","embeddable":true,"href":"https:\/\/anadolupet.com.tr\/en\/wp-json\/wp\/v2\/product_tag?post=45019"}],"curies":[{"name":"wp","href":"https:\/\/api.w.org\/{rel}","templated":true}]}}