{"id":45021,"date":"2026-02-14T14:40:22","date_gmt":"2026-02-14T14:40:22","guid":{"rendered":"https:\/\/anadolupet.com.tr\/urun\/eheim-pond-havuzlar-icin-dip-supurgesi\/"},"modified":"2026-02-23T12:48:18","modified_gmt":"2026-02-23T12:48:18","slug":"eheim-pond-havuzlar-icin-dip-supurgesi","status":"publish","type":"product","link":"https:\/\/anadolupet.com.tr\/en\/urun\/eheim-pond-havuzlar-icin-dip-supurgesi\/","title":{"rendered":"EHEIM Pond Havuzlar \u0130\u00e7in Dip S\u00fcp\u00fcrgesi"},"content":{"rendered":"","protected":false},"excerpt":{"rendered":"<p>Yenmemi\u015f yiyecek kal\u0131nt\u0131lar\u0131, bal\u0131k d\u0131\u015fk\u0131lar\u0131, \u00f6l\u00fc hayvanlar, \u00f6l\u00fc bitkiler ve bah\u00e7e at\u0131klar\u0131 g\u00f6letin dibine \u00e7\u00f6ker ve \u00e7\u00fcr\u00fcyerek \u00e7amur olu\u015fturur. \u00c7\u00fcr\u00fcyen fermantasyon s\u00fcreci gazlar \u00fcretir ve sudan oksijen uzakla\u015ft\u0131r\u0131l\u0131r.<\/p>\n<p>EHEIM Vakum temizleyici, g\u00f6letin dibini nazik\u00e7e temizlemek i\u00e7in \u00f6zel olarak tasarlanm\u0131\u015ft\u0131r. Performans, alt tabakay\u0131 \u00e7ok fazla kar\u0131\u015ft\u0131rmadan kirin temizlenmesini sa\u011flayacak \u015fekilde ayarlanm\u0131\u015ft\u0131r.<\/p>\n<p>    Havuzun dibindeki \u00e7amuru ve \u00e7\u00fcr\u00fcyen bitkileri nazik\u00e7e temizlemek i\u00e7in<br \/>\n    Havuzun dibinde \u00f6l\u00fc alanlar\u0131n olu\u015fmas\u0131n\u0131 \u00f6nler<br \/>\n    Havuzun dibindeki \u00e7\u00fcr\u00fcme s\u00fcrecinin neden oldu\u011fu oksijen kayb\u0131n\u0131 azalt\u0131r<br \/>\n    Maksimum emme y\u00fcksekli\u011fi 2,0 m<br \/>\n    Geni\u015f boyutlu 40 l hazne<br \/>\n    G\u00fc\u00e7l\u00fc 1300 watt motor<br \/>\n    Dahili zamanlama kontrol\u00fc sayesinde tam otomatik \u00e7al\u0131\u015ft\u0131rma ve bo\u015faltma<br \/>\nPratik tutma kolu sayesinde kolay manevra kabiliyeti<br \/>\nPratik 7,5 m kablo uzunlu\u011fu<br \/>\nDahil olan aksesuarlar: 4 m emme hortumu \u00f8 35 mm, Evrensel emme ba\u015fl\u0131kl\u0131 emme borusu, 2,5 m tahliye hortumu \u00f8 50 mm, Filtre eleman\u0131<br \/>\n3 y\u0131l garanti<\/p>\n<p>Teslimat kapsam\u0131:<\/p>\n<p>    \u0130\u015flevsel tutma sapl\u0131 komple elektrikli s\u00fcp\u00fcrge<br \/>\nTam otomatik emme ve bo\u015faltma i\u00e7in dahili zamanlama kontrol\u00fc<br \/>\n4 m emme hortumu \u00f8 35 mm<br \/>\n2,5 m tahliye hortumu \u00f8 50 mm<\/p>","protected":false},"featured_media":42496,"comment_status":"open","ping_status":"closed","template":"","meta":{"_acf_changed":false},"product_brand":[],"product_cat":[2382],"product_tag":[],"class_list":{"0":"post-45021","1":"product","2":"type-product","3":"status-publish","4":"has-post-thumbnail","6":"product_cat-dis-filtreler","8":"first","9":"instock","10":"shipping-taxable","11":"product-type-simple"},"acf":[],"yoast_head":"<!-- This site is optimized with the Yoast SEO plugin v27.4 - https:\/\/yoast.com\/product\/yoast-seo-wordpress\/ -->\n<title>EHEIM Pond Havuzlar \u0130\u00e7in Dip S\u00fcp\u00fcrgesi - Anadolu Pet Grup<\/title>\n<meta name=\"robots\" content=\"index, follow, max-snippet:-1, max-image-preview:large, max-video-preview:-1\" \/>\n<link rel=\"canonical\" href=\"https:\/\/anadolupet.com.tr\/en\/product\/eheim-pond-havuzlar-icin-dip-supurgesi\/\" \/>\n<meta property=\"og:locale\" content=\"en_US\" \/>\n<meta property=\"og:type\" content=\"article\" \/>\n<meta property=\"og:title\" content=\"EHEIM Pond Havuzlar \u0130\u00e7in Dip S\u00fcp\u00fcrgesi - Anadolu Pet Grup\" \/>\n<meta property=\"og:description\" content=\"Yenmemi\u015f yiyecek kal\u0131nt\u0131lar\u0131, bal\u0131k d\u0131\u015fk\u0131lar\u0131, \u00f6l\u00fc hayvanlar, \u00f6l\u00fc bitkiler ve bah\u00e7e at\u0131klar\u0131 g\u00f6letin dibine \u00e7\u00f6ker ve \u00e7\u00fcr\u00fcyerek \u00e7amur olu\u015fturur. \u00c7\u00fcr\u00fcyen fermantasyon s\u00fcreci gazlar \u00fcretir ve sudan oksijen uzakla\u015ft\u0131r\u0131l\u0131r. EHEIM Vakum temizleyici, g\u00f6letin dibini nazik\u00e7e temizlemek i\u00e7in \u00f6zel olarak tasarlanm\u0131\u015ft\u0131r. Performans, alt tabakay\u0131 \u00e7ok fazla kar\u0131\u015ft\u0131rmadan kirin temizlenmesini sa\u011flayacak \u015fekilde ayarlanm\u0131\u015ft\u0131r.   Havuzun dibindeki \u00e7amuru ve \u00e7\u00fcr\u00fcyen bitkileri nazik\u00e7e temizlemek i\u00e7in   Havuzun dibinde \u00f6l\u00fc alanlar\u0131n olu\u015fmas\u0131n\u0131 \u00f6nler   Havuzun dibindeki \u00e7\u00fcr\u00fcme s\u00fcrecinin neden oldu\u011fu oksijen kayb\u0131n\u0131 azalt\u0131r   Maksimum emme y\u00fcksekli\u011fi 2,0 m   Geni\u015f boyutlu 40 l hazne   G\u00fc\u00e7l\u00fc 1300 watt motor   Dahili zamanlama kontrol\u00fc sayesinde tam otomatik \u00e7al\u0131\u015ft\u0131rma ve bo\u015faltma Pratik tutma kolu sayesinde kolay manevra kabiliyeti Pratik 7,5 m kablo uzunlu\u011fu Dahil olan aksesuarlar: 4 m emme hortumu \u00f8 35 mm, Evrensel emme ba\u015fl\u0131kl\u0131 emme borusu, 2,5 m tahliye hortumu \u00f8 50 mm, Filtre eleman\u0131 3 y\u0131l garanti Teslimat kapsam\u0131:     \u0130\u015flevsel tutma sapl\u0131 komple elektrikli s\u00fcp\u00fcrge Tam otomatik emme ve bo\u015faltma i\u00e7in dahili zamanlama kontrol\u00fc 4 m emme hortumu \u00f8 35 mm 2,5 m tahliye hortumu \u00f8 50 mm\" \/>\n<meta property=\"og:url\" content=\"https:\/\/anadolupet.com.tr\/en\/product\/eheim-pond-havuzlar-icin-dip-supurgesi\/\" \/>\n<meta property=\"og:site_name\" content=\"Anadolu Pet Grup\" \/>\n<meta property=\"article:modified_time\" content=\"2026-02-23T12:48:18+00:00\" \/>\n<meta property=\"og:image\" content=\"https:\/\/anadolupet.com.tr\/wp-content\/uploads\/2026\/02\/105-5360010.jpg\" \/>\n\t<meta property=\"og:image:width\" content=\"750\" \/>\n\t<meta property=\"og:image:height\" content=\"750\" \/>\n\t<meta property=\"og:image:type\" content=\"image\/jpeg\" \/>\n<meta name=\"twitter:card\" content=\"summary_large_image\" \/>\n<script type=\"application\/ld+json\" class=\"yoast-schema-graph\">{\"@context\":\"https:\\\/\\\/schema.org\",\"@graph\":[{\"@type\":\"WebPage\",\"@id\":\"https:\\\/\\\/anadolupet.com.tr\\\/urun\\\/eheim-pond-havuzlar-icin-dip-supurgesi\\\/\",\"url\":\"https:\\\/\\\/anadolupet.com.tr\\\/urun\\\/eheim-pond-havuzlar-icin-dip-supurgesi\\\/\",\"name\":\"EHEIM Pond Havuzlar \u0130\u00e7in Dip S\u00fcp\u00fcrgesi - Anadolu Pet Grup\",\"isPartOf\":{\"@id\":\"https:\\\/\\\/anadolupet.com.tr\\\/#website\"},\"primaryImageOfPage\":{\"@id\":\"https:\\\/\\\/anadolupet.com.tr\\\/urun\\\/eheim-pond-havuzlar-icin-dip-supurgesi\\\/#primaryimage\"},\"image\":{\"@id\":\"https:\\\/\\\/anadolupet.com.tr\\\/urun\\\/eheim-pond-havuzlar-icin-dip-supurgesi\\\/#primaryimage\"},\"thumbnailUrl\":\"https:\\\/\\\/anadolupet.com.tr\\\/wp-content\\\/uploads\\\/2026\\\/02\\\/105-5360010.jpg\",\"datePublished\":\"2026-02-14T14:40:22+00:00\",\"dateModified\":\"2026-02-23T12:48:18+00:00\",\"breadcrumb\":{\"@id\":\"https:\\\/\\\/anadolupet.com.tr\\\/urun\\\/eheim-pond-havuzlar-icin-dip-supurgesi\\\/#breadcrumb\"},\"inLanguage\":\"en-US\",\"potentialAction\":[{\"@type\":\"ReadAction\",\"target\":[\"https:\\\/\\\/anadolupet.com.tr\\\/urun\\\/eheim-pond-havuzlar-icin-dip-supurgesi\\\/\"]}]},{\"@type\":\"ImageObject\",\"inLanguage\":\"en-US\",\"@id\":\"https:\\\/\\\/anadolupet.com.tr\\\/urun\\\/eheim-pond-havuzlar-icin-dip-supurgesi\\\/#primaryimage\",\"url\":\"https:\\\/\\\/anadolupet.com.tr\\\/wp-content\\\/uploads\\\/2026\\\/02\\\/105-5360010.jpg\",\"contentUrl\":\"https:\\\/\\\/anadolupet.com.tr\\\/wp-content\\\/uploads\\\/2026\\\/02\\\/105-5360010.jpg\",\"width\":750,\"height\":750},{\"@type\":\"BreadcrumbList\",\"@id\":\"https:\\\/\\\/anadolupet.com.tr\\\/urun\\\/eheim-pond-havuzlar-icin-dip-supurgesi\\\/#breadcrumb\",\"itemListElement\":[{\"@type\":\"ListItem\",\"position\":1,\"name\":\"Anasayfa\",\"item\":\"https:\\\/\\\/anadolupet.com.tr\\\/\"},{\"@type\":\"ListItem\",\"position\":2,\"name\":\"\u00dcr\u00fcnler\",\"item\":\"https:\\\/\\\/anadolupet.com.tr\\\/urunler\\\/\"},{\"@type\":\"ListItem\",\"position\":3,\"name\":\"EHEIM Pond Havuzlar \u0130\u00e7in Dip S\u00fcp\u00fcrgesi\"}]},{\"@type\":\"WebSite\",\"@id\":\"https:\\\/\\\/anadolupet.com.tr\\\/#website\",\"url\":\"https:\\\/\\\/anadolupet.com.tr\\\/\",\"name\":\"Anadolu Pet Grup\",\"description\":\"Her Can\u0131n \u0130yi Ya\u015fam\u0131 \u0130\u00e7in Biraraday\u0131z\",\"publisher\":{\"@id\":\"https:\\\/\\\/anadolupet.com.tr\\\/#organization\"},\"potentialAction\":[{\"@type\":\"SearchAction\",\"target\":{\"@type\":\"EntryPoint\",\"urlTemplate\":\"https:\\\/\\\/anadolupet.com.tr\\\/?s={search_term_string}\"},\"query-input\":{\"@type\":\"PropertyValueSpecification\",\"valueRequired\":true,\"valueName\":\"search_term_string\"}}],\"inLanguage\":\"en-US\"},{\"@type\":\"Organization\",\"@id\":\"https:\\\/\\\/anadolupet.com.tr\\\/#organization\",\"name\":\"Anadolu Pet Grup\",\"alternateName\":\"Anadolu Pet\",\"url\":\"https:\\\/\\\/anadolupet.com.tr\\\/\",\"logo\":{\"@type\":\"ImageObject\",\"inLanguage\":\"en-US\",\"@id\":\"https:\\\/\\\/anadolupet.com.tr\\\/#\\\/schema\\\/logo\\\/image\\\/\",\"url\":\"https:\\\/\\\/anadolupet.com.tr\\\/wp-content\\\/uploads\\\/2026\\\/03\\\/1614666743370.jpg\",\"contentUrl\":\"https:\\\/\\\/anadolupet.com.tr\\\/wp-content\\\/uploads\\\/2026\\\/03\\\/1614666743370.jpg\",\"width\":800,\"height\":571,\"caption\":\"Anadolu Pet Grup\"},\"image\":{\"@id\":\"https:\\\/\\\/anadolupet.com.tr\\\/#\\\/schema\\\/logo\\\/image\\\/\"}}]}<\/script>\n<!-- \/ Yoast SEO plugin. -->","yoast_head_json":{"title":"EHEIM Pond Havuzlar \u0130\u00e7in Dip S\u00fcp\u00fcrgesi - Anadolu Pet Grup","robots":{"index":"index","follow":"follow","max-snippet":"max-snippet:-1","max-image-preview":"max-image-preview:large","max-video-preview":"max-video-preview:-1"},"canonical":"https:\/\/anadolupet.com.tr\/en\/product\/eheim-pond-havuzlar-icin-dip-supurgesi\/","og_locale":"en_US","og_type":"article","og_title":"EHEIM Pond Havuzlar \u0130\u00e7in Dip S\u00fcp\u00fcrgesi - Anadolu Pet Grup","og_description":"Yenmemi\u015f yiyecek kal\u0131nt\u0131lar\u0131, bal\u0131k d\u0131\u015fk\u0131lar\u0131, \u00f6l\u00fc hayvanlar, \u00f6l\u00fc bitkiler ve bah\u00e7e at\u0131klar\u0131 g\u00f6letin dibine \u00e7\u00f6ker ve \u00e7\u00fcr\u00fcyerek \u00e7amur olu\u015fturur. \u00c7\u00fcr\u00fcyen fermantasyon s\u00fcreci gazlar \u00fcretir ve sudan oksijen uzakla\u015ft\u0131r\u0131l\u0131r. EHEIM Vakum temizleyici, g\u00f6letin dibini nazik\u00e7e temizlemek i\u00e7in \u00f6zel olarak tasarlanm\u0131\u015ft\u0131r. Performans, alt tabakay\u0131 \u00e7ok fazla kar\u0131\u015ft\u0131rmadan kirin temizlenmesini sa\u011flayacak \u015fekilde ayarlanm\u0131\u015ft\u0131r.   Havuzun dibindeki \u00e7amuru ve \u00e7\u00fcr\u00fcyen bitkileri nazik\u00e7e temizlemek i\u00e7in   Havuzun dibinde \u00f6l\u00fc alanlar\u0131n olu\u015fmas\u0131n\u0131 \u00f6nler   Havuzun dibindeki \u00e7\u00fcr\u00fcme s\u00fcrecinin neden oldu\u011fu oksijen kayb\u0131n\u0131 azalt\u0131r   Maksimum emme y\u00fcksekli\u011fi 2,0 m   Geni\u015f boyutlu 40 l hazne   G\u00fc\u00e7l\u00fc 1300 watt motor   Dahili zamanlama kontrol\u00fc sayesinde tam otomatik \u00e7al\u0131\u015ft\u0131rma ve bo\u015faltma Pratik tutma kolu sayesinde kolay manevra kabiliyeti Pratik 7,5 m kablo uzunlu\u011fu Dahil olan aksesuarlar: 4 m emme hortumu \u00f8 35 mm, Evrensel emme ba\u015fl\u0131kl\u0131 emme borusu, 2,5 m tahliye hortumu \u00f8 50 mm, Filtre eleman\u0131 3 y\u0131l garanti Teslimat kapsam\u0131:     \u0130\u015flevsel tutma sapl\u0131 komple elektrikli s\u00fcp\u00fcrge Tam otomatik emme ve bo\u015faltma i\u00e7in dahili zamanlama kontrol\u00fc 4 m emme hortumu \u00f8 35 mm 2,5 m tahliye hortumu \u00f8 50 mm","og_url":"https:\/\/anadolupet.com.tr\/en\/product\/eheim-pond-havuzlar-icin-dip-supurgesi\/","og_site_name":"Anadolu Pet Grup","article_modified_time":"2026-02-23T12:48:18+00:00","og_image":[{"width":750,"height":750,"url":"https:\/\/anadolupet.com.tr\/wp-content\/uploads\/2026\/02\/105-5360010.jpg","type":"image\/jpeg"}],"twitter_card":"summary_large_image","schema":{"@context":"https:\/\/schema.org","@graph":[{"@type":"WebPage","@id":"https:\/\/anadolupet.com.tr\/urun\/eheim-pond-havuzlar-icin-dip-supurgesi\/","url":"https:\/\/anadolupet.com.tr\/urun\/eheim-pond-havuzlar-icin-dip-supurgesi\/","name":"EHEIM Pond Havuzlar \u0130\u00e7in Dip S\u00fcp\u00fcrgesi - Anadolu Pet Grup","isPartOf":{"@id":"https:\/\/anadolupet.com.tr\/#website"},"primaryImageOfPage":{"@id":"https:\/\/anadolupet.com.tr\/urun\/eheim-pond-havuzlar-icin-dip-supurgesi\/#primaryimage"},"image":{"@id":"https:\/\/anadolupet.com.tr\/urun\/eheim-pond-havuzlar-icin-dip-supurgesi\/#primaryimage"},"thumbnailUrl":"https:\/\/anadolupet.com.tr\/wp-content\/uploads\/2026\/02\/105-5360010.jpg","datePublished":"2026-02-14T14:40:22+00:00","dateModified":"2026-02-23T12:48:18+00:00","breadcrumb":{"@id":"https:\/\/anadolupet.com.tr\/urun\/eheim-pond-havuzlar-icin-dip-supurgesi\/#breadcrumb"},"inLanguage":"en-US","potentialAction":[{"@type":"ReadAction","target":["https:\/\/anadolupet.com.tr\/urun\/eheim-pond-havuzlar-icin-dip-supurgesi\/"]}]},{"@type":"ImageObject","inLanguage":"en-US","@id":"https:\/\/anadolupet.com.tr\/urun\/eheim-pond-havuzlar-icin-dip-supurgesi\/#primaryimage","url":"https:\/\/anadolupet.com.tr\/wp-content\/uploads\/2026\/02\/105-5360010.jpg","contentUrl":"https:\/\/anadolupet.com.tr\/wp-content\/uploads\/2026\/02\/105-5360010.jpg","width":750,"height":750},{"@type":"BreadcrumbList","@id":"https:\/\/anadolupet.com.tr\/urun\/eheim-pond-havuzlar-icin-dip-supurgesi\/#breadcrumb","itemListElement":[{"@type":"ListItem","position":1,"name":"Anasayfa","item":"https:\/\/anadolupet.com.tr\/"},{"@type":"ListItem","position":2,"name":"\u00dcr\u00fcnler","item":"https:\/\/anadolupet.com.tr\/urunler\/"},{"@type":"ListItem","position":3,"name":"EHEIM Pond Havuzlar \u0130\u00e7in Dip S\u00fcp\u00fcrgesi"}]},{"@type":"WebSite","@id":"https:\/\/anadolupet.com.tr\/#website","url":"https:\/\/anadolupet.com.tr\/","name":"Anadolu Pet Group","description":"We Stand Together for the Well-Being of Every Life","publisher":{"@id":"https:\/\/anadolupet.com.tr\/#organization"},"potentialAction":[{"@type":"SearchAction","target":{"@type":"EntryPoint","urlTemplate":"https:\/\/anadolupet.com.tr\/?s={search_term_string}"},"query-input":{"@type":"PropertyValueSpecification","valueRequired":true,"valueName":"search_term_string"}}],"inLanguage":"en-US"},{"@type":"Organization","@id":"https:\/\/anadolupet.com.tr\/#organization","name":"Anadolu Pet Group","alternateName":"Anadolu Pet","url":"https:\/\/anadolupet.com.tr\/","logo":{"@type":"ImageObject","inLanguage":"en-US","@id":"https:\/\/anadolupet.com.tr\/#\/schema\/logo\/image\/","url":"https:\/\/anadolupet.com.tr\/wp-content\/uploads\/2026\/03\/1614666743370.jpg","contentUrl":"https:\/\/anadolupet.com.tr\/wp-content\/uploads\/2026\/03\/1614666743370.jpg","width":800,"height":571,"caption":"Anadolu Pet Grup"},"image":{"@id":"https:\/\/anadolupet.com.tr\/#\/schema\/logo\/image\/"}}]}},"_links":{"self":[{"href":"https:\/\/anadolupet.com.tr\/en\/wp-json\/wp\/v2\/product\/45021","targetHints":{"allow":["GET"]}}],"collection":[{"href":"https:\/\/anadolupet.com.tr\/en\/wp-json\/wp\/v2\/product"}],"about":[{"href":"https:\/\/anadolupet.com.tr\/en\/wp-json\/wp\/v2\/types\/product"}],"replies":[{"embeddable":true,"href":"https:\/\/anadolupet.com.tr\/en\/wp-json\/wp\/v2\/comments?post=45021"}],"wp:featuredmedia":[{"embeddable":true,"href":"https:\/\/anadolupet.com.tr\/en\/wp-json\/wp\/v2\/media\/42496"}],"wp:attachment":[{"href":"https:\/\/anadolupet.com.tr\/en\/wp-json\/wp\/v2\/media?parent=45021"}],"wp:term":[{"taxonomy":"product_brand","embeddable":true,"href":"https:\/\/anadolupet.com.tr\/en\/wp-json\/wp\/v2\/product_brand?post=45021"},{"taxonomy":"product_cat","embeddable":true,"href":"https:\/\/anadolupet.com.tr\/en\/wp-json\/wp\/v2\/product_cat?post=45021"},{"taxonomy":"product_tag","embeddable":true,"href":"https:\/\/anadolupet.com.tr\/en\/wp-json\/wp\/v2\/product_tag?post=45021"}],"curies":[{"name":"wp","href":"https:\/\/api.w.org\/{rel}","templated":true}]}}