{"id":45024,"date":"2026-02-14T14:40:23","date_gmt":"2026-02-14T14:40:23","guid":{"rendered":"https:\/\/anadolupet.com.tr\/?post_type=product&#038;p=45024"},"modified":"2026-02-23T12:48:18","modified_gmt":"2026-02-23T12:48:18","slug":"eheim-pond-play-fiskiyeli-su-pompasi-3500l-h","status":"publish","type":"product","link":"https:\/\/anadolupet.com.tr\/en\/urun\/eheim-pond-play-fiskiyeli-su-pompasi-3500l-h\/","title":{"rendered":"EHEIM Pond Play Fiskiyeli Su Pompas\u0131 3500l\/h"},"content":{"rendered":"","protected":false},"excerpt":{"rendered":"<p>EHEIM PLAY serisi, bah\u00e7e havuzlar\u0131nda \u00e7ok y\u00f6nl\u00fc kullan\u0131m imk\u00e2n\u0131 sunar. Kompakt ve sessiz tasar\u0131m\u0131yla k\u00fc\u00e7\u00fck ve orta \u00f6l\u00e7ekli havuzlar i\u00e7in idealdir. Dekoratif \u00e7e\u015fmeler, heykeller veya k\u00fc\u00e7\u00fck derelere su sa\u011flamak i\u00e7in kullan\u0131labilir. G\u00fcvenilir motor teknolojisi sayesinde uzun s\u00fcreli kullan\u0131mda bile sessiz ve enerji tasarruflu \u00e7al\u0131\u015f\u0131r.<\/p>\n<p>PLAY3500, serinin en g\u00fc\u00e7l\u00fc modeli olup 3.500 l\/saat \u00e7\u0131k\u0131\u015f g\u00fcc\u00fcyle daha b\u00fcy\u00fck su efektleri ve ak\u0131nt\u0131lar i\u00e7in uygundur.<\/p>\n<p>Avantajlar ve \u00d6zellikler<br \/>\nKompakt boyutlar \u2013 k\u00fc\u00e7\u00fck ve orta boy havuzlar i\u00e7in ideal<\/p>\n<p>3 farkl\u0131 su efekti noz\u00fcl\u00fc \u2013 dekoratif \u00e7e\u015fme ve \u015felale se\u00e7enekleri<\/p>\n<p>Ayr\u0131 ayr\u0131 ayarlanabilir \u00e7\u0131k\u0131\u015f \u2013 ayn\u0131 anda hem s\u00fcs \u00e7e\u015fmesine hem dereye su sa\u011flayabilir<\/p>\n<p>Sessiz ve enerji tasarruflu motor<\/p>\n<p>Kolay bak\u0131m ve temizlik \u2013 d\u00fc\u015f\u00fck bak\u0131m ihtiyac\u0131<\/p>\n<p>A\u015f\u0131r\u0131 \u0131s\u0131nma korumas\u0131 \u2013 d\u00fc\u015f\u00fck su seviyelerinde g\u00fcvenli kullan\u0131m<\/p>\n<p>Dayan\u0131kl\u0131 ve uzun \u00f6m\u00fcrl\u00fc tasar\u0131m<\/p>\n<p>Teslimat Kapsam\u0131<br \/>\nPLAY3500 su oyunlar\u0131 pompas\u0131<\/p>\n<p>Teleskopik boru \u2013 \u00e7ift y\u00f6nl\u00fc ak\u0131\u015f kontrol\u00fc (ayr\u0131 ayr\u0131 ayarlanabilir)<\/p>\n<p>2 adet su efekti noz\u00fcl\u00fc<\/p>\n<p>Ba\u011flant\u0131 seti (3 par\u00e7a)<\/p>\n<p>10 m g\u00fc\u00e7 kablosu<\/p>","protected":false},"featured_media":42469,"comment_status":"open","ping_status":"closed","template":"","meta":{"_acf_changed":false},"product_brand":[],"product_cat":[2409],"product_tag":[],"class_list":{"0":"post-45024","1":"product","2":"type-product","3":"status-publish","4":"has-post-thumbnail","6":"product_cat-sirkulasyon-pompalari","8":"first","9":"instock","10":"shipping-taxable","11":"product-type-simple"},"acf":[],"yoast_head":"<!-- This site is optimized with the Yoast SEO plugin v27.4 - https:\/\/yoast.com\/product\/yoast-seo-wordpress\/ -->\n<title>EHEIM Pond Play Fiskiyeli Su Pompas\u0131 3500l\/h - Anadolu Pet Grup<\/title>\n<meta name=\"robots\" content=\"index, follow, max-snippet:-1, max-image-preview:large, max-video-preview:-1\" \/>\n<link rel=\"canonical\" href=\"https:\/\/anadolupet.com.tr\/en\/product\/eheim-pond-play-fiskiyeli-su-pompasi-3500l-h\/\" \/>\n<meta property=\"og:locale\" content=\"en_US\" \/>\n<meta property=\"og:type\" content=\"article\" \/>\n<meta property=\"og:title\" content=\"EHEIM Pond Play Fiskiyeli Su Pompas\u0131 3500l\/h - Anadolu Pet Grup\" \/>\n<meta property=\"og:description\" content=\"EHEIM PLAY serisi, bah\u00e7e havuzlar\u0131nda \u00e7ok y\u00f6nl\u00fc kullan\u0131m imk\u00e2n\u0131 sunar. Kompakt ve sessiz tasar\u0131m\u0131yla k\u00fc\u00e7\u00fck ve orta \u00f6l\u00e7ekli havuzlar i\u00e7in idealdir. Dekoratif \u00e7e\u015fmeler, heykeller veya k\u00fc\u00e7\u00fck derelere su sa\u011flamak i\u00e7in kullan\u0131labilir. G\u00fcvenilir motor teknolojisi sayesinde uzun s\u00fcreli kullan\u0131mda bile sessiz ve enerji tasarruflu \u00e7al\u0131\u015f\u0131r. PLAY3500, serinin en g\u00fc\u00e7l\u00fc modeli olup 3.500 l\/saat \u00e7\u0131k\u0131\u015f g\u00fcc\u00fcyle daha b\u00fcy\u00fck su efektleri ve ak\u0131nt\u0131lar i\u00e7in uygundur. Avantajlar ve \u00d6zellikler Kompakt boyutlar \u2013 k\u00fc\u00e7\u00fck ve orta boy havuzlar i\u00e7in ideal 3 farkl\u0131 su efekti noz\u00fcl\u00fc \u2013 dekoratif \u00e7e\u015fme ve \u015felale se\u00e7enekleri Ayr\u0131 ayr\u0131 ayarlanabilir \u00e7\u0131k\u0131\u015f \u2013 ayn\u0131 anda hem s\u00fcs \u00e7e\u015fmesine hem dereye su sa\u011flayabilir Sessiz ve enerji tasarruflu motor Kolay bak\u0131m ve temizlik \u2013 d\u00fc\u015f\u00fck bak\u0131m ihtiyac\u0131 A\u015f\u0131r\u0131 \u0131s\u0131nma korumas\u0131 \u2013 d\u00fc\u015f\u00fck su seviyelerinde g\u00fcvenli kullan\u0131m Dayan\u0131kl\u0131 ve uzun \u00f6m\u00fcrl\u00fc tasar\u0131m Teslimat Kapsam\u0131 PLAY3500 su oyunlar\u0131 pompas\u0131 Teleskopik boru \u2013 \u00e7ift y\u00f6nl\u00fc ak\u0131\u015f kontrol\u00fc (ayr\u0131 ayr\u0131 ayarlanabilir) 2 adet su efekti noz\u00fcl\u00fc Ba\u011flant\u0131 seti (3 par\u00e7a) 10 m g\u00fc\u00e7 kablosu\" \/>\n<meta property=\"og:url\" content=\"https:\/\/anadolupet.com.tr\/en\/product\/eheim-pond-play-fiskiyeli-su-pompasi-3500l-h\/\" \/>\n<meta property=\"og:site_name\" content=\"Anadolu Pet Grup\" \/>\n<meta property=\"article:modified_time\" content=\"2026-02-23T12:48:18+00:00\" \/>\n<meta property=\"og:image\" content=\"https:\/\/anadolupet.com.tr\/wp-content\/uploads\/2026\/02\/105-5103010.jpg\" \/>\n\t<meta property=\"og:image:width\" content=\"750\" \/>\n\t<meta property=\"og:image:height\" content=\"750\" \/>\n\t<meta property=\"og:image:type\" content=\"image\/jpeg\" \/>\n<meta name=\"twitter:card\" content=\"summary_large_image\" \/>\n<script type=\"application\/ld+json\" class=\"yoast-schema-graph\">{\"@context\":\"https:\\\/\\\/schema.org\",\"@graph\":[{\"@type\":\"WebPage\",\"@id\":\"https:\\\/\\\/anadolupet.com.tr\\\/urun\\\/eheim-pond-play-fiskiyeli-su-pompasi-3500l-h\\\/\",\"url\":\"https:\\\/\\\/anadolupet.com.tr\\\/urun\\\/eheim-pond-play-fiskiyeli-su-pompasi-3500l-h\\\/\",\"name\":\"EHEIM Pond Play Fiskiyeli Su Pompas\u0131 3500l\\\/h - Anadolu Pet Grup\",\"isPartOf\":{\"@id\":\"https:\\\/\\\/anadolupet.com.tr\\\/#website\"},\"primaryImageOfPage\":{\"@id\":\"https:\\\/\\\/anadolupet.com.tr\\\/urun\\\/eheim-pond-play-fiskiyeli-su-pompasi-3500l-h\\\/#primaryimage\"},\"image\":{\"@id\":\"https:\\\/\\\/anadolupet.com.tr\\\/urun\\\/eheim-pond-play-fiskiyeli-su-pompasi-3500l-h\\\/#primaryimage\"},\"thumbnailUrl\":\"https:\\\/\\\/anadolupet.com.tr\\\/wp-content\\\/uploads\\\/2026\\\/02\\\/105-5103010.jpg\",\"datePublished\":\"2026-02-14T14:40:23+00:00\",\"dateModified\":\"2026-02-23T12:48:18+00:00\",\"breadcrumb\":{\"@id\":\"https:\\\/\\\/anadolupet.com.tr\\\/urun\\\/eheim-pond-play-fiskiyeli-su-pompasi-3500l-h\\\/#breadcrumb\"},\"inLanguage\":\"en-US\",\"potentialAction\":[{\"@type\":\"ReadAction\",\"target\":[\"https:\\\/\\\/anadolupet.com.tr\\\/urun\\\/eheim-pond-play-fiskiyeli-su-pompasi-3500l-h\\\/\"]}]},{\"@type\":\"ImageObject\",\"inLanguage\":\"en-US\",\"@id\":\"https:\\\/\\\/anadolupet.com.tr\\\/urun\\\/eheim-pond-play-fiskiyeli-su-pompasi-3500l-h\\\/#primaryimage\",\"url\":\"https:\\\/\\\/anadolupet.com.tr\\\/wp-content\\\/uploads\\\/2026\\\/02\\\/105-5103010.jpg\",\"contentUrl\":\"https:\\\/\\\/anadolupet.com.tr\\\/wp-content\\\/uploads\\\/2026\\\/02\\\/105-5103010.jpg\",\"width\":750,\"height\":750},{\"@type\":\"BreadcrumbList\",\"@id\":\"https:\\\/\\\/anadolupet.com.tr\\\/urun\\\/eheim-pond-play-fiskiyeli-su-pompasi-3500l-h\\\/#breadcrumb\",\"itemListElement\":[{\"@type\":\"ListItem\",\"position\":1,\"name\":\"Anasayfa\",\"item\":\"https:\\\/\\\/anadolupet.com.tr\\\/\"},{\"@type\":\"ListItem\",\"position\":2,\"name\":\"\u00dcr\u00fcnler\",\"item\":\"https:\\\/\\\/anadolupet.com.tr\\\/urunler\\\/\"},{\"@type\":\"ListItem\",\"position\":3,\"name\":\"EHEIM Pond Play Fiskiyeli Su Pompas\u0131 3500l\\\/h\"}]},{\"@type\":\"WebSite\",\"@id\":\"https:\\\/\\\/anadolupet.com.tr\\\/#website\",\"url\":\"https:\\\/\\\/anadolupet.com.tr\\\/\",\"name\":\"Anadolu Pet Grup\",\"description\":\"Her Can\u0131n \u0130yi Ya\u015fam\u0131 \u0130\u00e7in Biraraday\u0131z\",\"publisher\":{\"@id\":\"https:\\\/\\\/anadolupet.com.tr\\\/#organization\"},\"potentialAction\":[{\"@type\":\"SearchAction\",\"target\":{\"@type\":\"EntryPoint\",\"urlTemplate\":\"https:\\\/\\\/anadolupet.com.tr\\\/?s={search_term_string}\"},\"query-input\":{\"@type\":\"PropertyValueSpecification\",\"valueRequired\":true,\"valueName\":\"search_term_string\"}}],\"inLanguage\":\"en-US\"},{\"@type\":\"Organization\",\"@id\":\"https:\\\/\\\/anadolupet.com.tr\\\/#organization\",\"name\":\"Anadolu Pet Grup\",\"alternateName\":\"Anadolu Pet\",\"url\":\"https:\\\/\\\/anadolupet.com.tr\\\/\",\"logo\":{\"@type\":\"ImageObject\",\"inLanguage\":\"en-US\",\"@id\":\"https:\\\/\\\/anadolupet.com.tr\\\/#\\\/schema\\\/logo\\\/image\\\/\",\"url\":\"https:\\\/\\\/anadolupet.com.tr\\\/wp-content\\\/uploads\\\/2026\\\/03\\\/1614666743370.jpg\",\"contentUrl\":\"https:\\\/\\\/anadolupet.com.tr\\\/wp-content\\\/uploads\\\/2026\\\/03\\\/1614666743370.jpg\",\"width\":800,\"height\":571,\"caption\":\"Anadolu Pet Grup\"},\"image\":{\"@id\":\"https:\\\/\\\/anadolupet.com.tr\\\/#\\\/schema\\\/logo\\\/image\\\/\"}}]}<\/script>\n<!-- \/ Yoast SEO plugin. -->","yoast_head_json":{"title":"EHEIM Pond Play Fiskiyeli Su Pompas\u0131 3500l\/h - Anadolu Pet Grup","robots":{"index":"index","follow":"follow","max-snippet":"max-snippet:-1","max-image-preview":"max-image-preview:large","max-video-preview":"max-video-preview:-1"},"canonical":"https:\/\/anadolupet.com.tr\/en\/product\/eheim-pond-play-fiskiyeli-su-pompasi-3500l-h\/","og_locale":"en_US","og_type":"article","og_title":"EHEIM Pond Play Fiskiyeli Su Pompas\u0131 3500l\/h - Anadolu Pet Grup","og_description":"EHEIM PLAY serisi, bah\u00e7e havuzlar\u0131nda \u00e7ok y\u00f6nl\u00fc kullan\u0131m imk\u00e2n\u0131 sunar. Kompakt ve sessiz tasar\u0131m\u0131yla k\u00fc\u00e7\u00fck ve orta \u00f6l\u00e7ekli havuzlar i\u00e7in idealdir. Dekoratif \u00e7e\u015fmeler, heykeller veya k\u00fc\u00e7\u00fck derelere su sa\u011flamak i\u00e7in kullan\u0131labilir. G\u00fcvenilir motor teknolojisi sayesinde uzun s\u00fcreli kullan\u0131mda bile sessiz ve enerji tasarruflu \u00e7al\u0131\u015f\u0131r. PLAY3500, serinin en g\u00fc\u00e7l\u00fc modeli olup 3.500 l\/saat \u00e7\u0131k\u0131\u015f g\u00fcc\u00fcyle daha b\u00fcy\u00fck su efektleri ve ak\u0131nt\u0131lar i\u00e7in uygundur. Avantajlar ve \u00d6zellikler Kompakt boyutlar \u2013 k\u00fc\u00e7\u00fck ve orta boy havuzlar i\u00e7in ideal 3 farkl\u0131 su efekti noz\u00fcl\u00fc \u2013 dekoratif \u00e7e\u015fme ve \u015felale se\u00e7enekleri Ayr\u0131 ayr\u0131 ayarlanabilir \u00e7\u0131k\u0131\u015f \u2013 ayn\u0131 anda hem s\u00fcs \u00e7e\u015fmesine hem dereye su sa\u011flayabilir Sessiz ve enerji tasarruflu motor Kolay bak\u0131m ve temizlik \u2013 d\u00fc\u015f\u00fck bak\u0131m ihtiyac\u0131 A\u015f\u0131r\u0131 \u0131s\u0131nma korumas\u0131 \u2013 d\u00fc\u015f\u00fck su seviyelerinde g\u00fcvenli kullan\u0131m Dayan\u0131kl\u0131 ve uzun \u00f6m\u00fcrl\u00fc tasar\u0131m Teslimat Kapsam\u0131 PLAY3500 su oyunlar\u0131 pompas\u0131 Teleskopik boru \u2013 \u00e7ift y\u00f6nl\u00fc ak\u0131\u015f kontrol\u00fc (ayr\u0131 ayr\u0131 ayarlanabilir) 2 adet su efekti noz\u00fcl\u00fc Ba\u011flant\u0131 seti (3 par\u00e7a) 10 m g\u00fc\u00e7 kablosu","og_url":"https:\/\/anadolupet.com.tr\/en\/product\/eheim-pond-play-fiskiyeli-su-pompasi-3500l-h\/","og_site_name":"Anadolu Pet Grup","article_modified_time":"2026-02-23T12:48:18+00:00","og_image":[{"width":750,"height":750,"url":"https:\/\/anadolupet.com.tr\/wp-content\/uploads\/2026\/02\/105-5103010.jpg","type":"image\/jpeg"}],"twitter_card":"summary_large_image","schema":{"@context":"https:\/\/schema.org","@graph":[{"@type":"WebPage","@id":"https:\/\/anadolupet.com.tr\/urun\/eheim-pond-play-fiskiyeli-su-pompasi-3500l-h\/","url":"https:\/\/anadolupet.com.tr\/urun\/eheim-pond-play-fiskiyeli-su-pompasi-3500l-h\/","name":"EHEIM Pond Play Fiskiyeli Su Pompas\u0131 3500l\/h - Anadolu Pet Grup","isPartOf":{"@id":"https:\/\/anadolupet.com.tr\/#website"},"primaryImageOfPage":{"@id":"https:\/\/anadolupet.com.tr\/urun\/eheim-pond-play-fiskiyeli-su-pompasi-3500l-h\/#primaryimage"},"image":{"@id":"https:\/\/anadolupet.com.tr\/urun\/eheim-pond-play-fiskiyeli-su-pompasi-3500l-h\/#primaryimage"},"thumbnailUrl":"https:\/\/anadolupet.com.tr\/wp-content\/uploads\/2026\/02\/105-5103010.jpg","datePublished":"2026-02-14T14:40:23+00:00","dateModified":"2026-02-23T12:48:18+00:00","breadcrumb":{"@id":"https:\/\/anadolupet.com.tr\/urun\/eheim-pond-play-fiskiyeli-su-pompasi-3500l-h\/#breadcrumb"},"inLanguage":"en-US","potentialAction":[{"@type":"ReadAction","target":["https:\/\/anadolupet.com.tr\/urun\/eheim-pond-play-fiskiyeli-su-pompasi-3500l-h\/"]}]},{"@type":"ImageObject","inLanguage":"en-US","@id":"https:\/\/anadolupet.com.tr\/urun\/eheim-pond-play-fiskiyeli-su-pompasi-3500l-h\/#primaryimage","url":"https:\/\/anadolupet.com.tr\/wp-content\/uploads\/2026\/02\/105-5103010.jpg","contentUrl":"https:\/\/anadolupet.com.tr\/wp-content\/uploads\/2026\/02\/105-5103010.jpg","width":750,"height":750},{"@type":"BreadcrumbList","@id":"https:\/\/anadolupet.com.tr\/urun\/eheim-pond-play-fiskiyeli-su-pompasi-3500l-h\/#breadcrumb","itemListElement":[{"@type":"ListItem","position":1,"name":"Anasayfa","item":"https:\/\/anadolupet.com.tr\/"},{"@type":"ListItem","position":2,"name":"\u00dcr\u00fcnler","item":"https:\/\/anadolupet.com.tr\/urunler\/"},{"@type":"ListItem","position":3,"name":"EHEIM Pond Play Fiskiyeli Su Pompas\u0131 3500l\/h"}]},{"@type":"WebSite","@id":"https:\/\/anadolupet.com.tr\/#website","url":"https:\/\/anadolupet.com.tr\/","name":"Anadolu Pet Group","description":"We Stand Together for the Well-Being of Every Life","publisher":{"@id":"https:\/\/anadolupet.com.tr\/#organization"},"potentialAction":[{"@type":"SearchAction","target":{"@type":"EntryPoint","urlTemplate":"https:\/\/anadolupet.com.tr\/?s={search_term_string}"},"query-input":{"@type":"PropertyValueSpecification","valueRequired":true,"valueName":"search_term_string"}}],"inLanguage":"en-US"},{"@type":"Organization","@id":"https:\/\/anadolupet.com.tr\/#organization","name":"Anadolu Pet Group","alternateName":"Anadolu Pet","url":"https:\/\/anadolupet.com.tr\/","logo":{"@type":"ImageObject","inLanguage":"en-US","@id":"https:\/\/anadolupet.com.tr\/#\/schema\/logo\/image\/","url":"https:\/\/anadolupet.com.tr\/wp-content\/uploads\/2026\/03\/1614666743370.jpg","contentUrl":"https:\/\/anadolupet.com.tr\/wp-content\/uploads\/2026\/03\/1614666743370.jpg","width":800,"height":571,"caption":"Anadolu Pet Grup"},"image":{"@id":"https:\/\/anadolupet.com.tr\/#\/schema\/logo\/image\/"}}]}},"_links":{"self":[{"href":"https:\/\/anadolupet.com.tr\/en\/wp-json\/wp\/v2\/product\/45024","targetHints":{"allow":["GET"]}}],"collection":[{"href":"https:\/\/anadolupet.com.tr\/en\/wp-json\/wp\/v2\/product"}],"about":[{"href":"https:\/\/anadolupet.com.tr\/en\/wp-json\/wp\/v2\/types\/product"}],"replies":[{"embeddable":true,"href":"https:\/\/anadolupet.com.tr\/en\/wp-json\/wp\/v2\/comments?post=45024"}],"wp:featuredmedia":[{"embeddable":true,"href":"https:\/\/anadolupet.com.tr\/en\/wp-json\/wp\/v2\/media\/42469"}],"wp:attachment":[{"href":"https:\/\/anadolupet.com.tr\/en\/wp-json\/wp\/v2\/media?parent=45024"}],"wp:term":[{"taxonomy":"product_brand","embeddable":true,"href":"https:\/\/anadolupet.com.tr\/en\/wp-json\/wp\/v2\/product_brand?post=45024"},{"taxonomy":"product_cat","embeddable":true,"href":"https:\/\/anadolupet.com.tr\/en\/wp-json\/wp\/v2\/product_cat?post=45024"},{"taxonomy":"product_tag","embeddable":true,"href":"https:\/\/anadolupet.com.tr\/en\/wp-json\/wp\/v2\/product_tag?post=45024"}],"curies":[{"name":"wp","href":"https:\/\/api.w.org\/{rel}","templated":true}]}}