{"id":45025,"date":"2026-02-14T14:40:23","date_gmt":"2026-02-14T14:40:23","guid":{"rendered":"https:\/\/anadolupet.com.tr\/?post_type=product&#038;p=45025"},"modified":"2026-02-23T12:48:18","modified_gmt":"2026-02-23T12:48:18","slug":"eheim-pond-press-havuz-filtresi-10000l-h","status":"publish","type":"product","link":"https:\/\/anadolupet.com.tr\/en\/urun\/eheim-pond-press-havuz-filtresi-10000l-h\/","title":{"rendered":"EHEIM Pond Press Havuz Filtresi 10000l\/h"},"content":{"rendered":"","protected":false},"excerpt":{"rendered":"<p>EHEIM PRESS bas\u0131n\u00e7l\u0131 filtre, g\u00f6letinizde kristal berrak su ve bitkiler ile hayvanlar i\u00e7in sa\u011fl\u0131kl\u0131 ya\u015fam ko\u015fullar\u0131 sa\u011flar. Biyolojik\u2013mekanik 4 a\u015famal\u0131 filtrasyon s\u00fcreci ile maksimum filtre performans\u0131n\u0131 kolay kullan\u0131m ile birle\u015ftirir.<br \/>\nEn \u00f6nemli yenilik, devrim niteli\u011findeki geri y\u0131kama (BACKWASH) teknolojisidir: Filtreyi a\u00e7madan yaln\u0131zca kapa\u011f\u0131n \u00fczerindeki kolu a\u015fa\u011f\u0131ya indirmeniz yeterlidir; su ters y\u00f6nde akarak filtreyi temizler. Bu sayede bak\u0131m son derece kolay ve h\u0131zl\u0131d\u0131r.<br \/>\nBas\u0131n\u00e7l\u0131 filtre se\u00e7menin avantaj\u0131, entegre bas\u0131n\u00e7 pompas\u0131 sayesinde suyun daha y\u00fcksek seviyelerdeki dere ve \u015felalelere ta\u015f\u0131nabilmesi veya g\u00f6letin su seviyesinin alt\u0131nda kullan\u0131labilmesidir.<br \/>\nAvantajlar<br \/>\nKomple set \u2013 kuruluma haz\u0131r<br \/>\nBACKWASH temizleme teknolojisi ile filtreyi a\u00e7madan kolay temizlik<br \/>\nFLOW3500 enerji tasarruflu pompa (d\u00fc\u015f\u00fck su seviyelerinde a\u015f\u0131r\u0131 \u0131s\u0131nma korumas\u0131)<br \/>\nDarbelere dayan\u0131kl\u0131, UV\u2019ye kar\u015f\u0131 korumal\u0131 d\u0131\u015f kap plastik g\u00f6vde<br \/>\nOrijinal EHEIM filtre malzemeleri dahil<br \/>\nD\u00fc\u015f\u00fck bak\u0131m gereksinimi \u2013 ba\u011fla, \u00e7al\u0131\u015ft\u0131r, keyfini \u00e7\u0131kar!<br \/>\nTeslimat Kapsam\u0131<br \/>\nPRESS10000 bas\u0131n\u00e7l\u0131 filtre<br \/>\nFLOW3500 filtre pompas\u0131<br \/>\n5 m spiral hortum (1 in\u00e7)<br \/>\nFiltre malzemeleri<br \/>\nBa\u011flant\u0131 seti<\/p>","protected":false},"featured_media":42480,"comment_status":"open","ping_status":"closed","template":"","meta":{"_acf_changed":false},"product_brand":[],"product_cat":[2382],"product_tag":[],"class_list":{"0":"post-45025","1":"product","2":"type-product","3":"status-publish","4":"has-post-thumbnail","6":"product_cat-dis-filtreler","8":"first","9":"instock","10":"shipping-taxable","11":"product-type-simple"},"acf":[],"yoast_head":"<!-- This site is optimized with the Yoast SEO plugin v27.5 - https:\/\/yoast.com\/product\/yoast-seo-wordpress\/ -->\n<title>EHEIM Pond Press Havuz Filtresi 10000l\/h - Anadolu Pet Grup<\/title>\n<meta name=\"robots\" content=\"index, follow, max-snippet:-1, max-image-preview:large, max-video-preview:-1\" \/>\n<link rel=\"canonical\" href=\"https:\/\/anadolupet.com.tr\/en\/product\/eheim-pond-press-havuz-filtresi-10000l-h\/\" \/>\n<meta property=\"og:locale\" content=\"en_US\" \/>\n<meta property=\"og:type\" content=\"article\" \/>\n<meta property=\"og:title\" content=\"EHEIM Pond Press Havuz Filtresi 10000l\/h - Anadolu Pet Grup\" \/>\n<meta property=\"og:description\" content=\"EHEIM PRESS bas\u0131n\u00e7l\u0131 filtre, g\u00f6letinizde kristal berrak su ve bitkiler ile hayvanlar i\u00e7in sa\u011fl\u0131kl\u0131 ya\u015fam ko\u015fullar\u0131 sa\u011flar. Biyolojik\u2013mekanik 4 a\u015famal\u0131 filtrasyon s\u00fcreci ile maksimum filtre performans\u0131n\u0131 kolay kullan\u0131m ile birle\u015ftirir. En \u00f6nemli yenilik, devrim niteli\u011findeki geri y\u0131kama (BACKWASH) teknolojisidir: Filtreyi a\u00e7madan yaln\u0131zca kapa\u011f\u0131n \u00fczerindeki kolu a\u015fa\u011f\u0131ya indirmeniz yeterlidir; su ters y\u00f6nde akarak filtreyi temizler. Bu sayede bak\u0131m son derece kolay ve h\u0131zl\u0131d\u0131r. Bas\u0131n\u00e7l\u0131 filtre se\u00e7menin avantaj\u0131, entegre bas\u0131n\u00e7 pompas\u0131 sayesinde suyun daha y\u00fcksek seviyelerdeki dere ve \u015felalelere ta\u015f\u0131nabilmesi veya g\u00f6letin su seviyesinin alt\u0131nda kullan\u0131labilmesidir. Avantajlar Komple set \u2013 kuruluma haz\u0131r BACKWASH temizleme teknolojisi ile filtreyi a\u00e7madan kolay temizlik FLOW3500 enerji tasarruflu pompa (d\u00fc\u015f\u00fck su seviyelerinde a\u015f\u0131r\u0131 \u0131s\u0131nma korumas\u0131) Darbelere dayan\u0131kl\u0131, UV\u2019ye kar\u015f\u0131 korumal\u0131 d\u0131\u015f kap plastik g\u00f6vde Orijinal EHEIM filtre malzemeleri dahil D\u00fc\u015f\u00fck bak\u0131m gereksinimi \u2013 ba\u011fla, \u00e7al\u0131\u015ft\u0131r, keyfini \u00e7\u0131kar! Teslimat Kapsam\u0131 PRESS10000 bas\u0131n\u00e7l\u0131 filtre FLOW3500 filtre pompas\u0131 5 m spiral hortum (1 in\u00e7) Filtre malzemeleri Ba\u011flant\u0131 seti\" \/>\n<meta property=\"og:url\" content=\"https:\/\/anadolupet.com.tr\/en\/product\/eheim-pond-press-havuz-filtresi-10000l-h\/\" \/>\n<meta property=\"og:site_name\" content=\"Anadolu Pet Grup\" \/>\n<meta property=\"article:modified_time\" content=\"2026-02-23T12:48:18+00:00\" \/>\n<meta property=\"og:image\" content=\"https:\/\/anadolupet.com.tr\/wp-content\/uploads\/2026\/02\/105-5211020.jpg\" \/>\n\t<meta property=\"og:image:width\" content=\"750\" \/>\n\t<meta property=\"og:image:height\" content=\"750\" \/>\n\t<meta property=\"og:image:type\" content=\"image\/jpeg\" \/>\n<meta name=\"twitter:card\" content=\"summary_large_image\" \/>\n<script type=\"application\/ld+json\" class=\"yoast-schema-graph\">{\"@context\":\"https:\\\/\\\/schema.org\",\"@graph\":[{\"@type\":\"WebPage\",\"@id\":\"https:\\\/\\\/anadolupet.com.tr\\\/urun\\\/eheim-pond-press-havuz-filtresi-10000l-h\\\/\",\"url\":\"https:\\\/\\\/anadolupet.com.tr\\\/urun\\\/eheim-pond-press-havuz-filtresi-10000l-h\\\/\",\"name\":\"EHEIM Pond Press Havuz Filtresi 10000l\\\/h - Anadolu Pet Grup\",\"isPartOf\":{\"@id\":\"https:\\\/\\\/anadolupet.com.tr\\\/#website\"},\"primaryImageOfPage\":{\"@id\":\"https:\\\/\\\/anadolupet.com.tr\\\/urun\\\/eheim-pond-press-havuz-filtresi-10000l-h\\\/#primaryimage\"},\"image\":{\"@id\":\"https:\\\/\\\/anadolupet.com.tr\\\/urun\\\/eheim-pond-press-havuz-filtresi-10000l-h\\\/#primaryimage\"},\"thumbnailUrl\":\"https:\\\/\\\/anadolupet.com.tr\\\/wp-content\\\/uploads\\\/2026\\\/02\\\/105-5211020.jpg\",\"datePublished\":\"2026-02-14T14:40:23+00:00\",\"dateModified\":\"2026-02-23T12:48:18+00:00\",\"breadcrumb\":{\"@id\":\"https:\\\/\\\/anadolupet.com.tr\\\/urun\\\/eheim-pond-press-havuz-filtresi-10000l-h\\\/#breadcrumb\"},\"inLanguage\":\"en-US\",\"potentialAction\":[{\"@type\":\"ReadAction\",\"target\":[\"https:\\\/\\\/anadolupet.com.tr\\\/urun\\\/eheim-pond-press-havuz-filtresi-10000l-h\\\/\"]}]},{\"@type\":\"ImageObject\",\"inLanguage\":\"en-US\",\"@id\":\"https:\\\/\\\/anadolupet.com.tr\\\/urun\\\/eheim-pond-press-havuz-filtresi-10000l-h\\\/#primaryimage\",\"url\":\"https:\\\/\\\/anadolupet.com.tr\\\/wp-content\\\/uploads\\\/2026\\\/02\\\/105-5211020.jpg\",\"contentUrl\":\"https:\\\/\\\/anadolupet.com.tr\\\/wp-content\\\/uploads\\\/2026\\\/02\\\/105-5211020.jpg\",\"width\":750,\"height\":750},{\"@type\":\"BreadcrumbList\",\"@id\":\"https:\\\/\\\/anadolupet.com.tr\\\/urun\\\/eheim-pond-press-havuz-filtresi-10000l-h\\\/#breadcrumb\",\"itemListElement\":[{\"@type\":\"ListItem\",\"position\":1,\"name\":\"Anasayfa\",\"item\":\"https:\\\/\\\/anadolupet.com.tr\\\/\"},{\"@type\":\"ListItem\",\"position\":2,\"name\":\"\u00dcr\u00fcnler\",\"item\":\"https:\\\/\\\/anadolupet.com.tr\\\/urunler\\\/\"},{\"@type\":\"ListItem\",\"position\":3,\"name\":\"EHEIM Pond Press Havuz Filtresi 10000l\\\/h\"}]},{\"@type\":\"WebSite\",\"@id\":\"https:\\\/\\\/anadolupet.com.tr\\\/#website\",\"url\":\"https:\\\/\\\/anadolupet.com.tr\\\/\",\"name\":\"Anadolu Pet Grup\",\"description\":\"Her Can\u0131n \u0130yi Ya\u015fam\u0131 \u0130\u00e7in Biraraday\u0131z\",\"publisher\":{\"@id\":\"https:\\\/\\\/anadolupet.com.tr\\\/#organization\"},\"potentialAction\":[{\"@type\":\"SearchAction\",\"target\":{\"@type\":\"EntryPoint\",\"urlTemplate\":\"https:\\\/\\\/anadolupet.com.tr\\\/?s={search_term_string}\"},\"query-input\":{\"@type\":\"PropertyValueSpecification\",\"valueRequired\":true,\"valueName\":\"search_term_string\"}}],\"inLanguage\":\"en-US\"},{\"@type\":\"Organization\",\"@id\":\"https:\\\/\\\/anadolupet.com.tr\\\/#organization\",\"name\":\"Anadolu Pet Grup\",\"alternateName\":\"Anadolu Pet\",\"url\":\"https:\\\/\\\/anadolupet.com.tr\\\/\",\"logo\":{\"@type\":\"ImageObject\",\"inLanguage\":\"en-US\",\"@id\":\"https:\\\/\\\/anadolupet.com.tr\\\/#\\\/schema\\\/logo\\\/image\\\/\",\"url\":\"https:\\\/\\\/anadolupet.com.tr\\\/wp-content\\\/uploads\\\/2026\\\/03\\\/1614666743370.jpg\",\"contentUrl\":\"https:\\\/\\\/anadolupet.com.tr\\\/wp-content\\\/uploads\\\/2026\\\/03\\\/1614666743370.jpg\",\"width\":800,\"height\":571,\"caption\":\"Anadolu Pet Grup\"},\"image\":{\"@id\":\"https:\\\/\\\/anadolupet.com.tr\\\/#\\\/schema\\\/logo\\\/image\\\/\"}}]}<\/script>\n<!-- \/ Yoast SEO plugin. -->","yoast_head_json":{"title":"EHEIM Pond Press Havuz Filtresi 10000l\/h - Anadolu Pet Grup","robots":{"index":"index","follow":"follow","max-snippet":"max-snippet:-1","max-image-preview":"max-image-preview:large","max-video-preview":"max-video-preview:-1"},"canonical":"https:\/\/anadolupet.com.tr\/en\/product\/eheim-pond-press-havuz-filtresi-10000l-h\/","og_locale":"en_US","og_type":"article","og_title":"EHEIM Pond Press Havuz Filtresi 10000l\/h - Anadolu Pet Grup","og_description":"EHEIM PRESS bas\u0131n\u00e7l\u0131 filtre, g\u00f6letinizde kristal berrak su ve bitkiler ile hayvanlar i\u00e7in sa\u011fl\u0131kl\u0131 ya\u015fam ko\u015fullar\u0131 sa\u011flar. Biyolojik\u2013mekanik 4 a\u015famal\u0131 filtrasyon s\u00fcreci ile maksimum filtre performans\u0131n\u0131 kolay kullan\u0131m ile birle\u015ftirir. En \u00f6nemli yenilik, devrim niteli\u011findeki geri y\u0131kama (BACKWASH) teknolojisidir: Filtreyi a\u00e7madan yaln\u0131zca kapa\u011f\u0131n \u00fczerindeki kolu a\u015fa\u011f\u0131ya indirmeniz yeterlidir; su ters y\u00f6nde akarak filtreyi temizler. Bu sayede bak\u0131m son derece kolay ve h\u0131zl\u0131d\u0131r. Bas\u0131n\u00e7l\u0131 filtre se\u00e7menin avantaj\u0131, entegre bas\u0131n\u00e7 pompas\u0131 sayesinde suyun daha y\u00fcksek seviyelerdeki dere ve \u015felalelere ta\u015f\u0131nabilmesi veya g\u00f6letin su seviyesinin alt\u0131nda kullan\u0131labilmesidir. Avantajlar Komple set \u2013 kuruluma haz\u0131r BACKWASH temizleme teknolojisi ile filtreyi a\u00e7madan kolay temizlik FLOW3500 enerji tasarruflu pompa (d\u00fc\u015f\u00fck su seviyelerinde a\u015f\u0131r\u0131 \u0131s\u0131nma korumas\u0131) Darbelere dayan\u0131kl\u0131, UV\u2019ye kar\u015f\u0131 korumal\u0131 d\u0131\u015f kap plastik g\u00f6vde Orijinal EHEIM filtre malzemeleri dahil D\u00fc\u015f\u00fck bak\u0131m gereksinimi \u2013 ba\u011fla, \u00e7al\u0131\u015ft\u0131r, keyfini \u00e7\u0131kar! Teslimat Kapsam\u0131 PRESS10000 bas\u0131n\u00e7l\u0131 filtre FLOW3500 filtre pompas\u0131 5 m spiral hortum (1 in\u00e7) Filtre malzemeleri Ba\u011flant\u0131 seti","og_url":"https:\/\/anadolupet.com.tr\/en\/product\/eheim-pond-press-havuz-filtresi-10000l-h\/","og_site_name":"Anadolu Pet Grup","article_modified_time":"2026-02-23T12:48:18+00:00","og_image":[{"width":750,"height":750,"url":"https:\/\/anadolupet.com.tr\/wp-content\/uploads\/2026\/02\/105-5211020.jpg","type":"image\/jpeg"}],"twitter_card":"summary_large_image","schema":{"@context":"https:\/\/schema.org","@graph":[{"@type":"WebPage","@id":"https:\/\/anadolupet.com.tr\/urun\/eheim-pond-press-havuz-filtresi-10000l-h\/","url":"https:\/\/anadolupet.com.tr\/urun\/eheim-pond-press-havuz-filtresi-10000l-h\/","name":"EHEIM Pond Press Havuz Filtresi 10000l\/h - Anadolu Pet Grup","isPartOf":{"@id":"https:\/\/anadolupet.com.tr\/#website"},"primaryImageOfPage":{"@id":"https:\/\/anadolupet.com.tr\/urun\/eheim-pond-press-havuz-filtresi-10000l-h\/#primaryimage"},"image":{"@id":"https:\/\/anadolupet.com.tr\/urun\/eheim-pond-press-havuz-filtresi-10000l-h\/#primaryimage"},"thumbnailUrl":"https:\/\/anadolupet.com.tr\/wp-content\/uploads\/2026\/02\/105-5211020.jpg","datePublished":"2026-02-14T14:40:23+00:00","dateModified":"2026-02-23T12:48:18+00:00","breadcrumb":{"@id":"https:\/\/anadolupet.com.tr\/urun\/eheim-pond-press-havuz-filtresi-10000l-h\/#breadcrumb"},"inLanguage":"en-US","potentialAction":[{"@type":"ReadAction","target":["https:\/\/anadolupet.com.tr\/urun\/eheim-pond-press-havuz-filtresi-10000l-h\/"]}]},{"@type":"ImageObject","inLanguage":"en-US","@id":"https:\/\/anadolupet.com.tr\/urun\/eheim-pond-press-havuz-filtresi-10000l-h\/#primaryimage","url":"https:\/\/anadolupet.com.tr\/wp-content\/uploads\/2026\/02\/105-5211020.jpg","contentUrl":"https:\/\/anadolupet.com.tr\/wp-content\/uploads\/2026\/02\/105-5211020.jpg","width":750,"height":750},{"@type":"BreadcrumbList","@id":"https:\/\/anadolupet.com.tr\/urun\/eheim-pond-press-havuz-filtresi-10000l-h\/#breadcrumb","itemListElement":[{"@type":"ListItem","position":1,"name":"Anasayfa","item":"https:\/\/anadolupet.com.tr\/"},{"@type":"ListItem","position":2,"name":"\u00dcr\u00fcnler","item":"https:\/\/anadolupet.com.tr\/urunler\/"},{"@type":"ListItem","position":3,"name":"EHEIM Pond Press Havuz Filtresi 10000l\/h"}]},{"@type":"WebSite","@id":"https:\/\/anadolupet.com.tr\/#website","url":"https:\/\/anadolupet.com.tr\/","name":"Anadolu Pet Group","description":"We Stand Together for the Well-Being of Every Life","publisher":{"@id":"https:\/\/anadolupet.com.tr\/#organization"},"potentialAction":[{"@type":"SearchAction","target":{"@type":"EntryPoint","urlTemplate":"https:\/\/anadolupet.com.tr\/?s={search_term_string}"},"query-input":{"@type":"PropertyValueSpecification","valueRequired":true,"valueName":"search_term_string"}}],"inLanguage":"en-US"},{"@type":"Organization","@id":"https:\/\/anadolupet.com.tr\/#organization","name":"Anadolu Pet Group","alternateName":"Anadolu Pet","url":"https:\/\/anadolupet.com.tr\/","logo":{"@type":"ImageObject","inLanguage":"en-US","@id":"https:\/\/anadolupet.com.tr\/#\/schema\/logo\/image\/","url":"https:\/\/anadolupet.com.tr\/wp-content\/uploads\/2026\/03\/1614666743370.jpg","contentUrl":"https:\/\/anadolupet.com.tr\/wp-content\/uploads\/2026\/03\/1614666743370.jpg","width":800,"height":571,"caption":"Anadolu Pet Grup"},"image":{"@id":"https:\/\/anadolupet.com.tr\/#\/schema\/logo\/image\/"}}]}},"_links":{"self":[{"href":"https:\/\/anadolupet.com.tr\/en\/wp-json\/wp\/v2\/product\/45025","targetHints":{"allow":["GET"]}}],"collection":[{"href":"https:\/\/anadolupet.com.tr\/en\/wp-json\/wp\/v2\/product"}],"about":[{"href":"https:\/\/anadolupet.com.tr\/en\/wp-json\/wp\/v2\/types\/product"}],"replies":[{"embeddable":true,"href":"https:\/\/anadolupet.com.tr\/en\/wp-json\/wp\/v2\/comments?post=45025"}],"wp:featuredmedia":[{"embeddable":true,"href":"https:\/\/anadolupet.com.tr\/en\/wp-json\/wp\/v2\/media\/42480"}],"wp:attachment":[{"href":"https:\/\/anadolupet.com.tr\/en\/wp-json\/wp\/v2\/media?parent=45025"}],"wp:term":[{"taxonomy":"product_brand","embeddable":true,"href":"https:\/\/anadolupet.com.tr\/en\/wp-json\/wp\/v2\/product_brand?post=45025"},{"taxonomy":"product_cat","embeddable":true,"href":"https:\/\/anadolupet.com.tr\/en\/wp-json\/wp\/v2\/product_cat?post=45025"},{"taxonomy":"product_tag","embeddable":true,"href":"https:\/\/anadolupet.com.tr\/en\/wp-json\/wp\/v2\/product_tag?post=45025"}],"curies":[{"name":"wp","href":"https:\/\/api.w.org\/{rel}","templated":true}]}}