{"id":45027,"date":"2026-02-14T14:40:23","date_gmt":"2026-02-14T14:40:23","guid":{"rendered":"https:\/\/anadolupet.com.tr\/?post_type=product&#038;p=45027"},"modified":"2026-02-23T12:48:18","modified_gmt":"2026-02-23T12:48:18","slug":"eheim-powerled-calistirma-konnektoru-2li","status":"publish","type":"product","link":"https:\/\/anadolupet.com.tr\/en\/urun\/eheim-powerled-calistirma-konnektoru-2li\/","title":{"rendered":"EHEIM PowerLED+ \u00c7al\u0131\u015ft\u0131rma Konnekt\u00f6r\u00fc 2&#8217;li"},"content":{"rendered":"","protected":false},"excerpt":{"rendered":"<p>EHEIM powerLED+ i\u00e7in \u00f6zel olarak tasarlanm\u0131\u015f ba\u011flant\u0131 aparat\u0131, birden fazla LED lambay\u0131 tek bir g\u00fc\u00e7 kayna\u011f\u0131na ba\u011flaman\u0131za olanak tan\u0131r. B\u00f6ylece akvaryumunuzda daha geni\u015f ve dengeli bir ayd\u0131nlatma elde edebilir, enerji verimlili\u011fini art\u0131rabilirsiniz.<br \/>\n\u00d6ne \u00c7\u0131kan \u00d6zellikler<br \/>\n\u00c7oklu Ba\u011flant\u0131: Birden fazla EHEIM powerLED+ lambay\u0131 tek g\u00fc\u00e7 kayna\u011f\u0131na ba\u011flama imk\u00e2n\u0131.<br \/>\nY-Adapt\u00f6r Tasar\u0131m\u0131: Pratik ve g\u00fcvenli ba\u011flant\u0131 sa\u011flar.<br \/>\nEnerji Verimlili\u011fi: Tek g\u00fc\u00e7 kayna\u011f\u0131 \u00fczerinden \u00e7al\u0131\u015farak enerji tasarrufu sunar.<br \/>\nUyumluluk: T\u00fcm EHEIM powerLED+ modelleri ile uyumlu.<br \/>\nKolay Kullan\u0131m: Basit montaj ile h\u0131zl\u0131 kurulum.<\/p>","protected":false},"featured_media":42461,"comment_status":"open","ping_status":"closed","template":"","meta":{"_acf_changed":false},"product_brand":[],"product_cat":[2398],"product_tag":[],"class_list":{"0":"post-45027","1":"product","2":"type-product","3":"status-publish","4":"has-post-thumbnail","6":"product_cat-led-armaturler","8":"first","9":"instock","10":"shipping-taxable","11":"product-type-simple"},"acf":[],"yoast_head":"<!-- This site is optimized with the Yoast SEO plugin v27.5 - https:\/\/yoast.com\/product\/yoast-seo-wordpress\/ -->\n<title>EHEIM PowerLED+ \u00c7al\u0131\u015ft\u0131rma Konnekt\u00f6r\u00fc 2&#039;li - Anadolu Pet Grup<\/title>\n<meta name=\"robots\" content=\"index, follow, max-snippet:-1, max-image-preview:large, max-video-preview:-1\" \/>\n<link rel=\"canonical\" href=\"https:\/\/anadolupet.com.tr\/en\/product\/eheim-powerled-calistirma-konnektoru-2li\/\" \/>\n<meta property=\"og:locale\" content=\"en_US\" \/>\n<meta property=\"og:type\" content=\"article\" \/>\n<meta property=\"og:title\" content=\"EHEIM PowerLED+ \u00c7al\u0131\u015ft\u0131rma Konnekt\u00f6r\u00fc 2&#039;li - Anadolu Pet Grup\" \/>\n<meta property=\"og:description\" content=\"EHEIM powerLED+ i\u00e7in \u00f6zel olarak tasarlanm\u0131\u015f ba\u011flant\u0131 aparat\u0131, birden fazla LED lambay\u0131 tek bir g\u00fc\u00e7 kayna\u011f\u0131na ba\u011flaman\u0131za olanak tan\u0131r. B\u00f6ylece akvaryumunuzda daha geni\u015f ve dengeli bir ayd\u0131nlatma elde edebilir, enerji verimlili\u011fini art\u0131rabilirsiniz. \u00d6ne \u00c7\u0131kan \u00d6zellikler \u00c7oklu Ba\u011flant\u0131: Birden fazla EHEIM powerLED+ lambay\u0131 tek g\u00fc\u00e7 kayna\u011f\u0131na ba\u011flama imk\u00e2n\u0131. Y-Adapt\u00f6r Tasar\u0131m\u0131: Pratik ve g\u00fcvenli ba\u011flant\u0131 sa\u011flar. Enerji Verimlili\u011fi: Tek g\u00fc\u00e7 kayna\u011f\u0131 \u00fczerinden \u00e7al\u0131\u015farak enerji tasarrufu sunar. Uyumluluk: T\u00fcm EHEIM powerLED+ modelleri ile uyumlu. Kolay Kullan\u0131m: Basit montaj ile h\u0131zl\u0131 kurulum.\" \/>\n<meta property=\"og:url\" content=\"https:\/\/anadolupet.com.tr\/en\/product\/eheim-powerled-calistirma-konnektoru-2li\/\" \/>\n<meta property=\"og:site_name\" content=\"Anadolu Pet Grup\" \/>\n<meta property=\"article:modified_time\" content=\"2026-02-23T12:48:18+00:00\" \/>\n<meta property=\"og:image\" content=\"https:\/\/anadolupet.com.tr\/wp-content\/uploads\/2026\/02\/105-4200050.jpg\" \/>\n\t<meta property=\"og:image:width\" content=\"750\" \/>\n\t<meta property=\"og:image:height\" content=\"750\" \/>\n\t<meta property=\"og:image:type\" content=\"image\/jpeg\" \/>\n<meta name=\"twitter:card\" content=\"summary_large_image\" \/>\n<script type=\"application\/ld+json\" class=\"yoast-schema-graph\">{\"@context\":\"https:\\\/\\\/schema.org\",\"@graph\":[{\"@type\":\"WebPage\",\"@id\":\"https:\\\/\\\/anadolupet.com.tr\\\/urun\\\/eheim-powerled-calistirma-konnektoru-2li\\\/\",\"url\":\"https:\\\/\\\/anadolupet.com.tr\\\/urun\\\/eheim-powerled-calistirma-konnektoru-2li\\\/\",\"name\":\"EHEIM PowerLED+ \u00c7al\u0131\u015ft\u0131rma Konnekt\u00f6r\u00fc 2'li - Anadolu Pet Grup\",\"isPartOf\":{\"@id\":\"https:\\\/\\\/anadolupet.com.tr\\\/#website\"},\"primaryImageOfPage\":{\"@id\":\"https:\\\/\\\/anadolupet.com.tr\\\/urun\\\/eheim-powerled-calistirma-konnektoru-2li\\\/#primaryimage\"},\"image\":{\"@id\":\"https:\\\/\\\/anadolupet.com.tr\\\/urun\\\/eheim-powerled-calistirma-konnektoru-2li\\\/#primaryimage\"},\"thumbnailUrl\":\"https:\\\/\\\/anadolupet.com.tr\\\/wp-content\\\/uploads\\\/2026\\\/02\\\/105-4200050.jpg\",\"datePublished\":\"2026-02-14T14:40:23+00:00\",\"dateModified\":\"2026-02-23T12:48:18+00:00\",\"breadcrumb\":{\"@id\":\"https:\\\/\\\/anadolupet.com.tr\\\/urun\\\/eheim-powerled-calistirma-konnektoru-2li\\\/#breadcrumb\"},\"inLanguage\":\"en-US\",\"potentialAction\":[{\"@type\":\"ReadAction\",\"target\":[\"https:\\\/\\\/anadolupet.com.tr\\\/urun\\\/eheim-powerled-calistirma-konnektoru-2li\\\/\"]}]},{\"@type\":\"ImageObject\",\"inLanguage\":\"en-US\",\"@id\":\"https:\\\/\\\/anadolupet.com.tr\\\/urun\\\/eheim-powerled-calistirma-konnektoru-2li\\\/#primaryimage\",\"url\":\"https:\\\/\\\/anadolupet.com.tr\\\/wp-content\\\/uploads\\\/2026\\\/02\\\/105-4200050.jpg\",\"contentUrl\":\"https:\\\/\\\/anadolupet.com.tr\\\/wp-content\\\/uploads\\\/2026\\\/02\\\/105-4200050.jpg\",\"width\":750,\"height\":750},{\"@type\":\"BreadcrumbList\",\"@id\":\"https:\\\/\\\/anadolupet.com.tr\\\/urun\\\/eheim-powerled-calistirma-konnektoru-2li\\\/#breadcrumb\",\"itemListElement\":[{\"@type\":\"ListItem\",\"position\":1,\"name\":\"Anasayfa\",\"item\":\"https:\\\/\\\/anadolupet.com.tr\\\/\"},{\"@type\":\"ListItem\",\"position\":2,\"name\":\"\u00dcr\u00fcnler\",\"item\":\"https:\\\/\\\/anadolupet.com.tr\\\/urunler\\\/\"},{\"@type\":\"ListItem\",\"position\":3,\"name\":\"EHEIM PowerLED+ \u00c7al\u0131\u015ft\u0131rma Konnekt\u00f6r\u00fc 2&#8217;li\"}]},{\"@type\":\"WebSite\",\"@id\":\"https:\\\/\\\/anadolupet.com.tr\\\/#website\",\"url\":\"https:\\\/\\\/anadolupet.com.tr\\\/\",\"name\":\"Anadolu Pet Grup\",\"description\":\"Her Can\u0131n \u0130yi Ya\u015fam\u0131 \u0130\u00e7in Biraraday\u0131z\",\"publisher\":{\"@id\":\"https:\\\/\\\/anadolupet.com.tr\\\/#organization\"},\"potentialAction\":[{\"@type\":\"SearchAction\",\"target\":{\"@type\":\"EntryPoint\",\"urlTemplate\":\"https:\\\/\\\/anadolupet.com.tr\\\/?s={search_term_string}\"},\"query-input\":{\"@type\":\"PropertyValueSpecification\",\"valueRequired\":true,\"valueName\":\"search_term_string\"}}],\"inLanguage\":\"en-US\"},{\"@type\":\"Organization\",\"@id\":\"https:\\\/\\\/anadolupet.com.tr\\\/#organization\",\"name\":\"Anadolu Pet Grup\",\"alternateName\":\"Anadolu Pet\",\"url\":\"https:\\\/\\\/anadolupet.com.tr\\\/\",\"logo\":{\"@type\":\"ImageObject\",\"inLanguage\":\"en-US\",\"@id\":\"https:\\\/\\\/anadolupet.com.tr\\\/#\\\/schema\\\/logo\\\/image\\\/\",\"url\":\"https:\\\/\\\/anadolupet.com.tr\\\/wp-content\\\/uploads\\\/2026\\\/03\\\/1614666743370.jpg\",\"contentUrl\":\"https:\\\/\\\/anadolupet.com.tr\\\/wp-content\\\/uploads\\\/2026\\\/03\\\/1614666743370.jpg\",\"width\":800,\"height\":571,\"caption\":\"Anadolu Pet Grup\"},\"image\":{\"@id\":\"https:\\\/\\\/anadolupet.com.tr\\\/#\\\/schema\\\/logo\\\/image\\\/\"}}]}<\/script>\n<!-- \/ Yoast SEO plugin. -->","yoast_head_json":{"title":"EHEIM PowerLED+ \u00c7al\u0131\u015ft\u0131rma Konnekt\u00f6r\u00fc 2'li - Anadolu Pet Grup","robots":{"index":"index","follow":"follow","max-snippet":"max-snippet:-1","max-image-preview":"max-image-preview:large","max-video-preview":"max-video-preview:-1"},"canonical":"https:\/\/anadolupet.com.tr\/en\/product\/eheim-powerled-calistirma-konnektoru-2li\/","og_locale":"en_US","og_type":"article","og_title":"EHEIM PowerLED+ \u00c7al\u0131\u015ft\u0131rma Konnekt\u00f6r\u00fc 2'li - Anadolu Pet Grup","og_description":"EHEIM powerLED+ i\u00e7in \u00f6zel olarak tasarlanm\u0131\u015f ba\u011flant\u0131 aparat\u0131, birden fazla LED lambay\u0131 tek bir g\u00fc\u00e7 kayna\u011f\u0131na ba\u011flaman\u0131za olanak tan\u0131r. B\u00f6ylece akvaryumunuzda daha geni\u015f ve dengeli bir ayd\u0131nlatma elde edebilir, enerji verimlili\u011fini art\u0131rabilirsiniz. \u00d6ne \u00c7\u0131kan \u00d6zellikler \u00c7oklu Ba\u011flant\u0131: Birden fazla EHEIM powerLED+ lambay\u0131 tek g\u00fc\u00e7 kayna\u011f\u0131na ba\u011flama imk\u00e2n\u0131. Y-Adapt\u00f6r Tasar\u0131m\u0131: Pratik ve g\u00fcvenli ba\u011flant\u0131 sa\u011flar. Enerji Verimlili\u011fi: Tek g\u00fc\u00e7 kayna\u011f\u0131 \u00fczerinden \u00e7al\u0131\u015farak enerji tasarrufu sunar. Uyumluluk: T\u00fcm EHEIM powerLED+ modelleri ile uyumlu. Kolay Kullan\u0131m: Basit montaj ile h\u0131zl\u0131 kurulum.","og_url":"https:\/\/anadolupet.com.tr\/en\/product\/eheim-powerled-calistirma-konnektoru-2li\/","og_site_name":"Anadolu Pet Grup","article_modified_time":"2026-02-23T12:48:18+00:00","og_image":[{"width":750,"height":750,"url":"https:\/\/anadolupet.com.tr\/wp-content\/uploads\/2026\/02\/105-4200050.jpg","type":"image\/jpeg"}],"twitter_card":"summary_large_image","schema":{"@context":"https:\/\/schema.org","@graph":[{"@type":"WebPage","@id":"https:\/\/anadolupet.com.tr\/urun\/eheim-powerled-calistirma-konnektoru-2li\/","url":"https:\/\/anadolupet.com.tr\/urun\/eheim-powerled-calistirma-konnektoru-2li\/","name":"EHEIM PowerLED+ \u00c7al\u0131\u015ft\u0131rma Konnekt\u00f6r\u00fc 2'li - Anadolu Pet Grup","isPartOf":{"@id":"https:\/\/anadolupet.com.tr\/#website"},"primaryImageOfPage":{"@id":"https:\/\/anadolupet.com.tr\/urun\/eheim-powerled-calistirma-konnektoru-2li\/#primaryimage"},"image":{"@id":"https:\/\/anadolupet.com.tr\/urun\/eheim-powerled-calistirma-konnektoru-2li\/#primaryimage"},"thumbnailUrl":"https:\/\/anadolupet.com.tr\/wp-content\/uploads\/2026\/02\/105-4200050.jpg","datePublished":"2026-02-14T14:40:23+00:00","dateModified":"2026-02-23T12:48:18+00:00","breadcrumb":{"@id":"https:\/\/anadolupet.com.tr\/urun\/eheim-powerled-calistirma-konnektoru-2li\/#breadcrumb"},"inLanguage":"en-US","potentialAction":[{"@type":"ReadAction","target":["https:\/\/anadolupet.com.tr\/urun\/eheim-powerled-calistirma-konnektoru-2li\/"]}]},{"@type":"ImageObject","inLanguage":"en-US","@id":"https:\/\/anadolupet.com.tr\/urun\/eheim-powerled-calistirma-konnektoru-2li\/#primaryimage","url":"https:\/\/anadolupet.com.tr\/wp-content\/uploads\/2026\/02\/105-4200050.jpg","contentUrl":"https:\/\/anadolupet.com.tr\/wp-content\/uploads\/2026\/02\/105-4200050.jpg","width":750,"height":750},{"@type":"BreadcrumbList","@id":"https:\/\/anadolupet.com.tr\/urun\/eheim-powerled-calistirma-konnektoru-2li\/#breadcrumb","itemListElement":[{"@type":"ListItem","position":1,"name":"Anasayfa","item":"https:\/\/anadolupet.com.tr\/"},{"@type":"ListItem","position":2,"name":"\u00dcr\u00fcnler","item":"https:\/\/anadolupet.com.tr\/urunler\/"},{"@type":"ListItem","position":3,"name":"EHEIM PowerLED+ \u00c7al\u0131\u015ft\u0131rma Konnekt\u00f6r\u00fc 2&#8217;li"}]},{"@type":"WebSite","@id":"https:\/\/anadolupet.com.tr\/#website","url":"https:\/\/anadolupet.com.tr\/","name":"Anadolu Pet Group","description":"We Stand Together for the Well-Being of Every Life","publisher":{"@id":"https:\/\/anadolupet.com.tr\/#organization"},"potentialAction":[{"@type":"SearchAction","target":{"@type":"EntryPoint","urlTemplate":"https:\/\/anadolupet.com.tr\/?s={search_term_string}"},"query-input":{"@type":"PropertyValueSpecification","valueRequired":true,"valueName":"search_term_string"}}],"inLanguage":"en-US"},{"@type":"Organization","@id":"https:\/\/anadolupet.com.tr\/#organization","name":"Anadolu Pet Group","alternateName":"Anadolu Pet","url":"https:\/\/anadolupet.com.tr\/","logo":{"@type":"ImageObject","inLanguage":"en-US","@id":"https:\/\/anadolupet.com.tr\/#\/schema\/logo\/image\/","url":"https:\/\/anadolupet.com.tr\/wp-content\/uploads\/2026\/03\/1614666743370.jpg","contentUrl":"https:\/\/anadolupet.com.tr\/wp-content\/uploads\/2026\/03\/1614666743370.jpg","width":800,"height":571,"caption":"Anadolu Pet Grup"},"image":{"@id":"https:\/\/anadolupet.com.tr\/#\/schema\/logo\/image\/"}}]}},"_links":{"self":[{"href":"https:\/\/anadolupet.com.tr\/en\/wp-json\/wp\/v2\/product\/45027","targetHints":{"allow":["GET"]}}],"collection":[{"href":"https:\/\/anadolupet.com.tr\/en\/wp-json\/wp\/v2\/product"}],"about":[{"href":"https:\/\/anadolupet.com.tr\/en\/wp-json\/wp\/v2\/types\/product"}],"replies":[{"embeddable":true,"href":"https:\/\/anadolupet.com.tr\/en\/wp-json\/wp\/v2\/comments?post=45027"}],"wp:featuredmedia":[{"embeddable":true,"href":"https:\/\/anadolupet.com.tr\/en\/wp-json\/wp\/v2\/media\/42461"}],"wp:attachment":[{"href":"https:\/\/anadolupet.com.tr\/en\/wp-json\/wp\/v2\/media?parent=45027"}],"wp:term":[{"taxonomy":"product_brand","embeddable":true,"href":"https:\/\/anadolupet.com.tr\/en\/wp-json\/wp\/v2\/product_brand?post=45027"},{"taxonomy":"product_cat","embeddable":true,"href":"https:\/\/anadolupet.com.tr\/en\/wp-json\/wp\/v2\/product_cat?post=45027"},{"taxonomy":"product_tag","embeddable":true,"href":"https:\/\/anadolupet.com.tr\/en\/wp-json\/wp\/v2\/product_tag?post=45027"}],"curies":[{"name":"wp","href":"https:\/\/api.w.org\/{rel}","templated":true}]}}