{"id":45031,"date":"2026-02-14T14:40:23","date_gmt":"2026-02-14T14:40:23","guid":{"rendered":"https:\/\/anadolupet.com.tr\/?post_type=product&#038;p=45031"},"modified":"2026-02-23T12:48:19","modified_gmt":"2026-02-23T12:48:19","slug":"eheim-pro-4-4-antrasit-hortum-3m","status":"publish","type":"product","link":"https:\/\/anadolupet.com.tr\/en\/urun\/eheim-pro-4-4-antrasit-hortum-3m\/","title":{"rendered":"EHEIM Pro 4\/4+ Antrasit Hortum 3m"},"content":{"rendered":"","protected":false},"excerpt":{"rendered":"<p>EHEIM antrasit hortum, \u00f6zellikle Pro 4 ve Pro 4+ serisi d\u0131\u015f filtreler i\u00e7in tasarlanm\u0131\u015f orijinal ba\u011flant\u0131 hortumudur. \u00d812\/16 mm \u00e7ap\u0131nda olup, 3 metre uzunlu\u011funda sunulur. Dayan\u0131kl\u0131 yap\u0131s\u0131 sayesinde uzun \u00f6m\u00fcrl\u00fc kullan\u0131m sa\u011flar, esnekli\u011fi ile kolay montaj imk\u00e2n\u0131 verir. Antrasit rengi akvaryum i\u00e7inde daha modern ve estetik bir g\u00f6r\u00fcn\u00fcm sunar.<\/p>\n<p>Avantajlar ve \u00d6zellikler<br \/>\nOrijinal EHEIM hortum \u2013 tam uyum ve g\u00fcvenilirlik<\/p>\n<p>\u00d812\/16 mm \u00e7ap\u0131nda \u2013 Pro 4\/4+ filtre ba\u011flant\u0131lar\u0131 i\u00e7in ideal \u00f6l\u00e7\u00fc<\/p>\n<p>3 m uzunluk \u2013 ihtiyaca g\u00f6re kesilerek kullan\u0131labilir<\/p>\n<p>Dayan\u0131kl\u0131 ve esnek malzeme \u2013 uzun \u00f6m\u00fcrl\u00fc kullan\u0131m, kolay montaj<\/p>\n<p>Antrasit renkli tasar\u0131m \u2013 akvaryum dekoruna modern uyum<\/p>\n<p>Tatl\u0131 ve tuzlu su akvaryumlar\u0131 i\u00e7in uygun<\/p>","protected":false},"featured_media":42547,"comment_status":"open","ping_status":"closed","template":"","meta":{"_acf_changed":false},"product_brand":[],"product_cat":[2379],"product_tag":[],"class_list":{"0":"post-45031","1":"product","2":"type-product","3":"status-publish","4":"has-post-thumbnail","6":"product_cat-borular-ve-vantuzlar","8":"first","9":"instock","10":"shipping-taxable","11":"product-type-simple"},"acf":[],"yoast_head":"<!-- This site is optimized with the Yoast SEO plugin v27.5 - https:\/\/yoast.com\/product\/yoast-seo-wordpress\/ -->\n<title>EHEIM Pro 4\/4+ Antrasit Hortum 3m - Anadolu Pet Grup<\/title>\n<meta name=\"robots\" content=\"index, follow, max-snippet:-1, max-image-preview:large, max-video-preview:-1\" \/>\n<link rel=\"canonical\" href=\"https:\/\/anadolupet.com.tr\/en\/product\/eheim-pro-4-4-antrasit-hortum-3m\/\" \/>\n<meta property=\"og:locale\" content=\"en_US\" \/>\n<meta property=\"og:type\" content=\"article\" \/>\n<meta property=\"og:title\" content=\"EHEIM Pro 4\/4+ Antrasit Hortum 3m - Anadolu Pet Grup\" \/>\n<meta property=\"og:description\" content=\"EHEIM antrasit hortum, \u00f6zellikle Pro 4 ve Pro 4+ serisi d\u0131\u015f filtreler i\u00e7in tasarlanm\u0131\u015f orijinal ba\u011flant\u0131 hortumudur. \u00d812\/16 mm \u00e7ap\u0131nda olup, 3 metre uzunlu\u011funda sunulur. Dayan\u0131kl\u0131 yap\u0131s\u0131 sayesinde uzun \u00f6m\u00fcrl\u00fc kullan\u0131m sa\u011flar, esnekli\u011fi ile kolay montaj imk\u00e2n\u0131 verir. Antrasit rengi akvaryum i\u00e7inde daha modern ve estetik bir g\u00f6r\u00fcn\u00fcm sunar. Avantajlar ve \u00d6zellikler Orijinal EHEIM hortum \u2013 tam uyum ve g\u00fcvenilirlik \u00d812\/16 mm \u00e7ap\u0131nda \u2013 Pro 4\/4+ filtre ba\u011flant\u0131lar\u0131 i\u00e7in ideal \u00f6l\u00e7\u00fc 3 m uzunluk \u2013 ihtiyaca g\u00f6re kesilerek kullan\u0131labilir Dayan\u0131kl\u0131 ve esnek malzeme \u2013 uzun \u00f6m\u00fcrl\u00fc kullan\u0131m, kolay montaj Antrasit renkli tasar\u0131m \u2013 akvaryum dekoruna modern uyum Tatl\u0131 ve tuzlu su akvaryumlar\u0131 i\u00e7in uygun\" \/>\n<meta property=\"og:url\" content=\"https:\/\/anadolupet.com.tr\/en\/product\/eheim-pro-4-4-antrasit-hortum-3m\/\" \/>\n<meta property=\"og:site_name\" content=\"Anadolu Pet Grup\" \/>\n<meta property=\"article:modified_time\" content=\"2026-02-23T12:48:19+00:00\" \/>\n<meta property=\"og:image\" content=\"https:\/\/anadolupet.com.tr\/wp-content\/uploads\/2026\/02\/110-4005843.jpg\" \/>\n\t<meta property=\"og:image:width\" content=\"750\" \/>\n\t<meta property=\"og:image:height\" content=\"750\" \/>\n\t<meta property=\"og:image:type\" content=\"image\/jpeg\" \/>\n<meta name=\"twitter:card\" content=\"summary_large_image\" \/>\n<script type=\"application\/ld+json\" class=\"yoast-schema-graph\">{\"@context\":\"https:\\\/\\\/schema.org\",\"@graph\":[{\"@type\":\"WebPage\",\"@id\":\"https:\\\/\\\/anadolupet.com.tr\\\/urun\\\/eheim-pro-4-4-antrasit-hortum-3m\\\/\",\"url\":\"https:\\\/\\\/anadolupet.com.tr\\\/urun\\\/eheim-pro-4-4-antrasit-hortum-3m\\\/\",\"name\":\"EHEIM Pro 4\\\/4+ Antrasit Hortum 3m - Anadolu Pet Grup\",\"isPartOf\":{\"@id\":\"https:\\\/\\\/anadolupet.com.tr\\\/#website\"},\"primaryImageOfPage\":{\"@id\":\"https:\\\/\\\/anadolupet.com.tr\\\/urun\\\/eheim-pro-4-4-antrasit-hortum-3m\\\/#primaryimage\"},\"image\":{\"@id\":\"https:\\\/\\\/anadolupet.com.tr\\\/urun\\\/eheim-pro-4-4-antrasit-hortum-3m\\\/#primaryimage\"},\"thumbnailUrl\":\"https:\\\/\\\/anadolupet.com.tr\\\/wp-content\\\/uploads\\\/2026\\\/02\\\/110-4005843.jpg\",\"datePublished\":\"2026-02-14T14:40:23+00:00\",\"dateModified\":\"2026-02-23T12:48:19+00:00\",\"breadcrumb\":{\"@id\":\"https:\\\/\\\/anadolupet.com.tr\\\/urun\\\/eheim-pro-4-4-antrasit-hortum-3m\\\/#breadcrumb\"},\"inLanguage\":\"en-US\",\"potentialAction\":[{\"@type\":\"ReadAction\",\"target\":[\"https:\\\/\\\/anadolupet.com.tr\\\/urun\\\/eheim-pro-4-4-antrasit-hortum-3m\\\/\"]}]},{\"@type\":\"ImageObject\",\"inLanguage\":\"en-US\",\"@id\":\"https:\\\/\\\/anadolupet.com.tr\\\/urun\\\/eheim-pro-4-4-antrasit-hortum-3m\\\/#primaryimage\",\"url\":\"https:\\\/\\\/anadolupet.com.tr\\\/wp-content\\\/uploads\\\/2026\\\/02\\\/110-4005843.jpg\",\"contentUrl\":\"https:\\\/\\\/anadolupet.com.tr\\\/wp-content\\\/uploads\\\/2026\\\/02\\\/110-4005843.jpg\",\"width\":750,\"height\":750},{\"@type\":\"BreadcrumbList\",\"@id\":\"https:\\\/\\\/anadolupet.com.tr\\\/urun\\\/eheim-pro-4-4-antrasit-hortum-3m\\\/#breadcrumb\",\"itemListElement\":[{\"@type\":\"ListItem\",\"position\":1,\"name\":\"Anasayfa\",\"item\":\"https:\\\/\\\/anadolupet.com.tr\\\/\"},{\"@type\":\"ListItem\",\"position\":2,\"name\":\"\u00dcr\u00fcnler\",\"item\":\"https:\\\/\\\/anadolupet.com.tr\\\/urunler\\\/\"},{\"@type\":\"ListItem\",\"position\":3,\"name\":\"EHEIM Pro 4\\\/4+ Antrasit Hortum 3m\"}]},{\"@type\":\"WebSite\",\"@id\":\"https:\\\/\\\/anadolupet.com.tr\\\/#website\",\"url\":\"https:\\\/\\\/anadolupet.com.tr\\\/\",\"name\":\"Anadolu Pet Grup\",\"description\":\"Her Can\u0131n \u0130yi Ya\u015fam\u0131 \u0130\u00e7in Biraraday\u0131z\",\"publisher\":{\"@id\":\"https:\\\/\\\/anadolupet.com.tr\\\/#organization\"},\"potentialAction\":[{\"@type\":\"SearchAction\",\"target\":{\"@type\":\"EntryPoint\",\"urlTemplate\":\"https:\\\/\\\/anadolupet.com.tr\\\/?s={search_term_string}\"},\"query-input\":{\"@type\":\"PropertyValueSpecification\",\"valueRequired\":true,\"valueName\":\"search_term_string\"}}],\"inLanguage\":\"en-US\"},{\"@type\":\"Organization\",\"@id\":\"https:\\\/\\\/anadolupet.com.tr\\\/#organization\",\"name\":\"Anadolu Pet Grup\",\"alternateName\":\"Anadolu Pet\",\"url\":\"https:\\\/\\\/anadolupet.com.tr\\\/\",\"logo\":{\"@type\":\"ImageObject\",\"inLanguage\":\"en-US\",\"@id\":\"https:\\\/\\\/anadolupet.com.tr\\\/#\\\/schema\\\/logo\\\/image\\\/\",\"url\":\"https:\\\/\\\/anadolupet.com.tr\\\/wp-content\\\/uploads\\\/2026\\\/03\\\/1614666743370.jpg\",\"contentUrl\":\"https:\\\/\\\/anadolupet.com.tr\\\/wp-content\\\/uploads\\\/2026\\\/03\\\/1614666743370.jpg\",\"width\":800,\"height\":571,\"caption\":\"Anadolu Pet Grup\"},\"image\":{\"@id\":\"https:\\\/\\\/anadolupet.com.tr\\\/#\\\/schema\\\/logo\\\/image\\\/\"}}]}<\/script>\n<!-- \/ Yoast SEO plugin. -->","yoast_head_json":{"title":"EHEIM Pro 4\/4+ Antrasit Hortum 3m - Anadolu Pet Grup","robots":{"index":"index","follow":"follow","max-snippet":"max-snippet:-1","max-image-preview":"max-image-preview:large","max-video-preview":"max-video-preview:-1"},"canonical":"https:\/\/anadolupet.com.tr\/en\/product\/eheim-pro-4-4-antrasit-hortum-3m\/","og_locale":"en_US","og_type":"article","og_title":"EHEIM Pro 4\/4+ Antrasit Hortum 3m - Anadolu Pet Grup","og_description":"EHEIM antrasit hortum, \u00f6zellikle Pro 4 ve Pro 4+ serisi d\u0131\u015f filtreler i\u00e7in tasarlanm\u0131\u015f orijinal ba\u011flant\u0131 hortumudur. \u00d812\/16 mm \u00e7ap\u0131nda olup, 3 metre uzunlu\u011funda sunulur. Dayan\u0131kl\u0131 yap\u0131s\u0131 sayesinde uzun \u00f6m\u00fcrl\u00fc kullan\u0131m sa\u011flar, esnekli\u011fi ile kolay montaj imk\u00e2n\u0131 verir. Antrasit rengi akvaryum i\u00e7inde daha modern ve estetik bir g\u00f6r\u00fcn\u00fcm sunar. Avantajlar ve \u00d6zellikler Orijinal EHEIM hortum \u2013 tam uyum ve g\u00fcvenilirlik \u00d812\/16 mm \u00e7ap\u0131nda \u2013 Pro 4\/4+ filtre ba\u011flant\u0131lar\u0131 i\u00e7in ideal \u00f6l\u00e7\u00fc 3 m uzunluk \u2013 ihtiyaca g\u00f6re kesilerek kullan\u0131labilir Dayan\u0131kl\u0131 ve esnek malzeme \u2013 uzun \u00f6m\u00fcrl\u00fc kullan\u0131m, kolay montaj Antrasit renkli tasar\u0131m \u2013 akvaryum dekoruna modern uyum Tatl\u0131 ve tuzlu su akvaryumlar\u0131 i\u00e7in uygun","og_url":"https:\/\/anadolupet.com.tr\/en\/product\/eheim-pro-4-4-antrasit-hortum-3m\/","og_site_name":"Anadolu Pet Grup","article_modified_time":"2026-02-23T12:48:19+00:00","og_image":[{"width":750,"height":750,"url":"https:\/\/anadolupet.com.tr\/wp-content\/uploads\/2026\/02\/110-4005843.jpg","type":"image\/jpeg"}],"twitter_card":"summary_large_image","schema":{"@context":"https:\/\/schema.org","@graph":[{"@type":"WebPage","@id":"https:\/\/anadolupet.com.tr\/urun\/eheim-pro-4-4-antrasit-hortum-3m\/","url":"https:\/\/anadolupet.com.tr\/urun\/eheim-pro-4-4-antrasit-hortum-3m\/","name":"EHEIM Pro 4\/4+ Antrasit Hortum 3m - Anadolu Pet Grup","isPartOf":{"@id":"https:\/\/anadolupet.com.tr\/#website"},"primaryImageOfPage":{"@id":"https:\/\/anadolupet.com.tr\/urun\/eheim-pro-4-4-antrasit-hortum-3m\/#primaryimage"},"image":{"@id":"https:\/\/anadolupet.com.tr\/urun\/eheim-pro-4-4-antrasit-hortum-3m\/#primaryimage"},"thumbnailUrl":"https:\/\/anadolupet.com.tr\/wp-content\/uploads\/2026\/02\/110-4005843.jpg","datePublished":"2026-02-14T14:40:23+00:00","dateModified":"2026-02-23T12:48:19+00:00","breadcrumb":{"@id":"https:\/\/anadolupet.com.tr\/urun\/eheim-pro-4-4-antrasit-hortum-3m\/#breadcrumb"},"inLanguage":"en-US","potentialAction":[{"@type":"ReadAction","target":["https:\/\/anadolupet.com.tr\/urun\/eheim-pro-4-4-antrasit-hortum-3m\/"]}]},{"@type":"ImageObject","inLanguage":"en-US","@id":"https:\/\/anadolupet.com.tr\/urun\/eheim-pro-4-4-antrasit-hortum-3m\/#primaryimage","url":"https:\/\/anadolupet.com.tr\/wp-content\/uploads\/2026\/02\/110-4005843.jpg","contentUrl":"https:\/\/anadolupet.com.tr\/wp-content\/uploads\/2026\/02\/110-4005843.jpg","width":750,"height":750},{"@type":"BreadcrumbList","@id":"https:\/\/anadolupet.com.tr\/urun\/eheim-pro-4-4-antrasit-hortum-3m\/#breadcrumb","itemListElement":[{"@type":"ListItem","position":1,"name":"Anasayfa","item":"https:\/\/anadolupet.com.tr\/"},{"@type":"ListItem","position":2,"name":"\u00dcr\u00fcnler","item":"https:\/\/anadolupet.com.tr\/urunler\/"},{"@type":"ListItem","position":3,"name":"EHEIM Pro 4\/4+ Antrasit Hortum 3m"}]},{"@type":"WebSite","@id":"https:\/\/anadolupet.com.tr\/#website","url":"https:\/\/anadolupet.com.tr\/","name":"Anadolu Pet Group","description":"We Stand Together for the Well-Being of Every Life","publisher":{"@id":"https:\/\/anadolupet.com.tr\/#organization"},"potentialAction":[{"@type":"SearchAction","target":{"@type":"EntryPoint","urlTemplate":"https:\/\/anadolupet.com.tr\/?s={search_term_string}"},"query-input":{"@type":"PropertyValueSpecification","valueRequired":true,"valueName":"search_term_string"}}],"inLanguage":"en-US"},{"@type":"Organization","@id":"https:\/\/anadolupet.com.tr\/#organization","name":"Anadolu Pet Group","alternateName":"Anadolu Pet","url":"https:\/\/anadolupet.com.tr\/","logo":{"@type":"ImageObject","inLanguage":"en-US","@id":"https:\/\/anadolupet.com.tr\/#\/schema\/logo\/image\/","url":"https:\/\/anadolupet.com.tr\/wp-content\/uploads\/2026\/03\/1614666743370.jpg","contentUrl":"https:\/\/anadolupet.com.tr\/wp-content\/uploads\/2026\/03\/1614666743370.jpg","width":800,"height":571,"caption":"Anadolu Pet Grup"},"image":{"@id":"https:\/\/anadolupet.com.tr\/#\/schema\/logo\/image\/"}}]}},"_links":{"self":[{"href":"https:\/\/anadolupet.com.tr\/en\/wp-json\/wp\/v2\/product\/45031","targetHints":{"allow":["GET"]}}],"collection":[{"href":"https:\/\/anadolupet.com.tr\/en\/wp-json\/wp\/v2\/product"}],"about":[{"href":"https:\/\/anadolupet.com.tr\/en\/wp-json\/wp\/v2\/types\/product"}],"replies":[{"embeddable":true,"href":"https:\/\/anadolupet.com.tr\/en\/wp-json\/wp\/v2\/comments?post=45031"}],"wp:featuredmedia":[{"embeddable":true,"href":"https:\/\/anadolupet.com.tr\/en\/wp-json\/wp\/v2\/media\/42547"}],"wp:attachment":[{"href":"https:\/\/anadolupet.com.tr\/en\/wp-json\/wp\/v2\/media?parent=45031"}],"wp:term":[{"taxonomy":"product_brand","embeddable":true,"href":"https:\/\/anadolupet.com.tr\/en\/wp-json\/wp\/v2\/product_brand?post=45031"},{"taxonomy":"product_cat","embeddable":true,"href":"https:\/\/anadolupet.com.tr\/en\/wp-json\/wp\/v2\/product_cat?post=45031"},{"taxonomy":"product_tag","embeddable":true,"href":"https:\/\/anadolupet.com.tr\/en\/wp-json\/wp\/v2\/product_tag?post=45031"}],"curies":[{"name":"wp","href":"https:\/\/api.w.org\/{rel}","templated":true}]}}