{"id":45034,"date":"2026-02-14T14:40:23","date_gmt":"2026-02-14T14:40:23","guid":{"rendered":"https:\/\/anadolupet.com.tr\/?post_type=product&#038;p=45034"},"modified":"2026-02-23T12:48:19","modified_gmt":"2026-02-23T12:48:19","slug":"eheim-pro-4-4-emis-bastonu","status":"publish","type":"product","link":"https:\/\/anadolupet.com.tr\/en\/urun\/eheim-pro-4-4-emis-bastonu\/","title":{"rendered":"EHEIM Pro 4\/4+ Emi\u015f Bastonu"},"content":{"rendered":"","protected":false},"excerpt":{"rendered":"<p>EHEIM intake pipe anthracite (emme borusu, antrasit renk), belirli Professionel 4+, 4e+ ve 5e serisi d\u0131\u015f filtre modelleri i\u00e7in tasarlanm\u0131\u015f orijinal yedek par\u00e7ad\u0131r. Filtrenin giri\u015f hatt\u0131nda kullan\u0131larak akvaryumdan suyun g\u00fcvenli ve kontroll\u00fc \u015fekilde \u00e7ekilmesini sa\u011flar. Antrasit rengi sayesinde akvaryum i\u00e7inde daha \u015f\u0131k ve do\u011fal bir g\u00f6r\u00fcn\u00fcm sunar.<\/p>\n<p>Uyumlu oldu\u011fu modeller:<\/p>\n<p>Professionel 4+ serisi: 250 \/ 350 \/ 600 \/ 250T \/ 350T<\/p>\n<p>Professionel 4e+ serisi: 350<\/p>\n<p>Professionel 5e serisi: 350 \/ 450 \/ 700 \/ 600T<\/p>\n<p>Avantajlar ve \u00d6zellikler<br \/>\nOrijinal EHEIM yedek par\u00e7a \u2013 tam uyum ve g\u00fcvenilirlik<\/p>\n<p>\u00d814\/17 mm hortumlar i\u00e7in uygun<\/p>\n<p>Antrasit renkli tasar\u0131m \u2013 modern ve estetik g\u00f6r\u00fcn\u00fcm<\/p>\n<p>Filtrenin giri\u015f hatt\u0131n\u0131 d\u00fczenler \u2013 suyun g\u00fcvenli \u015fekilde filtreye \u00e7ekilmesini sa\u011flar<\/p>\n<p>Dayan\u0131kl\u0131 plastik malzeme \u2013 uzun \u00f6m\u00fcrl\u00fc kullan\u0131m<\/p>\n<p>Kolay montaj \u2013 hortum ba\u011flant\u0131s\u0131 ile h\u0131zl\u0131 entegrasyon<\/p>","protected":false},"featured_media":42639,"comment_status":"open","ping_status":"closed","template":"","meta":{"_acf_changed":false},"product_brand":[],"product_cat":[2379],"product_tag":[],"class_list":{"0":"post-45034","1":"product","2":"type-product","3":"status-publish","4":"has-post-thumbnail","6":"product_cat-borular-ve-vantuzlar","8":"first","9":"instock","10":"shipping-taxable","11":"product-type-simple"},"acf":[],"yoast_head":"<!-- This site is optimized with the Yoast SEO plugin v27.5 - https:\/\/yoast.com\/product\/yoast-seo-wordpress\/ -->\n<title>EHEIM Pro 4\/4+ Emi\u015f Bastonu - Anadolu Pet Grup<\/title>\n<meta name=\"robots\" content=\"index, follow, max-snippet:-1, max-image-preview:large, max-video-preview:-1\" \/>\n<link rel=\"canonical\" href=\"https:\/\/anadolupet.com.tr\/en\/product\/eheim-pro-4-4-emis-bastonu\/\" \/>\n<meta property=\"og:locale\" content=\"en_US\" \/>\n<meta property=\"og:type\" content=\"article\" \/>\n<meta property=\"og:title\" content=\"EHEIM Pro 4\/4+ Emi\u015f Bastonu - Anadolu Pet Grup\" \/>\n<meta property=\"og:description\" content=\"EHEIM intake pipe anthracite (emme borusu, antrasit renk), belirli Professionel 4+, 4e+ ve 5e serisi d\u0131\u015f filtre modelleri i\u00e7in tasarlanm\u0131\u015f orijinal yedek par\u00e7ad\u0131r. Filtrenin giri\u015f hatt\u0131nda kullan\u0131larak akvaryumdan suyun g\u00fcvenli ve kontroll\u00fc \u015fekilde \u00e7ekilmesini sa\u011flar. Antrasit rengi sayesinde akvaryum i\u00e7inde daha \u015f\u0131k ve do\u011fal bir g\u00f6r\u00fcn\u00fcm sunar. Uyumlu oldu\u011fu modeller: Professionel 4+ serisi: 250 \/ 350 \/ 600 \/ 250T \/ 350T Professionel 4e+ serisi: 350 Professionel 5e serisi: 350 \/ 450 \/ 700 \/ 600T Avantajlar ve \u00d6zellikler Orijinal EHEIM yedek par\u00e7a \u2013 tam uyum ve g\u00fcvenilirlik \u00d814\/17 mm hortumlar i\u00e7in uygun Antrasit renkli tasar\u0131m \u2013 modern ve estetik g\u00f6r\u00fcn\u00fcm Filtrenin giri\u015f hatt\u0131n\u0131 d\u00fczenler \u2013 suyun g\u00fcvenli \u015fekilde filtreye \u00e7ekilmesini sa\u011flar Dayan\u0131kl\u0131 plastik malzeme \u2013 uzun \u00f6m\u00fcrl\u00fc kullan\u0131m Kolay montaj \u2013 hortum ba\u011flant\u0131s\u0131 ile h\u0131zl\u0131 entegrasyon\" \/>\n<meta property=\"og:url\" content=\"https:\/\/anadolupet.com.tr\/en\/product\/eheim-pro-4-4-emis-bastonu\/\" \/>\n<meta property=\"og:site_name\" content=\"Anadolu Pet Grup\" \/>\n<meta property=\"article:modified_time\" content=\"2026-02-23T12:48:19+00:00\" \/>\n<meta property=\"og:image\" content=\"https:\/\/anadolupet.com.tr\/wp-content\/uploads\/2026\/02\/110-7334538.jpg\" \/>\n\t<meta property=\"og:image:width\" content=\"750\" \/>\n\t<meta property=\"og:image:height\" content=\"750\" \/>\n\t<meta property=\"og:image:type\" content=\"image\/jpeg\" \/>\n<meta name=\"twitter:card\" content=\"summary_large_image\" \/>\n<script type=\"application\/ld+json\" class=\"yoast-schema-graph\">{\"@context\":\"https:\\\/\\\/schema.org\",\"@graph\":[{\"@type\":\"WebPage\",\"@id\":\"https:\\\/\\\/anadolupet.com.tr\\\/urun\\\/eheim-pro-4-4-emis-bastonu\\\/\",\"url\":\"https:\\\/\\\/anadolupet.com.tr\\\/urun\\\/eheim-pro-4-4-emis-bastonu\\\/\",\"name\":\"EHEIM Pro 4\\\/4+ Emi\u015f Bastonu - Anadolu Pet Grup\",\"isPartOf\":{\"@id\":\"https:\\\/\\\/anadolupet.com.tr\\\/#website\"},\"primaryImageOfPage\":{\"@id\":\"https:\\\/\\\/anadolupet.com.tr\\\/urun\\\/eheim-pro-4-4-emis-bastonu\\\/#primaryimage\"},\"image\":{\"@id\":\"https:\\\/\\\/anadolupet.com.tr\\\/urun\\\/eheim-pro-4-4-emis-bastonu\\\/#primaryimage\"},\"thumbnailUrl\":\"https:\\\/\\\/anadolupet.com.tr\\\/wp-content\\\/uploads\\\/2026\\\/02\\\/110-7334538.jpg\",\"datePublished\":\"2026-02-14T14:40:23+00:00\",\"dateModified\":\"2026-02-23T12:48:19+00:00\",\"breadcrumb\":{\"@id\":\"https:\\\/\\\/anadolupet.com.tr\\\/urun\\\/eheim-pro-4-4-emis-bastonu\\\/#breadcrumb\"},\"inLanguage\":\"en-US\",\"potentialAction\":[{\"@type\":\"ReadAction\",\"target\":[\"https:\\\/\\\/anadolupet.com.tr\\\/urun\\\/eheim-pro-4-4-emis-bastonu\\\/\"]}]},{\"@type\":\"ImageObject\",\"inLanguage\":\"en-US\",\"@id\":\"https:\\\/\\\/anadolupet.com.tr\\\/urun\\\/eheim-pro-4-4-emis-bastonu\\\/#primaryimage\",\"url\":\"https:\\\/\\\/anadolupet.com.tr\\\/wp-content\\\/uploads\\\/2026\\\/02\\\/110-7334538.jpg\",\"contentUrl\":\"https:\\\/\\\/anadolupet.com.tr\\\/wp-content\\\/uploads\\\/2026\\\/02\\\/110-7334538.jpg\",\"width\":750,\"height\":750},{\"@type\":\"BreadcrumbList\",\"@id\":\"https:\\\/\\\/anadolupet.com.tr\\\/urun\\\/eheim-pro-4-4-emis-bastonu\\\/#breadcrumb\",\"itemListElement\":[{\"@type\":\"ListItem\",\"position\":1,\"name\":\"Anasayfa\",\"item\":\"https:\\\/\\\/anadolupet.com.tr\\\/\"},{\"@type\":\"ListItem\",\"position\":2,\"name\":\"\u00dcr\u00fcnler\",\"item\":\"https:\\\/\\\/anadolupet.com.tr\\\/urunler\\\/\"},{\"@type\":\"ListItem\",\"position\":3,\"name\":\"EHEIM Pro 4\\\/4+ Emi\u015f Bastonu\"}]},{\"@type\":\"WebSite\",\"@id\":\"https:\\\/\\\/anadolupet.com.tr\\\/#website\",\"url\":\"https:\\\/\\\/anadolupet.com.tr\\\/\",\"name\":\"Anadolu Pet Grup\",\"description\":\"Her Can\u0131n \u0130yi Ya\u015fam\u0131 \u0130\u00e7in Biraraday\u0131z\",\"publisher\":{\"@id\":\"https:\\\/\\\/anadolupet.com.tr\\\/#organization\"},\"potentialAction\":[{\"@type\":\"SearchAction\",\"target\":{\"@type\":\"EntryPoint\",\"urlTemplate\":\"https:\\\/\\\/anadolupet.com.tr\\\/?s={search_term_string}\"},\"query-input\":{\"@type\":\"PropertyValueSpecification\",\"valueRequired\":true,\"valueName\":\"search_term_string\"}}],\"inLanguage\":\"en-US\"},{\"@type\":\"Organization\",\"@id\":\"https:\\\/\\\/anadolupet.com.tr\\\/#organization\",\"name\":\"Anadolu Pet Grup\",\"alternateName\":\"Anadolu Pet\",\"url\":\"https:\\\/\\\/anadolupet.com.tr\\\/\",\"logo\":{\"@type\":\"ImageObject\",\"inLanguage\":\"en-US\",\"@id\":\"https:\\\/\\\/anadolupet.com.tr\\\/#\\\/schema\\\/logo\\\/image\\\/\",\"url\":\"https:\\\/\\\/anadolupet.com.tr\\\/wp-content\\\/uploads\\\/2026\\\/03\\\/1614666743370.jpg\",\"contentUrl\":\"https:\\\/\\\/anadolupet.com.tr\\\/wp-content\\\/uploads\\\/2026\\\/03\\\/1614666743370.jpg\",\"width\":800,\"height\":571,\"caption\":\"Anadolu Pet Grup\"},\"image\":{\"@id\":\"https:\\\/\\\/anadolupet.com.tr\\\/#\\\/schema\\\/logo\\\/image\\\/\"}}]}<\/script>\n<!-- \/ Yoast SEO plugin. -->","yoast_head_json":{"title":"EHEIM Pro 4\/4+ Emi\u015f Bastonu - Anadolu Pet Grup","robots":{"index":"index","follow":"follow","max-snippet":"max-snippet:-1","max-image-preview":"max-image-preview:large","max-video-preview":"max-video-preview:-1"},"canonical":"https:\/\/anadolupet.com.tr\/en\/product\/eheim-pro-4-4-emis-bastonu\/","og_locale":"en_US","og_type":"article","og_title":"EHEIM Pro 4\/4+ Emi\u015f Bastonu - Anadolu Pet Grup","og_description":"EHEIM intake pipe anthracite (emme borusu, antrasit renk), belirli Professionel 4+, 4e+ ve 5e serisi d\u0131\u015f filtre modelleri i\u00e7in tasarlanm\u0131\u015f orijinal yedek par\u00e7ad\u0131r. Filtrenin giri\u015f hatt\u0131nda kullan\u0131larak akvaryumdan suyun g\u00fcvenli ve kontroll\u00fc \u015fekilde \u00e7ekilmesini sa\u011flar. Antrasit rengi sayesinde akvaryum i\u00e7inde daha \u015f\u0131k ve do\u011fal bir g\u00f6r\u00fcn\u00fcm sunar. Uyumlu oldu\u011fu modeller: Professionel 4+ serisi: 250 \/ 350 \/ 600 \/ 250T \/ 350T Professionel 4e+ serisi: 350 Professionel 5e serisi: 350 \/ 450 \/ 700 \/ 600T Avantajlar ve \u00d6zellikler Orijinal EHEIM yedek par\u00e7a \u2013 tam uyum ve g\u00fcvenilirlik \u00d814\/17 mm hortumlar i\u00e7in uygun Antrasit renkli tasar\u0131m \u2013 modern ve estetik g\u00f6r\u00fcn\u00fcm Filtrenin giri\u015f hatt\u0131n\u0131 d\u00fczenler \u2013 suyun g\u00fcvenli \u015fekilde filtreye \u00e7ekilmesini sa\u011flar Dayan\u0131kl\u0131 plastik malzeme \u2013 uzun \u00f6m\u00fcrl\u00fc kullan\u0131m Kolay montaj \u2013 hortum ba\u011flant\u0131s\u0131 ile h\u0131zl\u0131 entegrasyon","og_url":"https:\/\/anadolupet.com.tr\/en\/product\/eheim-pro-4-4-emis-bastonu\/","og_site_name":"Anadolu Pet Grup","article_modified_time":"2026-02-23T12:48:19+00:00","og_image":[{"width":750,"height":750,"url":"https:\/\/anadolupet.com.tr\/wp-content\/uploads\/2026\/02\/110-7334538.jpg","type":"image\/jpeg"}],"twitter_card":"summary_large_image","schema":{"@context":"https:\/\/schema.org","@graph":[{"@type":"WebPage","@id":"https:\/\/anadolupet.com.tr\/urun\/eheim-pro-4-4-emis-bastonu\/","url":"https:\/\/anadolupet.com.tr\/urun\/eheim-pro-4-4-emis-bastonu\/","name":"EHEIM Pro 4\/4+ Emi\u015f Bastonu - Anadolu Pet Grup","isPartOf":{"@id":"https:\/\/anadolupet.com.tr\/#website"},"primaryImageOfPage":{"@id":"https:\/\/anadolupet.com.tr\/urun\/eheim-pro-4-4-emis-bastonu\/#primaryimage"},"image":{"@id":"https:\/\/anadolupet.com.tr\/urun\/eheim-pro-4-4-emis-bastonu\/#primaryimage"},"thumbnailUrl":"https:\/\/anadolupet.com.tr\/wp-content\/uploads\/2026\/02\/110-7334538.jpg","datePublished":"2026-02-14T14:40:23+00:00","dateModified":"2026-02-23T12:48:19+00:00","breadcrumb":{"@id":"https:\/\/anadolupet.com.tr\/urun\/eheim-pro-4-4-emis-bastonu\/#breadcrumb"},"inLanguage":"en-US","potentialAction":[{"@type":"ReadAction","target":["https:\/\/anadolupet.com.tr\/urun\/eheim-pro-4-4-emis-bastonu\/"]}]},{"@type":"ImageObject","inLanguage":"en-US","@id":"https:\/\/anadolupet.com.tr\/urun\/eheim-pro-4-4-emis-bastonu\/#primaryimage","url":"https:\/\/anadolupet.com.tr\/wp-content\/uploads\/2026\/02\/110-7334538.jpg","contentUrl":"https:\/\/anadolupet.com.tr\/wp-content\/uploads\/2026\/02\/110-7334538.jpg","width":750,"height":750},{"@type":"BreadcrumbList","@id":"https:\/\/anadolupet.com.tr\/urun\/eheim-pro-4-4-emis-bastonu\/#breadcrumb","itemListElement":[{"@type":"ListItem","position":1,"name":"Anasayfa","item":"https:\/\/anadolupet.com.tr\/"},{"@type":"ListItem","position":2,"name":"\u00dcr\u00fcnler","item":"https:\/\/anadolupet.com.tr\/urunler\/"},{"@type":"ListItem","position":3,"name":"EHEIM Pro 4\/4+ Emi\u015f Bastonu"}]},{"@type":"WebSite","@id":"https:\/\/anadolupet.com.tr\/#website","url":"https:\/\/anadolupet.com.tr\/","name":"Anadolu Pet Group","description":"We Stand Together for the Well-Being of Every Life","publisher":{"@id":"https:\/\/anadolupet.com.tr\/#organization"},"potentialAction":[{"@type":"SearchAction","target":{"@type":"EntryPoint","urlTemplate":"https:\/\/anadolupet.com.tr\/?s={search_term_string}"},"query-input":{"@type":"PropertyValueSpecification","valueRequired":true,"valueName":"search_term_string"}}],"inLanguage":"en-US"},{"@type":"Organization","@id":"https:\/\/anadolupet.com.tr\/#organization","name":"Anadolu Pet Group","alternateName":"Anadolu Pet","url":"https:\/\/anadolupet.com.tr\/","logo":{"@type":"ImageObject","inLanguage":"en-US","@id":"https:\/\/anadolupet.com.tr\/#\/schema\/logo\/image\/","url":"https:\/\/anadolupet.com.tr\/wp-content\/uploads\/2026\/03\/1614666743370.jpg","contentUrl":"https:\/\/anadolupet.com.tr\/wp-content\/uploads\/2026\/03\/1614666743370.jpg","width":800,"height":571,"caption":"Anadolu Pet Grup"},"image":{"@id":"https:\/\/anadolupet.com.tr\/#\/schema\/logo\/image\/"}}]}},"_links":{"self":[{"href":"https:\/\/anadolupet.com.tr\/en\/wp-json\/wp\/v2\/product\/45034","targetHints":{"allow":["GET"]}}],"collection":[{"href":"https:\/\/anadolupet.com.tr\/en\/wp-json\/wp\/v2\/product"}],"about":[{"href":"https:\/\/anadolupet.com.tr\/en\/wp-json\/wp\/v2\/types\/product"}],"replies":[{"embeddable":true,"href":"https:\/\/anadolupet.com.tr\/en\/wp-json\/wp\/v2\/comments?post=45034"}],"wp:featuredmedia":[{"embeddable":true,"href":"https:\/\/anadolupet.com.tr\/en\/wp-json\/wp\/v2\/media\/42639"}],"wp:attachment":[{"href":"https:\/\/anadolupet.com.tr\/en\/wp-json\/wp\/v2\/media?parent=45034"}],"wp:term":[{"taxonomy":"product_brand","embeddable":true,"href":"https:\/\/anadolupet.com.tr\/en\/wp-json\/wp\/v2\/product_brand?post=45034"},{"taxonomy":"product_cat","embeddable":true,"href":"https:\/\/anadolupet.com.tr\/en\/wp-json\/wp\/v2\/product_cat?post=45034"},{"taxonomy":"product_tag","embeddable":true,"href":"https:\/\/anadolupet.com.tr\/en\/wp-json\/wp\/v2\/product_tag?post=45034"}],"curies":[{"name":"wp","href":"https:\/\/api.w.org\/{rel}","templated":true}]}}