{"id":45038,"date":"2026-02-14T14:40:24","date_gmt":"2026-02-14T14:40:24","guid":{"rendered":"https:\/\/anadolupet.com.tr\/?post_type=product&#038;p=45038"},"modified":"2026-02-23T12:48:19","modified_gmt":"2026-02-23T12:48:19","slug":"eheim-pro4-4-basis-bastonu-16-22mm","status":"publish","type":"product","link":"https:\/\/anadolupet.com.tr\/en\/urun\/eheim-pro4-4-basis-bastonu-16-22mm\/","title":{"rendered":"EHEIM Pro4\/4+ Bas\u0131\u015f Bastonu 16-22mm"},"content":{"rendered":"","protected":false},"excerpt":{"rendered":"<p>EHEIM anthracite outlet pipe (bas\u0131\u015f bastonu), Pro4 ve Pro4+ d\u0131\u015f filtre serisi i\u00e7in \u00f6zel olarak tasarlanm\u0131\u015f \u00e7\u0131k\u0131\u015f borusudur. Hortum \u00e7ap\u0131 \u00d816\/22 mm olan sistemlerle uyumludur. Akvaryum suyunun filtrelenmi\u015f \u015fekilde g\u00fcvenli ve kontroll\u00fc bi\u00e7imde geri verilmesini sa\u011flar.<\/p>\n<p>Avantajlar ve \u00d6zellikler<br \/>\nOrijinal EHEIM yedek par\u00e7a \u2013 tam uyum ve g\u00fcvenilirlik<\/p>\n<p>Pro4 \/ Pro4+ d\u0131\u015f filtre modelleri i\u00e7in \u00f6zel tasar\u0131m<\/p>\n<p>\u00d816\/22 mm hortumlar ile uyumlu<\/p>\n<p>Anthracite (antrasit) renk \u2013 akvaryum i\u00e7inde \u015f\u0131k ve do\u011fal g\u00f6r\u00fcn\u00fcm<\/p>\n<p>S\u0131zd\u0131rmaz ba\u011flant\u0131 \u2013 g\u00fcvenli su \u00e7\u0131k\u0131\u015f\u0131<\/p>\n<p>Dayan\u0131kl\u0131 plastik malzeme \u2013 uzun \u00f6m\u00fcrl\u00fc kullan\u0131m<\/p>\n<p>Kolay montaj \u2013 filtre sistemine h\u0131zl\u0131 entegrasyon<\/p>","protected":false},"featured_media":42545,"comment_status":"open","ping_status":"closed","template":"","meta":{"_acf_changed":false},"product_brand":[],"product_cat":[2379],"product_tag":[],"class_list":{"0":"post-45038","1":"product","2":"type-product","3":"status-publish","4":"has-post-thumbnail","6":"product_cat-borular-ve-vantuzlar","8":"first","9":"instock","10":"shipping-taxable","11":"product-type-simple"},"acf":[],"yoast_head":"<!-- This site is optimized with the Yoast SEO plugin v27.5 - https:\/\/yoast.com\/product\/yoast-seo-wordpress\/ -->\n<title>EHEIM Pro4\/4+ Bas\u0131\u015f Bastonu 16-22mm - Anadolu Pet Grup<\/title>\n<meta name=\"robots\" content=\"index, follow, max-snippet:-1, max-image-preview:large, max-video-preview:-1\" \/>\n<link rel=\"canonical\" href=\"https:\/\/anadolupet.com.tr\/en\/product\/eheim-pro4-4-basis-bastonu-16-22mm\/\" \/>\n<meta property=\"og:locale\" content=\"en_US\" \/>\n<meta property=\"og:type\" content=\"article\" \/>\n<meta property=\"og:title\" content=\"EHEIM Pro4\/4+ Bas\u0131\u015f Bastonu 16-22mm - Anadolu Pet Grup\" \/>\n<meta property=\"og:description\" content=\"EHEIM anthracite outlet pipe (bas\u0131\u015f bastonu), Pro4 ve Pro4+ d\u0131\u015f filtre serisi i\u00e7in \u00f6zel olarak tasarlanm\u0131\u015f \u00e7\u0131k\u0131\u015f borusudur. Hortum \u00e7ap\u0131 \u00d816\/22 mm olan sistemlerle uyumludur. Akvaryum suyunun filtrelenmi\u015f \u015fekilde g\u00fcvenli ve kontroll\u00fc bi\u00e7imde geri verilmesini sa\u011flar. Avantajlar ve \u00d6zellikler Orijinal EHEIM yedek par\u00e7a \u2013 tam uyum ve g\u00fcvenilirlik Pro4 \/ Pro4+ d\u0131\u015f filtre modelleri i\u00e7in \u00f6zel tasar\u0131m \u00d816\/22 mm hortumlar ile uyumlu Anthracite (antrasit) renk \u2013 akvaryum i\u00e7inde \u015f\u0131k ve do\u011fal g\u00f6r\u00fcn\u00fcm S\u0131zd\u0131rmaz ba\u011flant\u0131 \u2013 g\u00fcvenli su \u00e7\u0131k\u0131\u015f\u0131 Dayan\u0131kl\u0131 plastik malzeme \u2013 uzun \u00f6m\u00fcrl\u00fc kullan\u0131m Kolay montaj \u2013 filtre sistemine h\u0131zl\u0131 entegrasyon\" \/>\n<meta property=\"og:url\" content=\"https:\/\/anadolupet.com.tr\/en\/product\/eheim-pro4-4-basis-bastonu-16-22mm\/\" \/>\n<meta property=\"og:site_name\" content=\"Anadolu Pet Grup\" \/>\n<meta property=\"article:modified_time\" content=\"2026-02-23T12:48:19+00:00\" \/>\n<meta property=\"og:image\" content=\"https:\/\/anadolupet.com.tr\/wp-content\/uploads\/2026\/02\/110-4005750.jpg\" \/>\n\t<meta property=\"og:image:width\" content=\"750\" \/>\n\t<meta property=\"og:image:height\" content=\"750\" \/>\n\t<meta property=\"og:image:type\" content=\"image\/jpeg\" \/>\n<meta name=\"twitter:card\" content=\"summary_large_image\" \/>\n<script type=\"application\/ld+json\" class=\"yoast-schema-graph\">{\"@context\":\"https:\\\/\\\/schema.org\",\"@graph\":[{\"@type\":\"WebPage\",\"@id\":\"https:\\\/\\\/anadolupet.com.tr\\\/urun\\\/eheim-pro4-4-basis-bastonu-16-22mm\\\/\",\"url\":\"https:\\\/\\\/anadolupet.com.tr\\\/urun\\\/eheim-pro4-4-basis-bastonu-16-22mm\\\/\",\"name\":\"EHEIM Pro4\\\/4+ Bas\u0131\u015f Bastonu 16-22mm - Anadolu Pet Grup\",\"isPartOf\":{\"@id\":\"https:\\\/\\\/anadolupet.com.tr\\\/#website\"},\"primaryImageOfPage\":{\"@id\":\"https:\\\/\\\/anadolupet.com.tr\\\/urun\\\/eheim-pro4-4-basis-bastonu-16-22mm\\\/#primaryimage\"},\"image\":{\"@id\":\"https:\\\/\\\/anadolupet.com.tr\\\/urun\\\/eheim-pro4-4-basis-bastonu-16-22mm\\\/#primaryimage\"},\"thumbnailUrl\":\"https:\\\/\\\/anadolupet.com.tr\\\/wp-content\\\/uploads\\\/2026\\\/02\\\/110-4005750.jpg\",\"datePublished\":\"2026-02-14T14:40:24+00:00\",\"dateModified\":\"2026-02-23T12:48:19+00:00\",\"breadcrumb\":{\"@id\":\"https:\\\/\\\/anadolupet.com.tr\\\/urun\\\/eheim-pro4-4-basis-bastonu-16-22mm\\\/#breadcrumb\"},\"inLanguage\":\"en-US\",\"potentialAction\":[{\"@type\":\"ReadAction\",\"target\":[\"https:\\\/\\\/anadolupet.com.tr\\\/urun\\\/eheim-pro4-4-basis-bastonu-16-22mm\\\/\"]}]},{\"@type\":\"ImageObject\",\"inLanguage\":\"en-US\",\"@id\":\"https:\\\/\\\/anadolupet.com.tr\\\/urun\\\/eheim-pro4-4-basis-bastonu-16-22mm\\\/#primaryimage\",\"url\":\"https:\\\/\\\/anadolupet.com.tr\\\/wp-content\\\/uploads\\\/2026\\\/02\\\/110-4005750.jpg\",\"contentUrl\":\"https:\\\/\\\/anadolupet.com.tr\\\/wp-content\\\/uploads\\\/2026\\\/02\\\/110-4005750.jpg\",\"width\":750,\"height\":750},{\"@type\":\"BreadcrumbList\",\"@id\":\"https:\\\/\\\/anadolupet.com.tr\\\/urun\\\/eheim-pro4-4-basis-bastonu-16-22mm\\\/#breadcrumb\",\"itemListElement\":[{\"@type\":\"ListItem\",\"position\":1,\"name\":\"Anasayfa\",\"item\":\"https:\\\/\\\/anadolupet.com.tr\\\/\"},{\"@type\":\"ListItem\",\"position\":2,\"name\":\"\u00dcr\u00fcnler\",\"item\":\"https:\\\/\\\/anadolupet.com.tr\\\/urunler\\\/\"},{\"@type\":\"ListItem\",\"position\":3,\"name\":\"EHEIM Pro4\\\/4+ Bas\u0131\u015f Bastonu 16-22mm\"}]},{\"@type\":\"WebSite\",\"@id\":\"https:\\\/\\\/anadolupet.com.tr\\\/#website\",\"url\":\"https:\\\/\\\/anadolupet.com.tr\\\/\",\"name\":\"Anadolu Pet Grup\",\"description\":\"Her Can\u0131n \u0130yi Ya\u015fam\u0131 \u0130\u00e7in Biraraday\u0131z\",\"publisher\":{\"@id\":\"https:\\\/\\\/anadolupet.com.tr\\\/#organization\"},\"potentialAction\":[{\"@type\":\"SearchAction\",\"target\":{\"@type\":\"EntryPoint\",\"urlTemplate\":\"https:\\\/\\\/anadolupet.com.tr\\\/?s={search_term_string}\"},\"query-input\":{\"@type\":\"PropertyValueSpecification\",\"valueRequired\":true,\"valueName\":\"search_term_string\"}}],\"inLanguage\":\"en-US\"},{\"@type\":\"Organization\",\"@id\":\"https:\\\/\\\/anadolupet.com.tr\\\/#organization\",\"name\":\"Anadolu Pet Grup\",\"alternateName\":\"Anadolu Pet\",\"url\":\"https:\\\/\\\/anadolupet.com.tr\\\/\",\"logo\":{\"@type\":\"ImageObject\",\"inLanguage\":\"en-US\",\"@id\":\"https:\\\/\\\/anadolupet.com.tr\\\/#\\\/schema\\\/logo\\\/image\\\/\",\"url\":\"https:\\\/\\\/anadolupet.com.tr\\\/wp-content\\\/uploads\\\/2026\\\/03\\\/1614666743370.jpg\",\"contentUrl\":\"https:\\\/\\\/anadolupet.com.tr\\\/wp-content\\\/uploads\\\/2026\\\/03\\\/1614666743370.jpg\",\"width\":800,\"height\":571,\"caption\":\"Anadolu Pet Grup\"},\"image\":{\"@id\":\"https:\\\/\\\/anadolupet.com.tr\\\/#\\\/schema\\\/logo\\\/image\\\/\"}}]}<\/script>\n<!-- \/ Yoast SEO plugin. -->","yoast_head_json":{"title":"EHEIM Pro4\/4+ Bas\u0131\u015f Bastonu 16-22mm - Anadolu Pet Grup","robots":{"index":"index","follow":"follow","max-snippet":"max-snippet:-1","max-image-preview":"max-image-preview:large","max-video-preview":"max-video-preview:-1"},"canonical":"https:\/\/anadolupet.com.tr\/en\/product\/eheim-pro4-4-basis-bastonu-16-22mm\/","og_locale":"en_US","og_type":"article","og_title":"EHEIM Pro4\/4+ Bas\u0131\u015f Bastonu 16-22mm - Anadolu Pet Grup","og_description":"EHEIM anthracite outlet pipe (bas\u0131\u015f bastonu), Pro4 ve Pro4+ d\u0131\u015f filtre serisi i\u00e7in \u00f6zel olarak tasarlanm\u0131\u015f \u00e7\u0131k\u0131\u015f borusudur. Hortum \u00e7ap\u0131 \u00d816\/22 mm olan sistemlerle uyumludur. Akvaryum suyunun filtrelenmi\u015f \u015fekilde g\u00fcvenli ve kontroll\u00fc bi\u00e7imde geri verilmesini sa\u011flar. Avantajlar ve \u00d6zellikler Orijinal EHEIM yedek par\u00e7a \u2013 tam uyum ve g\u00fcvenilirlik Pro4 \/ Pro4+ d\u0131\u015f filtre modelleri i\u00e7in \u00f6zel tasar\u0131m \u00d816\/22 mm hortumlar ile uyumlu Anthracite (antrasit) renk \u2013 akvaryum i\u00e7inde \u015f\u0131k ve do\u011fal g\u00f6r\u00fcn\u00fcm S\u0131zd\u0131rmaz ba\u011flant\u0131 \u2013 g\u00fcvenli su \u00e7\u0131k\u0131\u015f\u0131 Dayan\u0131kl\u0131 plastik malzeme \u2013 uzun \u00f6m\u00fcrl\u00fc kullan\u0131m Kolay montaj \u2013 filtre sistemine h\u0131zl\u0131 entegrasyon","og_url":"https:\/\/anadolupet.com.tr\/en\/product\/eheim-pro4-4-basis-bastonu-16-22mm\/","og_site_name":"Anadolu Pet Grup","article_modified_time":"2026-02-23T12:48:19+00:00","og_image":[{"width":750,"height":750,"url":"https:\/\/anadolupet.com.tr\/wp-content\/uploads\/2026\/02\/110-4005750.jpg","type":"image\/jpeg"}],"twitter_card":"summary_large_image","schema":{"@context":"https:\/\/schema.org","@graph":[{"@type":"WebPage","@id":"https:\/\/anadolupet.com.tr\/urun\/eheim-pro4-4-basis-bastonu-16-22mm\/","url":"https:\/\/anadolupet.com.tr\/urun\/eheim-pro4-4-basis-bastonu-16-22mm\/","name":"EHEIM Pro4\/4+ Bas\u0131\u015f Bastonu 16-22mm - Anadolu Pet Grup","isPartOf":{"@id":"https:\/\/anadolupet.com.tr\/#website"},"primaryImageOfPage":{"@id":"https:\/\/anadolupet.com.tr\/urun\/eheim-pro4-4-basis-bastonu-16-22mm\/#primaryimage"},"image":{"@id":"https:\/\/anadolupet.com.tr\/urun\/eheim-pro4-4-basis-bastonu-16-22mm\/#primaryimage"},"thumbnailUrl":"https:\/\/anadolupet.com.tr\/wp-content\/uploads\/2026\/02\/110-4005750.jpg","datePublished":"2026-02-14T14:40:24+00:00","dateModified":"2026-02-23T12:48:19+00:00","breadcrumb":{"@id":"https:\/\/anadolupet.com.tr\/urun\/eheim-pro4-4-basis-bastonu-16-22mm\/#breadcrumb"},"inLanguage":"en-US","potentialAction":[{"@type":"ReadAction","target":["https:\/\/anadolupet.com.tr\/urun\/eheim-pro4-4-basis-bastonu-16-22mm\/"]}]},{"@type":"ImageObject","inLanguage":"en-US","@id":"https:\/\/anadolupet.com.tr\/urun\/eheim-pro4-4-basis-bastonu-16-22mm\/#primaryimage","url":"https:\/\/anadolupet.com.tr\/wp-content\/uploads\/2026\/02\/110-4005750.jpg","contentUrl":"https:\/\/anadolupet.com.tr\/wp-content\/uploads\/2026\/02\/110-4005750.jpg","width":750,"height":750},{"@type":"BreadcrumbList","@id":"https:\/\/anadolupet.com.tr\/urun\/eheim-pro4-4-basis-bastonu-16-22mm\/#breadcrumb","itemListElement":[{"@type":"ListItem","position":1,"name":"Anasayfa","item":"https:\/\/anadolupet.com.tr\/"},{"@type":"ListItem","position":2,"name":"\u00dcr\u00fcnler","item":"https:\/\/anadolupet.com.tr\/urunler\/"},{"@type":"ListItem","position":3,"name":"EHEIM Pro4\/4+ Bas\u0131\u015f Bastonu 16-22mm"}]},{"@type":"WebSite","@id":"https:\/\/anadolupet.com.tr\/#website","url":"https:\/\/anadolupet.com.tr\/","name":"Anadolu Pet Group","description":"We Stand Together for the Well-Being of Every Life","publisher":{"@id":"https:\/\/anadolupet.com.tr\/#organization"},"potentialAction":[{"@type":"SearchAction","target":{"@type":"EntryPoint","urlTemplate":"https:\/\/anadolupet.com.tr\/?s={search_term_string}"},"query-input":{"@type":"PropertyValueSpecification","valueRequired":true,"valueName":"search_term_string"}}],"inLanguage":"en-US"},{"@type":"Organization","@id":"https:\/\/anadolupet.com.tr\/#organization","name":"Anadolu Pet Group","alternateName":"Anadolu Pet","url":"https:\/\/anadolupet.com.tr\/","logo":{"@type":"ImageObject","inLanguage":"en-US","@id":"https:\/\/anadolupet.com.tr\/#\/schema\/logo\/image\/","url":"https:\/\/anadolupet.com.tr\/wp-content\/uploads\/2026\/03\/1614666743370.jpg","contentUrl":"https:\/\/anadolupet.com.tr\/wp-content\/uploads\/2026\/03\/1614666743370.jpg","width":800,"height":571,"caption":"Anadolu Pet Grup"},"image":{"@id":"https:\/\/anadolupet.com.tr\/#\/schema\/logo\/image\/"}}]}},"_links":{"self":[{"href":"https:\/\/anadolupet.com.tr\/en\/wp-json\/wp\/v2\/product\/45038","targetHints":{"allow":["GET"]}}],"collection":[{"href":"https:\/\/anadolupet.com.tr\/en\/wp-json\/wp\/v2\/product"}],"about":[{"href":"https:\/\/anadolupet.com.tr\/en\/wp-json\/wp\/v2\/types\/product"}],"replies":[{"embeddable":true,"href":"https:\/\/anadolupet.com.tr\/en\/wp-json\/wp\/v2\/comments?post=45038"}],"wp:featuredmedia":[{"embeddable":true,"href":"https:\/\/anadolupet.com.tr\/en\/wp-json\/wp\/v2\/media\/42545"}],"wp:attachment":[{"href":"https:\/\/anadolupet.com.tr\/en\/wp-json\/wp\/v2\/media?parent=45038"}],"wp:term":[{"taxonomy":"product_brand","embeddable":true,"href":"https:\/\/anadolupet.com.tr\/en\/wp-json\/wp\/v2\/product_brand?post=45038"},{"taxonomy":"product_cat","embeddable":true,"href":"https:\/\/anadolupet.com.tr\/en\/wp-json\/wp\/v2\/product_cat?post=45038"},{"taxonomy":"product_tag","embeddable":true,"href":"https:\/\/anadolupet.com.tr\/en\/wp-json\/wp\/v2\/product_tag?post=45038"}],"curies":[{"name":"wp","href":"https:\/\/api.w.org\/{rel}","templated":true}]}}