{"id":45044,"date":"2026-02-14T14:40:25","date_gmt":"2026-02-14T14:40:25","guid":{"rendered":"https:\/\/anadolupet.com.tr\/urun\/eheim-powerled-fresh-daylight-487mm-131w\/"},"modified":"2026-02-23T12:48:19","modified_gmt":"2026-02-23T12:48:19","slug":"eheim-powerled-fresh-daylight-487mm-131w","status":"publish","type":"product","link":"https:\/\/anadolupet.com.tr\/en\/urun\/eheim-powerled-fresh-daylight-487mm-131w\/","title":{"rendered":"EHEIM PowerLED+ fresh daylight 487mm \/ 13,1W"},"content":{"rendered":"","protected":false},"excerpt":{"rendered":"<p>EHEIM powerLED+, akvaryumlar i\u00e7in geli\u015ftirilmi\u015f en yeni LED ayd\u0131nlatma sistemidir. G\u00fcne\u015f \u0131\u015f\u0131\u011f\u0131n\u0131n tam spektrumundan beyaz ve\/veya aktinik \u0131\u015f\u0131\u011fa kadar t\u00fcm aral\u0131klar\u0131 kapsar. Spektrumlar, bitki veya mercan geli\u015fimini destekleyecek \u015fekilde dengelenmi\u015ftir ve akvaryumdaki do\u011fal renkleri en iyi \u015fekilde ortaya \u00e7\u0131kar\u0131r.<\/p>\n<p>Avantajlar ve \u00d6zellikler<br \/>\nT5 floresan t\u00fcplere y\u00fcksek kaliteli ve verimli alternatif (reflekt\u00f6r dahil)<\/p>\n<p>Derin akvaryumlarda bile tam ayd\u0131nlatma<\/p>\n<p>LED \u015feritler birle\u015ftirilerek bitki veya mercan geli\u015fimi i\u00e7in ideal denge sa\u011flanabilir<\/p>\n<p>Tatl\u0131 su i\u00e7in fotosentezde maksimum verim sa\u011flayan tam g\u00fcne\u015f \u0131\u015f\u0131\u011f\u0131 spektrumu<\/p>\n<p>Akvaryumdaki do\u011fal renkleri net \u015fekilde yans\u0131t\u0131r<\/p>\n<p>Ortalama kullan\u0131m \u00f6mr\u00fc: 50.000 saatten fazla<\/p>\n<p>Y\u00fcksek kaliteli anodize al\u00fcminyum g\u00f6vde, deniz suyuna dayan\u0131kl\u0131<\/p>\n<p>8 farkl\u0131 uzunluk: 36 \u2013 135 cm akvaryumlara uyumlu, paslanmaz \u00e7elik destek ayaklar\u0131 ile ayarlanabilir<\/p>\n<p>Mevcut T8\/T5 floresan \u00fcniteleri i\u00e7in \u00f6zel adapt\u00f6r ile uyumlu<\/p>\n<p>A\u00e7\u0131k akvaryumlar i\u00e7in tekli veya \u00e7iftli tel ask\u0131 sistemi (aksesuar)<\/p>\n<p>24V g\u00fcvenli g\u00fc\u00e7 kayna\u011f\u0131 ile enerji tasarrufu sa\u011flar<\/p>\n<p>Y adapt\u00f6r ile birden fazla lamba tek g\u00fc\u00e7 kayna\u011f\u0131na ba\u011flanabilir<\/p>\n<p>LEDcontrol ile uyumlu<\/p>\n<p>EHEIM powerLED+ Fresh Daylight<br \/>\nParlak g\u00fcn \u0131\u015f\u0131\u011f\u0131 (7.000 K) \u2013 tam g\u00fcne\u015f spektrumu<\/p>\n<p>Bal\u0131k ve bitkilerin do\u011fal renklerini vurgular<\/p>\n<p>Dengeli mavi\/k\u0131rm\u0131z\u0131 spektrum aral\u0131\u011f\u0131 ile bitki geli\u015fimini destekler<\/p>\n<p>Maksimum enerji verimlili\u011fi (120 lm\/W) ve y\u00fcksek parlakl\u0131k<\/p>\n<p>Tek ba\u015f\u0131na veya powerLED+ plants ile kombinasyon halinde kullan\u0131labilir<\/p>","protected":false},"featured_media":42805,"comment_status":"open","ping_status":"closed","template":"","meta":{"_acf_changed":false},"product_brand":[],"product_cat":[2398],"product_tag":[],"class_list":{"0":"post-45044","1":"product","2":"type-product","3":"status-publish","4":"has-post-thumbnail","6":"product_cat-led-armaturler","8":"first","9":"instock","10":"shipping-taxable","11":"product-type-simple"},"acf":[],"yoast_head":"<!-- This site is optimized with the Yoast SEO plugin v27.5 - https:\/\/yoast.com\/product\/yoast-seo-wordpress\/ -->\n<title>EHEIM PowerLED+ fresh daylight 487mm \/ 13,1W - Anadolu Pet Grup<\/title>\n<meta name=\"robots\" content=\"index, follow, max-snippet:-1, max-image-preview:large, max-video-preview:-1\" \/>\n<link rel=\"canonical\" href=\"https:\/\/anadolupet.com.tr\/en\/product\/eheim-powerled-fresh-daylight-487mm-131w\/\" \/>\n<meta property=\"og:locale\" content=\"en_US\" \/>\n<meta property=\"og:type\" content=\"article\" \/>\n<meta property=\"og:title\" content=\"EHEIM PowerLED+ fresh daylight 487mm \/ 13,1W - Anadolu Pet Grup\" \/>\n<meta property=\"og:description\" content=\"EHEIM powerLED+, akvaryumlar i\u00e7in geli\u015ftirilmi\u015f en yeni LED ayd\u0131nlatma sistemidir. G\u00fcne\u015f \u0131\u015f\u0131\u011f\u0131n\u0131n tam spektrumundan beyaz ve\/veya aktinik \u0131\u015f\u0131\u011fa kadar t\u00fcm aral\u0131klar\u0131 kapsar. Spektrumlar, bitki veya mercan geli\u015fimini destekleyecek \u015fekilde dengelenmi\u015ftir ve akvaryumdaki do\u011fal renkleri en iyi \u015fekilde ortaya \u00e7\u0131kar\u0131r. Avantajlar ve \u00d6zellikler T5 floresan t\u00fcplere y\u00fcksek kaliteli ve verimli alternatif (reflekt\u00f6r dahil) Derin akvaryumlarda bile tam ayd\u0131nlatma LED \u015feritler birle\u015ftirilerek bitki veya mercan geli\u015fimi i\u00e7in ideal denge sa\u011flanabilir Tatl\u0131 su i\u00e7in fotosentezde maksimum verim sa\u011flayan tam g\u00fcne\u015f \u0131\u015f\u0131\u011f\u0131 spektrumu Akvaryumdaki do\u011fal renkleri net \u015fekilde yans\u0131t\u0131r Ortalama kullan\u0131m \u00f6mr\u00fc: 50.000 saatten fazla Y\u00fcksek kaliteli anodize al\u00fcminyum g\u00f6vde, deniz suyuna dayan\u0131kl\u0131 8 farkl\u0131 uzunluk: 36 \u2013 135 cm akvaryumlara uyumlu, paslanmaz \u00e7elik destek ayaklar\u0131 ile ayarlanabilir Mevcut T8\/T5 floresan \u00fcniteleri i\u00e7in \u00f6zel adapt\u00f6r ile uyumlu A\u00e7\u0131k akvaryumlar i\u00e7in tekli veya \u00e7iftli tel ask\u0131 sistemi (aksesuar) 24V g\u00fcvenli g\u00fc\u00e7 kayna\u011f\u0131 ile enerji tasarrufu sa\u011flar Y adapt\u00f6r ile birden fazla lamba tek g\u00fc\u00e7 kayna\u011f\u0131na ba\u011flanabilir LEDcontrol ile uyumlu EHEIM powerLED+ Fresh Daylight Parlak g\u00fcn \u0131\u015f\u0131\u011f\u0131 (7.000 K) \u2013 tam g\u00fcne\u015f spektrumu Bal\u0131k ve bitkilerin do\u011fal renklerini vurgular Dengeli mavi\/k\u0131rm\u0131z\u0131 spektrum aral\u0131\u011f\u0131 ile bitki geli\u015fimini destekler Maksimum enerji verimlili\u011fi (120 lm\/W) ve y\u00fcksek parlakl\u0131k Tek ba\u015f\u0131na veya powerLED+ plants ile kombinasyon halinde kullan\u0131labilir\" \/>\n<meta property=\"og:url\" content=\"https:\/\/anadolupet.com.tr\/en\/product\/eheim-powerled-fresh-daylight-487mm-131w\/\" \/>\n<meta property=\"og:site_name\" content=\"Anadolu Pet Grup\" \/>\n<meta property=\"article:modified_time\" content=\"2026-02-23T12:48:19+00:00\" \/>\n<meta property=\"og:image\" content=\"https:\/\/anadolupet.com.tr\/wp-content\/uploads\/2026\/02\/115-4252011.jpg\" \/>\n\t<meta property=\"og:image:width\" content=\"750\" \/>\n\t<meta property=\"og:image:height\" content=\"750\" \/>\n\t<meta property=\"og:image:type\" content=\"image\/jpeg\" \/>\n<meta name=\"twitter:card\" content=\"summary_large_image\" \/>\n<script type=\"application\/ld+json\" class=\"yoast-schema-graph\">{\"@context\":\"https:\\\/\\\/schema.org\",\"@graph\":[{\"@type\":\"WebPage\",\"@id\":\"https:\\\/\\\/anadolupet.com.tr\\\/urun\\\/eheim-powerled-fresh-daylight-487mm-131w\\\/\",\"url\":\"https:\\\/\\\/anadolupet.com.tr\\\/urun\\\/eheim-powerled-fresh-daylight-487mm-131w\\\/\",\"name\":\"EHEIM PowerLED+ fresh daylight 487mm \\\/ 13,1W - Anadolu Pet Grup\",\"isPartOf\":{\"@id\":\"https:\\\/\\\/anadolupet.com.tr\\\/#website\"},\"primaryImageOfPage\":{\"@id\":\"https:\\\/\\\/anadolupet.com.tr\\\/urun\\\/eheim-powerled-fresh-daylight-487mm-131w\\\/#primaryimage\"},\"image\":{\"@id\":\"https:\\\/\\\/anadolupet.com.tr\\\/urun\\\/eheim-powerled-fresh-daylight-487mm-131w\\\/#primaryimage\"},\"thumbnailUrl\":\"https:\\\/\\\/anadolupet.com.tr\\\/wp-content\\\/uploads\\\/2026\\\/02\\\/115-4252011.jpg\",\"datePublished\":\"2026-02-14T14:40:25+00:00\",\"dateModified\":\"2026-02-23T12:48:19+00:00\",\"breadcrumb\":{\"@id\":\"https:\\\/\\\/anadolupet.com.tr\\\/urun\\\/eheim-powerled-fresh-daylight-487mm-131w\\\/#breadcrumb\"},\"inLanguage\":\"en-US\",\"potentialAction\":[{\"@type\":\"ReadAction\",\"target\":[\"https:\\\/\\\/anadolupet.com.tr\\\/urun\\\/eheim-powerled-fresh-daylight-487mm-131w\\\/\"]}]},{\"@type\":\"ImageObject\",\"inLanguage\":\"en-US\",\"@id\":\"https:\\\/\\\/anadolupet.com.tr\\\/urun\\\/eheim-powerled-fresh-daylight-487mm-131w\\\/#primaryimage\",\"url\":\"https:\\\/\\\/anadolupet.com.tr\\\/wp-content\\\/uploads\\\/2026\\\/02\\\/115-4252011.jpg\",\"contentUrl\":\"https:\\\/\\\/anadolupet.com.tr\\\/wp-content\\\/uploads\\\/2026\\\/02\\\/115-4252011.jpg\",\"width\":750,\"height\":750},{\"@type\":\"BreadcrumbList\",\"@id\":\"https:\\\/\\\/anadolupet.com.tr\\\/urun\\\/eheim-powerled-fresh-daylight-487mm-131w\\\/#breadcrumb\",\"itemListElement\":[{\"@type\":\"ListItem\",\"position\":1,\"name\":\"Anasayfa\",\"item\":\"https:\\\/\\\/anadolupet.com.tr\\\/\"},{\"@type\":\"ListItem\",\"position\":2,\"name\":\"\u00dcr\u00fcnler\",\"item\":\"https:\\\/\\\/anadolupet.com.tr\\\/urunler\\\/\"},{\"@type\":\"ListItem\",\"position\":3,\"name\":\"EHEIM PowerLED+ fresh daylight 487mm \\\/ 13,1W\"}]},{\"@type\":\"WebSite\",\"@id\":\"https:\\\/\\\/anadolupet.com.tr\\\/#website\",\"url\":\"https:\\\/\\\/anadolupet.com.tr\\\/\",\"name\":\"Anadolu Pet Grup\",\"description\":\"Her Can\u0131n \u0130yi Ya\u015fam\u0131 \u0130\u00e7in Biraraday\u0131z\",\"publisher\":{\"@id\":\"https:\\\/\\\/anadolupet.com.tr\\\/#organization\"},\"potentialAction\":[{\"@type\":\"SearchAction\",\"target\":{\"@type\":\"EntryPoint\",\"urlTemplate\":\"https:\\\/\\\/anadolupet.com.tr\\\/?s={search_term_string}\"},\"query-input\":{\"@type\":\"PropertyValueSpecification\",\"valueRequired\":true,\"valueName\":\"search_term_string\"}}],\"inLanguage\":\"en-US\"},{\"@type\":\"Organization\",\"@id\":\"https:\\\/\\\/anadolupet.com.tr\\\/#organization\",\"name\":\"Anadolu Pet Grup\",\"alternateName\":\"Anadolu Pet\",\"url\":\"https:\\\/\\\/anadolupet.com.tr\\\/\",\"logo\":{\"@type\":\"ImageObject\",\"inLanguage\":\"en-US\",\"@id\":\"https:\\\/\\\/anadolupet.com.tr\\\/#\\\/schema\\\/logo\\\/image\\\/\",\"url\":\"https:\\\/\\\/anadolupet.com.tr\\\/wp-content\\\/uploads\\\/2026\\\/03\\\/1614666743370.jpg\",\"contentUrl\":\"https:\\\/\\\/anadolupet.com.tr\\\/wp-content\\\/uploads\\\/2026\\\/03\\\/1614666743370.jpg\",\"width\":800,\"height\":571,\"caption\":\"Anadolu Pet Grup\"},\"image\":{\"@id\":\"https:\\\/\\\/anadolupet.com.tr\\\/#\\\/schema\\\/logo\\\/image\\\/\"}}]}<\/script>\n<!-- \/ Yoast SEO plugin. -->","yoast_head_json":{"title":"EHEIM PowerLED+ fresh daylight 487mm \/ 13,1W - Anadolu Pet Grup","robots":{"index":"index","follow":"follow","max-snippet":"max-snippet:-1","max-image-preview":"max-image-preview:large","max-video-preview":"max-video-preview:-1"},"canonical":"https:\/\/anadolupet.com.tr\/en\/product\/eheim-powerled-fresh-daylight-487mm-131w\/","og_locale":"en_US","og_type":"article","og_title":"EHEIM PowerLED+ fresh daylight 487mm \/ 13,1W - Anadolu Pet Grup","og_description":"EHEIM powerLED+, akvaryumlar i\u00e7in geli\u015ftirilmi\u015f en yeni LED ayd\u0131nlatma sistemidir. G\u00fcne\u015f \u0131\u015f\u0131\u011f\u0131n\u0131n tam spektrumundan beyaz ve\/veya aktinik \u0131\u015f\u0131\u011fa kadar t\u00fcm aral\u0131klar\u0131 kapsar. Spektrumlar, bitki veya mercan geli\u015fimini destekleyecek \u015fekilde dengelenmi\u015ftir ve akvaryumdaki do\u011fal renkleri en iyi \u015fekilde ortaya \u00e7\u0131kar\u0131r. Avantajlar ve \u00d6zellikler T5 floresan t\u00fcplere y\u00fcksek kaliteli ve verimli alternatif (reflekt\u00f6r dahil) Derin akvaryumlarda bile tam ayd\u0131nlatma LED \u015feritler birle\u015ftirilerek bitki veya mercan geli\u015fimi i\u00e7in ideal denge sa\u011flanabilir Tatl\u0131 su i\u00e7in fotosentezde maksimum verim sa\u011flayan tam g\u00fcne\u015f \u0131\u015f\u0131\u011f\u0131 spektrumu Akvaryumdaki do\u011fal renkleri net \u015fekilde yans\u0131t\u0131r Ortalama kullan\u0131m \u00f6mr\u00fc: 50.000 saatten fazla Y\u00fcksek kaliteli anodize al\u00fcminyum g\u00f6vde, deniz suyuna dayan\u0131kl\u0131 8 farkl\u0131 uzunluk: 36 \u2013 135 cm akvaryumlara uyumlu, paslanmaz \u00e7elik destek ayaklar\u0131 ile ayarlanabilir Mevcut T8\/T5 floresan \u00fcniteleri i\u00e7in \u00f6zel adapt\u00f6r ile uyumlu A\u00e7\u0131k akvaryumlar i\u00e7in tekli veya \u00e7iftli tel ask\u0131 sistemi (aksesuar) 24V g\u00fcvenli g\u00fc\u00e7 kayna\u011f\u0131 ile enerji tasarrufu sa\u011flar Y adapt\u00f6r ile birden fazla lamba tek g\u00fc\u00e7 kayna\u011f\u0131na ba\u011flanabilir LEDcontrol ile uyumlu EHEIM powerLED+ Fresh Daylight Parlak g\u00fcn \u0131\u015f\u0131\u011f\u0131 (7.000 K) \u2013 tam g\u00fcne\u015f spektrumu Bal\u0131k ve bitkilerin do\u011fal renklerini vurgular Dengeli mavi\/k\u0131rm\u0131z\u0131 spektrum aral\u0131\u011f\u0131 ile bitki geli\u015fimini destekler Maksimum enerji verimlili\u011fi (120 lm\/W) ve y\u00fcksek parlakl\u0131k Tek ba\u015f\u0131na veya powerLED+ plants ile kombinasyon halinde kullan\u0131labilir","og_url":"https:\/\/anadolupet.com.tr\/en\/product\/eheim-powerled-fresh-daylight-487mm-131w\/","og_site_name":"Anadolu Pet Grup","article_modified_time":"2026-02-23T12:48:19+00:00","og_image":[{"width":750,"height":750,"url":"https:\/\/anadolupet.com.tr\/wp-content\/uploads\/2026\/02\/115-4252011.jpg","type":"image\/jpeg"}],"twitter_card":"summary_large_image","schema":{"@context":"https:\/\/schema.org","@graph":[{"@type":"WebPage","@id":"https:\/\/anadolupet.com.tr\/urun\/eheim-powerled-fresh-daylight-487mm-131w\/","url":"https:\/\/anadolupet.com.tr\/urun\/eheim-powerled-fresh-daylight-487mm-131w\/","name":"EHEIM PowerLED+ fresh daylight 487mm \/ 13,1W - Anadolu Pet Grup","isPartOf":{"@id":"https:\/\/anadolupet.com.tr\/#website"},"primaryImageOfPage":{"@id":"https:\/\/anadolupet.com.tr\/urun\/eheim-powerled-fresh-daylight-487mm-131w\/#primaryimage"},"image":{"@id":"https:\/\/anadolupet.com.tr\/urun\/eheim-powerled-fresh-daylight-487mm-131w\/#primaryimage"},"thumbnailUrl":"https:\/\/anadolupet.com.tr\/wp-content\/uploads\/2026\/02\/115-4252011.jpg","datePublished":"2026-02-14T14:40:25+00:00","dateModified":"2026-02-23T12:48:19+00:00","breadcrumb":{"@id":"https:\/\/anadolupet.com.tr\/urun\/eheim-powerled-fresh-daylight-487mm-131w\/#breadcrumb"},"inLanguage":"en-US","potentialAction":[{"@type":"ReadAction","target":["https:\/\/anadolupet.com.tr\/urun\/eheim-powerled-fresh-daylight-487mm-131w\/"]}]},{"@type":"ImageObject","inLanguage":"en-US","@id":"https:\/\/anadolupet.com.tr\/urun\/eheim-powerled-fresh-daylight-487mm-131w\/#primaryimage","url":"https:\/\/anadolupet.com.tr\/wp-content\/uploads\/2026\/02\/115-4252011.jpg","contentUrl":"https:\/\/anadolupet.com.tr\/wp-content\/uploads\/2026\/02\/115-4252011.jpg","width":750,"height":750},{"@type":"BreadcrumbList","@id":"https:\/\/anadolupet.com.tr\/urun\/eheim-powerled-fresh-daylight-487mm-131w\/#breadcrumb","itemListElement":[{"@type":"ListItem","position":1,"name":"Anasayfa","item":"https:\/\/anadolupet.com.tr\/"},{"@type":"ListItem","position":2,"name":"\u00dcr\u00fcnler","item":"https:\/\/anadolupet.com.tr\/urunler\/"},{"@type":"ListItem","position":3,"name":"EHEIM PowerLED+ fresh daylight 487mm \/ 13,1W"}]},{"@type":"WebSite","@id":"https:\/\/anadolupet.com.tr\/#website","url":"https:\/\/anadolupet.com.tr\/","name":"Anadolu Pet Group","description":"We Stand Together for the Well-Being of Every Life","publisher":{"@id":"https:\/\/anadolupet.com.tr\/#organization"},"potentialAction":[{"@type":"SearchAction","target":{"@type":"EntryPoint","urlTemplate":"https:\/\/anadolupet.com.tr\/?s={search_term_string}"},"query-input":{"@type":"PropertyValueSpecification","valueRequired":true,"valueName":"search_term_string"}}],"inLanguage":"en-US"},{"@type":"Organization","@id":"https:\/\/anadolupet.com.tr\/#organization","name":"Anadolu Pet Group","alternateName":"Anadolu Pet","url":"https:\/\/anadolupet.com.tr\/","logo":{"@type":"ImageObject","inLanguage":"en-US","@id":"https:\/\/anadolupet.com.tr\/#\/schema\/logo\/image\/","url":"https:\/\/anadolupet.com.tr\/wp-content\/uploads\/2026\/03\/1614666743370.jpg","contentUrl":"https:\/\/anadolupet.com.tr\/wp-content\/uploads\/2026\/03\/1614666743370.jpg","width":800,"height":571,"caption":"Anadolu Pet Grup"},"image":{"@id":"https:\/\/anadolupet.com.tr\/#\/schema\/logo\/image\/"}}]}},"_links":{"self":[{"href":"https:\/\/anadolupet.com.tr\/en\/wp-json\/wp\/v2\/product\/45044","targetHints":{"allow":["GET"]}}],"collection":[{"href":"https:\/\/anadolupet.com.tr\/en\/wp-json\/wp\/v2\/product"}],"about":[{"href":"https:\/\/anadolupet.com.tr\/en\/wp-json\/wp\/v2\/types\/product"}],"replies":[{"embeddable":true,"href":"https:\/\/anadolupet.com.tr\/en\/wp-json\/wp\/v2\/comments?post=45044"}],"wp:featuredmedia":[{"embeddable":true,"href":"https:\/\/anadolupet.com.tr\/en\/wp-json\/wp\/v2\/media\/42805"}],"wp:attachment":[{"href":"https:\/\/anadolupet.com.tr\/en\/wp-json\/wp\/v2\/media?parent=45044"}],"wp:term":[{"taxonomy":"product_brand","embeddable":true,"href":"https:\/\/anadolupet.com.tr\/en\/wp-json\/wp\/v2\/product_brand?post=45044"},{"taxonomy":"product_cat","embeddable":true,"href":"https:\/\/anadolupet.com.tr\/en\/wp-json\/wp\/v2\/product_cat?post=45044"},{"taxonomy":"product_tag","embeddable":true,"href":"https:\/\/anadolupet.com.tr\/en\/wp-json\/wp\/v2\/product_tag?post=45044"}],"curies":[{"name":"wp","href":"https:\/\/api.w.org\/{rel}","templated":true}]}}