{"id":45047,"date":"2026-02-14T14:40:26","date_gmt":"2026-02-14T14:40:26","guid":{"rendered":"https:\/\/anadolupet.com.tr\/urun\/eheim-powerled-led-aydinlatma-98w\/"},"modified":"2026-02-23T12:48:20","modified_gmt":"2026-02-23T12:48:20","slug":"eheim-powerled-led-aydinlatma-98w","status":"publish","type":"product","link":"https:\/\/anadolupet.com.tr\/en\/urun\/eheim-powerled-led-aydinlatma-98w\/","title":{"rendered":"EHEIM powerLED+ LED Ayd\u0131nlatma 9,8W"},"content":{"rendered":"","protected":false},"excerpt":{"rendered":"<p>EHEIM powerLED+ serisi, akvaryumlar i\u00e7in geli\u015ftirilmi\u015f y\u00fcksek verimli LED ayd\u0131nlatmad\u0131r. Tam g\u00fcne\u015f spektrumundan beyaz ve\/veya aktinik \u0131\u015f\u0131\u011fa kadar geni\u015f bir aral\u0131k sunar. Bitki ve mercan geli\u015fimini desteklemek i\u00e7in dengeli spektrumlar sa\u011flar ve akvaryumdaki do\u011fal renkleri \u00f6ne \u00e7\u0131kar\u0131r.<\/p>\n<p>Avantajlar:<\/p>\n<p>T5 floresan t\u00fcplere y\u00fcksek kaliteli ve verimli alternatif (reflekt\u00f6r dahil)<\/p>\n<p>Derin akvaryumlarda bile tam derinlik ayd\u0131nlatmas\u0131<\/p>\n<p>Bitki veya mercan geli\u015fimi i\u00e7in LED kombinasyonu yap\u0131labilir<\/p>\n<p>Tatl\u0131 su i\u00e7in fotosentezde maksimum verim sa\u011flayan tam g\u00fcne\u015f spektrumu<\/p>\n<p>Bal\u0131k ve bitkilerin do\u011fal renklerini ortaya \u00e7\u0131kar\u0131r<\/p>\n<p>Ortalama kullan\u0131m \u00f6mr\u00fc: > 50.000 saat<\/p>\n<p>Anodize al\u00fcminyum g\u00f6vde, deniz suyuna dayan\u0131kl\u0131<\/p>\n<p>8 farkl\u0131 uzunluk: 36 \u2013 135 cm akvaryumlar i\u00e7in (braketlerle ayarlanabilir)<\/p>\n<p>T8\/T5 floresan \u00fcniteleriyle uyumlu (\u00f6zel adapt\u00f6r ile de\u011fi\u015ftirilebilir)<\/p>\n<p>A\u00e7\u0131k akvaryumlar i\u00e7in tekli\/\u00e7iftli tel ask\u0131 se\u00e7ene\u011fi (aksesuar)<\/p>\n<p>Enerji tasarruflu g\u00fcvenlik g\u00fc\u00e7 kayna\u011f\u0131 (24V)<\/p>\n<p>Y adapt\u00f6r ile birden fazla lamba tek g\u00fc\u00e7 kayna\u011f\u0131na ba\u011flanabilir<\/p>\n<p>LEDcontrol ile uyumlu<\/p>\n<p>EHEIM powerLED+ Fresh Plants (Bitkili Akvaryumlar i\u00e7in):<\/p>\n<p>Spektrum: Tam g\u00fcne\u015f \u0131\u015f\u0131\u011f\u0131 (9.500 K), royal blue (445 nm) + k\u0131rm\u0131z\u0131 bile\u015fenli s\u0131cak beyaz<\/p>\n<p>Zorlu bitkilerde sa\u011fl\u0131kl\u0131 b\u00fcy\u00fcmeyi te\u015fvik eder<\/p>\n<p>Malawi ve Tanganyika g\u00f6l\u00fc akvaryumlar\u0131 i\u00e7in ideal<\/p>\n<p>Bal\u0131k ve bitkilerin do\u011fal mavi ve k\u0131rm\u0131z\u0131 tonlar\u0131n\u0131 g\u00fc\u00e7lendirir<\/p>\n<p>Enerji verimlili\u011fi: 93 lm\/W<\/p>\n<p>Tek ba\u015f\u0131na veya powerLED+ fresh daylight ile kombinasyon halinde kullan\u0131labilir<\/p>","protected":false},"featured_media":42569,"comment_status":"open","ping_status":"closed","template":"","meta":{"_acf_changed":false},"product_brand":[],"product_cat":[2398],"product_tag":[],"class_list":{"0":"post-45047","1":"product","2":"type-product","3":"status-publish","4":"has-post-thumbnail","6":"product_cat-led-armaturler","8":"first","9":"instock","10":"shipping-taxable","11":"product-type-simple"},"acf":[],"yoast_head":"<!-- This site is optimized with the Yoast SEO plugin v27.5 - https:\/\/yoast.com\/product\/yoast-seo-wordpress\/ -->\n<title>EHEIM powerLED+ LED Ayd\u0131nlatma 9,8W - Anadolu Pet Grup<\/title>\n<meta name=\"robots\" content=\"index, follow, max-snippet:-1, max-image-preview:large, max-video-preview:-1\" \/>\n<link rel=\"canonical\" href=\"https:\/\/anadolupet.com.tr\/en\/product\/eheim-powerled-led-aydinlatma-98w\/\" \/>\n<meta property=\"og:locale\" content=\"en_US\" \/>\n<meta property=\"og:type\" content=\"article\" \/>\n<meta property=\"og:title\" content=\"EHEIM powerLED+ LED Ayd\u0131nlatma 9,8W - Anadolu Pet Grup\" \/>\n<meta property=\"og:description\" content=\"EHEIM powerLED+ serisi, akvaryumlar i\u00e7in geli\u015ftirilmi\u015f y\u00fcksek verimli LED ayd\u0131nlatmad\u0131r. Tam g\u00fcne\u015f spektrumundan beyaz ve\/veya aktinik \u0131\u015f\u0131\u011fa kadar geni\u015f bir aral\u0131k sunar. Bitki ve mercan geli\u015fimini desteklemek i\u00e7in dengeli spektrumlar sa\u011flar ve akvaryumdaki do\u011fal renkleri \u00f6ne \u00e7\u0131kar\u0131r. Avantajlar: T5 floresan t\u00fcplere y\u00fcksek kaliteli ve verimli alternatif (reflekt\u00f6r dahil) Derin akvaryumlarda bile tam derinlik ayd\u0131nlatmas\u0131 Bitki veya mercan geli\u015fimi i\u00e7in LED kombinasyonu yap\u0131labilir Tatl\u0131 su i\u00e7in fotosentezde maksimum verim sa\u011flayan tam g\u00fcne\u015f spektrumu Bal\u0131k ve bitkilerin do\u011fal renklerini ortaya \u00e7\u0131kar\u0131r Ortalama kullan\u0131m \u00f6mr\u00fc: &gt; 50.000 saat Anodize al\u00fcminyum g\u00f6vde, deniz suyuna dayan\u0131kl\u0131 8 farkl\u0131 uzunluk: 36 \u2013 135 cm akvaryumlar i\u00e7in (braketlerle ayarlanabilir) T8\/T5 floresan \u00fcniteleriyle uyumlu (\u00f6zel adapt\u00f6r ile de\u011fi\u015ftirilebilir) A\u00e7\u0131k akvaryumlar i\u00e7in tekli\/\u00e7iftli tel ask\u0131 se\u00e7ene\u011fi (aksesuar) Enerji tasarruflu g\u00fcvenlik g\u00fc\u00e7 kayna\u011f\u0131 (24V) Y adapt\u00f6r ile birden fazla lamba tek g\u00fc\u00e7 kayna\u011f\u0131na ba\u011flanabilir LEDcontrol ile uyumlu EHEIM powerLED+ Fresh Plants (Bitkili Akvaryumlar i\u00e7in): Spektrum: Tam g\u00fcne\u015f \u0131\u015f\u0131\u011f\u0131 (9.500 K), royal blue (445 nm) + k\u0131rm\u0131z\u0131 bile\u015fenli s\u0131cak beyaz Zorlu bitkilerde sa\u011fl\u0131kl\u0131 b\u00fcy\u00fcmeyi te\u015fvik eder Malawi ve Tanganyika g\u00f6l\u00fc akvaryumlar\u0131 i\u00e7in ideal Bal\u0131k ve bitkilerin do\u011fal mavi ve k\u0131rm\u0131z\u0131 tonlar\u0131n\u0131 g\u00fc\u00e7lendirir Enerji verimlili\u011fi: 93 lm\/W Tek ba\u015f\u0131na veya powerLED+ fresh daylight ile kombinasyon halinde kullan\u0131labilir\" \/>\n<meta property=\"og:url\" content=\"https:\/\/anadolupet.com.tr\/en\/product\/eheim-powerled-led-aydinlatma-98w\/\" \/>\n<meta property=\"og:site_name\" content=\"Anadolu Pet Grup\" \/>\n<meta property=\"article:modified_time\" content=\"2026-02-23T12:48:20+00:00\" \/>\n<meta property=\"og:image\" content=\"https:\/\/anadolupet.com.tr\/wp-content\/uploads\/2026\/02\/110-4251021.jpg\" \/>\n\t<meta property=\"og:image:width\" content=\"750\" \/>\n\t<meta property=\"og:image:height\" content=\"750\" \/>\n\t<meta property=\"og:image:type\" content=\"image\/jpeg\" \/>\n<meta name=\"twitter:card\" content=\"summary_large_image\" \/>\n<script type=\"application\/ld+json\" class=\"yoast-schema-graph\">{\"@context\":\"https:\\\/\\\/schema.org\",\"@graph\":[{\"@type\":\"WebPage\",\"@id\":\"https:\\\/\\\/anadolupet.com.tr\\\/urun\\\/eheim-powerled-led-aydinlatma-98w\\\/\",\"url\":\"https:\\\/\\\/anadolupet.com.tr\\\/urun\\\/eheim-powerled-led-aydinlatma-98w\\\/\",\"name\":\"EHEIM powerLED+ LED Ayd\u0131nlatma 9,8W - Anadolu Pet Grup\",\"isPartOf\":{\"@id\":\"https:\\\/\\\/anadolupet.com.tr\\\/#website\"},\"primaryImageOfPage\":{\"@id\":\"https:\\\/\\\/anadolupet.com.tr\\\/urun\\\/eheim-powerled-led-aydinlatma-98w\\\/#primaryimage\"},\"image\":{\"@id\":\"https:\\\/\\\/anadolupet.com.tr\\\/urun\\\/eheim-powerled-led-aydinlatma-98w\\\/#primaryimage\"},\"thumbnailUrl\":\"https:\\\/\\\/anadolupet.com.tr\\\/wp-content\\\/uploads\\\/2026\\\/02\\\/110-4251021.jpg\",\"datePublished\":\"2026-02-14T14:40:26+00:00\",\"dateModified\":\"2026-02-23T12:48:20+00:00\",\"breadcrumb\":{\"@id\":\"https:\\\/\\\/anadolupet.com.tr\\\/urun\\\/eheim-powerled-led-aydinlatma-98w\\\/#breadcrumb\"},\"inLanguage\":\"en-US\",\"potentialAction\":[{\"@type\":\"ReadAction\",\"target\":[\"https:\\\/\\\/anadolupet.com.tr\\\/urun\\\/eheim-powerled-led-aydinlatma-98w\\\/\"]}]},{\"@type\":\"ImageObject\",\"inLanguage\":\"en-US\",\"@id\":\"https:\\\/\\\/anadolupet.com.tr\\\/urun\\\/eheim-powerled-led-aydinlatma-98w\\\/#primaryimage\",\"url\":\"https:\\\/\\\/anadolupet.com.tr\\\/wp-content\\\/uploads\\\/2026\\\/02\\\/110-4251021.jpg\",\"contentUrl\":\"https:\\\/\\\/anadolupet.com.tr\\\/wp-content\\\/uploads\\\/2026\\\/02\\\/110-4251021.jpg\",\"width\":750,\"height\":750},{\"@type\":\"BreadcrumbList\",\"@id\":\"https:\\\/\\\/anadolupet.com.tr\\\/urun\\\/eheim-powerled-led-aydinlatma-98w\\\/#breadcrumb\",\"itemListElement\":[{\"@type\":\"ListItem\",\"position\":1,\"name\":\"Anasayfa\",\"item\":\"https:\\\/\\\/anadolupet.com.tr\\\/\"},{\"@type\":\"ListItem\",\"position\":2,\"name\":\"\u00dcr\u00fcnler\",\"item\":\"https:\\\/\\\/anadolupet.com.tr\\\/urunler\\\/\"},{\"@type\":\"ListItem\",\"position\":3,\"name\":\"EHEIM powerLED+ LED Ayd\u0131nlatma 9,8W\"}]},{\"@type\":\"WebSite\",\"@id\":\"https:\\\/\\\/anadolupet.com.tr\\\/#website\",\"url\":\"https:\\\/\\\/anadolupet.com.tr\\\/\",\"name\":\"Anadolu Pet Grup\",\"description\":\"Her Can\u0131n \u0130yi Ya\u015fam\u0131 \u0130\u00e7in Biraraday\u0131z\",\"publisher\":{\"@id\":\"https:\\\/\\\/anadolupet.com.tr\\\/#organization\"},\"potentialAction\":[{\"@type\":\"SearchAction\",\"target\":{\"@type\":\"EntryPoint\",\"urlTemplate\":\"https:\\\/\\\/anadolupet.com.tr\\\/?s={search_term_string}\"},\"query-input\":{\"@type\":\"PropertyValueSpecification\",\"valueRequired\":true,\"valueName\":\"search_term_string\"}}],\"inLanguage\":\"en-US\"},{\"@type\":\"Organization\",\"@id\":\"https:\\\/\\\/anadolupet.com.tr\\\/#organization\",\"name\":\"Anadolu Pet Grup\",\"alternateName\":\"Anadolu Pet\",\"url\":\"https:\\\/\\\/anadolupet.com.tr\\\/\",\"logo\":{\"@type\":\"ImageObject\",\"inLanguage\":\"en-US\",\"@id\":\"https:\\\/\\\/anadolupet.com.tr\\\/#\\\/schema\\\/logo\\\/image\\\/\",\"url\":\"https:\\\/\\\/anadolupet.com.tr\\\/wp-content\\\/uploads\\\/2026\\\/03\\\/1614666743370.jpg\",\"contentUrl\":\"https:\\\/\\\/anadolupet.com.tr\\\/wp-content\\\/uploads\\\/2026\\\/03\\\/1614666743370.jpg\",\"width\":800,\"height\":571,\"caption\":\"Anadolu Pet Grup\"},\"image\":{\"@id\":\"https:\\\/\\\/anadolupet.com.tr\\\/#\\\/schema\\\/logo\\\/image\\\/\"}}]}<\/script>\n<!-- \/ Yoast SEO plugin. -->","yoast_head_json":{"title":"EHEIM powerLED+ LED Ayd\u0131nlatma 9,8W - Anadolu Pet Grup","robots":{"index":"index","follow":"follow","max-snippet":"max-snippet:-1","max-image-preview":"max-image-preview:large","max-video-preview":"max-video-preview:-1"},"canonical":"https:\/\/anadolupet.com.tr\/en\/product\/eheim-powerled-led-aydinlatma-98w\/","og_locale":"en_US","og_type":"article","og_title":"EHEIM powerLED+ LED Ayd\u0131nlatma 9,8W - Anadolu Pet Grup","og_description":"EHEIM powerLED+ serisi, akvaryumlar i\u00e7in geli\u015ftirilmi\u015f y\u00fcksek verimli LED ayd\u0131nlatmad\u0131r. Tam g\u00fcne\u015f spektrumundan beyaz ve\/veya aktinik \u0131\u015f\u0131\u011fa kadar geni\u015f bir aral\u0131k sunar. Bitki ve mercan geli\u015fimini desteklemek i\u00e7in dengeli spektrumlar sa\u011flar ve akvaryumdaki do\u011fal renkleri \u00f6ne \u00e7\u0131kar\u0131r. Avantajlar: T5 floresan t\u00fcplere y\u00fcksek kaliteli ve verimli alternatif (reflekt\u00f6r dahil) Derin akvaryumlarda bile tam derinlik ayd\u0131nlatmas\u0131 Bitki veya mercan geli\u015fimi i\u00e7in LED kombinasyonu yap\u0131labilir Tatl\u0131 su i\u00e7in fotosentezde maksimum verim sa\u011flayan tam g\u00fcne\u015f spektrumu Bal\u0131k ve bitkilerin do\u011fal renklerini ortaya \u00e7\u0131kar\u0131r Ortalama kullan\u0131m \u00f6mr\u00fc: > 50.000 saat Anodize al\u00fcminyum g\u00f6vde, deniz suyuna dayan\u0131kl\u0131 8 farkl\u0131 uzunluk: 36 \u2013 135 cm akvaryumlar i\u00e7in (braketlerle ayarlanabilir) T8\/T5 floresan \u00fcniteleriyle uyumlu (\u00f6zel adapt\u00f6r ile de\u011fi\u015ftirilebilir) A\u00e7\u0131k akvaryumlar i\u00e7in tekli\/\u00e7iftli tel ask\u0131 se\u00e7ene\u011fi (aksesuar) Enerji tasarruflu g\u00fcvenlik g\u00fc\u00e7 kayna\u011f\u0131 (24V) Y adapt\u00f6r ile birden fazla lamba tek g\u00fc\u00e7 kayna\u011f\u0131na ba\u011flanabilir LEDcontrol ile uyumlu EHEIM powerLED+ Fresh Plants (Bitkili Akvaryumlar i\u00e7in): Spektrum: Tam g\u00fcne\u015f \u0131\u015f\u0131\u011f\u0131 (9.500 K), royal blue (445 nm) + k\u0131rm\u0131z\u0131 bile\u015fenli s\u0131cak beyaz Zorlu bitkilerde sa\u011fl\u0131kl\u0131 b\u00fcy\u00fcmeyi te\u015fvik eder Malawi ve Tanganyika g\u00f6l\u00fc akvaryumlar\u0131 i\u00e7in ideal Bal\u0131k ve bitkilerin do\u011fal mavi ve k\u0131rm\u0131z\u0131 tonlar\u0131n\u0131 g\u00fc\u00e7lendirir Enerji verimlili\u011fi: 93 lm\/W Tek ba\u015f\u0131na veya powerLED+ fresh daylight ile kombinasyon halinde kullan\u0131labilir","og_url":"https:\/\/anadolupet.com.tr\/en\/product\/eheim-powerled-led-aydinlatma-98w\/","og_site_name":"Anadolu Pet Grup","article_modified_time":"2026-02-23T12:48:20+00:00","og_image":[{"width":750,"height":750,"url":"https:\/\/anadolupet.com.tr\/wp-content\/uploads\/2026\/02\/110-4251021.jpg","type":"image\/jpeg"}],"twitter_card":"summary_large_image","schema":{"@context":"https:\/\/schema.org","@graph":[{"@type":"WebPage","@id":"https:\/\/anadolupet.com.tr\/urun\/eheim-powerled-led-aydinlatma-98w\/","url":"https:\/\/anadolupet.com.tr\/urun\/eheim-powerled-led-aydinlatma-98w\/","name":"EHEIM powerLED+ LED Ayd\u0131nlatma 9,8W - Anadolu Pet Grup","isPartOf":{"@id":"https:\/\/anadolupet.com.tr\/#website"},"primaryImageOfPage":{"@id":"https:\/\/anadolupet.com.tr\/urun\/eheim-powerled-led-aydinlatma-98w\/#primaryimage"},"image":{"@id":"https:\/\/anadolupet.com.tr\/urun\/eheim-powerled-led-aydinlatma-98w\/#primaryimage"},"thumbnailUrl":"https:\/\/anadolupet.com.tr\/wp-content\/uploads\/2026\/02\/110-4251021.jpg","datePublished":"2026-02-14T14:40:26+00:00","dateModified":"2026-02-23T12:48:20+00:00","breadcrumb":{"@id":"https:\/\/anadolupet.com.tr\/urun\/eheim-powerled-led-aydinlatma-98w\/#breadcrumb"},"inLanguage":"en-US","potentialAction":[{"@type":"ReadAction","target":["https:\/\/anadolupet.com.tr\/urun\/eheim-powerled-led-aydinlatma-98w\/"]}]},{"@type":"ImageObject","inLanguage":"en-US","@id":"https:\/\/anadolupet.com.tr\/urun\/eheim-powerled-led-aydinlatma-98w\/#primaryimage","url":"https:\/\/anadolupet.com.tr\/wp-content\/uploads\/2026\/02\/110-4251021.jpg","contentUrl":"https:\/\/anadolupet.com.tr\/wp-content\/uploads\/2026\/02\/110-4251021.jpg","width":750,"height":750},{"@type":"BreadcrumbList","@id":"https:\/\/anadolupet.com.tr\/urun\/eheim-powerled-led-aydinlatma-98w\/#breadcrumb","itemListElement":[{"@type":"ListItem","position":1,"name":"Anasayfa","item":"https:\/\/anadolupet.com.tr\/"},{"@type":"ListItem","position":2,"name":"\u00dcr\u00fcnler","item":"https:\/\/anadolupet.com.tr\/urunler\/"},{"@type":"ListItem","position":3,"name":"EHEIM powerLED+ LED Ayd\u0131nlatma 9,8W"}]},{"@type":"WebSite","@id":"https:\/\/anadolupet.com.tr\/#website","url":"https:\/\/anadolupet.com.tr\/","name":"Anadolu Pet Group","description":"We Stand Together for the Well-Being of Every Life","publisher":{"@id":"https:\/\/anadolupet.com.tr\/#organization"},"potentialAction":[{"@type":"SearchAction","target":{"@type":"EntryPoint","urlTemplate":"https:\/\/anadolupet.com.tr\/?s={search_term_string}"},"query-input":{"@type":"PropertyValueSpecification","valueRequired":true,"valueName":"search_term_string"}}],"inLanguage":"en-US"},{"@type":"Organization","@id":"https:\/\/anadolupet.com.tr\/#organization","name":"Anadolu Pet Group","alternateName":"Anadolu Pet","url":"https:\/\/anadolupet.com.tr\/","logo":{"@type":"ImageObject","inLanguage":"en-US","@id":"https:\/\/anadolupet.com.tr\/#\/schema\/logo\/image\/","url":"https:\/\/anadolupet.com.tr\/wp-content\/uploads\/2026\/03\/1614666743370.jpg","contentUrl":"https:\/\/anadolupet.com.tr\/wp-content\/uploads\/2026\/03\/1614666743370.jpg","width":800,"height":571,"caption":"Anadolu Pet Grup"},"image":{"@id":"https:\/\/anadolupet.com.tr\/#\/schema\/logo\/image\/"}}]}},"_links":{"self":[{"href":"https:\/\/anadolupet.com.tr\/en\/wp-json\/wp\/v2\/product\/45047","targetHints":{"allow":["GET"]}}],"collection":[{"href":"https:\/\/anadolupet.com.tr\/en\/wp-json\/wp\/v2\/product"}],"about":[{"href":"https:\/\/anadolupet.com.tr\/en\/wp-json\/wp\/v2\/types\/product"}],"replies":[{"embeddable":true,"href":"https:\/\/anadolupet.com.tr\/en\/wp-json\/wp\/v2\/comments?post=45047"}],"wp:featuredmedia":[{"embeddable":true,"href":"https:\/\/anadolupet.com.tr\/en\/wp-json\/wp\/v2\/media\/42569"}],"wp:attachment":[{"href":"https:\/\/anadolupet.com.tr\/en\/wp-json\/wp\/v2\/media?parent=45047"}],"wp:term":[{"taxonomy":"product_brand","embeddable":true,"href":"https:\/\/anadolupet.com.tr\/en\/wp-json\/wp\/v2\/product_brand?post=45047"},{"taxonomy":"product_cat","embeddable":true,"href":"https:\/\/anadolupet.com.tr\/en\/wp-json\/wp\/v2\/product_cat?post=45047"},{"taxonomy":"product_tag","embeddable":true,"href":"https:\/\/anadolupet.com.tr\/en\/wp-json\/wp\/v2\/product_tag?post=45047"}],"curies":[{"name":"wp","href":"https:\/\/api.w.org\/{rel}","templated":true}]}}