{"id":45058,"date":"2026-02-14T14:40:28","date_gmt":"2026-02-14T14:40:28","guid":{"rendered":"https:\/\/anadolupet.com.tr\/?post_type=product&#038;p=45058"},"modified":"2026-02-23T12:48:21","modified_gmt":"2026-02-23T12:48:21","slug":"eheim-professionel-3-debi-kontrol-aparati-2073-75","status":"publish","type":"product","link":"https:\/\/anadolupet.com.tr\/en\/urun\/eheim-professionel-3-debi-kontrol-aparati-2073-75\/","title":{"rendered":"EHEIM Professionel 3 Debi Kontrol Aparat\u0131 (2073-75)"},"content":{"rendered":"","protected":false},"excerpt":{"rendered":"<p>EHEIM floater (y\u00fczer g\u00f6sterge par\u00e7as\u0131), bir\u00e7ok Professionel serisi d\u0131\u015f filtre i\u00e7in \u00f6zel olarak \u00fcretilmi\u015f orijinal yedek par\u00e7ad\u0131r. Bu par\u00e7a, filtrenin \u00fcst k\u0131sm\u0131ndaki ak\u0131\u015f g\u00f6stergesi mekanizmas\u0131n\u0131n i\u00e7inde yer al\u0131r ve su ak\u0131\u015f\u0131n\u0131n durumunu g\u00f6rsel olarak takip etmenizi sa\u011flar.<\/p>\n<p>Uyumlu Modeller<br \/>\nProfessionel 3: 250 \/ 350 \/ 600<\/p>\n<p>Professionel 3T: 250T \/ 350T<\/p>\n<p>Professionel 3e: 350 \/ 450 \/ 700<\/p>\n<p>Professionel 3e Thermo: 600T<\/p>\n<p>Professionel 4+: 250 \/ 350 \/ 600<\/p>\n<p>Professionel 4+ Thermo: 250T \/ 350T<\/p>\n<p>Professionel 4e+: 350<\/p>\n<p>Professionel 5e: 350 \/ 450 \/ 700<\/p>\n<p>Professionel 5e Thermo: 600T<\/p>","protected":false},"featured_media":42672,"comment_status":"open","ping_status":"closed","template":"","meta":{"_acf_changed":false},"product_brand":[],"product_cat":[2385],"product_tag":[],"class_list":{"0":"post-45058","1":"product","2":"type-product","3":"status-publish","4":"has-post-thumbnail","6":"product_cat-diger-yedek-parcalar","8":"first","9":"instock","10":"shipping-taxable","11":"product-type-simple"},"acf":[],"yoast_head":"<!-- This site is optimized with the Yoast SEO plugin v27.5 - https:\/\/yoast.com\/product\/yoast-seo-wordpress\/ -->\n<title>EHEIM Professionel 3 Debi Kontrol Aparat\u0131 (2073-75) - Anadolu Pet Grup<\/title>\n<meta name=\"robots\" content=\"index, follow, max-snippet:-1, max-image-preview:large, max-video-preview:-1\" \/>\n<link rel=\"canonical\" href=\"https:\/\/anadolupet.com.tr\/en\/product\/eheim-professionel-3-debi-kontrol-aparati-2073-75\/\" \/>\n<meta property=\"og:locale\" content=\"en_US\" \/>\n<meta property=\"og:type\" content=\"article\" \/>\n<meta property=\"og:title\" content=\"EHEIM Professionel 3 Debi Kontrol Aparat\u0131 (2073-75) - Anadolu Pet Grup\" \/>\n<meta property=\"og:description\" content=\"EHEIM floater (y\u00fczer g\u00f6sterge par\u00e7as\u0131), bir\u00e7ok Professionel serisi d\u0131\u015f filtre i\u00e7in \u00f6zel olarak \u00fcretilmi\u015f orijinal yedek par\u00e7ad\u0131r. Bu par\u00e7a, filtrenin \u00fcst k\u0131sm\u0131ndaki ak\u0131\u015f g\u00f6stergesi mekanizmas\u0131n\u0131n i\u00e7inde yer al\u0131r ve su ak\u0131\u015f\u0131n\u0131n durumunu g\u00f6rsel olarak takip etmenizi sa\u011flar. Uyumlu Modeller Professionel 3: 250 \/ 350 \/ 600 Professionel 3T: 250T \/ 350T Professionel 3e: 350 \/ 450 \/ 700 Professionel 3e Thermo: 600T Professionel 4+: 250 \/ 350 \/ 600 Professionel 4+ Thermo: 250T \/ 350T Professionel 4e+: 350 Professionel 5e: 350 \/ 450 \/ 700 Professionel 5e Thermo: 600T\" \/>\n<meta property=\"og:url\" content=\"https:\/\/anadolupet.com.tr\/en\/product\/eheim-professionel-3-debi-kontrol-aparati-2073-75\/\" \/>\n<meta property=\"og:site_name\" content=\"Anadolu Pet Grup\" \/>\n<meta property=\"article:modified_time\" content=\"2026-02-23T12:48:21+00:00\" \/>\n<meta property=\"og:image\" content=\"https:\/\/anadolupet.com.tr\/wp-content\/uploads\/2026\/02\/110-7428728.jpg\" \/>\n\t<meta property=\"og:image:width\" content=\"750\" \/>\n\t<meta property=\"og:image:height\" content=\"750\" \/>\n\t<meta property=\"og:image:type\" content=\"image\/jpeg\" \/>\n<meta name=\"twitter:card\" content=\"summary_large_image\" \/>\n<script type=\"application\/ld+json\" class=\"yoast-schema-graph\">{\"@context\":\"https:\\\/\\\/schema.org\",\"@graph\":[{\"@type\":\"WebPage\",\"@id\":\"https:\\\/\\\/anadolupet.com.tr\\\/urun\\\/eheim-professionel-3-debi-kontrol-aparati-2073-75\\\/\",\"url\":\"https:\\\/\\\/anadolupet.com.tr\\\/urun\\\/eheim-professionel-3-debi-kontrol-aparati-2073-75\\\/\",\"name\":\"EHEIM Professionel 3 Debi Kontrol Aparat\u0131 (2073-75) - Anadolu Pet Grup\",\"isPartOf\":{\"@id\":\"https:\\\/\\\/anadolupet.com.tr\\\/#website\"},\"primaryImageOfPage\":{\"@id\":\"https:\\\/\\\/anadolupet.com.tr\\\/urun\\\/eheim-professionel-3-debi-kontrol-aparati-2073-75\\\/#primaryimage\"},\"image\":{\"@id\":\"https:\\\/\\\/anadolupet.com.tr\\\/urun\\\/eheim-professionel-3-debi-kontrol-aparati-2073-75\\\/#primaryimage\"},\"thumbnailUrl\":\"https:\\\/\\\/anadolupet.com.tr\\\/wp-content\\\/uploads\\\/2026\\\/02\\\/110-7428728.jpg\",\"datePublished\":\"2026-02-14T14:40:28+00:00\",\"dateModified\":\"2026-02-23T12:48:21+00:00\",\"breadcrumb\":{\"@id\":\"https:\\\/\\\/anadolupet.com.tr\\\/urun\\\/eheim-professionel-3-debi-kontrol-aparati-2073-75\\\/#breadcrumb\"},\"inLanguage\":\"en-US\",\"potentialAction\":[{\"@type\":\"ReadAction\",\"target\":[\"https:\\\/\\\/anadolupet.com.tr\\\/urun\\\/eheim-professionel-3-debi-kontrol-aparati-2073-75\\\/\"]}]},{\"@type\":\"ImageObject\",\"inLanguage\":\"en-US\",\"@id\":\"https:\\\/\\\/anadolupet.com.tr\\\/urun\\\/eheim-professionel-3-debi-kontrol-aparati-2073-75\\\/#primaryimage\",\"url\":\"https:\\\/\\\/anadolupet.com.tr\\\/wp-content\\\/uploads\\\/2026\\\/02\\\/110-7428728.jpg\",\"contentUrl\":\"https:\\\/\\\/anadolupet.com.tr\\\/wp-content\\\/uploads\\\/2026\\\/02\\\/110-7428728.jpg\",\"width\":750,\"height\":750},{\"@type\":\"BreadcrumbList\",\"@id\":\"https:\\\/\\\/anadolupet.com.tr\\\/urun\\\/eheim-professionel-3-debi-kontrol-aparati-2073-75\\\/#breadcrumb\",\"itemListElement\":[{\"@type\":\"ListItem\",\"position\":1,\"name\":\"Anasayfa\",\"item\":\"https:\\\/\\\/anadolupet.com.tr\\\/\"},{\"@type\":\"ListItem\",\"position\":2,\"name\":\"\u00dcr\u00fcnler\",\"item\":\"https:\\\/\\\/anadolupet.com.tr\\\/urunler\\\/\"},{\"@type\":\"ListItem\",\"position\":3,\"name\":\"EHEIM Professionel 3 Debi Kontrol Aparat\u0131 (2073-75)\"}]},{\"@type\":\"WebSite\",\"@id\":\"https:\\\/\\\/anadolupet.com.tr\\\/#website\",\"url\":\"https:\\\/\\\/anadolupet.com.tr\\\/\",\"name\":\"Anadolu Pet Grup\",\"description\":\"Her Can\u0131n \u0130yi Ya\u015fam\u0131 \u0130\u00e7in Biraraday\u0131z\",\"publisher\":{\"@id\":\"https:\\\/\\\/anadolupet.com.tr\\\/#organization\"},\"potentialAction\":[{\"@type\":\"SearchAction\",\"target\":{\"@type\":\"EntryPoint\",\"urlTemplate\":\"https:\\\/\\\/anadolupet.com.tr\\\/?s={search_term_string}\"},\"query-input\":{\"@type\":\"PropertyValueSpecification\",\"valueRequired\":true,\"valueName\":\"search_term_string\"}}],\"inLanguage\":\"en-US\"},{\"@type\":\"Organization\",\"@id\":\"https:\\\/\\\/anadolupet.com.tr\\\/#organization\",\"name\":\"Anadolu Pet Grup\",\"alternateName\":\"Anadolu Pet\",\"url\":\"https:\\\/\\\/anadolupet.com.tr\\\/\",\"logo\":{\"@type\":\"ImageObject\",\"inLanguage\":\"en-US\",\"@id\":\"https:\\\/\\\/anadolupet.com.tr\\\/#\\\/schema\\\/logo\\\/image\\\/\",\"url\":\"https:\\\/\\\/anadolupet.com.tr\\\/wp-content\\\/uploads\\\/2026\\\/03\\\/1614666743370.jpg\",\"contentUrl\":\"https:\\\/\\\/anadolupet.com.tr\\\/wp-content\\\/uploads\\\/2026\\\/03\\\/1614666743370.jpg\",\"width\":800,\"height\":571,\"caption\":\"Anadolu Pet Grup\"},\"image\":{\"@id\":\"https:\\\/\\\/anadolupet.com.tr\\\/#\\\/schema\\\/logo\\\/image\\\/\"}}]}<\/script>\n<!-- \/ Yoast SEO plugin. -->","yoast_head_json":{"title":"EHEIM Professionel 3 Debi Kontrol Aparat\u0131 (2073-75) - Anadolu Pet Grup","robots":{"index":"index","follow":"follow","max-snippet":"max-snippet:-1","max-image-preview":"max-image-preview:large","max-video-preview":"max-video-preview:-1"},"canonical":"https:\/\/anadolupet.com.tr\/en\/product\/eheim-professionel-3-debi-kontrol-aparati-2073-75\/","og_locale":"en_US","og_type":"article","og_title":"EHEIM Professionel 3 Debi Kontrol Aparat\u0131 (2073-75) - Anadolu Pet Grup","og_description":"EHEIM floater (y\u00fczer g\u00f6sterge par\u00e7as\u0131), bir\u00e7ok Professionel serisi d\u0131\u015f filtre i\u00e7in \u00f6zel olarak \u00fcretilmi\u015f orijinal yedek par\u00e7ad\u0131r. Bu par\u00e7a, filtrenin \u00fcst k\u0131sm\u0131ndaki ak\u0131\u015f g\u00f6stergesi mekanizmas\u0131n\u0131n i\u00e7inde yer al\u0131r ve su ak\u0131\u015f\u0131n\u0131n durumunu g\u00f6rsel olarak takip etmenizi sa\u011flar. Uyumlu Modeller Professionel 3: 250 \/ 350 \/ 600 Professionel 3T: 250T \/ 350T Professionel 3e: 350 \/ 450 \/ 700 Professionel 3e Thermo: 600T Professionel 4+: 250 \/ 350 \/ 600 Professionel 4+ Thermo: 250T \/ 350T Professionel 4e+: 350 Professionel 5e: 350 \/ 450 \/ 700 Professionel 5e Thermo: 600T","og_url":"https:\/\/anadolupet.com.tr\/en\/product\/eheim-professionel-3-debi-kontrol-aparati-2073-75\/","og_site_name":"Anadolu Pet Grup","article_modified_time":"2026-02-23T12:48:21+00:00","og_image":[{"width":750,"height":750,"url":"https:\/\/anadolupet.com.tr\/wp-content\/uploads\/2026\/02\/110-7428728.jpg","type":"image\/jpeg"}],"twitter_card":"summary_large_image","schema":{"@context":"https:\/\/schema.org","@graph":[{"@type":"WebPage","@id":"https:\/\/anadolupet.com.tr\/urun\/eheim-professionel-3-debi-kontrol-aparati-2073-75\/","url":"https:\/\/anadolupet.com.tr\/urun\/eheim-professionel-3-debi-kontrol-aparati-2073-75\/","name":"EHEIM Professionel 3 Debi Kontrol Aparat\u0131 (2073-75) - Anadolu Pet Grup","isPartOf":{"@id":"https:\/\/anadolupet.com.tr\/#website"},"primaryImageOfPage":{"@id":"https:\/\/anadolupet.com.tr\/urun\/eheim-professionel-3-debi-kontrol-aparati-2073-75\/#primaryimage"},"image":{"@id":"https:\/\/anadolupet.com.tr\/urun\/eheim-professionel-3-debi-kontrol-aparati-2073-75\/#primaryimage"},"thumbnailUrl":"https:\/\/anadolupet.com.tr\/wp-content\/uploads\/2026\/02\/110-7428728.jpg","datePublished":"2026-02-14T14:40:28+00:00","dateModified":"2026-02-23T12:48:21+00:00","breadcrumb":{"@id":"https:\/\/anadolupet.com.tr\/urun\/eheim-professionel-3-debi-kontrol-aparati-2073-75\/#breadcrumb"},"inLanguage":"en-US","potentialAction":[{"@type":"ReadAction","target":["https:\/\/anadolupet.com.tr\/urun\/eheim-professionel-3-debi-kontrol-aparati-2073-75\/"]}]},{"@type":"ImageObject","inLanguage":"en-US","@id":"https:\/\/anadolupet.com.tr\/urun\/eheim-professionel-3-debi-kontrol-aparati-2073-75\/#primaryimage","url":"https:\/\/anadolupet.com.tr\/wp-content\/uploads\/2026\/02\/110-7428728.jpg","contentUrl":"https:\/\/anadolupet.com.tr\/wp-content\/uploads\/2026\/02\/110-7428728.jpg","width":750,"height":750},{"@type":"BreadcrumbList","@id":"https:\/\/anadolupet.com.tr\/urun\/eheim-professionel-3-debi-kontrol-aparati-2073-75\/#breadcrumb","itemListElement":[{"@type":"ListItem","position":1,"name":"Anasayfa","item":"https:\/\/anadolupet.com.tr\/"},{"@type":"ListItem","position":2,"name":"\u00dcr\u00fcnler","item":"https:\/\/anadolupet.com.tr\/urunler\/"},{"@type":"ListItem","position":3,"name":"EHEIM Professionel 3 Debi Kontrol Aparat\u0131 (2073-75)"}]},{"@type":"WebSite","@id":"https:\/\/anadolupet.com.tr\/#website","url":"https:\/\/anadolupet.com.tr\/","name":"Anadolu Pet Group","description":"We Stand Together for the Well-Being of Every Life","publisher":{"@id":"https:\/\/anadolupet.com.tr\/#organization"},"potentialAction":[{"@type":"SearchAction","target":{"@type":"EntryPoint","urlTemplate":"https:\/\/anadolupet.com.tr\/?s={search_term_string}"},"query-input":{"@type":"PropertyValueSpecification","valueRequired":true,"valueName":"search_term_string"}}],"inLanguage":"en-US"},{"@type":"Organization","@id":"https:\/\/anadolupet.com.tr\/#organization","name":"Anadolu Pet Group","alternateName":"Anadolu Pet","url":"https:\/\/anadolupet.com.tr\/","logo":{"@type":"ImageObject","inLanguage":"en-US","@id":"https:\/\/anadolupet.com.tr\/#\/schema\/logo\/image\/","url":"https:\/\/anadolupet.com.tr\/wp-content\/uploads\/2026\/03\/1614666743370.jpg","contentUrl":"https:\/\/anadolupet.com.tr\/wp-content\/uploads\/2026\/03\/1614666743370.jpg","width":800,"height":571,"caption":"Anadolu Pet Grup"},"image":{"@id":"https:\/\/anadolupet.com.tr\/#\/schema\/logo\/image\/"}}]}},"_links":{"self":[{"href":"https:\/\/anadolupet.com.tr\/en\/wp-json\/wp\/v2\/product\/45058","targetHints":{"allow":["GET"]}}],"collection":[{"href":"https:\/\/anadolupet.com.tr\/en\/wp-json\/wp\/v2\/product"}],"about":[{"href":"https:\/\/anadolupet.com.tr\/en\/wp-json\/wp\/v2\/types\/product"}],"replies":[{"embeddable":true,"href":"https:\/\/anadolupet.com.tr\/en\/wp-json\/wp\/v2\/comments?post=45058"}],"wp:featuredmedia":[{"embeddable":true,"href":"https:\/\/anadolupet.com.tr\/en\/wp-json\/wp\/v2\/media\/42672"}],"wp:attachment":[{"href":"https:\/\/anadolupet.com.tr\/en\/wp-json\/wp\/v2\/media?parent=45058"}],"wp:term":[{"taxonomy":"product_brand","embeddable":true,"href":"https:\/\/anadolupet.com.tr\/en\/wp-json\/wp\/v2\/product_brand?post=45058"},{"taxonomy":"product_cat","embeddable":true,"href":"https:\/\/anadolupet.com.tr\/en\/wp-json\/wp\/v2\/product_cat?post=45058"},{"taxonomy":"product_tag","embeddable":true,"href":"https:\/\/anadolupet.com.tr\/en\/wp-json\/wp\/v2\/product_tag?post=45058"}],"curies":[{"name":"wp","href":"https:\/\/api.w.org\/{rel}","templated":true}]}}