{"id":45070,"date":"2026-02-14T14:40:29","date_gmt":"2026-02-14T14:40:29","guid":{"rendered":"https:\/\/anadolupet.com.tr\/?post_type=product&#038;p=45070"},"modified":"2026-02-23T12:48:21","modified_gmt":"2026-02-23T12:48:21","slug":"eheim-professionel-3e-dis-kap-2078","status":"publish","type":"product","link":"https:\/\/anadolupet.com.tr\/en\/urun\/eheim-professionel-3e-dis-kap-2078\/","title":{"rendered":"EHEIM Professionel 3e D\u0131\u015f Kap (2078)"},"content":{"rendered":"","protected":false},"excerpt":{"rendered":"<p>EHEIM professionel 3 ile size filtre teknolojisinin en \u00fcst standard\u0131n\u0131 sunuyoruz*. <\/p>\n<p>EHEIM professional 3, y\u00fcksek kalite, g\u00fc\u00e7l\u00fc performans, m\u00fckemmel enerji verimlili\u011fi, sorunsuz \u00e7al\u0131\u015fma ve bir\u00e7ok ek avantaj sunar. Kendinden emi\u015fli, b\u00fcy\u00fck \u00f6n filtre ve g\u00fcvenlik hortum adapt\u00f6rleri, bu avantajlardan sadece birka\u00e7\u0131d\u0131r.<\/p>\n<p>*Professional 3 1200XL modeli, entegre \u0131s\u0131t\u0131c\u0131ya sahip termo filtre olarak da mevcuttur \u2013 1200XLT.<\/p>\n<p>EHEIM professionel 3 filtrenin avantajlar\u0131<\/p>\n<p>    1200 litreye kadar akvaryumlar i\u00e7in en y\u00fcksek kalitede harici filtre.<br \/>\n    B\u00fcy\u00fck akvaryumlarda m\u00fckemmel su sirk\u00fclasyonu i\u00e7in \u00fc\u00e7l\u00fc hortum adapt\u00f6r\u00fcne (2x emme taraf\u0131, 1x bas\u0131n\u00e7 taraf\u0131) sahip ilk filtre.<br \/>\n    Ak\u0131\u015f g\u00f6stergesi &#8211; filtrenin ne zaman temizlenmesi gerekti\u011fini g\u00f6sterir<br \/>\n    Ta\u015f\u0131ma tekerlekleri, filtrenin hareket ettirilmesini sa\u011flar<br \/>\n    \u00d6n filtre tepsisi &#8211; temizlik s\u0131ras\u0131nda \u00f6n filtrenin &#8220;damlamadan&#8221; ta\u015f\u0131nmas\u0131 i\u00e7in<br \/>\n    B\u00fcy\u00fck filtre hacmi ve y\u00fcksek stabilite i\u00e7in kare \u015fekilli kutu<br \/>\n    \u00c7ok d\u00fc\u015f\u00fck enerji t\u00fcketimi ile y\u00fcksek ak\u0131\u015f h\u0131z\u0131<br \/>\n    Ayarlanabilir pompa \u00e7\u0131k\u0131\u015f\u0131<br \/>\n    Pompa tahrikindeki y\u00fcksek performansl\u0131 seramik sayesinde sessiz \u00e7al\u0131\u015fma ve son derece uzun hizmet \u00f6mr\u00fc<br \/>\n    Filtre kab\u0131n\u0131n h\u0131zl\u0131 doldurulmas\u0131 i\u00e7in emme yard\u0131m\u0131<br \/>\n    G\u00fcvenlik hortum adapt\u00f6r\u00fc, vanalar kapal\u0131yken serbest b\u0131rak\u0131labilir<br \/>\n    B\u00fcy\u00fck \u00f6n filtre, kaba kirleri tutar ve biyolojik filtre malzemesinin temizlik aral\u0131klar\u0131n\u0131 uzat\u0131r; \u00e7\u0131karmas\u0131 ve temizlemesi kolayd\u0131r<\/p>\n<p>Bir\u00e7ok avantaja sahip birinci s\u0131n\u0131f filtre teknolojisi<\/p>\n<p>EHEIM professional 3, profesyonel harici filtre serilerimizin en \u00fcst d\u00fczeyidir. Stabilite i\u00e7in kare tabanl\u0131 filtre, b\u00fcy\u00fck filtre hacmine sahiptir ancak k\u00f6\u015felere s\u0131\u011far ve daha az yer kaplar.<\/p>\n<p>Emme yard\u0131m\u0131<br \/>\nArt\u0131k karma\u015f\u0131k emme y\u00f6ntemleri yok! Emme yard\u0131m\u0131 ile filtre haznesi doldurulur ve hemen kullan\u0131ma haz\u0131r hale gelir.<\/p>\n<p>G\u00fcvenlik Hortum Adapt\u00f6r\u00fc<br \/>\n3 hortumlu hortum adapt\u00f6r\u00fc. G\u00fcvenlik nedenleriyle, hortum adapt\u00f6r\u00fc sadece vanalar kapal\u0131yken serbest b\u0131rak\u0131labilir.<\/p>\n<p>\u00d6n filtre<br \/>\nKutunun \u00fcst k\u0131sm\u0131nda bulunan b\u00fcy\u00fck bir \u00f6n filtre, kaba kirleri tutar ve bak\u0131m aral\u0131klar\u0131 aras\u0131nda h\u0131zl\u0131 bir \u015fekilde temizlenebilir. Bu, di\u011fer 3 filtre sepetindeki biyolojik filtre malzemesini korur ve \u00e7ok daha uzun bir hizmet \u00f6mr\u00fc sa\u011flar.<\/p>\n<p>Filtre sepetleri<br \/>\nFiltre sepetleri ayr\u0131 ayr\u0131 doldurulabilir ve temizlik i\u00e7in kolayca \u00e7\u0131kar\u0131labilir.<\/p>\n<p>Sessiz \u00e7al\u0131\u015fma<br \/>\nEHEIM Y\u00fcksek Performansl\u0131 Seramik, yani y\u00fcksek performansl\u0131 seramikten \u00fcretilmi\u015f bile\u015fenler (pervane milleri ve yataklar), ola\u011fan\u00fcst\u00fc sessiz \u00e7al\u0131\u015fma, y\u00fcksek y\u00fck kapasitesi ve son derece uzun hizmet \u00f6mr\u00fc anlam\u0131na gelir.<\/p>\n<p>Ba\u011flant\u0131ya haz\u0131r<br \/>\nT\u00fcm gerekli aksesuarlar dahildir: emme borusu, nozul borusu, \u00e7\u0131k\u0131\u015f dirse\u011fi, EHEIM kaliteli hortum, \u00f6n filtre tepsisi ve kurulum aksesuarlar\u0131.<\/p>\n<p>Komple filtre malzemesi seti 2520800 ayr\u0131 olarak temin edilebilir. <\/p>","protected":false},"featured_media":42673,"comment_status":"open","ping_status":"closed","template":"","meta":{"_acf_changed":false},"product_brand":[],"product_cat":[2383],"product_tag":[],"class_list":{"0":"post-45070","1":"product","2":"type-product","3":"status-publish","4":"has-post-thumbnail","6":"product_cat-dis-kaplar","8":"first","9":"instock","10":"shipping-taxable","11":"product-type-simple"},"acf":[],"yoast_head":"<!-- This site is optimized with the Yoast SEO plugin v27.5 - https:\/\/yoast.com\/product\/yoast-seo-wordpress\/ -->\n<title>EHEIM Professionel 3e D\u0131\u015f Kap (2078) - Anadolu Pet Grup<\/title>\n<meta name=\"robots\" content=\"index, follow, max-snippet:-1, max-image-preview:large, max-video-preview:-1\" \/>\n<link rel=\"canonical\" href=\"https:\/\/anadolupet.com.tr\/en\/product\/eheim-professionel-3e-dis-kap-2078\/\" \/>\n<meta property=\"og:locale\" content=\"en_US\" \/>\n<meta property=\"og:type\" content=\"article\" \/>\n<meta property=\"og:title\" content=\"EHEIM Professionel 3e D\u0131\u015f Kap (2078) - Anadolu Pet Grup\" \/>\n<meta property=\"og:description\" content=\"EHEIM professionel 3 ile size filtre teknolojisinin en \u00fcst standard\u0131n\u0131 sunuyoruz*.  EHEIM professional 3, y\u00fcksek kalite, g\u00fc\u00e7l\u00fc performans, m\u00fckemmel enerji verimlili\u011fi, sorunsuz \u00e7al\u0131\u015fma ve bir\u00e7ok ek avantaj sunar. Kendinden emi\u015fli, b\u00fcy\u00fck \u00f6n filtre ve g\u00fcvenlik hortum adapt\u00f6rleri, bu avantajlardan sadece birka\u00e7\u0131d\u0131r. *Professional 3 1200XL modeli, entegre \u0131s\u0131t\u0131c\u0131ya sahip termo filtre olarak da mevcuttur \u2013 1200XLT. EHEIM professionel 3 filtrenin avantajlar\u0131   1200 litreye kadar akvaryumlar i\u00e7in en y\u00fcksek kalitede harici filtre.   B\u00fcy\u00fck akvaryumlarda m\u00fckemmel su sirk\u00fclasyonu i\u00e7in \u00fc\u00e7l\u00fc hortum adapt\u00f6r\u00fcne (2x emme taraf\u0131, 1x bas\u0131n\u00e7 taraf\u0131) sahip ilk filtre.   Ak\u0131\u015f g\u00f6stergesi - filtrenin ne zaman temizlenmesi gerekti\u011fini g\u00f6sterir   Ta\u015f\u0131ma tekerlekleri, filtrenin hareket ettirilmesini sa\u011flar   \u00d6n filtre tepsisi - temizlik s\u0131ras\u0131nda \u00f6n filtrenin &quot;damlamadan&quot; ta\u015f\u0131nmas\u0131 i\u00e7in   B\u00fcy\u00fck filtre hacmi ve y\u00fcksek stabilite i\u00e7in kare \u015fekilli kutu   \u00c7ok d\u00fc\u015f\u00fck enerji t\u00fcketimi ile y\u00fcksek ak\u0131\u015f h\u0131z\u0131   Ayarlanabilir pompa \u00e7\u0131k\u0131\u015f\u0131   Pompa tahrikindeki y\u00fcksek performansl\u0131 seramik sayesinde sessiz \u00e7al\u0131\u015fma ve son derece uzun hizmet \u00f6mr\u00fc   Filtre kab\u0131n\u0131n h\u0131zl\u0131 doldurulmas\u0131 i\u00e7in emme yard\u0131m\u0131   G\u00fcvenlik hortum adapt\u00f6r\u00fc, vanalar kapal\u0131yken serbest b\u0131rak\u0131labilir   B\u00fcy\u00fck \u00f6n filtre, kaba kirleri tutar ve biyolojik filtre malzemesinin temizlik aral\u0131klar\u0131n\u0131 uzat\u0131r; \u00e7\u0131karmas\u0131 ve temizlemesi kolayd\u0131r Bir\u00e7ok avantaja sahip birinci s\u0131n\u0131f filtre teknolojisi EHEIM professional 3, profesyonel harici filtre serilerimizin en \u00fcst d\u00fczeyidir. Stabilite i\u00e7in kare tabanl\u0131 filtre, b\u00fcy\u00fck filtre hacmine sahiptir ancak k\u00f6\u015felere s\u0131\u011far ve daha az yer kaplar. Emme yard\u0131m\u0131 Art\u0131k karma\u015f\u0131k emme y\u00f6ntemleri yok! Emme yard\u0131m\u0131 ile filtre haznesi doldurulur ve hemen kullan\u0131ma haz\u0131r hale gelir. G\u00fcvenlik Hortum Adapt\u00f6r\u00fc 3 hortumlu hortum adapt\u00f6r\u00fc. G\u00fcvenlik nedenleriyle, hortum adapt\u00f6r\u00fc sadece vanalar kapal\u0131yken serbest b\u0131rak\u0131labilir. \u00d6n filtre Kutunun \u00fcst k\u0131sm\u0131nda bulunan b\u00fcy\u00fck bir \u00f6n filtre, kaba kirleri tutar ve bak\u0131m aral\u0131klar\u0131 aras\u0131nda h\u0131zl\u0131 bir \u015fekilde temizlenebilir. Bu, di\u011fer 3 filtre sepetindeki biyolojik filtre malzemesini korur ve \u00e7ok daha uzun bir hizmet \u00f6mr\u00fc sa\u011flar. Filtre sepetleri Filtre sepetleri ayr\u0131 ayr\u0131 doldurulabilir ve temizlik i\u00e7in kolayca \u00e7\u0131kar\u0131labilir. Sessiz \u00e7al\u0131\u015fma EHEIM Y\u00fcksek Performansl\u0131 Seramik, yani y\u00fcksek performansl\u0131 seramikten \u00fcretilmi\u015f bile\u015fenler (pervane milleri ve yataklar), ola\u011fan\u00fcst\u00fc sessiz \u00e7al\u0131\u015fma, y\u00fcksek y\u00fck kapasitesi ve son derece uzun hizmet \u00f6mr\u00fc anlam\u0131na gelir. Ba\u011flant\u0131ya haz\u0131r T\u00fcm gerekli aksesuarlar dahildir: emme borusu, nozul borusu, \u00e7\u0131k\u0131\u015f dirse\u011fi, EHEIM kaliteli hortum, \u00f6n filtre tepsisi ve kurulum aksesuarlar\u0131. Komple filtre malzemesi seti 2520800 ayr\u0131 olarak temin edilebilir.\" \/>\n<meta property=\"og:url\" content=\"https:\/\/anadolupet.com.tr\/en\/product\/eheim-professionel-3e-dis-kap-2078\/\" \/>\n<meta property=\"og:site_name\" content=\"Anadolu Pet Grup\" \/>\n<meta property=\"article:modified_time\" content=\"2026-02-23T12:48:21+00:00\" \/>\n<meta property=\"og:image\" content=\"https:\/\/anadolupet.com.tr\/wp-content\/uploads\/2026\/02\/110-7428730.jpg\" \/>\n\t<meta property=\"og:image:width\" content=\"750\" \/>\n\t<meta property=\"og:image:height\" content=\"750\" \/>\n\t<meta property=\"og:image:type\" content=\"image\/jpeg\" \/>\n<meta name=\"twitter:card\" content=\"summary_large_image\" \/>\n<script type=\"application\/ld+json\" class=\"yoast-schema-graph\">{\"@context\":\"https:\\\/\\\/schema.org\",\"@graph\":[{\"@type\":\"WebPage\",\"@id\":\"https:\\\/\\\/anadolupet.com.tr\\\/urun\\\/eheim-professionel-3e-dis-kap-2078\\\/\",\"url\":\"https:\\\/\\\/anadolupet.com.tr\\\/urun\\\/eheim-professionel-3e-dis-kap-2078\\\/\",\"name\":\"EHEIM Professionel 3e D\u0131\u015f Kap (2078) - Anadolu Pet Grup\",\"isPartOf\":{\"@id\":\"https:\\\/\\\/anadolupet.com.tr\\\/#website\"},\"primaryImageOfPage\":{\"@id\":\"https:\\\/\\\/anadolupet.com.tr\\\/urun\\\/eheim-professionel-3e-dis-kap-2078\\\/#primaryimage\"},\"image\":{\"@id\":\"https:\\\/\\\/anadolupet.com.tr\\\/urun\\\/eheim-professionel-3e-dis-kap-2078\\\/#primaryimage\"},\"thumbnailUrl\":\"https:\\\/\\\/anadolupet.com.tr\\\/wp-content\\\/uploads\\\/2026\\\/02\\\/110-7428730.jpg\",\"datePublished\":\"2026-02-14T14:40:29+00:00\",\"dateModified\":\"2026-02-23T12:48:21+00:00\",\"breadcrumb\":{\"@id\":\"https:\\\/\\\/anadolupet.com.tr\\\/urun\\\/eheim-professionel-3e-dis-kap-2078\\\/#breadcrumb\"},\"inLanguage\":\"en-US\",\"potentialAction\":[{\"@type\":\"ReadAction\",\"target\":[\"https:\\\/\\\/anadolupet.com.tr\\\/urun\\\/eheim-professionel-3e-dis-kap-2078\\\/\"]}]},{\"@type\":\"ImageObject\",\"inLanguage\":\"en-US\",\"@id\":\"https:\\\/\\\/anadolupet.com.tr\\\/urun\\\/eheim-professionel-3e-dis-kap-2078\\\/#primaryimage\",\"url\":\"https:\\\/\\\/anadolupet.com.tr\\\/wp-content\\\/uploads\\\/2026\\\/02\\\/110-7428730.jpg\",\"contentUrl\":\"https:\\\/\\\/anadolupet.com.tr\\\/wp-content\\\/uploads\\\/2026\\\/02\\\/110-7428730.jpg\",\"width\":750,\"height\":750},{\"@type\":\"BreadcrumbList\",\"@id\":\"https:\\\/\\\/anadolupet.com.tr\\\/urun\\\/eheim-professionel-3e-dis-kap-2078\\\/#breadcrumb\",\"itemListElement\":[{\"@type\":\"ListItem\",\"position\":1,\"name\":\"Anasayfa\",\"item\":\"https:\\\/\\\/anadolupet.com.tr\\\/\"},{\"@type\":\"ListItem\",\"position\":2,\"name\":\"\u00dcr\u00fcnler\",\"item\":\"https:\\\/\\\/anadolupet.com.tr\\\/urunler\\\/\"},{\"@type\":\"ListItem\",\"position\":3,\"name\":\"EHEIM Professionel 3e D\u0131\u015f Kap (2078)\"}]},{\"@type\":\"WebSite\",\"@id\":\"https:\\\/\\\/anadolupet.com.tr\\\/#website\",\"url\":\"https:\\\/\\\/anadolupet.com.tr\\\/\",\"name\":\"Anadolu Pet Grup\",\"description\":\"Her Can\u0131n \u0130yi Ya\u015fam\u0131 \u0130\u00e7in Biraraday\u0131z\",\"publisher\":{\"@id\":\"https:\\\/\\\/anadolupet.com.tr\\\/#organization\"},\"potentialAction\":[{\"@type\":\"SearchAction\",\"target\":{\"@type\":\"EntryPoint\",\"urlTemplate\":\"https:\\\/\\\/anadolupet.com.tr\\\/?s={search_term_string}\"},\"query-input\":{\"@type\":\"PropertyValueSpecification\",\"valueRequired\":true,\"valueName\":\"search_term_string\"}}],\"inLanguage\":\"en-US\"},{\"@type\":\"Organization\",\"@id\":\"https:\\\/\\\/anadolupet.com.tr\\\/#organization\",\"name\":\"Anadolu Pet Grup\",\"alternateName\":\"Anadolu Pet\",\"url\":\"https:\\\/\\\/anadolupet.com.tr\\\/\",\"logo\":{\"@type\":\"ImageObject\",\"inLanguage\":\"en-US\",\"@id\":\"https:\\\/\\\/anadolupet.com.tr\\\/#\\\/schema\\\/logo\\\/image\\\/\",\"url\":\"https:\\\/\\\/anadolupet.com.tr\\\/wp-content\\\/uploads\\\/2026\\\/03\\\/1614666743370.jpg\",\"contentUrl\":\"https:\\\/\\\/anadolupet.com.tr\\\/wp-content\\\/uploads\\\/2026\\\/03\\\/1614666743370.jpg\",\"width\":800,\"height\":571,\"caption\":\"Anadolu Pet Grup\"},\"image\":{\"@id\":\"https:\\\/\\\/anadolupet.com.tr\\\/#\\\/schema\\\/logo\\\/image\\\/\"}}]}<\/script>\n<!-- \/ Yoast SEO plugin. -->","yoast_head_json":{"title":"EHEIM Professionel 3e D\u0131\u015f Kap (2078) - Anadolu Pet Grup","robots":{"index":"index","follow":"follow","max-snippet":"max-snippet:-1","max-image-preview":"max-image-preview:large","max-video-preview":"max-video-preview:-1"},"canonical":"https:\/\/anadolupet.com.tr\/en\/product\/eheim-professionel-3e-dis-kap-2078\/","og_locale":"en_US","og_type":"article","og_title":"EHEIM Professionel 3e D\u0131\u015f Kap (2078) - Anadolu Pet Grup","og_description":"EHEIM professionel 3 ile size filtre teknolojisinin en \u00fcst standard\u0131n\u0131 sunuyoruz*.  EHEIM professional 3, y\u00fcksek kalite, g\u00fc\u00e7l\u00fc performans, m\u00fckemmel enerji verimlili\u011fi, sorunsuz \u00e7al\u0131\u015fma ve bir\u00e7ok ek avantaj sunar. Kendinden emi\u015fli, b\u00fcy\u00fck \u00f6n filtre ve g\u00fcvenlik hortum adapt\u00f6rleri, bu avantajlardan sadece birka\u00e7\u0131d\u0131r. *Professional 3 1200XL modeli, entegre \u0131s\u0131t\u0131c\u0131ya sahip termo filtre olarak da mevcuttur \u2013 1200XLT. EHEIM professionel 3 filtrenin avantajlar\u0131   1200 litreye kadar akvaryumlar i\u00e7in en y\u00fcksek kalitede harici filtre.   B\u00fcy\u00fck akvaryumlarda m\u00fckemmel su sirk\u00fclasyonu i\u00e7in \u00fc\u00e7l\u00fc hortum adapt\u00f6r\u00fcne (2x emme taraf\u0131, 1x bas\u0131n\u00e7 taraf\u0131) sahip ilk filtre.   Ak\u0131\u015f g\u00f6stergesi - filtrenin ne zaman temizlenmesi gerekti\u011fini g\u00f6sterir   Ta\u015f\u0131ma tekerlekleri, filtrenin hareket ettirilmesini sa\u011flar   \u00d6n filtre tepsisi - temizlik s\u0131ras\u0131nda \u00f6n filtrenin \"damlamadan\" ta\u015f\u0131nmas\u0131 i\u00e7in   B\u00fcy\u00fck filtre hacmi ve y\u00fcksek stabilite i\u00e7in kare \u015fekilli kutu   \u00c7ok d\u00fc\u015f\u00fck enerji t\u00fcketimi ile y\u00fcksek ak\u0131\u015f h\u0131z\u0131   Ayarlanabilir pompa \u00e7\u0131k\u0131\u015f\u0131   Pompa tahrikindeki y\u00fcksek performansl\u0131 seramik sayesinde sessiz \u00e7al\u0131\u015fma ve son derece uzun hizmet \u00f6mr\u00fc   Filtre kab\u0131n\u0131n h\u0131zl\u0131 doldurulmas\u0131 i\u00e7in emme yard\u0131m\u0131   G\u00fcvenlik hortum adapt\u00f6r\u00fc, vanalar kapal\u0131yken serbest b\u0131rak\u0131labilir   B\u00fcy\u00fck \u00f6n filtre, kaba kirleri tutar ve biyolojik filtre malzemesinin temizlik aral\u0131klar\u0131n\u0131 uzat\u0131r; \u00e7\u0131karmas\u0131 ve temizlemesi kolayd\u0131r Bir\u00e7ok avantaja sahip birinci s\u0131n\u0131f filtre teknolojisi EHEIM professional 3, profesyonel harici filtre serilerimizin en \u00fcst d\u00fczeyidir. Stabilite i\u00e7in kare tabanl\u0131 filtre, b\u00fcy\u00fck filtre hacmine sahiptir ancak k\u00f6\u015felere s\u0131\u011far ve daha az yer kaplar. Emme yard\u0131m\u0131 Art\u0131k karma\u015f\u0131k emme y\u00f6ntemleri yok! Emme yard\u0131m\u0131 ile filtre haznesi doldurulur ve hemen kullan\u0131ma haz\u0131r hale gelir. G\u00fcvenlik Hortum Adapt\u00f6r\u00fc 3 hortumlu hortum adapt\u00f6r\u00fc. G\u00fcvenlik nedenleriyle, hortum adapt\u00f6r\u00fc sadece vanalar kapal\u0131yken serbest b\u0131rak\u0131labilir. \u00d6n filtre Kutunun \u00fcst k\u0131sm\u0131nda bulunan b\u00fcy\u00fck bir \u00f6n filtre, kaba kirleri tutar ve bak\u0131m aral\u0131klar\u0131 aras\u0131nda h\u0131zl\u0131 bir \u015fekilde temizlenebilir. Bu, di\u011fer 3 filtre sepetindeki biyolojik filtre malzemesini korur ve \u00e7ok daha uzun bir hizmet \u00f6mr\u00fc sa\u011flar. Filtre sepetleri Filtre sepetleri ayr\u0131 ayr\u0131 doldurulabilir ve temizlik i\u00e7in kolayca \u00e7\u0131kar\u0131labilir. Sessiz \u00e7al\u0131\u015fma EHEIM Y\u00fcksek Performansl\u0131 Seramik, yani y\u00fcksek performansl\u0131 seramikten \u00fcretilmi\u015f bile\u015fenler (pervane milleri ve yataklar), ola\u011fan\u00fcst\u00fc sessiz \u00e7al\u0131\u015fma, y\u00fcksek y\u00fck kapasitesi ve son derece uzun hizmet \u00f6mr\u00fc anlam\u0131na gelir. Ba\u011flant\u0131ya haz\u0131r T\u00fcm gerekli aksesuarlar dahildir: emme borusu, nozul borusu, \u00e7\u0131k\u0131\u015f dirse\u011fi, EHEIM kaliteli hortum, \u00f6n filtre tepsisi ve kurulum aksesuarlar\u0131. Komple filtre malzemesi seti 2520800 ayr\u0131 olarak temin edilebilir.","og_url":"https:\/\/anadolupet.com.tr\/en\/product\/eheim-professionel-3e-dis-kap-2078\/","og_site_name":"Anadolu Pet Grup","article_modified_time":"2026-02-23T12:48:21+00:00","og_image":[{"width":750,"height":750,"url":"https:\/\/anadolupet.com.tr\/wp-content\/uploads\/2026\/02\/110-7428730.jpg","type":"image\/jpeg"}],"twitter_card":"summary_large_image","schema":{"@context":"https:\/\/schema.org","@graph":[{"@type":"WebPage","@id":"https:\/\/anadolupet.com.tr\/urun\/eheim-professionel-3e-dis-kap-2078\/","url":"https:\/\/anadolupet.com.tr\/urun\/eheim-professionel-3e-dis-kap-2078\/","name":"EHEIM Professionel 3e D\u0131\u015f Kap (2078) - Anadolu Pet Grup","isPartOf":{"@id":"https:\/\/anadolupet.com.tr\/#website"},"primaryImageOfPage":{"@id":"https:\/\/anadolupet.com.tr\/urun\/eheim-professionel-3e-dis-kap-2078\/#primaryimage"},"image":{"@id":"https:\/\/anadolupet.com.tr\/urun\/eheim-professionel-3e-dis-kap-2078\/#primaryimage"},"thumbnailUrl":"https:\/\/anadolupet.com.tr\/wp-content\/uploads\/2026\/02\/110-7428730.jpg","datePublished":"2026-02-14T14:40:29+00:00","dateModified":"2026-02-23T12:48:21+00:00","breadcrumb":{"@id":"https:\/\/anadolupet.com.tr\/urun\/eheim-professionel-3e-dis-kap-2078\/#breadcrumb"},"inLanguage":"en-US","potentialAction":[{"@type":"ReadAction","target":["https:\/\/anadolupet.com.tr\/urun\/eheim-professionel-3e-dis-kap-2078\/"]}]},{"@type":"ImageObject","inLanguage":"en-US","@id":"https:\/\/anadolupet.com.tr\/urun\/eheim-professionel-3e-dis-kap-2078\/#primaryimage","url":"https:\/\/anadolupet.com.tr\/wp-content\/uploads\/2026\/02\/110-7428730.jpg","contentUrl":"https:\/\/anadolupet.com.tr\/wp-content\/uploads\/2026\/02\/110-7428730.jpg","width":750,"height":750},{"@type":"BreadcrumbList","@id":"https:\/\/anadolupet.com.tr\/urun\/eheim-professionel-3e-dis-kap-2078\/#breadcrumb","itemListElement":[{"@type":"ListItem","position":1,"name":"Anasayfa","item":"https:\/\/anadolupet.com.tr\/"},{"@type":"ListItem","position":2,"name":"\u00dcr\u00fcnler","item":"https:\/\/anadolupet.com.tr\/urunler\/"},{"@type":"ListItem","position":3,"name":"EHEIM Professionel 3e D\u0131\u015f Kap (2078)"}]},{"@type":"WebSite","@id":"https:\/\/anadolupet.com.tr\/#website","url":"https:\/\/anadolupet.com.tr\/","name":"Anadolu Pet Group","description":"We Stand Together for the Well-Being of Every Life","publisher":{"@id":"https:\/\/anadolupet.com.tr\/#organization"},"potentialAction":[{"@type":"SearchAction","target":{"@type":"EntryPoint","urlTemplate":"https:\/\/anadolupet.com.tr\/?s={search_term_string}"},"query-input":{"@type":"PropertyValueSpecification","valueRequired":true,"valueName":"search_term_string"}}],"inLanguage":"en-US"},{"@type":"Organization","@id":"https:\/\/anadolupet.com.tr\/#organization","name":"Anadolu Pet Group","alternateName":"Anadolu Pet","url":"https:\/\/anadolupet.com.tr\/","logo":{"@type":"ImageObject","inLanguage":"en-US","@id":"https:\/\/anadolupet.com.tr\/#\/schema\/logo\/image\/","url":"https:\/\/anadolupet.com.tr\/wp-content\/uploads\/2026\/03\/1614666743370.jpg","contentUrl":"https:\/\/anadolupet.com.tr\/wp-content\/uploads\/2026\/03\/1614666743370.jpg","width":800,"height":571,"caption":"Anadolu Pet Grup"},"image":{"@id":"https:\/\/anadolupet.com.tr\/#\/schema\/logo\/image\/"}}]}},"_links":{"self":[{"href":"https:\/\/anadolupet.com.tr\/en\/wp-json\/wp\/v2\/product\/45070","targetHints":{"allow":["GET"]}}],"collection":[{"href":"https:\/\/anadolupet.com.tr\/en\/wp-json\/wp\/v2\/product"}],"about":[{"href":"https:\/\/anadolupet.com.tr\/en\/wp-json\/wp\/v2\/types\/product"}],"replies":[{"embeddable":true,"href":"https:\/\/anadolupet.com.tr\/en\/wp-json\/wp\/v2\/comments?post=45070"}],"wp:featuredmedia":[{"embeddable":true,"href":"https:\/\/anadolupet.com.tr\/en\/wp-json\/wp\/v2\/media\/42673"}],"wp:attachment":[{"href":"https:\/\/anadolupet.com.tr\/en\/wp-json\/wp\/v2\/media?parent=45070"}],"wp:term":[{"taxonomy":"product_brand","embeddable":true,"href":"https:\/\/anadolupet.com.tr\/en\/wp-json\/wp\/v2\/product_brand?post=45070"},{"taxonomy":"product_cat","embeddable":true,"href":"https:\/\/anadolupet.com.tr\/en\/wp-json\/wp\/v2\/product_cat?post=45070"},{"taxonomy":"product_tag","embeddable":true,"href":"https:\/\/anadolupet.com.tr\/en\/wp-json\/wp\/v2\/product_tag?post=45070"}],"curies":[{"name":"wp","href":"https:\/\/api.w.org\/{rel}","templated":true}]}}