{"id":45083,"date":"2026-02-14T14:40:33","date_gmt":"2026-02-14T14:40:33","guid":{"rendered":"https:\/\/anadolupet.com.tr\/?post_type=product&#038;p=45083"},"modified":"2026-02-23T12:48:22","modified_gmt":"2026-02-23T12:48:22","slug":"eheim-professionel-4t-250-dis-filtre","status":"publish","type":"product","link":"https:\/\/anadolupet.com.tr\/en\/urun\/eheim-professionel-4t-250-dis-filtre\/","title":{"rendered":"EHEIM Professionel 4+T 250 D\u0131\u015f Filtre"},"content":{"rendered":"","protected":false},"excerpt":{"rendered":"<p>EHEIM professionel 4+, d\u0131\u015f filtre teknolojisinin en geli\u015fmi\u015f neslidir ve art\u0131k entegre \u201cXtender\u201d acil durum butonu ile donat\u0131lm\u0131\u015ft\u0131r. Bu yenilik sayesinde, ince filtre medyas\u0131n\u0131n t\u0131kanmas\u0131 durumunda ak\u0131\u015f y\u00f6n\u00fc yeniden d\u00fczenlenebilir. B\u00f6ylece biyolojik filtrasyon korunur ve bak\u0131m aral\u0131\u011f\u0131 birka\u00e7 g\u00fcn uzat\u0131labilir.<br \/>\nBu seride, professionel 3 serisinin t\u00fcm avantajlar\u0131 (y\u00fcksek performans, enerji verimlili\u011fi, sessiz \u00e7al\u0131\u015fma, kolay ba\u015flatma, g\u00fcvenlik hortum adapt\u00f6r\u00fc) korunmu\u015f, \u00fczerine yeni teknolojiler eklenmi\u015ftir. Kare tasar\u0131ml\u0131 hazne, y\u00fcksek filtre hacmi sunar, k\u00f6\u015felere uyum sa\u011flar ve fazla yer kaplamaz.<br \/>\nSeri, 250, 350 ve 600 litreye kadar akvaryumlar i\u00e7in \u00fc\u00e7 farkl\u0131 modelde sunulmaktad\u0131r. 250 ve 350 modelleri ayr\u0131ca \u0131s\u0131t\u0131c\u0131 entegre (Thermo \u2013 T) versiyonlar\u0131yla da mevcuttur.<br \/>\nAvantajlar ve \u00d6zellikler<br \/>\nXtender acil durum butonu: \u0130nce filtre pedi t\u0131kand\u0131\u011f\u0131nda ak\u0131\u015f y\u00f6n\u00fcn\u00fc de\u011fi\u015ftirerek biyolojik filtrasyonu korur<br \/>\nKare tasar\u0131ml\u0131 hazne: stabilite, geni\u015f filtre hacmi, k\u00f6\u015felere uyum<br \/>\nSelf priming: h\u0131zl\u0131 ve kolay ba\u015flatma, karma\u015f\u0131k emi\u015f y\u00f6ntemlerine gerek yok<br \/>\nG\u00fcvenlik hortum adapt\u00f6r\u00fc: hortum adapt\u00f6r\u00fc yaln\u0131zca vanalar kapal\u0131yken serbest b\u0131rak\u0131labilir<br \/>\n\u00d6n filtre: b\u00fcy\u00fck kir par\u00e7ac\u0131klar\u0131n\u0131 yakalar, ana filtre medyas\u0131n\u0131n \u00f6mr\u00fcn\u00fc uzat\u0131r<br \/>\nFiltre sepetleri: biyolojik ve mekanik medya i\u00e7in ayr\u0131 sepetler; kolay \u00e7\u0131kar\u0131labilir ve temizlenebilir<br \/>\nEasy Clean sistemi: filtre sepetlerinin i\u00e7erikleri pratik \u015fekilde temizlenebilir<br \/>\nSessiz \u00e7al\u0131\u015fma: seramik miller ve y\u00fcksek performansl\u0131 rulmanlar sayesinde uzun \u00f6m\u00fcrl\u00fc ve sessiz kullan\u0131m<br \/>\nKuruluma haz\u0131r: orijinal EHEIM filtre malzemeleri, giri\u015f-\u00e7\u0131k\u0131\u015f borular\u0131, hortum ve kurulum aksesuarlar\u0131 dahil<br \/>\nModel Se\u00e7enekleri<br \/>\nprofessionel 4+ 250 \u2013 250 litreye kadar akvaryumlar i\u00e7in<br \/>\nprofessionel 4+ 350 \u2013 350 litreye kadar akvaryumlar i\u00e7in (Thermo versiyonu mevcut)<br \/>\nprofessionel 4+ 600 \u2013 600 litreye kadar akvaryumlar i\u00e7in<\/p>","protected":false},"featured_media":42319,"comment_status":"open","ping_status":"closed","template":"","meta":{"_acf_changed":false},"product_brand":[],"product_cat":[2382],"product_tag":[],"class_list":{"0":"post-45083","1":"product","2":"type-product","3":"status-publish","4":"has-post-thumbnail","6":"product_cat-dis-filtreler","8":"first","9":"instock","10":"shipping-taxable","11":"product-type-simple"},"acf":[],"yoast_head":"<!-- This site is optimized with the Yoast SEO plugin v27.5 - https:\/\/yoast.com\/product\/yoast-seo-wordpress\/ -->\n<title>EHEIM Professionel 4+T 250 D\u0131\u015f Filtre - Anadolu Pet Grup<\/title>\n<meta name=\"robots\" content=\"index, follow, max-snippet:-1, max-image-preview:large, max-video-preview:-1\" \/>\n<link rel=\"canonical\" href=\"https:\/\/anadolupet.com.tr\/en\/product\/eheim-professionel-4t-250-dis-filtre\/\" \/>\n<meta property=\"og:locale\" content=\"en_US\" \/>\n<meta property=\"og:type\" content=\"article\" \/>\n<meta property=\"og:title\" content=\"EHEIM Professionel 4+T 250 D\u0131\u015f Filtre - Anadolu Pet Grup\" \/>\n<meta property=\"og:description\" content=\"EHEIM professionel 4+, d\u0131\u015f filtre teknolojisinin en geli\u015fmi\u015f neslidir ve art\u0131k entegre \u201cXtender\u201d acil durum butonu ile donat\u0131lm\u0131\u015ft\u0131r. Bu yenilik sayesinde, ince filtre medyas\u0131n\u0131n t\u0131kanmas\u0131 durumunda ak\u0131\u015f y\u00f6n\u00fc yeniden d\u00fczenlenebilir. B\u00f6ylece biyolojik filtrasyon korunur ve bak\u0131m aral\u0131\u011f\u0131 birka\u00e7 g\u00fcn uzat\u0131labilir. Bu seride, professionel 3 serisinin t\u00fcm avantajlar\u0131 (y\u00fcksek performans, enerji verimlili\u011fi, sessiz \u00e7al\u0131\u015fma, kolay ba\u015flatma, g\u00fcvenlik hortum adapt\u00f6r\u00fc) korunmu\u015f, \u00fczerine yeni teknolojiler eklenmi\u015ftir. Kare tasar\u0131ml\u0131 hazne, y\u00fcksek filtre hacmi sunar, k\u00f6\u015felere uyum sa\u011flar ve fazla yer kaplamaz. Seri, 250, 350 ve 600 litreye kadar akvaryumlar i\u00e7in \u00fc\u00e7 farkl\u0131 modelde sunulmaktad\u0131r. 250 ve 350 modelleri ayr\u0131ca \u0131s\u0131t\u0131c\u0131 entegre (Thermo \u2013 T) versiyonlar\u0131yla da mevcuttur. Avantajlar ve \u00d6zellikler Xtender acil durum butonu: \u0130nce filtre pedi t\u0131kand\u0131\u011f\u0131nda ak\u0131\u015f y\u00f6n\u00fcn\u00fc de\u011fi\u015ftirerek biyolojik filtrasyonu korur Kare tasar\u0131ml\u0131 hazne: stabilite, geni\u015f filtre hacmi, k\u00f6\u015felere uyum Self priming: h\u0131zl\u0131 ve kolay ba\u015flatma, karma\u015f\u0131k emi\u015f y\u00f6ntemlerine gerek yok G\u00fcvenlik hortum adapt\u00f6r\u00fc: hortum adapt\u00f6r\u00fc yaln\u0131zca vanalar kapal\u0131yken serbest b\u0131rak\u0131labilir \u00d6n filtre: b\u00fcy\u00fck kir par\u00e7ac\u0131klar\u0131n\u0131 yakalar, ana filtre medyas\u0131n\u0131n \u00f6mr\u00fcn\u00fc uzat\u0131r Filtre sepetleri: biyolojik ve mekanik medya i\u00e7in ayr\u0131 sepetler; kolay \u00e7\u0131kar\u0131labilir ve temizlenebilir Easy Clean sistemi: filtre sepetlerinin i\u00e7erikleri pratik \u015fekilde temizlenebilir Sessiz \u00e7al\u0131\u015fma: seramik miller ve y\u00fcksek performansl\u0131 rulmanlar sayesinde uzun \u00f6m\u00fcrl\u00fc ve sessiz kullan\u0131m Kuruluma haz\u0131r: orijinal EHEIM filtre malzemeleri, giri\u015f-\u00e7\u0131k\u0131\u015f borular\u0131, hortum ve kurulum aksesuarlar\u0131 dahil Model Se\u00e7enekleri professionel 4+ 250 \u2013 250 litreye kadar akvaryumlar i\u00e7in professionel 4+ 350 \u2013 350 litreye kadar akvaryumlar i\u00e7in (Thermo versiyonu mevcut) professionel 4+ 600 \u2013 600 litreye kadar akvaryumlar i\u00e7in\" \/>\n<meta property=\"og:url\" content=\"https:\/\/anadolupet.com.tr\/en\/product\/eheim-professionel-4t-250-dis-filtre\/\" \/>\n<meta property=\"og:site_name\" content=\"Anadolu Pet Grup\" \/>\n<meta property=\"article:modified_time\" content=\"2026-02-23T12:48:22+00:00\" \/>\n<meta property=\"og:image\" content=\"https:\/\/anadolupet.com.tr\/wp-content\/uploads\/2026\/02\/105-2371020.jpg\" \/>\n\t<meta property=\"og:image:width\" content=\"750\" \/>\n\t<meta property=\"og:image:height\" content=\"750\" \/>\n\t<meta property=\"og:image:type\" content=\"image\/jpeg\" \/>\n<meta name=\"twitter:card\" content=\"summary_large_image\" \/>\n<script type=\"application\/ld+json\" class=\"yoast-schema-graph\">{\"@context\":\"https:\\\/\\\/schema.org\",\"@graph\":[{\"@type\":\"WebPage\",\"@id\":\"https:\\\/\\\/anadolupet.com.tr\\\/urun\\\/eheim-professionel-4t-250-dis-filtre\\\/\",\"url\":\"https:\\\/\\\/anadolupet.com.tr\\\/urun\\\/eheim-professionel-4t-250-dis-filtre\\\/\",\"name\":\"EHEIM Professionel 4+T 250 D\u0131\u015f Filtre - Anadolu Pet Grup\",\"isPartOf\":{\"@id\":\"https:\\\/\\\/anadolupet.com.tr\\\/#website\"},\"primaryImageOfPage\":{\"@id\":\"https:\\\/\\\/anadolupet.com.tr\\\/urun\\\/eheim-professionel-4t-250-dis-filtre\\\/#primaryimage\"},\"image\":{\"@id\":\"https:\\\/\\\/anadolupet.com.tr\\\/urun\\\/eheim-professionel-4t-250-dis-filtre\\\/#primaryimage\"},\"thumbnailUrl\":\"https:\\\/\\\/anadolupet.com.tr\\\/wp-content\\\/uploads\\\/2026\\\/02\\\/105-2371020.jpg\",\"datePublished\":\"2026-02-14T14:40:33+00:00\",\"dateModified\":\"2026-02-23T12:48:22+00:00\",\"breadcrumb\":{\"@id\":\"https:\\\/\\\/anadolupet.com.tr\\\/urun\\\/eheim-professionel-4t-250-dis-filtre\\\/#breadcrumb\"},\"inLanguage\":\"en-US\",\"potentialAction\":[{\"@type\":\"ReadAction\",\"target\":[\"https:\\\/\\\/anadolupet.com.tr\\\/urun\\\/eheim-professionel-4t-250-dis-filtre\\\/\"]}]},{\"@type\":\"ImageObject\",\"inLanguage\":\"en-US\",\"@id\":\"https:\\\/\\\/anadolupet.com.tr\\\/urun\\\/eheim-professionel-4t-250-dis-filtre\\\/#primaryimage\",\"url\":\"https:\\\/\\\/anadolupet.com.tr\\\/wp-content\\\/uploads\\\/2026\\\/02\\\/105-2371020.jpg\",\"contentUrl\":\"https:\\\/\\\/anadolupet.com.tr\\\/wp-content\\\/uploads\\\/2026\\\/02\\\/105-2371020.jpg\",\"width\":750,\"height\":750},{\"@type\":\"BreadcrumbList\",\"@id\":\"https:\\\/\\\/anadolupet.com.tr\\\/urun\\\/eheim-professionel-4t-250-dis-filtre\\\/#breadcrumb\",\"itemListElement\":[{\"@type\":\"ListItem\",\"position\":1,\"name\":\"Anasayfa\",\"item\":\"https:\\\/\\\/anadolupet.com.tr\\\/\"},{\"@type\":\"ListItem\",\"position\":2,\"name\":\"\u00dcr\u00fcnler\",\"item\":\"https:\\\/\\\/anadolupet.com.tr\\\/urunler\\\/\"},{\"@type\":\"ListItem\",\"position\":3,\"name\":\"EHEIM Professionel 4+T 250 D\u0131\u015f Filtre\"}]},{\"@type\":\"WebSite\",\"@id\":\"https:\\\/\\\/anadolupet.com.tr\\\/#website\",\"url\":\"https:\\\/\\\/anadolupet.com.tr\\\/\",\"name\":\"Anadolu Pet Grup\",\"description\":\"Her Can\u0131n \u0130yi Ya\u015fam\u0131 \u0130\u00e7in Biraraday\u0131z\",\"publisher\":{\"@id\":\"https:\\\/\\\/anadolupet.com.tr\\\/#organization\"},\"potentialAction\":[{\"@type\":\"SearchAction\",\"target\":{\"@type\":\"EntryPoint\",\"urlTemplate\":\"https:\\\/\\\/anadolupet.com.tr\\\/?s={search_term_string}\"},\"query-input\":{\"@type\":\"PropertyValueSpecification\",\"valueRequired\":true,\"valueName\":\"search_term_string\"}}],\"inLanguage\":\"en-US\"},{\"@type\":\"Organization\",\"@id\":\"https:\\\/\\\/anadolupet.com.tr\\\/#organization\",\"name\":\"Anadolu Pet Grup\",\"alternateName\":\"Anadolu Pet\",\"url\":\"https:\\\/\\\/anadolupet.com.tr\\\/\",\"logo\":{\"@type\":\"ImageObject\",\"inLanguage\":\"en-US\",\"@id\":\"https:\\\/\\\/anadolupet.com.tr\\\/#\\\/schema\\\/logo\\\/image\\\/\",\"url\":\"https:\\\/\\\/anadolupet.com.tr\\\/wp-content\\\/uploads\\\/2026\\\/03\\\/1614666743370.jpg\",\"contentUrl\":\"https:\\\/\\\/anadolupet.com.tr\\\/wp-content\\\/uploads\\\/2026\\\/03\\\/1614666743370.jpg\",\"width\":800,\"height\":571,\"caption\":\"Anadolu Pet Grup\"},\"image\":{\"@id\":\"https:\\\/\\\/anadolupet.com.tr\\\/#\\\/schema\\\/logo\\\/image\\\/\"}}]}<\/script>\n<!-- \/ Yoast SEO plugin. -->","yoast_head_json":{"title":"EHEIM Professionel 4+T 250 D\u0131\u015f Filtre - Anadolu Pet Grup","robots":{"index":"index","follow":"follow","max-snippet":"max-snippet:-1","max-image-preview":"max-image-preview:large","max-video-preview":"max-video-preview:-1"},"canonical":"https:\/\/anadolupet.com.tr\/en\/product\/eheim-professionel-4t-250-dis-filtre\/","og_locale":"en_US","og_type":"article","og_title":"EHEIM Professionel 4+T 250 D\u0131\u015f Filtre - Anadolu Pet Grup","og_description":"EHEIM professionel 4+, d\u0131\u015f filtre teknolojisinin en geli\u015fmi\u015f neslidir ve art\u0131k entegre \u201cXtender\u201d acil durum butonu ile donat\u0131lm\u0131\u015ft\u0131r. Bu yenilik sayesinde, ince filtre medyas\u0131n\u0131n t\u0131kanmas\u0131 durumunda ak\u0131\u015f y\u00f6n\u00fc yeniden d\u00fczenlenebilir. B\u00f6ylece biyolojik filtrasyon korunur ve bak\u0131m aral\u0131\u011f\u0131 birka\u00e7 g\u00fcn uzat\u0131labilir. Bu seride, professionel 3 serisinin t\u00fcm avantajlar\u0131 (y\u00fcksek performans, enerji verimlili\u011fi, sessiz \u00e7al\u0131\u015fma, kolay ba\u015flatma, g\u00fcvenlik hortum adapt\u00f6r\u00fc) korunmu\u015f, \u00fczerine yeni teknolojiler eklenmi\u015ftir. Kare tasar\u0131ml\u0131 hazne, y\u00fcksek filtre hacmi sunar, k\u00f6\u015felere uyum sa\u011flar ve fazla yer kaplamaz. Seri, 250, 350 ve 600 litreye kadar akvaryumlar i\u00e7in \u00fc\u00e7 farkl\u0131 modelde sunulmaktad\u0131r. 250 ve 350 modelleri ayr\u0131ca \u0131s\u0131t\u0131c\u0131 entegre (Thermo \u2013 T) versiyonlar\u0131yla da mevcuttur. Avantajlar ve \u00d6zellikler Xtender acil durum butonu: \u0130nce filtre pedi t\u0131kand\u0131\u011f\u0131nda ak\u0131\u015f y\u00f6n\u00fcn\u00fc de\u011fi\u015ftirerek biyolojik filtrasyonu korur Kare tasar\u0131ml\u0131 hazne: stabilite, geni\u015f filtre hacmi, k\u00f6\u015felere uyum Self priming: h\u0131zl\u0131 ve kolay ba\u015flatma, karma\u015f\u0131k emi\u015f y\u00f6ntemlerine gerek yok G\u00fcvenlik hortum adapt\u00f6r\u00fc: hortum adapt\u00f6r\u00fc yaln\u0131zca vanalar kapal\u0131yken serbest b\u0131rak\u0131labilir \u00d6n filtre: b\u00fcy\u00fck kir par\u00e7ac\u0131klar\u0131n\u0131 yakalar, ana filtre medyas\u0131n\u0131n \u00f6mr\u00fcn\u00fc uzat\u0131r Filtre sepetleri: biyolojik ve mekanik medya i\u00e7in ayr\u0131 sepetler; kolay \u00e7\u0131kar\u0131labilir ve temizlenebilir Easy Clean sistemi: filtre sepetlerinin i\u00e7erikleri pratik \u015fekilde temizlenebilir Sessiz \u00e7al\u0131\u015fma: seramik miller ve y\u00fcksek performansl\u0131 rulmanlar sayesinde uzun \u00f6m\u00fcrl\u00fc ve sessiz kullan\u0131m Kuruluma haz\u0131r: orijinal EHEIM filtre malzemeleri, giri\u015f-\u00e7\u0131k\u0131\u015f borular\u0131, hortum ve kurulum aksesuarlar\u0131 dahil Model Se\u00e7enekleri professionel 4+ 250 \u2013 250 litreye kadar akvaryumlar i\u00e7in professionel 4+ 350 \u2013 350 litreye kadar akvaryumlar i\u00e7in (Thermo versiyonu mevcut) professionel 4+ 600 \u2013 600 litreye kadar akvaryumlar i\u00e7in","og_url":"https:\/\/anadolupet.com.tr\/en\/product\/eheim-professionel-4t-250-dis-filtre\/","og_site_name":"Anadolu Pet Grup","article_modified_time":"2026-02-23T12:48:22+00:00","og_image":[{"width":750,"height":750,"url":"https:\/\/anadolupet.com.tr\/wp-content\/uploads\/2026\/02\/105-2371020.jpg","type":"image\/jpeg"}],"twitter_card":"summary_large_image","schema":{"@context":"https:\/\/schema.org","@graph":[{"@type":"WebPage","@id":"https:\/\/anadolupet.com.tr\/urun\/eheim-professionel-4t-250-dis-filtre\/","url":"https:\/\/anadolupet.com.tr\/urun\/eheim-professionel-4t-250-dis-filtre\/","name":"EHEIM Professionel 4+T 250 D\u0131\u015f Filtre - Anadolu Pet Grup","isPartOf":{"@id":"https:\/\/anadolupet.com.tr\/#website"},"primaryImageOfPage":{"@id":"https:\/\/anadolupet.com.tr\/urun\/eheim-professionel-4t-250-dis-filtre\/#primaryimage"},"image":{"@id":"https:\/\/anadolupet.com.tr\/urun\/eheim-professionel-4t-250-dis-filtre\/#primaryimage"},"thumbnailUrl":"https:\/\/anadolupet.com.tr\/wp-content\/uploads\/2026\/02\/105-2371020.jpg","datePublished":"2026-02-14T14:40:33+00:00","dateModified":"2026-02-23T12:48:22+00:00","breadcrumb":{"@id":"https:\/\/anadolupet.com.tr\/urun\/eheim-professionel-4t-250-dis-filtre\/#breadcrumb"},"inLanguage":"en-US","potentialAction":[{"@type":"ReadAction","target":["https:\/\/anadolupet.com.tr\/urun\/eheim-professionel-4t-250-dis-filtre\/"]}]},{"@type":"ImageObject","inLanguage":"en-US","@id":"https:\/\/anadolupet.com.tr\/urun\/eheim-professionel-4t-250-dis-filtre\/#primaryimage","url":"https:\/\/anadolupet.com.tr\/wp-content\/uploads\/2026\/02\/105-2371020.jpg","contentUrl":"https:\/\/anadolupet.com.tr\/wp-content\/uploads\/2026\/02\/105-2371020.jpg","width":750,"height":750},{"@type":"BreadcrumbList","@id":"https:\/\/anadolupet.com.tr\/urun\/eheim-professionel-4t-250-dis-filtre\/#breadcrumb","itemListElement":[{"@type":"ListItem","position":1,"name":"Anasayfa","item":"https:\/\/anadolupet.com.tr\/"},{"@type":"ListItem","position":2,"name":"\u00dcr\u00fcnler","item":"https:\/\/anadolupet.com.tr\/urunler\/"},{"@type":"ListItem","position":3,"name":"EHEIM Professionel 4+T 250 D\u0131\u015f Filtre"}]},{"@type":"WebSite","@id":"https:\/\/anadolupet.com.tr\/#website","url":"https:\/\/anadolupet.com.tr\/","name":"Anadolu Pet Group","description":"We Stand Together for the Well-Being of Every Life","publisher":{"@id":"https:\/\/anadolupet.com.tr\/#organization"},"potentialAction":[{"@type":"SearchAction","target":{"@type":"EntryPoint","urlTemplate":"https:\/\/anadolupet.com.tr\/?s={search_term_string}"},"query-input":{"@type":"PropertyValueSpecification","valueRequired":true,"valueName":"search_term_string"}}],"inLanguage":"en-US"},{"@type":"Organization","@id":"https:\/\/anadolupet.com.tr\/#organization","name":"Anadolu Pet Group","alternateName":"Anadolu Pet","url":"https:\/\/anadolupet.com.tr\/","logo":{"@type":"ImageObject","inLanguage":"en-US","@id":"https:\/\/anadolupet.com.tr\/#\/schema\/logo\/image\/","url":"https:\/\/anadolupet.com.tr\/wp-content\/uploads\/2026\/03\/1614666743370.jpg","contentUrl":"https:\/\/anadolupet.com.tr\/wp-content\/uploads\/2026\/03\/1614666743370.jpg","width":800,"height":571,"caption":"Anadolu Pet Grup"},"image":{"@id":"https:\/\/anadolupet.com.tr\/#\/schema\/logo\/image\/"}}]}},"_links":{"self":[{"href":"https:\/\/anadolupet.com.tr\/en\/wp-json\/wp\/v2\/product\/45083","targetHints":{"allow":["GET"]}}],"collection":[{"href":"https:\/\/anadolupet.com.tr\/en\/wp-json\/wp\/v2\/product"}],"about":[{"href":"https:\/\/anadolupet.com.tr\/en\/wp-json\/wp\/v2\/types\/product"}],"replies":[{"embeddable":true,"href":"https:\/\/anadolupet.com.tr\/en\/wp-json\/wp\/v2\/comments?post=45083"}],"wp:featuredmedia":[{"embeddable":true,"href":"https:\/\/anadolupet.com.tr\/en\/wp-json\/wp\/v2\/media\/42319"}],"wp:attachment":[{"href":"https:\/\/anadolupet.com.tr\/en\/wp-json\/wp\/v2\/media?parent=45083"}],"wp:term":[{"taxonomy":"product_brand","embeddable":true,"href":"https:\/\/anadolupet.com.tr\/en\/wp-json\/wp\/v2\/product_brand?post=45083"},{"taxonomy":"product_cat","embeddable":true,"href":"https:\/\/anadolupet.com.tr\/en\/wp-json\/wp\/v2\/product_cat?post=45083"},{"taxonomy":"product_tag","embeddable":true,"href":"https:\/\/anadolupet.com.tr\/en\/wp-json\/wp\/v2\/product_tag?post=45083"}],"curies":[{"name":"wp","href":"https:\/\/api.w.org\/{rel}","templated":true}]}}