{"id":45095,"date":"2026-02-14T14:40:34","date_gmt":"2026-02-14T14:40:34","guid":{"rendered":"https:\/\/anadolupet.com.tr\/?post_type=product&#038;p=45095"},"modified":"2026-02-23T12:48:23","modified_gmt":"2026-02-23T12:48:23","slug":"eheim-rapid-cleaner-akvaryum-temizleme-sungeri","status":"publish","type":"product","link":"https:\/\/anadolupet.com.tr\/en\/urun\/eheim-rapid-cleaner-akvaryum-temizleme-sungeri\/","title":{"rendered":"EHEIM Rapid Cleaner Akvaryum Temizleme S\u00fcngeri"},"content":{"rendered":"","protected":false},"excerpt":{"rendered":"<p>EHEIM rapidCleaner i\u00e7in \u00f6zel olarak tasarlanm\u0131\u015f d\u00fcz temizlik s\u00fcngeri, akvaryum cam y\u00fczeylerinin h\u0131zl\u0131 ve etkili \u015fekilde temizlenmesini sa\u011flar. Yosun ve kirleri kolayca giderir, t\u00fcm cam y\u00fczeylerde g\u00fcvenle kullan\u0131labilir.<br \/>\n\u00d6ne \u00c7\u0131kan \u00d6zellikler<br \/>\nUyumlu Kullan\u0131m: EHEIM rapidCleaner ile tam uyumlu.<br \/>\nEtkili Temizlik: Yosun ve kirleri h\u0131zl\u0131 \u015fekilde temizler.<br \/>\nGeni\u015f Kullan\u0131m Alan\u0131: T\u00fcm akvaryum cam y\u00fczeylerinde kullan\u0131labilir.<br \/>\nPratik \u00c7\u00f6z\u00fcm: Kolay kullan\u0131m, zahmetsiz temizlik.<\/p>","protected":false},"featured_media":42408,"comment_status":"open","ping_status":"closed","template":"","meta":{"_acf_changed":false},"product_brand":[],"product_cat":[2416],"product_tag":[],"class_list":{"0":"post-45095","1":"product","2":"type-product","3":"status-publish","4":"has-post-thumbnail","6":"product_cat-temizlik-ve-bakim","8":"first","9":"instock","10":"shipping-taxable","11":"product-type-simple"},"acf":[],"yoast_head":"<!-- This site is optimized with the Yoast SEO plugin v27.4 - https:\/\/yoast.com\/product\/yoast-seo-wordpress\/ -->\n<title>EHEIM Rapid Cleaner Akvaryum Temizleme S\u00fcngeri - Anadolu Pet Grup<\/title>\n<meta name=\"robots\" content=\"index, follow, max-snippet:-1, max-image-preview:large, max-video-preview:-1\" \/>\n<link rel=\"canonical\" href=\"https:\/\/anadolupet.com.tr\/en\/product\/eheim-rapid-cleaner-akvaryum-temizleme-sungeri\/\" \/>\n<meta property=\"og:locale\" content=\"en_US\" \/>\n<meta property=\"og:type\" content=\"article\" \/>\n<meta property=\"og:title\" content=\"EHEIM Rapid Cleaner Akvaryum Temizleme S\u00fcngeri - Anadolu Pet Grup\" \/>\n<meta property=\"og:description\" content=\"EHEIM rapidCleaner i\u00e7in \u00f6zel olarak tasarlanm\u0131\u015f d\u00fcz temizlik s\u00fcngeri, akvaryum cam y\u00fczeylerinin h\u0131zl\u0131 ve etkili \u015fekilde temizlenmesini sa\u011flar. Yosun ve kirleri kolayca giderir, t\u00fcm cam y\u00fczeylerde g\u00fcvenle kullan\u0131labilir. \u00d6ne \u00c7\u0131kan \u00d6zellikler Uyumlu Kullan\u0131m: EHEIM rapidCleaner ile tam uyumlu. Etkili Temizlik: Yosun ve kirleri h\u0131zl\u0131 \u015fekilde temizler. Geni\u015f Kullan\u0131m Alan\u0131: T\u00fcm akvaryum cam y\u00fczeylerinde kullan\u0131labilir. Pratik \u00c7\u00f6z\u00fcm: Kolay kullan\u0131m, zahmetsiz temizlik.\" \/>\n<meta property=\"og:url\" content=\"https:\/\/anadolupet.com.tr\/en\/product\/eheim-rapid-cleaner-akvaryum-temizleme-sungeri\/\" \/>\n<meta property=\"og:site_name\" content=\"Anadolu Pet Grup\" \/>\n<meta property=\"article:modified_time\" content=\"2026-02-23T12:48:23+00:00\" \/>\n<meta property=\"og:image\" content=\"https:\/\/anadolupet.com.tr\/wp-content\/uploads\/2026\/02\/105-3591002.jpg\" \/>\n\t<meta property=\"og:image:width\" content=\"750\" \/>\n\t<meta property=\"og:image:height\" content=\"750\" \/>\n\t<meta property=\"og:image:type\" content=\"image\/jpeg\" \/>\n<meta name=\"twitter:card\" content=\"summary_large_image\" \/>\n<script type=\"application\/ld+json\" class=\"yoast-schema-graph\">{\"@context\":\"https:\\\/\\\/schema.org\",\"@graph\":[{\"@type\":\"WebPage\",\"@id\":\"https:\\\/\\\/anadolupet.com.tr\\\/urun\\\/eheim-rapid-cleaner-akvaryum-temizleme-sungeri\\\/\",\"url\":\"https:\\\/\\\/anadolupet.com.tr\\\/urun\\\/eheim-rapid-cleaner-akvaryum-temizleme-sungeri\\\/\",\"name\":\"EHEIM Rapid Cleaner Akvaryum Temizleme S\u00fcngeri - Anadolu Pet Grup\",\"isPartOf\":{\"@id\":\"https:\\\/\\\/anadolupet.com.tr\\\/#website\"},\"primaryImageOfPage\":{\"@id\":\"https:\\\/\\\/anadolupet.com.tr\\\/urun\\\/eheim-rapid-cleaner-akvaryum-temizleme-sungeri\\\/#primaryimage\"},\"image\":{\"@id\":\"https:\\\/\\\/anadolupet.com.tr\\\/urun\\\/eheim-rapid-cleaner-akvaryum-temizleme-sungeri\\\/#primaryimage\"},\"thumbnailUrl\":\"https:\\\/\\\/anadolupet.com.tr\\\/wp-content\\\/uploads\\\/2026\\\/02\\\/105-3591002.jpg\",\"datePublished\":\"2026-02-14T14:40:34+00:00\",\"dateModified\":\"2026-02-23T12:48:23+00:00\",\"breadcrumb\":{\"@id\":\"https:\\\/\\\/anadolupet.com.tr\\\/urun\\\/eheim-rapid-cleaner-akvaryum-temizleme-sungeri\\\/#breadcrumb\"},\"inLanguage\":\"en-US\",\"potentialAction\":[{\"@type\":\"ReadAction\",\"target\":[\"https:\\\/\\\/anadolupet.com.tr\\\/urun\\\/eheim-rapid-cleaner-akvaryum-temizleme-sungeri\\\/\"]}]},{\"@type\":\"ImageObject\",\"inLanguage\":\"en-US\",\"@id\":\"https:\\\/\\\/anadolupet.com.tr\\\/urun\\\/eheim-rapid-cleaner-akvaryum-temizleme-sungeri\\\/#primaryimage\",\"url\":\"https:\\\/\\\/anadolupet.com.tr\\\/wp-content\\\/uploads\\\/2026\\\/02\\\/105-3591002.jpg\",\"contentUrl\":\"https:\\\/\\\/anadolupet.com.tr\\\/wp-content\\\/uploads\\\/2026\\\/02\\\/105-3591002.jpg\",\"width\":750,\"height\":750},{\"@type\":\"BreadcrumbList\",\"@id\":\"https:\\\/\\\/anadolupet.com.tr\\\/urun\\\/eheim-rapid-cleaner-akvaryum-temizleme-sungeri\\\/#breadcrumb\",\"itemListElement\":[{\"@type\":\"ListItem\",\"position\":1,\"name\":\"Anasayfa\",\"item\":\"https:\\\/\\\/anadolupet.com.tr\\\/\"},{\"@type\":\"ListItem\",\"position\":2,\"name\":\"\u00dcr\u00fcnler\",\"item\":\"https:\\\/\\\/anadolupet.com.tr\\\/urunler\\\/\"},{\"@type\":\"ListItem\",\"position\":3,\"name\":\"EHEIM Rapid Cleaner Akvaryum Temizleme S\u00fcngeri\"}]},{\"@type\":\"WebSite\",\"@id\":\"https:\\\/\\\/anadolupet.com.tr\\\/#website\",\"url\":\"https:\\\/\\\/anadolupet.com.tr\\\/\",\"name\":\"Anadolu Pet Grup\",\"description\":\"Her Can\u0131n \u0130yi Ya\u015fam\u0131 \u0130\u00e7in Biraraday\u0131z\",\"publisher\":{\"@id\":\"https:\\\/\\\/anadolupet.com.tr\\\/#organization\"},\"potentialAction\":[{\"@type\":\"SearchAction\",\"target\":{\"@type\":\"EntryPoint\",\"urlTemplate\":\"https:\\\/\\\/anadolupet.com.tr\\\/?s={search_term_string}\"},\"query-input\":{\"@type\":\"PropertyValueSpecification\",\"valueRequired\":true,\"valueName\":\"search_term_string\"}}],\"inLanguage\":\"en-US\"},{\"@type\":\"Organization\",\"@id\":\"https:\\\/\\\/anadolupet.com.tr\\\/#organization\",\"name\":\"Anadolu Pet Grup\",\"alternateName\":\"Anadolu Pet\",\"url\":\"https:\\\/\\\/anadolupet.com.tr\\\/\",\"logo\":{\"@type\":\"ImageObject\",\"inLanguage\":\"en-US\",\"@id\":\"https:\\\/\\\/anadolupet.com.tr\\\/#\\\/schema\\\/logo\\\/image\\\/\",\"url\":\"https:\\\/\\\/anadolupet.com.tr\\\/wp-content\\\/uploads\\\/2026\\\/03\\\/1614666743370.jpg\",\"contentUrl\":\"https:\\\/\\\/anadolupet.com.tr\\\/wp-content\\\/uploads\\\/2026\\\/03\\\/1614666743370.jpg\",\"width\":800,\"height\":571,\"caption\":\"Anadolu Pet Grup\"},\"image\":{\"@id\":\"https:\\\/\\\/anadolupet.com.tr\\\/#\\\/schema\\\/logo\\\/image\\\/\"}}]}<\/script>\n<!-- \/ Yoast SEO plugin. -->","yoast_head_json":{"title":"EHEIM Rapid Cleaner Akvaryum Temizleme S\u00fcngeri - Anadolu Pet Grup","robots":{"index":"index","follow":"follow","max-snippet":"max-snippet:-1","max-image-preview":"max-image-preview:large","max-video-preview":"max-video-preview:-1"},"canonical":"https:\/\/anadolupet.com.tr\/en\/product\/eheim-rapid-cleaner-akvaryum-temizleme-sungeri\/","og_locale":"en_US","og_type":"article","og_title":"EHEIM Rapid Cleaner Akvaryum Temizleme S\u00fcngeri - Anadolu Pet Grup","og_description":"EHEIM rapidCleaner i\u00e7in \u00f6zel olarak tasarlanm\u0131\u015f d\u00fcz temizlik s\u00fcngeri, akvaryum cam y\u00fczeylerinin h\u0131zl\u0131 ve etkili \u015fekilde temizlenmesini sa\u011flar. Yosun ve kirleri kolayca giderir, t\u00fcm cam y\u00fczeylerde g\u00fcvenle kullan\u0131labilir. \u00d6ne \u00c7\u0131kan \u00d6zellikler Uyumlu Kullan\u0131m: EHEIM rapidCleaner ile tam uyumlu. Etkili Temizlik: Yosun ve kirleri h\u0131zl\u0131 \u015fekilde temizler. Geni\u015f Kullan\u0131m Alan\u0131: T\u00fcm akvaryum cam y\u00fczeylerinde kullan\u0131labilir. Pratik \u00c7\u00f6z\u00fcm: Kolay kullan\u0131m, zahmetsiz temizlik.","og_url":"https:\/\/anadolupet.com.tr\/en\/product\/eheim-rapid-cleaner-akvaryum-temizleme-sungeri\/","og_site_name":"Anadolu Pet Grup","article_modified_time":"2026-02-23T12:48:23+00:00","og_image":[{"width":750,"height":750,"url":"https:\/\/anadolupet.com.tr\/wp-content\/uploads\/2026\/02\/105-3591002.jpg","type":"image\/jpeg"}],"twitter_card":"summary_large_image","schema":{"@context":"https:\/\/schema.org","@graph":[{"@type":"WebPage","@id":"https:\/\/anadolupet.com.tr\/urun\/eheim-rapid-cleaner-akvaryum-temizleme-sungeri\/","url":"https:\/\/anadolupet.com.tr\/urun\/eheim-rapid-cleaner-akvaryum-temizleme-sungeri\/","name":"EHEIM Rapid Cleaner Akvaryum Temizleme S\u00fcngeri - Anadolu Pet Grup","isPartOf":{"@id":"https:\/\/anadolupet.com.tr\/#website"},"primaryImageOfPage":{"@id":"https:\/\/anadolupet.com.tr\/urun\/eheim-rapid-cleaner-akvaryum-temizleme-sungeri\/#primaryimage"},"image":{"@id":"https:\/\/anadolupet.com.tr\/urun\/eheim-rapid-cleaner-akvaryum-temizleme-sungeri\/#primaryimage"},"thumbnailUrl":"https:\/\/anadolupet.com.tr\/wp-content\/uploads\/2026\/02\/105-3591002.jpg","datePublished":"2026-02-14T14:40:34+00:00","dateModified":"2026-02-23T12:48:23+00:00","breadcrumb":{"@id":"https:\/\/anadolupet.com.tr\/urun\/eheim-rapid-cleaner-akvaryum-temizleme-sungeri\/#breadcrumb"},"inLanguage":"en-US","potentialAction":[{"@type":"ReadAction","target":["https:\/\/anadolupet.com.tr\/urun\/eheim-rapid-cleaner-akvaryum-temizleme-sungeri\/"]}]},{"@type":"ImageObject","inLanguage":"en-US","@id":"https:\/\/anadolupet.com.tr\/urun\/eheim-rapid-cleaner-akvaryum-temizleme-sungeri\/#primaryimage","url":"https:\/\/anadolupet.com.tr\/wp-content\/uploads\/2026\/02\/105-3591002.jpg","contentUrl":"https:\/\/anadolupet.com.tr\/wp-content\/uploads\/2026\/02\/105-3591002.jpg","width":750,"height":750},{"@type":"BreadcrumbList","@id":"https:\/\/anadolupet.com.tr\/urun\/eheim-rapid-cleaner-akvaryum-temizleme-sungeri\/#breadcrumb","itemListElement":[{"@type":"ListItem","position":1,"name":"Anasayfa","item":"https:\/\/anadolupet.com.tr\/"},{"@type":"ListItem","position":2,"name":"\u00dcr\u00fcnler","item":"https:\/\/anadolupet.com.tr\/urunler\/"},{"@type":"ListItem","position":3,"name":"EHEIM Rapid Cleaner Akvaryum Temizleme S\u00fcngeri"}]},{"@type":"WebSite","@id":"https:\/\/anadolupet.com.tr\/#website","url":"https:\/\/anadolupet.com.tr\/","name":"Anadolu Pet Group","description":"We Stand Together for the Well-Being of Every Life","publisher":{"@id":"https:\/\/anadolupet.com.tr\/#organization"},"potentialAction":[{"@type":"SearchAction","target":{"@type":"EntryPoint","urlTemplate":"https:\/\/anadolupet.com.tr\/?s={search_term_string}"},"query-input":{"@type":"PropertyValueSpecification","valueRequired":true,"valueName":"search_term_string"}}],"inLanguage":"en-US"},{"@type":"Organization","@id":"https:\/\/anadolupet.com.tr\/#organization","name":"Anadolu Pet Group","alternateName":"Anadolu Pet","url":"https:\/\/anadolupet.com.tr\/","logo":{"@type":"ImageObject","inLanguage":"en-US","@id":"https:\/\/anadolupet.com.tr\/#\/schema\/logo\/image\/","url":"https:\/\/anadolupet.com.tr\/wp-content\/uploads\/2026\/03\/1614666743370.jpg","contentUrl":"https:\/\/anadolupet.com.tr\/wp-content\/uploads\/2026\/03\/1614666743370.jpg","width":800,"height":571,"caption":"Anadolu Pet Grup"},"image":{"@id":"https:\/\/anadolupet.com.tr\/#\/schema\/logo\/image\/"}}]}},"_links":{"self":[{"href":"https:\/\/anadolupet.com.tr\/en\/wp-json\/wp\/v2\/product\/45095","targetHints":{"allow":["GET"]}}],"collection":[{"href":"https:\/\/anadolupet.com.tr\/en\/wp-json\/wp\/v2\/product"}],"about":[{"href":"https:\/\/anadolupet.com.tr\/en\/wp-json\/wp\/v2\/types\/product"}],"replies":[{"embeddable":true,"href":"https:\/\/anadolupet.com.tr\/en\/wp-json\/wp\/v2\/comments?post=45095"}],"wp:featuredmedia":[{"embeddable":true,"href":"https:\/\/anadolupet.com.tr\/en\/wp-json\/wp\/v2\/media\/42408"}],"wp:attachment":[{"href":"https:\/\/anadolupet.com.tr\/en\/wp-json\/wp\/v2\/media?parent=45095"}],"wp:term":[{"taxonomy":"product_brand","embeddable":true,"href":"https:\/\/anadolupet.com.tr\/en\/wp-json\/wp\/v2\/product_brand?post=45095"},{"taxonomy":"product_cat","embeddable":true,"href":"https:\/\/anadolupet.com.tr\/en\/wp-json\/wp\/v2\/product_cat?post=45095"},{"taxonomy":"product_tag","embeddable":true,"href":"https:\/\/anadolupet.com.tr\/en\/wp-json\/wp\/v2\/product_tag?post=45095"}],"curies":[{"name":"wp","href":"https:\/\/api.w.org\/{rel}","templated":true}]}}