{"id":45098,"date":"2026-02-14T14:40:34","date_gmt":"2026-02-14T14:40:34","guid":{"rendered":"https:\/\/anadolupet.com.tr\/?post_type=product&#038;p=45098"},"modified":"2026-02-23T12:48:23","modified_gmt":"2026-02-23T12:48:23","slug":"eheim-rapid-cleaner-sapli-akvaryum-kazima-aparati","status":"publish","type":"product","link":"https:\/\/anadolupet.com.tr\/en\/urun\/eheim-rapid-cleaner-sapli-akvaryum-kazima-aparati\/","title":{"rendered":"EHEIM Rapid Cleaner Sapl\u0131 Akvaryum Kaz\u0131ma Aparat\u0131"},"content":{"rendered":"","protected":false},"excerpt":{"rendered":"<p>EHEIM rapidCleaner, akvaryum cam y\u00fczeylerini h\u0131zl\u0131 ve etkili \u015fekilde temizlemek i\u00e7in tasarlanm\u0131\u015f profesyonel bir temizlik arac\u0131d\u0131r. Yosun ve kirleri kolayca temizler, geni\u015f 8 cm \u00e7al\u0131\u015fma alan\u0131 sayesinde temizlik s\u00fcresini k\u0131salt\u0131r. B\u0131\u00e7ak de\u011fi\u015fimi i\u00e7in hi\u00e7bir alet gerekmez, bu da kullan\u0131m kolayl\u0131\u011f\u0131 sa\u011flar.<br \/>\nDayan\u0131kl\u0131 cam elyaf \u00e7ubu\u011fu ve hassas kesim b\u0131\u00e7a\u011f\u0131 ile uzun \u00f6m\u00fcrl\u00fcd\u00fcr. Entegre silikon koruma, cam yap\u0131\u015ft\u0131rma b\u00f6lgelerinin zarar g\u00f6rmesini engeller. Tatl\u0131 su ve deniz suyu akvaryumlar\u0131nda g\u00fcvenle kullan\u0131labilir. Ayr\u0131ca yedek b\u0131\u00e7ak (makale no. 3591004) ayr\u0131 olarak temin edilebilir.<br \/>\n\u00d6ne \u00c7\u0131kan \u00d6zellikler<br \/>\nH\u0131zl\u0131 ve Etkili Temizlik: Yosun ve kirleri k\u0131sa s\u00fcrede temizler.<br \/>\nKolay Kullan\u0131m: B\u0131\u00e7ak de\u011fi\u015fimi i\u00e7in ekstra alet gerekmez.<br \/>\nGeni\u015f \u00c7al\u0131\u015fma Alan\u0131: 8 cm b\u0131\u00e7ak geni\u015fli\u011fi ile h\u0131zl\u0131 sonu\u00e7.<br \/>\nKeskin ve G\u00fcvenli B\u0131\u00e7ak: Hassas kesim ve koruma kalkan\u0131 ile g\u00fcvenli kullan\u0131m.<br \/>\nUzun \u00d6m\u00fcrl\u00fc: Dayan\u0131kl\u0131 b\u0131\u00e7ak ve k\u0131r\u0131lmaz cam elyaf \u00e7ubuk.<br \/>\nEkstra Koruma: Silikon koruma, cam yap\u0131\u015ft\u0131rma b\u00f6lgelerinin zarar g\u00f6rmesini engeller.<br \/>\nTatl\u0131 ve Tuzlu Su Uyumu: Her iki akvaryum tipinde kullan\u0131labilir.<\/p>","protected":false},"featured_media":42406,"comment_status":"open","ping_status":"closed","template":"","meta":{"_acf_changed":false},"product_brand":[],"product_cat":[2416],"product_tag":[],"class_list":{"0":"post-45098","1":"product","2":"type-product","3":"status-publish","4":"has-post-thumbnail","6":"product_cat-temizlik-ve-bakim","8":"first","9":"instock","10":"shipping-taxable","11":"product-type-simple"},"acf":[],"yoast_head":"<!-- This site is optimized with the Yoast SEO plugin v27.4 - https:\/\/yoast.com\/product\/yoast-seo-wordpress\/ -->\n<title>EHEIM Rapid Cleaner Sapl\u0131 Akvaryum Kaz\u0131ma Aparat\u0131 - Anadolu Pet Grup<\/title>\n<meta name=\"robots\" content=\"index, follow, max-snippet:-1, max-image-preview:large, max-video-preview:-1\" \/>\n<link rel=\"canonical\" href=\"https:\/\/anadolupet.com.tr\/en\/product\/eheim-rapid-cleaner-sapli-akvaryum-kazima-aparati\/\" \/>\n<meta property=\"og:locale\" content=\"en_US\" \/>\n<meta property=\"og:type\" content=\"article\" \/>\n<meta property=\"og:title\" content=\"EHEIM Rapid Cleaner Sapl\u0131 Akvaryum Kaz\u0131ma Aparat\u0131 - Anadolu Pet Grup\" \/>\n<meta property=\"og:description\" content=\"EHEIM rapidCleaner, akvaryum cam y\u00fczeylerini h\u0131zl\u0131 ve etkili \u015fekilde temizlemek i\u00e7in tasarlanm\u0131\u015f profesyonel bir temizlik arac\u0131d\u0131r. Yosun ve kirleri kolayca temizler, geni\u015f 8 cm \u00e7al\u0131\u015fma alan\u0131 sayesinde temizlik s\u00fcresini k\u0131salt\u0131r. B\u0131\u00e7ak de\u011fi\u015fimi i\u00e7in hi\u00e7bir alet gerekmez, bu da kullan\u0131m kolayl\u0131\u011f\u0131 sa\u011flar. Dayan\u0131kl\u0131 cam elyaf \u00e7ubu\u011fu ve hassas kesim b\u0131\u00e7a\u011f\u0131 ile uzun \u00f6m\u00fcrl\u00fcd\u00fcr. Entegre silikon koruma, cam yap\u0131\u015ft\u0131rma b\u00f6lgelerinin zarar g\u00f6rmesini engeller. Tatl\u0131 su ve deniz suyu akvaryumlar\u0131nda g\u00fcvenle kullan\u0131labilir. Ayr\u0131ca yedek b\u0131\u00e7ak (makale no. 3591004) ayr\u0131 olarak temin edilebilir. \u00d6ne \u00c7\u0131kan \u00d6zellikler H\u0131zl\u0131 ve Etkili Temizlik: Yosun ve kirleri k\u0131sa s\u00fcrede temizler. Kolay Kullan\u0131m: B\u0131\u00e7ak de\u011fi\u015fimi i\u00e7in ekstra alet gerekmez. Geni\u015f \u00c7al\u0131\u015fma Alan\u0131: 8 cm b\u0131\u00e7ak geni\u015fli\u011fi ile h\u0131zl\u0131 sonu\u00e7. Keskin ve G\u00fcvenli B\u0131\u00e7ak: Hassas kesim ve koruma kalkan\u0131 ile g\u00fcvenli kullan\u0131m. Uzun \u00d6m\u00fcrl\u00fc: Dayan\u0131kl\u0131 b\u0131\u00e7ak ve k\u0131r\u0131lmaz cam elyaf \u00e7ubuk. Ekstra Koruma: Silikon koruma, cam yap\u0131\u015ft\u0131rma b\u00f6lgelerinin zarar g\u00f6rmesini engeller. Tatl\u0131 ve Tuzlu Su Uyumu: Her iki akvaryum tipinde kullan\u0131labilir.\" \/>\n<meta property=\"og:url\" content=\"https:\/\/anadolupet.com.tr\/en\/product\/eheim-rapid-cleaner-sapli-akvaryum-kazima-aparati\/\" \/>\n<meta property=\"og:site_name\" content=\"Anadolu Pet Grup\" \/>\n<meta property=\"article:modified_time\" content=\"2026-02-23T12:48:23+00:00\" \/>\n<meta property=\"og:image\" content=\"https:\/\/anadolupet.com.tr\/wp-content\/uploads\/2026\/02\/105-3591000.jpg\" \/>\n\t<meta property=\"og:image:width\" content=\"750\" \/>\n\t<meta property=\"og:image:height\" content=\"750\" \/>\n\t<meta property=\"og:image:type\" content=\"image\/jpeg\" \/>\n<meta name=\"twitter:card\" content=\"summary_large_image\" \/>\n<script type=\"application\/ld+json\" class=\"yoast-schema-graph\">{\"@context\":\"https:\\\/\\\/schema.org\",\"@graph\":[{\"@type\":\"WebPage\",\"@id\":\"https:\\\/\\\/anadolupet.com.tr\\\/urun\\\/eheim-rapid-cleaner-sapli-akvaryum-kazima-aparati\\\/\",\"url\":\"https:\\\/\\\/anadolupet.com.tr\\\/urun\\\/eheim-rapid-cleaner-sapli-akvaryum-kazima-aparati\\\/\",\"name\":\"EHEIM Rapid Cleaner Sapl\u0131 Akvaryum Kaz\u0131ma Aparat\u0131 - Anadolu Pet Grup\",\"isPartOf\":{\"@id\":\"https:\\\/\\\/anadolupet.com.tr\\\/#website\"},\"primaryImageOfPage\":{\"@id\":\"https:\\\/\\\/anadolupet.com.tr\\\/urun\\\/eheim-rapid-cleaner-sapli-akvaryum-kazima-aparati\\\/#primaryimage\"},\"image\":{\"@id\":\"https:\\\/\\\/anadolupet.com.tr\\\/urun\\\/eheim-rapid-cleaner-sapli-akvaryum-kazima-aparati\\\/#primaryimage\"},\"thumbnailUrl\":\"https:\\\/\\\/anadolupet.com.tr\\\/wp-content\\\/uploads\\\/2026\\\/02\\\/105-3591000.jpg\",\"datePublished\":\"2026-02-14T14:40:34+00:00\",\"dateModified\":\"2026-02-23T12:48:23+00:00\",\"breadcrumb\":{\"@id\":\"https:\\\/\\\/anadolupet.com.tr\\\/urun\\\/eheim-rapid-cleaner-sapli-akvaryum-kazima-aparati\\\/#breadcrumb\"},\"inLanguage\":\"en-US\",\"potentialAction\":[{\"@type\":\"ReadAction\",\"target\":[\"https:\\\/\\\/anadolupet.com.tr\\\/urun\\\/eheim-rapid-cleaner-sapli-akvaryum-kazima-aparati\\\/\"]}]},{\"@type\":\"ImageObject\",\"inLanguage\":\"en-US\",\"@id\":\"https:\\\/\\\/anadolupet.com.tr\\\/urun\\\/eheim-rapid-cleaner-sapli-akvaryum-kazima-aparati\\\/#primaryimage\",\"url\":\"https:\\\/\\\/anadolupet.com.tr\\\/wp-content\\\/uploads\\\/2026\\\/02\\\/105-3591000.jpg\",\"contentUrl\":\"https:\\\/\\\/anadolupet.com.tr\\\/wp-content\\\/uploads\\\/2026\\\/02\\\/105-3591000.jpg\",\"width\":750,\"height\":750},{\"@type\":\"BreadcrumbList\",\"@id\":\"https:\\\/\\\/anadolupet.com.tr\\\/urun\\\/eheim-rapid-cleaner-sapli-akvaryum-kazima-aparati\\\/#breadcrumb\",\"itemListElement\":[{\"@type\":\"ListItem\",\"position\":1,\"name\":\"Anasayfa\",\"item\":\"https:\\\/\\\/anadolupet.com.tr\\\/\"},{\"@type\":\"ListItem\",\"position\":2,\"name\":\"\u00dcr\u00fcnler\",\"item\":\"https:\\\/\\\/anadolupet.com.tr\\\/urunler\\\/\"},{\"@type\":\"ListItem\",\"position\":3,\"name\":\"EHEIM Rapid Cleaner Sapl\u0131 Akvaryum Kaz\u0131ma Aparat\u0131\"}]},{\"@type\":\"WebSite\",\"@id\":\"https:\\\/\\\/anadolupet.com.tr\\\/#website\",\"url\":\"https:\\\/\\\/anadolupet.com.tr\\\/\",\"name\":\"Anadolu Pet Grup\",\"description\":\"Her Can\u0131n \u0130yi Ya\u015fam\u0131 \u0130\u00e7in Biraraday\u0131z\",\"publisher\":{\"@id\":\"https:\\\/\\\/anadolupet.com.tr\\\/#organization\"},\"potentialAction\":[{\"@type\":\"SearchAction\",\"target\":{\"@type\":\"EntryPoint\",\"urlTemplate\":\"https:\\\/\\\/anadolupet.com.tr\\\/?s={search_term_string}\"},\"query-input\":{\"@type\":\"PropertyValueSpecification\",\"valueRequired\":true,\"valueName\":\"search_term_string\"}}],\"inLanguage\":\"en-US\"},{\"@type\":\"Organization\",\"@id\":\"https:\\\/\\\/anadolupet.com.tr\\\/#organization\",\"name\":\"Anadolu Pet Grup\",\"alternateName\":\"Anadolu Pet\",\"url\":\"https:\\\/\\\/anadolupet.com.tr\\\/\",\"logo\":{\"@type\":\"ImageObject\",\"inLanguage\":\"en-US\",\"@id\":\"https:\\\/\\\/anadolupet.com.tr\\\/#\\\/schema\\\/logo\\\/image\\\/\",\"url\":\"https:\\\/\\\/anadolupet.com.tr\\\/wp-content\\\/uploads\\\/2026\\\/03\\\/1614666743370.jpg\",\"contentUrl\":\"https:\\\/\\\/anadolupet.com.tr\\\/wp-content\\\/uploads\\\/2026\\\/03\\\/1614666743370.jpg\",\"width\":800,\"height\":571,\"caption\":\"Anadolu Pet Grup\"},\"image\":{\"@id\":\"https:\\\/\\\/anadolupet.com.tr\\\/#\\\/schema\\\/logo\\\/image\\\/\"}}]}<\/script>\n<!-- \/ Yoast SEO plugin. -->","yoast_head_json":{"title":"EHEIM Rapid Cleaner Sapl\u0131 Akvaryum Kaz\u0131ma Aparat\u0131 - Anadolu Pet Grup","robots":{"index":"index","follow":"follow","max-snippet":"max-snippet:-1","max-image-preview":"max-image-preview:large","max-video-preview":"max-video-preview:-1"},"canonical":"https:\/\/anadolupet.com.tr\/en\/product\/eheim-rapid-cleaner-sapli-akvaryum-kazima-aparati\/","og_locale":"en_US","og_type":"article","og_title":"EHEIM Rapid Cleaner Sapl\u0131 Akvaryum Kaz\u0131ma Aparat\u0131 - Anadolu Pet Grup","og_description":"EHEIM rapidCleaner, akvaryum cam y\u00fczeylerini h\u0131zl\u0131 ve etkili \u015fekilde temizlemek i\u00e7in tasarlanm\u0131\u015f profesyonel bir temizlik arac\u0131d\u0131r. Yosun ve kirleri kolayca temizler, geni\u015f 8 cm \u00e7al\u0131\u015fma alan\u0131 sayesinde temizlik s\u00fcresini k\u0131salt\u0131r. B\u0131\u00e7ak de\u011fi\u015fimi i\u00e7in hi\u00e7bir alet gerekmez, bu da kullan\u0131m kolayl\u0131\u011f\u0131 sa\u011flar. Dayan\u0131kl\u0131 cam elyaf \u00e7ubu\u011fu ve hassas kesim b\u0131\u00e7a\u011f\u0131 ile uzun \u00f6m\u00fcrl\u00fcd\u00fcr. Entegre silikon koruma, cam yap\u0131\u015ft\u0131rma b\u00f6lgelerinin zarar g\u00f6rmesini engeller. Tatl\u0131 su ve deniz suyu akvaryumlar\u0131nda g\u00fcvenle kullan\u0131labilir. Ayr\u0131ca yedek b\u0131\u00e7ak (makale no. 3591004) ayr\u0131 olarak temin edilebilir. \u00d6ne \u00c7\u0131kan \u00d6zellikler H\u0131zl\u0131 ve Etkili Temizlik: Yosun ve kirleri k\u0131sa s\u00fcrede temizler. Kolay Kullan\u0131m: B\u0131\u00e7ak de\u011fi\u015fimi i\u00e7in ekstra alet gerekmez. Geni\u015f \u00c7al\u0131\u015fma Alan\u0131: 8 cm b\u0131\u00e7ak geni\u015fli\u011fi ile h\u0131zl\u0131 sonu\u00e7. Keskin ve G\u00fcvenli B\u0131\u00e7ak: Hassas kesim ve koruma kalkan\u0131 ile g\u00fcvenli kullan\u0131m. Uzun \u00d6m\u00fcrl\u00fc: Dayan\u0131kl\u0131 b\u0131\u00e7ak ve k\u0131r\u0131lmaz cam elyaf \u00e7ubuk. Ekstra Koruma: Silikon koruma, cam yap\u0131\u015ft\u0131rma b\u00f6lgelerinin zarar g\u00f6rmesini engeller. Tatl\u0131 ve Tuzlu Su Uyumu: Her iki akvaryum tipinde kullan\u0131labilir.","og_url":"https:\/\/anadolupet.com.tr\/en\/product\/eheim-rapid-cleaner-sapli-akvaryum-kazima-aparati\/","og_site_name":"Anadolu Pet Grup","article_modified_time":"2026-02-23T12:48:23+00:00","og_image":[{"width":750,"height":750,"url":"https:\/\/anadolupet.com.tr\/wp-content\/uploads\/2026\/02\/105-3591000.jpg","type":"image\/jpeg"}],"twitter_card":"summary_large_image","schema":{"@context":"https:\/\/schema.org","@graph":[{"@type":"WebPage","@id":"https:\/\/anadolupet.com.tr\/urun\/eheim-rapid-cleaner-sapli-akvaryum-kazima-aparati\/","url":"https:\/\/anadolupet.com.tr\/urun\/eheim-rapid-cleaner-sapli-akvaryum-kazima-aparati\/","name":"EHEIM Rapid Cleaner Sapl\u0131 Akvaryum Kaz\u0131ma Aparat\u0131 - Anadolu Pet Grup","isPartOf":{"@id":"https:\/\/anadolupet.com.tr\/#website"},"primaryImageOfPage":{"@id":"https:\/\/anadolupet.com.tr\/urun\/eheim-rapid-cleaner-sapli-akvaryum-kazima-aparati\/#primaryimage"},"image":{"@id":"https:\/\/anadolupet.com.tr\/urun\/eheim-rapid-cleaner-sapli-akvaryum-kazima-aparati\/#primaryimage"},"thumbnailUrl":"https:\/\/anadolupet.com.tr\/wp-content\/uploads\/2026\/02\/105-3591000.jpg","datePublished":"2026-02-14T14:40:34+00:00","dateModified":"2026-02-23T12:48:23+00:00","breadcrumb":{"@id":"https:\/\/anadolupet.com.tr\/urun\/eheim-rapid-cleaner-sapli-akvaryum-kazima-aparati\/#breadcrumb"},"inLanguage":"en-US","potentialAction":[{"@type":"ReadAction","target":["https:\/\/anadolupet.com.tr\/urun\/eheim-rapid-cleaner-sapli-akvaryum-kazima-aparati\/"]}]},{"@type":"ImageObject","inLanguage":"en-US","@id":"https:\/\/anadolupet.com.tr\/urun\/eheim-rapid-cleaner-sapli-akvaryum-kazima-aparati\/#primaryimage","url":"https:\/\/anadolupet.com.tr\/wp-content\/uploads\/2026\/02\/105-3591000.jpg","contentUrl":"https:\/\/anadolupet.com.tr\/wp-content\/uploads\/2026\/02\/105-3591000.jpg","width":750,"height":750},{"@type":"BreadcrumbList","@id":"https:\/\/anadolupet.com.tr\/urun\/eheim-rapid-cleaner-sapli-akvaryum-kazima-aparati\/#breadcrumb","itemListElement":[{"@type":"ListItem","position":1,"name":"Anasayfa","item":"https:\/\/anadolupet.com.tr\/"},{"@type":"ListItem","position":2,"name":"\u00dcr\u00fcnler","item":"https:\/\/anadolupet.com.tr\/urunler\/"},{"@type":"ListItem","position":3,"name":"EHEIM Rapid Cleaner Sapl\u0131 Akvaryum Kaz\u0131ma Aparat\u0131"}]},{"@type":"WebSite","@id":"https:\/\/anadolupet.com.tr\/#website","url":"https:\/\/anadolupet.com.tr\/","name":"Anadolu Pet Group","description":"We Stand Together for the Well-Being of Every Life","publisher":{"@id":"https:\/\/anadolupet.com.tr\/#organization"},"potentialAction":[{"@type":"SearchAction","target":{"@type":"EntryPoint","urlTemplate":"https:\/\/anadolupet.com.tr\/?s={search_term_string}"},"query-input":{"@type":"PropertyValueSpecification","valueRequired":true,"valueName":"search_term_string"}}],"inLanguage":"en-US"},{"@type":"Organization","@id":"https:\/\/anadolupet.com.tr\/#organization","name":"Anadolu Pet Group","alternateName":"Anadolu Pet","url":"https:\/\/anadolupet.com.tr\/","logo":{"@type":"ImageObject","inLanguage":"en-US","@id":"https:\/\/anadolupet.com.tr\/#\/schema\/logo\/image\/","url":"https:\/\/anadolupet.com.tr\/wp-content\/uploads\/2026\/03\/1614666743370.jpg","contentUrl":"https:\/\/anadolupet.com.tr\/wp-content\/uploads\/2026\/03\/1614666743370.jpg","width":800,"height":571,"caption":"Anadolu Pet Grup"},"image":{"@id":"https:\/\/anadolupet.com.tr\/#\/schema\/logo\/image\/"}}]}},"_links":{"self":[{"href":"https:\/\/anadolupet.com.tr\/en\/wp-json\/wp\/v2\/product\/45098","targetHints":{"allow":["GET"]}}],"collection":[{"href":"https:\/\/anadolupet.com.tr\/en\/wp-json\/wp\/v2\/product"}],"about":[{"href":"https:\/\/anadolupet.com.tr\/en\/wp-json\/wp\/v2\/types\/product"}],"replies":[{"embeddable":true,"href":"https:\/\/anadolupet.com.tr\/en\/wp-json\/wp\/v2\/comments?post=45098"}],"wp:featuredmedia":[{"embeddable":true,"href":"https:\/\/anadolupet.com.tr\/en\/wp-json\/wp\/v2\/media\/42406"}],"wp:attachment":[{"href":"https:\/\/anadolupet.com.tr\/en\/wp-json\/wp\/v2\/media?parent=45098"}],"wp:term":[{"taxonomy":"product_brand","embeddable":true,"href":"https:\/\/anadolupet.com.tr\/en\/wp-json\/wp\/v2\/product_brand?post=45098"},{"taxonomy":"product_cat","embeddable":true,"href":"https:\/\/anadolupet.com.tr\/en\/wp-json\/wp\/v2\/product_cat?post=45098"},{"taxonomy":"product_tag","embeddable":true,"href":"https:\/\/anadolupet.com.tr\/en\/wp-json\/wp\/v2\/product_tag?post=45098"}],"curies":[{"name":"wp","href":"https:\/\/api.w.org\/{rel}","templated":true}]}}