{"id":45099,"date":"2026-02-14T14:40:34","date_gmt":"2026-02-14T14:40:34","guid":{"rendered":"https:\/\/anadolupet.com.tr\/?post_type=product&#038;p=45099"},"modified":"2026-02-23T12:48:23","modified_gmt":"2026-02-23T12:48:23","slug":"eheim-rapid-cleaner-sapli-yosun-temizleme-fircasi","status":"publish","type":"product","link":"https:\/\/anadolupet.com.tr\/en\/urun\/eheim-rapid-cleaner-sapli-yosun-temizleme-fircasi\/","title":{"rendered":"EHEIM Rapid Cleaner Sapl\u0131 Yosun Temizleme F\u0131r\u00e7as\u0131"},"content":{"rendered":"","protected":false},"excerpt":{"rendered":"<p>EHEIM rapidCleaner i\u00e7in \u00f6zel olarak tasarlanm\u0131\u015f yosun f\u0131r\u00e7as\u0131, akvaryum cam y\u00fczeylerinde olu\u015fan ipliksi yosunlar\u0131n g\u00fcvenli \u015fekilde temizlenmesini sa\u011flar. Akvaryum bak\u0131m\u0131n\u0131 kolayla\u015ft\u0131r\u0131r ve cam y\u00fczeyleri h\u0131zl\u0131ca temizleyerek berrak bir g\u00f6r\u00fcn\u00fcm sunar.<br \/>\n\u00d6ne \u00c7\u0131kan \u00d6zellikler<br \/>\nUyumlu Kullan\u0131m: EHEIM rapidCleaner ile tam uyumlu.<br \/>\nG\u00fcvenli Temizlik: \u0130pliksi yosunlar\u0131 zarar vermeden temizler.<br \/>\nPratik Kullan\u0131m: Akvaryum camlar\u0131n\u0131n genel temizli\u011fi i\u00e7in idealdir.<\/p>","protected":false},"featured_media":42407,"comment_status":"open","ping_status":"closed","template":"","meta":{"_acf_changed":false},"product_brand":[],"product_cat":[2416],"product_tag":[],"class_list":{"0":"post-45099","1":"product","2":"type-product","3":"status-publish","4":"has-post-thumbnail","6":"product_cat-temizlik-ve-bakim","8":"first","9":"instock","10":"shipping-taxable","11":"product-type-simple"},"acf":[],"yoast_head":"<!-- This site is optimized with the Yoast SEO plugin v27.4 - https:\/\/yoast.com\/product\/yoast-seo-wordpress\/ -->\n<title>EHEIM Rapid Cleaner Sapl\u0131 Yosun Temizleme F\u0131r\u00e7as\u0131 - Anadolu Pet Grup<\/title>\n<meta name=\"robots\" content=\"index, follow, max-snippet:-1, max-image-preview:large, max-video-preview:-1\" \/>\n<link rel=\"canonical\" href=\"https:\/\/anadolupet.com.tr\/en\/product\/eheim-rapid-cleaner-sapli-yosun-temizleme-fircasi\/\" \/>\n<meta property=\"og:locale\" content=\"en_US\" \/>\n<meta property=\"og:type\" content=\"article\" \/>\n<meta property=\"og:title\" content=\"EHEIM Rapid Cleaner Sapl\u0131 Yosun Temizleme F\u0131r\u00e7as\u0131 - Anadolu Pet Grup\" \/>\n<meta property=\"og:description\" content=\"EHEIM rapidCleaner i\u00e7in \u00f6zel olarak tasarlanm\u0131\u015f yosun f\u0131r\u00e7as\u0131, akvaryum cam y\u00fczeylerinde olu\u015fan ipliksi yosunlar\u0131n g\u00fcvenli \u015fekilde temizlenmesini sa\u011flar. Akvaryum bak\u0131m\u0131n\u0131 kolayla\u015ft\u0131r\u0131r ve cam y\u00fczeyleri h\u0131zl\u0131ca temizleyerek berrak bir g\u00f6r\u00fcn\u00fcm sunar. \u00d6ne \u00c7\u0131kan \u00d6zellikler Uyumlu Kullan\u0131m: EHEIM rapidCleaner ile tam uyumlu. G\u00fcvenli Temizlik: \u0130pliksi yosunlar\u0131 zarar vermeden temizler. Pratik Kullan\u0131m: Akvaryum camlar\u0131n\u0131n genel temizli\u011fi i\u00e7in idealdir.\" \/>\n<meta property=\"og:url\" content=\"https:\/\/anadolupet.com.tr\/en\/product\/eheim-rapid-cleaner-sapli-yosun-temizleme-fircasi\/\" \/>\n<meta property=\"og:site_name\" content=\"Anadolu Pet Grup\" \/>\n<meta property=\"article:modified_time\" content=\"2026-02-23T12:48:23+00:00\" \/>\n<meta property=\"og:image\" content=\"https:\/\/anadolupet.com.tr\/wp-content\/uploads\/2026\/02\/105-3591001.jpg\" \/>\n\t<meta property=\"og:image:width\" content=\"750\" \/>\n\t<meta property=\"og:image:height\" content=\"750\" \/>\n\t<meta property=\"og:image:type\" content=\"image\/jpeg\" \/>\n<meta name=\"twitter:card\" content=\"summary_large_image\" \/>\n<script type=\"application\/ld+json\" class=\"yoast-schema-graph\">{\"@context\":\"https:\\\/\\\/schema.org\",\"@graph\":[{\"@type\":\"WebPage\",\"@id\":\"https:\\\/\\\/anadolupet.com.tr\\\/urun\\\/eheim-rapid-cleaner-sapli-yosun-temizleme-fircasi\\\/\",\"url\":\"https:\\\/\\\/anadolupet.com.tr\\\/urun\\\/eheim-rapid-cleaner-sapli-yosun-temizleme-fircasi\\\/\",\"name\":\"EHEIM Rapid Cleaner Sapl\u0131 Yosun Temizleme F\u0131r\u00e7as\u0131 - Anadolu Pet Grup\",\"isPartOf\":{\"@id\":\"https:\\\/\\\/anadolupet.com.tr\\\/#website\"},\"primaryImageOfPage\":{\"@id\":\"https:\\\/\\\/anadolupet.com.tr\\\/urun\\\/eheim-rapid-cleaner-sapli-yosun-temizleme-fircasi\\\/#primaryimage\"},\"image\":{\"@id\":\"https:\\\/\\\/anadolupet.com.tr\\\/urun\\\/eheim-rapid-cleaner-sapli-yosun-temizleme-fircasi\\\/#primaryimage\"},\"thumbnailUrl\":\"https:\\\/\\\/anadolupet.com.tr\\\/wp-content\\\/uploads\\\/2026\\\/02\\\/105-3591001.jpg\",\"datePublished\":\"2026-02-14T14:40:34+00:00\",\"dateModified\":\"2026-02-23T12:48:23+00:00\",\"breadcrumb\":{\"@id\":\"https:\\\/\\\/anadolupet.com.tr\\\/urun\\\/eheim-rapid-cleaner-sapli-yosun-temizleme-fircasi\\\/#breadcrumb\"},\"inLanguage\":\"en-US\",\"potentialAction\":[{\"@type\":\"ReadAction\",\"target\":[\"https:\\\/\\\/anadolupet.com.tr\\\/urun\\\/eheim-rapid-cleaner-sapli-yosun-temizleme-fircasi\\\/\"]}]},{\"@type\":\"ImageObject\",\"inLanguage\":\"en-US\",\"@id\":\"https:\\\/\\\/anadolupet.com.tr\\\/urun\\\/eheim-rapid-cleaner-sapli-yosun-temizleme-fircasi\\\/#primaryimage\",\"url\":\"https:\\\/\\\/anadolupet.com.tr\\\/wp-content\\\/uploads\\\/2026\\\/02\\\/105-3591001.jpg\",\"contentUrl\":\"https:\\\/\\\/anadolupet.com.tr\\\/wp-content\\\/uploads\\\/2026\\\/02\\\/105-3591001.jpg\",\"width\":750,\"height\":750},{\"@type\":\"BreadcrumbList\",\"@id\":\"https:\\\/\\\/anadolupet.com.tr\\\/urun\\\/eheim-rapid-cleaner-sapli-yosun-temizleme-fircasi\\\/#breadcrumb\",\"itemListElement\":[{\"@type\":\"ListItem\",\"position\":1,\"name\":\"Anasayfa\",\"item\":\"https:\\\/\\\/anadolupet.com.tr\\\/\"},{\"@type\":\"ListItem\",\"position\":2,\"name\":\"\u00dcr\u00fcnler\",\"item\":\"https:\\\/\\\/anadolupet.com.tr\\\/urunler\\\/\"},{\"@type\":\"ListItem\",\"position\":3,\"name\":\"EHEIM Rapid Cleaner Sapl\u0131 Yosun Temizleme F\u0131r\u00e7as\u0131\"}]},{\"@type\":\"WebSite\",\"@id\":\"https:\\\/\\\/anadolupet.com.tr\\\/#website\",\"url\":\"https:\\\/\\\/anadolupet.com.tr\\\/\",\"name\":\"Anadolu Pet Grup\",\"description\":\"Her Can\u0131n \u0130yi Ya\u015fam\u0131 \u0130\u00e7in Biraraday\u0131z\",\"publisher\":{\"@id\":\"https:\\\/\\\/anadolupet.com.tr\\\/#organization\"},\"potentialAction\":[{\"@type\":\"SearchAction\",\"target\":{\"@type\":\"EntryPoint\",\"urlTemplate\":\"https:\\\/\\\/anadolupet.com.tr\\\/?s={search_term_string}\"},\"query-input\":{\"@type\":\"PropertyValueSpecification\",\"valueRequired\":true,\"valueName\":\"search_term_string\"}}],\"inLanguage\":\"en-US\"},{\"@type\":\"Organization\",\"@id\":\"https:\\\/\\\/anadolupet.com.tr\\\/#organization\",\"name\":\"Anadolu Pet Grup\",\"alternateName\":\"Anadolu Pet\",\"url\":\"https:\\\/\\\/anadolupet.com.tr\\\/\",\"logo\":{\"@type\":\"ImageObject\",\"inLanguage\":\"en-US\",\"@id\":\"https:\\\/\\\/anadolupet.com.tr\\\/#\\\/schema\\\/logo\\\/image\\\/\",\"url\":\"https:\\\/\\\/anadolupet.com.tr\\\/wp-content\\\/uploads\\\/2026\\\/03\\\/1614666743370.jpg\",\"contentUrl\":\"https:\\\/\\\/anadolupet.com.tr\\\/wp-content\\\/uploads\\\/2026\\\/03\\\/1614666743370.jpg\",\"width\":800,\"height\":571,\"caption\":\"Anadolu Pet Grup\"},\"image\":{\"@id\":\"https:\\\/\\\/anadolupet.com.tr\\\/#\\\/schema\\\/logo\\\/image\\\/\"}}]}<\/script>\n<!-- \/ Yoast SEO plugin. -->","yoast_head_json":{"title":"EHEIM Rapid Cleaner Sapl\u0131 Yosun Temizleme F\u0131r\u00e7as\u0131 - Anadolu Pet Grup","robots":{"index":"index","follow":"follow","max-snippet":"max-snippet:-1","max-image-preview":"max-image-preview:large","max-video-preview":"max-video-preview:-1"},"canonical":"https:\/\/anadolupet.com.tr\/en\/product\/eheim-rapid-cleaner-sapli-yosun-temizleme-fircasi\/","og_locale":"en_US","og_type":"article","og_title":"EHEIM Rapid Cleaner Sapl\u0131 Yosun Temizleme F\u0131r\u00e7as\u0131 - Anadolu Pet Grup","og_description":"EHEIM rapidCleaner i\u00e7in \u00f6zel olarak tasarlanm\u0131\u015f yosun f\u0131r\u00e7as\u0131, akvaryum cam y\u00fczeylerinde olu\u015fan ipliksi yosunlar\u0131n g\u00fcvenli \u015fekilde temizlenmesini sa\u011flar. Akvaryum bak\u0131m\u0131n\u0131 kolayla\u015ft\u0131r\u0131r ve cam y\u00fczeyleri h\u0131zl\u0131ca temizleyerek berrak bir g\u00f6r\u00fcn\u00fcm sunar. \u00d6ne \u00c7\u0131kan \u00d6zellikler Uyumlu Kullan\u0131m: EHEIM rapidCleaner ile tam uyumlu. G\u00fcvenli Temizlik: \u0130pliksi yosunlar\u0131 zarar vermeden temizler. Pratik Kullan\u0131m: Akvaryum camlar\u0131n\u0131n genel temizli\u011fi i\u00e7in idealdir.","og_url":"https:\/\/anadolupet.com.tr\/en\/product\/eheim-rapid-cleaner-sapli-yosun-temizleme-fircasi\/","og_site_name":"Anadolu Pet Grup","article_modified_time":"2026-02-23T12:48:23+00:00","og_image":[{"width":750,"height":750,"url":"https:\/\/anadolupet.com.tr\/wp-content\/uploads\/2026\/02\/105-3591001.jpg","type":"image\/jpeg"}],"twitter_card":"summary_large_image","schema":{"@context":"https:\/\/schema.org","@graph":[{"@type":"WebPage","@id":"https:\/\/anadolupet.com.tr\/urun\/eheim-rapid-cleaner-sapli-yosun-temizleme-fircasi\/","url":"https:\/\/anadolupet.com.tr\/urun\/eheim-rapid-cleaner-sapli-yosun-temizleme-fircasi\/","name":"EHEIM Rapid Cleaner Sapl\u0131 Yosun Temizleme F\u0131r\u00e7as\u0131 - Anadolu Pet Grup","isPartOf":{"@id":"https:\/\/anadolupet.com.tr\/#website"},"primaryImageOfPage":{"@id":"https:\/\/anadolupet.com.tr\/urun\/eheim-rapid-cleaner-sapli-yosun-temizleme-fircasi\/#primaryimage"},"image":{"@id":"https:\/\/anadolupet.com.tr\/urun\/eheim-rapid-cleaner-sapli-yosun-temizleme-fircasi\/#primaryimage"},"thumbnailUrl":"https:\/\/anadolupet.com.tr\/wp-content\/uploads\/2026\/02\/105-3591001.jpg","datePublished":"2026-02-14T14:40:34+00:00","dateModified":"2026-02-23T12:48:23+00:00","breadcrumb":{"@id":"https:\/\/anadolupet.com.tr\/urun\/eheim-rapid-cleaner-sapli-yosun-temizleme-fircasi\/#breadcrumb"},"inLanguage":"en-US","potentialAction":[{"@type":"ReadAction","target":["https:\/\/anadolupet.com.tr\/urun\/eheim-rapid-cleaner-sapli-yosun-temizleme-fircasi\/"]}]},{"@type":"ImageObject","inLanguage":"en-US","@id":"https:\/\/anadolupet.com.tr\/urun\/eheim-rapid-cleaner-sapli-yosun-temizleme-fircasi\/#primaryimage","url":"https:\/\/anadolupet.com.tr\/wp-content\/uploads\/2026\/02\/105-3591001.jpg","contentUrl":"https:\/\/anadolupet.com.tr\/wp-content\/uploads\/2026\/02\/105-3591001.jpg","width":750,"height":750},{"@type":"BreadcrumbList","@id":"https:\/\/anadolupet.com.tr\/urun\/eheim-rapid-cleaner-sapli-yosun-temizleme-fircasi\/#breadcrumb","itemListElement":[{"@type":"ListItem","position":1,"name":"Anasayfa","item":"https:\/\/anadolupet.com.tr\/"},{"@type":"ListItem","position":2,"name":"\u00dcr\u00fcnler","item":"https:\/\/anadolupet.com.tr\/urunler\/"},{"@type":"ListItem","position":3,"name":"EHEIM Rapid Cleaner Sapl\u0131 Yosun Temizleme F\u0131r\u00e7as\u0131"}]},{"@type":"WebSite","@id":"https:\/\/anadolupet.com.tr\/#website","url":"https:\/\/anadolupet.com.tr\/","name":"Anadolu Pet Group","description":"We Stand Together for the Well-Being of Every Life","publisher":{"@id":"https:\/\/anadolupet.com.tr\/#organization"},"potentialAction":[{"@type":"SearchAction","target":{"@type":"EntryPoint","urlTemplate":"https:\/\/anadolupet.com.tr\/?s={search_term_string}"},"query-input":{"@type":"PropertyValueSpecification","valueRequired":true,"valueName":"search_term_string"}}],"inLanguage":"en-US"},{"@type":"Organization","@id":"https:\/\/anadolupet.com.tr\/#organization","name":"Anadolu Pet Group","alternateName":"Anadolu Pet","url":"https:\/\/anadolupet.com.tr\/","logo":{"@type":"ImageObject","inLanguage":"en-US","@id":"https:\/\/anadolupet.com.tr\/#\/schema\/logo\/image\/","url":"https:\/\/anadolupet.com.tr\/wp-content\/uploads\/2026\/03\/1614666743370.jpg","contentUrl":"https:\/\/anadolupet.com.tr\/wp-content\/uploads\/2026\/03\/1614666743370.jpg","width":800,"height":571,"caption":"Anadolu Pet Grup"},"image":{"@id":"https:\/\/anadolupet.com.tr\/#\/schema\/logo\/image\/"}}]}},"_links":{"self":[{"href":"https:\/\/anadolupet.com.tr\/en\/wp-json\/wp\/v2\/product\/45099","targetHints":{"allow":["GET"]}}],"collection":[{"href":"https:\/\/anadolupet.com.tr\/en\/wp-json\/wp\/v2\/product"}],"about":[{"href":"https:\/\/anadolupet.com.tr\/en\/wp-json\/wp\/v2\/types\/product"}],"replies":[{"embeddable":true,"href":"https:\/\/anadolupet.com.tr\/en\/wp-json\/wp\/v2\/comments?post=45099"}],"wp:featuredmedia":[{"embeddable":true,"href":"https:\/\/anadolupet.com.tr\/en\/wp-json\/wp\/v2\/media\/42407"}],"wp:attachment":[{"href":"https:\/\/anadolupet.com.tr\/en\/wp-json\/wp\/v2\/media?parent=45099"}],"wp:term":[{"taxonomy":"product_brand","embeddable":true,"href":"https:\/\/anadolupet.com.tr\/en\/wp-json\/wp\/v2\/product_brand?post=45099"},{"taxonomy":"product_cat","embeddable":true,"href":"https:\/\/anadolupet.com.tr\/en\/wp-json\/wp\/v2\/product_cat?post=45099"},{"taxonomy":"product_tag","embeddable":true,"href":"https:\/\/anadolupet.com.tr\/en\/wp-json\/wp\/v2\/product_tag?post=45099"}],"curies":[{"name":"wp","href":"https:\/\/api.w.org\/{rel}","templated":true}]}}