{"id":45108,"date":"2026-02-14T14:40:36","date_gmt":"2026-02-14T14:40:36","guid":{"rendered":"https:\/\/anadolupet.com.tr\/urun\/eheim-professionel-pervane-mili-2026-2028\/"},"modified":"2026-02-23T12:48:24","modified_gmt":"2026-02-23T12:48:24","slug":"eheim-professionel-pervane-mili-2026-2028","status":"publish","type":"product","link":"https:\/\/anadolupet.com.tr\/en\/urun\/eheim-professionel-pervane-mili-2026-2028\/","title":{"rendered":"EHEIM Professionel Pervane Mili (2026-2028)"},"content":{"rendered":"","protected":false},"excerpt":{"rendered":"<p>EHEIM shaft and bushing (pervane mili ve bur\u00e7 seti), \u00e7e\u015fitli Professionel serisi d\u0131\u015f filtre modelleri i\u00e7in \u00f6zel olarak \u00fcretilmi\u015f orijinal yedek par\u00e7ad\u0131r. Filtrenin pervane (impeller) b\u00f6l\u00fcm\u00fcnde kullan\u0131larak sessiz, stabil ve uzun \u00f6m\u00fcrl\u00fc \u00e7al\u0131\u015fmay\u0131 sa\u011flar.<\/p>\n<p>Uyumlu Modeller<br \/>\nProfessionel serisi: 2026 \/ 2028<\/p>\n<p>Professionel serisi: 2032 \/ 2034 \/ 2036<\/p>\n<p>Professionel serisi: 2271 \/ 2273 \/ 2275 \/ 2277<\/p>\n<p>Professionel 3e serisi: 2076 \/ 2078 \/ 2178<\/p>\n<p>Professionel 3 XL serisi: 2080 \/ 2180<\/p>","protected":false},"featured_media":42695,"comment_status":"open","ping_status":"closed","template":"","meta":{"_acf_changed":false},"product_brand":[],"product_cat":[2403],"product_tag":[],"class_list":{"0":"post-45108","1":"product","2":"type-product","3":"status-publish","4":"has-post-thumbnail","6":"product_cat-musluk-takimlari","8":"first","9":"instock","10":"shipping-taxable","11":"product-type-simple"},"acf":[],"yoast_head":"<!-- This site is optimized with the Yoast SEO plugin v27.4 - https:\/\/yoast.com\/product\/yoast-seo-wordpress\/ -->\n<title>EHEIM Professionel Pervane Mili (2026-2028) - Anadolu Pet Grup<\/title>\n<meta name=\"robots\" content=\"index, follow, max-snippet:-1, max-image-preview:large, max-video-preview:-1\" \/>\n<link rel=\"canonical\" href=\"https:\/\/anadolupet.com.tr\/en\/product\/eheim-professionel-pervane-mili-2026-2028\/\" \/>\n<meta property=\"og:locale\" content=\"en_US\" \/>\n<meta property=\"og:type\" content=\"article\" \/>\n<meta property=\"og:title\" content=\"EHEIM Professionel Pervane Mili (2026-2028) - Anadolu Pet Grup\" \/>\n<meta property=\"og:description\" content=\"EHEIM shaft and bushing (pervane mili ve bur\u00e7 seti), \u00e7e\u015fitli Professionel serisi d\u0131\u015f filtre modelleri i\u00e7in \u00f6zel olarak \u00fcretilmi\u015f orijinal yedek par\u00e7ad\u0131r. Filtrenin pervane (impeller) b\u00f6l\u00fcm\u00fcnde kullan\u0131larak sessiz, stabil ve uzun \u00f6m\u00fcrl\u00fc \u00e7al\u0131\u015fmay\u0131 sa\u011flar. Uyumlu Modeller Professionel serisi: 2026 \/ 2028 Professionel serisi: 2032 \/ 2034 \/ 2036 Professionel serisi: 2271 \/ 2273 \/ 2275 \/ 2277 Professionel 3e serisi: 2076 \/ 2078 \/ 2178 Professionel 3 XL serisi: 2080 \/ 2180\" \/>\n<meta property=\"og:url\" content=\"https:\/\/anadolupet.com.tr\/en\/product\/eheim-professionel-pervane-mili-2026-2028\/\" \/>\n<meta property=\"og:site_name\" content=\"Anadolu Pet Grup\" \/>\n<meta property=\"article:modified_time\" content=\"2026-02-23T12:48:24+00:00\" \/>\n<meta property=\"og:image\" content=\"https:\/\/anadolupet.com.tr\/wp-content\/uploads\/2026\/02\/110-7444390.jpg\" \/>\n\t<meta property=\"og:image:width\" content=\"750\" \/>\n\t<meta property=\"og:image:height\" content=\"750\" \/>\n\t<meta property=\"og:image:type\" content=\"image\/jpeg\" \/>\n<meta name=\"twitter:card\" content=\"summary_large_image\" \/>\n<script type=\"application\/ld+json\" class=\"yoast-schema-graph\">{\"@context\":\"https:\\\/\\\/schema.org\",\"@graph\":[{\"@type\":\"WebPage\",\"@id\":\"https:\\\/\\\/anadolupet.com.tr\\\/urun\\\/eheim-professionel-pervane-mili-2026-2028\\\/\",\"url\":\"https:\\\/\\\/anadolupet.com.tr\\\/urun\\\/eheim-professionel-pervane-mili-2026-2028\\\/\",\"name\":\"EHEIM Professionel Pervane Mili (2026-2028) - Anadolu Pet Grup\",\"isPartOf\":{\"@id\":\"https:\\\/\\\/anadolupet.com.tr\\\/#website\"},\"primaryImageOfPage\":{\"@id\":\"https:\\\/\\\/anadolupet.com.tr\\\/urun\\\/eheim-professionel-pervane-mili-2026-2028\\\/#primaryimage\"},\"image\":{\"@id\":\"https:\\\/\\\/anadolupet.com.tr\\\/urun\\\/eheim-professionel-pervane-mili-2026-2028\\\/#primaryimage\"},\"thumbnailUrl\":\"https:\\\/\\\/anadolupet.com.tr\\\/wp-content\\\/uploads\\\/2026\\\/02\\\/110-7444390.jpg\",\"datePublished\":\"2026-02-14T14:40:36+00:00\",\"dateModified\":\"2026-02-23T12:48:24+00:00\",\"breadcrumb\":{\"@id\":\"https:\\\/\\\/anadolupet.com.tr\\\/urun\\\/eheim-professionel-pervane-mili-2026-2028\\\/#breadcrumb\"},\"inLanguage\":\"en-US\",\"potentialAction\":[{\"@type\":\"ReadAction\",\"target\":[\"https:\\\/\\\/anadolupet.com.tr\\\/urun\\\/eheim-professionel-pervane-mili-2026-2028\\\/\"]}]},{\"@type\":\"ImageObject\",\"inLanguage\":\"en-US\",\"@id\":\"https:\\\/\\\/anadolupet.com.tr\\\/urun\\\/eheim-professionel-pervane-mili-2026-2028\\\/#primaryimage\",\"url\":\"https:\\\/\\\/anadolupet.com.tr\\\/wp-content\\\/uploads\\\/2026\\\/02\\\/110-7444390.jpg\",\"contentUrl\":\"https:\\\/\\\/anadolupet.com.tr\\\/wp-content\\\/uploads\\\/2026\\\/02\\\/110-7444390.jpg\",\"width\":750,\"height\":750},{\"@type\":\"BreadcrumbList\",\"@id\":\"https:\\\/\\\/anadolupet.com.tr\\\/urun\\\/eheim-professionel-pervane-mili-2026-2028\\\/#breadcrumb\",\"itemListElement\":[{\"@type\":\"ListItem\",\"position\":1,\"name\":\"Anasayfa\",\"item\":\"https:\\\/\\\/anadolupet.com.tr\\\/\"},{\"@type\":\"ListItem\",\"position\":2,\"name\":\"\u00dcr\u00fcnler\",\"item\":\"https:\\\/\\\/anadolupet.com.tr\\\/urunler\\\/\"},{\"@type\":\"ListItem\",\"position\":3,\"name\":\"EHEIM Professionel Pervane Mili (2026-2028)\"}]},{\"@type\":\"WebSite\",\"@id\":\"https:\\\/\\\/anadolupet.com.tr\\\/#website\",\"url\":\"https:\\\/\\\/anadolupet.com.tr\\\/\",\"name\":\"Anadolu Pet Grup\",\"description\":\"Her Can\u0131n \u0130yi Ya\u015fam\u0131 \u0130\u00e7in Biraraday\u0131z\",\"publisher\":{\"@id\":\"https:\\\/\\\/anadolupet.com.tr\\\/#organization\"},\"potentialAction\":[{\"@type\":\"SearchAction\",\"target\":{\"@type\":\"EntryPoint\",\"urlTemplate\":\"https:\\\/\\\/anadolupet.com.tr\\\/?s={search_term_string}\"},\"query-input\":{\"@type\":\"PropertyValueSpecification\",\"valueRequired\":true,\"valueName\":\"search_term_string\"}}],\"inLanguage\":\"en-US\"},{\"@type\":\"Organization\",\"@id\":\"https:\\\/\\\/anadolupet.com.tr\\\/#organization\",\"name\":\"Anadolu Pet Grup\",\"alternateName\":\"Anadolu Pet\",\"url\":\"https:\\\/\\\/anadolupet.com.tr\\\/\",\"logo\":{\"@type\":\"ImageObject\",\"inLanguage\":\"en-US\",\"@id\":\"https:\\\/\\\/anadolupet.com.tr\\\/#\\\/schema\\\/logo\\\/image\\\/\",\"url\":\"https:\\\/\\\/anadolupet.com.tr\\\/wp-content\\\/uploads\\\/2026\\\/03\\\/1614666743370.jpg\",\"contentUrl\":\"https:\\\/\\\/anadolupet.com.tr\\\/wp-content\\\/uploads\\\/2026\\\/03\\\/1614666743370.jpg\",\"width\":800,\"height\":571,\"caption\":\"Anadolu Pet Grup\"},\"image\":{\"@id\":\"https:\\\/\\\/anadolupet.com.tr\\\/#\\\/schema\\\/logo\\\/image\\\/\"}}]}<\/script>\n<!-- \/ Yoast SEO plugin. -->","yoast_head_json":{"title":"EHEIM Professionel Pervane Mili (2026-2028) - Anadolu Pet Grup","robots":{"index":"index","follow":"follow","max-snippet":"max-snippet:-1","max-image-preview":"max-image-preview:large","max-video-preview":"max-video-preview:-1"},"canonical":"https:\/\/anadolupet.com.tr\/en\/product\/eheim-professionel-pervane-mili-2026-2028\/","og_locale":"en_US","og_type":"article","og_title":"EHEIM Professionel Pervane Mili (2026-2028) - Anadolu Pet Grup","og_description":"EHEIM shaft and bushing (pervane mili ve bur\u00e7 seti), \u00e7e\u015fitli Professionel serisi d\u0131\u015f filtre modelleri i\u00e7in \u00f6zel olarak \u00fcretilmi\u015f orijinal yedek par\u00e7ad\u0131r. Filtrenin pervane (impeller) b\u00f6l\u00fcm\u00fcnde kullan\u0131larak sessiz, stabil ve uzun \u00f6m\u00fcrl\u00fc \u00e7al\u0131\u015fmay\u0131 sa\u011flar. Uyumlu Modeller Professionel serisi: 2026 \/ 2028 Professionel serisi: 2032 \/ 2034 \/ 2036 Professionel serisi: 2271 \/ 2273 \/ 2275 \/ 2277 Professionel 3e serisi: 2076 \/ 2078 \/ 2178 Professionel 3 XL serisi: 2080 \/ 2180","og_url":"https:\/\/anadolupet.com.tr\/en\/product\/eheim-professionel-pervane-mili-2026-2028\/","og_site_name":"Anadolu Pet Grup","article_modified_time":"2026-02-23T12:48:24+00:00","og_image":[{"width":750,"height":750,"url":"https:\/\/anadolupet.com.tr\/wp-content\/uploads\/2026\/02\/110-7444390.jpg","type":"image\/jpeg"}],"twitter_card":"summary_large_image","schema":{"@context":"https:\/\/schema.org","@graph":[{"@type":"WebPage","@id":"https:\/\/anadolupet.com.tr\/urun\/eheim-professionel-pervane-mili-2026-2028\/","url":"https:\/\/anadolupet.com.tr\/urun\/eheim-professionel-pervane-mili-2026-2028\/","name":"EHEIM Professionel Pervane Mili (2026-2028) - Anadolu Pet Grup","isPartOf":{"@id":"https:\/\/anadolupet.com.tr\/#website"},"primaryImageOfPage":{"@id":"https:\/\/anadolupet.com.tr\/urun\/eheim-professionel-pervane-mili-2026-2028\/#primaryimage"},"image":{"@id":"https:\/\/anadolupet.com.tr\/urun\/eheim-professionel-pervane-mili-2026-2028\/#primaryimage"},"thumbnailUrl":"https:\/\/anadolupet.com.tr\/wp-content\/uploads\/2026\/02\/110-7444390.jpg","datePublished":"2026-02-14T14:40:36+00:00","dateModified":"2026-02-23T12:48:24+00:00","breadcrumb":{"@id":"https:\/\/anadolupet.com.tr\/urun\/eheim-professionel-pervane-mili-2026-2028\/#breadcrumb"},"inLanguage":"en-US","potentialAction":[{"@type":"ReadAction","target":["https:\/\/anadolupet.com.tr\/urun\/eheim-professionel-pervane-mili-2026-2028\/"]}]},{"@type":"ImageObject","inLanguage":"en-US","@id":"https:\/\/anadolupet.com.tr\/urun\/eheim-professionel-pervane-mili-2026-2028\/#primaryimage","url":"https:\/\/anadolupet.com.tr\/wp-content\/uploads\/2026\/02\/110-7444390.jpg","contentUrl":"https:\/\/anadolupet.com.tr\/wp-content\/uploads\/2026\/02\/110-7444390.jpg","width":750,"height":750},{"@type":"BreadcrumbList","@id":"https:\/\/anadolupet.com.tr\/urun\/eheim-professionel-pervane-mili-2026-2028\/#breadcrumb","itemListElement":[{"@type":"ListItem","position":1,"name":"Anasayfa","item":"https:\/\/anadolupet.com.tr\/"},{"@type":"ListItem","position":2,"name":"\u00dcr\u00fcnler","item":"https:\/\/anadolupet.com.tr\/urunler\/"},{"@type":"ListItem","position":3,"name":"EHEIM Professionel Pervane Mili (2026-2028)"}]},{"@type":"WebSite","@id":"https:\/\/anadolupet.com.tr\/#website","url":"https:\/\/anadolupet.com.tr\/","name":"Anadolu Pet Group","description":"We Stand Together for the Well-Being of Every Life","publisher":{"@id":"https:\/\/anadolupet.com.tr\/#organization"},"potentialAction":[{"@type":"SearchAction","target":{"@type":"EntryPoint","urlTemplate":"https:\/\/anadolupet.com.tr\/?s={search_term_string}"},"query-input":{"@type":"PropertyValueSpecification","valueRequired":true,"valueName":"search_term_string"}}],"inLanguage":"en-US"},{"@type":"Organization","@id":"https:\/\/anadolupet.com.tr\/#organization","name":"Anadolu Pet Group","alternateName":"Anadolu Pet","url":"https:\/\/anadolupet.com.tr\/","logo":{"@type":"ImageObject","inLanguage":"en-US","@id":"https:\/\/anadolupet.com.tr\/#\/schema\/logo\/image\/","url":"https:\/\/anadolupet.com.tr\/wp-content\/uploads\/2026\/03\/1614666743370.jpg","contentUrl":"https:\/\/anadolupet.com.tr\/wp-content\/uploads\/2026\/03\/1614666743370.jpg","width":800,"height":571,"caption":"Anadolu Pet Grup"},"image":{"@id":"https:\/\/anadolupet.com.tr\/#\/schema\/logo\/image\/"}}]}},"_links":{"self":[{"href":"https:\/\/anadolupet.com.tr\/en\/wp-json\/wp\/v2\/product\/45108","targetHints":{"allow":["GET"]}}],"collection":[{"href":"https:\/\/anadolupet.com.tr\/en\/wp-json\/wp\/v2\/product"}],"about":[{"href":"https:\/\/anadolupet.com.tr\/en\/wp-json\/wp\/v2\/types\/product"}],"replies":[{"embeddable":true,"href":"https:\/\/anadolupet.com.tr\/en\/wp-json\/wp\/v2\/comments?post=45108"}],"wp:featuredmedia":[{"embeddable":true,"href":"https:\/\/anadolupet.com.tr\/en\/wp-json\/wp\/v2\/media\/42695"}],"wp:attachment":[{"href":"https:\/\/anadolupet.com.tr\/en\/wp-json\/wp\/v2\/media?parent=45108"}],"wp:term":[{"taxonomy":"product_brand","embeddable":true,"href":"https:\/\/anadolupet.com.tr\/en\/wp-json\/wp\/v2\/product_brand?post=45108"},{"taxonomy":"product_cat","embeddable":true,"href":"https:\/\/anadolupet.com.tr\/en\/wp-json\/wp\/v2\/product_cat?post=45108"},{"taxonomy":"product_tag","embeddable":true,"href":"https:\/\/anadolupet.com.tr\/en\/wp-json\/wp\/v2\/product_tag?post=45108"}],"curies":[{"name":"wp","href":"https:\/\/api.w.org\/{rel}","templated":true}]}}