{"id":45109,"date":"2026-02-14T14:40:37","date_gmt":"2026-02-14T14:40:37","guid":{"rendered":"https:\/\/anadolupet.com.tr\/urun\/eheim-rapid-cleaner-kazima-aparati-25-cm\/"},"modified":"2026-02-23T12:48:24","modified_gmt":"2026-02-23T12:48:24","slug":"eheim-rapid-cleaner-kazima-aparati-25-cm","status":"publish","type":"product","link":"https:\/\/anadolupet.com.tr\/en\/urun\/eheim-rapid-cleaner-kazima-aparati-25-cm\/","title":{"rendered":"EHEIM Rapid Cleaner Kaz\u0131ma Aparat\u0131 25 cm"},"content":{"rendered":"","protected":false},"excerpt":{"rendered":"<p>EHEIM rapidCleaner<br \/>\nAkvaryum camlar\u0131n\u0131n i\u00e7 k\u0131sm\u0131n\u0131 kolay ve etkili bir \u015fekilde temizlemek i\u00e7in:<\/p>\n<p>    Akvaryum camlar\u0131ndan yosun ve kiri h\u0131zl\u0131 ve etkili bir \u015fekilde temizler.<br \/>\n    B\u0131\u00e7ak de\u011fi\u015fimi i\u00e7in alet gerekmez.<br \/>\n    8 cm&#8217;lik ekstra geni\u015f \u00e7al\u0131\u015fma geni\u015fli\u011fi sayesinde h\u0131zl\u0131 temizlik.<br \/>\n    Hassas kesim ve b\u0131\u00e7ak korumal\u0131 b\u0131\u00e7ak<br \/>\n    Ekstra uzun b\u0131\u00e7ak \u00f6mr\u00fc<br \/>\n    Entegre silikon koruma, cam yap\u0131\u015ft\u0131r\u0131c\u0131s\u0131n\u0131n kesilmesini \u00f6nler<br \/>\n    K\u0131r\u0131lmaz cam elyaf \u00e7ubuk<br \/>\n    Tatl\u0131 su ve deniz suyu akvaryumlar\u0131 i\u00e7in<\/p>\n<p>Yedek b\u0131\u00e7ak, \u00fcr\u00fcn numaras\u0131 3591004 alt\u0131nda mevcuttur.<\/p>","protected":false},"featured_media":42414,"comment_status":"open","ping_status":"closed","template":"","meta":{"_acf_changed":false},"product_brand":[],"product_cat":[2416],"product_tag":[],"class_list":{"0":"post-45109","1":"product","2":"type-product","3":"status-publish","4":"has-post-thumbnail","6":"product_cat-temizlik-ve-bakim","8":"first","9":"instock","10":"shipping-taxable","11":"product-type-simple"},"acf":[],"yoast_head":"<!-- This site is optimized with the Yoast SEO plugin v27.4 - https:\/\/yoast.com\/product\/yoast-seo-wordpress\/ -->\n<title>EHEIM Rapid Cleaner Kaz\u0131ma Aparat\u0131 25 cm - Anadolu Pet Grup<\/title>\n<meta name=\"robots\" content=\"index, follow, max-snippet:-1, max-image-preview:large, max-video-preview:-1\" \/>\n<link rel=\"canonical\" href=\"https:\/\/anadolupet.com.tr\/en\/product\/eheim-rapid-cleaner-kazima-aparati-25-cm\/\" \/>\n<meta property=\"og:locale\" content=\"en_US\" \/>\n<meta property=\"og:type\" content=\"article\" \/>\n<meta property=\"og:title\" content=\"EHEIM Rapid Cleaner Kaz\u0131ma Aparat\u0131 25 cm - Anadolu Pet Grup\" \/>\n<meta property=\"og:description\" content=\"EHEIM rapidCleaner Akvaryum camlar\u0131n\u0131n i\u00e7 k\u0131sm\u0131n\u0131 kolay ve etkili bir \u015fekilde temizlemek i\u00e7in:   Akvaryum camlar\u0131ndan yosun ve kiri h\u0131zl\u0131 ve etkili bir \u015fekilde temizler.   B\u0131\u00e7ak de\u011fi\u015fimi i\u00e7in alet gerekmez.   8 cm&#039;lik ekstra geni\u015f \u00e7al\u0131\u015fma geni\u015fli\u011fi sayesinde h\u0131zl\u0131 temizlik.   Hassas kesim ve b\u0131\u00e7ak korumal\u0131 b\u0131\u00e7ak   Ekstra uzun b\u0131\u00e7ak \u00f6mr\u00fc   Entegre silikon koruma, cam yap\u0131\u015ft\u0131r\u0131c\u0131s\u0131n\u0131n kesilmesini \u00f6nler   K\u0131r\u0131lmaz cam elyaf \u00e7ubuk   Tatl\u0131 su ve deniz suyu akvaryumlar\u0131 i\u00e7in  Yedek b\u0131\u00e7ak, \u00fcr\u00fcn numaras\u0131 3591004 alt\u0131nda mevcuttur.\" \/>\n<meta property=\"og:url\" content=\"https:\/\/anadolupet.com.tr\/en\/product\/eheim-rapid-cleaner-kazima-aparati-25-cm\/\" \/>\n<meta property=\"og:site_name\" content=\"Anadolu Pet Grup\" \/>\n<meta property=\"article:modified_time\" content=\"2026-02-23T12:48:24+00:00\" \/>\n<meta property=\"og:image\" content=\"https:\/\/anadolupet.com.tr\/wp-content\/uploads\/2026\/02\/105-3591050.jpg\" \/>\n\t<meta property=\"og:image:width\" content=\"750\" \/>\n\t<meta property=\"og:image:height\" content=\"750\" \/>\n\t<meta property=\"og:image:type\" content=\"image\/jpeg\" \/>\n<meta name=\"twitter:card\" content=\"summary_large_image\" \/>\n<script type=\"application\/ld+json\" class=\"yoast-schema-graph\">{\"@context\":\"https:\\\/\\\/schema.org\",\"@graph\":[{\"@type\":\"WebPage\",\"@id\":\"https:\\\/\\\/anadolupet.com.tr\\\/urun\\\/eheim-rapid-cleaner-kazima-aparati-25-cm\\\/\",\"url\":\"https:\\\/\\\/anadolupet.com.tr\\\/urun\\\/eheim-rapid-cleaner-kazima-aparati-25-cm\\\/\",\"name\":\"EHEIM Rapid Cleaner Kaz\u0131ma Aparat\u0131 25 cm - Anadolu Pet Grup\",\"isPartOf\":{\"@id\":\"https:\\\/\\\/anadolupet.com.tr\\\/#website\"},\"primaryImageOfPage\":{\"@id\":\"https:\\\/\\\/anadolupet.com.tr\\\/urun\\\/eheim-rapid-cleaner-kazima-aparati-25-cm\\\/#primaryimage\"},\"image\":{\"@id\":\"https:\\\/\\\/anadolupet.com.tr\\\/urun\\\/eheim-rapid-cleaner-kazima-aparati-25-cm\\\/#primaryimage\"},\"thumbnailUrl\":\"https:\\\/\\\/anadolupet.com.tr\\\/wp-content\\\/uploads\\\/2026\\\/02\\\/105-3591050.jpg\",\"datePublished\":\"2026-02-14T14:40:37+00:00\",\"dateModified\":\"2026-02-23T12:48:24+00:00\",\"breadcrumb\":{\"@id\":\"https:\\\/\\\/anadolupet.com.tr\\\/urun\\\/eheim-rapid-cleaner-kazima-aparati-25-cm\\\/#breadcrumb\"},\"inLanguage\":\"en-US\",\"potentialAction\":[{\"@type\":\"ReadAction\",\"target\":[\"https:\\\/\\\/anadolupet.com.tr\\\/urun\\\/eheim-rapid-cleaner-kazima-aparati-25-cm\\\/\"]}]},{\"@type\":\"ImageObject\",\"inLanguage\":\"en-US\",\"@id\":\"https:\\\/\\\/anadolupet.com.tr\\\/urun\\\/eheim-rapid-cleaner-kazima-aparati-25-cm\\\/#primaryimage\",\"url\":\"https:\\\/\\\/anadolupet.com.tr\\\/wp-content\\\/uploads\\\/2026\\\/02\\\/105-3591050.jpg\",\"contentUrl\":\"https:\\\/\\\/anadolupet.com.tr\\\/wp-content\\\/uploads\\\/2026\\\/02\\\/105-3591050.jpg\",\"width\":750,\"height\":750},{\"@type\":\"BreadcrumbList\",\"@id\":\"https:\\\/\\\/anadolupet.com.tr\\\/urun\\\/eheim-rapid-cleaner-kazima-aparati-25-cm\\\/#breadcrumb\",\"itemListElement\":[{\"@type\":\"ListItem\",\"position\":1,\"name\":\"Anasayfa\",\"item\":\"https:\\\/\\\/anadolupet.com.tr\\\/\"},{\"@type\":\"ListItem\",\"position\":2,\"name\":\"\u00dcr\u00fcnler\",\"item\":\"https:\\\/\\\/anadolupet.com.tr\\\/urunler\\\/\"},{\"@type\":\"ListItem\",\"position\":3,\"name\":\"EHEIM Rapid Cleaner Kaz\u0131ma Aparat\u0131 25 cm\"}]},{\"@type\":\"WebSite\",\"@id\":\"https:\\\/\\\/anadolupet.com.tr\\\/#website\",\"url\":\"https:\\\/\\\/anadolupet.com.tr\\\/\",\"name\":\"Anadolu Pet Grup\",\"description\":\"Her Can\u0131n \u0130yi Ya\u015fam\u0131 \u0130\u00e7in Biraraday\u0131z\",\"publisher\":{\"@id\":\"https:\\\/\\\/anadolupet.com.tr\\\/#organization\"},\"potentialAction\":[{\"@type\":\"SearchAction\",\"target\":{\"@type\":\"EntryPoint\",\"urlTemplate\":\"https:\\\/\\\/anadolupet.com.tr\\\/?s={search_term_string}\"},\"query-input\":{\"@type\":\"PropertyValueSpecification\",\"valueRequired\":true,\"valueName\":\"search_term_string\"}}],\"inLanguage\":\"en-US\"},{\"@type\":\"Organization\",\"@id\":\"https:\\\/\\\/anadolupet.com.tr\\\/#organization\",\"name\":\"Anadolu Pet Grup\",\"alternateName\":\"Anadolu Pet\",\"url\":\"https:\\\/\\\/anadolupet.com.tr\\\/\",\"logo\":{\"@type\":\"ImageObject\",\"inLanguage\":\"en-US\",\"@id\":\"https:\\\/\\\/anadolupet.com.tr\\\/#\\\/schema\\\/logo\\\/image\\\/\",\"url\":\"https:\\\/\\\/anadolupet.com.tr\\\/wp-content\\\/uploads\\\/2026\\\/03\\\/1614666743370.jpg\",\"contentUrl\":\"https:\\\/\\\/anadolupet.com.tr\\\/wp-content\\\/uploads\\\/2026\\\/03\\\/1614666743370.jpg\",\"width\":800,\"height\":571,\"caption\":\"Anadolu Pet Grup\"},\"image\":{\"@id\":\"https:\\\/\\\/anadolupet.com.tr\\\/#\\\/schema\\\/logo\\\/image\\\/\"}}]}<\/script>\n<!-- \/ Yoast SEO plugin. -->","yoast_head_json":{"title":"EHEIM Rapid Cleaner Kaz\u0131ma Aparat\u0131 25 cm - Anadolu Pet Grup","robots":{"index":"index","follow":"follow","max-snippet":"max-snippet:-1","max-image-preview":"max-image-preview:large","max-video-preview":"max-video-preview:-1"},"canonical":"https:\/\/anadolupet.com.tr\/en\/product\/eheim-rapid-cleaner-kazima-aparati-25-cm\/","og_locale":"en_US","og_type":"article","og_title":"EHEIM Rapid Cleaner Kaz\u0131ma Aparat\u0131 25 cm - Anadolu Pet Grup","og_description":"EHEIM rapidCleaner Akvaryum camlar\u0131n\u0131n i\u00e7 k\u0131sm\u0131n\u0131 kolay ve etkili bir \u015fekilde temizlemek i\u00e7in:   Akvaryum camlar\u0131ndan yosun ve kiri h\u0131zl\u0131 ve etkili bir \u015fekilde temizler.   B\u0131\u00e7ak de\u011fi\u015fimi i\u00e7in alet gerekmez.   8 cm'lik ekstra geni\u015f \u00e7al\u0131\u015fma geni\u015fli\u011fi sayesinde h\u0131zl\u0131 temizlik.   Hassas kesim ve b\u0131\u00e7ak korumal\u0131 b\u0131\u00e7ak   Ekstra uzun b\u0131\u00e7ak \u00f6mr\u00fc   Entegre silikon koruma, cam yap\u0131\u015ft\u0131r\u0131c\u0131s\u0131n\u0131n kesilmesini \u00f6nler   K\u0131r\u0131lmaz cam elyaf \u00e7ubuk   Tatl\u0131 su ve deniz suyu akvaryumlar\u0131 i\u00e7in  Yedek b\u0131\u00e7ak, \u00fcr\u00fcn numaras\u0131 3591004 alt\u0131nda mevcuttur.","og_url":"https:\/\/anadolupet.com.tr\/en\/product\/eheim-rapid-cleaner-kazima-aparati-25-cm\/","og_site_name":"Anadolu Pet Grup","article_modified_time":"2026-02-23T12:48:24+00:00","og_image":[{"width":750,"height":750,"url":"https:\/\/anadolupet.com.tr\/wp-content\/uploads\/2026\/02\/105-3591050.jpg","type":"image\/jpeg"}],"twitter_card":"summary_large_image","schema":{"@context":"https:\/\/schema.org","@graph":[{"@type":"WebPage","@id":"https:\/\/anadolupet.com.tr\/urun\/eheim-rapid-cleaner-kazima-aparati-25-cm\/","url":"https:\/\/anadolupet.com.tr\/urun\/eheim-rapid-cleaner-kazima-aparati-25-cm\/","name":"EHEIM Rapid Cleaner Kaz\u0131ma Aparat\u0131 25 cm - Anadolu Pet Grup","isPartOf":{"@id":"https:\/\/anadolupet.com.tr\/#website"},"primaryImageOfPage":{"@id":"https:\/\/anadolupet.com.tr\/urun\/eheim-rapid-cleaner-kazima-aparati-25-cm\/#primaryimage"},"image":{"@id":"https:\/\/anadolupet.com.tr\/urun\/eheim-rapid-cleaner-kazima-aparati-25-cm\/#primaryimage"},"thumbnailUrl":"https:\/\/anadolupet.com.tr\/wp-content\/uploads\/2026\/02\/105-3591050.jpg","datePublished":"2026-02-14T14:40:37+00:00","dateModified":"2026-02-23T12:48:24+00:00","breadcrumb":{"@id":"https:\/\/anadolupet.com.tr\/urun\/eheim-rapid-cleaner-kazima-aparati-25-cm\/#breadcrumb"},"inLanguage":"en-US","potentialAction":[{"@type":"ReadAction","target":["https:\/\/anadolupet.com.tr\/urun\/eheim-rapid-cleaner-kazima-aparati-25-cm\/"]}]},{"@type":"ImageObject","inLanguage":"en-US","@id":"https:\/\/anadolupet.com.tr\/urun\/eheim-rapid-cleaner-kazima-aparati-25-cm\/#primaryimage","url":"https:\/\/anadolupet.com.tr\/wp-content\/uploads\/2026\/02\/105-3591050.jpg","contentUrl":"https:\/\/anadolupet.com.tr\/wp-content\/uploads\/2026\/02\/105-3591050.jpg","width":750,"height":750},{"@type":"BreadcrumbList","@id":"https:\/\/anadolupet.com.tr\/urun\/eheim-rapid-cleaner-kazima-aparati-25-cm\/#breadcrumb","itemListElement":[{"@type":"ListItem","position":1,"name":"Anasayfa","item":"https:\/\/anadolupet.com.tr\/"},{"@type":"ListItem","position":2,"name":"\u00dcr\u00fcnler","item":"https:\/\/anadolupet.com.tr\/urunler\/"},{"@type":"ListItem","position":3,"name":"EHEIM Rapid Cleaner Kaz\u0131ma Aparat\u0131 25 cm"}]},{"@type":"WebSite","@id":"https:\/\/anadolupet.com.tr\/#website","url":"https:\/\/anadolupet.com.tr\/","name":"Anadolu Pet Group","description":"We Stand Together for the Well-Being of Every Life","publisher":{"@id":"https:\/\/anadolupet.com.tr\/#organization"},"potentialAction":[{"@type":"SearchAction","target":{"@type":"EntryPoint","urlTemplate":"https:\/\/anadolupet.com.tr\/?s={search_term_string}"},"query-input":{"@type":"PropertyValueSpecification","valueRequired":true,"valueName":"search_term_string"}}],"inLanguage":"en-US"},{"@type":"Organization","@id":"https:\/\/anadolupet.com.tr\/#organization","name":"Anadolu Pet Group","alternateName":"Anadolu Pet","url":"https:\/\/anadolupet.com.tr\/","logo":{"@type":"ImageObject","inLanguage":"en-US","@id":"https:\/\/anadolupet.com.tr\/#\/schema\/logo\/image\/","url":"https:\/\/anadolupet.com.tr\/wp-content\/uploads\/2026\/03\/1614666743370.jpg","contentUrl":"https:\/\/anadolupet.com.tr\/wp-content\/uploads\/2026\/03\/1614666743370.jpg","width":800,"height":571,"caption":"Anadolu Pet Grup"},"image":{"@id":"https:\/\/anadolupet.com.tr\/#\/schema\/logo\/image\/"}}]}},"_links":{"self":[{"href":"https:\/\/anadolupet.com.tr\/en\/wp-json\/wp\/v2\/product\/45109","targetHints":{"allow":["GET"]}}],"collection":[{"href":"https:\/\/anadolupet.com.tr\/en\/wp-json\/wp\/v2\/product"}],"about":[{"href":"https:\/\/anadolupet.com.tr\/en\/wp-json\/wp\/v2\/types\/product"}],"replies":[{"embeddable":true,"href":"https:\/\/anadolupet.com.tr\/en\/wp-json\/wp\/v2\/comments?post=45109"}],"wp:featuredmedia":[{"embeddable":true,"href":"https:\/\/anadolupet.com.tr\/en\/wp-json\/wp\/v2\/media\/42414"}],"wp:attachment":[{"href":"https:\/\/anadolupet.com.tr\/en\/wp-json\/wp\/v2\/media?parent=45109"}],"wp:term":[{"taxonomy":"product_brand","embeddable":true,"href":"https:\/\/anadolupet.com.tr\/en\/wp-json\/wp\/v2\/product_brand?post=45109"},{"taxonomy":"product_cat","embeddable":true,"href":"https:\/\/anadolupet.com.tr\/en\/wp-json\/wp\/v2\/product_cat?post=45109"},{"taxonomy":"product_tag","embeddable":true,"href":"https:\/\/anadolupet.com.tr\/en\/wp-json\/wp\/v2\/product_tag?post=45109"}],"curies":[{"name":"wp","href":"https:\/\/api.w.org\/{rel}","templated":true}]}}